{"id":8694,"date":"2025-03-26T07:54:05","date_gmt":"2025-03-26T07:54:05","guid":{"rendered":"https:\/\/lottomat.net\/igranje-loterije\/igrajte-mega-millions-na-spletu\/"},"modified":"2026-02-26T09:43:26","modified_gmt":"2026-02-26T09:43:26","slug":"igrajte-mega-millions-na-spletu","status":"publish","type":"page","link":"https:\/\/lottomat.com\/sl\/igraj\/igrajte-mega-millions-na-spletu\/","title":{"rendered":"Igrajte Mega Millions prek spleta \u2013 Mega Millions listki"},"content":{"rendered":"\n\n<div class=\"kk-star-ratings kksr-auto kksr-align-left kksr-valign-top\"\n    data-payload='{&quot;align&quot;:&quot;left&quot;,&quot;id&quot;:&quot;8694&quot;,&quot;slug&quot;:&quot;default&quot;,&quot;valign&quot;:&quot;top&quot;,&quot;ignore&quot;:&quot;&quot;,&quot;reference&quot;:&quot;auto&quot;,&quot;class&quot;:&quot;&quot;,&quot;count&quot;:&quot;0&quot;,&quot;legendonly&quot;:&quot;&quot;,&quot;readonly&quot;:&quot;&quot;,&quot;score&quot;:&quot;0&quot;,&quot;starsonly&quot;:&quot;&quot;,&quot;best&quot;:&quot;5&quot;,&quot;gap&quot;:&quot;5&quot;,&quot;greet&quot;:&quot;Rate this page&quot;,&quot;legend&quot;:&quot;0\\\/5 - (0 votes)&quot;,&quot;size&quot;:&quot;30&quot;,&quot;title&quot;:&quot;Igrajte Mega Millions prek spleta \u2013 Mega Millions listki&quot;,&quot;width&quot;:&quot;0&quot;,&quot;_legend&quot;:&quot;{score}\\\/{best} - ({count} {votes})&quot;,&quot;font_factor&quot;:&quot;1.25&quot;}'>\n            \n<div class=\"kksr-stars\">\n    \n<div class=\"kksr-stars-inactive\">\n            <div class=\"kksr-star\" data-star=\"1\" style=\"padding-right: 5px\">\n            \n\n<div class=\"kksr-icon\" style=\"width: 30px; height: 30px;\"><\/div>\n        <\/div>\n            <div class=\"kksr-star\" data-star=\"2\" style=\"padding-right: 5px\">\n            \n\n<div class=\"kksr-icon\" style=\"width: 30px; height: 30px;\"><\/div>\n        <\/div>\n            <div class=\"kksr-star\" data-star=\"3\" style=\"padding-right: 5px\">\n            \n\n<div class=\"kksr-icon\" style=\"width: 30px; height: 30px;\"><\/div>\n        <\/div>\n            <div class=\"kksr-star\" data-star=\"4\" style=\"padding-right: 5px\">\n            \n\n<div class=\"kksr-icon\" style=\"width: 30px; height: 30px;\"><\/div>\n        <\/div>\n            <div class=\"kksr-star\" data-star=\"5\" style=\"padding-right: 5px\">\n            \n\n<div class=\"kksr-icon\" style=\"width: 30px; height: 30px;\"><\/div>\n        <\/div>\n    <\/div>\n    \n<div class=\"kksr-stars-active\" style=\"width: 0px;\">\n            <div class=\"kksr-star\" style=\"padding-right: 5px\">\n            \n\n<div class=\"kksr-icon\" style=\"width: 30px; height: 30px;\"><\/div>\n        <\/div>\n            <div class=\"kksr-star\" style=\"padding-right: 5px\">\n            \n\n<div class=\"kksr-icon\" style=\"width: 30px; height: 30px;\"><\/div>\n        <\/div>\n            <div class=\"kksr-star\" style=\"padding-right: 5px\">\n            \n\n<div class=\"kksr-icon\" style=\"width: 30px; height: 30px;\"><\/div>\n        <\/div>\n            <div class=\"kksr-star\" style=\"padding-right: 5px\">\n            \n\n<div class=\"kksr-icon\" style=\"width: 30px; height: 30px;\"><\/div>\n        <\/div>\n            <div class=\"kksr-star\" style=\"padding-right: 5px\">\n            \n\n<div class=\"kksr-icon\" style=\"width: 30px; height: 30px;\"><\/div>\n        <\/div>\n    <\/div>\n<\/div>\n                \n\n<div class=\"kksr-legend\" style=\"font-size: 24px;\">\n            <span class=\"kksr-muted\">Rate this page<\/span>\n    <\/div>\n    <\/div>\n<h2>Kako deluje loterija Mega Millions?<\/h2>\n<p>Spletna loterija Mega Millions je preprosta \u0161tevil\u010dna igra z enostavnimi pravili, ki si jih je zlahka zapomniti. Naloga vsakega igralca je izbrati pet glavnih \u0161tevilk v razponu od 1 do 70 ter izbrati Mega Ball, ki je posebna bonusna \u0161tevilka v razponu od 1 do 24. Glavna nagrada je namenjena zmagovalcu, katerega listek vsebuje vseh \u0161est izvle\u010denih \u0161tevilk \u2013 pet glavnih in eno bonusno. Velja omeniti, da <strong>ima Mega Millions kar devet nagradnih ravni<\/strong>, na katerih lahko vsak igralec prejme denarno nagrado. \u0160e pomembneje \u2013 listek za Mega Millions zmaga tudi, \u010de je pravilno izbran le Mega Ball. Kot smo \u017ee opisali, je Mega Millions loterija, ki ponuja resni\u010dno odli\u010dne mo\u017enosti za osvajanje milijonov dolarjev. Preberite <a href=\"https:\/\/lottomat.com\/sl\/loterija-informacije\/mega-millions-informacije\/\">ve\u010d o pravilih Mega Millions<\/a> na na\u0161i spletni strani in se podrobneje pou\u010dite.<\/p>\n<h2><img loading=\"lazy\" decoding=\"async\" class=\"alignleft wp-image-251833\" src=\"https:\/\/lottomat.com\/wp-content\/uploads\/2025\/10\/play-Mega-Millions.webp\" alt=\"igrajte Mega Millions\" width=\"200\" height=\"200\" srcset=\"https:\/\/lottomat.com\/wp-content\/uploads\/2025\/10\/play-Mega-Millions.webp 400w, https:\/\/lottomat.com\/wp-content\/uploads\/2025\/10\/play-Mega-Millions-300x300.webp 300w, https:\/\/lottomat.com\/wp-content\/uploads\/2025\/10\/play-Mega-Millions-150x150.webp 150w, https:\/\/lottomat.com\/wp-content\/uploads\/2025\/10\/play-Mega-Millions-100x100.webp 100w\" sizes=\"auto, (max-width: 200px) 100vw, 200px\" \/>Koliko lahko zaslu\u017eite z Mega Millions prek spleta?<\/h2>\n<p>Pravilna izbira vseh izvle\u010denih \u0161tevilk zagotavlja zmago glavne nagrade oziroma njenega dele\u017ea, \u010de je zmagovalcev ve\u010d. \u010ce ve\u010d igralcev izbere vse izvle\u010dene loterijske \u0161tevilke, se glavna denarna nagrada sorazmerno razdeli med vse zmagovalce. \u010ce zadanete pet glavnih \u0161tevilk, ne pa Mega Balla, prejmete <strong>zajam\u010deno nagrado v vi\u0161ini 1.000.000 $<\/strong> (res je, ne vidite narobe \u2013 govorimo o milijonu dolarjev za pet pravilno ugotovljenih \u0161tevilk!). Mega Millions je loterija s pogostimi jackpoti, ki lahko dose\u017eejo astronomske vsote, zato dobitkarski listki te loterije prina\u0161ajo zmagovalcem zelo visoke zaslu\u017eke. Mega Millions ponuja igralcem dve zanimivi mo\u017enosti. \u017dal sta ti dve dodatni mo\u017enosti \u2013 vklju\u010dno z mo\u017enostjo nakupa cenej\u0161ega listka samo za jackpot in mno\u017eenja zaslu\u017ekov iz ni\u017ejih ravni igre \u2013 na voljo le dr\u017eavljanom dolo\u010denih ameri\u0161kih zveznih dr\u017eav; vendar pa so glavna nagrada in njene ni\u017eje ravni dostopne vsem ostalim igralcem.<\/p>\n<h2>Kak\u0161na je cena listka za spletno loterijo Mega Millions?<\/h2>\n<p>Za preveritev cene posameznega listka ali ve\u010djega \u0161tevila listkov obi\u0161\u010dite spletno stran LottoMat in uporabite mo\u017enost izbire dobitnih \u0161tevilk. Ko izpolnite listek, se njegova cena prika\u017ee pod listki. <strong>Kalkulator samodejno izra\u010duna znesek pla\u010dila<\/strong> glede na \u0161tevilo izbranih spletnih listkov za Mega Millions. Cena listka vklju\u010duje stro\u0161ke listka ter vse veljavne provizije in je dokon\u010dna. Ni vam treba skrbeti za ni\u010d drugega \u2013 samo po\u010dakajte na <a href=\"https:\/\/lottomat.com\/sl\/loterija-rezultati\/rezultati-igre-mega-millions\/\">aktualne rezultate \u017erebanja Mega Millions<\/a>.<\/p>\n<h2>Kako kupiti spletni listek za Mega Millions?<img loading=\"lazy\" decoding=\"async\" class=\"alignright wp-image-251863\" src=\"https:\/\/lottomat.com\/wp-content\/uploads\/2025\/10\/Mega-Millions-tickets.webp\" alt=\"listki za Mega Millions\" width=\"200\" height=\"200\" srcset=\"https:\/\/lottomat.com\/wp-content\/uploads\/2025\/10\/Mega-Millions-tickets.webp 400w, https:\/\/lottomat.com\/wp-content\/uploads\/2025\/10\/Mega-Millions-tickets-300x300.webp 300w, https:\/\/lottomat.com\/wp-content\/uploads\/2025\/10\/Mega-Millions-tickets-150x150.webp 150w, https:\/\/lottomat.com\/wp-content\/uploads\/2025\/10\/Mega-Millions-tickets-100x100.webp 100w\" sizes=\"auto, (max-width: 200px) 100vw, 200px\" \/><\/h2>\n<p>Za sodelovanje v \u017erebanjih nagrad Mega Millions ni nujno \u017eiveti v Zdru\u017eenih dr\u017eavah Amerike, je pa <strong>edina mo\u017enost nakup listka za Mega Millions prek spleta<\/strong>. Stacionarne loterijske pisarne so na voljo samo v ZDA. Vse, kar morate storiti, je izpolniti listek na spletni strani LottoMat in ga pla\u010dati (na voljo je ve\u010d priljubljenih na\u010dinov pla\u010dila). Milijoni dolarjev so na dosegu roke, ne da bi zapustili dom, 24 ur na dan, 7 dni v tednu. Danes lahko igrate loterijo Mega Millions prek spleta kar iz udobja svojega naslonja\u010da. Spletne loterije so dandanes osnova tega posla.<\/p>\n<h3>Urnik \u017erebanj in rezultati<\/h3>\n<p>Va\u0161 listek bo sodeloval v ameri\u0161ki loteriji, in \u010de zmagate, bo nagrada izpla\u010dana v celoti ali v obrokih, odvisno od izbrane mo\u017enosti. <strong>\u017drebanja potekajo v sredo in soboto<\/strong>, <a href=\"https:\/\/lottomat.com\/sl\/loterija-rezultati\/\">aktualne rezultate \u017erebanj<\/a> pa si lahko ogledate na spletni strani LottoMat. Kliknite na mo\u017enost Igra in preverite, kako enostavno je kupiti loterijski listek prek spleta. Za zmago potrebujete le sre\u010do!<\/p>\n<h2>Kako igrati loterijo Mega Millions prek spleta?<\/h2>\n<p>Zahvaljujo\u010d na\u0161i spletni strani vam ni treba potovati v ZDA, da bi kupili loterijski listek za Mega Millions. Vse, kar morate storiti, je izbrati pet glavnih \u0161tevilk v razponu od 1 do 70 in dodatno \u0161tevilko Mega Ball v razponu od 1 do 24. Prav tako lahko uporabite mo\u017enost naklju\u010dne izbire, pri kateri se \u0161tevilke izberejo samodejno. Za zmago glavne nagrade morate pravilno ugotoviti vse izvle\u010dene \u0161tevilke. Manj kot jih ugotovite, ni\u017eji bo va\u0161 dobitek. <strong>Izberite pet glavnih \u0161tevilk v razponu od 1 do 70 in eno edinstveno \u0161tevilko Mega Ball od 1 do 24.<\/strong> Izberite svoje \u0161tevilke in igrajte za milijone \u017ee danes!<\/p>\n<h2><img loading=\"lazy\" decoding=\"async\" class=\"alignleft wp-image-251893\" src=\"https:\/\/lottomat.com\/wp-content\/uploads\/2025\/10\/buy-Mega-Millions-tickets.webp\" alt=\"kupite listke za Mega Millions\" width=\"200\" height=\"200\" srcset=\"https:\/\/lottomat.com\/wp-content\/uploads\/2025\/10\/buy-Mega-Millions-tickets.webp 400w, https:\/\/lottomat.com\/wp-content\/uploads\/2025\/10\/buy-Mega-Millions-tickets-300x300.webp 300w, https:\/\/lottomat.com\/wp-content\/uploads\/2025\/10\/buy-Mega-Millions-tickets-150x150.webp 150w, https:\/\/lottomat.com\/wp-content\/uploads\/2025\/10\/buy-Mega-Millions-tickets-100x100.webp 100w\" sizes=\"auto, (max-width: 200px) 100vw, 200px\" \/>Kateri so najbolj\u0161i nasveti za igranje Mega Millions prek spleta in zmago?<\/h2>\n<p>Pametna igra je klju\u010d do \u010dim bolj\u0161e loterijske izku\u0161nje ob hkratnem obvladovanju prora\u010duna. Tukaj je nekaj preizku\u0161enih strategij, ki lahko pove\u010dajo va\u0161e mo\u017enosti za zmago.<\/p>\n<h3>Strategija skupinske igre<\/h3>\n<p>Kaj storiti, da ne bi zapravili premo\u017eenja za igro, a hkrati \u0161e vedno lahko sodelujete v loteriji z ve\u010djim \u0161tevilom listkov? Preprosto \u2013 <strong>igrajte le ob prenosu jackpota in povabite prijatelje ali dru\u017eino k igranju<\/strong>. To je najbolj\u0161i na\u010din za zmago \u2013 stro\u0161ki listkov za Mega Millions se razdelijo med udele\u017eence dru\u017einske igre. Ne pozabite, da se z ve\u010djim \u0161tevilom kupljenih listkov pove\u010dajo mo\u017enosti za zmago nagrade.<\/p>\n<h3>Metode izbire \u0161tevilk<\/h3>\n<p>Na\u010din, na katerega izbirate \u0161tevilke, je povsem va\u0161a odlo\u010ditev. Lahko uporabite mo\u017enost naklju\u010dne izbire za naklju\u010dno izpolnitev listka za Mega Millions ali pa se zanesete na svoje sre\u010dne \u0161tevilke. \u010ce \u017eelite, si lahko pregledate tudi rezultate prej\u0161njih \u017erebanj in ugotovite, katere \u0161tevilke so bile v Mega Millions izvle\u010dene najpogosteje in najredkeje, ter na tej podlagi razvijete svojo strategijo za \u0161tevil\u010dne igre. <a href=\"https:\/\/lottomat.com\/sl\/igranje-loterije\/\">Kupite loterijski listek<\/a> in sre\u010dno!<\/p>\n<h2>Ali lahko kupite ve\u010d listkov za Mega Millions prek spleta?<\/h2>\n<p>Da, izkoristite <strong>mo\u017enost \u00bbVe\u010d vrstic\u00ab in izberite toliko vrstic, kot jih potrebujete<\/strong>. Ta funkcija vam omogo\u010da, da pove\u010date mo\u017enosti za zmago z nakupom ve\u010d listkov v eni transakciji. Ve\u010d vrstic kot igrate, ve\u010dje so va\u0161e mo\u017enosti za zadetek dobitne kombinacije.<\/p>\n<h2>Ali lahko kupite listke za Mega Millions prek spleta za ve\u010d \u017erebanj?<img loading=\"lazy\" decoding=\"async\" class=\"alignright wp-image-251923\" src=\"https:\/\/lottomat.com\/wp-content\/uploads\/2025\/10\/Mega-Millions-online.webp\" alt=\"Mega Millions prek spleta\" width=\"200\" height=\"200\" srcset=\"https:\/\/lottomat.com\/wp-content\/uploads\/2025\/10\/Mega-Millions-online.webp 400w, https:\/\/lottomat.com\/wp-content\/uploads\/2025\/10\/Mega-Millions-online-300x300.webp 300w, https:\/\/lottomat.com\/wp-content\/uploads\/2025\/10\/Mega-Millions-online-150x150.webp 150w, https:\/\/lottomat.com\/wp-content\/uploads\/2025\/10\/Mega-Millions-online-100x100.webp 100w\" sizes=\"auto, (max-width: 200px) 100vw, 200px\" \/><\/h2>\n<p>Da, na LottoMat lahko <strong>kupite listke za do 8 \u017erebanj vnaprej<\/strong>. Ta priro\u010dna funkcija pomeni, da vam ni treba spomniti se nakupa listkov pred vsakim posameznim \u017erebanjem. Svoje \u0161tevilke nastavite enkrat in pustite, da samodejno sodelujejo v zaporednih \u017erebanjih. Mo\u017enost vnaprej\u0161njega nakupa je popolna za igralce, ki imajo svoje priljubljene \u0161tevilke in si \u017eelijo zagotoviti, da ne zamudijo nobenega \u017erebanja.<\/p>\n<h2>Ali je igranje Mega Millions prek spleta varno?<\/h2>\n<p>Igranje na spletni strani LottoMat je <strong>popolnoma varno in zanesljivo<\/strong>. Skeniramo vse listke in skrbno varujemo na\u0161e stranke ter zagotavljamo, da so va\u0161i osebni in finan\u010dni podatki za\u0161\u010diteni z najvi\u0161jimi varnostnimi standardi. Na\u0161a platforma uporablja napredno tehnologijo \u0161ifriranja za za\u0161\u010dito vseh transakcij in nakupov listkov. Vseeno je pomembno vedeti, da <strong>je treba igranje Mega Millions obravnavati kot razvedrilo in zabavo<\/strong>. Nikoli ne tvegajte denarja, ki si ga ne morete privo\u0161\u010diti izgubiti. Vedno igrajte odgovorno in v skladu s svojimi zmo\u017enostmi ter loterijske listke obravnavajte kot obliko zabave in ne kot nalo\u017ebeno strategijo.<\/p>\n","protected":false},"excerpt":{"rendered":"<p>Kako deluje loterija Mega Millions? Spletna loterija Mega Millions je preprosta \u0161tevil\u010dna igra z enostavnimi pravili, ki si jih je zlahka zapomniti. Naloga vsakega igralca je izbrati pet glavnih \u0161tevilk v razponu od 1 do 70 ter izbrati Mega Ball, ki je posebna bonusna \u0161tevilka v razponu od 1 do 24. Glavna nagrada je namenjena [&hellip;]<\/p>\n","protected":false},"author":1,"featured_media":0,"parent":6809,"menu_order":2,"comment_status":"closed","ping_status":"closed","template":"megamillion.php","meta":{"_et_pb_use_builder":"","_et_pb_old_content":"","_et_gb_content_width":"","exclude_from_search":false,"footnotes":""},"class_list":["post-8694","page","type-page","status-publish","hentry"],"yoast_head":"<!-- This site is optimized with the Yoast SEO plugin v23.8 - https:\/\/yoast.com\/wordpress\/plugins\/seo\/ -->\n<title>Listki za loterijo Mega Millions \u2013 Igrajte Mega Millions prek spleta \u2013 Lottomat<\/title>\n<meta name=\"description\" content=\"Igrajte loterijo Mega Millions prek spleta na Lottomat in osvojite bogastvo! Kupite listke za Mega Millions \u017ee danes \u2013 pridru\u017eite se zabavi!\" \/>\n<meta name=\"robots\" content=\"index, follow, max-snippet:-1, max-image-preview:large, max-video-preview:-1\" \/>\n<link rel=\"canonical\" href=\"https:\/\/lottomat.com\/sl\/igraj\/igrajte-mega-millions-na-spletu\/\" \/>\n<meta property=\"og:locale\" content=\"sl_SI\" \/>\n<meta property=\"og:type\" content=\"article\" \/>\n<meta property=\"og:title\" content=\"Listki za loterijo Mega Millions \u2013 Igrajte Mega Millions prek spleta \u2013 Lottomat\" \/>\n<meta property=\"og:description\" content=\"Igrajte loterijo Mega Millions prek spleta na Lottomat in osvojite bogastvo! Kupite listke za Mega Millions \u017ee danes \u2013 pridru\u017eite se zabavi!\" \/>\n<meta property=\"og:url\" content=\"https:\/\/lottomat.com\/sl\/igraj\/igrajte-mega-millions-na-spletu\/\" \/>\n<meta property=\"og:site_name\" content=\"Lottomat\" \/>\n<meta property=\"article:modified_time\" content=\"2026-02-26T09:43:26+00:00\" \/>\n<meta property=\"og:image\" content=\"https:\/\/lottomat.com\/wp-content\/uploads\/2025\/10\/play-Mega-Millions.webp\" \/>\n\t<meta property=\"og:image:width\" content=\"400\" \/>\n\t<meta property=\"og:image:height\" content=\"400\" \/>\n\t<meta property=\"og:image:type\" content=\"image\/webp\" \/>\n<meta name=\"twitter:card\" content=\"summary_large_image\" \/>\n<meta name=\"twitter:label1\" content=\"Est. reading time\" \/>\n\t<meta name=\"twitter:data1\" content=\"6 minut\" \/>\n<script type=\"application\/ld+json\" class=\"yoast-schema-graph\">{\"@context\":\"https:\/\/schema.org\",\"@graph\":[{\"@type\":\"WebPage\",\"@id\":\"https:\/\/lottomat.com\/sl\/igraj\/igrajte-mega-millions-na-spletu\/\",\"url\":\"https:\/\/lottomat.com\/sl\/igraj\/igrajte-mega-millions-na-spletu\/\",\"name\":\"Listki za loterijo Mega Millions \u2013 Igrajte Mega Millions prek spleta \u2013 Lottomat\",\"isPartOf\":{\"@id\":\"https:\/\/lottomat.com\/sl\/#website\"},\"primaryImageOfPage\":{\"@id\":\"https:\/\/lottomat.com\/sl\/igraj\/igrajte-mega-millions-na-spletu\/#primaryimage\"},\"image\":{\"@id\":\"https:\/\/lottomat.com\/sl\/igraj\/igrajte-mega-millions-na-spletu\/#primaryimage\"},\"thumbnailUrl\":\"https:\/\/lottomat.com\/wp-content\/uploads\/2025\/10\/play-Mega-Millions.webp\",\"datePublished\":\"2025-03-26T07:54:05+00:00\",\"dateModified\":\"2026-02-26T09:43:26+00:00\",\"description\":\"Igrajte loterijo Mega Millions prek spleta na Lottomat in osvojite bogastvo! Kupite listke za Mega Millions \u017ee danes \u2013 pridru\u017eite se zabavi!\",\"breadcrumb\":{\"@id\":\"https:\/\/lottomat.com\/sl\/igraj\/igrajte-mega-millions-na-spletu\/#breadcrumb\"},\"inLanguage\":\"sl-SI\",\"potentialAction\":[{\"@type\":\"ReadAction\",\"target\":[\"https:\/\/lottomat.com\/sl\/igraj\/igrajte-mega-millions-na-spletu\/\"]}]},{\"@type\":\"ImageObject\",\"inLanguage\":\"sl-SI\",\"@id\":\"https:\/\/lottomat.com\/sl\/igraj\/igrajte-mega-millions-na-spletu\/#primaryimage\",\"url\":\"https:\/\/lottomat.com\/wp-content\/uploads\/2025\/10\/play-Mega-Millions.webp\",\"contentUrl\":\"https:\/\/lottomat.com\/wp-content\/uploads\/2025\/10\/play-Mega-Millions.webp\"},{\"@type\":\"BreadcrumbList\",\"@id\":\"https:\/\/lottomat.com\/sl\/igraj\/igrajte-mega-millions-na-spletu\/#breadcrumb\",\"itemListElement\":[{\"@type\":\"ListItem\",\"position\":1,\"name\":\"Home\",\"item\":\"https:\/\/lottomat.com\/sl\/\"},{\"@type\":\"ListItem\",\"position\":2,\"name\":\"Igranje loterije\",\"item\":\"https:\/\/lottomat.com\/sl\/igraj\/\"},{\"@type\":\"ListItem\",\"position\":3,\"name\":\"Igrajte Mega Millions prek spleta \u2013 Mega Millions listki\"}]},{\"@type\":\"WebSite\",\"@id\":\"https:\/\/lottomat.com\/sl\/#website\",\"url\":\"https:\/\/lottomat.com\/sl\/\",\"name\":\"Lottomat\",\"description\":\"\",\"potentialAction\":[{\"@type\":\"SearchAction\",\"target\":{\"@type\":\"EntryPoint\",\"urlTemplate\":\"https:\/\/lottomat.com\/sl\/?s={search_term_string}\"},\"query-input\":{\"@type\":\"PropertyValueSpecification\",\"valueRequired\":true,\"valueName\":\"search_term_string\"}}],\"inLanguage\":\"sl-SI\"}]}<\/script>\n<!-- \/ Yoast SEO plugin. -->","yoast_head_json":{"title":"Listki za loterijo Mega Millions \u2013 Igrajte Mega Millions prek spleta \u2013 Lottomat","description":"Igrajte loterijo Mega Millions prek spleta na Lottomat in osvojite bogastvo! Kupite listke za Mega Millions \u017ee danes \u2013 pridru\u017eite se zabavi!","robots":{"index":"index","follow":"follow","max-snippet":"max-snippet:-1","max-image-preview":"max-image-preview:large","max-video-preview":"max-video-preview:-1"},"canonical":"https:\/\/lottomat.com\/sl\/igraj\/igrajte-mega-millions-na-spletu\/","og_locale":"sl_SI","og_type":"article","og_title":"Listki za loterijo Mega Millions \u2013 Igrajte Mega Millions prek spleta \u2013 Lottomat","og_description":"Igrajte loterijo Mega Millions prek spleta na Lottomat in osvojite bogastvo! Kupite listke za Mega Millions \u017ee danes \u2013 pridru\u017eite se zabavi!","og_url":"https:\/\/lottomat.com\/sl\/igraj\/igrajte-mega-millions-na-spletu\/","og_site_name":"Lottomat","article_modified_time":"2026-02-26T09:43:26+00:00","og_image":[{"width":400,"height":400,"url":"https:\/\/lottomat.com\/wp-content\/uploads\/2025\/10\/play-Mega-Millions.webp","type":"image\/webp"}],"twitter_card":"summary_large_image","twitter_misc":{"Est. reading time":"6 minut"},"schema":{"@context":"https:\/\/schema.org","@graph":[{"@type":"WebPage","@id":"https:\/\/lottomat.com\/sl\/igraj\/igrajte-mega-millions-na-spletu\/","url":"https:\/\/lottomat.com\/sl\/igraj\/igrajte-mega-millions-na-spletu\/","name":"Listki za loterijo Mega Millions \u2013 Igrajte Mega Millions prek spleta \u2013 Lottomat","isPartOf":{"@id":"https:\/\/lottomat.com\/sl\/#website"},"primaryImageOfPage":{"@id":"https:\/\/lottomat.com\/sl\/igraj\/igrajte-mega-millions-na-spletu\/#primaryimage"},"image":{"@id":"https:\/\/lottomat.com\/sl\/igraj\/igrajte-mega-millions-na-spletu\/#primaryimage"},"thumbnailUrl":"https:\/\/lottomat.com\/wp-content\/uploads\/2025\/10\/play-Mega-Millions.webp","datePublished":"2025-03-26T07:54:05+00:00","dateModified":"2026-02-26T09:43:26+00:00","description":"Igrajte loterijo Mega Millions prek spleta na Lottomat in osvojite bogastvo! Kupite listke za Mega Millions \u017ee danes \u2013 pridru\u017eite se zabavi!","breadcrumb":{"@id":"https:\/\/lottomat.com\/sl\/igraj\/igrajte-mega-millions-na-spletu\/#breadcrumb"},"inLanguage":"sl-SI","potentialAction":[{"@type":"ReadAction","target":["https:\/\/lottomat.com\/sl\/igraj\/igrajte-mega-millions-na-spletu\/"]}]},{"@type":"ImageObject","inLanguage":"sl-SI","@id":"https:\/\/lottomat.com\/sl\/igraj\/igrajte-mega-millions-na-spletu\/#primaryimage","url":"https:\/\/lottomat.com\/wp-content\/uploads\/2025\/10\/play-Mega-Millions.webp","contentUrl":"https:\/\/lottomat.com\/wp-content\/uploads\/2025\/10\/play-Mega-Millions.webp"},{"@type":"BreadcrumbList","@id":"https:\/\/lottomat.com\/sl\/igraj\/igrajte-mega-millions-na-spletu\/#breadcrumb","itemListElement":[{"@type":"ListItem","position":1,"name":"Home","item":"https:\/\/lottomat.com\/sl\/"},{"@type":"ListItem","position":2,"name":"Igranje loterije","item":"https:\/\/lottomat.com\/sl\/igraj\/"},{"@type":"ListItem","position":3,"name":"Igrajte Mega Millions prek spleta \u2013 Mega Millions listki"}]},{"@type":"WebSite","@id":"https:\/\/lottomat.com\/sl\/#website","url":"https:\/\/lottomat.com\/sl\/","name":"Lottomat","description":"","potentialAction":[{"@type":"SearchAction","target":{"@type":"EntryPoint","urlTemplate":"https:\/\/lottomat.com\/sl\/?s={search_term_string}"},"query-input":{"@type":"PropertyValueSpecification","valueRequired":true,"valueName":"search_term_string"}}],"inLanguage":"sl-SI"}]}},"_links":{"self":[{"href":"https:\/\/lottomat.com\/sl\/wp-json\/wp\/v2\/pages\/8694","targetHints":{"allow":["GET"]}}],"collection":[{"href":"https:\/\/lottomat.com\/sl\/wp-json\/wp\/v2\/pages"}],"about":[{"href":"https:\/\/lottomat.com\/sl\/wp-json\/wp\/v2\/types\/page"}],"author":[{"embeddable":true,"href":"https:\/\/lottomat.com\/sl\/wp-json\/wp\/v2\/users\/1"}],"replies":[{"embeddable":true,"href":"https:\/\/lottomat.com\/sl\/wp-json\/wp\/v2\/comments?post=8694"}],"version-history":[{"count":2,"href":"https:\/\/lottomat.com\/sl\/wp-json\/wp\/v2\/pages\/8694\/revisions"}],"predecessor-version":[{"id":271873,"href":"https:\/\/lottomat.com\/sl\/wp-json\/wp\/v2\/pages\/8694\/revisions\/271873"}],"up":[{"embeddable":true,"href":"https:\/\/lottomat.com\/sl\/wp-json\/wp\/v2\/pages\/6809"}],"wp:attachment":[{"href":"https:\/\/lottomat.com\/sl\/wp-json\/wp\/v2\/media?parent=8694"}],"curies":[{"name":"wp","href":"https:\/\/api.w.org\/{rel}","templated":true}]}}