{"id":8464,"date":"2025-03-26T09:57:55","date_gmt":"2025-03-26T09:57:55","guid":{"rendered":"https:\/\/lottomat.net\/igranje-loterije\/play-set-for-life-online\/"},"modified":"2026-02-26T16:11:15","modified_gmt":"2026-02-26T16:11:15","slug":"play-set-for-life-online","status":"publish","type":"page","link":"https:\/\/lottomat.com\/sl\/igraj\/play-set-for-life-online\/","title":{"rendered":"Igrajte Set for Life Online &#8211; Sre\u010dke Set For Life UK"},"content":{"rendered":"\n\n<div class=\"kk-star-ratings kksr-auto kksr-align-left kksr-valign-top\"\n    data-payload='{&quot;align&quot;:&quot;left&quot;,&quot;id&quot;:&quot;8464&quot;,&quot;slug&quot;:&quot;default&quot;,&quot;valign&quot;:&quot;top&quot;,&quot;ignore&quot;:&quot;&quot;,&quot;reference&quot;:&quot;auto&quot;,&quot;class&quot;:&quot;&quot;,&quot;count&quot;:&quot;0&quot;,&quot;legendonly&quot;:&quot;&quot;,&quot;readonly&quot;:&quot;&quot;,&quot;score&quot;:&quot;0&quot;,&quot;starsonly&quot;:&quot;&quot;,&quot;best&quot;:&quot;5&quot;,&quot;gap&quot;:&quot;5&quot;,&quot;greet&quot;:&quot;Rate this page&quot;,&quot;legend&quot;:&quot;0\\\/5 - (0 votes)&quot;,&quot;size&quot;:&quot;30&quot;,&quot;title&quot;:&quot;Igrajte Set for Life Online - Sre\u010dke Set For Life UK&quot;,&quot;width&quot;:&quot;0&quot;,&quot;_legend&quot;:&quot;{score}\\\/{best} - ({count} {votes})&quot;,&quot;font_factor&quot;:&quot;1.25&quot;}'>\n            \n<div class=\"kksr-stars\">\n    \n<div class=\"kksr-stars-inactive\">\n            <div class=\"kksr-star\" data-star=\"1\" style=\"padding-right: 5px\">\n            \n\n<div class=\"kksr-icon\" style=\"width: 30px; height: 30px;\"><\/div>\n        <\/div>\n            <div class=\"kksr-star\" data-star=\"2\" style=\"padding-right: 5px\">\n            \n\n<div class=\"kksr-icon\" style=\"width: 30px; height: 30px;\"><\/div>\n        <\/div>\n            <div class=\"kksr-star\" data-star=\"3\" style=\"padding-right: 5px\">\n            \n\n<div class=\"kksr-icon\" style=\"width: 30px; height: 30px;\"><\/div>\n        <\/div>\n            <div class=\"kksr-star\" data-star=\"4\" style=\"padding-right: 5px\">\n            \n\n<div class=\"kksr-icon\" style=\"width: 30px; height: 30px;\"><\/div>\n        <\/div>\n            <div class=\"kksr-star\" data-star=\"5\" style=\"padding-right: 5px\">\n            \n\n<div class=\"kksr-icon\" style=\"width: 30px; height: 30px;\"><\/div>\n        <\/div>\n    <\/div>\n    \n<div class=\"kksr-stars-active\" style=\"width: 0px;\">\n            <div class=\"kksr-star\" style=\"padding-right: 5px\">\n            \n\n<div class=\"kksr-icon\" style=\"width: 30px; height: 30px;\"><\/div>\n        <\/div>\n            <div class=\"kksr-star\" style=\"padding-right: 5px\">\n            \n\n<div class=\"kksr-icon\" style=\"width: 30px; height: 30px;\"><\/div>\n        <\/div>\n            <div class=\"kksr-star\" style=\"padding-right: 5px\">\n            \n\n<div class=\"kksr-icon\" style=\"width: 30px; height: 30px;\"><\/div>\n        <\/div>\n            <div class=\"kksr-star\" style=\"padding-right: 5px\">\n            \n\n<div class=\"kksr-icon\" style=\"width: 30px; height: 30px;\"><\/div>\n        <\/div>\n            <div class=\"kksr-star\" style=\"padding-right: 5px\">\n            \n\n<div class=\"kksr-icon\" style=\"width: 30px; height: 30px;\"><\/div>\n        <\/div>\n    <\/div>\n<\/div>\n                \n\n<div class=\"kksr-legend\" style=\"font-size: 24px;\">\n            <span class=\"kksr-muted\">Rate this page<\/span>\n    <\/div>\n    <\/div>\n<h2>Kaj je Set For Life UK?<\/h2>\n<p>Set For Life UK je edinstvena loterijska igra, ki jo upravlja National Lottery in je bila lansirana marca 2019. Za razliko od tradicionalnih loterij, ki ponujajo enkratna izpla\u010dila, Set For Life zagotavlja mese\u010dna izpla\u010dila skozi dalj\u0161e \u010dasovno obdobje. Set For Life lahko igrate online in offline.<img loading=\"lazy\" decoding=\"async\" class=\"alignright wp-image-265638\" src=\"https:\/\/lottomat.com\/wp-content\/uploads\/2026\/01\/buy-Set-For-Life-ticket.webp\" alt=\"kupite sre\u010dko Set For Life\" width=\"200\" height=\"200\" srcset=\"https:\/\/lottomat.com\/wp-content\/uploads\/2026\/01\/buy-Set-For-Life-ticket.webp 400w, https:\/\/lottomat.com\/wp-content\/uploads\/2026\/01\/buy-Set-For-Life-ticket-300x300.webp 300w, https:\/\/lottomat.com\/wp-content\/uploads\/2026\/01\/buy-Set-For-Life-ticket-150x150.webp 150w, https:\/\/lottomat.com\/wp-content\/uploads\/2026\/01\/buy-Set-For-Life-ticket-100x100.webp 100w\" sizes=\"auto, (max-width: 200px) 100vw, 200px\" \/><\/p>\n<p>Igralci izberejo <strong>pet glavnih \u0161tevilk od 1 do 47<\/strong> ter <strong>eno \u0161tevilko Life Ball od 1 do 10<\/strong>. \u017drebanja potekajo dvakrat tedensko, vsak ponedeljek in \u010detrtek zve\u010der, okrog 20:00. Glavna nagrada prina\u0161a <strong>10.000 \u00a3 vsak mesec 30 let \u2013<\/strong> skupno 3,6 milijona \u00a3. Druga nagrada ponuja 10.000 \u00a3 mese\u010dno eno leto.<\/p>\n<p>Glavna nagrada se ne kopi\u010di, \u010de ni zahtevana; ostane stalna pri 10.000 \u00a3 mese\u010dno za 30 let. \u010ce jackpot osvoji ve\u010d igralcev, vsak zmagovalec prejme polno mese\u010dno izpla\u010dilo 10.000 \u00a3 \u2013 nagrada se ne deli. Skupne mo\u017enosti za zmago kakr\u0161ne koli nagrade zna\u0161ajo <strong>1 proti 12,4<\/strong>. Mo\u017enosti za zmago glavne nagrade pa so <strong>1 proti 15.339.390<\/strong>.<\/p>\n<h2>Kako kupiti Sre\u010dke Set For Life UK?<\/h2>\n<p>Za igralce iz Zdru\u017eenega kraljestva je nakup sre\u010dk Set For Life preprost pri pribli\u017eno 45.000 poobla\u0161\u010denih prodajalcih National Lottery. Vsaka vrstica stane <strong>1,50 \u00a3<\/strong>, na enem listi\u010du pa lahko igrate do sedem vrstic. \u0160tevilke lahko izberete sami ali se odlo\u010dite za naklju\u010dno izbiro. Upo\u0161tevajte, da je treba sre\u010dke kupiti pred 19:30 na dan \u017erebanja (ponedeljek in \u010detrtek). Sre\u010dke lahko kupite do \u0161tiri tedne vnaprej.<\/p>\n<h2>Kako kupiti Sre\u010dke Set For Life UK online?<\/h2>\n<p>Mednarodni igralci in tisti zunaj Zdru\u017eenega kraljestva lahko sodelujejo prek licenciranih kurirskih loterijskih storitev, kot je <strong>Lottomat<\/strong>. Te platforme zaposlujejo lokalne zastopnike v Zdru\u017eenem kraljestvu, ki fizi\u010dno obi\u0161\u010dejo poobla\u0161\u010dene prodajalce in <a href=\"https:\/\/lottomat.com\/sl\/igranje-loterije\/\">kupijo uradne loterijske sre\u010dke<\/a> v va\u0161em imenu.<\/p>\n<p><img loading=\"lazy\" decoding=\"async\" class=\"alignleft wp-image-265669\" src=\"https:\/\/lottomat.com\/wp-content\/uploads\/2026\/01\/play-Set-For-Life.webp\" alt=\"igrajte Set For Life\" width=\"200\" height=\"200\" srcset=\"https:\/\/lottomat.com\/wp-content\/uploads\/2026\/01\/play-Set-For-Life.webp 400w, https:\/\/lottomat.com\/wp-content\/uploads\/2026\/01\/play-Set-For-Life-300x300.webp 300w, https:\/\/lottomat.com\/wp-content\/uploads\/2026\/01\/play-Set-For-Life-150x150.webp 150w, https:\/\/lottomat.com\/wp-content\/uploads\/2026\/01\/play-Set-For-Life-100x100.webp 100w\" sizes=\"auto, (max-width: 200px) 100vw, 200px\" \/>Ko oddate naro\u010dilo prek Lottomata, izberete pet glavnih \u0161tevilk (1\u201347) in eno \u0161tevilko Life Ball (1\u201310) oziroma se odlo\u010dite za naklju\u010dno izbiro. Po varnem pla\u010dilu Lottomat-ovi zastopniki kupijo va\u0161e uradne sre\u010dke pred rokom \u017erebanja. Vsaka sre\u010dka je nato digitalno skenirana in nalo\u017eena na va\u0161 varni ra\u010dun, kar zagotavlja preverljiv dokaz. Fizi\u010dne sre\u010dke so varno shranjene, za\u0161\u010ditene pred izgubo ali po\u0161kodbo.<\/p>\n<p>Ta spletni dostop omogo\u010da igralcem iz Evrope, Azije, Avstralije in drugod, da tekmujejo za enaka mese\u010dna izpla\u010dila, ki spremenijo \u017eivljenje, kot jih prejemajo mieszka\u0144cy Zdru\u017eenega kraljestva.<\/p>\n<h2>Kak\u0161na je cena sre\u010dke Set For Life UK?<\/h2>\n<p>Uradne sre\u010dke Set For Life stanejo 1,50 \u00a3 na vrstico pri prodajalcih v Zdru\u017eenem kraljestvu. Pri igranju prek <a href=\"https:\/\/lottomat.com\/sl\/\">platforme Lottomat<\/a> cena vklju\u010duje stro\u0161ek uradne sre\u010dke in storitvene provizije. Preprosto <strong>dodajte \u017eeleno \u0161tevilo vrstic v ko\u0161arico<\/strong> in obrazec za naro\u010dilo na Lottomatu bo prikazal skupni znesek pred nakupom. Ta pregledna cena vklju\u010duje ceno sre\u010dke, storitvene provizije, skeniranje, samodejno preverjanje rezultatov in pomo\u010d pri uveljavljanju nagrad.<\/p>\n<h2>Kako igrati Set For Life UK online?<\/h2>\n<p>Igranje prek Lottomata je preprosto. Najprej ustvarite ra\u010dun z osnovnimi podatki in preverite svojo starost. Nato se pomaknite do razdelka Set For Life UK, izberite pet glavnih \u0161tevilk (1\u201347) in eno \u0161tevilko Life Ball (1\u201310) ali pa uporabite naklju\u010dno izbiro. Dolo\u010dite, v katerih \u017erebanjih \u017eelite sodelovati \u2013 ponedeljkovem, \u010detrtkovem ali obeh \u2013 in koliko zaporednih tednov \u017eelite igrati.<\/p>\n<p>Po potrditvi pla\u010dila Lottomat-ovi zastopniki kupijo va\u0161e uradne sre\u010dke pred rokom. Skeniranja sre\u010dk so nato nalo\u017eena na va\u0161 ra\u010dun v nekaj urah in zagotavljajo digitalni dokaz. Po vsakem \u017erebanju Lottomat samodejno preveri sre\u010dke in vas obvesti o nagradah. Manj\u0161e nagrade se naka\u017eejo na va\u0161 ra\u010dun, pri ve\u010djih zmagah pa prejmete pomo\u010d pri uveljavljanju.<\/p>\n<h2>Ali lahko kupim ve\u010d Sre\u010dk Set For Life UK online?<\/h2>\n<p>Da, Lottomat omogo\u010da nakup <strong>do 20 vrstic v enem naro\u010dilu<\/strong>. To ustreza razli\u010dnim stilom igranja \u2013 prilo\u017enostni igralci lahko kupijo eno ali dve vrstici, medtem ko resni navdu\u0161enci lahko izkoristijo mejo 20 vrstic za 20 mo\u017enosti za zmago. Poleg tega mo\u017enost igranja z ve\u010d vrsticami hkrati omogo\u010da preizku\u0161anje razli\u010dnih strategij in je primerna za loterijske skupinee ali sindikate. Nakup ve\u010d vrstic v enem naro\u010dilu je u\u010dinkovitej\u0161i, z zdru\u017eenim<img loading=\"lazy\" decoding=\"async\" class=\"alignright wp-image-265700\" src=\"https:\/\/lottomat.com\/wp-content\/uploads\/2026\/01\/Set-For-Life-online.webp\" alt=\"Set For Life online\" width=\"200\" height=\"200\" srcset=\"https:\/\/lottomat.com\/wp-content\/uploads\/2026\/01\/Set-For-Life-online.webp 400w, https:\/\/lottomat.com\/wp-content\/uploads\/2026\/01\/Set-For-Life-online-300x300.webp 300w, https:\/\/lottomat.com\/wp-content\/uploads\/2026\/01\/Set-For-Life-online-150x150.webp 150w, https:\/\/lottomat.com\/wp-content\/uploads\/2026\/01\/Set-For-Life-online-100x100.webp 100w\" sizes=\"auto, (max-width: 200px) 100vw, 200px\" \/> potrdilom in vsemi sre\u010dkami, zbranimi na enem mestu.<\/p>\n<h2>Ali lahko kupim Sre\u010dke Set For Life UK online za ve\u010d \u017erebanj?<\/h2>\n<p>Seveda. Lottomat omogo\u010da nakup sre\u010dk za <strong>do osem zaporednih \u017erebanj<\/strong>. Ker potekajo \u017erebanja dvakrat tedensko, osem zaporednih \u017erebanj pokriva \u0161tiri polne tedne. To je idealno za zasedene urnike ali zvezno igranje brez vsakokratne prijave. Na primer, v eni transakciji lahko kupite 20 vrstic za osem zaporednih \u017erebanj, s \u010dimer sodelujete v 16 \u017erebanjih s po 20 kombinacijami. Ta nakup vnaprej deluje kot naro\u010dnina brez samodejnega podalj\u0161anja \u2013 po osmih \u017erebanjih se sami odlo\u010dite, ali boste znova kupili.<\/p>\n<h2>Kako preveriti rezultate Set For Life UK online?<\/h2>\n<p><a href=\"https:\/\/lottomat.com\/sl\/loterija-rezultati\/\">Preverjanje rezultatov loterije<\/a> prek Lottomata je preprosto in na voljo na ve\u010d na\u010dinov. Sistem samodejnih obvestil o rezultatih primerja va\u0161e sre\u010dke z uradnimi rezultati po vsakem \u017erebanju in po\u0161lje e-po\u0161tna obvestila ob kakr\u0161ni koli zmagi. Prav tako lahko <a href=\"https:\/\/lottomat.com\/sl\/loterija-rezultati\/nastavi-za-rezultate-life\/\">preverite rezultate Set For Life UK<\/a> neposredno v svojem ra\u010dunu na Lottomatu, ki jasno prikazuje stanje sre\u010dk. Platforma vzdr\u017euje obse\u017eno zgodovino \u017erebanj za pregled preteklih rezultatov.<\/p>\n<p>Za preverjanje v realnem \u010dasu spletna stran National Lottery objavi dobitne \u0161tevilke kmalu po vsakem \u017erebanju ob 20:00, \u017erebanja pa so predvajana v \u017eivo na spletni strani National Lottery in na kanalu YouTube.<\/p>\n<h2>Ali Lottomat skenira Sre\u010dke Set For Life UK online?<\/h2>\n<p><img loading=\"lazy\" decoding=\"async\" class=\"alignleft wp-image-265730\" src=\"https:\/\/lottomat.com\/wp-content\/uploads\/2026\/01\/Set-For-Life-tickets.webp\" alt=\"sre\u010dke Set For Life\" width=\"200\" height=\"200\" srcset=\"https:\/\/lottomat.com\/wp-content\/uploads\/2026\/01\/Set-For-Life-tickets.webp 400w, https:\/\/lottomat.com\/wp-content\/uploads\/2026\/01\/Set-For-Life-tickets-300x300.webp 300w, https:\/\/lottomat.com\/wp-content\/uploads\/2026\/01\/Set-For-Life-tickets-150x150.webp 150w, https:\/\/lottomat.com\/wp-content\/uploads\/2026\/01\/Set-For-Life-tickets-100x100.webp 100w\" sizes=\"auto, (max-width: 200px) 100vw, 200px\" \/>Da, Lottomat skenira in digitalno shranjuje vsako uradno sre\u010dko Set For Life UK. Kmalu po tem, ko zastopniki kupijo va\u0161e sre\u010dke, je vsaka od njih digitalno skenirana z visokokakovostno opremo, ki zajame vse klju\u010dne podatke. Skeniranja so nalo\u017eena na va\u0161 varni ra\u010dun, navadno v nekaj urah in vedno pred \u017erebanjem.<\/p>\n<p>Jasne slike vsake sre\u010dke so na voljo za ogled in nudijo preverljiv dokaz. Skeniranja sre\u010dk zagotavljajo takoj\u0161njo potrditev uspe\u0161ne obdelave naro\u010dila, delujejo kot digitalne varnostne kopije in omogo\u010dajo preverjanje, ali so bile \u0161tevilke pravilno zabele\u017eene. Fizi\u010dne sre\u010dke so medtem varno shranjene, za\u0161\u010ditene pred izgubo ali po\u0161kodbo. Pri uveljavljanju nagrad sta tako fizi\u010dna sre\u010dka kot digitalno skeniranje neprecenljive vrednosti.<\/p>\n<h2>Najbolj\u0161i nasveti za igranje Set For Life UK online?<\/h2>\n<p>Za kar najbolj\u0161o izku\u0161njo Set For Life UK upo\u0161tevajte pametne strategije:<\/p>\n<ul class=\"list\">\n<li><strong>Razumejte mo\u017enosti<\/strong>: Mo\u017enosti za glavno nagrado so 1 proti 15.339.390, splo\u0161ne mo\u017enosti za zmago kakr\u0161ne koli nagrade pa 1 proti 12,4. Razumevanje teh mo\u017enosti pomaga postaviti realna pri\u010dakovanja in odgovorno razporediti prora\u010dun.<\/li>\n<li><strong>Igrajte odgovorno<\/strong>: Nikoli ne porabite ve\u010d, kot si lahko privo\u0161\u010dite izgubiti. Postavite si stroge prora\u010dunske meje in igro na loteriji obravnavajte kot zabavo, ne nalo\u017ebo.<\/li>\n<li><strong>Izkoristite nakup vnaprej<\/strong>: Kupite sre\u010dke za do osem zaporednih \u017erebanj, da ne zamudite nobenega. Zvesto sodelovanje pomeni, da ste vedno v igri.<\/li>\n<li><strong>Kombinirajte lastno in naklju\u010dno izbiro<\/strong>: Zdru\u017eite osebne sre\u010dne \u0161tevilke z naklju\u010dno izbiro za pestrej\u0161o strategijo.<\/li>\n<li><strong>Razmislite o Life Ball<\/strong>: Life Ball se \u017ereba samo med 10 \u0161tevilkami (1\u201310) in je klju\u010den za prvi dve nagradi. Lahko je enaka kot katera od glavnih \u0161tevilk.<\/li>\n<li><strong>Izkoristite ve\u010d vrstic<\/strong>: Igranje do 20 vrstic na \u017erebanje sorazmerno pove\u010duje va\u0161e mo\u017enosti. 20 razli\u010dnih kombinacij vam d\u00e1 20 prilo\u017enosti za ujemanje dobitnih \u0161tevilk.<\/li>\n<li><strong><img loading=\"lazy\" decoding=\"async\" class=\"alignright wp-image-265761\" style=\"font-weight: 500;\" src=\"https:\/\/lottomat.com\/wp-content\/uploads\/2026\/01\/Set-For-Life-UK-online.webp\" alt=\"Set For Life UK online\" width=\"200\" height=\"200\" srcset=\"https:\/\/lottomat.com\/wp-content\/uploads\/2026\/01\/Set-For-Life-UK-online.webp 400w, https:\/\/lottomat.com\/wp-content\/uploads\/2026\/01\/Set-For-Life-UK-online-300x300.webp 300w, https:\/\/lottomat.com\/wp-content\/uploads\/2026\/01\/Set-For-Life-UK-online-150x150.webp 150w, https:\/\/lottomat.com\/wp-content\/uploads\/2026\/01\/Set-For-Life-UK-online-100x100.webp 100w\" sizes=\"auto, (max-width: 200px) 100vw, 200px\" \/>Pridru\u017eite se loterijski skupini<\/strong>: Igranje v sindikatu omogo\u010da nakup ve\u010d vrstic ob delitvi stro\u0161kov, kar dramati\u010dno pove\u010da skupne mo\u017enosti, medtem ko ostanejo stro\u0161ki posameznika obvladljivi.<\/li>\n<li><strong>Takoj preverite sre\u010dke<\/strong>: Preglejte skeniranja sre\u010dk, takoj ko se pojavijo na va\u0161em ra\u010dunu, in preverite, ali so bile \u0161tevilke pravilno zabele\u017eene.<\/li>\n<li><strong>Razumejte strukturo rentnih izpla\u010dil<\/strong>: Jackpot prina\u0161a 10.000 \u00a3 mese\u010dno 30 let (skupno 3,6 milijona \u00a3), druga nagrada pa ponuja 10.000 \u00a3 mese\u010dno eno leto. To so pristne rentne nagrade z zagotovljenimi izpla\u010dili.<\/li>\n<li><strong>Ostanite obve\u0161\u010deni<\/strong>: \u017drebanja potekajo vsak ponedeljek in \u010detrtek ob 20:00, prodaja pa se zapre ob 19:30. Poznavanje urnika pomaga na\u010drtovati va\u0161e sodelovanje.<\/li>\n<\/ul>\n<p>Z uporabo teh strategij in Lottomat-ove platforme optimizirate svojo izku\u0161njo Set For Life UK. \u010ceprav nobena strategija ne zagotavlja uspeha, informirano igranje pove\u010duje u\u017eitek in pomaga odgovorno upravljati prora\u010dun.<\/p>\n<p><strong>Ste pripravljeni igrati Set For Life UK online? Pridru\u017eite se zabavi zdaj!<\/strong><\/p>\n","protected":false},"excerpt":{"rendered":"<p>Kaj je Set For Life UK? Set For Life UK je edinstvena loterijska igra, ki jo upravlja National Lottery in je bila lansirana marca 2019. Za razliko od tradicionalnih loterij, ki ponujajo enkratna izpla\u010dila, Set For Life zagotavlja mese\u010dna izpla\u010dila skozi dalj\u0161e \u010dasovno obdobje. Set For Life lahko igrate online in offline. Igralci izberejo pet [&hellip;]<\/p>\n","protected":false},"author":1,"featured_media":0,"parent":6809,"menu_order":15,"comment_status":"closed","ping_status":"closed","template":"set-for-life.php","meta":{"_et_pb_use_builder":"","_et_pb_old_content":"","_et_gb_content_width":"","exclude_from_search":false,"footnotes":""},"class_list":["post-8464","page","type-page","status-publish","hentry"],"yoast_head":"<!-- This site is optimized with the Yoast SEO plugin v23.8 - https:\/\/yoast.com\/wordpress\/plugins\/seo\/ -->\n<title>Set for Life Online - Kupite Sre\u010dke Set For Life UK \u2013 Lottomat<\/title>\n<meta name=\"description\" content=\"Igrajte Set for Life online \u0161e danes in zmagajte jutri! Tukaj lahko kupite sre\u010dke loterije Set for Life online ter igrate za izjemne nagrade.\" \/>\n<meta name=\"robots\" content=\"index, follow, max-snippet:-1, max-image-preview:large, max-video-preview:-1\" \/>\n<link rel=\"canonical\" href=\"https:\/\/lottomat.com\/sl\/igraj\/play-set-for-life-online\/\" \/>\n<meta property=\"og:locale\" content=\"sl_SI\" \/>\n<meta property=\"og:type\" content=\"article\" \/>\n<meta property=\"og:title\" content=\"Set for Life Online - Kupite Sre\u010dke Set For Life UK \u2013 Lottomat\" \/>\n<meta property=\"og:description\" content=\"Igrajte Set for Life online \u0161e danes in zmagajte jutri! Tukaj lahko kupite sre\u010dke loterije Set for Life online ter igrate za izjemne nagrade.\" \/>\n<meta property=\"og:url\" content=\"https:\/\/lottomat.com\/sl\/igraj\/play-set-for-life-online\/\" \/>\n<meta property=\"og:site_name\" content=\"Lottomat\" \/>\n<meta property=\"article:modified_time\" content=\"2026-02-26T16:11:15+00:00\" \/>\n<meta property=\"og:image\" content=\"https:\/\/lottomat.com\/wp-content\/uploads\/2026\/01\/buy-Set-For-Life-ticket.webp\" \/>\n\t<meta property=\"og:image:width\" content=\"400\" \/>\n\t<meta property=\"og:image:height\" content=\"400\" \/>\n\t<meta property=\"og:image:type\" content=\"image\/webp\" \/>\n<meta name=\"twitter:card\" content=\"summary_large_image\" \/>\n<meta name=\"twitter:label1\" content=\"Est. reading time\" \/>\n\t<meta name=\"twitter:data1\" content=\"7 minut\" \/>\n<script type=\"application\/ld+json\" class=\"yoast-schema-graph\">{\"@context\":\"https:\/\/schema.org\",\"@graph\":[{\"@type\":\"WebPage\",\"@id\":\"https:\/\/lottomat.com\/sl\/igraj\/play-set-for-life-online\/\",\"url\":\"https:\/\/lottomat.com\/sl\/igraj\/play-set-for-life-online\/\",\"name\":\"Set for Life Online - Kupite Sre\u010dke Set For Life UK \u2013 Lottomat\",\"isPartOf\":{\"@id\":\"https:\/\/lottomat.com\/sl\/#website\"},\"primaryImageOfPage\":{\"@id\":\"https:\/\/lottomat.com\/sl\/igraj\/play-set-for-life-online\/#primaryimage\"},\"image\":{\"@id\":\"https:\/\/lottomat.com\/sl\/igraj\/play-set-for-life-online\/#primaryimage\"},\"thumbnailUrl\":\"https:\/\/lottomat.com\/wp-content\/uploads\/2026\/01\/buy-Set-For-Life-ticket.webp\",\"datePublished\":\"2025-03-26T09:57:55+00:00\",\"dateModified\":\"2026-02-26T16:11:15+00:00\",\"description\":\"Igrajte Set for Life online \u0161e danes in zmagajte jutri! Tukaj lahko kupite sre\u010dke loterije Set for Life online ter igrate za izjemne nagrade.\",\"breadcrumb\":{\"@id\":\"https:\/\/lottomat.com\/sl\/igraj\/play-set-for-life-online\/#breadcrumb\"},\"inLanguage\":\"sl-SI\",\"potentialAction\":[{\"@type\":\"ReadAction\",\"target\":[\"https:\/\/lottomat.com\/sl\/igraj\/play-set-for-life-online\/\"]}]},{\"@type\":\"ImageObject\",\"inLanguage\":\"sl-SI\",\"@id\":\"https:\/\/lottomat.com\/sl\/igraj\/play-set-for-life-online\/#primaryimage\",\"url\":\"https:\/\/lottomat.com\/wp-content\/uploads\/2026\/01\/buy-Set-For-Life-ticket.webp\",\"contentUrl\":\"https:\/\/lottomat.com\/wp-content\/uploads\/2026\/01\/buy-Set-For-Life-ticket.webp\"},{\"@type\":\"BreadcrumbList\",\"@id\":\"https:\/\/lottomat.com\/sl\/igraj\/play-set-for-life-online\/#breadcrumb\",\"itemListElement\":[{\"@type\":\"ListItem\",\"position\":1,\"name\":\"Home\",\"item\":\"https:\/\/lottomat.com\/sl\/\"},{\"@type\":\"ListItem\",\"position\":2,\"name\":\"Igranje loterije\",\"item\":\"https:\/\/lottomat.com\/sl\/igraj\/\"},{\"@type\":\"ListItem\",\"position\":3,\"name\":\"Igrajte Set for Life Online &#8211; Sre\u010dke Set For Life UK\"}]},{\"@type\":\"WebSite\",\"@id\":\"https:\/\/lottomat.com\/sl\/#website\",\"url\":\"https:\/\/lottomat.com\/sl\/\",\"name\":\"Lottomat\",\"description\":\"\",\"potentialAction\":[{\"@type\":\"SearchAction\",\"target\":{\"@type\":\"EntryPoint\",\"urlTemplate\":\"https:\/\/lottomat.com\/sl\/?s={search_term_string}\"},\"query-input\":{\"@type\":\"PropertyValueSpecification\",\"valueRequired\":true,\"valueName\":\"search_term_string\"}}],\"inLanguage\":\"sl-SI\"}]}<\/script>\n<!-- \/ Yoast SEO plugin. -->","yoast_head_json":{"title":"Set for Life Online - Kupite Sre\u010dke Set For Life UK \u2013 Lottomat","description":"Igrajte Set for Life online \u0161e danes in zmagajte jutri! Tukaj lahko kupite sre\u010dke loterije Set for Life online ter igrate za izjemne nagrade.","robots":{"index":"index","follow":"follow","max-snippet":"max-snippet:-1","max-image-preview":"max-image-preview:large","max-video-preview":"max-video-preview:-1"},"canonical":"https:\/\/lottomat.com\/sl\/igraj\/play-set-for-life-online\/","og_locale":"sl_SI","og_type":"article","og_title":"Set for Life Online - Kupite Sre\u010dke Set For Life UK \u2013 Lottomat","og_description":"Igrajte Set for Life online \u0161e danes in zmagajte jutri! Tukaj lahko kupite sre\u010dke loterije Set for Life online ter igrate za izjemne nagrade.","og_url":"https:\/\/lottomat.com\/sl\/igraj\/play-set-for-life-online\/","og_site_name":"Lottomat","article_modified_time":"2026-02-26T16:11:15+00:00","og_image":[{"width":400,"height":400,"url":"https:\/\/lottomat.com\/wp-content\/uploads\/2026\/01\/buy-Set-For-Life-ticket.webp","type":"image\/webp"}],"twitter_card":"summary_large_image","twitter_misc":{"Est. reading time":"7 minut"},"schema":{"@context":"https:\/\/schema.org","@graph":[{"@type":"WebPage","@id":"https:\/\/lottomat.com\/sl\/igraj\/play-set-for-life-online\/","url":"https:\/\/lottomat.com\/sl\/igraj\/play-set-for-life-online\/","name":"Set for Life Online - Kupite Sre\u010dke Set For Life UK \u2013 Lottomat","isPartOf":{"@id":"https:\/\/lottomat.com\/sl\/#website"},"primaryImageOfPage":{"@id":"https:\/\/lottomat.com\/sl\/igraj\/play-set-for-life-online\/#primaryimage"},"image":{"@id":"https:\/\/lottomat.com\/sl\/igraj\/play-set-for-life-online\/#primaryimage"},"thumbnailUrl":"https:\/\/lottomat.com\/wp-content\/uploads\/2026\/01\/buy-Set-For-Life-ticket.webp","datePublished":"2025-03-26T09:57:55+00:00","dateModified":"2026-02-26T16:11:15+00:00","description":"Igrajte Set for Life online \u0161e danes in zmagajte jutri! Tukaj lahko kupite sre\u010dke loterije Set for Life online ter igrate za izjemne nagrade.","breadcrumb":{"@id":"https:\/\/lottomat.com\/sl\/igraj\/play-set-for-life-online\/#breadcrumb"},"inLanguage":"sl-SI","potentialAction":[{"@type":"ReadAction","target":["https:\/\/lottomat.com\/sl\/igraj\/play-set-for-life-online\/"]}]},{"@type":"ImageObject","inLanguage":"sl-SI","@id":"https:\/\/lottomat.com\/sl\/igraj\/play-set-for-life-online\/#primaryimage","url":"https:\/\/lottomat.com\/wp-content\/uploads\/2026\/01\/buy-Set-For-Life-ticket.webp","contentUrl":"https:\/\/lottomat.com\/wp-content\/uploads\/2026\/01\/buy-Set-For-Life-ticket.webp"},{"@type":"BreadcrumbList","@id":"https:\/\/lottomat.com\/sl\/igraj\/play-set-for-life-online\/#breadcrumb","itemListElement":[{"@type":"ListItem","position":1,"name":"Home","item":"https:\/\/lottomat.com\/sl\/"},{"@type":"ListItem","position":2,"name":"Igranje loterije","item":"https:\/\/lottomat.com\/sl\/igraj\/"},{"@type":"ListItem","position":3,"name":"Igrajte Set for Life Online &#8211; Sre\u010dke Set For Life UK"}]},{"@type":"WebSite","@id":"https:\/\/lottomat.com\/sl\/#website","url":"https:\/\/lottomat.com\/sl\/","name":"Lottomat","description":"","potentialAction":[{"@type":"SearchAction","target":{"@type":"EntryPoint","urlTemplate":"https:\/\/lottomat.com\/sl\/?s={search_term_string}"},"query-input":{"@type":"PropertyValueSpecification","valueRequired":true,"valueName":"search_term_string"}}],"inLanguage":"sl-SI"}]}},"_links":{"self":[{"href":"https:\/\/lottomat.com\/sl\/wp-json\/wp\/v2\/pages\/8464","targetHints":{"allow":["GET"]}}],"collection":[{"href":"https:\/\/lottomat.com\/sl\/wp-json\/wp\/v2\/pages"}],"about":[{"href":"https:\/\/lottomat.com\/sl\/wp-json\/wp\/v2\/types\/page"}],"author":[{"embeddable":true,"href":"https:\/\/lottomat.com\/sl\/wp-json\/wp\/v2\/users\/1"}],"replies":[{"embeddable":true,"href":"https:\/\/lottomat.com\/sl\/wp-json\/wp\/v2\/comments?post=8464"}],"version-history":[{"count":3,"href":"https:\/\/lottomat.com\/sl\/wp-json\/wp\/v2\/pages\/8464\/revisions"}],"predecessor-version":[{"id":272006,"href":"https:\/\/lottomat.com\/sl\/wp-json\/wp\/v2\/pages\/8464\/revisions\/272006"}],"up":[{"embeddable":true,"href":"https:\/\/lottomat.com\/sl\/wp-json\/wp\/v2\/pages\/6809"}],"wp:attachment":[{"href":"https:\/\/lottomat.com\/sl\/wp-json\/wp\/v2\/media?parent=8464"}],"curies":[{"name":"wp","href":"https:\/\/api.w.org\/{rel}","templated":true}]}}