{"id":8456,"date":"2025-03-26T07:52:23","date_gmt":"2025-03-26T07:52:23","guid":{"rendered":"https:\/\/lottomat.net\/igranje-loterije\/igranje-igre-powerball-na-spletu\/"},"modified":"2026-02-26T10:29:24","modified_gmt":"2026-02-26T10:29:24","slug":"igranje-igre-powerball-na-spletu","status":"publish","type":"page","link":"https:\/\/lottomat.com\/sl\/igraj\/igranje-igre-powerball-na-spletu\/","title":{"rendered":"Igrajte Powerball na spletu \u2013 listki za Powerball"},"content":{"rendered":"\n\n<div class=\"kk-star-ratings kksr-auto kksr-align-left kksr-valign-top\"\n    data-payload='{&quot;align&quot;:&quot;left&quot;,&quot;id&quot;:&quot;8456&quot;,&quot;slug&quot;:&quot;default&quot;,&quot;valign&quot;:&quot;top&quot;,&quot;ignore&quot;:&quot;&quot;,&quot;reference&quot;:&quot;auto&quot;,&quot;class&quot;:&quot;&quot;,&quot;count&quot;:&quot;0&quot;,&quot;legendonly&quot;:&quot;&quot;,&quot;readonly&quot;:&quot;&quot;,&quot;score&quot;:&quot;0&quot;,&quot;starsonly&quot;:&quot;&quot;,&quot;best&quot;:&quot;5&quot;,&quot;gap&quot;:&quot;5&quot;,&quot;greet&quot;:&quot;Rate this page&quot;,&quot;legend&quot;:&quot;0\\\/5 - (0 votes)&quot;,&quot;size&quot;:&quot;30&quot;,&quot;title&quot;:&quot;Igrajte Powerball na spletu \u2013 listki za Powerball&quot;,&quot;width&quot;:&quot;0&quot;,&quot;_legend&quot;:&quot;{score}\\\/{best} - ({count} {votes})&quot;,&quot;font_factor&quot;:&quot;1.25&quot;}'>\n            \n<div class=\"kksr-stars\">\n    \n<div class=\"kksr-stars-inactive\">\n            <div class=\"kksr-star\" data-star=\"1\" style=\"padding-right: 5px\">\n            \n\n<div class=\"kksr-icon\" style=\"width: 30px; height: 30px;\"><\/div>\n        <\/div>\n            <div class=\"kksr-star\" data-star=\"2\" style=\"padding-right: 5px\">\n            \n\n<div class=\"kksr-icon\" style=\"width: 30px; height: 30px;\"><\/div>\n        <\/div>\n            <div class=\"kksr-star\" data-star=\"3\" style=\"padding-right: 5px\">\n            \n\n<div class=\"kksr-icon\" style=\"width: 30px; height: 30px;\"><\/div>\n        <\/div>\n            <div class=\"kksr-star\" data-star=\"4\" style=\"padding-right: 5px\">\n            \n\n<div class=\"kksr-icon\" style=\"width: 30px; height: 30px;\"><\/div>\n        <\/div>\n            <div class=\"kksr-star\" data-star=\"5\" style=\"padding-right: 5px\">\n            \n\n<div class=\"kksr-icon\" style=\"width: 30px; height: 30px;\"><\/div>\n        <\/div>\n    <\/div>\n    \n<div class=\"kksr-stars-active\" style=\"width: 0px;\">\n            <div class=\"kksr-star\" style=\"padding-right: 5px\">\n            \n\n<div class=\"kksr-icon\" style=\"width: 30px; height: 30px;\"><\/div>\n        <\/div>\n            <div class=\"kksr-star\" style=\"padding-right: 5px\">\n            \n\n<div class=\"kksr-icon\" style=\"width: 30px; height: 30px;\"><\/div>\n        <\/div>\n            <div class=\"kksr-star\" style=\"padding-right: 5px\">\n            \n\n<div class=\"kksr-icon\" style=\"width: 30px; height: 30px;\"><\/div>\n        <\/div>\n            <div class=\"kksr-star\" style=\"padding-right: 5px\">\n            \n\n<div class=\"kksr-icon\" style=\"width: 30px; height: 30px;\"><\/div>\n        <\/div>\n            <div class=\"kksr-star\" style=\"padding-right: 5px\">\n            \n\n<div class=\"kksr-icon\" style=\"width: 30px; height: 30px;\"><\/div>\n        <\/div>\n    <\/div>\n<\/div>\n                \n\n<div class=\"kksr-legend\" style=\"font-size: 24px;\">\n            <span class=\"kksr-muted\">Rate this page<\/span>\n    <\/div>\n    <\/div>\n<h2><img loading=\"lazy\" decoding=\"async\" class=\"alignleft wp-image-252142\" src=\"https:\/\/lottomat.com\/wp-content\/uploads\/2025\/10\/play-Powerball-150x150.webp\" alt=\"igrajte Powerball\" width=\"200\" height=\"200\" srcset=\"https:\/\/lottomat.com\/wp-content\/uploads\/2025\/10\/play-Powerball-150x150.webp 150w, https:\/\/lottomat.com\/wp-content\/uploads\/2025\/10\/play-Powerball-300x300.webp 300w, https:\/\/lottomat.com\/wp-content\/uploads\/2025\/10\/play-Powerball-100x100.webp 100w, https:\/\/lottomat.com\/wp-content\/uploads\/2025\/10\/play-Powerball.webp 400w\" sizes=\"auto, (max-width: 200px) 100vw, 200px\" \/>Kaj je loterija Powerball?<\/h2>\n<p>Za\u010dnimo s pravili te slavne loterije, ki so zelo preprosta \u2013 kako igrati Powerball na spletu se boste zagotovo nau\u010dili hitro. Igra sestoji iz izbire petih \u0161tevilk v razponu od 1 do 69 ter ene dodatne, imenovane Power Ball, iz nabora \u0161tevilk od 1 do 26. \u010ce so izbrane vse dobitne loterijske \u0161tevilke, igralec osvoji zajam\u010deno glavno nagrado, ne pozabite pa, da obstaja <strong>9 nagradnih ravni<\/strong>. Nagrado osvoji tudi igralec, ki pravilno izbere le dodatni Power Ball, torej bonusno \u0161tevilko. Pri spletni loteriji Powerball obstaja tudi zanimiva re\u0161itev za igralce, ki se imenuje <strong>Power Play<\/strong>. Gre za dodatno mo\u017enost, ki vam omogo\u010da mno\u017eenje dobitkov zunaj glavne nagrade, vendar je na voljo le na ozemlju Zdru\u017eenih dr\u017eav Amerike ob nakupu listka osebno v pisarni Powerball. Igralec, ki zadane vse izvle\u010dene loterijske \u0161tevilke, osvoji glavno nagrado, \u010de pa ne izbere pravilne bonusne \u0161tevilke Powerball, prejme zajam\u010deno nagrado v vi\u0161ini <strong>1.000.000 dolarjev<\/strong>. Z drugimi besedami, kdor zadane 5 glavnih \u0161tevilk, prejme milijon dolarjev. Kliknite in preberite <a href=\"https:\/\/lottomat.com\/sl\/loterija-informacije\/informacije-o-igri-powerball\/\">ve\u010d o pravilih in nagradah Powerball<\/a> na na\u0161i spletni strani. Seveda, tako kot pri drugih <a href=\"https:\/\/lottomat.com\/sl\/\">najbolj\u0161ih loterijah na svetu<\/a>, pride ob odsotnosti zmagovalca do prenosa jackpota, kar ustvari prilo\u017enost za osvajanje ogromnih zneskov, in to v dolarjih. Powerball je postal slaven po dobitni\u0161kih listkih, ki so se spremenili v milijone dolarjev. Najve\u010dji dobitek ob prenosu jackpota v ameri\u0161ki loteriji je bil dose\u017een <strong>7. novembra 2022<\/strong> in je zna\u0161al <strong>2,04 milijarde $<\/strong> z denarno vrednostjo <strong>997,6 milijona $<\/strong>.<\/p>\n<h2>Kako kupiti listke za Powerball?<img loading=\"lazy\" decoding=\"async\" class=\"alignright wp-image-252172\" src=\"https:\/\/lottomat.com\/wp-content\/uploads\/2025\/10\/Powerball-lottery-tickets-300x300.webp\" alt=\"loterijski listki za Powerball\" width=\"200\" height=\"200\" srcset=\"https:\/\/lottomat.com\/wp-content\/uploads\/2025\/10\/Powerball-lottery-tickets-300x300.webp 300w, https:\/\/lottomat.com\/wp-content\/uploads\/2025\/10\/Powerball-lottery-tickets-150x150.webp 150w, https:\/\/lottomat.com\/wp-content\/uploads\/2025\/10\/Powerball-lottery-tickets-100x100.webp 100w, https:\/\/lottomat.com\/wp-content\/uploads\/2025\/10\/Powerball-lottery-tickets.webp 400w\" sizes=\"auto, (max-width: 200px) 100vw, 200px\" \/><\/h2>\n<p>Zahvaljujo\u010d spremembam pravil igranja Powerball vam ni treba biti dr\u017eavljan Zdru\u017eenih dr\u017eav Amerike ali se nahajati na njihovem ozemlju. V <strong>loteriji Powerball lahko sodelujete na spletu prek spletne strani LottoMat<\/strong>. To je zelo priro\u010dno, poleg tega pa lahko listke za Powerball kupite kadar koli podnevi ali pono\u010di, sedem dni v tednu. Vse, kar morate storiti, je izbrati mo\u017enost Igra na spletni strani LottoMat in izpolniti ustrezno \u0161tevilo listkov. Nato pa le potrpe\u017eljivo po\u010dakajte na \u017erebanje, ki poteka vsako <strong>torek, \u010detrtek in nedeljo ob 02:59 UTC<\/strong>. Spletna stran LottoMat zagotavlja, da je loterijski listek veljaven in sodeluje v \u017erebanju nagrade Powerball. Nakup lahko opravite z ra\u010dunalnikom ali mobilnim telefonom <strong>s katerega koli konca sveta in kadar koli<\/strong>. Vse, kar morate storiti, je ustvariti varni uporabni\u0161ki ra\u010dun, kupiti listek in po\u010dakati na zmago!<\/p>\n<h2>Kak\u0161na je cena listka za spletno loterijo Powerball?<\/h2>\n<p>Za izra\u010dun cene listka je dovolj, da na spletni strani LottoMat izpolnite enega ali ve\u010d listkov. Po izbiri \u0161tevilk <strong>bo cena prikazana pod vsemi listki<\/strong>. Po izpolnitvi ve\u010d kot enega listka bo kalkulator izra\u010dunal skupni znesek, ki je dokon\u010dna cena. Vsebuje ceno vseh listkov za Powerball in provizije.<\/p>\n<h2><img loading=\"lazy\" decoding=\"async\" class=\"alignleft wp-image-252202\" src=\"https:\/\/lottomat.com\/wp-content\/uploads\/2025\/10\/Powerball-online-tickets-300x300.webp\" alt=\"spletni listki za Powerball\" width=\"200\" height=\"200\" srcset=\"https:\/\/lottomat.com\/wp-content\/uploads\/2025\/10\/Powerball-online-tickets-300x300.webp 300w, https:\/\/lottomat.com\/wp-content\/uploads\/2025\/10\/Powerball-online-tickets-150x150.webp 150w, https:\/\/lottomat.com\/wp-content\/uploads\/2025\/10\/Powerball-online-tickets-100x100.webp 100w, https:\/\/lottomat.com\/wp-content\/uploads\/2025\/10\/Powerball-online-tickets.webp 400w\" sizes=\"auto, (max-width: 200px) 100vw, 200px\" \/><\/h2>\n<h2>Kako igrati Powerball na spletu?<\/h2>\n<p>Zahvaljujo\u010d na\u0161i spletni strani je najpopularnej\u0161a loterija na svetu zdaj dostopna brez odhoda od doma. Za igranje Powerball na spletu izberite <strong>pet glavnih \u0161tevilk od 1 do 69 ter dodatno \u0161tevilko Power Ball od 1 do 26<\/strong>. \u0160tevilke lahko izberete ro\u010dno ali uporabite <strong>mo\u017enost Naklju\u010dna izbira za samodejno izbiro<\/strong>. Tako preprosto je! Igranje z LottoMat je popolnoma varno in zanesljivo. <strong>Vse kupljene listke skeniramo, da zagotovimo njihovo veljavnost in va\u0161 mir.<\/strong> Z LottoMat lahko igrate Powerball na spletu s katerega koli konca sveta \u2013 potrebujete le <strong>dostop do interneta in mo\u017enost spletnega pla\u010dila.<\/strong> Ta globalna dostopnost je sodelovanje v eni najbolj vznemirljivih loterij na svetu olaj\u0161ala bolj kot kdaj koli prej.<\/p>\n<h2>Ali lahko kupim ve\u010d listkov za Powerball na spletu?<\/h2>\n<p><strong>Da, vsekakor lahko kupite ve\u010d listkov za Powerball na spletu<\/strong>, da pove\u010date svoje mo\u017enosti za zmago. Preprosto izberite <strong>mo\u017enost \u00bbve\u010d vrstic\u00ab<\/strong> med igranjem in izberite toliko vrstic, kot jih \u017eelite igrati. Vsaka dodatna vrstica predstavlja \u0161e eno prilo\u017enost za zmago jackpota ali katere koli od stranskih nagrad. Ve\u010d listkov kot kupite, ve\u010dje so va\u0161e mo\u017enosti za ujemanje z dobitnimi \u0161tevilkami.<\/p>\n<h2>Ali lahko kupim listke za Powerball na spletu za ve\u010d \u017erebanj?<\/h2>\n<h2><img loading=\"lazy\" decoding=\"async\" class=\"alignright wp-image-252232\" src=\"https:\/\/lottomat.com\/wp-content\/uploads\/2025\/10\/Powerball-online-300x300.webp\" alt=\"Powerball na spletu\" width=\"200\" height=\"200\" srcset=\"https:\/\/lottomat.com\/wp-content\/uploads\/2025\/10\/Powerball-online-300x300.webp 300w, https:\/\/lottomat.com\/wp-content\/uploads\/2025\/10\/Powerball-online-150x150.webp 150w, https:\/\/lottomat.com\/wp-content\/uploads\/2025\/10\/Powerball-online-100x100.webp 100w, https:\/\/lottomat.com\/wp-content\/uploads\/2025\/10\/Powerball-online.webp 400w\" sizes=\"auto, (max-width: 200px) 100vw, 200px\" \/><\/h2>\n<p>Seveda! Na LottoMat lahko <strong>kupite listke za Powerball za do 8 zaporednih \u017erebanj<\/strong> vnaprej. Ta priro\u010dna funkcija pomeni, da vam ni treba spomniti se na nakup listkov pred vsakim posameznim \u017erebanjem \u2013 va\u0161e \u0161tevilke bodo samodejno vpisane v ve\u010d prihodnjih \u017erebanj. Ta mo\u017enost vnaprej\u0161njega nakupa zagotavlja, da <strong>ne zamudite nobenega \u017erebanja<\/strong>, in vam omogo\u010da neprekinjeno sodelovanje v loteriji skozi ve\u010d tednov.<\/p>\n<h2>Kako preveriti rezultate spletne loterije Powerball?<\/h2>\n<p><a href=\"https:\/\/lottomat.com\/sl\/loterija-rezultati\/rezultati-igre-powerball\/\">Najnovej\u0161e in arhivirane rezultate Powerball<\/a> lahko preprosto preverite neposredno na spletni strani LottoMat. Na\u0161a stran z rezultati se posodablja takoj po vsakem \u017erebanju in vam zagotavlja <strong>natan\u010dne in a\u017eurne dobitne \u0161tevilke.<\/strong> Ne glede na to, ali \u017eelite preveriti nedavna \u017erebanja ali se ozreti na zgodovinske rezultate, so vse informacije na dosegu roke. Ta priro\u010dna funkcija vam omogo\u010da, da hitro preverite, ali so va\u0161e \u0161tevilke zmagovalne, brez iskanja po ve\u010d virih.<\/p>\n<h2><img loading=\"lazy\" decoding=\"async\" class=\"alignleft wp-image-252262\" src=\"https:\/\/lottomat.com\/wp-content\/uploads\/2025\/10\/Powerball-tickets-300x300.webp\" alt=\"listki za Powerball\" width=\"200\" height=\"200\" srcset=\"https:\/\/lottomat.com\/wp-content\/uploads\/2025\/10\/Powerball-tickets-300x300.webp 300w, https:\/\/lottomat.com\/wp-content\/uploads\/2025\/10\/Powerball-tickets-150x150.webp 150w, https:\/\/lottomat.com\/wp-content\/uploads\/2025\/10\/Powerball-tickets-100x100.webp 100w, https:\/\/lottomat.com\/wp-content\/uploads\/2025\/10\/Powerball-tickets.webp 400w\" sizes=\"auto, (max-width: 200px) 100vw, 200px\" \/>Ali LottoMat skenira listke za Powerball na spletu?<\/h2>\n<p><strong>Da, seveda!<\/strong> Na\u0161i poobla\u0161\u010deni agenti v va\u0161em imenu fizi\u010dno kupijo listke za Powerball na uradnih, licenciranih prodajnih mestih. <strong>Originalne listke skeniramo in varno shranimo<\/strong>, da zagotovimo popolno preglednost in varnost za na\u0161e igralce. To pomeni, da imate dokaz o nakupu listka in ste lahko prepri\u010dani, da je va\u0161a prijava veljavna za uradno \u017erebanje Powerball. Originalni listki so varno shranjeni v na\u0161ih za\u0161\u010ditenih prostorih, kar vam daje mir glede va\u0161e nalo\u017ebe.<\/p>\n<h2>Kateri so najbolj\u0161i nasveti za igranje Powerball na spletu?<\/h2>\n<p>Igrajte, zlasti ko je pri\u0161lo do prenosa jackpota. <strong>Powerball ima najve\u010dje prenose jackpota na svetu,<\/strong> in \u017ee z enim samim listkom imate mo\u017enost za zmago. Najve\u010dji jackpot je dosegel kar <strong>2,04 milijarde $!<\/strong> Prav tako lahko uporabite najpogosteje izvle\u010dene \u0161tevilke, ki jih najdete na <a href=\"https:\/\/lottomat.com\/sl\/loterija-rezultati\/\">strani z rezultati loterijskih \u017erebanj<\/a>. Tam so na voljo tako aktualni rezultati \u017erebanj kot tudi arhivirani. Ne pozabite, da <strong>igranje Powerball na spletu naj bo oblika razvedrila,<\/strong> zato je pomembno igrati odgovorno in z zdravo presojo. Dolo\u010dite si prora\u010dun in ga upo\u0161tevajte ter loterijske listke obravnavajte kot prijetno dejavnost in ne kot nalo\u017ebeno strategijo.<\/p>\n<h3>Nasveti, ki vam lahko pomagajo pove\u010dati mo\u017enosti za zmago<\/h3>\n<p>Nakup ve\u010d kot enega listka za Powerball pomeni, da vsak dodatni listek pove\u010da mo\u017enosti za zadetek izvle\u010denih \u0161tevilk. Poskrbite, da so \u0161tevilke, ki jih izberete, raznolike \u2013 nabor je velik, zato se ne omejujte na stvari, kot so datumi rojstev, ki va\u0161 razpon ob\u010dutno zo\u017eijo. Za zni\u017eanje stro\u0161kov <a href=\"https:\/\/lottomat.com\/sl\/igranje-loterije\/\">nakupa loterijskih listkov na spletu<\/a> lahko povabite svoje bli\u017enje k igranju, kar zagotavlja ve\u010dje mo\u017enosti za zmago. Stro\u0161ki listkov se lahko razdelijo med ve\u010dje \u0161tevilo ljudi, kar je ugodnej\u0161e za vse vpletene. Igrajte, ko potekajo <a href=\"https:\/\/lottomat.com\/sl\/loterija-informacije\/\">najve\u010dji prenosi jackpotov<\/a>, saj je celotna igra Powerball o prilo\u017enosti za zmago! <strong>Dobitni\u010dki listek lahko kupite kadar koli in postanete milijonar!<\/strong><\/p>\n","protected":false},"excerpt":{"rendered":"<p>Kaj je loterija Powerball? Za\u010dnimo s pravili te slavne loterije, ki so zelo preprosta \u2013 kako igrati Powerball na spletu se boste zagotovo nau\u010dili hitro. Igra sestoji iz izbire petih \u0161tevilk v razponu od 1 do 69 ter ene dodatne, imenovane Power Ball, iz nabora \u0161tevilk od 1 do 26. \u010ce so izbrane vse dobitne [&hellip;]<\/p>\n","protected":false},"author":1,"featured_media":0,"parent":6809,"menu_order":1,"comment_status":"closed","ping_status":"closed","template":"powerball-usa.php","meta":{"_et_pb_use_builder":"","_et_pb_old_content":"","_et_gb_content_width":"","exclude_from_search":false,"footnotes":""},"class_list":["post-8456","page","type-page","status-publish","hentry"],"yoast_head":"<!-- This site is optimized with the Yoast SEO plugin v23.8 - https:\/\/yoast.com\/wordpress\/plugins\/seo\/ -->\n<title>Igrajte Powerball na spletu \u2013 listki za Powerball \u2013 Lottomat<\/title>\n<meta name=\"description\" content=\"Ali \u017eelite igrati spletno loterijo Powerball? Nau\u010dite se, kako igrati Powerball, in postanite milijonar! Kupite listke za Powerball na spletu kadar koli!\" \/>\n<meta name=\"robots\" content=\"index, follow, max-snippet:-1, max-image-preview:large, max-video-preview:-1\" \/>\n<link rel=\"canonical\" href=\"https:\/\/lottomat.com\/sl\/igraj\/igranje-igre-powerball-na-spletu\/\" \/>\n<meta property=\"og:locale\" content=\"sl_SI\" \/>\n<meta property=\"og:type\" content=\"article\" \/>\n<meta property=\"og:title\" content=\"Igrajte Powerball na spletu \u2013 listki za Powerball \u2013 Lottomat\" \/>\n<meta property=\"og:description\" content=\"Ali \u017eelite igrati spletno loterijo Powerball? Nau\u010dite se, kako igrati Powerball, in postanite milijonar! Kupite listke za Powerball na spletu kadar koli!\" \/>\n<meta property=\"og:url\" content=\"https:\/\/lottomat.com\/sl\/igraj\/igranje-igre-powerball-na-spletu\/\" \/>\n<meta property=\"og:site_name\" content=\"Lottomat\" \/>\n<meta property=\"article:modified_time\" content=\"2026-02-26T10:29:24+00:00\" \/>\n<meta property=\"og:image\" content=\"https:\/\/lottomat.com\/wp-content\/uploads\/2025\/10\/play-Powerball.webp\" \/>\n\t<meta property=\"og:image:width\" content=\"400\" \/>\n\t<meta property=\"og:image:height\" content=\"400\" \/>\n\t<meta property=\"og:image:type\" content=\"image\/webp\" \/>\n<meta name=\"twitter:card\" content=\"summary_large_image\" \/>\n<meta name=\"twitter:label1\" content=\"Est. reading time\" \/>\n\t<meta name=\"twitter:data1\" content=\"6 minut\" \/>\n<script type=\"application\/ld+json\" class=\"yoast-schema-graph\">{\"@context\":\"https:\/\/schema.org\",\"@graph\":[{\"@type\":\"WebPage\",\"@id\":\"https:\/\/lottomat.com\/sl\/igraj\/igranje-igre-powerball-na-spletu\/\",\"url\":\"https:\/\/lottomat.com\/sl\/igraj\/igranje-igre-powerball-na-spletu\/\",\"name\":\"Igrajte Powerball na spletu \u2013 listki za Powerball \u2013 Lottomat\",\"isPartOf\":{\"@id\":\"https:\/\/lottomat.com\/sl\/#website\"},\"primaryImageOfPage\":{\"@id\":\"https:\/\/lottomat.com\/sl\/igraj\/igranje-igre-powerball-na-spletu\/#primaryimage\"},\"image\":{\"@id\":\"https:\/\/lottomat.com\/sl\/igraj\/igranje-igre-powerball-na-spletu\/#primaryimage\"},\"thumbnailUrl\":\"https:\/\/lottomat.com\/wp-content\/uploads\/2025\/10\/play-Powerball-150x150.webp\",\"datePublished\":\"2025-03-26T07:52:23+00:00\",\"dateModified\":\"2026-02-26T10:29:24+00:00\",\"description\":\"Ali \u017eelite igrati spletno loterijo Powerball? Nau\u010dite se, kako igrati Powerball, in postanite milijonar! Kupite listke za Powerball na spletu kadar koli!\",\"breadcrumb\":{\"@id\":\"https:\/\/lottomat.com\/sl\/igraj\/igranje-igre-powerball-na-spletu\/#breadcrumb\"},\"inLanguage\":\"sl-SI\",\"potentialAction\":[{\"@type\":\"ReadAction\",\"target\":[\"https:\/\/lottomat.com\/sl\/igraj\/igranje-igre-powerball-na-spletu\/\"]}]},{\"@type\":\"ImageObject\",\"inLanguage\":\"sl-SI\",\"@id\":\"https:\/\/lottomat.com\/sl\/igraj\/igranje-igre-powerball-na-spletu\/#primaryimage\",\"url\":\"https:\/\/lottomat.com\/wp-content\/uploads\/2025\/10\/play-Powerball-150x150.webp\",\"contentUrl\":\"https:\/\/lottomat.com\/wp-content\/uploads\/2025\/10\/play-Powerball-150x150.webp\"},{\"@type\":\"BreadcrumbList\",\"@id\":\"https:\/\/lottomat.com\/sl\/igraj\/igranje-igre-powerball-na-spletu\/#breadcrumb\",\"itemListElement\":[{\"@type\":\"ListItem\",\"position\":1,\"name\":\"Home\",\"item\":\"https:\/\/lottomat.com\/sl\/\"},{\"@type\":\"ListItem\",\"position\":2,\"name\":\"Igranje loterije\",\"item\":\"https:\/\/lottomat.com\/sl\/igraj\/\"},{\"@type\":\"ListItem\",\"position\":3,\"name\":\"Igrajte Powerball na spletu \u2013 listki za Powerball\"}]},{\"@type\":\"WebSite\",\"@id\":\"https:\/\/lottomat.com\/sl\/#website\",\"url\":\"https:\/\/lottomat.com\/sl\/\",\"name\":\"Lottomat\",\"description\":\"\",\"potentialAction\":[{\"@type\":\"SearchAction\",\"target\":{\"@type\":\"EntryPoint\",\"urlTemplate\":\"https:\/\/lottomat.com\/sl\/?s={search_term_string}\"},\"query-input\":{\"@type\":\"PropertyValueSpecification\",\"valueRequired\":true,\"valueName\":\"search_term_string\"}}],\"inLanguage\":\"sl-SI\"}]}<\/script>\n<!-- \/ Yoast SEO plugin. -->","yoast_head_json":{"title":"Igrajte Powerball na spletu \u2013 listki za Powerball \u2013 Lottomat","description":"Ali \u017eelite igrati spletno loterijo Powerball? Nau\u010dite se, kako igrati Powerball, in postanite milijonar! Kupite listke za Powerball na spletu kadar koli!","robots":{"index":"index","follow":"follow","max-snippet":"max-snippet:-1","max-image-preview":"max-image-preview:large","max-video-preview":"max-video-preview:-1"},"canonical":"https:\/\/lottomat.com\/sl\/igraj\/igranje-igre-powerball-na-spletu\/","og_locale":"sl_SI","og_type":"article","og_title":"Igrajte Powerball na spletu \u2013 listki za Powerball \u2013 Lottomat","og_description":"Ali \u017eelite igrati spletno loterijo Powerball? Nau\u010dite se, kako igrati Powerball, in postanite milijonar! Kupite listke za Powerball na spletu kadar koli!","og_url":"https:\/\/lottomat.com\/sl\/igraj\/igranje-igre-powerball-na-spletu\/","og_site_name":"Lottomat","article_modified_time":"2026-02-26T10:29:24+00:00","og_image":[{"width":400,"height":400,"url":"https:\/\/lottomat.com\/wp-content\/uploads\/2025\/10\/play-Powerball.webp","type":"image\/webp"}],"twitter_card":"summary_large_image","twitter_misc":{"Est. reading time":"6 minut"},"schema":{"@context":"https:\/\/schema.org","@graph":[{"@type":"WebPage","@id":"https:\/\/lottomat.com\/sl\/igraj\/igranje-igre-powerball-na-spletu\/","url":"https:\/\/lottomat.com\/sl\/igraj\/igranje-igre-powerball-na-spletu\/","name":"Igrajte Powerball na spletu \u2013 listki za Powerball \u2013 Lottomat","isPartOf":{"@id":"https:\/\/lottomat.com\/sl\/#website"},"primaryImageOfPage":{"@id":"https:\/\/lottomat.com\/sl\/igraj\/igranje-igre-powerball-na-spletu\/#primaryimage"},"image":{"@id":"https:\/\/lottomat.com\/sl\/igraj\/igranje-igre-powerball-na-spletu\/#primaryimage"},"thumbnailUrl":"https:\/\/lottomat.com\/wp-content\/uploads\/2025\/10\/play-Powerball-150x150.webp","datePublished":"2025-03-26T07:52:23+00:00","dateModified":"2026-02-26T10:29:24+00:00","description":"Ali \u017eelite igrati spletno loterijo Powerball? Nau\u010dite se, kako igrati Powerball, in postanite milijonar! Kupite listke za Powerball na spletu kadar koli!","breadcrumb":{"@id":"https:\/\/lottomat.com\/sl\/igraj\/igranje-igre-powerball-na-spletu\/#breadcrumb"},"inLanguage":"sl-SI","potentialAction":[{"@type":"ReadAction","target":["https:\/\/lottomat.com\/sl\/igraj\/igranje-igre-powerball-na-spletu\/"]}]},{"@type":"ImageObject","inLanguage":"sl-SI","@id":"https:\/\/lottomat.com\/sl\/igraj\/igranje-igre-powerball-na-spletu\/#primaryimage","url":"https:\/\/lottomat.com\/wp-content\/uploads\/2025\/10\/play-Powerball-150x150.webp","contentUrl":"https:\/\/lottomat.com\/wp-content\/uploads\/2025\/10\/play-Powerball-150x150.webp"},{"@type":"BreadcrumbList","@id":"https:\/\/lottomat.com\/sl\/igraj\/igranje-igre-powerball-na-spletu\/#breadcrumb","itemListElement":[{"@type":"ListItem","position":1,"name":"Home","item":"https:\/\/lottomat.com\/sl\/"},{"@type":"ListItem","position":2,"name":"Igranje loterije","item":"https:\/\/lottomat.com\/sl\/igraj\/"},{"@type":"ListItem","position":3,"name":"Igrajte Powerball na spletu \u2013 listki za Powerball"}]},{"@type":"WebSite","@id":"https:\/\/lottomat.com\/sl\/#website","url":"https:\/\/lottomat.com\/sl\/","name":"Lottomat","description":"","potentialAction":[{"@type":"SearchAction","target":{"@type":"EntryPoint","urlTemplate":"https:\/\/lottomat.com\/sl\/?s={search_term_string}"},"query-input":{"@type":"PropertyValueSpecification","valueRequired":true,"valueName":"search_term_string"}}],"inLanguage":"sl-SI"}]}},"_links":{"self":[{"href":"https:\/\/lottomat.com\/sl\/wp-json\/wp\/v2\/pages\/8456","targetHints":{"allow":["GET"]}}],"collection":[{"href":"https:\/\/lottomat.com\/sl\/wp-json\/wp\/v2\/pages"}],"about":[{"href":"https:\/\/lottomat.com\/sl\/wp-json\/wp\/v2\/types\/page"}],"author":[{"embeddable":true,"href":"https:\/\/lottomat.com\/sl\/wp-json\/wp\/v2\/users\/1"}],"replies":[{"embeddable":true,"href":"https:\/\/lottomat.com\/sl\/wp-json\/wp\/v2\/comments?post=8456"}],"version-history":[{"count":3,"href":"https:\/\/lottomat.com\/sl\/wp-json\/wp\/v2\/pages\/8456\/revisions"}],"predecessor-version":[{"id":271882,"href":"https:\/\/lottomat.com\/sl\/wp-json\/wp\/v2\/pages\/8456\/revisions\/271882"}],"up":[{"embeddable":true,"href":"https:\/\/lottomat.com\/sl\/wp-json\/wp\/v2\/pages\/6809"}],"wp:attachment":[{"href":"https:\/\/lottomat.com\/sl\/wp-json\/wp\/v2\/media?parent=8456"}],"curies":[{"name":"wp","href":"https:\/\/api.w.org\/{rel}","templated":true}]}}