{"id":6504,"date":"2025-03-26T07:12:15","date_gmt":"2025-03-26T07:12:15","guid":{"rendered":"https:\/\/lottomat.net\/domov-najvecje-svetovne-loterije-na-enem-mestu\/"},"modified":"2026-02-13T11:22:12","modified_gmt":"2026-02-13T11:22:12","slug":"domov-najvecje-svetovne-loterije-na-enem-mestu","status":"publish","type":"page","link":"https:\/\/lottomat.com\/sl\/","title":{"rendered":"Lottomat &#8211; najve\u010dje svetovne loterije na enem mestu"},"content":{"rendered":"\n\n<div class=\"kk-star-ratings kksr-auto kksr-align-left kksr-valign-top\"\n    data-payload='{&quot;align&quot;:&quot;left&quot;,&quot;id&quot;:&quot;6504&quot;,&quot;slug&quot;:&quot;default&quot;,&quot;valign&quot;:&quot;top&quot;,&quot;ignore&quot;:&quot;&quot;,&quot;reference&quot;:&quot;auto&quot;,&quot;class&quot;:&quot;&quot;,&quot;count&quot;:&quot;0&quot;,&quot;legendonly&quot;:&quot;&quot;,&quot;readonly&quot;:&quot;&quot;,&quot;score&quot;:&quot;0&quot;,&quot;starsonly&quot;:&quot;&quot;,&quot;best&quot;:&quot;5&quot;,&quot;gap&quot;:&quot;5&quot;,&quot;greet&quot;:&quot;Rate this page&quot;,&quot;legend&quot;:&quot;0\\\/5 - (0 votes)&quot;,&quot;size&quot;:&quot;30&quot;,&quot;title&quot;:&quot;Lottomat - najve\u010dje svetovne loterije na enem mestu&quot;,&quot;width&quot;:&quot;0&quot;,&quot;_legend&quot;:&quot;{score}\\\/{best} - ({count} {votes})&quot;,&quot;font_factor&quot;:&quot;1.25&quot;}'>\n            \n<div class=\"kksr-stars\">\n    \n<div class=\"kksr-stars-inactive\">\n            <div class=\"kksr-star\" data-star=\"1\" style=\"padding-right: 5px\">\n            \n\n<div class=\"kksr-icon\" style=\"width: 30px; height: 30px;\"><\/div>\n        <\/div>\n            <div class=\"kksr-star\" data-star=\"2\" style=\"padding-right: 5px\">\n            \n\n<div class=\"kksr-icon\" style=\"width: 30px; height: 30px;\"><\/div>\n        <\/div>\n            <div class=\"kksr-star\" data-star=\"3\" style=\"padding-right: 5px\">\n            \n\n<div class=\"kksr-icon\" style=\"width: 30px; height: 30px;\"><\/div>\n        <\/div>\n            <div class=\"kksr-star\" data-star=\"4\" style=\"padding-right: 5px\">\n            \n\n<div class=\"kksr-icon\" style=\"width: 30px; height: 30px;\"><\/div>\n        <\/div>\n            <div class=\"kksr-star\" data-star=\"5\" style=\"padding-right: 5px\">\n            \n\n<div class=\"kksr-icon\" style=\"width: 30px; height: 30px;\"><\/div>\n        <\/div>\n    <\/div>\n    \n<div class=\"kksr-stars-active\" style=\"width: 0px;\">\n            <div class=\"kksr-star\" style=\"padding-right: 5px\">\n            \n\n<div class=\"kksr-icon\" style=\"width: 30px; height: 30px;\"><\/div>\n        <\/div>\n            <div class=\"kksr-star\" style=\"padding-right: 5px\">\n            \n\n<div class=\"kksr-icon\" style=\"width: 30px; height: 30px;\"><\/div>\n        <\/div>\n            <div class=\"kksr-star\" style=\"padding-right: 5px\">\n            \n\n<div class=\"kksr-icon\" style=\"width: 30px; height: 30px;\"><\/div>\n        <\/div>\n            <div class=\"kksr-star\" style=\"padding-right: 5px\">\n            \n\n<div class=\"kksr-icon\" style=\"width: 30px; height: 30px;\"><\/div>\n        <\/div>\n            <div class=\"kksr-star\" style=\"padding-right: 5px\">\n            \n\n<div class=\"kksr-icon\" style=\"width: 30px; height: 30px;\"><\/div>\n        <\/div>\n    <\/div>\n<\/div>\n                \n\n<div class=\"kksr-legend\" style=\"font-size: 24px;\">\n            <span class=\"kksr-muted\">Rate this page<\/span>\n    <\/div>\n    <\/div>\n<h2 style=\"text-align: left;\"><img loading=\"lazy\" decoding=\"async\" class=\"alignleft wp-image-1091\" src=\"https:\/\/lottomat.com\/wp-content\/uploads\/2025\/03\/play-lotteries-available-in-other-countries-300x300.png\" alt=\"igrajte loterije, ki so na voljo v drugih dr\u017eavah\" width=\"130\" height=\"130\" srcset=\"https:\/\/lottomat.com\/wp-content\/uploads\/2025\/03\/play-lotteries-available-in-other-countries-300x300.png 300w, https:\/\/lottomat.com\/wp-content\/uploads\/2025\/03\/play-lotteries-available-in-other-countries-150x150.png 150w, https:\/\/lottomat.com\/wp-content\/uploads\/2025\/03\/play-lotteries-available-in-other-countries-100x100.png 100w, https:\/\/lottomat.com\/wp-content\/uploads\/2025\/03\/play-lotteries-available-in-other-countries.png 400w\" sizes=\"auto, (max-width: 130px) 100vw, 130px\" \/>Ali lahko igram loterije, ki so na voljo v drugih dr\u017eavah?<\/h2>\n<p>Da, da, da! Odgovor na najpogosteje zastavljeno vpra\u0161anje na\u0161ih igralcev je da &#8211; lahko igrate najve\u010dje svetovne loterije ne glede na dr\u017eavo va\u0161ega prebivali\u0161\u010da. Na spletni strani Lottomat so vam na voljo najve\u010dje loterije, ne da bi morali obiskati katerokoli pisarno za loterije, vklju\u010dno z najbli\u017ejo v va\u0161i dr\u017eavi prebivali\u0161\u010da. Pri Lottomat boste na\u0161li loterije, ki zagotavljajo najve\u010dje dobitke, med njimi SuperEnalotto, pri kateri morate za zmago glavne nagrade pravilno zadeti 6 \u0161tevilk od 90. Tu sta tudi Eurojackpot in EuroMillions, ki sta najpomembnej\u0161i evropski loteriji; za zmago morate izbrati le pet \u0161tevilk od 50. Pri nas lahko igrate tudi French Lotto, UK Lotto ali dve fantasti\u010dni \u0161panski loteriji, El Gordo in La Primitiva, ki ponujata visoke mo\u017enosti za zmago. V na\u0161em portfelju boste na\u0161li tudi najve\u010dje ameri\u0161ke loterije, vklju\u010dno s Powerball, Mega Millions in \u0161tevilnimi drugimi privla\u010dnimi mo\u017enostmi, ki vam omogo\u010dajo pove\u010danje mo\u017enosti za zmago.<\/p>\n<hr \/>\n<h2><img loading=\"lazy\" decoding=\"async\" class=\"alignleft wp-image-21538 lazy loaded\" src=\"https:\/\/lottomat.net\/wp-content\/uploads\/2020\/06\/euro-jackpot-2.png\" alt=\"euro jackpot\" width=\"130\" height=\"130\" data-src=\"https:\/\/lottomat.net\/wp-content\/uploads\/2020\/06\/euro-jackpot-2.png\" data-was-processed=\"true\" srcset=\"https:\/\/lottomat.com\/wp-content\/uploads\/2020\/06\/euro-jackpot-2.png 400w, https:\/\/lottomat.com\/wp-content\/uploads\/2020\/06\/euro-jackpot-2-300x300.png 300w, https:\/\/lottomat.com\/wp-content\/uploads\/2020\/06\/euro-jackpot-2-150x150.png 150w, https:\/\/lottomat.com\/wp-content\/uploads\/2020\/06\/euro-jackpot-2-100x100.png 100w\" sizes=\"auto, (max-width: 130px) 100vw, 130px\" \/>Kako lahko kupim sre\u010dke?<\/h2>\n<p>Nakup loterijskih sre\u010dk preko spleta je izjemno preprost, hiter in predvsem varen. Vse kar morate storiti je, da izberete loterijo, izberete \u0161tevilke, dokon\u010date preprosto registracijo, pla\u010date kupon in po \u017erebu preverite, ali ste pravilno izbrali.<\/p>\n<hr \/>\n<h2><img loading=\"lazy\" decoding=\"async\" class=\"alignleft wp-image-21566 lazy loaded\" src=\"https:\/\/lottomat.net\/wp-content\/uploads\/2020\/06\/Euro-Million.png\" alt=\"Euro Million\" width=\"130\" height=\"130\" data-src=\"https:\/\/lottomat.net\/wp-content\/uploads\/2020\/06\/Euro-Million.png\" data-was-processed=\"true\" srcset=\"https:\/\/lottomat.com\/wp-content\/uploads\/2020\/06\/Euro-Million.png 400w, https:\/\/lottomat.com\/wp-content\/uploads\/2020\/06\/Euro-Million-300x300.png 300w, https:\/\/lottomat.com\/wp-content\/uploads\/2020\/06\/Euro-Million-150x150.png 150w, https:\/\/lottomat.com\/wp-content\/uploads\/2020\/06\/Euro-Million-100x100.png 100w\" sizes=\"auto, (max-width: 130px) 100vw, 130px\" \/>Kaj se zgodi po tem, ko naro\u010dim kupon preko spleta?<\/h2>\n<p>Eden na\u0161ih predstavnikov bo v va\u0161em imenu kupil uradni kupon glede na \u0161tevilke, ki ste jih izbrali. Va\u0161 kupon bo shranjen v sefu do \u017ereba, \u0161tevilke, ki ste jih izbrali, pa bodo na va\u0161em uporabni\u0161kem ra\u010dunu na na\u0161i strani. Poleg tega vas bo Lottomat ob nakupu obvestil tudi po elektronski po\u0161ti o znesku, porabljenem za nakup sre\u010dk, na\u010dinu pla\u010dila in \u0161tevilkah, ki ste jih izbrali. Dodatno bo na va\u0161 ra\u010dun nalo\u017een skeniran dokument kupijenega kupona.<\/p>\n<hr \/>\n<h2><img loading=\"lazy\" decoding=\"async\" class=\"alignleft wp-image-21594 lazy loaded\" src=\"https:\/\/lottomat.net\/wp-content\/uploads\/2020\/06\/Euro-Millions.png\" alt=\"Euro Millions\" width=\"122\" height=\"122\" data-src=\"https:\/\/lottomat.net\/wp-content\/uploads\/2020\/06\/Euro-Millions.png\" data-was-processed=\"true\" srcset=\"https:\/\/lottomat.com\/wp-content\/uploads\/2020\/06\/Euro-Millions.png 400w, https:\/\/lottomat.com\/wp-content\/uploads\/2020\/06\/Euro-Millions-300x300.png 300w, https:\/\/lottomat.com\/wp-content\/uploads\/2020\/06\/Euro-Millions-150x150.png 150w, https:\/\/lottomat.com\/wp-content\/uploads\/2020\/06\/Euro-Millions-100x100.png 100w\" sizes=\"auto, (max-width: 122px) 100vw, 122px\" \/>Kako ne zamuditi jackpotov?<\/h2>\n<p>Lottomat vas bo obve\u0161\u010dal o prihajajo\u010dih jackpotih. Vnaprej boste prejeli elektronsko sporo\u010dilo, ki vas bo opominjalo na prihajajo\u010di \u017ereb, svoj urnik igre pa boste lahko na\u010drtovali z uporabo mo\u017enosti naro\u010dnine.<\/p>\n<p>&nbsp;<\/p>\n<hr \/>\n<h2><img loading=\"lazy\" decoding=\"async\" class=\"alignleft wp-image-21622 lazy loaded\" src=\"https:\/\/lottomat.net\/wp-content\/uploads\/2020\/06\/mega-millions.png\" alt=\"mega millions\" width=\"130\" height=\"130\" data-src=\"https:\/\/lottomat.net\/wp-content\/uploads\/2020\/06\/mega-millions.png\" data-was-processed=\"true\" srcset=\"https:\/\/lottomat.com\/wp-content\/uploads\/2020\/06\/mega-millions.png 400w, https:\/\/lottomat.com\/wp-content\/uploads\/2020\/06\/mega-millions-300x300.png 300w, https:\/\/lottomat.com\/wp-content\/uploads\/2020\/06\/mega-millions-150x150.png 150w, https:\/\/lottomat.com\/wp-content\/uploads\/2020\/06\/mega-millions-100x100.png 100w\" sizes=\"auto, (max-width: 130px) 100vw, 130px\" \/>Kaj \u010de zmagam?<\/h2>\n<p>Tudi v tem primeru vam Lottomat olaj\u0161a prevzem va\u0161ega dobitka. Vsi va\u0161i dobitki do 2.500 EUR so samodejno nakazani na va\u0161 ra\u010dun v na\u0161em sistemu takoj po \u017erebu in jih lahko uporabite za naslednje nakupe ali zahtevate dvig z va\u0161ega ra\u010duna. Vse to storite preko spleta &#8211; priro\u010dno in varno. V primeru znatnih nagrad vam bo Lottomat pomagal pri izbiri najugodnej\u0161e oblike prejema nagrade. Velike nagrade so obi\u010dajno nakazane na ban\u010dni ra\u010dun, ki ga dolo\u010dite, v nekaterih primerih pa je morda potrebna va\u0161a prisotnost pri prevzemu dobitka. Tudi to bomo uredili, tako da lahko v polnosti u\u017eivate v dobitku, kot so \u0161tevilni na\u0161i sedanji zmagovalci.<\/p>\n<hr \/>\n<h2><img loading=\"lazy\" decoding=\"async\" class=\"alignleft wp-image-21650 lazy loaded\" src=\"https:\/\/lottomat.net\/wp-content\/uploads\/2020\/06\/online-lotto.png\" alt=\"spletni loto\" width=\"130\" height=\"130\" data-src=\"https:\/\/lottomat.net\/wp-content\/uploads\/2020\/06\/online-lotto.png\" data-was-processed=\"true\" srcset=\"https:\/\/lottomat.com\/wp-content\/uploads\/2020\/06\/online-lotto.png 400w, https:\/\/lottomat.com\/wp-content\/uploads\/2020\/06\/online-lotto-300x300.png 300w, https:\/\/lottomat.com\/wp-content\/uploads\/2020\/06\/online-lotto-150x150.png 150w, https:\/\/lottomat.com\/wp-content\/uploads\/2020\/06\/online-lotto-100x100.png 100w\" sizes=\"auto, (max-width: 130px) 100vw, 130px\" \/>Ali obstajajo kakr\u0161ne koli metode za zmago?<\/h2>\n<p>\u017delimo vas prepri\u010dati, da takih metod ne poznamo. Loterije so, tako kot ve\u010dina \u0161tevil\u010dnih iger, temeljijo na naklju\u010dju. Verjetno ste sli\u0161ali, da je nekdo odkril sistem za igro Lotto ali drugo sre\u010dko. Kljub dokazom, ki ka\u017eejo, da so nekatere \u0161tevilke izvle\u010dene pogosteje kot druge, so strokovnjaki enotni, da dokazanega sistema ni. To je paradoks Lotta. Vsi imajo tu enake mo\u017enosti, zato bo morda ravno danes va\u0161 nabor \u0161tevilk zmagal. Torej igrajmo sistemati\u010dno, ker se lahko sre\u010da nasmehne kadarkoli. Na\u0161i sedanji zmagovalci predlagajo, da sta rednost in dosledno igranje klju\u010da do zmage.<\/p>\n<hr \/>\n<h2 style=\"text-align: center;\"><span style=\"color: #00b3ff;\">Pri nas lahko igrate 24\/7, 365 dni na leto.<\/span><\/h2>\n","protected":false},"excerpt":{"rendered":"<p>Ali lahko igram loterije, ki so na voljo v drugih dr\u017eavah? Da, da, da! Odgovor na najpogosteje zastavljeno vpra\u0161anje na\u0161ih igralcev je da &#8211; lahko igrate najve\u010dje svetovne loterije ne glede na dr\u017eavo va\u0161ega prebivali\u0161\u010da. Na spletni strani Lottomat so vam na voljo najve\u010dje loterije, ne da bi morali obiskati katerokoli pisarno za loterije, vklju\u010dno [&hellip;]<\/p>\n","protected":false},"author":1,"featured_media":0,"parent":0,"menu_order":1,"comment_status":"closed","ping_status":"closed","template":"lotto.php","meta":{"_et_pb_use_builder":"","_et_pb_old_content":"","_et_gb_content_width":"","exclude_from_search":false,"footnotes":""},"class_list":["post-6504","page","type-page","status-publish","hentry"],"yoast_head":"<!-- This site is optimized with the Yoast SEO plugin v23.8 - https:\/\/yoast.com\/wordpress\/plugins\/seo\/ -->\n<title>Lotto online - nakup loterijskih sre\u010dk na spletu - Lottomat.com<\/title>\n<meta name=\"description\" content=\"Lottomat ponuja najve\u010dje loterije na svetu z najbolj\u0161imi glavnimi dobitki. Igrajte na spletu in osvojite veliko! Kupite sre\u010dke in preverite rezultate.\" \/>\n<meta name=\"robots\" content=\"index, follow, max-snippet:-1, max-image-preview:large, max-video-preview:-1\" \/>\n<link rel=\"canonical\" href=\"https:\/\/lottomat.com\/sl\/\" \/>\n<meta property=\"og:locale\" content=\"sl_SI\" \/>\n<meta property=\"og:type\" content=\"article\" \/>\n<meta property=\"og:title\" content=\"Lotto online - nakup loterijskih sre\u010dk na spletu - Lottomat.com\" \/>\n<meta property=\"og:description\" content=\"Lottomat ponuja najve\u010dje loterije na svetu z najbolj\u0161imi glavnimi dobitki. Igrajte na spletu in osvojite veliko! Kupite sre\u010dke in preverite rezultate.\" \/>\n<meta property=\"og:url\" content=\"https:\/\/lottomat.com\/sl\/\" \/>\n<meta property=\"og:site_name\" content=\"Lottomat\" \/>\n<meta property=\"article:modified_time\" content=\"2026-02-13T11:22:12+00:00\" \/>\n<meta property=\"og:image\" content=\"https:\/\/lottomat.com\/wp-content\/uploads\/2025\/03\/play-lotteries-available-in-other-countries-300x300.png\" \/>\n<meta name=\"twitter:card\" content=\"summary_large_image\" \/>\n<meta name=\"twitter:label1\" content=\"Est. reading time\" \/>\n\t<meta name=\"twitter:data1\" content=\"4 minute\" \/>\n<script type=\"application\/ld+json\" class=\"yoast-schema-graph\">{\"@context\":\"https:\/\/schema.org\",\"@graph\":[{\"@type\":\"WebPage\",\"@id\":\"https:\/\/lottomat.com\/sl\/\",\"url\":\"https:\/\/lottomat.com\/sl\/\",\"name\":\"Lotto online - nakup loterijskih sre\u010dk na spletu - Lottomat.com\",\"isPartOf\":{\"@id\":\"https:\/\/lottomat.com\/sl\/#website\"},\"primaryImageOfPage\":{\"@id\":\"https:\/\/lottomat.com\/sl\/#primaryimage\"},\"image\":{\"@id\":\"https:\/\/lottomat.com\/sl\/#primaryimage\"},\"thumbnailUrl\":\"https:\/\/lottomat.com\/wp-content\/uploads\/2025\/03\/play-lotteries-available-in-other-countries-300x300.png\",\"datePublished\":\"2025-03-26T07:12:15+00:00\",\"dateModified\":\"2026-02-13T11:22:12+00:00\",\"description\":\"Lottomat ponuja najve\u010dje loterije na svetu z najbolj\u0161imi glavnimi dobitki. Igrajte na spletu in osvojite veliko! Kupite sre\u010dke in preverite rezultate.\",\"breadcrumb\":{\"@id\":\"https:\/\/lottomat.com\/sl\/#breadcrumb\"},\"inLanguage\":\"sl-SI\",\"potentialAction\":[{\"@type\":\"ReadAction\",\"target\":[\"https:\/\/lottomat.com\/sl\/\"]}]},{\"@type\":\"ImageObject\",\"inLanguage\":\"sl-SI\",\"@id\":\"https:\/\/lottomat.com\/sl\/#primaryimage\",\"url\":\"https:\/\/lottomat.com\/wp-content\/uploads\/2025\/03\/play-lotteries-available-in-other-countries-300x300.png\",\"contentUrl\":\"https:\/\/lottomat.com\/wp-content\/uploads\/2025\/03\/play-lotteries-available-in-other-countries-300x300.png\"},{\"@type\":\"BreadcrumbList\",\"@id\":\"https:\/\/lottomat.com\/sl\/#breadcrumb\",\"itemListElement\":[{\"@type\":\"ListItem\",\"position\":1,\"name\":\"Home\",\"item\":\"https:\/\/lottomat.com\/sl\/\"},{\"@type\":\"ListItem\",\"position\":2,\"name\":\"Lottomat &#8211; najve\u010dje svetovne loterije na enem mestu\"}]},{\"@type\":\"WebSite\",\"@id\":\"https:\/\/lottomat.com\/sl\/#website\",\"url\":\"https:\/\/lottomat.com\/sl\/\",\"name\":\"Lottomat\",\"description\":\"\",\"potentialAction\":[{\"@type\":\"SearchAction\",\"target\":{\"@type\":\"EntryPoint\",\"urlTemplate\":\"https:\/\/lottomat.com\/sl\/?s={search_term_string}\"},\"query-input\":{\"@type\":\"PropertyValueSpecification\",\"valueRequired\":true,\"valueName\":\"search_term_string\"}}],\"inLanguage\":\"sl-SI\"}]}<\/script>\n<!-- \/ Yoast SEO plugin. -->","yoast_head_json":{"title":"Lotto online - nakup loterijskih sre\u010dk na spletu - Lottomat.com","description":"Lottomat ponuja najve\u010dje loterije na svetu z najbolj\u0161imi glavnimi dobitki. Igrajte na spletu in osvojite veliko! Kupite sre\u010dke in preverite rezultate.","robots":{"index":"index","follow":"follow","max-snippet":"max-snippet:-1","max-image-preview":"max-image-preview:large","max-video-preview":"max-video-preview:-1"},"canonical":"https:\/\/lottomat.com\/sl\/","og_locale":"sl_SI","og_type":"article","og_title":"Lotto online - nakup loterijskih sre\u010dk na spletu - Lottomat.com","og_description":"Lottomat ponuja najve\u010dje loterije na svetu z najbolj\u0161imi glavnimi dobitki. Igrajte na spletu in osvojite veliko! Kupite sre\u010dke in preverite rezultate.","og_url":"https:\/\/lottomat.com\/sl\/","og_site_name":"Lottomat","article_modified_time":"2026-02-13T11:22:12+00:00","og_image":[{"url":"https:\/\/lottomat.com\/wp-content\/uploads\/2025\/03\/play-lotteries-available-in-other-countries-300x300.png"}],"twitter_card":"summary_large_image","twitter_misc":{"Est. reading time":"4 minute"},"schema":{"@context":"https:\/\/schema.org","@graph":[{"@type":"WebPage","@id":"https:\/\/lottomat.com\/sl\/","url":"https:\/\/lottomat.com\/sl\/","name":"Lotto online - nakup loterijskih sre\u010dk na spletu - Lottomat.com","isPartOf":{"@id":"https:\/\/lottomat.com\/sl\/#website"},"primaryImageOfPage":{"@id":"https:\/\/lottomat.com\/sl\/#primaryimage"},"image":{"@id":"https:\/\/lottomat.com\/sl\/#primaryimage"},"thumbnailUrl":"https:\/\/lottomat.com\/wp-content\/uploads\/2025\/03\/play-lotteries-available-in-other-countries-300x300.png","datePublished":"2025-03-26T07:12:15+00:00","dateModified":"2026-02-13T11:22:12+00:00","description":"Lottomat ponuja najve\u010dje loterije na svetu z najbolj\u0161imi glavnimi dobitki. Igrajte na spletu in osvojite veliko! Kupite sre\u010dke in preverite rezultate.","breadcrumb":{"@id":"https:\/\/lottomat.com\/sl\/#breadcrumb"},"inLanguage":"sl-SI","potentialAction":[{"@type":"ReadAction","target":["https:\/\/lottomat.com\/sl\/"]}]},{"@type":"ImageObject","inLanguage":"sl-SI","@id":"https:\/\/lottomat.com\/sl\/#primaryimage","url":"https:\/\/lottomat.com\/wp-content\/uploads\/2025\/03\/play-lotteries-available-in-other-countries-300x300.png","contentUrl":"https:\/\/lottomat.com\/wp-content\/uploads\/2025\/03\/play-lotteries-available-in-other-countries-300x300.png"},{"@type":"BreadcrumbList","@id":"https:\/\/lottomat.com\/sl\/#breadcrumb","itemListElement":[{"@type":"ListItem","position":1,"name":"Home","item":"https:\/\/lottomat.com\/sl\/"},{"@type":"ListItem","position":2,"name":"Lottomat &#8211; najve\u010dje svetovne loterije na enem mestu"}]},{"@type":"WebSite","@id":"https:\/\/lottomat.com\/sl\/#website","url":"https:\/\/lottomat.com\/sl\/","name":"Lottomat","description":"","potentialAction":[{"@type":"SearchAction","target":{"@type":"EntryPoint","urlTemplate":"https:\/\/lottomat.com\/sl\/?s={search_term_string}"},"query-input":{"@type":"PropertyValueSpecification","valueRequired":true,"valueName":"search_term_string"}}],"inLanguage":"sl-SI"}]}},"_links":{"self":[{"href":"https:\/\/lottomat.com\/sl\/wp-json\/wp\/v2\/pages\/6504","targetHints":{"allow":["GET"]}}],"collection":[{"href":"https:\/\/lottomat.com\/sl\/wp-json\/wp\/v2\/pages"}],"about":[{"href":"https:\/\/lottomat.com\/sl\/wp-json\/wp\/v2\/types\/page"}],"author":[{"embeddable":true,"href":"https:\/\/lottomat.com\/sl\/wp-json\/wp\/v2\/users\/1"}],"replies":[{"embeddable":true,"href":"https:\/\/lottomat.com\/sl\/wp-json\/wp\/v2\/comments?post=6504"}],"version-history":[{"count":1,"href":"https:\/\/lottomat.com\/sl\/wp-json\/wp\/v2\/pages\/6504\/revisions"}],"predecessor-version":[{"id":270978,"href":"https:\/\/lottomat.com\/sl\/wp-json\/wp\/v2\/pages\/6504\/revisions\/270978"}],"wp:attachment":[{"href":"https:\/\/lottomat.com\/sl\/wp-json\/wp\/v2\/media?parent=6504"}],"curies":[{"name":"wp","href":"https:\/\/api.w.org\/{rel}","templated":true}]}}