{"id":271978,"date":"2025-05-18T16:33:53","date_gmt":"2025-05-18T16:33:53","guid":{"rendered":"https:\/\/lottomat.com\/?page_id=271978"},"modified":"2026-02-26T14:51:03","modified_gmt":"2026-02-26T14:51:03","slug":"pravila-euromillions-austria-nagrade-in-jackpot","status":"publish","type":"page","link":"https:\/\/lottomat.com\/sl\/loterije\/pravila-euromillions-austria-nagrade-in-jackpot\/","title":{"rendered":"Pravila EuroMillions Austria: Nagrade in jackpot"},"content":{"rendered":"\n\n<div class=\"kk-star-ratings kksr-auto kksr-align-left kksr-valign-top\"\n    data-payload='{&quot;align&quot;:&quot;left&quot;,&quot;id&quot;:&quot;271978&quot;,&quot;slug&quot;:&quot;default&quot;,&quot;valign&quot;:&quot;top&quot;,&quot;ignore&quot;:&quot;&quot;,&quot;reference&quot;:&quot;auto&quot;,&quot;class&quot;:&quot;&quot;,&quot;count&quot;:&quot;0&quot;,&quot;legendonly&quot;:&quot;&quot;,&quot;readonly&quot;:&quot;&quot;,&quot;score&quot;:&quot;0&quot;,&quot;starsonly&quot;:&quot;&quot;,&quot;best&quot;:&quot;5&quot;,&quot;gap&quot;:&quot;5&quot;,&quot;greet&quot;:&quot;Rate this page&quot;,&quot;legend&quot;:&quot;0\\\/5 - (0 votes)&quot;,&quot;size&quot;:&quot;30&quot;,&quot;title&quot;:&quot;Pravila EuroMillions Austria: Nagrade in jackpot&quot;,&quot;width&quot;:&quot;0&quot;,&quot;_legend&quot;:&quot;{score}\\\/{best} - ({count} {votes})&quot;,&quot;font_factor&quot;:&quot;1.25&quot;}'>\n            \n<div class=\"kksr-stars\">\n    \n<div class=\"kksr-stars-inactive\">\n            <div class=\"kksr-star\" data-star=\"1\" style=\"padding-right: 5px\">\n            \n\n<div class=\"kksr-icon\" style=\"width: 30px; height: 30px;\"><\/div>\n        <\/div>\n            <div class=\"kksr-star\" data-star=\"2\" style=\"padding-right: 5px\">\n            \n\n<div class=\"kksr-icon\" style=\"width: 30px; height: 30px;\"><\/div>\n        <\/div>\n            <div class=\"kksr-star\" data-star=\"3\" style=\"padding-right: 5px\">\n            \n\n<div class=\"kksr-icon\" style=\"width: 30px; height: 30px;\"><\/div>\n        <\/div>\n            <div class=\"kksr-star\" data-star=\"4\" style=\"padding-right: 5px\">\n            \n\n<div class=\"kksr-icon\" style=\"width: 30px; height: 30px;\"><\/div>\n        <\/div>\n            <div class=\"kksr-star\" data-star=\"5\" style=\"padding-right: 5px\">\n            \n\n<div class=\"kksr-icon\" style=\"width: 30px; height: 30px;\"><\/div>\n        <\/div>\n    <\/div>\n    \n<div class=\"kksr-stars-active\" style=\"width: 0px;\">\n            <div class=\"kksr-star\" style=\"padding-right: 5px\">\n            \n\n<div class=\"kksr-icon\" style=\"width: 30px; height: 30px;\"><\/div>\n        <\/div>\n            <div class=\"kksr-star\" style=\"padding-right: 5px\">\n            \n\n<div class=\"kksr-icon\" style=\"width: 30px; height: 30px;\"><\/div>\n        <\/div>\n            <div class=\"kksr-star\" style=\"padding-right: 5px\">\n            \n\n<div class=\"kksr-icon\" style=\"width: 30px; height: 30px;\"><\/div>\n        <\/div>\n            <div class=\"kksr-star\" style=\"padding-right: 5px\">\n            \n\n<div class=\"kksr-icon\" style=\"width: 30px; height: 30px;\"><\/div>\n        <\/div>\n            <div class=\"kksr-star\" style=\"padding-right: 5px\">\n            \n\n<div class=\"kksr-icon\" style=\"width: 30px; height: 30px;\"><\/div>\n        <\/div>\n    <\/div>\n<\/div>\n                \n\n<div class=\"kksr-legend\" style=\"font-size: 24px;\">\n            <span class=\"kksr-muted\">Rate this page<\/span>\n    <\/div>\n    <\/div>\n<h2>Odkrijte vznemirljivost EuroMillions Austria \u2013 Va\u0161a vstopnica do \u017eivljenjsko spremenljivih zmag!<\/h2>\n<p><img loading=\"lazy\" decoding=\"async\" class=\"alignleft wp-image-268187\" src=\"https:\/\/lottomat.com\/wp-content\/uploads\/2026\/01\/Austrian-EuroMillions-prizes.webp\" alt=\"Nagrade avstrijskega EuroMillions\" width=\"200\" height=\"200\" srcset=\"https:\/\/lottomat.com\/wp-content\/uploads\/2026\/01\/Austrian-EuroMillions-prizes.webp 400w, https:\/\/lottomat.com\/wp-content\/uploads\/2026\/01\/Austrian-EuroMillions-prizes-300x300.webp 300w, https:\/\/lottomat.com\/wp-content\/uploads\/2026\/01\/Austrian-EuroMillions-prizes-150x150.webp 150w, https:\/\/lottomat.com\/wp-content\/uploads\/2026\/01\/Austrian-EuroMillions-prizes-100x100.webp 100w\" sizes=\"auto, (max-width: 200px) 100vw, 200px\" \/>Predstavljajte si, da se zbudite jutri in ugotovite, da se va\u0161e sanje kon\u010dno lahko uresni\u010dijo \u2013 razko\u0161na hi\u0161a, eksoti\u010dne po\u010ditnice, finan\u010dna varnost za va\u0161e najdra\u017eje in svoboda, da \u017eivite \u017eivljenje po svojih lastnih pogojih. Z EuroMillions Austria, uradno znano kot EuroMillions EU, bi ta sanja lahko postala va\u0161a resni\u010dnost! Kot ena izmed najbolj priljubljenih in vznemirljivih loterij v Evropi vam EuroMillions Austria ponuja edinstveno prilo\u017enost za osvajanje osupljivih jackpotov in sodelovanje v razburljivi, \u017eivljenjsko spreminjajo\u010di izku\u0161nji. Poglejmo si vse, kar morate vedeti o tej neverjetni loteriji in kaj jo lo\u010di od njene britanske ustreznice. Izvejte ve\u010d o pravilih EuroMillions Austria, in nato&#8230; <a href=\"https:\/\/lottomat.com\/sl\/igranje-loterije\/euromillions-eu-online-euromillions-austria-listki\/\">igrajte EuroMillions Austria online<\/a> pri Lottomatu!<\/p>\n<h2>Kaj je EuroMillions Austria (EuroMillions EU)?<\/h2>\n<p>EuroMillions Austria je avstrijska udele\u017eba v znani loteriji EuroMillions, nadnacionalni evropski loteriji, ki zdru\u017euje igralce iz Avstrije, \u0160panije, Francije, Belgije, Irske, Luksemburga, Portugalske in \u0160vice. Ustanovljena leta 2004, je EuroMillions hitro postala senzacija po vsej celini zahvaljujo\u010d ogromnim jackpotom in preprostemu, privla\u010dnemu na\u010dinu igranja.<\/p>\n<p>Za igranje EuroMillions Austria udele\u017eenci izberejo pet glavnih \u0161tevilk od 1 do 50 in dve \u0161tevilki Lucky Star od 1 do 12. \u017drebanja potekajo vsak torek in petek zve\u010der v Parizu, vznemirjenje pa je otipljivo, ko milijoni Evropejcev zadr\u017eijo dih v upanju, da se bodo pokazale njihove \u0161tevilke!<\/p>\n<h2>Kako deluje EuroMillions Austria? Pravila EuroMillions Austria<img loading=\"lazy\" decoding=\"async\" class=\"alignright wp-image-268217\" src=\"https:\/\/lottomat.com\/wp-content\/uploads\/2026\/01\/Austrian-EuroMillions-rules.webp\" alt=\"Pravila avstrijskega EuroMillions\" width=\"200\" height=\"200\" srcset=\"https:\/\/lottomat.com\/wp-content\/uploads\/2026\/01\/Austrian-EuroMillions-rules.webp 400w, https:\/\/lottomat.com\/wp-content\/uploads\/2026\/01\/Austrian-EuroMillions-rules-300x300.webp 300w, https:\/\/lottomat.com\/wp-content\/uploads\/2026\/01\/Austrian-EuroMillions-rules-150x150.webp 150w, https:\/\/lottomat.com\/wp-content\/uploads\/2026\/01\/Austrian-EuroMillions-rules-100x100.webp 100w\" sizes=\"auto, (max-width: 200px) 100vw, 200px\" \/><\/h2>\n<p>Za\u010detek je enostaven in dostopen za vsakogar. <a href=\"https:\/\/lottomat.com\/sl\/igranje-loterije\/\">Listke za loterijo lahko kupite<\/a> pri poobla\u0161\u010denih prodajnih mestih po vsej Avstriji ali pa igrate online iz udobja svojega doma. Minimalni jackpot za\u010dne pri osupljivih 17 milijonih evrov, z akumuliranjem pa lahko skokovito naraste vse do neverjetnih 240 milijonov evrov! Obstaja 13 razli\u010dnih nagradnih razredov, kar pomeni, da imate ve\u010d mo\u017enosti za zmago, tudi \u010de ne zadanete jackpota.<\/p>\n<p>Ko igrate EuroMillions Austria, se ne pridru\u017eujete le loteriji \u2013 pridru\u017eujete se skupnosti sanja\u010dev, ki vsi upajo na tisti \u010darobni trenutek, ko se njihovo \u017eivljenje za vedno spremeni. Ne glede na to, ali zmagate manj\u0161o nagrado ali zadanete rekordni jackpot, vsak listek nosi obljubo svetlej\u0161ega jutri\u0161njega dne.<\/p>\n<h2>EuroMillions Austria proti EuroMillions UK \u2013 Klju\u010dne razlike<\/h2>\n<p><img loading=\"lazy\" decoding=\"async\" class=\"alignleft wp-image-268247\" src=\"https:\/\/lottomat.com\/wp-content\/uploads\/2026\/01\/EuroMillions-Austria-jackpot.webp\" alt=\"Jackpot EuroMillions Austria\" width=\"200\" height=\"200\" srcset=\"https:\/\/lottomat.com\/wp-content\/uploads\/2026\/01\/EuroMillions-Austria-jackpot.webp 400w, https:\/\/lottomat.com\/wp-content\/uploads\/2026\/01\/EuroMillions-Austria-jackpot-300x300.webp 300w, https:\/\/lottomat.com\/wp-content\/uploads\/2026\/01\/EuroMillions-Austria-jackpot-150x150.webp 150w, https:\/\/lottomat.com\/wp-content\/uploads\/2026\/01\/EuroMillions-Austria-jackpot-100x100.webp 100w\" sizes=\"auto, (max-width: 200px) 100vw, 200px\" \/>\u010ceprav sta tako Avstrija kot Zdru\u017eeno kraljestvo udele\u017eenki EuroMillions, je treba biti pozoren na nekatere pomembne razlike:<\/p>\n<ol>\n<li><strong>Cena listka<\/strong>: V Avstriji je cena posameznega <a href=\"https:\/\/lottomat.com\/sl\/igranje-loterije\/euromillions-eu-online-euromillions-austria-listki\/\">listka EuroMillions Austria<\/a> izra\u017eena v evrih. V Zdru\u017eenem kraljestvu je cena listka izra\u010dunana v britanskih funtih in je nekoliko vi\u0161ja kot v Avstriji, saj vklju\u010duje sodelovanje v igri UK Millionaire Maker, ki v vsakem \u017erebanju zagotavlja vsaj enega britanskega milijonarja.<\/li>\n<li><strong>Valuta in nagrade<\/strong>: Nagrade EuroMillions Austria so izpla\u010dane v evrih, medtem ko britanski igralci prejemajo dobitek v britanskih funtih. Vrednost sekundarnih nagrad se lahko nekoliko razlikuje zaradi menjalnih te\u010dajev.<\/li>\n<li><strong>Dodatne igre<\/strong>: Avstrijski igralci lahko sodelujejo v \u00bb\u00d6sterreich Bonus\u00ab \u2013 ekskluzivnem dodatnem \u017erebanju, ki vam daje \u0161e ve\u010d mo\u017enosti za zmago. Britanska ustreznica je Millionaire Maker, ki je samodejno vklju\u010den v vsak listek.<\/li>\n<li><strong>Obdav\u010ditev<\/strong>: V Avstriji so loterijski dobitki opro\u0161\u010deni davka, tako da obdr\u017eite vsak cent svoje nagrade! V Zdru\u017eenem kraljestvu so loterijski dobitki prav tako trenutno opro\u0161\u010deni davka, a vedno preverite najnovej\u0161e predpise.<\/li>\n<\/ol>\n<h2>Zakaj igrati EuroMillions Austria? \u010carobnost \u017eivljenjsko spremenljivih zmag<\/h2>\n<p>EuroMillions Austria ne gre le za velik denar \u2013 gre za upanje, vznemirjenje in napet ob\u010dutek mo\u017enosti. Vsako \u017erebanje je nova prilo\u017enost, da obrnete svoje \u017eivljenje na glavo, razveselite svojo dru\u017eino, podprete dobrodelne organizacije ali se podate na velike pustolov\u0161\u010dine, o katerih ste vedno sanjali. Zgodbe o navadnih ljudeh, ki \u010dez no\u010d postanejo milijonarji, so resni\u010dne in navdu\u0161ujo\u010de \u2013 morda ste naslednji vi!<img loading=\"lazy\" decoding=\"async\" class=\"alignright wp-image-268278\" src=\"https:\/\/lottomat.com\/wp-content\/uploads\/2026\/01\/EuroMillions-Austria-rules.webp\" alt=\"Pravila EuroMillions Austria\" width=\"200\" height=\"200\" srcset=\"https:\/\/lottomat.com\/wp-content\/uploads\/2026\/01\/EuroMillions-Austria-rules.webp 400w, https:\/\/lottomat.com\/wp-content\/uploads\/2026\/01\/EuroMillions-Austria-rules-300x300.webp 300w, https:\/\/lottomat.com\/wp-content\/uploads\/2026\/01\/EuroMillions-Austria-rules-150x150.webp 150w, https:\/\/lottomat.com\/wp-content\/uploads\/2026\/01\/EuroMillions-Austria-rules-100x100.webp 100w\" sizes=\"auto, (max-width: 200px) 100vw, 200px\" \/><\/p>\n<p>Na kaj \u0161e \u010dakate? Naslednje \u017erebanje EuroMillions Austria bi lahko bilo va\u0161a vstopnica v prihodnost, polno smeha, razko\u0161ja in neomejenih mo\u017enosti. Kupite listek, sanjajte veliko in sprejmite vznemirjenje \u2013 ker z EuroMillions Austria je vse mogo\u010de!<\/p>\n<p><strong>Pridru\u017eite se vznemirjenju danes \u2013 in pustite, da va\u0161e sanje vzletijo z EuroMillions Austria! Preverite <a href=\"https:\/\/lottomat.com\/sl\/loterija-rezultati\/rezultati-euromillions-austria-zmagovalne-stevilke-euromillions-eu\/\">zmagovalne \u0161tevilke EuroMillions Austria<\/a>.<\/strong><\/p>\n","protected":false},"excerpt":{"rendered":"<p>Odkrijte vznemirljivost EuroMillions Austria \u2013 Va\u0161a vstopnica do \u017eivljenjsko spremenljivih zmag! Predstavljajte si, da se zbudite jutri in ugotovite, da se va\u0161e sanje kon\u010dno lahko uresni\u010dijo \u2013 razko\u0161na hi\u0161a, eksoti\u010dne po\u010ditnice, finan\u010dna varnost za va\u0161e najdra\u017eje in svoboda, da \u017eivite \u017eivljenje po svojih lastnih pogojih. Z EuroMillions Austria, uradno znano kot EuroMillions EU, bi ta [&hellip;]<\/p>\n","protected":false},"author":2,"featured_media":0,"parent":6956,"menu_order":0,"comment_status":"closed","ping_status":"closed","template":"euromillions-at-info.php","meta":{"_et_pb_use_builder":"","_et_pb_old_content":"","_et_gb_content_width":"","exclude_from_search":false,"footnotes":""},"class_list":["post-271978","page","type-page","status-publish","hentry"],"yoast_head":"<!-- This site is optimized with the Yoast SEO plugin v23.8 - https:\/\/yoast.com\/wordpress\/plugins\/seo\/ -->\n<title>Pravila EuroMillions Austria: Nagrade in jackpot \u2013 Lottomat<\/title>\n<meta name=\"robots\" content=\"index, follow, max-snippet:-1, max-image-preview:large, max-video-preview:-1\" \/>\n<link rel=\"canonical\" href=\"https:\/\/lottomat.com\/sl\/loterije\/pravila-euromillions-austria-nagrade-in-jackpot\/\" \/>\n<meta property=\"og:locale\" content=\"sl_SI\" \/>\n<meta property=\"og:type\" content=\"article\" \/>\n<meta property=\"og:title\" content=\"Pravila EuroMillions Austria: Nagrade in jackpot \u2013 Lottomat\" \/>\n<meta property=\"og:description\" content=\"Odkrijte vznemirljivost EuroMillions Austria \u2013 Va\u0161a vstopnica do \u017eivljenjsko spremenljivih zmag! Predstavljajte si, da se zbudite jutri in ugotovite, da se va\u0161e sanje kon\u010dno lahko uresni\u010dijo \u2013 razko\u0161na hi\u0161a, eksoti\u010dne po\u010ditnice, finan\u010dna varnost za va\u0161e najdra\u017eje in svoboda, da \u017eivite \u017eivljenje po svojih lastnih pogojih. Z EuroMillions Austria, uradno znano kot EuroMillions EU, bi ta [&hellip;]\" \/>\n<meta property=\"og:url\" content=\"https:\/\/lottomat.com\/sl\/loterije\/pravila-euromillions-austria-nagrade-in-jackpot\/\" \/>\n<meta property=\"og:site_name\" content=\"Lottomat\" \/>\n<meta property=\"article:modified_time\" content=\"2026-02-26T14:51:03+00:00\" \/>\n<meta property=\"og:image\" content=\"https:\/\/lottomat.com\/wp-content\/uploads\/2026\/01\/Austrian-EuroMillions-prizes.webp\" \/>\n\t<meta property=\"og:image:width\" content=\"400\" \/>\n\t<meta property=\"og:image:height\" content=\"400\" \/>\n\t<meta property=\"og:image:type\" content=\"image\/webp\" \/>\n<meta name=\"twitter:card\" content=\"summary_large_image\" \/>\n<meta name=\"twitter:label1\" content=\"Est. reading time\" \/>\n\t<meta name=\"twitter:data1\" content=\"4 minute\" \/>\n<script type=\"application\/ld+json\" class=\"yoast-schema-graph\">{\"@context\":\"https:\/\/schema.org\",\"@graph\":[{\"@type\":\"WebPage\",\"@id\":\"https:\/\/lottomat.com\/sl\/loterije\/pravila-euromillions-austria-nagrade-in-jackpot\/\",\"url\":\"https:\/\/lottomat.com\/sl\/loterije\/pravila-euromillions-austria-nagrade-in-jackpot\/\",\"name\":\"Pravila EuroMillions Austria: Nagrade in jackpot \u2013 Lottomat\",\"isPartOf\":{\"@id\":\"https:\/\/lottomat.com\/sl\/#website\"},\"primaryImageOfPage\":{\"@id\":\"https:\/\/lottomat.com\/sl\/loterije\/pravila-euromillions-austria-nagrade-in-jackpot\/#primaryimage\"},\"image\":{\"@id\":\"https:\/\/lottomat.com\/sl\/loterije\/pravila-euromillions-austria-nagrade-in-jackpot\/#primaryimage\"},\"thumbnailUrl\":\"https:\/\/lottomat.com\/wp-content\/uploads\/2026\/01\/Austrian-EuroMillions-prizes.webp\",\"datePublished\":\"2025-05-18T16:33:53+00:00\",\"dateModified\":\"2026-02-26T14:51:03+00:00\",\"breadcrumb\":{\"@id\":\"https:\/\/lottomat.com\/sl\/loterije\/pravila-euromillions-austria-nagrade-in-jackpot\/#breadcrumb\"},\"inLanguage\":\"sl-SI\",\"potentialAction\":[{\"@type\":\"ReadAction\",\"target\":[\"https:\/\/lottomat.com\/sl\/loterije\/pravila-euromillions-austria-nagrade-in-jackpot\/\"]}]},{\"@type\":\"ImageObject\",\"inLanguage\":\"sl-SI\",\"@id\":\"https:\/\/lottomat.com\/sl\/loterije\/pravila-euromillions-austria-nagrade-in-jackpot\/#primaryimage\",\"url\":\"https:\/\/lottomat.com\/wp-content\/uploads\/2026\/01\/Austrian-EuroMillions-prizes.webp\",\"contentUrl\":\"https:\/\/lottomat.com\/wp-content\/uploads\/2026\/01\/Austrian-EuroMillions-prizes.webp\"},{\"@type\":\"BreadcrumbList\",\"@id\":\"https:\/\/lottomat.com\/sl\/loterije\/pravila-euromillions-austria-nagrade-in-jackpot\/#breadcrumb\",\"itemListElement\":[{\"@type\":\"ListItem\",\"position\":1,\"name\":\"Home\",\"item\":\"https:\/\/lottomat.com\/sl\/\"},{\"@type\":\"ListItem\",\"position\":2,\"name\":\"Pravila loterije: nagrade, jackpot in mo\u017enosti\",\"item\":\"https:\/\/lottomat.com\/sl\/loterije\/\"},{\"@type\":\"ListItem\",\"position\":3,\"name\":\"Pravila EuroMillions Austria: Nagrade in jackpot\"}]},{\"@type\":\"WebSite\",\"@id\":\"https:\/\/lottomat.com\/sl\/#website\",\"url\":\"https:\/\/lottomat.com\/sl\/\",\"name\":\"Lottomat\",\"description\":\"\",\"potentialAction\":[{\"@type\":\"SearchAction\",\"target\":{\"@type\":\"EntryPoint\",\"urlTemplate\":\"https:\/\/lottomat.com\/sl\/?s={search_term_string}\"},\"query-input\":{\"@type\":\"PropertyValueSpecification\",\"valueRequired\":true,\"valueName\":\"search_term_string\"}}],\"inLanguage\":\"sl-SI\"}]}<\/script>\n<!-- \/ Yoast SEO plugin. -->","yoast_head_json":{"title":"Pravila EuroMillions Austria: Nagrade in jackpot \u2013 Lottomat","robots":{"index":"index","follow":"follow","max-snippet":"max-snippet:-1","max-image-preview":"max-image-preview:large","max-video-preview":"max-video-preview:-1"},"canonical":"https:\/\/lottomat.com\/sl\/loterije\/pravila-euromillions-austria-nagrade-in-jackpot\/","og_locale":"sl_SI","og_type":"article","og_title":"Pravila EuroMillions Austria: Nagrade in jackpot \u2013 Lottomat","og_description":"Odkrijte vznemirljivost EuroMillions Austria \u2013 Va\u0161a vstopnica do \u017eivljenjsko spremenljivih zmag! Predstavljajte si, da se zbudite jutri in ugotovite, da se va\u0161e sanje kon\u010dno lahko uresni\u010dijo \u2013 razko\u0161na hi\u0161a, eksoti\u010dne po\u010ditnice, finan\u010dna varnost za va\u0161e najdra\u017eje in svoboda, da \u017eivite \u017eivljenje po svojih lastnih pogojih. Z EuroMillions Austria, uradno znano kot EuroMillions EU, bi ta [&hellip;]","og_url":"https:\/\/lottomat.com\/sl\/loterije\/pravila-euromillions-austria-nagrade-in-jackpot\/","og_site_name":"Lottomat","article_modified_time":"2026-02-26T14:51:03+00:00","og_image":[{"width":400,"height":400,"url":"https:\/\/lottomat.com\/wp-content\/uploads\/2026\/01\/Austrian-EuroMillions-prizes.webp","type":"image\/webp"}],"twitter_card":"summary_large_image","twitter_misc":{"Est. reading time":"4 minute"},"schema":{"@context":"https:\/\/schema.org","@graph":[{"@type":"WebPage","@id":"https:\/\/lottomat.com\/sl\/loterije\/pravila-euromillions-austria-nagrade-in-jackpot\/","url":"https:\/\/lottomat.com\/sl\/loterije\/pravila-euromillions-austria-nagrade-in-jackpot\/","name":"Pravila EuroMillions Austria: Nagrade in jackpot \u2013 Lottomat","isPartOf":{"@id":"https:\/\/lottomat.com\/sl\/#website"},"primaryImageOfPage":{"@id":"https:\/\/lottomat.com\/sl\/loterije\/pravila-euromillions-austria-nagrade-in-jackpot\/#primaryimage"},"image":{"@id":"https:\/\/lottomat.com\/sl\/loterije\/pravila-euromillions-austria-nagrade-in-jackpot\/#primaryimage"},"thumbnailUrl":"https:\/\/lottomat.com\/wp-content\/uploads\/2026\/01\/Austrian-EuroMillions-prizes.webp","datePublished":"2025-05-18T16:33:53+00:00","dateModified":"2026-02-26T14:51:03+00:00","breadcrumb":{"@id":"https:\/\/lottomat.com\/sl\/loterije\/pravila-euromillions-austria-nagrade-in-jackpot\/#breadcrumb"},"inLanguage":"sl-SI","potentialAction":[{"@type":"ReadAction","target":["https:\/\/lottomat.com\/sl\/loterije\/pravila-euromillions-austria-nagrade-in-jackpot\/"]}]},{"@type":"ImageObject","inLanguage":"sl-SI","@id":"https:\/\/lottomat.com\/sl\/loterije\/pravila-euromillions-austria-nagrade-in-jackpot\/#primaryimage","url":"https:\/\/lottomat.com\/wp-content\/uploads\/2026\/01\/Austrian-EuroMillions-prizes.webp","contentUrl":"https:\/\/lottomat.com\/wp-content\/uploads\/2026\/01\/Austrian-EuroMillions-prizes.webp"},{"@type":"BreadcrumbList","@id":"https:\/\/lottomat.com\/sl\/loterije\/pravila-euromillions-austria-nagrade-in-jackpot\/#breadcrumb","itemListElement":[{"@type":"ListItem","position":1,"name":"Home","item":"https:\/\/lottomat.com\/sl\/"},{"@type":"ListItem","position":2,"name":"Pravila loterije: nagrade, jackpot in mo\u017enosti","item":"https:\/\/lottomat.com\/sl\/loterije\/"},{"@type":"ListItem","position":3,"name":"Pravila EuroMillions Austria: Nagrade in jackpot"}]},{"@type":"WebSite","@id":"https:\/\/lottomat.com\/sl\/#website","url":"https:\/\/lottomat.com\/sl\/","name":"Lottomat","description":"","potentialAction":[{"@type":"SearchAction","target":{"@type":"EntryPoint","urlTemplate":"https:\/\/lottomat.com\/sl\/?s={search_term_string}"},"query-input":{"@type":"PropertyValueSpecification","valueRequired":true,"valueName":"search_term_string"}}],"inLanguage":"sl-SI"}]}},"_links":{"self":[{"href":"https:\/\/lottomat.com\/sl\/wp-json\/wp\/v2\/pages\/271978","targetHints":{"allow":["GET"]}}],"collection":[{"href":"https:\/\/lottomat.com\/sl\/wp-json\/wp\/v2\/pages"}],"about":[{"href":"https:\/\/lottomat.com\/sl\/wp-json\/wp\/v2\/types\/page"}],"author":[{"embeddable":true,"href":"https:\/\/lottomat.com\/sl\/wp-json\/wp\/v2\/users\/2"}],"replies":[{"embeddable":true,"href":"https:\/\/lottomat.com\/sl\/wp-json\/wp\/v2\/comments?post=271978"}],"version-history":[{"count":2,"href":"https:\/\/lottomat.com\/sl\/wp-json\/wp\/v2\/pages\/271978\/revisions"}],"predecessor-version":[{"id":271980,"href":"https:\/\/lottomat.com\/sl\/wp-json\/wp\/v2\/pages\/271978\/revisions\/271980"}],"up":[{"embeddable":true,"href":"https:\/\/lottomat.com\/sl\/wp-json\/wp\/v2\/pages\/6956"}],"wp:attachment":[{"href":"https:\/\/lottomat.com\/sl\/wp-json\/wp\/v2\/media?parent=271978"}],"curies":[{"name":"wp","href":"https:\/\/api.w.org\/{rel}","templated":true}]}}