{"id":271973,"date":"2025-05-18T16:34:38","date_gmt":"2025-05-18T16:34:38","guid":{"rendered":"https:\/\/lottomat.com\/?page_id=271973"},"modified":"2026-02-26T14:48:04","modified_gmt":"2026-02-26T14:48:04","slug":"rezultati-euromillions-austria-zmagovalne-stevilke-euromillions-eu","status":"publish","type":"page","link":"https:\/\/lottomat.com\/sl\/rezultati\/rezultati-euromillions-austria-zmagovalne-stevilke-euromillions-eu\/","title":{"rendered":"Rezultati Euromillions Austria &#8211; Zmagovalne \u0161tevilke Euromillions EU"},"content":{"rendered":"\n\n<div class=\"kk-star-ratings kksr-auto kksr-align-left kksr-valign-top\"\n    data-payload='{&quot;align&quot;:&quot;left&quot;,&quot;id&quot;:&quot;271973&quot;,&quot;slug&quot;:&quot;default&quot;,&quot;valign&quot;:&quot;top&quot;,&quot;ignore&quot;:&quot;&quot;,&quot;reference&quot;:&quot;auto&quot;,&quot;class&quot;:&quot;&quot;,&quot;count&quot;:&quot;0&quot;,&quot;legendonly&quot;:&quot;&quot;,&quot;readonly&quot;:&quot;&quot;,&quot;score&quot;:&quot;0&quot;,&quot;starsonly&quot;:&quot;&quot;,&quot;best&quot;:&quot;5&quot;,&quot;gap&quot;:&quot;5&quot;,&quot;greet&quot;:&quot;Rate this page&quot;,&quot;legend&quot;:&quot;0\\\/5 - (0 votes)&quot;,&quot;size&quot;:&quot;30&quot;,&quot;title&quot;:&quot;Rezultati Euromillions Austria - Zmagovalne \u0161tevilke Euromillions EU&quot;,&quot;width&quot;:&quot;0&quot;,&quot;_legend&quot;:&quot;{score}\\\/{best} - ({count} {votes})&quot;,&quot;font_factor&quot;:&quot;1.25&quot;}'>\n            \n<div class=\"kksr-stars\">\n    \n<div class=\"kksr-stars-inactive\">\n            <div class=\"kksr-star\" data-star=\"1\" style=\"padding-right: 5px\">\n            \n\n<div class=\"kksr-icon\" style=\"width: 30px; height: 30px;\"><\/div>\n        <\/div>\n            <div class=\"kksr-star\" data-star=\"2\" style=\"padding-right: 5px\">\n            \n\n<div class=\"kksr-icon\" style=\"width: 30px; height: 30px;\"><\/div>\n        <\/div>\n            <div class=\"kksr-star\" data-star=\"3\" style=\"padding-right: 5px\">\n            \n\n<div class=\"kksr-icon\" style=\"width: 30px; height: 30px;\"><\/div>\n        <\/div>\n            <div class=\"kksr-star\" data-star=\"4\" style=\"padding-right: 5px\">\n            \n\n<div class=\"kksr-icon\" style=\"width: 30px; height: 30px;\"><\/div>\n        <\/div>\n            <div class=\"kksr-star\" data-star=\"5\" style=\"padding-right: 5px\">\n            \n\n<div class=\"kksr-icon\" style=\"width: 30px; height: 30px;\"><\/div>\n        <\/div>\n    <\/div>\n    \n<div class=\"kksr-stars-active\" style=\"width: 0px;\">\n            <div class=\"kksr-star\" style=\"padding-right: 5px\">\n            \n\n<div class=\"kksr-icon\" style=\"width: 30px; height: 30px;\"><\/div>\n        <\/div>\n            <div class=\"kksr-star\" style=\"padding-right: 5px\">\n            \n\n<div class=\"kksr-icon\" style=\"width: 30px; height: 30px;\"><\/div>\n        <\/div>\n            <div class=\"kksr-star\" style=\"padding-right: 5px\">\n            \n\n<div class=\"kksr-icon\" style=\"width: 30px; height: 30px;\"><\/div>\n        <\/div>\n            <div class=\"kksr-star\" style=\"padding-right: 5px\">\n            \n\n<div class=\"kksr-icon\" style=\"width: 30px; height: 30px;\"><\/div>\n        <\/div>\n            <div class=\"kksr-star\" style=\"padding-right: 5px\">\n            \n\n<div class=\"kksr-icon\" style=\"width: 30px; height: 30px;\"><\/div>\n        <\/div>\n    <\/div>\n<\/div>\n                \n\n<div class=\"kksr-legend\" style=\"font-size: 24px;\">\n            <span class=\"kksr-muted\">Rate this page<\/span>\n    <\/div>\n    <\/div>\n<h2>Odkrijte vznemirljivost rezultatov EuroMillions Austria<img loading=\"lazy\" decoding=\"async\" class=\"alignright wp-image-268309\" src=\"https:\/\/lottomat.com\/wp-content\/uploads\/2026\/01\/Austrian-EuroMillions-draw.webp\" alt=\"\u017drebanje avstrijskega EuroMillions\" width=\"200\" height=\"200\" srcset=\"https:\/\/lottomat.com\/wp-content\/uploads\/2026\/01\/Austrian-EuroMillions-draw.webp 400w, https:\/\/lottomat.com\/wp-content\/uploads\/2026\/01\/Austrian-EuroMillions-draw-300x300.webp 300w, https:\/\/lottomat.com\/wp-content\/uploads\/2026\/01\/Austrian-EuroMillions-draw-150x150.webp 150w, https:\/\/lottomat.com\/wp-content\/uploads\/2026\/01\/Austrian-EuroMillions-draw-100x100.webp 100w\" sizes=\"auto, (max-width: 200px) 100vw, 200px\" \/><\/h2>\n<p>\u010ce ste kdaj sanjali o tem, da bi \u010dez no\u010d spremenili svoje \u017eivljenje, je EuroMillions Austria loterija, ki sanje spreminja v resni\u010dnost. S svojimi vznemirljivimi \u017erebanji, jackpoti, ki spremenijo \u017eivljenje, in zgodbami o neverjetnih zmagovalcih EuroMillions Austria vsak teden vzbuja domi\u0161ljijo milijonov po vsej Evropi. Ne glede na to, ali ste izku\u0161en igralec ali pa \u0161ele razmi\u0161ljate o nakupu svojega prvega listka, branje o rezultatih in mo\u017enostih lahko v vas v\u017ege iskrico vznemirjenja in upanja. Potopimo se v svet rezultatov EuroMillions Austria, razi\u0161\u010dimo najve\u010dje zmage in poglejmo, kako pogosto sre\u010da nasmihlja sre\u010dnim igralcem!<\/p>\n<h2>Rekordne zmage: Spoznajte najve\u010dje zmagovalce EuroMillions Austria<\/h2>\n<p>Ko gre za osupljive jackpote, je EuroMillions Austria zagotovo zapisana v zgodovino. Loterija, kot del \u0161ir\u0161ega konzorcija EuroMillions, redno ponuja nagrade, ki lahko dose\u017eejo izjemne zneske, ki v\u010dasih prese\u017eejo 100 milijonov evrov. Skozi leta so se v Avstriji zgodile nekatere izjemne zmage, ki so za vedno spremenile \u017eivljenja tistih, ki so imeli sre\u010dne listke.<img loading=\"lazy\" decoding=\"async\" class=\"alignleft wp-image-268340\" src=\"https:\/\/lottomat.com\/wp-content\/uploads\/2026\/01\/Austrian-EuroMillions-numbers.webp\" alt=\"\u0160tevilke avstrijskega EuroMillions\" width=\"200\" height=\"200\" srcset=\"https:\/\/lottomat.com\/wp-content\/uploads\/2026\/01\/Austrian-EuroMillions-numbers.webp 400w, https:\/\/lottomat.com\/wp-content\/uploads\/2026\/01\/Austrian-EuroMillions-numbers-300x300.webp 300w, https:\/\/lottomat.com\/wp-content\/uploads\/2026\/01\/Austrian-EuroMillions-numbers-150x150.webp 150w, https:\/\/lottomat.com\/wp-content\/uploads\/2026\/01\/Austrian-EuroMillions-numbers-100x100.webp 100w\" sizes=\"auto, (max-width: 200px) 100vw, 200px\" \/><\/p>\n<p>Ena izmed najbolj znanih zmag v Avstriji se je zgodila avgusta 2020, ko je skupina kolegov z Dunaja odnesla neverjetnih 45 milijonov evrov. Njihova zgodba je postala senzacija po vsej dr\u017eavi \u2013 prijatelji in dru\u017eina so praznovali, zmagovalci pa niso mogli verjeti svoji sre\u010di. To ni bila le zmaga posameznika, temve\u010d ekipe, katere \u017eivljenja so se skupaj spremenila.<\/p>\n<p>\u0160e en nepozaben trenutek je pri\u0161el leta 2018, ko je igralec iz Salzburga zadel vseh pet glavnih \u0161tevilk in obe Lucky Stars ter si zagotovil jackpot v vrednosti 30 milijonov evrov. Zmagovalec je izbral anonimnost, a lokalni mediji so poro\u010dali o valu navdu\u0161enja v Salzburgu, ko je mesto brnelo od ugibanj in veselja ob tej novici.<\/p>\n<p>\u010ceprav so te med najve\u010djimi, zdale\u010d niso edine zgodbe o sre\u010di. Po vsej Avstriji, od Gradca do Innsbrucka, je EuroMillions ustvaril nove milijonarje, od katerih ima vsak svojo edinstveno zgodbo o tem, kako je en listek spremenil vse.<\/p>\n<h2>Kako pogosto se v EuroMillions Austria zgodijo zmage?<\/h2>\n<p>Eden izmed najbolj vznemirljivih vidikov EuroMillions Austria je pogostost, s katero se osvajajo <a href=\"https:\/\/lottomat.com\/sl\/loterija-informacije\/informacije-o-euromillions\/\">\u017eivljenjsko spreminjajo\u010de nagrade EuroMillions Austria<\/a>. Z dvema \u017erebanjema vsak teden \u2013 v torek in petek \u2013 je prilo\u017enosti za zmago v izobilju. Statistika namre\u010d ka\u017ee, da avstrijski igralci redno osvajajo ve\u010dje nagrade, tako na ravni jackpota kot v ni\u017ejih nagradnih razredih.<\/p>\n<p>Mo\u017enosti za osvajanje katerekoli nagrade v EuroMillions so spodbudne \u2013 1 proti 13 \u2013 kar pomeni, da skoraj vsako \u017erebanje prinese nov val zmagovalcev. V Avstriji na stotine tiso\u010d igralcev vsako leto prejme nagrade, ki segajo od manj\u0161ih denarnih nagrad do jackpotov v vi\u0161ini ve\u010d milijonov evrov.<img loading=\"lazy\" decoding=\"async\" class=\"alignright wp-image-268370\" src=\"https:\/\/lottomat.com\/wp-content\/uploads\/2026\/01\/EuroMillions-Austria-draw.webp\" alt=\"\u017drebanje EuroMillions Austria\" width=\"200\" height=\"200\" srcset=\"https:\/\/lottomat.com\/wp-content\/uploads\/2026\/01\/EuroMillions-Austria-draw.webp 400w, https:\/\/lottomat.com\/wp-content\/uploads\/2026\/01\/EuroMillions-Austria-draw-300x300.webp 300w, https:\/\/lottomat.com\/wp-content\/uploads\/2026\/01\/EuroMillions-Austria-draw-150x150.webp 150w, https:\/\/lottomat.com\/wp-content\/uploads\/2026\/01\/EuroMillions-Austria-draw-100x100.webp 100w\" sizes=\"auto, (max-width: 200px) 100vw, 200px\" \/><\/p>\n<p>\u0160e bolj vznemirljivo je to, da se jackpot EuroMillions Austria pogosto kopi\u010di, saj se z vsakim \u017erebanjem pove\u010duje, dokler nekdo ne zadene vseh \u0161tevilk. To lahko privede do ob\u010dutnega porasta prodaje listkov in otipljivega pri\u010dakovanja po vsej dr\u017eavi, ko jackpot vztrajno nara\u0161\u010da.<\/p>\n<p>Zmage pa niso rezervirane le za posameznike. Sindikati \u2013 skupine prijateljev, dru\u017einskih \u010dlanov ali kolegov \u2013 se redno zdru\u017eijo, da skupaj kupijo listke za EuroMillions Austria, s \u010dimer pove\u010dajo svoje mo\u017enosti za zmago in v mnogih primerih delijo veselje ob veliki nagradi.<\/p>\n<h2>Veselje in mo\u017enosti zmage na EuroMillions<\/h2>\n<p>Predstavljajte si, da se zbudite in ugotovite, da ste Avstrijski najnovej\u0161i milijonar. Mo\u017enosti so neomejene: potujete po svetu, kupite hi\u0161o svojih sanj, podprete svoje najdra\u017eje ali investirate v projekt iz strasti, o katerem ste vedno sanjali. Za mnoge zmagovalce EuroMillions Austria je resni\u010dnost velike zmage celo bolj\u0161a, kot so si zami\u0161ljali.<\/p>\n<p>Znanih je ne\u0161teto zgodb o zmagovalcih, ki so svojo na novo pridobljeno bogastvo uporabili za spremembo \u2013 ne le v svojem \u017eivljenju, temve\u010d tudi v svojih skupnostih. Nekateri so darovali lokalnim dobrodelnim organizacijam, ustanovili podjetja, ki so ustvarila delovna mesta, ali uresni\u010dili \u017eivljenjske sanje. Ne glede na to, ali gre za spontano avanturo ali skrbno na\u010drtovano upokojitev, je svoboda, ki jo prinese zmaga na EuroMillions, resni\u010dno izjemna.<\/p>\n<p>Vsak torek in petek, ko so objavljeni rezultati, tiso\u010deri Avstrijci do\u017eivijo val pri\u010dakovanja. Preverjanje svojih \u0161tevilk, domi\u0161ljanje, kaj bi storili, \u010de bi zmagali, in deljenje vznemirjenja s prijatelji in dru\u017eino \u2013 vse to je del \u010darovnije, ki naredi EuroMillions Austria tako posebno.<\/p>\n<h2>Preverjanje rezultatov EuroMillions Austria: Va\u0161 prvi korak k novemu \u017eivljenju<\/h2>\n<p><img loading=\"lazy\" decoding=\"async\" class=\"alignleft wp-image-268401\" src=\"https:\/\/lottomat.com\/wp-content\/uploads\/2026\/01\/EuroMillions-Austria-results.webp\" alt=\"Rezultati EuroMillions Austria\" width=\"200\" height=\"200\" srcset=\"https:\/\/lottomat.com\/wp-content\/uploads\/2026\/01\/EuroMillions-Austria-results.webp 400w, https:\/\/lottomat.com\/wp-content\/uploads\/2026\/01\/EuroMillions-Austria-results-300x300.webp 300w, https:\/\/lottomat.com\/wp-content\/uploads\/2026\/01\/EuroMillions-Austria-results-150x150.webp 150w, https:\/\/lottomat.com\/wp-content\/uploads\/2026\/01\/EuroMillions-Austria-results-100x100.webp 100w\" sizes=\"auto, (max-width: 200px) 100vw, 200px\" \/>Sledenje najnovej\u0161im rezultatom EuroMillions Austria je nujno za vsakega igralca. <a href=\"https:\/\/lottomat.com\/sl\/loterija-rezultati\/\">Uradni rezultati loterije<\/a> so objavljeni kmalu po vsakem \u017erebanju, njihovo preverjanje pa \u0161e nikoli ni bilo la\u017eje \u2013 bodisi prek spleta, uradnih aplikacij ali pri va\u0161em lokalnem prodajalcu loterije. Ko so razkrite zmagovalne \u0161tevilke, srca posko\u010de in upe se vzpnejo, ko igralci po vsej Avstriji \u010dakajo, ali so morda naslednji sre\u010dni zmagovalec.<\/p>\n<p>\u010ce se znajdete v rokah z dobitnim listkom, je postopek preprost. Ve\u010dje nagrade lahko prevzamete pri sede\u017eu Avstrijskih loterij s popolno podporo, ki vas vodi skozi vsak korak. Tudi v primeru manj\u0161e nagrade jo lahko prevzamete pri poobla\u0161\u010denih prodajalcih, kar vsako zmago naredi dostopno in varno.<\/p>\n<p>Ne pozabite, vsako \u017erebanje EuroMillions Austria prina\u0161a nove mo\u017enosti. Tudi \u010de ne zmagate jackpota, obstaja dvanajst razli\u010dnih nagradnih razredov, kar pomeni, da vsak teden na tiso\u010de Avstrijcev u\u017eiva v zmagah \u2013 velikih in malih.<\/p>\n<hr \/>\n<p>EuroMillions Austria je ve\u010d kot le igra \u2013 je vrata do sanj, vznemirjenja in prilo\u017enosti, da do\u017eivite \u017eivljenje na povsem nov na\u010din. Z vsakim \u017erebanjem se pi\u0161ejo nove zgodbe in novi zmagovalci stopajo v ospredje. Ali boste vi naslednji, ki se jim pridru\u017eite? <a href=\"https:\/\/lottomat.com\/sl\/igranje-loterije\/euromillions-eu-online-euromillions-austria-listki\/\">Igrajte EuroMillions Austria online<\/a>, preverite najnovej\u0161e rezultate EuroMillions Austria in si upajte sanjati visoko!<\/p>\n","protected":false},"excerpt":{"rendered":"<p>Odkrijte vznemirljivost rezultatov EuroMillions Austria \u010ce ste kdaj sanjali o tem, da bi \u010dez no\u010d spremenili svoje \u017eivljenje, je EuroMillions Austria loterija, ki sanje spreminja v resni\u010dnost. S svojimi vznemirljivimi \u017erebanji, jackpoti, ki spremenijo \u017eivljenje, in zgodbami o neverjetnih zmagovalcih EuroMillions Austria vsak teden vzbuja domi\u0161ljijo milijonov po vsej Evropi. Ne glede na to, ali [&hellip;]<\/p>\n","protected":false},"author":2,"featured_media":0,"parent":7457,"menu_order":0,"comment_status":"closed","ping_status":"closed","template":"euromillions-results.php","meta":{"_et_pb_use_builder":"","_et_pb_old_content":"","_et_gb_content_width":"","exclude_from_search":false,"footnotes":""},"class_list":["post-271973","page","type-page","status-publish","hentry"],"yoast_head":"<!-- This site is optimized with the Yoast SEO plugin v23.8 - https:\/\/yoast.com\/wordpress\/plugins\/seo\/ -->\n<title>Rezultati in zmagovalne \u0161tevilke EuroMillions Austria \u2013 Lottomat<\/title>\n<meta name=\"description\" content=\"Preverite najnovej\u0161e rezultate in zmagovalne \u0161tevilke EuroMillions Austria. Izvejte ve\u010d o uradnih rezultatih \u017erebanja.\" \/>\n<meta name=\"robots\" content=\"index, follow, max-snippet:-1, max-image-preview:large, max-video-preview:-1\" \/>\n<link rel=\"canonical\" href=\"https:\/\/lottomat.com\/sl\/rezultati\/rezultati-euromillions-austria-zmagovalne-stevilke-euromillions-eu\/\" \/>\n<meta property=\"og:locale\" content=\"sl_SI\" \/>\n<meta property=\"og:type\" content=\"article\" \/>\n<meta property=\"og:title\" content=\"Rezultati in zmagovalne \u0161tevilke EuroMillions Austria \u2013 Lottomat\" \/>\n<meta property=\"og:description\" content=\"Preverite najnovej\u0161e rezultate in zmagovalne \u0161tevilke EuroMillions Austria. Izvejte ve\u010d o uradnih rezultatih \u017erebanja.\" \/>\n<meta property=\"og:url\" content=\"https:\/\/lottomat.com\/sl\/rezultati\/rezultati-euromillions-austria-zmagovalne-stevilke-euromillions-eu\/\" \/>\n<meta property=\"og:site_name\" content=\"Lottomat\" \/>\n<meta property=\"article:modified_time\" content=\"2026-02-26T14:48:04+00:00\" \/>\n<meta property=\"og:image\" content=\"https:\/\/lottomat.com\/wp-content\/uploads\/2026\/01\/Austrian-EuroMillions-draw.webp\" \/>\n\t<meta property=\"og:image:width\" content=\"400\" \/>\n\t<meta property=\"og:image:height\" content=\"400\" \/>\n\t<meta property=\"og:image:type\" content=\"image\/webp\" \/>\n<meta name=\"twitter:card\" content=\"summary_large_image\" \/>\n<meta name=\"twitter:label1\" content=\"Est. reading time\" \/>\n\t<meta name=\"twitter:data1\" content=\"5 minut\" \/>\n<script type=\"application\/ld+json\" class=\"yoast-schema-graph\">{\"@context\":\"https:\/\/schema.org\",\"@graph\":[{\"@type\":\"WebPage\",\"@id\":\"https:\/\/lottomat.com\/sl\/rezultati\/rezultati-euromillions-austria-zmagovalne-stevilke-euromillions-eu\/\",\"url\":\"https:\/\/lottomat.com\/sl\/rezultati\/rezultati-euromillions-austria-zmagovalne-stevilke-euromillions-eu\/\",\"name\":\"Rezultati in zmagovalne \u0161tevilke EuroMillions Austria \u2013 Lottomat\",\"isPartOf\":{\"@id\":\"https:\/\/lottomat.com\/sl\/#website\"},\"primaryImageOfPage\":{\"@id\":\"https:\/\/lottomat.com\/sl\/rezultati\/rezultati-euromillions-austria-zmagovalne-stevilke-euromillions-eu\/#primaryimage\"},\"image\":{\"@id\":\"https:\/\/lottomat.com\/sl\/rezultati\/rezultati-euromillions-austria-zmagovalne-stevilke-euromillions-eu\/#primaryimage\"},\"thumbnailUrl\":\"https:\/\/lottomat.com\/wp-content\/uploads\/2026\/01\/Austrian-EuroMillions-draw.webp\",\"datePublished\":\"2025-05-18T16:34:38+00:00\",\"dateModified\":\"2026-02-26T14:48:04+00:00\",\"description\":\"Preverite najnovej\u0161e rezultate in zmagovalne \u0161tevilke EuroMillions Austria. Izvejte ve\u010d o uradnih rezultatih \u017erebanja.\",\"breadcrumb\":{\"@id\":\"https:\/\/lottomat.com\/sl\/rezultati\/rezultati-euromillions-austria-zmagovalne-stevilke-euromillions-eu\/#breadcrumb\"},\"inLanguage\":\"sl-SI\",\"potentialAction\":[{\"@type\":\"ReadAction\",\"target\":[\"https:\/\/lottomat.com\/sl\/rezultati\/rezultati-euromillions-austria-zmagovalne-stevilke-euromillions-eu\/\"]}]},{\"@type\":\"ImageObject\",\"inLanguage\":\"sl-SI\",\"@id\":\"https:\/\/lottomat.com\/sl\/rezultati\/rezultati-euromillions-austria-zmagovalne-stevilke-euromillions-eu\/#primaryimage\",\"url\":\"https:\/\/lottomat.com\/wp-content\/uploads\/2026\/01\/Austrian-EuroMillions-draw.webp\",\"contentUrl\":\"https:\/\/lottomat.com\/wp-content\/uploads\/2026\/01\/Austrian-EuroMillions-draw.webp\"},{\"@type\":\"BreadcrumbList\",\"@id\":\"https:\/\/lottomat.com\/sl\/rezultati\/rezultati-euromillions-austria-zmagovalne-stevilke-euromillions-eu\/#breadcrumb\",\"itemListElement\":[{\"@type\":\"ListItem\",\"position\":1,\"name\":\"Home\",\"item\":\"https:\/\/lottomat.com\/sl\/\"},{\"@type\":\"ListItem\",\"position\":2,\"name\":\"Najnovej\u0161i rezultati loterij in zmagovalne \u0161tevilke\",\"item\":\"https:\/\/lottomat.com\/sl\/rezultati\/\"},{\"@type\":\"ListItem\",\"position\":3,\"name\":\"Rezultati Euromillions Austria &#8211; Zmagovalne \u0161tevilke Euromillions EU\"}]},{\"@type\":\"WebSite\",\"@id\":\"https:\/\/lottomat.com\/sl\/#website\",\"url\":\"https:\/\/lottomat.com\/sl\/\",\"name\":\"Lottomat\",\"description\":\"\",\"potentialAction\":[{\"@type\":\"SearchAction\",\"target\":{\"@type\":\"EntryPoint\",\"urlTemplate\":\"https:\/\/lottomat.com\/sl\/?s={search_term_string}\"},\"query-input\":{\"@type\":\"PropertyValueSpecification\",\"valueRequired\":true,\"valueName\":\"search_term_string\"}}],\"inLanguage\":\"sl-SI\"}]}<\/script>\n<!-- \/ Yoast SEO plugin. -->","yoast_head_json":{"title":"Rezultati in zmagovalne \u0161tevilke EuroMillions Austria \u2013 Lottomat","description":"Preverite najnovej\u0161e rezultate in zmagovalne \u0161tevilke EuroMillions Austria. Izvejte ve\u010d o uradnih rezultatih \u017erebanja.","robots":{"index":"index","follow":"follow","max-snippet":"max-snippet:-1","max-image-preview":"max-image-preview:large","max-video-preview":"max-video-preview:-1"},"canonical":"https:\/\/lottomat.com\/sl\/rezultati\/rezultati-euromillions-austria-zmagovalne-stevilke-euromillions-eu\/","og_locale":"sl_SI","og_type":"article","og_title":"Rezultati in zmagovalne \u0161tevilke EuroMillions Austria \u2013 Lottomat","og_description":"Preverite najnovej\u0161e rezultate in zmagovalne \u0161tevilke EuroMillions Austria. Izvejte ve\u010d o uradnih rezultatih \u017erebanja.","og_url":"https:\/\/lottomat.com\/sl\/rezultati\/rezultati-euromillions-austria-zmagovalne-stevilke-euromillions-eu\/","og_site_name":"Lottomat","article_modified_time":"2026-02-26T14:48:04+00:00","og_image":[{"width":400,"height":400,"url":"https:\/\/lottomat.com\/wp-content\/uploads\/2026\/01\/Austrian-EuroMillions-draw.webp","type":"image\/webp"}],"twitter_card":"summary_large_image","twitter_misc":{"Est. reading time":"5 minut"},"schema":{"@context":"https:\/\/schema.org","@graph":[{"@type":"WebPage","@id":"https:\/\/lottomat.com\/sl\/rezultati\/rezultati-euromillions-austria-zmagovalne-stevilke-euromillions-eu\/","url":"https:\/\/lottomat.com\/sl\/rezultati\/rezultati-euromillions-austria-zmagovalne-stevilke-euromillions-eu\/","name":"Rezultati in zmagovalne \u0161tevilke EuroMillions Austria \u2013 Lottomat","isPartOf":{"@id":"https:\/\/lottomat.com\/sl\/#website"},"primaryImageOfPage":{"@id":"https:\/\/lottomat.com\/sl\/rezultati\/rezultati-euromillions-austria-zmagovalne-stevilke-euromillions-eu\/#primaryimage"},"image":{"@id":"https:\/\/lottomat.com\/sl\/rezultati\/rezultati-euromillions-austria-zmagovalne-stevilke-euromillions-eu\/#primaryimage"},"thumbnailUrl":"https:\/\/lottomat.com\/wp-content\/uploads\/2026\/01\/Austrian-EuroMillions-draw.webp","datePublished":"2025-05-18T16:34:38+00:00","dateModified":"2026-02-26T14:48:04+00:00","description":"Preverite najnovej\u0161e rezultate in zmagovalne \u0161tevilke EuroMillions Austria. Izvejte ve\u010d o uradnih rezultatih \u017erebanja.","breadcrumb":{"@id":"https:\/\/lottomat.com\/sl\/rezultati\/rezultati-euromillions-austria-zmagovalne-stevilke-euromillions-eu\/#breadcrumb"},"inLanguage":"sl-SI","potentialAction":[{"@type":"ReadAction","target":["https:\/\/lottomat.com\/sl\/rezultati\/rezultati-euromillions-austria-zmagovalne-stevilke-euromillions-eu\/"]}]},{"@type":"ImageObject","inLanguage":"sl-SI","@id":"https:\/\/lottomat.com\/sl\/rezultati\/rezultati-euromillions-austria-zmagovalne-stevilke-euromillions-eu\/#primaryimage","url":"https:\/\/lottomat.com\/wp-content\/uploads\/2026\/01\/Austrian-EuroMillions-draw.webp","contentUrl":"https:\/\/lottomat.com\/wp-content\/uploads\/2026\/01\/Austrian-EuroMillions-draw.webp"},{"@type":"BreadcrumbList","@id":"https:\/\/lottomat.com\/sl\/rezultati\/rezultati-euromillions-austria-zmagovalne-stevilke-euromillions-eu\/#breadcrumb","itemListElement":[{"@type":"ListItem","position":1,"name":"Home","item":"https:\/\/lottomat.com\/sl\/"},{"@type":"ListItem","position":2,"name":"Najnovej\u0161i rezultati loterij in zmagovalne \u0161tevilke","item":"https:\/\/lottomat.com\/sl\/rezultati\/"},{"@type":"ListItem","position":3,"name":"Rezultati Euromillions Austria &#8211; Zmagovalne \u0161tevilke Euromillions EU"}]},{"@type":"WebSite","@id":"https:\/\/lottomat.com\/sl\/#website","url":"https:\/\/lottomat.com\/sl\/","name":"Lottomat","description":"","potentialAction":[{"@type":"SearchAction","target":{"@type":"EntryPoint","urlTemplate":"https:\/\/lottomat.com\/sl\/?s={search_term_string}"},"query-input":{"@type":"PropertyValueSpecification","valueRequired":true,"valueName":"search_term_string"}}],"inLanguage":"sl-SI"}]}},"_links":{"self":[{"href":"https:\/\/lottomat.com\/sl\/wp-json\/wp\/v2\/pages\/271973","targetHints":{"allow":["GET"]}}],"collection":[{"href":"https:\/\/lottomat.com\/sl\/wp-json\/wp\/v2\/pages"}],"about":[{"href":"https:\/\/lottomat.com\/sl\/wp-json\/wp\/v2\/types\/page"}],"author":[{"embeddable":true,"href":"https:\/\/lottomat.com\/sl\/wp-json\/wp\/v2\/users\/2"}],"replies":[{"embeddable":true,"href":"https:\/\/lottomat.com\/sl\/wp-json\/wp\/v2\/comments?post=271973"}],"version-history":[{"count":3,"href":"https:\/\/lottomat.com\/sl\/wp-json\/wp\/v2\/pages\/271973\/revisions"}],"predecessor-version":[{"id":271976,"href":"https:\/\/lottomat.com\/sl\/wp-json\/wp\/v2\/pages\/271973\/revisions\/271976"}],"up":[{"embeddable":true,"href":"https:\/\/lottomat.com\/sl\/wp-json\/wp\/v2\/pages\/7457"}],"wp:attachment":[{"href":"https:\/\/lottomat.com\/sl\/wp-json\/wp\/v2\/media?parent=271973"}],"curies":[{"name":"wp","href":"https:\/\/api.w.org\/{rel}","templated":true}]}}