{"id":271970,"date":"2025-05-18T16:39:08","date_gmt":"2025-05-18T16:39:08","guid":{"rendered":"https:\/\/lottomat.com\/?page_id=271970"},"modified":"2026-02-26T14:44:42","modified_gmt":"2026-02-26T14:44:42","slug":"euromillions-eu-online-euromillions-austria-listki","status":"publish","type":"page","link":"https:\/\/lottomat.com\/sl\/igraj\/euromillions-eu-online-euromillions-austria-listki\/","title":{"rendered":"Euromillions EU Online &#8211; Euromillions Austria Listki"},"content":{"rendered":"\n\n<div class=\"kk-star-ratings kksr-auto kksr-align-left kksr-valign-top\"\n    data-payload='{&quot;align&quot;:&quot;left&quot;,&quot;id&quot;:&quot;271970&quot;,&quot;slug&quot;:&quot;default&quot;,&quot;valign&quot;:&quot;top&quot;,&quot;ignore&quot;:&quot;&quot;,&quot;reference&quot;:&quot;auto&quot;,&quot;class&quot;:&quot;&quot;,&quot;count&quot;:&quot;0&quot;,&quot;legendonly&quot;:&quot;&quot;,&quot;readonly&quot;:&quot;&quot;,&quot;score&quot;:&quot;0&quot;,&quot;starsonly&quot;:&quot;&quot;,&quot;best&quot;:&quot;5&quot;,&quot;gap&quot;:&quot;5&quot;,&quot;greet&quot;:&quot;Rate this page&quot;,&quot;legend&quot;:&quot;0\\\/5 - (0 votes)&quot;,&quot;size&quot;:&quot;30&quot;,&quot;title&quot;:&quot;Euromillions EU Online - Euromillions Austria Listki&quot;,&quot;width&quot;:&quot;0&quot;,&quot;_legend&quot;:&quot;{score}\\\/{best} - ({count} {votes})&quot;,&quot;font_factor&quot;:&quot;1.25&quot;}'>\n            \n<div class=\"kksr-stars\">\n    \n<div class=\"kksr-stars-inactive\">\n            <div class=\"kksr-star\" data-star=\"1\" style=\"padding-right: 5px\">\n            \n\n<div class=\"kksr-icon\" style=\"width: 30px; height: 30px;\"><\/div>\n        <\/div>\n            <div class=\"kksr-star\" data-star=\"2\" style=\"padding-right: 5px\">\n            \n\n<div class=\"kksr-icon\" style=\"width: 30px; height: 30px;\"><\/div>\n        <\/div>\n            <div class=\"kksr-star\" data-star=\"3\" style=\"padding-right: 5px\">\n            \n\n<div class=\"kksr-icon\" style=\"width: 30px; height: 30px;\"><\/div>\n        <\/div>\n            <div class=\"kksr-star\" data-star=\"4\" style=\"padding-right: 5px\">\n            \n\n<div class=\"kksr-icon\" style=\"width: 30px; height: 30px;\"><\/div>\n        <\/div>\n            <div class=\"kksr-star\" data-star=\"5\" style=\"padding-right: 5px\">\n            \n\n<div class=\"kksr-icon\" style=\"width: 30px; height: 30px;\"><\/div>\n        <\/div>\n    <\/div>\n    \n<div class=\"kksr-stars-active\" style=\"width: 0px;\">\n            <div class=\"kksr-star\" style=\"padding-right: 5px\">\n            \n\n<div class=\"kksr-icon\" style=\"width: 30px; height: 30px;\"><\/div>\n        <\/div>\n            <div class=\"kksr-star\" style=\"padding-right: 5px\">\n            \n\n<div class=\"kksr-icon\" style=\"width: 30px; height: 30px;\"><\/div>\n        <\/div>\n            <div class=\"kksr-star\" style=\"padding-right: 5px\">\n            \n\n<div class=\"kksr-icon\" style=\"width: 30px; height: 30px;\"><\/div>\n        <\/div>\n            <div class=\"kksr-star\" style=\"padding-right: 5px\">\n            \n\n<div class=\"kksr-icon\" style=\"width: 30px; height: 30px;\"><\/div>\n        <\/div>\n            <div class=\"kksr-star\" style=\"padding-right: 5px\">\n            \n\n<div class=\"kksr-icon\" style=\"width: 30px; height: 30px;\"><\/div>\n        <\/div>\n    <\/div>\n<\/div>\n                \n\n<div class=\"kksr-legend\" style=\"font-size: 24px;\">\n            <span class=\"kksr-muted\">Rate this page<\/span>\n    <\/div>\n    <\/div>\n<h2>Odkrijte vznemirljivost Euromillions EU \u2013 Avstrijska pot do velikih zmag<\/h2>\n<p><img loading=\"lazy\" decoding=\"async\" class=\"alignright wp-image-268063\" src=\"https:\/\/lottomat.com\/wp-content\/uploads\/2026\/01\/Austrian-EuroMillions.webp\" alt=\"Avstrijski EuroMillions\" width=\"200\" height=\"200\" srcset=\"https:\/\/lottomat.com\/wp-content\/uploads\/2026\/01\/Austrian-EuroMillions.webp 400w, https:\/\/lottomat.com\/wp-content\/uploads\/2026\/01\/Austrian-EuroMillions-300x300.webp 300w, https:\/\/lottomat.com\/wp-content\/uploads\/2026\/01\/Austrian-EuroMillions-150x150.webp 150w, https:\/\/lottomat.com\/wp-content\/uploads\/2026\/01\/Austrian-EuroMillions-100x100.webp 100w\" sizes=\"auto, (max-width: 200px) 100vw, 200px\" \/><\/p>\n<p>Predstavljajte si, da se zbudite v \u017eivljenju, kjer so vse va\u0161e sanje na dosegu roke, kjer so \u0161tevilke, ki ste jih izbrali prej\u0161njo no\u010d, za vedno spremenile va\u0161o prihodnost. To je vznemirjenje, ki \u010daka vsakega udele\u017eenca v <strong>Euromillions EU<\/strong>, znani tudi kot <strong>Euromillions Austria<\/strong>. Z jackpoti, ki razplamtijo domi\u0161ljijo in navdu\u0161enje milijonov, je ta loterija va\u0161a vstopnica v svet neskon\u010dnih mo\u017enosti.<\/p>\n<p>Euromillions EU ni le \u0161e ena loterija \u2013 je izku\u0161nja, ki zdru\u017euje igralce po vsej celini v skupnem upanju, da bodo zadeli veliko. Pri\u010dakovanje, vzdu\u0161je \u017erebanja in prilo\u017enost, da se uvrstite med najve\u010dje evropske zmagovalce \u2013 vse se za\u010dne z enim samim listkom.<\/p>\n<h2>Kaj naredi Euromillions Austria posebno?<\/h2>\n<p>\u010ce poznate globalni fenomen Euromillions, se morda spra\u0161ujete, kaj lo\u010di razli\u010dico EU \u2013 zlasti Euromillions Austria \u2013 od njene britanske ustreznice. Odgovor se skriva v podrobnostih, in za ljubitelje loterij so te podrobnosti pomembne.<\/p>\n<p><img loading=\"lazy\" decoding=\"async\" class=\"alignleft wp-image-268094\" src=\"https:\/\/lottomat.com\/wp-content\/uploads\/2026\/01\/EuroMillions-Austria-online.webp\" alt=\"EuroMillions Austria online\" width=\"200\" height=\"200\" srcset=\"https:\/\/lottomat.com\/wp-content\/uploads\/2026\/01\/EuroMillions-Austria-online.webp 400w, https:\/\/lottomat.com\/wp-content\/uploads\/2026\/01\/EuroMillions-Austria-online-300x300.webp 300w, https:\/\/lottomat.com\/wp-content\/uploads\/2026\/01\/EuroMillions-Austria-online-150x150.webp 150w, https:\/\/lottomat.com\/wp-content\/uploads\/2026\/01\/EuroMillions-Austria-online-100x100.webp 100w\" sizes=\"auto, (max-width: 200px) 100vw, 200px\" \/>Euromillions EU sledi <a href=\"https:\/\/lottomat.com\/sl\/loterija-informacije\/informacije-o-euromillions\/\">klasi\u010dnemu formatu Euromillions<\/a>, vendar se listki kupujejo in nagrade izpla\u010dujejo po avstrijskih pravilih in obdav\u010ditvi. To pogosto pomeni druga\u010dno strukturo izpla\u010dil in v\u010dasih ugodnej\u0161e dav\u010dne pogoje za zmagovalce, odvisno od dr\u017eave va\u0161ega bivali\u0161\u010da. Za razliko od britanske razli\u010dice, kjer se listki kupujejo v funtih in so predmet britanskih loterijskih predpisov, Euromillions Austria deluje v evrih in upo\u0161teva avstrijske zakone o igrah na sre\u010do. To lahko naredi razliko ne le v na\u010dinu igranja, temve\u010d tudi v tem, koliko na koncu odnesete domov, \u010de zmagate.<\/p>\n<p>\u0160e ena opazna razlika je nabor dodatnih iger in \u017erebanj, ki v\u010dasih spremljajo \u017erebanja Euromillions UK, kot je UK Millionaire Maker. Medtem ko so te ekskluzivne za britanske udele\u017eence, vam igranje prek Euromillions EU zagotavlja resni\u010dno vseevropsko loterijsko izku\u0161njo, ki vznemirjenje delite z igralci iz Avstrije, \u0160panije, Francije, Portugalske, Belgije, Irske, Luksemburga in \u0160vice. Ob\u010dutek skupnosti in obseg igre naredita vsako \u017erebanje resni\u010dno mednarodni dogodek.<\/p>\n<h2>Ritem vznemirjenja \u2013 Kdaj potekajo \u017erebanja?<\/h2>\n<p>Euromillions EU ohranja vznemirjenje z dvema \u017erebanjema vsak teden, ki potekata vsak torek in petek zve\u010der. Ta redni ritem pomeni, da prilo\u017enost za spremembo \u017eivljenja nikoli ni dale\u010d \u2013 le nekaj dni lo\u010di vsako prilo\u017enost, da postanete naslednji veliki evropski zmagovalec. Pri\u010dakovanje se skozi teden stopnjuje in vsako \u017erebanje je nov za\u010detek, sve\u017e strel na sre\u010do, ki je morda tik za vogalom.<\/p>\n<p>Obstaja posebna \u010darobnost v vedenju, da dvakrat na teden nekje v Evropi nekdo vidi, kako se poka\u017eejo njegove \u0161tevilke. Zakaj ne bi bili vi tisti? Z tako pogostimi \u017erebanji Euromillions EU ponuja \u0161tevilne prilo\u017enosti za igranje, sanjanje in zmago.<\/p>\n<h2>Zakaj igrati Euromillions Austria? Veselje zasledovanja velikih sanj<\/h2>\n<p>Pravi \u010dar Euromillions EU le\u017ei v \u017eivljenjsko spreminjajo\u010de prilo\u017enostih, ki jih ponuja. Jackpoti redno dosegajo vrtoglave vi\u0161ine, v\u010dasih prese\u017eejo 200 milijonov evrov. Zamislite si, kaj bi lahko storili z zmago, kot je ta \u2013 bodisi da potujete po svetu, kupite hi\u0161o svojih sanj, zagotovite prihodnost svoji dru\u017eini ali podprete zadeve, ki so vam najbli\u017eje pri srcu. Obzorje se \u0161iri in edina meja je va\u0161a domi\u0161ljija.<\/p>\n<p>Toda poleg ogromnih izpla\u010dil je v tem, da ste del tako legendarne loterije, nekaj globoko nagrajujo\u010dega. Vsak listek je obljuba upanja, majhna nalo\u017eba v prepri\u010danje, da bi vam sre\u010da lahko nasmihala prav naslednji\u010d. Samo pri\u010dakovanje \u017erebanja, trenutek, ko pokli\u010dejo va\u0161e \u0161tevilke, in naval adrenalina, ki sledi \u2013 to je izku\u0161nja, ki v vsakdanje \u017eivljenje vna\u0161a vznemirjenje.<img loading=\"lazy\" decoding=\"async\" class=\"alignright wp-image-268125\" src=\"https:\/\/lottomat.com\/wp-content\/uploads\/2026\/01\/EuroMillions-Austria-tickets.webp\" alt=\"Listki za EuroMillions Austria\" width=\"200\" height=\"200\" srcset=\"https:\/\/lottomat.com\/wp-content\/uploads\/2026\/01\/EuroMillions-Austria-tickets.webp 400w, https:\/\/lottomat.com\/wp-content\/uploads\/2026\/01\/EuroMillions-Austria-tickets-300x300.webp 300w, https:\/\/lottomat.com\/wp-content\/uploads\/2026\/01\/EuroMillions-Austria-tickets-150x150.webp 150w, https:\/\/lottomat.com\/wp-content\/uploads\/2026\/01\/EuroMillions-Austria-tickets-100x100.webp 100w\" sizes=\"auto, (max-width: 200px) 100vw, 200px\" \/><\/p>\n<p>Da bi zares sprejeli loterijski slog \u017eivljenja, je doslednost klju\u010dna. Najuspe\u0161nej\u0161i loterijski igralci vedo, da je redno igranje skrivnost za pove\u010danje mo\u017enosti. Vsako \u017erebanje, ki ga zamudite, je izgubljena prilo\u017enost, zato si to privzemite za navado \u2013 kupite svoje listke, izberite \u0161tevilke, po\u010dakajte na <a href=\"https:\/\/lottomat.com\/sl\/igranje-loterije\/igranje-euromillions-na-spletu\/\">uradne rezultate EuroMillions Austria<\/a> in ostanite v igri. Navsezadnje ne morete zmagati, \u010de ne igrate, in nikoli ne veste, kdaj bo pri\u0161el va\u0161 sre\u010dni dan.<\/p>\n<h2>Ve\u010d kot le Euromillions \u2013 Svet \u010daka pri Lottomatu<\/h2>\n<p>\u010ceprav sta Euromillions EU in njena britanska ustreznica med <a href=\"https:\/\/lottomat.com\/sl\/igranje-loterije\/\">najpopularnej\u0161imi loterijami v Evropi<\/a>, sta le za\u010detek tega, kar je mogo\u010de pri Lottomatu. Na\u0161a platforma vam prina\u0161a celoten svet loterije na doseg roke \u2013 od mogo\u010dnih Powerball in <a href=\"https:\/\/lottomat.com\/sl\/igranje-loterije\/igrajte-mega-millions-na-spletu\/\">Mega Millions<\/a> v Zdru\u017eenih dr\u017eavah Amerike, do italijanske <a href=\"https:\/\/lottomat.com\/sl\/igranje-loterije\/igrajte-superenalotto-na-spletu\/\">SuperEnalotto<\/a>, \u0161panske El Gordo in mnogih drugih. Vsaka loterija ponuja svojo edinstveno noto, mo\u017enosti in velikosti jackpotov, kar vam daje neskon\u010dne na\u010dine za igranje in zmago.<\/p>\n<p>Igranje ve\u010d loterij je strategija, ki jo sprejema mnogo izku\u0161enih igralcev. S tem, ko razpr\u0161ite stave po razli\u010dnih igrah, ne le \u0161irite svojih obzorij, ampak tudi bistveno pove\u010dujete mo\u017enosti za veliko zmago. Vsak listek je nova prilo\u017enost, vsako \u017erebanje je nova pustolov\u0161\u010dina. Pri Lottomatu imate svobodo, da raziskujete, eksperimentirate in najdete igre, ki nagovarjajo va\u0161 ob\u010dutek za vznemirjenje.<\/p>\n<p>Svet loterij je poln zgodb \u2013 o navadnih ljudeh, katerih \u017eivljenja so se spremenila v hipu, o uresni\u010denih sanjah in prepisanih usodah. Z vsakim listkom, ki ga kupite, se pridru\u017eujete tej globalni skupnosti sanja\u010dev in zmagovalcev. Naslednja zgodba je morda va\u0161a.<\/p>\n<h2>Va\u0161a pot do sre\u010de se za\u010dne tukaj<\/h2>\n<p><img loading=\"lazy\" decoding=\"async\" class=\"alignleft wp-image-268155\" src=\"https:\/\/lottomat.com\/wp-content\/uploads\/2026\/01\/play-EuroMillions-Austria.webp\" alt=\"igrajte EuroMillions Austria\" width=\"200\" height=\"200\" srcset=\"https:\/\/lottomat.com\/wp-content\/uploads\/2026\/01\/play-EuroMillions-Austria.webp 400w, https:\/\/lottomat.com\/wp-content\/uploads\/2026\/01\/play-EuroMillions-Austria-300x300.webp 300w, https:\/\/lottomat.com\/wp-content\/uploads\/2026\/01\/play-EuroMillions-Austria-150x150.webp 150w, https:\/\/lottomat.com\/wp-content\/uploads\/2026\/01\/play-EuroMillions-Austria-100x100.webp 100w\" sizes=\"auto, (max-width: 200px) 100vw, 200px\" \/>Euromillions EU je ve\u010d kot le igra \u2013 je vrata do svetlej\u0161e prihodnosti. Vznemirjenje pri\u010dakovanja, veselje mo\u017enosti in prilo\u017enost, da postanete eden izmed najve\u010djih evropskih zmagovalcev, so vsi na dosegu roke. Ne glede na to, ali igrate prvi\u010d ali ste izku\u0161en ljubitelj loterij, ni bolj\u0161ega \u010dasa, da se vklju\u010dite.<\/p>\n<p>Ne pozabite, klju\u010d do zmage je sodelovanje. Ve\u010d ko igrate, ve\u010dje so va\u0161e mo\u017enosti, da se uvrstite med tiste sre\u010dne\u017ee, katerih \u017eivljenja je spremenil en sam listek. Ne dovolite, da bi vas minilo \u0161e eno \u017erebanje \u2013 izkoristite svojo prilo\u017enost, sprejmite vznemirjenje in pustite, da vam Euromillions EU odpre vrata do \u017eivljenja, o katerem ste vedno sanjali.<\/p>\n<p>In \u010de \u017eelite \u0161e dodatno pove\u010dati svoje mo\u017enosti, razi\u0161\u010dite bogato ponudbo mednarodnih loterij pri Lottomatu. Vsaka igra je nova mo\u017enost, novo obzorje in nov razlog za vero, da sre\u010da naklonjena tistim, ki si upajo. Va\u0161a pustolov\u0161\u010dina se za\u010dne zdaj \u2013 ste pripravljeni igrati?<\/p>\n","protected":false},"excerpt":{"rendered":"<p>Odkrijte vznemirljivost Euromillions EU \u2013 Avstrijska pot do velikih zmag Predstavljajte si, da se zbudite v \u017eivljenju, kjer so vse va\u0161e sanje na dosegu roke, kjer so \u0161tevilke, ki ste jih izbrali prej\u0161njo no\u010d, za vedno spremenile va\u0161o prihodnost. To je vznemirjenje, ki \u010daka vsakega udele\u017eenca v Euromillions EU, znani tudi kot Euromillions Austria. Z [&hellip;]<\/p>\n","protected":false},"author":2,"featured_media":0,"parent":6809,"menu_order":0,"comment_status":"closed","ping_status":"closed","template":"euromillions-at.php","meta":{"_et_pb_use_builder":"","_et_pb_old_content":"","_et_gb_content_width":"","exclude_from_search":false,"footnotes":""},"class_list":["post-271970","page","type-page","status-publish","hentry"],"yoast_head":"<!-- This site is optimized with the Yoast SEO plugin v23.8 - https:\/\/yoast.com\/wordpress\/plugins\/seo\/ -->\n<title>EuroMillions Austria Online \u2013 Kupite Listke \u2013 Lottomat<\/title>\n<meta name=\"description\" content=\"Igrajte EuroMillions Austria online pri Lottomatu. Tukaj lahko kupite listke za EuroMillions Austria online za prihodnjo \u017erebanje.\" \/>\n<meta name=\"robots\" content=\"index, follow, max-snippet:-1, max-image-preview:large, max-video-preview:-1\" \/>\n<link rel=\"canonical\" href=\"https:\/\/lottomat.com\/sl\/igraj\/euromillions-eu-online-euromillions-austria-listki\/\" \/>\n<meta property=\"og:locale\" content=\"sl_SI\" \/>\n<meta property=\"og:type\" content=\"article\" \/>\n<meta property=\"og:title\" content=\"EuroMillions Austria Online \u2013 Kupite Listke \u2013 Lottomat\" \/>\n<meta property=\"og:description\" content=\"Igrajte EuroMillions Austria online pri Lottomatu. Tukaj lahko kupite listke za EuroMillions Austria online za prihodnjo \u017erebanje.\" \/>\n<meta property=\"og:url\" content=\"https:\/\/lottomat.com\/sl\/igraj\/euromillions-eu-online-euromillions-austria-listki\/\" \/>\n<meta property=\"og:site_name\" content=\"Lottomat\" \/>\n<meta property=\"article:modified_time\" content=\"2026-02-26T14:44:42+00:00\" \/>\n<meta property=\"og:image\" content=\"https:\/\/lottomat.com\/wp-content\/uploads\/2026\/01\/Austrian-EuroMillions.webp\" \/>\n\t<meta property=\"og:image:width\" content=\"400\" \/>\n\t<meta property=\"og:image:height\" content=\"400\" \/>\n\t<meta property=\"og:image:type\" content=\"image\/webp\" \/>\n<meta name=\"twitter:card\" content=\"summary_large_image\" \/>\n<meta name=\"twitter:label1\" content=\"Est. reading time\" \/>\n\t<meta name=\"twitter:data1\" content=\"5 minut\" \/>\n<script type=\"application\/ld+json\" class=\"yoast-schema-graph\">{\"@context\":\"https:\/\/schema.org\",\"@graph\":[{\"@type\":\"WebPage\",\"@id\":\"https:\/\/lottomat.com\/sl\/igraj\/euromillions-eu-online-euromillions-austria-listki\/\",\"url\":\"https:\/\/lottomat.com\/sl\/igraj\/euromillions-eu-online-euromillions-austria-listki\/\",\"name\":\"EuroMillions Austria Online \u2013 Kupite Listke \u2013 Lottomat\",\"isPartOf\":{\"@id\":\"https:\/\/lottomat.com\/sl\/#website\"},\"primaryImageOfPage\":{\"@id\":\"https:\/\/lottomat.com\/sl\/igraj\/euromillions-eu-online-euromillions-austria-listki\/#primaryimage\"},\"image\":{\"@id\":\"https:\/\/lottomat.com\/sl\/igraj\/euromillions-eu-online-euromillions-austria-listki\/#primaryimage\"},\"thumbnailUrl\":\"https:\/\/lottomat.com\/wp-content\/uploads\/2026\/01\/Austrian-EuroMillions.webp\",\"datePublished\":\"2025-05-18T16:39:08+00:00\",\"dateModified\":\"2026-02-26T14:44:42+00:00\",\"description\":\"Igrajte EuroMillions Austria online pri Lottomatu. Tukaj lahko kupite listke za EuroMillions Austria online za prihodnjo \u017erebanje.\",\"breadcrumb\":{\"@id\":\"https:\/\/lottomat.com\/sl\/igraj\/euromillions-eu-online-euromillions-austria-listki\/#breadcrumb\"},\"inLanguage\":\"sl-SI\",\"potentialAction\":[{\"@type\":\"ReadAction\",\"target\":[\"https:\/\/lottomat.com\/sl\/igraj\/euromillions-eu-online-euromillions-austria-listki\/\"]}]},{\"@type\":\"ImageObject\",\"inLanguage\":\"sl-SI\",\"@id\":\"https:\/\/lottomat.com\/sl\/igraj\/euromillions-eu-online-euromillions-austria-listki\/#primaryimage\",\"url\":\"https:\/\/lottomat.com\/wp-content\/uploads\/2026\/01\/Austrian-EuroMillions.webp\",\"contentUrl\":\"https:\/\/lottomat.com\/wp-content\/uploads\/2026\/01\/Austrian-EuroMillions.webp\"},{\"@type\":\"BreadcrumbList\",\"@id\":\"https:\/\/lottomat.com\/sl\/igraj\/euromillions-eu-online-euromillions-austria-listki\/#breadcrumb\",\"itemListElement\":[{\"@type\":\"ListItem\",\"position\":1,\"name\":\"Home\",\"item\":\"https:\/\/lottomat.com\/sl\/\"},{\"@type\":\"ListItem\",\"position\":2,\"name\":\"Igranje loterije\",\"item\":\"https:\/\/lottomat.com\/sl\/igraj\/\"},{\"@type\":\"ListItem\",\"position\":3,\"name\":\"Euromillions EU Online &#8211; Euromillions Austria Listki\"}]},{\"@type\":\"WebSite\",\"@id\":\"https:\/\/lottomat.com\/sl\/#website\",\"url\":\"https:\/\/lottomat.com\/sl\/\",\"name\":\"Lottomat\",\"description\":\"\",\"potentialAction\":[{\"@type\":\"SearchAction\",\"target\":{\"@type\":\"EntryPoint\",\"urlTemplate\":\"https:\/\/lottomat.com\/sl\/?s={search_term_string}\"},\"query-input\":{\"@type\":\"PropertyValueSpecification\",\"valueRequired\":true,\"valueName\":\"search_term_string\"}}],\"inLanguage\":\"sl-SI\"}]}<\/script>\n<!-- \/ Yoast SEO plugin. -->","yoast_head_json":{"title":"EuroMillions Austria Online \u2013 Kupite Listke \u2013 Lottomat","description":"Igrajte EuroMillions Austria online pri Lottomatu. Tukaj lahko kupite listke za EuroMillions Austria online za prihodnjo \u017erebanje.","robots":{"index":"index","follow":"follow","max-snippet":"max-snippet:-1","max-image-preview":"max-image-preview:large","max-video-preview":"max-video-preview:-1"},"canonical":"https:\/\/lottomat.com\/sl\/igraj\/euromillions-eu-online-euromillions-austria-listki\/","og_locale":"sl_SI","og_type":"article","og_title":"EuroMillions Austria Online \u2013 Kupite Listke \u2013 Lottomat","og_description":"Igrajte EuroMillions Austria online pri Lottomatu. Tukaj lahko kupite listke za EuroMillions Austria online za prihodnjo \u017erebanje.","og_url":"https:\/\/lottomat.com\/sl\/igraj\/euromillions-eu-online-euromillions-austria-listki\/","og_site_name":"Lottomat","article_modified_time":"2026-02-26T14:44:42+00:00","og_image":[{"width":400,"height":400,"url":"https:\/\/lottomat.com\/wp-content\/uploads\/2026\/01\/Austrian-EuroMillions.webp","type":"image\/webp"}],"twitter_card":"summary_large_image","twitter_misc":{"Est. reading time":"5 minut"},"schema":{"@context":"https:\/\/schema.org","@graph":[{"@type":"WebPage","@id":"https:\/\/lottomat.com\/sl\/igraj\/euromillions-eu-online-euromillions-austria-listki\/","url":"https:\/\/lottomat.com\/sl\/igraj\/euromillions-eu-online-euromillions-austria-listki\/","name":"EuroMillions Austria Online \u2013 Kupite Listke \u2013 Lottomat","isPartOf":{"@id":"https:\/\/lottomat.com\/sl\/#website"},"primaryImageOfPage":{"@id":"https:\/\/lottomat.com\/sl\/igraj\/euromillions-eu-online-euromillions-austria-listki\/#primaryimage"},"image":{"@id":"https:\/\/lottomat.com\/sl\/igraj\/euromillions-eu-online-euromillions-austria-listki\/#primaryimage"},"thumbnailUrl":"https:\/\/lottomat.com\/wp-content\/uploads\/2026\/01\/Austrian-EuroMillions.webp","datePublished":"2025-05-18T16:39:08+00:00","dateModified":"2026-02-26T14:44:42+00:00","description":"Igrajte EuroMillions Austria online pri Lottomatu. Tukaj lahko kupite listke za EuroMillions Austria online za prihodnjo \u017erebanje.","breadcrumb":{"@id":"https:\/\/lottomat.com\/sl\/igraj\/euromillions-eu-online-euromillions-austria-listki\/#breadcrumb"},"inLanguage":"sl-SI","potentialAction":[{"@type":"ReadAction","target":["https:\/\/lottomat.com\/sl\/igraj\/euromillions-eu-online-euromillions-austria-listki\/"]}]},{"@type":"ImageObject","inLanguage":"sl-SI","@id":"https:\/\/lottomat.com\/sl\/igraj\/euromillions-eu-online-euromillions-austria-listki\/#primaryimage","url":"https:\/\/lottomat.com\/wp-content\/uploads\/2026\/01\/Austrian-EuroMillions.webp","contentUrl":"https:\/\/lottomat.com\/wp-content\/uploads\/2026\/01\/Austrian-EuroMillions.webp"},{"@type":"BreadcrumbList","@id":"https:\/\/lottomat.com\/sl\/igraj\/euromillions-eu-online-euromillions-austria-listki\/#breadcrumb","itemListElement":[{"@type":"ListItem","position":1,"name":"Home","item":"https:\/\/lottomat.com\/sl\/"},{"@type":"ListItem","position":2,"name":"Igranje loterije","item":"https:\/\/lottomat.com\/sl\/igraj\/"},{"@type":"ListItem","position":3,"name":"Euromillions EU Online &#8211; Euromillions Austria Listki"}]},{"@type":"WebSite","@id":"https:\/\/lottomat.com\/sl\/#website","url":"https:\/\/lottomat.com\/sl\/","name":"Lottomat","description":"","potentialAction":[{"@type":"SearchAction","target":{"@type":"EntryPoint","urlTemplate":"https:\/\/lottomat.com\/sl\/?s={search_term_string}"},"query-input":{"@type":"PropertyValueSpecification","valueRequired":true,"valueName":"search_term_string"}}],"inLanguage":"sl-SI"}]}},"_links":{"self":[{"href":"https:\/\/lottomat.com\/sl\/wp-json\/wp\/v2\/pages\/271970","targetHints":{"allow":["GET"]}}],"collection":[{"href":"https:\/\/lottomat.com\/sl\/wp-json\/wp\/v2\/pages"}],"about":[{"href":"https:\/\/lottomat.com\/sl\/wp-json\/wp\/v2\/types\/page"}],"author":[{"embeddable":true,"href":"https:\/\/lottomat.com\/sl\/wp-json\/wp\/v2\/users\/2"}],"replies":[{"embeddable":true,"href":"https:\/\/lottomat.com\/sl\/wp-json\/wp\/v2\/comments?post=271970"}],"version-history":[{"count":2,"href":"https:\/\/lottomat.com\/sl\/wp-json\/wp\/v2\/pages\/271970\/revisions"}],"predecessor-version":[{"id":271972,"href":"https:\/\/lottomat.com\/sl\/wp-json\/wp\/v2\/pages\/271970\/revisions\/271972"}],"up":[{"embeddable":true,"href":"https:\/\/lottomat.com\/sl\/wp-json\/wp\/v2\/pages\/6809"}],"wp:attachment":[{"href":"https:\/\/lottomat.com\/sl\/wp-json\/wp\/v2\/media?parent=271970"}],"curies":[{"name":"wp","href":"https:\/\/api.w.org\/{rel}","templated":true}]}}