{"id":238209,"date":"2025-04-07T19:25:51","date_gmt":"2025-04-07T19:25:51","guid":{"rendered":"https:\/\/lottomat.net\/loterija-rezultati\/rezultati-superenalotto\/"},"modified":"2026-02-26T11:08:00","modified_gmt":"2026-02-26T11:08:00","slug":"rezultati-superenalotto","status":"publish","type":"page","link":"https:\/\/lottomat.com\/sl\/rezultati\/rezultati-superenalotto\/","title":{"rendered":"Rezultati SuperEnalotto &#038; Dobitne \u0161tevilke"},"content":{"rendered":"\n\n<div class=\"kk-star-ratings kksr-auto kksr-align-left kksr-valign-top\"\n    data-payload='{&quot;align&quot;:&quot;left&quot;,&quot;id&quot;:&quot;238209&quot;,&quot;slug&quot;:&quot;default&quot;,&quot;valign&quot;:&quot;top&quot;,&quot;ignore&quot;:&quot;&quot;,&quot;reference&quot;:&quot;auto&quot;,&quot;class&quot;:&quot;&quot;,&quot;count&quot;:&quot;0&quot;,&quot;legendonly&quot;:&quot;&quot;,&quot;readonly&quot;:&quot;&quot;,&quot;score&quot;:&quot;0&quot;,&quot;starsonly&quot;:&quot;&quot;,&quot;best&quot;:&quot;5&quot;,&quot;gap&quot;:&quot;5&quot;,&quot;greet&quot;:&quot;Rate this page&quot;,&quot;legend&quot;:&quot;0\\\/5 - (0 votes)&quot;,&quot;size&quot;:&quot;30&quot;,&quot;title&quot;:&quot;Rezultati SuperEnalotto \\u0026amp; Dobitne \u0161tevilke&quot;,&quot;width&quot;:&quot;0&quot;,&quot;_legend&quot;:&quot;{score}\\\/{best} - ({count} {votes})&quot;,&quot;font_factor&quot;:&quot;1.25&quot;}'>\n            \n<div class=\"kksr-stars\">\n    \n<div class=\"kksr-stars-inactive\">\n            <div class=\"kksr-star\" data-star=\"1\" style=\"padding-right: 5px\">\n            \n\n<div class=\"kksr-icon\" style=\"width: 30px; height: 30px;\"><\/div>\n        <\/div>\n            <div class=\"kksr-star\" data-star=\"2\" style=\"padding-right: 5px\">\n            \n\n<div class=\"kksr-icon\" style=\"width: 30px; height: 30px;\"><\/div>\n        <\/div>\n            <div class=\"kksr-star\" data-star=\"3\" style=\"padding-right: 5px\">\n            \n\n<div class=\"kksr-icon\" style=\"width: 30px; height: 30px;\"><\/div>\n        <\/div>\n            <div class=\"kksr-star\" data-star=\"4\" style=\"padding-right: 5px\">\n            \n\n<div class=\"kksr-icon\" style=\"width: 30px; height: 30px;\"><\/div>\n        <\/div>\n            <div class=\"kksr-star\" data-star=\"5\" style=\"padding-right: 5px\">\n            \n\n<div class=\"kksr-icon\" style=\"width: 30px; height: 30px;\"><\/div>\n        <\/div>\n    <\/div>\n    \n<div class=\"kksr-stars-active\" style=\"width: 0px;\">\n            <div class=\"kksr-star\" style=\"padding-right: 5px\">\n            \n\n<div class=\"kksr-icon\" style=\"width: 30px; height: 30px;\"><\/div>\n        <\/div>\n            <div class=\"kksr-star\" style=\"padding-right: 5px\">\n            \n\n<div class=\"kksr-icon\" style=\"width: 30px; height: 30px;\"><\/div>\n        <\/div>\n            <div class=\"kksr-star\" style=\"padding-right: 5px\">\n            \n\n<div class=\"kksr-icon\" style=\"width: 30px; height: 30px;\"><\/div>\n        <\/div>\n            <div class=\"kksr-star\" style=\"padding-right: 5px\">\n            \n\n<div class=\"kksr-icon\" style=\"width: 30px; height: 30px;\"><\/div>\n        <\/div>\n            <div class=\"kksr-star\" style=\"padding-right: 5px\">\n            \n\n<div class=\"kksr-icon\" style=\"width: 30px; height: 30px;\"><\/div>\n        <\/div>\n    <\/div>\n<\/div>\n                \n\n<div class=\"kksr-legend\" style=\"font-size: 24px;\">\n            <span class=\"kksr-muted\">Rate this page<\/span>\n    <\/div>\n    <\/div>\n<p>Spoznavanje rezultatov SuperEnalotto vsakega \u017erebanja, pri katerem sodelujejo va\u0161i listki, bo zagotovo veliko zabave, \u0161e posebej ko se izka\u017ee, da ste izbrali sre\u010dne \u0161tevilke. Hitro in brez te\u017eav preverite na <a href=\"https:\/\/lottomat.com\/sl\/\">spletni strani LottoMat<\/a>, ali ste se uvrstili v vrste milijonarjev, saj objavljamo rezultate takoj po \u017erebanju, ki prihajajo iz uradnega sporo\u010dila organizatorja loterije SuperEnalotto. Lahko bi rekli, da so <a href=\"https:\/\/lottomat.com\/sl\/loterija-rezultati\/\">na\u0161i loterijski rezultati<\/a> vedno sve\u017ei kot pravkar pe\u010den kruh.<\/p>\n<h2><img loading=\"lazy\" decoding=\"async\" class=\"wp-image-252676 alignleft\" src=\"https:\/\/lottomat.com\/wp-content\/uploads\/2025\/10\/Italian-lottery-numbers-300x300.webp\" alt=\"Italijanske loterijske \u0161tevilke\" width=\"200\" height=\"200\" srcset=\"https:\/\/lottomat.com\/wp-content\/uploads\/2025\/10\/Italian-lottery-numbers-300x300.webp 300w, https:\/\/lottomat.com\/wp-content\/uploads\/2025\/10\/Italian-lottery-numbers-150x150.webp 150w, https:\/\/lottomat.com\/wp-content\/uploads\/2025\/10\/Italian-lottery-numbers-100x100.webp 100w, https:\/\/lottomat.com\/wp-content\/uploads\/2025\/10\/Italian-lottery-numbers.webp 400w\" sizes=\"auto, (max-width: 200px) 100vw, 200px\" \/>Kako preveriti trenutne rezultate SuperEnalotto?<\/h2>\n<p>Preprosto je kot en, dva, tri, in izjemno hitro. <strong>Rezultati zadnjega \u017erebanja so vedno na vrhu strani.<\/strong> Morda vas bo zbegala bonus \u0161tevilka, t. i. Jolly, ki je med rezultati, a mi dobivamo rezultate neposredno od organizatorja, takoj po \u017erebanju, zato je tudi ta posebna \u0161tevilka, ki jo lahko izberejo samo Italijani na loterijskih prodajnih mestih po vsej dr\u017eavi, vklju\u010dena. To pomeni, da se osredoto\u010dite samo na rezultate \u017erebanja glavnih \u0161tevilk, saj pri \u017erebanju \u0161tevilke Jolly ne sodelujete. <strong>Rezultati na spletni strani LottoMat so prikazani v uporabniku prijazni tabeli, ki jo je zelo preprosto brati.<\/strong><\/p>\n<h2>Kako preveriti arhivirane rezultate SuperEnalotto?<\/h2>\n<p>Na spletni strani LottoMat vam omogo\u010damo brskanje po starej\u0161ih rezultatih. Tik poleg nedavno iz\u017erebanih \u0161tevilk je naveden datum zadnjega \u017erebanja. <strong>\u010ce kliknete na ta datum, se prika\u017ee koledar z arhiviranimi \u017erebanji.<\/strong> Vse kar morate storiti je, da izberete datum, ki vas zanima, in poi\u0161\u010dete rezultate prej\u0161njega \u017erebanja SuperEnalotto. Zbiramo podatke za zadnjih 12 mesecev in lahko nam zaupate, da so zanesljivo upravljani in predvsem resni\u010dni.<\/p>\n<h2>Kako uporabiti arhivske dobitne \u0161tevilke SuperEnalotto?<img loading=\"lazy\" decoding=\"async\" class=\"wp-image-252707 alignright\" src=\"https:\/\/lottomat.com\/wp-content\/uploads\/2025\/10\/Italian-lottery-results-300x300.webp\" alt=\"Rezultati italijanske loterije\" width=\"200\" height=\"200\" srcset=\"https:\/\/lottomat.com\/wp-content\/uploads\/2025\/10\/Italian-lottery-results-300x300.webp 300w, https:\/\/lottomat.com\/wp-content\/uploads\/2025\/10\/Italian-lottery-results-150x150.webp 150w, https:\/\/lottomat.com\/wp-content\/uploads\/2025\/10\/Italian-lottery-results-100x100.webp 100w, https:\/\/lottomat.com\/wp-content\/uploads\/2025\/10\/Italian-lottery-results.webp 400w\" sizes=\"auto, (max-width: 200px) 100vw, 200px\" \/><\/h2>\n<p>Ali veste, zakaj so arhivirana \u017erebanja koristna? Pravzaprav obstajajo trije glavni razlogi. <strong>Najprej in predvsem vam omogo\u010dajo, da ustvarite svojo lastno, edinstveno strategijo<\/strong>, pri kateri preverite nedavno iz\u017erebane \u0161tevilke in ocenite mo\u017enosti za zmago pri \u017erebanju. Drugi\u010d, lahko preverite, ali je bila v loteriji sre\u010dna \u0161esterica, ali bo jackpot, in poleg tega, kak\u0161na je bila zadnja najvi\u0161ja nagrada, da lahko izra\u010dunate potencialni dobi\u010dek od loterijske zmage. Tretji\u010d, vidite, koliko zmagovalcev ima SuperEnalotto in kak\u0161ne nagrade osvajajo, tudi \u010de niso izbrali vseh iz\u017erebanih \u0161tevilk \u2013 in zmagovalcev je vedno na stotine tiso\u010d! Vse kar vam preostane je, da kupite listke in korenito spremenite svoje \u017eivljenje! In ne pozabite, vsak listek vas pribli\u017ea zmagi na <a href=\"https:\/\/lottomat.com\/sl\/igranje-loterije\/igrajte-superenalotto-na-spletu\/\">SuperEnalotto online<\/a>.<\/p>\n<h2>Katere so najpogosteje iz\u017erebane \u0161tevilke v SuperEnalottu?<\/h2>\n<p>Glede na statisti\u010dno analizo \u017erebanj SuperEnalotto od leta 1997 <strong>10 najpogosteje iz\u017erebanih \u0161tevilk vklju\u010duje 90, 85, 77, 86, 82, 55, 88, 80, 87 in 79.<\/strong> Te \u0161tevilke so v loterijskih krogih pogosto ozna\u010dene kot \u00bbvro\u010de \u0161tevilke\u00ab zaradi njihovega pogostega pojavljanja v dobitnih kombinacijah. \u0160tevilka 90 zaseda prvo mesto, saj je bila v zgodovini igre iz\u017erebana \u017ee stokrat in ve\u010dkrat. Igralci pogosto uporabljajo te statisti\u010dne podatke pri oblikovanju strategij za izbiro \u0161tevilk, \u010deprav je treba vedeti, da je vsako \u017erebanje neodvisno in pretekli rezultati ne vplivajo na prihodnje izide.<\/p>\n<h2><img loading=\"lazy\" decoding=\"async\" class=\"wp-image-252737 alignleft\" src=\"https:\/\/lottomat.com\/wp-content\/uploads\/2025\/10\/SuperEnalotto-results-300x300.webp\" alt=\"Rezultati SuperEnalotto\" width=\"200\" height=\"200\" srcset=\"https:\/\/lottomat.com\/wp-content\/uploads\/2025\/10\/SuperEnalotto-results-300x300.webp 300w, https:\/\/lottomat.com\/wp-content\/uploads\/2025\/10\/SuperEnalotto-results-150x150.webp 150w, https:\/\/lottomat.com\/wp-content\/uploads\/2025\/10\/SuperEnalotto-results-100x100.webp 100w, https:\/\/lottomat.com\/wp-content\/uploads\/2025\/10\/SuperEnalotto-results.webp 400w\" sizes=\"auto, (max-width: 200px) 100vw, 200px\" \/>Katere so najmanj iz\u017erebane \u0161tevilke v SuperEnalottu?<\/h2>\n<p>Na nasprotnem koncu lestvice ima SuperEnalotto ve\u010d \u00bbhladnih \u0161tevilk\u00ab, ki se pri \u017erebanjih pojavljajo redkeje. <strong>10 najmanj iz\u017erebanih \u0161tevilk po navadi vklju\u010duje ni\u017eje \u0161tevilke, kot so 1, 2, 3, 4, 5, 6, 7, 8, 9 in 10<\/strong>, \u010deprav je to odvisno od analiziranega \u010dasovnega obdobja. Te hladne \u0161tevilke se v dobitnih kombinacijah niso pojavljale tako pogosto v primerjavi z njihovimi vro\u010dimi nasprotnicami. Nekateri ljubitelji loterij verjamejo, da so hladne \u0161tevilke \u00bb\u017ee dolgo na vrsti\u00ab, da se iz\u017erebajo, medtem ko drugi raje stavijo na vro\u010de \u0161tevilke, ki so potrdile svojo pogostost. Razumevanje vzorcev toplih in hladnih \u0161tevilk lahko igralcem pomaga pri razvoju lastnih loterijskih strategij.<\/p>\n<h2>Ali je mogo\u010de napovedati rezultate SuperEnalotto?<\/h2>\n<p>Kljub obse\u017eni statisti\u010dni analizi, ki je na voljo za SuperEnalotto, je klju\u010dno razumeti, da <strong>loterijskih rezultatov ni mogo\u010de natan\u010dno napovedati.<\/strong> Vsako \u017erebanje SuperEnalotto je popolnoma naklju\u010dno in neodvisno od prej\u0161njih rezultatov. \u010ceprav je prou\u010devanje vro\u010dih in hladnih \u0161tevilk, grafov pogostosti in zgodovinskih vzorcev zanimivo in lahko vpliva na va\u0161o strategijo izbire \u0161tevilk, te statistike ne zagotavljajo prihodnjega uspeha. Loterija uporablja sofisticirane sisteme za generiranje naklju\u010dnih \u0161tevilk, ki zagotavljajo, da ima vsaka \u0161tevilka od 1 do 90 enako mo\u017enost, da je iz\u017erebana v vsakem posameznem \u017erebanju. Matemati\u010dna verjetnost ostaja nespremenjena ne glede na pretekle rezultate \u2013 to je znano kot \u00bbkockarjeva zmota\u00ab, ko ljudje napa\u010dno verjamejo, da pretekli rezultati vplivajo na prihodnje izide. Strokovni matematiki in statistiki dosledno poudarjajo, da so loterijske igre, kot je SuperEnalotto, igre \u010distega naklju\u010dja. <strong>Najbolj\u0161i pristop je igrati odgovorno, v okviru svojih zmo\u017enosti in za razvedrilo, ne pa kot nalo\u017ebeno strategijo.<\/strong><\/p>\n<h2>Kako preveriti rezultate v\u010deraj\u0161njega \u017erebanja SuperEnalotto?<img loading=\"lazy\" decoding=\"async\" class=\"wp-image-252767 alignright\" src=\"https:\/\/lottomat.com\/wp-content\/uploads\/2025\/10\/SuperEnalotto-winning-numbers-300x300.webp\" alt=\"Dobitne \u0161tevilke SuperEnalotto\" width=\"200\" height=\"200\" srcset=\"https:\/\/lottomat.com\/wp-content\/uploads\/2025\/10\/SuperEnalotto-winning-numbers-300x300.webp 300w, https:\/\/lottomat.com\/wp-content\/uploads\/2025\/10\/SuperEnalotto-winning-numbers-150x150.webp 150w, https:\/\/lottomat.com\/wp-content\/uploads\/2025\/10\/SuperEnalotto-winning-numbers-100x100.webp 100w, https:\/\/lottomat.com\/wp-content\/uploads\/2025\/10\/SuperEnalotto-winning-numbers.webp 400w\" sizes=\"auto, (max-width: 200px) 100vw, 200px\" \/><\/h2>\n<p>Preverjanje v\u010deraj\u0161njih rezultatov SuperEnalotto na spletni strani LottoMat je preprosto in priro\u010dno. Na\u0161a platforma vzdr\u017euje obse\u017ene arhive vseh nedavnih loterijskih \u017erebanj, kar olaj\u0161a dostop do rezultatov od v\u010deraj, prej\u0161njega tedna ali celo prej\u0161njega meseca. <strong>Ne glede na to, ali i\u0161\u010dete najnovej\u0161e rezultate ali morate preveriti \u0161tevilke iz prej\u0161njih \u017erebanj, LottoMat zagotavlja zanesljive in to\u010dne informacije o italijanski loteriji.<\/strong> Preprosto se pomaknite na na\u0161 razdelek z rezultati, kjer boste na\u0161li kronolo\u0161ki seznam vseh nedavnih \u017erebanj SuperEnalotto. Vsak vnos rezultata vklju\u010duje \u0161est glavnih dobitnih \u0161tevilk, \u0161tevilko Jolly in \u0161tevilko SuperStar, \u010de je ta na voljo. Kliknete lahko na kateri koli dolo\u010den datum in si ogledate podrobne informacije o tistem \u017erebanju, vklju\u010dno s pregledom nagrad in statistiko zmagovalcev. Ne pozabite, da na LottoMatu <strong>ni va\u017eno, ali i\u0161\u010dete dana\u0161nje rezultate, v\u010deraj\u0161nje \u0161tevilke ali rezultate izpred tednov \u2013 vedno boste na\u0161li pristne rezultate italijanske loterije<\/strong>, ki jim lahko popolnoma zaupate.<\/p>\n<h2>Koliko ljudi je zmagalo v zadnjem \u017erebanju SuperEnalotto?<\/h2>\n<p>Vsako \u017erebanje SuperEnalotto prinese ve\u010d zmagovalcev na razli\u010dnih <a href=\"https:\/\/lottomat.com\/sl\/loterija-informacije\/superenalotto-informacije\/\">ravneh nagrad SuperEnalotto<\/a>, ne le zmagovalca jackpota. <strong>Na\u0161a obse\u017ena tabela raz\u010dlenitve nagrad zagotavlja podrobne informacije o \u0161tevilu zmagovalcev na vsaki ravni nagrad in ustreznih zneskih nagrad, ki so jih prejeli.<\/strong> Ti dragoceni podatki pomagajo igralcem razumeti razli\u010dne na\u010dine zmage v SuperEnalottu, ne le s tem, da ujamejo vseh \u0161est \u0161tevilk. Tipi\u010dno <strong>tiso\u010de igralcev osvoji nagrade v vsakem \u017erebanju SuperEnalotto na vseh ravneh nagrad<\/strong>, pri \u010demer ve\u010dina zmaga manj\u0161e zneske za ujemanje 2\u20133 \u0161tevilk. Te informacije se posodobijo takoj po vsakem \u017erebanju in zagotavljajo preglednost glede razdelitve nagrad loterije, kar igralcem pomaga razumeti njihov potencialni dobi\u010dek na razli\u010dnih ravneh ujemanja.<\/p>\n","protected":false},"excerpt":{"rendered":"<p>Spoznavanje rezultatov SuperEnalotto vsakega \u017erebanja, pri katerem sodelujejo va\u0161i listki, bo zagotovo veliko zabave, \u0161e posebej ko se izka\u017ee, da ste izbrali sre\u010dne \u0161tevilke. Hitro in brez te\u017eav preverite na spletni strani LottoMat, ali ste se uvrstili v vrste milijonarjev, saj objavljamo rezultate takoj po \u017erebanju, ki prihajajo iz uradnega sporo\u010dila organizatorja loterije SuperEnalotto. Lahko [&hellip;]<\/p>\n","protected":false},"author":1,"featured_media":0,"parent":7457,"menu_order":5,"comment_status":"closed","ping_status":"closed","template":"superenalotto-results.php","meta":{"_et_pb_use_builder":"","_et_pb_old_content":"","_et_gb_content_width":"","exclude_from_search":false,"footnotes":""},"class_list":["post-238209","page","type-page","status-publish","hentry"],"yoast_head":"<!-- This site is optimized with the Yoast SEO plugin v23.8 - https:\/\/yoast.com\/wordpress\/plugins\/seo\/ -->\n<title>Rezultati SuperEnalotto &amp; Dobitne \u0161tevilke - Lottomat<\/title>\n<meta name=\"description\" content=\"Preverite najnovej\u0161e rezultate SuperEnalotto zdaj! Oglejte si dana\u0161nje dobitne \u0161tevilke in ugotovite, ali ste zmagali v italijanski loterijski \u017erebi.\" \/>\n<meta name=\"robots\" content=\"index, follow, max-snippet:-1, max-image-preview:large, max-video-preview:-1\" \/>\n<link rel=\"canonical\" href=\"https:\/\/lottomat.com\/sl\/rezultati\/rezultati-superenalotto\/\" \/>\n<meta property=\"og:locale\" content=\"sl_SI\" \/>\n<meta property=\"og:type\" content=\"article\" \/>\n<meta property=\"og:title\" content=\"Rezultati SuperEnalotto &amp; Dobitne \u0161tevilke - Lottomat\" \/>\n<meta property=\"og:description\" content=\"Preverite najnovej\u0161e rezultate SuperEnalotto zdaj! Oglejte si dana\u0161nje dobitne \u0161tevilke in ugotovite, ali ste zmagali v italijanski loterijski \u017erebi.\" \/>\n<meta property=\"og:url\" content=\"https:\/\/lottomat.com\/sl\/rezultati\/rezultati-superenalotto\/\" \/>\n<meta property=\"og:site_name\" content=\"Lottomat\" \/>\n<meta property=\"article:modified_time\" content=\"2026-02-26T11:08:00+00:00\" \/>\n<meta property=\"og:image\" content=\"https:\/\/lottomat.com\/wp-content\/uploads\/2025\/10\/Italian-lottery-numbers.webp\" \/>\n\t<meta property=\"og:image:width\" content=\"400\" \/>\n\t<meta property=\"og:image:height\" content=\"400\" \/>\n\t<meta property=\"og:image:type\" content=\"image\/webp\" \/>\n<meta name=\"twitter:card\" content=\"summary_large_image\" \/>\n<meta name=\"twitter:label1\" content=\"Est. reading time\" \/>\n\t<meta name=\"twitter:data1\" content=\"6 minut\" \/>\n<script type=\"application\/ld+json\" class=\"yoast-schema-graph\">{\"@context\":\"https:\/\/schema.org\",\"@graph\":[{\"@type\":\"WebPage\",\"@id\":\"https:\/\/lottomat.com\/sl\/rezultati\/rezultati-superenalotto\/\",\"url\":\"https:\/\/lottomat.com\/sl\/rezultati\/rezultati-superenalotto\/\",\"name\":\"Rezultati SuperEnalotto & Dobitne \u0161tevilke - Lottomat\",\"isPartOf\":{\"@id\":\"https:\/\/lottomat.com\/sl\/#website\"},\"primaryImageOfPage\":{\"@id\":\"https:\/\/lottomat.com\/sl\/rezultati\/rezultati-superenalotto\/#primaryimage\"},\"image\":{\"@id\":\"https:\/\/lottomat.com\/sl\/rezultati\/rezultati-superenalotto\/#primaryimage\"},\"thumbnailUrl\":\"https:\/\/lottomat.com\/wp-content\/uploads\/2025\/10\/Italian-lottery-numbers-300x300.webp\",\"datePublished\":\"2025-04-07T19:25:51+00:00\",\"dateModified\":\"2026-02-26T11:08:00+00:00\",\"description\":\"Preverite najnovej\u0161e rezultate SuperEnalotto zdaj! Oglejte si dana\u0161nje dobitne \u0161tevilke in ugotovite, ali ste zmagali v italijanski loterijski \u017erebi.\",\"breadcrumb\":{\"@id\":\"https:\/\/lottomat.com\/sl\/rezultati\/rezultati-superenalotto\/#breadcrumb\"},\"inLanguage\":\"sl-SI\",\"potentialAction\":[{\"@type\":\"ReadAction\",\"target\":[\"https:\/\/lottomat.com\/sl\/rezultati\/rezultati-superenalotto\/\"]}]},{\"@type\":\"ImageObject\",\"inLanguage\":\"sl-SI\",\"@id\":\"https:\/\/lottomat.com\/sl\/rezultati\/rezultati-superenalotto\/#primaryimage\",\"url\":\"https:\/\/lottomat.com\/wp-content\/uploads\/2025\/10\/Italian-lottery-numbers-300x300.webp\",\"contentUrl\":\"https:\/\/lottomat.com\/wp-content\/uploads\/2025\/10\/Italian-lottery-numbers-300x300.webp\"},{\"@type\":\"BreadcrumbList\",\"@id\":\"https:\/\/lottomat.com\/sl\/rezultati\/rezultati-superenalotto\/#breadcrumb\",\"itemListElement\":[{\"@type\":\"ListItem\",\"position\":1,\"name\":\"Home\",\"item\":\"https:\/\/lottomat.com\/sl\/\"},{\"@type\":\"ListItem\",\"position\":2,\"name\":\"Najnovej\u0161i rezultati loterij in zmagovalne \u0161tevilke\",\"item\":\"https:\/\/lottomat.com\/sl\/rezultati\/\"},{\"@type\":\"ListItem\",\"position\":3,\"name\":\"Rezultati SuperEnalotto &#038; Dobitne \u0161tevilke\"}]},{\"@type\":\"WebSite\",\"@id\":\"https:\/\/lottomat.com\/sl\/#website\",\"url\":\"https:\/\/lottomat.com\/sl\/\",\"name\":\"Lottomat\",\"description\":\"\",\"potentialAction\":[{\"@type\":\"SearchAction\",\"target\":{\"@type\":\"EntryPoint\",\"urlTemplate\":\"https:\/\/lottomat.com\/sl\/?s={search_term_string}\"},\"query-input\":{\"@type\":\"PropertyValueSpecification\",\"valueRequired\":true,\"valueName\":\"search_term_string\"}}],\"inLanguage\":\"sl-SI\"}]}<\/script>\n<!-- \/ Yoast SEO plugin. -->","yoast_head_json":{"title":"Rezultati SuperEnalotto & Dobitne \u0161tevilke - Lottomat","description":"Preverite najnovej\u0161e rezultate SuperEnalotto zdaj! Oglejte si dana\u0161nje dobitne \u0161tevilke in ugotovite, ali ste zmagali v italijanski loterijski \u017erebi.","robots":{"index":"index","follow":"follow","max-snippet":"max-snippet:-1","max-image-preview":"max-image-preview:large","max-video-preview":"max-video-preview:-1"},"canonical":"https:\/\/lottomat.com\/sl\/rezultati\/rezultati-superenalotto\/","og_locale":"sl_SI","og_type":"article","og_title":"Rezultati SuperEnalotto & Dobitne \u0161tevilke - Lottomat","og_description":"Preverite najnovej\u0161e rezultate SuperEnalotto zdaj! Oglejte si dana\u0161nje dobitne \u0161tevilke in ugotovite, ali ste zmagali v italijanski loterijski \u017erebi.","og_url":"https:\/\/lottomat.com\/sl\/rezultati\/rezultati-superenalotto\/","og_site_name":"Lottomat","article_modified_time":"2026-02-26T11:08:00+00:00","og_image":[{"width":400,"height":400,"url":"https:\/\/lottomat.com\/wp-content\/uploads\/2025\/10\/Italian-lottery-numbers.webp","type":"image\/webp"}],"twitter_card":"summary_large_image","twitter_misc":{"Est. reading time":"6 minut"},"schema":{"@context":"https:\/\/schema.org","@graph":[{"@type":"WebPage","@id":"https:\/\/lottomat.com\/sl\/rezultati\/rezultati-superenalotto\/","url":"https:\/\/lottomat.com\/sl\/rezultati\/rezultati-superenalotto\/","name":"Rezultati SuperEnalotto & Dobitne \u0161tevilke - Lottomat","isPartOf":{"@id":"https:\/\/lottomat.com\/sl\/#website"},"primaryImageOfPage":{"@id":"https:\/\/lottomat.com\/sl\/rezultati\/rezultati-superenalotto\/#primaryimage"},"image":{"@id":"https:\/\/lottomat.com\/sl\/rezultati\/rezultati-superenalotto\/#primaryimage"},"thumbnailUrl":"https:\/\/lottomat.com\/wp-content\/uploads\/2025\/10\/Italian-lottery-numbers-300x300.webp","datePublished":"2025-04-07T19:25:51+00:00","dateModified":"2026-02-26T11:08:00+00:00","description":"Preverite najnovej\u0161e rezultate SuperEnalotto zdaj! Oglejte si dana\u0161nje dobitne \u0161tevilke in ugotovite, ali ste zmagali v italijanski loterijski \u017erebi.","breadcrumb":{"@id":"https:\/\/lottomat.com\/sl\/rezultati\/rezultati-superenalotto\/#breadcrumb"},"inLanguage":"sl-SI","potentialAction":[{"@type":"ReadAction","target":["https:\/\/lottomat.com\/sl\/rezultati\/rezultati-superenalotto\/"]}]},{"@type":"ImageObject","inLanguage":"sl-SI","@id":"https:\/\/lottomat.com\/sl\/rezultati\/rezultati-superenalotto\/#primaryimage","url":"https:\/\/lottomat.com\/wp-content\/uploads\/2025\/10\/Italian-lottery-numbers-300x300.webp","contentUrl":"https:\/\/lottomat.com\/wp-content\/uploads\/2025\/10\/Italian-lottery-numbers-300x300.webp"},{"@type":"BreadcrumbList","@id":"https:\/\/lottomat.com\/sl\/rezultati\/rezultati-superenalotto\/#breadcrumb","itemListElement":[{"@type":"ListItem","position":1,"name":"Home","item":"https:\/\/lottomat.com\/sl\/"},{"@type":"ListItem","position":2,"name":"Najnovej\u0161i rezultati loterij in zmagovalne \u0161tevilke","item":"https:\/\/lottomat.com\/sl\/rezultati\/"},{"@type":"ListItem","position":3,"name":"Rezultati SuperEnalotto &#038; Dobitne \u0161tevilke"}]},{"@type":"WebSite","@id":"https:\/\/lottomat.com\/sl\/#website","url":"https:\/\/lottomat.com\/sl\/","name":"Lottomat","description":"","potentialAction":[{"@type":"SearchAction","target":{"@type":"EntryPoint","urlTemplate":"https:\/\/lottomat.com\/sl\/?s={search_term_string}"},"query-input":{"@type":"PropertyValueSpecification","valueRequired":true,"valueName":"search_term_string"}}],"inLanguage":"sl-SI"}]}},"_links":{"self":[{"href":"https:\/\/lottomat.com\/sl\/wp-json\/wp\/v2\/pages\/238209","targetHints":{"allow":["GET"]}}],"collection":[{"href":"https:\/\/lottomat.com\/sl\/wp-json\/wp\/v2\/pages"}],"about":[{"href":"https:\/\/lottomat.com\/sl\/wp-json\/wp\/v2\/types\/page"}],"author":[{"embeddable":true,"href":"https:\/\/lottomat.com\/sl\/wp-json\/wp\/v2\/users\/1"}],"replies":[{"embeddable":true,"href":"https:\/\/lottomat.com\/sl\/wp-json\/wp\/v2\/comments?post=238209"}],"version-history":[{"count":3,"href":"https:\/\/lottomat.com\/sl\/wp-json\/wp\/v2\/pages\/238209\/revisions"}],"predecessor-version":[{"id":271902,"href":"https:\/\/lottomat.com\/sl\/wp-json\/wp\/v2\/pages\/238209\/revisions\/271902"}],"up":[{"embeddable":true,"href":"https:\/\/lottomat.com\/sl\/wp-json\/wp\/v2\/pages\/7457"}],"wp:attachment":[{"href":"https:\/\/lottomat.com\/sl\/wp-json\/wp\/v2\/media?parent=238209"}],"curies":[{"name":"wp","href":"https:\/\/api.w.org\/{rel}","templated":true}]}}