{"id":237855,"date":"2025-04-07T19:24:29","date_gmt":"2025-04-07T19:24:29","guid":{"rendered":"https:\/\/lottomat.net\/loterija-rezultati\/rezultati-igre-mega-millions\/"},"modified":"2026-02-26T09:50:45","modified_gmt":"2026-02-26T09:50:45","slug":"rezultati-igre-mega-millions","status":"publish","type":"page","link":"https:\/\/lottomat.com\/sl\/rezultati\/rezultati-igre-mega-millions\/","title":{"rendered":"Rezultati Mega Millions in dobitne \u0161tevilke"},"content":{"rendered":"\n\n<div class=\"kk-star-ratings kksr-auto kksr-align-left kksr-valign-top\"\n    data-payload='{&quot;align&quot;:&quot;left&quot;,&quot;id&quot;:&quot;237855&quot;,&quot;slug&quot;:&quot;default&quot;,&quot;valign&quot;:&quot;top&quot;,&quot;ignore&quot;:&quot;&quot;,&quot;reference&quot;:&quot;auto&quot;,&quot;class&quot;:&quot;&quot;,&quot;count&quot;:&quot;0&quot;,&quot;legendonly&quot;:&quot;&quot;,&quot;readonly&quot;:&quot;&quot;,&quot;score&quot;:&quot;0&quot;,&quot;starsonly&quot;:&quot;&quot;,&quot;best&quot;:&quot;5&quot;,&quot;gap&quot;:&quot;5&quot;,&quot;greet&quot;:&quot;Rate this page&quot;,&quot;legend&quot;:&quot;0\\\/5 - (0 votes)&quot;,&quot;size&quot;:&quot;30&quot;,&quot;title&quot;:&quot;Rezultati Mega Millions in dobitne \u0161tevilke&quot;,&quot;width&quot;:&quot;0&quot;,&quot;_legend&quot;:&quot;{score}\\\/{best} - ({count} {votes})&quot;,&quot;font_factor&quot;:&quot;1.25&quot;}'>\n            \n<div class=\"kksr-stars\">\n    \n<div class=\"kksr-stars-inactive\">\n            <div class=\"kksr-star\" data-star=\"1\" style=\"padding-right: 5px\">\n            \n\n<div class=\"kksr-icon\" style=\"width: 30px; height: 30px;\"><\/div>\n        <\/div>\n            <div class=\"kksr-star\" data-star=\"2\" style=\"padding-right: 5px\">\n            \n\n<div class=\"kksr-icon\" style=\"width: 30px; height: 30px;\"><\/div>\n        <\/div>\n            <div class=\"kksr-star\" data-star=\"3\" style=\"padding-right: 5px\">\n            \n\n<div class=\"kksr-icon\" style=\"width: 30px; height: 30px;\"><\/div>\n        <\/div>\n            <div class=\"kksr-star\" data-star=\"4\" style=\"padding-right: 5px\">\n            \n\n<div class=\"kksr-icon\" style=\"width: 30px; height: 30px;\"><\/div>\n        <\/div>\n            <div class=\"kksr-star\" data-star=\"5\" style=\"padding-right: 5px\">\n            \n\n<div class=\"kksr-icon\" style=\"width: 30px; height: 30px;\"><\/div>\n        <\/div>\n    <\/div>\n    \n<div class=\"kksr-stars-active\" style=\"width: 0px;\">\n            <div class=\"kksr-star\" style=\"padding-right: 5px\">\n            \n\n<div class=\"kksr-icon\" style=\"width: 30px; height: 30px;\"><\/div>\n        <\/div>\n            <div class=\"kksr-star\" style=\"padding-right: 5px\">\n            \n\n<div class=\"kksr-icon\" style=\"width: 30px; height: 30px;\"><\/div>\n        <\/div>\n            <div class=\"kksr-star\" style=\"padding-right: 5px\">\n            \n\n<div class=\"kksr-icon\" style=\"width: 30px; height: 30px;\"><\/div>\n        <\/div>\n            <div class=\"kksr-star\" style=\"padding-right: 5px\">\n            \n\n<div class=\"kksr-icon\" style=\"width: 30px; height: 30px;\"><\/div>\n        <\/div>\n            <div class=\"kksr-star\" style=\"padding-right: 5px\">\n            \n\n<div class=\"kksr-icon\" style=\"width: 30px; height: 30px;\"><\/div>\n        <\/div>\n    <\/div>\n<\/div>\n                \n\n<div class=\"kksr-legend\" style=\"font-size: 24px;\">\n            <span class=\"kksr-muted\">Rate this page<\/span>\n    <\/div>\n    <\/div>\n<p>Listki za loterijo Mega Millions so kupljeni, dobitne \u0161tevilke za Mega Millions so izbrane, vi pa se prepu\u0161\u010date blagim na\u010drtom in sanjam, ki se bodo uresni\u010dile, \u010de se le pridru\u017eite skupini milijonarjev. V tem ni ni\u010d napa\u010dnega \u2013 vsi imamo svoje sanje. Verjetno misli vsakega igralca pred izvedbo \u017erebanja Mega Millions kro\u017eijo okoli zmage, in <strong>Mega Millions je igra, ki resni\u010dno lahko da veliko<\/strong>.<\/p>\n<h2>Ali je zmaga s \u0161tevilkami Mega Millions mogo\u010da?<img loading=\"lazy\" decoding=\"async\" class=\"alignright wp-image-251955\" src=\"https:\/\/lottomat.com\/wp-content\/uploads\/2025\/10\/Mega-Millions-winning-numbers.webp\" alt=\"dobitne \u0161tevilke Mega Millions\" width=\"200\" height=\"200\" srcset=\"https:\/\/lottomat.com\/wp-content\/uploads\/2025\/10\/Mega-Millions-winning-numbers.webp 400w, https:\/\/lottomat.com\/wp-content\/uploads\/2025\/10\/Mega-Millions-winning-numbers-300x300.webp 300w, https:\/\/lottomat.com\/wp-content\/uploads\/2025\/10\/Mega-Millions-winning-numbers-150x150.webp 150w, https:\/\/lottomat.com\/wp-content\/uploads\/2025\/10\/Mega-Millions-winning-numbers-100x100.webp 100w\" sizes=\"auto, (max-width: 200px) 100vw, 200px\" \/><\/h2>\n<p>Dokler ne <a href=\"https:\/\/lottomat.com\/sl\/loterija-rezultati\/\">preverite aktualnih rezultatov \u017erebanja<\/a>, lahko sanjate, vendar le izvlek \u0161tevilk, ki ste jih izbrali, lahko ta lepi sen spremeni v resni\u010dnost \u2013 zato ni smisla \u010dakati, preprosto igrajte in preverite. Vse, kar morate storiti po \u017erebanju, je <a href=\"https:\/\/lottomat.com\/sl\/\">obiskati spletno stran LottoMat<\/a> in si ogledati stran z rezultati za Mega Millions ter preveriti, katere \u0161tevilke so zmagale v tem \u017erebanju. \u010ce se ujemajo z va\u0161im listkom, ste med zmagovalci <a href=\"https:\/\/lottomat.com\/sl\/loterija-informacije\/mega-millions-informacije\/\">nagrad in jackpota Mega Millions<\/a>. <strong>\u017drebanje loterije Mega Millions poteka redno dvakrat tedensko, vsako sredo in soboto ob 03:00 UTC<\/strong>. Aktualne rezultate Mega Millions objavljamo na spletu takoj po koncu \u017erebanja, pridobljeni pa so iz uradnih informacij organizatorja loterije, kar jih naredi 100-odstotno preverjene in zanesljive. Edino, kar morate upo\u0161tevati, je, da \u010das prilagodite svojemu lokalnemu \u010dasovnemu pasu.<\/p>\n<h2>Kako preveriti dana\u0161nje rezultate Mega Millions?<\/h2>\n<p><strong>Aktualni rezultati Mega Millions so na spletni strani LottoMat na voljo takoj po zaklju\u010dku vsakega \u017erebanja<\/strong>. Vsi objavljeni rezultati prihajajo neposredno iz uradnih virov loterije, kar zagotavlja popolno natan\u010dnost in zanesljivost. Do najnovej\u0161ih dobitnih \u0161tevilk lahko dostopate z obiskom na\u0161e namenske strani z rezultati Mega Millions. Rezultati se po vsakem \u017erebanju posodabljajo v realnem \u010dasu, tako da boste vedno imeli dostop do najnovej\u0161ih informacij. Preprosto obi\u0161\u010dite na\u0161 razdelek z rezultati in ugotovite, ali so vas va\u0161e \u0161tevilke uvrstile med naslednje zmagovalce Mega Millions.<\/p>\n<h2><img loading=\"lazy\" decoding=\"async\" class=\"alignleft wp-image-251985\" src=\"https:\/\/lottomat.com\/wp-content\/uploads\/2025\/10\/Mega-Millions-results.webp\" alt=\"rezultati Mega Millions\" width=\"200\" height=\"200\" srcset=\"https:\/\/lottomat.com\/wp-content\/uploads\/2025\/10\/Mega-Millions-results.webp 400w, https:\/\/lottomat.com\/wp-content\/uploads\/2025\/10\/Mega-Millions-results-300x300.webp 300w, https:\/\/lottomat.com\/wp-content\/uploads\/2025\/10\/Mega-Millions-results-150x150.webp 150w, https:\/\/lottomat.com\/wp-content\/uploads\/2025\/10\/Mega-Millions-results-100x100.webp 100w\" sizes=\"auto, (max-width: 200px) 100vw, 200px\" \/>Kako preveriti zgodovinske rezultate in dobitne \u0161tevilke Mega Millions?<\/h2>\n<p>Vemo, kako pomembni so arhivirani rezultati \u017erebanj za mnoge od nas, saj nekateri na njihovi osnovi gradijo svojo strategijo za nadaljnja \u017erebanja. Vse, kar morate storiti, da jih uporabite, je obiskati na\u0161 koledar rezultatov, ki je na voljo na desni strani na vrhu. Po kliku na datum se lahko prosto premikate med razli\u010dnimi obdobji. <strong>Tam si lahko ogledate dobitne \u0161tevilke Mega Millions, izvle\u010dene v zadnjih tednih, in ugotovite, kako pomembna je raznovrstna izbira \u0161tevilk na listkih<\/strong>.<\/p>\n<h2>Kako uporabiti arhiv dobitnih \u0161tevilk Mega Millions?<\/h2>\n<p>Zgodovinski arhiv rezultatov Mega Millions je dragoceno orodje za igralce, ki \u017eelijo analizirati vzorce in razvijati svoje igralne strategije. S pregledom preteklih \u017erebanj lahko odkrijete trende v pogostosti \u0161tevilk in sprejemate bolj premi\u0161ljene odlo\u010ditve pri izbiri \u0161tevilk. <strong>Arhiv vam omogo\u010da, da sledite, katere \u0161tevilke so se pogosto pojavljale skupaj, kar vam pomaga razumeti vzorce igre skozi \u010das<\/strong>. Mnogi uspe\u0161ni igralci te zgodovinske podatke uporabljajo za ustvarjanje sistemati\u010dnih pristopov k izbiri \u0161tevilk, \u010deprav je pomembno vedeti, da je vsako \u017erebanje neodvisno in naklju\u010dno. Arhiv ponuja vpogled v kombinacije \u0161tevilk, ki so bile ve\u010dkrat izvle\u010dene, in vam daje osnovo za ustvarjanje lastne metodologije izbire. Kljub temu pretekli rezultati pri loterijskih igrah ne zagotavljajo prihodnjih.<\/p>\n<h2>Katere so najpogosteje izvle\u010dene \u0161tevilke v Mega Millions?<img loading=\"lazy\" decoding=\"async\" class=\"alignright wp-image-252015\" src=\"https:\/\/lottomat.com\/wp-content\/uploads\/2025\/10\/drawing-results.webp\" alt=\"rezultati \u017erebanja\" width=\"200\" height=\"200\" srcset=\"https:\/\/lottomat.com\/wp-content\/uploads\/2025\/10\/drawing-results.webp 400w, https:\/\/lottomat.com\/wp-content\/uploads\/2025\/10\/drawing-results-300x300.webp 300w, https:\/\/lottomat.com\/wp-content\/uploads\/2025\/10\/drawing-results-150x150.webp 150w, https:\/\/lottomat.com\/wp-content\/uploads\/2025\/10\/drawing-results-100x100.webp 100w\" sizes=\"auto, (max-width: 200px) 100vw, 200px\" \/><\/h2>\n<p>\u017de smo omenili pripravo dobre strategije z uporabo predhodno izvle\u010denih \u0161tevilk, vendar enako koristno podporo ponujajo statistike posameznih \u0161tevilk. Izka\u017ee se, da so nekatere \u0161tevilke izvle\u010dene veliko pogosteje kot druge. Na spletni strani LottoMat boste na\u0161li vse te informacije za vsako loterijo. <strong>Najpogosteje izvle\u010dene \u0161tevilke za Mega Millions so: 29, 4, 48 in 36<\/strong>. \u0160tevilka 48 je bila od leta 2005 izvle\u010dena \u017ee 80-krat. <strong>Med \u0161tevilkami Mega Ball so najpogosteje izvle\u010dene: 35, 9, 36 in 7<\/strong>. \u017delimo vam \u010dim bolj donosne rezultate Mega Millions!<\/p>\n<h2>Katere so najredkeje izvle\u010dene \u0161tevilke v Mega Millions?<\/h2>\n<p>Medtem ko se nekatere \u0161tevilke v \u017erebanjih Mega Millions pojavljajo pogosto, so druge izvle\u010dene redkeje \u2013 igralci jih imenujejo \u00bbhladne\u00ab \u0161tevilke. <strong>Te redkeje izvle\u010dene \u0161tevilke so lahko enako vredne pri ustvarjanju uravnote\u017eene loterijske strategije<\/strong>. Nekateri igralci raje vklju\u010dijo te redko izvle\u010dene \u0161tevilke v svoje izbire, ker verjamejo, da so \u017ee \u00bbna vrsti\u00ab. <strong>Najredkeje izvle\u010dene glavne \u0161tevilke v zgodovini Mega Millions so: 50, 51, 65, 66 in 67<\/strong>. Te \u0161tevilke so bile izvle\u010dene bistveno redkeje v primerjavi z najpogostej\u0161imi, pri \u010demer so nekatere v celotni zgodovini igre izvle\u010dene le 66- do 84-krat. Med \u0161tevilkami Mega Ball so nekatere, kot je 15 in vi\u0161je o\u0161tevil\u010dene kroglice, v zadnjih \u017erebanjih manj pogosto izvle\u010dene. Najredkeje izvle\u010dene glavne \u0161tevilke v zgodovini vklju\u010dujejo ve\u010d vi\u0161jih \u0161tevilk iz razpolo\u017eljivega razpona, \u010deprav se specifi\u010dne \u0161tevilke s \u010dasom spreminjajo, ko prihaja do novih \u017erebanj. <strong>\u0160tevilka 50 izstopa kot ena najhladnej\u0161ih \u0161tevilk, ki je bila od za\u010detka igre izvle\u010dena le 66-krat<\/strong>. Velja omeniti, da imajo v resni\u010dno naklju\u010dnem sistemu vse \u0161tevilke enako verjetnost izvleka pri vsakem \u017erebanju, ne glede na njihovo zgodovinsko pogostost.<\/p>\n<h2><img loading=\"lazy\" decoding=\"async\" class=\"alignleft wp-image-252045\" src=\"https:\/\/lottomat.com\/wp-content\/uploads\/2025\/10\/Mega-Millions-draw.webp\" alt=\"\u017erebanje Mega Millions\" width=\"200\" height=\"200\" srcset=\"https:\/\/lottomat.com\/wp-content\/uploads\/2025\/10\/Mega-Millions-draw.webp 400w, https:\/\/lottomat.com\/wp-content\/uploads\/2025\/10\/Mega-Millions-draw-300x300.webp 300w, https:\/\/lottomat.com\/wp-content\/uploads\/2025\/10\/Mega-Millions-draw-150x150.webp 150w, https:\/\/lottomat.com\/wp-content\/uploads\/2025\/10\/Mega-Millions-draw-100x100.webp 100w\" sizes=\"auto, (max-width: 200px) 100vw, 200px\" \/>Ali je mogo\u010de napovedati rezultate Mega Millions?<\/h2>\n<p>Vpra\u0161anje, ali je mogo\u010de napovedati rezultate loterije, \u017ee generacije fascinira igralce. <strong>\u017drebanja Mega Millions potekajo s certificiranimi metodami naklju\u010dnega generiranja \u0161tevilk, kar naredi resni\u010dno napovedovanje matemati\u010dno nemogo\u010de<\/strong>. Vsaka kroglica ima pri vsakem \u017erebanju enako mo\u017enost, da bo izbrana, ne glede na to, kdaj je bila nazadnje izvle\u010dena. \u010ceprav statisti\u010dna analiza preteklih rezultatov lahko razkrije zanimive vzorce in pogostosti, ti vzorci ne morejo zanesljivo napovedati prihodnjih izidov. Naklju\u010dna narava \u017erebanj pomeni, da ima vsaka kombinacija \u0161tevilk enako verjetnost zmage kot katera koli druga \u2013 bodisi zaporedje, kot je 1-2-3-4-5, ali navidezno naklju\u010dna me\u0161anica \u0161tevilk. <strong>Najbolj\u0161i pristop je, da <a href=\"https:\/\/lottomat.com\/sl\/igranje-loterije\/igrajte-mega-millions-na-spletu\/\">igrate Mega Millions na spletu<\/a> odgovorno in ne pozabite, da so loterijske igre namenjene sre\u010di, ne spretnosti ali napovedovanju<\/strong>.<\/p>\n","protected":false},"excerpt":{"rendered":"<p>Listki za loterijo Mega Millions so kupljeni, dobitne \u0161tevilke za Mega Millions so izbrane, vi pa se prepu\u0161\u010date blagim na\u010drtom in sanjam, ki se bodo uresni\u010dile, \u010de se le pridru\u017eite skupini milijonarjev. V tem ni ni\u010d napa\u010dnega \u2013 vsi imamo svoje sanje. Verjetno misli vsakega igralca pred izvedbo \u017erebanja Mega Millions kro\u017eijo okoli zmage, in [&hellip;]<\/p>\n","protected":false},"author":1,"featured_media":0,"parent":7457,"menu_order":2,"comment_status":"closed","ping_status":"closed","template":"megamillion-results.php","meta":{"_et_pb_use_builder":"","_et_pb_old_content":"","_et_gb_content_width":"","exclude_from_search":false,"footnotes":""},"class_list":["post-237855","page","type-page","status-publish","hentry"],"yoast_head":"<!-- This site is optimized with the Yoast SEO plugin v23.8 - https:\/\/yoast.com\/wordpress\/plugins\/seo\/ -->\n<title>Rezultati Mega Millions in dobitne \u0161tevilke \u2013 Lottomat<\/title>\n<meta name=\"description\" content=\"Preverite najnovej\u0161e rezultate Mega Millions in dobitne \u0161tevilke. Ugotovite, katere \u0161tevilke so bile izvle\u010dene v zadnjem \u017erebanju loterije Mega Millions.\" \/>\n<meta name=\"robots\" content=\"index, follow, max-snippet:-1, max-image-preview:large, max-video-preview:-1\" \/>\n<link rel=\"canonical\" href=\"https:\/\/lottomat.com\/sl\/rezultati\/rezultati-igre-mega-millions\/\" \/>\n<meta property=\"og:locale\" content=\"sl_SI\" \/>\n<meta property=\"og:type\" content=\"article\" \/>\n<meta property=\"og:title\" content=\"Rezultati Mega Millions in dobitne \u0161tevilke \u2013 Lottomat\" \/>\n<meta property=\"og:description\" content=\"Preverite najnovej\u0161e rezultate Mega Millions in dobitne \u0161tevilke. Ugotovite, katere \u0161tevilke so bile izvle\u010dene v zadnjem \u017erebanju loterije Mega Millions.\" \/>\n<meta property=\"og:url\" content=\"https:\/\/lottomat.com\/sl\/rezultati\/rezultati-igre-mega-millions\/\" \/>\n<meta property=\"og:site_name\" content=\"Lottomat\" \/>\n<meta property=\"article:modified_time\" content=\"2026-02-26T09:50:45+00:00\" \/>\n<meta property=\"og:image\" content=\"https:\/\/lottomat.com\/wp-content\/uploads\/2025\/10\/Mega-Millions-winning-numbers.webp\" \/>\n\t<meta property=\"og:image:width\" content=\"400\" \/>\n\t<meta property=\"og:image:height\" content=\"400\" \/>\n\t<meta property=\"og:image:type\" content=\"image\/webp\" \/>\n<meta name=\"twitter:card\" content=\"summary_large_image\" \/>\n<meta name=\"twitter:label1\" content=\"Est. reading time\" \/>\n\t<meta name=\"twitter:data1\" content=\"5 minut\" \/>\n<script type=\"application\/ld+json\" class=\"yoast-schema-graph\">{\"@context\":\"https:\/\/schema.org\",\"@graph\":[{\"@type\":\"WebPage\",\"@id\":\"https:\/\/lottomat.com\/sl\/rezultati\/rezultati-igre-mega-millions\/\",\"url\":\"https:\/\/lottomat.com\/sl\/rezultati\/rezultati-igre-mega-millions\/\",\"name\":\"Rezultati Mega Millions in dobitne \u0161tevilke \u2013 Lottomat\",\"isPartOf\":{\"@id\":\"https:\/\/lottomat.com\/sl\/#website\"},\"primaryImageOfPage\":{\"@id\":\"https:\/\/lottomat.com\/sl\/rezultati\/rezultati-igre-mega-millions\/#primaryimage\"},\"image\":{\"@id\":\"https:\/\/lottomat.com\/sl\/rezultati\/rezultati-igre-mega-millions\/#primaryimage\"},\"thumbnailUrl\":\"https:\/\/lottomat.com\/wp-content\/uploads\/2025\/10\/Mega-Millions-winning-numbers.webp\",\"datePublished\":\"2025-04-07T19:24:29+00:00\",\"dateModified\":\"2026-02-26T09:50:45+00:00\",\"description\":\"Preverite najnovej\u0161e rezultate Mega Millions in dobitne \u0161tevilke. Ugotovite, katere \u0161tevilke so bile izvle\u010dene v zadnjem \u017erebanju loterije Mega Millions.\",\"breadcrumb\":{\"@id\":\"https:\/\/lottomat.com\/sl\/rezultati\/rezultati-igre-mega-millions\/#breadcrumb\"},\"inLanguage\":\"sl-SI\",\"potentialAction\":[{\"@type\":\"ReadAction\",\"target\":[\"https:\/\/lottomat.com\/sl\/rezultati\/rezultati-igre-mega-millions\/\"]}]},{\"@type\":\"ImageObject\",\"inLanguage\":\"sl-SI\",\"@id\":\"https:\/\/lottomat.com\/sl\/rezultati\/rezultati-igre-mega-millions\/#primaryimage\",\"url\":\"https:\/\/lottomat.com\/wp-content\/uploads\/2025\/10\/Mega-Millions-winning-numbers.webp\",\"contentUrl\":\"https:\/\/lottomat.com\/wp-content\/uploads\/2025\/10\/Mega-Millions-winning-numbers.webp\"},{\"@type\":\"BreadcrumbList\",\"@id\":\"https:\/\/lottomat.com\/sl\/rezultati\/rezultati-igre-mega-millions\/#breadcrumb\",\"itemListElement\":[{\"@type\":\"ListItem\",\"position\":1,\"name\":\"Home\",\"item\":\"https:\/\/lottomat.com\/sl\/\"},{\"@type\":\"ListItem\",\"position\":2,\"name\":\"Najnovej\u0161i rezultati loterij in zmagovalne \u0161tevilke\",\"item\":\"https:\/\/lottomat.com\/sl\/rezultati\/\"},{\"@type\":\"ListItem\",\"position\":3,\"name\":\"Rezultati Mega Millions in dobitne \u0161tevilke\"}]},{\"@type\":\"WebSite\",\"@id\":\"https:\/\/lottomat.com\/sl\/#website\",\"url\":\"https:\/\/lottomat.com\/sl\/\",\"name\":\"Lottomat\",\"description\":\"\",\"potentialAction\":[{\"@type\":\"SearchAction\",\"target\":{\"@type\":\"EntryPoint\",\"urlTemplate\":\"https:\/\/lottomat.com\/sl\/?s={search_term_string}\"},\"query-input\":{\"@type\":\"PropertyValueSpecification\",\"valueRequired\":true,\"valueName\":\"search_term_string\"}}],\"inLanguage\":\"sl-SI\"}]}<\/script>\n<!-- \/ Yoast SEO plugin. -->","yoast_head_json":{"title":"Rezultati Mega Millions in dobitne \u0161tevilke \u2013 Lottomat","description":"Preverite najnovej\u0161e rezultate Mega Millions in dobitne \u0161tevilke. Ugotovite, katere \u0161tevilke so bile izvle\u010dene v zadnjem \u017erebanju loterije Mega Millions.","robots":{"index":"index","follow":"follow","max-snippet":"max-snippet:-1","max-image-preview":"max-image-preview:large","max-video-preview":"max-video-preview:-1"},"canonical":"https:\/\/lottomat.com\/sl\/rezultati\/rezultati-igre-mega-millions\/","og_locale":"sl_SI","og_type":"article","og_title":"Rezultati Mega Millions in dobitne \u0161tevilke \u2013 Lottomat","og_description":"Preverite najnovej\u0161e rezultate Mega Millions in dobitne \u0161tevilke. Ugotovite, katere \u0161tevilke so bile izvle\u010dene v zadnjem \u017erebanju loterije Mega Millions.","og_url":"https:\/\/lottomat.com\/sl\/rezultati\/rezultati-igre-mega-millions\/","og_site_name":"Lottomat","article_modified_time":"2026-02-26T09:50:45+00:00","og_image":[{"width":400,"height":400,"url":"https:\/\/lottomat.com\/wp-content\/uploads\/2025\/10\/Mega-Millions-winning-numbers.webp","type":"image\/webp"}],"twitter_card":"summary_large_image","twitter_misc":{"Est. reading time":"5 minut"},"schema":{"@context":"https:\/\/schema.org","@graph":[{"@type":"WebPage","@id":"https:\/\/lottomat.com\/sl\/rezultati\/rezultati-igre-mega-millions\/","url":"https:\/\/lottomat.com\/sl\/rezultati\/rezultati-igre-mega-millions\/","name":"Rezultati Mega Millions in dobitne \u0161tevilke \u2013 Lottomat","isPartOf":{"@id":"https:\/\/lottomat.com\/sl\/#website"},"primaryImageOfPage":{"@id":"https:\/\/lottomat.com\/sl\/rezultati\/rezultati-igre-mega-millions\/#primaryimage"},"image":{"@id":"https:\/\/lottomat.com\/sl\/rezultati\/rezultati-igre-mega-millions\/#primaryimage"},"thumbnailUrl":"https:\/\/lottomat.com\/wp-content\/uploads\/2025\/10\/Mega-Millions-winning-numbers.webp","datePublished":"2025-04-07T19:24:29+00:00","dateModified":"2026-02-26T09:50:45+00:00","description":"Preverite najnovej\u0161e rezultate Mega Millions in dobitne \u0161tevilke. Ugotovite, katere \u0161tevilke so bile izvle\u010dene v zadnjem \u017erebanju loterije Mega Millions.","breadcrumb":{"@id":"https:\/\/lottomat.com\/sl\/rezultati\/rezultati-igre-mega-millions\/#breadcrumb"},"inLanguage":"sl-SI","potentialAction":[{"@type":"ReadAction","target":["https:\/\/lottomat.com\/sl\/rezultati\/rezultati-igre-mega-millions\/"]}]},{"@type":"ImageObject","inLanguage":"sl-SI","@id":"https:\/\/lottomat.com\/sl\/rezultati\/rezultati-igre-mega-millions\/#primaryimage","url":"https:\/\/lottomat.com\/wp-content\/uploads\/2025\/10\/Mega-Millions-winning-numbers.webp","contentUrl":"https:\/\/lottomat.com\/wp-content\/uploads\/2025\/10\/Mega-Millions-winning-numbers.webp"},{"@type":"BreadcrumbList","@id":"https:\/\/lottomat.com\/sl\/rezultati\/rezultati-igre-mega-millions\/#breadcrumb","itemListElement":[{"@type":"ListItem","position":1,"name":"Home","item":"https:\/\/lottomat.com\/sl\/"},{"@type":"ListItem","position":2,"name":"Najnovej\u0161i rezultati loterij in zmagovalne \u0161tevilke","item":"https:\/\/lottomat.com\/sl\/rezultati\/"},{"@type":"ListItem","position":3,"name":"Rezultati Mega Millions in dobitne \u0161tevilke"}]},{"@type":"WebSite","@id":"https:\/\/lottomat.com\/sl\/#website","url":"https:\/\/lottomat.com\/sl\/","name":"Lottomat","description":"","potentialAction":[{"@type":"SearchAction","target":{"@type":"EntryPoint","urlTemplate":"https:\/\/lottomat.com\/sl\/?s={search_term_string}"},"query-input":{"@type":"PropertyValueSpecification","valueRequired":true,"valueName":"search_term_string"}}],"inLanguage":"sl-SI"}]}},"_links":{"self":[{"href":"https:\/\/lottomat.com\/sl\/wp-json\/wp\/v2\/pages\/237855","targetHints":{"allow":["GET"]}}],"collection":[{"href":"https:\/\/lottomat.com\/sl\/wp-json\/wp\/v2\/pages"}],"about":[{"href":"https:\/\/lottomat.com\/sl\/wp-json\/wp\/v2\/types\/page"}],"author":[{"embeddable":true,"href":"https:\/\/lottomat.com\/sl\/wp-json\/wp\/v2\/users\/1"}],"replies":[{"embeddable":true,"href":"https:\/\/lottomat.com\/sl\/wp-json\/wp\/v2\/comments?post=237855"}],"version-history":[{"count":3,"href":"https:\/\/lottomat.com\/sl\/wp-json\/wp\/v2\/pages\/237855\/revisions"}],"predecessor-version":[{"id":271876,"href":"https:\/\/lottomat.com\/sl\/wp-json\/wp\/v2\/pages\/237855\/revisions\/271876"}],"up":[{"embeddable":true,"href":"https:\/\/lottomat.com\/sl\/wp-json\/wp\/v2\/pages\/7457"}],"wp:attachment":[{"href":"https:\/\/lottomat.com\/sl\/wp-json\/wp\/v2\/media?parent=237855"}],"curies":[{"name":"wp","href":"https:\/\/api.w.org\/{rel}","templated":true}]}}