{"id":237708,"date":"2025-04-07T19:23:03","date_gmt":"2025-04-07T19:23:03","guid":{"rendered":"https:\/\/lottomat.net\/loterija-rezultati\/rezultati-igre-powerball\/"},"modified":"2026-03-01T18:38:52","modified_gmt":"2026-03-01T18:38:52","slug":"rezultati-igre-powerball","status":"publish","type":"page","link":"https:\/\/lottomat.com\/sl\/rezultati\/rezultati-igre-powerball\/","title":{"rendered":"Rezultati Powerball in dobitne \u0161tevilke"},"content":{"rendered":"\n\n<div class=\"kk-star-ratings kksr-auto kksr-align-left kksr-valign-top\"\n    data-payload='{&quot;align&quot;:&quot;left&quot;,&quot;id&quot;:&quot;237708&quot;,&quot;slug&quot;:&quot;default&quot;,&quot;valign&quot;:&quot;top&quot;,&quot;ignore&quot;:&quot;&quot;,&quot;reference&quot;:&quot;auto&quot;,&quot;class&quot;:&quot;&quot;,&quot;count&quot;:&quot;0&quot;,&quot;legendonly&quot;:&quot;&quot;,&quot;readonly&quot;:&quot;&quot;,&quot;score&quot;:&quot;0&quot;,&quot;starsonly&quot;:&quot;&quot;,&quot;best&quot;:&quot;5&quot;,&quot;gap&quot;:&quot;5&quot;,&quot;greet&quot;:&quot;Rate this page&quot;,&quot;legend&quot;:&quot;0\\\/5 - (0 votes)&quot;,&quot;size&quot;:&quot;30&quot;,&quot;title&quot;:&quot;Rezultati Powerball in dobitne \u0161tevilke&quot;,&quot;width&quot;:&quot;0&quot;,&quot;_legend&quot;:&quot;{score}\\\/{best} - ({count} {votes})&quot;,&quot;font_factor&quot;:&quot;1.25&quot;}'>\n            \n<div class=\"kksr-stars\">\n    \n<div class=\"kksr-stars-inactive\">\n            <div class=\"kksr-star\" data-star=\"1\" style=\"padding-right: 5px\">\n            \n\n<div class=\"kksr-icon\" style=\"width: 30px; height: 30px;\"><\/div>\n        <\/div>\n            <div class=\"kksr-star\" data-star=\"2\" style=\"padding-right: 5px\">\n            \n\n<div class=\"kksr-icon\" style=\"width: 30px; height: 30px;\"><\/div>\n        <\/div>\n            <div class=\"kksr-star\" data-star=\"3\" style=\"padding-right: 5px\">\n            \n\n<div class=\"kksr-icon\" style=\"width: 30px; height: 30px;\"><\/div>\n        <\/div>\n            <div class=\"kksr-star\" data-star=\"4\" style=\"padding-right: 5px\">\n            \n\n<div class=\"kksr-icon\" style=\"width: 30px; height: 30px;\"><\/div>\n        <\/div>\n            <div class=\"kksr-star\" data-star=\"5\" style=\"padding-right: 5px\">\n            \n\n<div class=\"kksr-icon\" style=\"width: 30px; height: 30px;\"><\/div>\n        <\/div>\n    <\/div>\n    \n<div class=\"kksr-stars-active\" style=\"width: 0px;\">\n            <div class=\"kksr-star\" style=\"padding-right: 5px\">\n            \n\n<div class=\"kksr-icon\" style=\"width: 30px; height: 30px;\"><\/div>\n        <\/div>\n            <div class=\"kksr-star\" style=\"padding-right: 5px\">\n            \n\n<div class=\"kksr-icon\" style=\"width: 30px; height: 30px;\"><\/div>\n        <\/div>\n            <div class=\"kksr-star\" style=\"padding-right: 5px\">\n            \n\n<div class=\"kksr-icon\" style=\"width: 30px; height: 30px;\"><\/div>\n        <\/div>\n            <div class=\"kksr-star\" style=\"padding-right: 5px\">\n            \n\n<div class=\"kksr-icon\" style=\"width: 30px; height: 30px;\"><\/div>\n        <\/div>\n            <div class=\"kksr-star\" style=\"padding-right: 5px\">\n            \n\n<div class=\"kksr-icon\" style=\"width: 30px; height: 30px;\"><\/div>\n        <\/div>\n    <\/div>\n<\/div>\n                \n\n<div class=\"kksr-legend\" style=\"font-size: 24px;\">\n            <span class=\"kksr-muted\">Rate this page<\/span>\n    <\/div>\n    <\/div>\n<p>Po nakupu listkov, izbiri petih glavnih \u0161tevilk in ene bonusne \u0161tevilke Powerball na njih, vam preostane le \u0161e potrpe\u017eljivo \u010dakanje na rezultate \u017erebanja, ki se bodo z bliskovito hitrostjo pojavili na <a href=\"https:\/\/lottomat.com\/sl\/\"><strong>spletni strani LottoMat<\/strong><\/a>. Vse informacije, ki jih objavljamo o izvle\u010denih \u0161tevilkah, prihajajo neposredno od organizatorja \u017erebanja, tako da ste lahko prepri\u010dani, da so <strong>rezultati Powerball 100-odstotno skladni z \u017erebanjem<\/strong>.<img loading=\"lazy\" decoding=\"async\" class=\"alignleft wp-image-252294\" src=\"https:\/\/lottomat.com\/wp-content\/uploads\/2025\/10\/jackpot-and-prizes-300x300.webp\" alt=\"jackpot in nagrade\" width=\"200\" height=\"200\" srcset=\"https:\/\/lottomat.com\/wp-content\/uploads\/2025\/10\/jackpot-and-prizes-300x300.webp 300w, https:\/\/lottomat.com\/wp-content\/uploads\/2025\/10\/jackpot-and-prizes-150x150.webp 150w, https:\/\/lottomat.com\/wp-content\/uploads\/2025\/10\/jackpot-and-prizes-100x100.webp 100w, https:\/\/lottomat.com\/wp-content\/uploads\/2025\/10\/jackpot-and-prizes.webp 400w\" sizes=\"auto, (max-width: 200px) 100vw, 200px\" \/><\/p>\n<h2>Kako preveriti aktualne rezultate Powerball?<\/h2>\n<p>Na spletni strani LottoMat boste vedno na\u0161li <strong>najnovej\u0161e rezultate loterije Powerball<\/strong>, sve\u017ee iz prve roke. Rezultate Powerball posodabljamo takoj po \u017erebanju, prihajajo iz uradnih virov \u2013 torej od organizatorja loterije \u2013 in so <strong>stoodstotno zanesljivi<\/strong>. Ko obi\u0161\u010dete stran z rezultati loterije Powerball, morate primerjati \u0161tevilke na listku s \u0161tevilkami v tabeli rezultatov. \u010ce je na va\u0161em listku vseh \u0161est izvle\u010denih \u0161tevilk, potem \u010destitamo \u2013 <strong>pravkar ste postali milijonar!<\/strong> \u010ce ne, ni razloga za skrb, saj ima Powerball kar <strong>devet ravni z zajam\u010denimi nagradami<\/strong>. To pomeni, da za denarno nagrado ni treba zadeti vseh \u0161estih \u0161tevilk, je pa treba <a href=\"https:\/\/lottomat.com\/sl\/igranje-loterije\/igranje-igre-powerball-na-spletu\/\">kupiti listek za Powerball na spletu<\/a>!<\/p>\n<h2>Kako preveriti v\u010deraj\u0161nje rezultate Power<img loading=\"lazy\" decoding=\"async\" class=\"wp-image-252354 alignright\" src=\"https:\/\/lottomat.com\/wp-content\/uploads\/2025\/10\/Powerball-Numbers-300x300.webp\" alt=\"\u0161tevilke Powerball\" width=\"200\" height=\"200\" srcset=\"https:\/\/lottomat.com\/wp-content\/uploads\/2025\/10\/Powerball-Numbers-300x300.webp 300w, https:\/\/lottomat.com\/wp-content\/uploads\/2025\/10\/Powerball-Numbers-150x150.webp 150w, https:\/\/lottomat.com\/wp-content\/uploads\/2025\/10\/Powerball-Numbers-100x100.webp 100w, https:\/\/lottomat.com\/wp-content\/uploads\/2025\/10\/Powerball-Numbers.webp 400w\" sizes=\"auto, (max-width: 200px) 100vw, 200px\" \/>ball?<\/h2>\n<p>Ne glede na to, ali i\u0161\u010dete dana\u0161nje rezultate, v\u010deraj\u0161nje \u0161tevilke ali \u017erebanja iz prej\u0161njega tedna, <strong>vse rezultate Powerball enostavno najdete na LottoMat<\/strong>. Na\u0161a obse\u017ena baza podatkov o rezultatih vam omogo\u010da hiter in u\u010dinkovit dostop do informacij o katerem koli \u017erebanju. Preprosto se pomaknite na razdelek z rezultati in izberite dolo\u010den datum, ki vas zanima. Ta priro\u010dna funkcija zagotavlja, da <strong>nikoli ne zamudite preverjanja svojih listkov<\/strong>, ne glede na to, kdaj je \u017erebanje potekalo.<\/p>\n<h2>Kako uporabiti arhivirane rezultate \u017erebanj Powerball?<\/h2>\n<p>Spletna stran LottoMat vam ponuja tudi <strong>arhivirane rezultate \u017erebanj Powerball<\/strong>. \u010ce si jih \u017eelite ogledati, uporabite na\u0161 koledar rezultatov, ki ga najdete na desni strani trenutno izvle\u010denih \u0161tevilk. Po raz\u0161iritvi seznama si lahko poi\u0161\u010dete prej\u0161nja \u017erebanja, ki segajo <strong>dvanajst mesecev<\/strong> nazaj.<\/p>\n<h3><img loading=\"lazy\" decoding=\"async\" class=\"alignleft wp-image-252324\" src=\"https:\/\/lottomat.com\/wp-content\/uploads\/2025\/10\/Powerball-Draw-300x300.webp\" alt=\"\u017erebanje Powerball\" width=\"200\" height=\"200\" srcset=\"https:\/\/lottomat.com\/wp-content\/uploads\/2025\/10\/Powerball-Draw-300x300.webp 300w, https:\/\/lottomat.com\/wp-content\/uploads\/2025\/10\/Powerball-Draw-150x150.webp 150w, https:\/\/lottomat.com\/wp-content\/uploads\/2025\/10\/Powerball-Draw-100x100.webp 100w, https:\/\/lottomat.com\/wp-content\/uploads\/2025\/10\/Powerball-Draw.webp 400w\" sizes=\"auto, (max-width: 200px) 100vw, 200px\" \/>Kak\u0161ne so prednosti uporabe arhiviranih rezultatov Powerball?<\/h3>\n<p>\u010cemu vam slu\u017eijo arhivirani rezultati loterijskih \u017erebanj? Dejansko za kar nekaj stvari. Prvi\u010d, pomagajo vam lahko pri <strong>oblikovanju lastne strategije izbire \u0161tevilk<\/strong> pri ponovnem izpolnjevanju listkov, tako da so va\u0161e nadaljnje igre lahko zelo uspe\u0161ne. Prav tako lahko <a href=\"https:\/\/lottomat.com\/sl\/loterija-rezultati\/\">arhivirane rezultate loterij<\/a> uporabite za iskanje \u0161tevilk, ki so bile v zadnjem \u010dasu izvle\u010dene najpogosteje, katerih ni bilo videti \u017ee tedne, in boste spoznali, kako pomembno je izbirati raznolike \u0161tevilke iz razli\u010dnih razponov. \u017de dolgo je znano, da se pri izpolnjevanju listkov ne smemo omejevati. Vsaka \u0161tevilka v razpolo\u017eljivem naboru je pomembna, pa vendarle mnogi igralci sami sebi dolo\u010dijo stalen nabor \u0161tevilk glede na rojstne datume \u2013 torej mesec ali dan rojstva \u2013 kar znatno zo\u017ei uporabljen nabor in hkrati zmanj\u0161a mo\u017enosti za zmago pri loteriji Powerball. Arhivirani rezultati \u017erebanj vsebujejo tudi informacije o najnovej\u0161ih prenosih jackpota, vrednostih nagrad in \u0161tevilu zmagovalcev, ki so zadeli jackpot Powerball.<\/p>\n<h2>Katere so najpogosteje izvle\u010dene \u0161tevilke pri Powerball?<\/h2>\n<p>Na spletni strani LottoMat boste na\u0161li vse klju\u010dne informacije v zvezi z loterijo. Niso le rezultati, temve\u010d tudi seznam pravil Powerball in zanimive informacije, pogoji uporabe ter obilica nasvetov, ki vam bodo olaj\u0161ali zmago pri loterijah. Pripravili smo za vas <strong>obse\u017een in zanimiv pregled<\/strong>, v katerem podrobno navajamo, katere \u0161tevilke so bile pri Powerball izvle\u010dene najpogosteje in katere najredkeje. Pomagal vam bo na\u010drtovati izbiro \u0161tevilk na novih listkih, saj statistika jasno ka\u017ee, katere \u0161tevilke so pogosteje izvle\u010dene od drugih. Izkoristite jo in ne pozabite \u2013 \u0161tevilka Powerball se \u017ereba iz lo\u010denega nabora, zato je ista \u0161tevilka lahko izvle\u010dena tako med glavnimi \u0161tevilkami kot pri bonusnem Powerballu. Ne potrebujete ve\u010d iskati in si zapisovati starih rezultatov \u2013 vse je pripravljeno za vas na pladnju. <strong>Najpogosteje izvle\u010dene \u0161tevilke v loteriji Powerball so: 8, 26, 22, 23 in 36<\/strong>. Oblikujte svojo lastno strategijo z izbiro \u0161tevilk, ki vam govorijo, a izkoristite tudi tiste, ki jih predlagamo, saj <strong>statistika ne la\u017ee nikoli<\/strong>.<\/p>\n<h2>Katere so najredkeje izvle\u010dene dobitne \u0161tevilke Powerball?<img loading=\"lazy\" decoding=\"async\" class=\"alignright wp-image-252384\" src=\"https:\/\/lottomat.com\/wp-content\/uploads\/2025\/10\/Powerball-Results-300x300.webp\" alt=\"rezultati Powerball\" width=\"200\" height=\"200\" srcset=\"https:\/\/lottomat.com\/wp-content\/uploads\/2025\/10\/Powerball-Results-300x300.webp 300w, https:\/\/lottomat.com\/wp-content\/uploads\/2025\/10\/Powerball-Results-150x150.webp 150w, https:\/\/lottomat.com\/wp-content\/uploads\/2025\/10\/Powerball-Results-100x100.webp 100w, https:\/\/lottomat.com\/wp-content\/uploads\/2025\/10\/Powerball-Results.webp 400w\" sizes=\"auto, (max-width: 200px) 100vw, 200px\" \/><\/h2>\n<p>Poznavanje \u0161tevilk, ki se pri \u017erebanjih Powerball pojavljajo redkeje, je lahko enako koristno kot poznavanje najpogosteje izvle\u010denih. Statisti\u010dna analiza razkriva, da so bile dolo\u010dene \u0161tevilke <strong>dosledno premalo zastopane v preteklih \u017erebanjih<\/strong>. Med najredkeje izvle\u010dene spadajo: 15, 51, 37, 47, 12, 4 in 24. Nekateri igralci verjamejo, da so te \u00bbhladne\u00ab \u0161tevilke \u017ee dozorele za ponovni nastop, in jih vklju\u010dijo v svojo strategijo izbire. \u010ceprav pretekli rezultati ne jam\u010dijo prihodnjih izidov, vam analiza teh vzorcev lahko pomaga pri bolj premi\u0161ljenih odlo\u010ditvah pri izbiri \u0161tevilk Powerball za prihodnja \u017erebanja.<\/p>\n<h2>Koliko igralcev je zmagalo in koliko so prejeli pri zadnjem \u017erebanju Powerball?<\/h2>\n<p>Vsako \u017erebanje Powerball ustvari <strong>tiso\u010de zmagovalcev na vseh nagradnih ravneh<\/strong>, kar ga uvr\u0161\u010da med najbolj donosne loterije na svetu. Razdelitev nagrad navadno vklju\u010duje enega zmagovalca jackpota oziroma ve\u010d zmagovalcev, ki si delijo najvi\u0161jo nagrado, ve\u010d milijonarjev, ki so zadeli pet glavnih \u0161tevilk, ter na stotiso\u010de zmagovalcev manj\u0161ih nagrad. Zneski nagrad se razlikujejo glede na \u0161tevilo zmagovalcev v posamezni kategoriji in skupno prodajo listkov za to \u017erebanje. <strong>Podrobne raz\u010dlenitve \u0161tevila zmagovalcev in zneskov nagrad<\/strong> za vsako raven najdete takoj po vsakem \u017erebanju na spletni strani LottoMat. Te informacije vam pomagajo razumeti mo\u017enosti in potencialne donose za razli\u010dne dobitne kombinacije. \u010ce \u017eelite izvedeti ve\u010d o nagradah za prihajajo\u010de \u017erebanje, <a href=\"https:\/\/lottomat.com\/sl\/loterija-informacije\/informacije-o-igri-powerball\/\">preberite o nagradah in jackpotu Powerball<\/a>.<\/p>\n<h2><img loading=\"lazy\" decoding=\"async\" class=\"alignleft wp-image-252414\" src=\"https:\/\/lottomat.com\/wp-content\/uploads\/2025\/10\/Powerball-Winning-Numbers-300x300.webp\" alt=\"dobitne \u0161tevilke Powerball\" width=\"200\" height=\"200\" srcset=\"https:\/\/lottomat.com\/wp-content\/uploads\/2025\/10\/Powerball-Winning-Numbers-300x300.webp 300w, https:\/\/lottomat.com\/wp-content\/uploads\/2025\/10\/Powerball-Winning-Numbers-150x150.webp 150w, https:\/\/lottomat.com\/wp-content\/uploads\/2025\/10\/Powerball-Winning-Numbers-100x100.webp 100w, https:\/\/lottomat.com\/wp-content\/uploads\/2025\/10\/Powerball-Winning-Numbers.webp 400w\" sizes=\"auto, (max-width: 200px) 100vw, 200px\" \/><\/h2>\n<h2>Kako napovedati rezultate Powerball in dobitne \u0161tevilke?<\/h2>\n<p>\u010ceprav je Powerball igra na sre\u010do in <strong>nobena metoda ne more zagotoviti dobitnih \u0161tevilk<\/strong>, mnogi igralci uporabljajo razli\u010dne strategije za izbolj\u0161anje procesa izbire. Nekateri analizirajo grafikone pogostosti za prepoznavanje \u00bbvro\u010dih\u00ab in \u00bbhladnih\u00ab \u0161tevilk, drugi pa uporabljajo matemati\u010dne sisteme, kot sta kolesarjenje ali analiza delta \u0161tevilk. Generatorji naklju\u010dnih \u0161tevilk lahko pomagajo odpraviti \u010dlove\u0161ko pristranskost pri izbiri. Ne pozabite, da je vsako \u017erebanje neodvisno in ima vsaka kombinacija \u0161tevilk enako mo\u017enost za izvlek. Klju\u010dno je, da <strong>igrate dosledno s \u0161tevilkami, v katere zaupate<\/strong> \u2013 ne glede na to, ali temeljijo na statisti\u010dni analizi, osebnem pomenu ali \u010distem ob\u010dutku. Najpomembneje pa je, da vedno igrate odgovorno in v okviru svojega prora\u010duna. Zdaj veste, ali je mogo\u010de napovedati rezultate Powerball. Eno je gotovo \u2013 da zmagate, morate igrati. Zato <a href=\"https:\/\/lottomat.com\/sl\/igranje-loterije\/\">kupite listek za katero koli loterijo<\/a> in po\u010dakajte na rezultate, ki vas bodo razveselili.<\/p>\n","protected":false},"excerpt":{"rendered":"<p>Po nakupu listkov, izbiri petih glavnih \u0161tevilk in ene bonusne \u0161tevilke Powerball na njih, vam preostane le \u0161e potrpe\u017eljivo \u010dakanje na rezultate \u017erebanja, ki se bodo z bliskovito hitrostjo pojavili na spletni strani LottoMat. Vse informacije, ki jih objavljamo o izvle\u010denih \u0161tevilkah, prihajajo neposredno od organizatorja \u017erebanja, tako da ste lahko prepri\u010dani, da so rezultati [&hellip;]<\/p>\n","protected":false},"author":1,"featured_media":0,"parent":7457,"menu_order":1,"comment_status":"closed","ping_status":"closed","template":"powerball-usa-results.php","meta":{"_et_pb_use_builder":"","_et_pb_old_content":"","_et_gb_content_width":"","exclude_from_search":false,"footnotes":""},"class_list":["post-237708","page","type-page","status-publish","hentry"],"yoast_head":"<!-- This site is optimized with the Yoast SEO plugin v23.8 - https:\/\/yoast.com\/wordpress\/plugins\/seo\/ -->\n<title>Rezultati Powerball in dobitne \u0161tevilke \u2013 LottoMat<\/title>\n<meta name=\"description\" content=\"Preverite najnovej\u0161e rezultate Powerball in dobitne \u0161tevilke na LottoMat. Primerjajte svoje \u0161tevilke z uradnimi rezultati \u017erebanja in ugotovite, ali ste zmagali!\" \/>\n<meta name=\"robots\" content=\"index, follow, max-snippet:-1, max-image-preview:large, max-video-preview:-1\" \/>\n<link rel=\"canonical\" href=\"https:\/\/lottomat.com\/sl\/rezultati\/rezultati-igre-powerball\/\" \/>\n<meta property=\"og:locale\" content=\"sl_SI\" \/>\n<meta property=\"og:type\" content=\"article\" \/>\n<meta property=\"og:title\" content=\"Rezultati Powerball in dobitne \u0161tevilke \u2013 LottoMat\" \/>\n<meta property=\"og:description\" content=\"Preverite najnovej\u0161e rezultate Powerball in dobitne \u0161tevilke na LottoMat. Primerjajte svoje \u0161tevilke z uradnimi rezultati \u017erebanja in ugotovite, ali ste zmagali!\" \/>\n<meta property=\"og:url\" content=\"https:\/\/lottomat.com\/sl\/rezultati\/rezultati-igre-powerball\/\" \/>\n<meta property=\"og:site_name\" content=\"Lottomat\" \/>\n<meta property=\"article:modified_time\" content=\"2026-03-01T18:38:52+00:00\" \/>\n<meta property=\"og:image\" content=\"https:\/\/lottomat.com\/wp-content\/uploads\/2025\/10\/jackpot-and-prizes.webp\" \/>\n\t<meta property=\"og:image:width\" content=\"400\" \/>\n\t<meta property=\"og:image:height\" content=\"400\" \/>\n\t<meta property=\"og:image:type\" content=\"image\/webp\" \/>\n<meta name=\"twitter:card\" content=\"summary_large_image\" \/>\n<meta name=\"twitter:label1\" content=\"Est. reading time\" \/>\n\t<meta name=\"twitter:data1\" content=\"6 minut\" \/>\n<script type=\"application\/ld+json\" class=\"yoast-schema-graph\">{\"@context\":\"https:\/\/schema.org\",\"@graph\":[{\"@type\":\"WebPage\",\"@id\":\"https:\/\/lottomat.com\/sl\/rezultati\/rezultati-igre-powerball\/\",\"url\":\"https:\/\/lottomat.com\/sl\/rezultati\/rezultati-igre-powerball\/\",\"name\":\"Rezultati Powerball in dobitne \u0161tevilke \u2013 LottoMat\",\"isPartOf\":{\"@id\":\"https:\/\/lottomat.com\/sl\/#website\"},\"primaryImageOfPage\":{\"@id\":\"https:\/\/lottomat.com\/sl\/rezultati\/rezultati-igre-powerball\/#primaryimage\"},\"image\":{\"@id\":\"https:\/\/lottomat.com\/sl\/rezultati\/rezultati-igre-powerball\/#primaryimage\"},\"thumbnailUrl\":\"https:\/\/lottomat.com\/wp-content\/uploads\/2025\/10\/jackpot-and-prizes-300x300.webp\",\"datePublished\":\"2025-04-07T19:23:03+00:00\",\"dateModified\":\"2026-03-01T18:38:52+00:00\",\"description\":\"Preverite najnovej\u0161e rezultate Powerball in dobitne \u0161tevilke na LottoMat. Primerjajte svoje \u0161tevilke z uradnimi rezultati \u017erebanja in ugotovite, ali ste zmagali!\",\"breadcrumb\":{\"@id\":\"https:\/\/lottomat.com\/sl\/rezultati\/rezultati-igre-powerball\/#breadcrumb\"},\"inLanguage\":\"sl-SI\",\"potentialAction\":[{\"@type\":\"ReadAction\",\"target\":[\"https:\/\/lottomat.com\/sl\/rezultati\/rezultati-igre-powerball\/\"]}]},{\"@type\":\"ImageObject\",\"inLanguage\":\"sl-SI\",\"@id\":\"https:\/\/lottomat.com\/sl\/rezultati\/rezultati-igre-powerball\/#primaryimage\",\"url\":\"https:\/\/lottomat.com\/wp-content\/uploads\/2025\/10\/jackpot-and-prizes-300x300.webp\",\"contentUrl\":\"https:\/\/lottomat.com\/wp-content\/uploads\/2025\/10\/jackpot-and-prizes-300x300.webp\"},{\"@type\":\"BreadcrumbList\",\"@id\":\"https:\/\/lottomat.com\/sl\/rezultati\/rezultati-igre-powerball\/#breadcrumb\",\"itemListElement\":[{\"@type\":\"ListItem\",\"position\":1,\"name\":\"Home\",\"item\":\"https:\/\/lottomat.com\/sl\/\"},{\"@type\":\"ListItem\",\"position\":2,\"name\":\"Najnovej\u0161i rezultati loterij in zmagovalne \u0161tevilke\",\"item\":\"https:\/\/lottomat.com\/sl\/rezultati\/\"},{\"@type\":\"ListItem\",\"position\":3,\"name\":\"Rezultati Powerball in dobitne \u0161tevilke\"}]},{\"@type\":\"WebSite\",\"@id\":\"https:\/\/lottomat.com\/sl\/#website\",\"url\":\"https:\/\/lottomat.com\/sl\/\",\"name\":\"Lottomat\",\"description\":\"\",\"potentialAction\":[{\"@type\":\"SearchAction\",\"target\":{\"@type\":\"EntryPoint\",\"urlTemplate\":\"https:\/\/lottomat.com\/sl\/?s={search_term_string}\"},\"query-input\":{\"@type\":\"PropertyValueSpecification\",\"valueRequired\":true,\"valueName\":\"search_term_string\"}}],\"inLanguage\":\"sl-SI\"}]}<\/script>\n<!-- \/ Yoast SEO plugin. -->","yoast_head_json":{"title":"Rezultati Powerball in dobitne \u0161tevilke \u2013 LottoMat","description":"Preverite najnovej\u0161e rezultate Powerball in dobitne \u0161tevilke na LottoMat. Primerjajte svoje \u0161tevilke z uradnimi rezultati \u017erebanja in ugotovite, ali ste zmagali!","robots":{"index":"index","follow":"follow","max-snippet":"max-snippet:-1","max-image-preview":"max-image-preview:large","max-video-preview":"max-video-preview:-1"},"canonical":"https:\/\/lottomat.com\/sl\/rezultati\/rezultati-igre-powerball\/","og_locale":"sl_SI","og_type":"article","og_title":"Rezultati Powerball in dobitne \u0161tevilke \u2013 LottoMat","og_description":"Preverite najnovej\u0161e rezultate Powerball in dobitne \u0161tevilke na LottoMat. Primerjajte svoje \u0161tevilke z uradnimi rezultati \u017erebanja in ugotovite, ali ste zmagali!","og_url":"https:\/\/lottomat.com\/sl\/rezultati\/rezultati-igre-powerball\/","og_site_name":"Lottomat","article_modified_time":"2026-03-01T18:38:52+00:00","og_image":[{"width":400,"height":400,"url":"https:\/\/lottomat.com\/wp-content\/uploads\/2025\/10\/jackpot-and-prizes.webp","type":"image\/webp"}],"twitter_card":"summary_large_image","twitter_misc":{"Est. reading time":"6 minut"},"schema":{"@context":"https:\/\/schema.org","@graph":[{"@type":"WebPage","@id":"https:\/\/lottomat.com\/sl\/rezultati\/rezultati-igre-powerball\/","url":"https:\/\/lottomat.com\/sl\/rezultati\/rezultati-igre-powerball\/","name":"Rezultati Powerball in dobitne \u0161tevilke \u2013 LottoMat","isPartOf":{"@id":"https:\/\/lottomat.com\/sl\/#website"},"primaryImageOfPage":{"@id":"https:\/\/lottomat.com\/sl\/rezultati\/rezultati-igre-powerball\/#primaryimage"},"image":{"@id":"https:\/\/lottomat.com\/sl\/rezultati\/rezultati-igre-powerball\/#primaryimage"},"thumbnailUrl":"https:\/\/lottomat.com\/wp-content\/uploads\/2025\/10\/jackpot-and-prizes-300x300.webp","datePublished":"2025-04-07T19:23:03+00:00","dateModified":"2026-03-01T18:38:52+00:00","description":"Preverite najnovej\u0161e rezultate Powerball in dobitne \u0161tevilke na LottoMat. Primerjajte svoje \u0161tevilke z uradnimi rezultati \u017erebanja in ugotovite, ali ste zmagali!","breadcrumb":{"@id":"https:\/\/lottomat.com\/sl\/rezultati\/rezultati-igre-powerball\/#breadcrumb"},"inLanguage":"sl-SI","potentialAction":[{"@type":"ReadAction","target":["https:\/\/lottomat.com\/sl\/rezultati\/rezultati-igre-powerball\/"]}]},{"@type":"ImageObject","inLanguage":"sl-SI","@id":"https:\/\/lottomat.com\/sl\/rezultati\/rezultati-igre-powerball\/#primaryimage","url":"https:\/\/lottomat.com\/wp-content\/uploads\/2025\/10\/jackpot-and-prizes-300x300.webp","contentUrl":"https:\/\/lottomat.com\/wp-content\/uploads\/2025\/10\/jackpot-and-prizes-300x300.webp"},{"@type":"BreadcrumbList","@id":"https:\/\/lottomat.com\/sl\/rezultati\/rezultati-igre-powerball\/#breadcrumb","itemListElement":[{"@type":"ListItem","position":1,"name":"Home","item":"https:\/\/lottomat.com\/sl\/"},{"@type":"ListItem","position":2,"name":"Najnovej\u0161i rezultati loterij in zmagovalne \u0161tevilke","item":"https:\/\/lottomat.com\/sl\/rezultati\/"},{"@type":"ListItem","position":3,"name":"Rezultati Powerball in dobitne \u0161tevilke"}]},{"@type":"WebSite","@id":"https:\/\/lottomat.com\/sl\/#website","url":"https:\/\/lottomat.com\/sl\/","name":"Lottomat","description":"","potentialAction":[{"@type":"SearchAction","target":{"@type":"EntryPoint","urlTemplate":"https:\/\/lottomat.com\/sl\/?s={search_term_string}"},"query-input":{"@type":"PropertyValueSpecification","valueRequired":true,"valueName":"search_term_string"}}],"inLanguage":"sl-SI"}]}},"_links":{"self":[{"href":"https:\/\/lottomat.com\/sl\/wp-json\/wp\/v2\/pages\/237708","targetHints":{"allow":["GET"]}}],"collection":[{"href":"https:\/\/lottomat.com\/sl\/wp-json\/wp\/v2\/pages"}],"about":[{"href":"https:\/\/lottomat.com\/sl\/wp-json\/wp\/v2\/types\/page"}],"author":[{"embeddable":true,"href":"https:\/\/lottomat.com\/sl\/wp-json\/wp\/v2\/users\/1"}],"replies":[{"embeddable":true,"href":"https:\/\/lottomat.com\/sl\/wp-json\/wp\/v2\/comments?post=237708"}],"version-history":[{"count":3,"href":"https:\/\/lottomat.com\/sl\/wp-json\/wp\/v2\/pages\/237708\/revisions"}],"predecessor-version":[{"id":272259,"href":"https:\/\/lottomat.com\/sl\/wp-json\/wp\/v2\/pages\/237708\/revisions\/272259"}],"up":[{"embeddable":true,"href":"https:\/\/lottomat.com\/sl\/wp-json\/wp\/v2\/pages\/7457"}],"wp:attachment":[{"href":"https:\/\/lottomat.com\/sl\/wp-json\/wp\/v2\/media?parent=237708"}],"curies":[{"name":"wp","href":"https:\/\/api.w.org\/{rel}","templated":true}]}}