{"id":232639,"date":"2025-03-27T10:35:32","date_gmt":"2025-03-27T10:35:32","guid":{"rendered":"https:\/\/lottomat.net\/loterija-rezultati\/rezultati-igre-eurojackpot\/"},"modified":"2026-02-26T10:50:59","modified_gmt":"2026-02-26T10:50:59","slug":"rezultati-igre-eurojackpot","status":"publish","type":"page","link":"https:\/\/lottomat.com\/sl\/rezultati\/rezultati-igre-eurojackpot\/","title":{"rendered":"Rezultati Eurojackpot in dobitne \u0161tevilke"},"content":{"rendered":"\n\n<div class=\"kk-star-ratings kksr-auto kksr-align-left kksr-valign-top\"\n    data-payload='{&quot;align&quot;:&quot;left&quot;,&quot;id&quot;:&quot;232639&quot;,&quot;slug&quot;:&quot;default&quot;,&quot;valign&quot;:&quot;top&quot;,&quot;ignore&quot;:&quot;&quot;,&quot;reference&quot;:&quot;auto&quot;,&quot;class&quot;:&quot;&quot;,&quot;count&quot;:&quot;0&quot;,&quot;legendonly&quot;:&quot;&quot;,&quot;readonly&quot;:&quot;&quot;,&quot;score&quot;:&quot;0&quot;,&quot;starsonly&quot;:&quot;&quot;,&quot;best&quot;:&quot;5&quot;,&quot;gap&quot;:&quot;5&quot;,&quot;greet&quot;:&quot;Rate this page&quot;,&quot;legend&quot;:&quot;0\\\/5 - (0 votes)&quot;,&quot;size&quot;:&quot;30&quot;,&quot;title&quot;:&quot;Rezultati Eurojackpot in dobitne \u0161tevilke&quot;,&quot;width&quot;:&quot;0&quot;,&quot;_legend&quot;:&quot;{score}\\\/{best} - ({count} {votes})&quot;,&quot;font_factor&quot;:&quot;1.25&quot;}'>\n            \n<div class=\"kksr-stars\">\n    \n<div class=\"kksr-stars-inactive\">\n            <div class=\"kksr-star\" data-star=\"1\" style=\"padding-right: 5px\">\n            \n\n<div class=\"kksr-icon\" style=\"width: 30px; height: 30px;\"><\/div>\n        <\/div>\n            <div class=\"kksr-star\" data-star=\"2\" style=\"padding-right: 5px\">\n            \n\n<div class=\"kksr-icon\" style=\"width: 30px; height: 30px;\"><\/div>\n        <\/div>\n            <div class=\"kksr-star\" data-star=\"3\" style=\"padding-right: 5px\">\n            \n\n<div class=\"kksr-icon\" style=\"width: 30px; height: 30px;\"><\/div>\n        <\/div>\n            <div class=\"kksr-star\" data-star=\"4\" style=\"padding-right: 5px\">\n            \n\n<div class=\"kksr-icon\" style=\"width: 30px; height: 30px;\"><\/div>\n        <\/div>\n            <div class=\"kksr-star\" data-star=\"5\" style=\"padding-right: 5px\">\n            \n\n<div class=\"kksr-icon\" style=\"width: 30px; height: 30px;\"><\/div>\n        <\/div>\n    <\/div>\n    \n<div class=\"kksr-stars-active\" style=\"width: 0px;\">\n            <div class=\"kksr-star\" style=\"padding-right: 5px\">\n            \n\n<div class=\"kksr-icon\" style=\"width: 30px; height: 30px;\"><\/div>\n        <\/div>\n            <div class=\"kksr-star\" style=\"padding-right: 5px\">\n            \n\n<div class=\"kksr-icon\" style=\"width: 30px; height: 30px;\"><\/div>\n        <\/div>\n            <div class=\"kksr-star\" style=\"padding-right: 5px\">\n            \n\n<div class=\"kksr-icon\" style=\"width: 30px; height: 30px;\"><\/div>\n        <\/div>\n            <div class=\"kksr-star\" style=\"padding-right: 5px\">\n            \n\n<div class=\"kksr-icon\" style=\"width: 30px; height: 30px;\"><\/div>\n        <\/div>\n            <div class=\"kksr-star\" style=\"padding-right: 5px\">\n            \n\n<div class=\"kksr-icon\" style=\"width: 30px; height: 30px;\"><\/div>\n        <\/div>\n    <\/div>\n<\/div>\n                \n\n<div class=\"kksr-legend\" style=\"font-size: 24px;\">\n            <span class=\"kksr-muted\">Rate this page<\/span>\n    <\/div>\n    <\/div>\n<p>Ali ste kupili vstopnice za Eurojackpot in se spra\u0161ujete, ali ste zmagali? Dokler ne poznate \u017erebanih \u0161tevilk, je vse mogo\u010de, <a href=\"https:\/\/lottomat.com\/sl\/loterija-rezultati\/\">rezultate loterije pa si lahko ogledate na tej spletni strani<\/a>. Objavljamo jih izjemno hitro, takoj po prejemu sporo\u010dila s spletne strani organizatorja Eurojackpota, tako da ste lahko prepri\u010dani, da so zanesljivo preverjeni in 100-odstotno resni\u010dni. Analizirajte rezultate Eurojackpota in dobitne \u0161tevilke \u017ee zdaj!<\/p>\n<h2>Kako preveriti dana\u0161nje rezultate Eurojackpota?<img loading=\"lazy\" decoding=\"async\" class=\"alignright wp-image-257716\" src=\"https:\/\/lottomat.com\/wp-content\/uploads\/2025\/11\/Eurojackpot-online-1.webp\" alt=\"Eurojackpot online\" width=\"200\" height=\"200\" srcset=\"https:\/\/lottomat.com\/wp-content\/uploads\/2025\/11\/Eurojackpot-online-1.webp 400w, https:\/\/lottomat.com\/wp-content\/uploads\/2025\/11\/Eurojackpot-online-1-300x300.webp 300w, https:\/\/lottomat.com\/wp-content\/uploads\/2025\/11\/Eurojackpot-online-1-150x150.webp 150w, https:\/\/lottomat.com\/wp-content\/uploads\/2025\/11\/Eurojackpot-online-1-100x100.webp 100w\" sizes=\"auto, (max-width: 200px) 100vw, 200px\" \/><\/h2>\n<p>Najla\u017eji na\u010din za preverjanje najnovej\u0161ih rezultatov Eurojackpota je na na\u0161i spletni strani. Zagotavljamo <strong>100-odstotno zanesljive rezultate loterijskih \u017erebanj<\/strong>, ki jim lahko v celoti zaupate. Na\u0161a platforma skrbi za to, da so vse dobitne \u0161tevilke Eurojackpota <strong>posodobljene takoj po vsakem uradnem \u017erebanju<\/strong>. Ne glede na to, ali preverjate dobitne kombinacije, razdelitev nagrad ali vi\u0161ino jackpota, boste tukaj na\u0161li natan\u010dne in a\u017eurne informacije. Razumemo, kako pomembno je za loterijske igralce, da hitro dobijo preverjene rezultate, zato dajemo prednost <strong>hitrosti in natan\u010dnosti<\/strong> pri posredovanju rezultatov Eurojackpota na\u0161im uporabnikom.<\/p>\n<h2>Kako preveriti v\u010deraj\u0161nje rezultate Eurojackpota?<\/h2>\n<p>V\u010deraj\u0161nje rezultate Eurojackpota lahko preverite tudi na <a href=\"https:\/\/lottomat.com\/sl\/\">na\u0161i spletni strani Lottomat<\/a>, saj prikazujemo ne le trenutne rezultate, temve\u010d tudi <strong>zgodovinske podatke preteklih \u017erebanj<\/strong>. Na\u0161a obse\u017ena baza podatkov vklju\u010duje <strong>dana\u0161nje rezultate, v\u010deraj\u0161nja \u017erebanja ter rezultate iz tednov, mesecev ali celo let nazaj<\/strong>. Ta obse\u017een arhiv vam omogo\u010da sledenje vzorcem, analizo trendov in pregled vsakega \u017erebanja, ki vas zanima. Ne glede na to, ali ste v\u010deraj pozabili preveriti vstopnice ali \u017eelite potrditi pretekle dobitne \u0161tevilke, na\u0161a platforma zagotavlja enostaven dostop do vseh zgodovinskih rezultatov Eurojackpota z <strong>popolno natan\u010dnostjo in zanesljivostjo<\/strong>.<\/p>\n<h2>Kako preveriti arhivirane rezultate Eurojackpota?<\/h2>\n<p>\u010ce si \u017eelite ogledati arhivirane rezultate Eurojackpota, preprosto uporabite koledar rezultatov na spletni strani Lottomat. Nahaja se pod datumom zadnjega \u017erebanja. Vse, kar morate storiti, je, da izberete datum, ki vas najbolj zanima, in si ogledate dosedanje rezultate igre.<\/p>\n<h2><img loading=\"lazy\" decoding=\"async\" class=\"alignleft wp-image-257746\" src=\"https:\/\/lottomat.com\/wp-content\/uploads\/2025\/11\/Eurojackpot-tickets-1.webp\" alt=\"Vstopnice za Eurojackpot\" width=\"200\" height=\"200\" srcset=\"https:\/\/lottomat.com\/wp-content\/uploads\/2025\/11\/Eurojackpot-tickets-1.webp 400w, https:\/\/lottomat.com\/wp-content\/uploads\/2025\/11\/Eurojackpot-tickets-1-300x300.webp 300w, https:\/\/lottomat.com\/wp-content\/uploads\/2025\/11\/Eurojackpot-tickets-1-150x150.webp 150w, https:\/\/lottomat.com\/wp-content\/uploads\/2025\/11\/Eurojackpot-tickets-1-100x100.webp 100w\" sizes=\"auto, (max-width: 200px) 100vw, 200px\" \/>Kako uporabiti arhivirane rezultate \u017erebanj in dobitne \u0161tevilke Eurojackpota?<\/h2>\n<p>Najnovej\u0161i in arhivirani loto rezultati vam omogo\u010dajo, da preverite, katere \u0161tevilke so bile \u017erebane v prej\u0161njih \u017erebanjih, kako pogosto prihaja do prenosa jackpota v dolo\u010deni loteriji, \u0161tevilo dobitnikov in rekordne dobi\u010dke. Vse to vam pomaga pri oblikovanju strategije igranja Eurojackpota in razvijanju lastne metode izbiranja \u0161tevilk. Po drugi strani pa, \u010de \u017eelite \u0161tevilke izbrati hitreje, a vseeno na podlagi statistike, se svobodno poslu\u017eite na\u0161ih namigov o najpogosteje in najredkeje \u017erebanih \u0161tevilkah v loterijah Eurojackpot. Vse potrebne podatke in informacije najdete na spletni strani Lottomat. Ne pozabite se ne omejiti na loterije. Zato je dobra ideja izbirati iz celotnega nabora razpolo\u017eljivih \u0161tevilk pri stavah, saj to pove\u010duje va\u0161e mo\u017enosti za zmago glavne nagrade.<\/p>\n<h2>Katere \u0161tevilke so najpogosteje \u017erebane pri Eurojackpotu?<\/h2>\n<p>Na podlagi statisti\u010dne analize \u017erebanj Eurojackpota od za\u010detka loterije leta 2012 med najpogosteje \u017erebanimi glavnimi \u0161tevilkami izstopajo <strong>14, 16, 18, 19, 25, 33 in 40<\/strong>. Te vro\u010de \u0161tevilke so se v zgodovini loterije pojavile pogosteje kot druge. Med bonus Euro \u0161tevilkami sta bili <strong>\u0161tevilki 5 in 8 \u017erebani najpogosteje: vsaka po 83-krat<\/strong>. Mnogi loterijski igralci te statistike vro\u010dih \u0161tevilk upo\u0161tevajo pri svoji strategiji izbire \u0161tevilk. \u010ceprav ima vsaka \u0161tevilka teoreti\u010dno enako mo\u017enost, da se \u017ereba, nekateri igralci pri izbiranju za Eurojackpot raje segajo po teh pogosto pojavljajo\u010dih se \u0161tevilkah. Velja omeniti, da <strong>pretekla pogostost ne zagotavlja prihodnjih rezultatov<\/strong>, vendar ta statistika loterijske navdu\u0161ence lahko navdihne z zanimivimi uvidi.<\/p>\n<h2>Katere \u0161tevilke so najredkeje \u017erebane pri Eurojackpotu?<\/h2>\n<p>Na nasprotnem koncu lestvice se nekatere \u0161tevilke v \u017erebanjih Eurojackpota pojavljajo redkeje in so zato ozna\u010dene kot \u00bbhladne \u0161tevilke\u00ab. Najredkeje \u017erebane \u0161tevilke EuroJackpota so: <strong>48, 2, 36, 50 ter izena\u010denje med 24, 27 in 31<\/strong>. Najredkeje \u017erebani Euro \u0161tevilki sta <strong>9 in 10<\/strong>. Nekateri loterijski igralci menijo, da so te hladne \u0161tevilke \u00bbdol\u017ene\u00ab kmalu priti na vrsto, \u010deprav je pomembno razumeti, da je <strong>vsako \u017erebanje popolnoma naklju\u010dno in neodvisno<\/strong>. \u010ceprav to ni na\u010din delovanja loterijskih \u017erebanj \u2013 vsako \u017erebanje je povsem naklju\u010dno in nepovezano s prej\u0161njim \u2013 je vseeno zabavno ugotoviti, katere \u0161tevilke so se pojavile najredkeje. Ne glede na to, ali izberete vro\u010de, hladne ali me\u0161ane \u0161tevilke, ne pozabite, da so <strong>loterijski rezultati na koncu stvar naklju\u010dja<\/strong>.<\/p>\n<h2>Koliko ljudi je zmagalo v zadnjem \u017erebanju Eurojackpota?<img loading=\"lazy\" decoding=\"async\" class=\"alignright wp-image-257777\" src=\"https:\/\/lottomat.com\/wp-content\/uploads\/2025\/11\/play-Eurojackpot-1.webp\" alt=\"igraj Eurojackpot\" width=\"200\" height=\"200\" srcset=\"https:\/\/lottomat.com\/wp-content\/uploads\/2025\/11\/play-Eurojackpot-1.webp 400w, https:\/\/lottomat.com\/wp-content\/uploads\/2025\/11\/play-Eurojackpot-1-300x300.webp 300w, https:\/\/lottomat.com\/wp-content\/uploads\/2025\/11\/play-Eurojackpot-1-150x150.webp 150w, https:\/\/lottomat.com\/wp-content\/uploads\/2025\/11\/play-Eurojackpot-1-100x100.webp 100w\" sizes=\"auto, (max-width: 200px) 100vw, 200px\" \/><\/h2>\n<p>Na na\u0161i spletni strani boste na\u0161li podrobno preglednico s celovitimi informacijami o rezultatih zadnjega \u017erebanja Eurojackpota, vklju\u010dno s <strong>\u0161tevilom dobitnikov v vsaki nagradni kategoriji<\/strong> in <strong>to\u010dnim zneskom vsake nagrade v evrih<\/strong>. Ta raz\u010dlenitev prikazuje dobitnike v vseh <strong>dvanajstih nagradnih kategorijah<\/strong>, od dobitnika jackpota do tistih, ki so zadeli minimalno dobitno kombinacijo. S pregledom teh informacij se lahko prepri\u010date, da <strong>igralci pri Eurojackpotu resni\u010dno redno zmagujejo<\/strong> na vseh nagradnih ravneh. Razdelitev nagrad prikazuje privla\u010dnost loterije z <strong>ve\u010dkratnimi mo\u017enostmi za zmago in znatnimi nagradami<\/strong> celo za ni\u017eje kombinacije. Ta preglednost pomaga igralcem razumeti njihove mo\u017enosti in opaziti resni\u010dni vpliv \u017erebanj Eurojackpota na dobitnike v sodelujo\u010dih dr\u017eavah. Ste pripravljeni, da se pridru\u017eite najbolj\u0161i zabavi? <a href=\"https:\/\/lottomat.com\/sl\/igranje-loterije\/igrajte-eurojackpot-na-spletu\/\">Igrajte Eurojackpot online<\/a> pri Lottomat in osvojite velike nagrade.<\/p>\n<h2>Kaj se zgodi, ko nobeden od igralcev ne zadene jackpota?<\/h2>\n<p>Kadar nobeden od igralcev ne zadene vseh petih glavnih \u0161tevilk in obeh Euro \u0161tevilk, se znesek jackpota <strong>prenese v naslednje \u017erebanje<\/strong>, kar je znano kot prenos ali akumulacija. Ta postopek pomeni, da se <strong>nagradni sklad neprestano pove\u010duje<\/strong>, dokler nekdo ne zmaga glavne nagrade, kar dela naslednja \u017erebanja \u0161e bolj vznemirljiva za igralce. Mehanizem prenosa jackpotu omogo\u010da, da dose\u017ee znatne zneske, pri \u010demer je <strong>najve\u010dja meja jackpota dolo\u010dena pri 120 milijonih evrov<\/strong>. Ko je ta znesek dose\u017een, se vsa sredstva, ki bi bila sicer dodana jackpotu, namesto tega razdelijo med dobitnike v naslednji nagradni kategoriji. Ta sistem zagotavlja, da se s\u010dasoma nakopi\u010dijo ogromne nagrade in ustvarijo mo\u017enosti za \u017eivljenjsko spreminjajo\u010de zmage, ki pritegnejo milijone igralcev po vsej Evropi. Preberite ve\u010d o <a href=\"https:\/\/lottomat.com\/sl\/loterija-informacije\/informacije-o-eurojackpotu\/\">nagradah in jackpotu Eurojackpota<\/a> na na\u0161i spletni strani.<\/p>\n<h2><img loading=\"lazy\" decoding=\"async\" class=\"alignleft wp-image-257807\" src=\"https:\/\/lottomat.com\/wp-content\/uploads\/2025\/11\/tickets-online.webp\" alt=\"vstopnice online\" width=\"200\" height=\"200\" srcset=\"https:\/\/lottomat.com\/wp-content\/uploads\/2025\/11\/tickets-online.webp 400w, https:\/\/lottomat.com\/wp-content\/uploads\/2025\/11\/tickets-online-300x300.webp 300w, https:\/\/lottomat.com\/wp-content\/uploads\/2025\/11\/tickets-online-150x150.webp 150w, https:\/\/lottomat.com\/wp-content\/uploads\/2025\/11\/tickets-online-100x100.webp 100w\" sizes=\"auto, (max-width: 200px) 100vw, 200px\" \/>Ali je mogo\u010de napovedati rezultate \u017erebanja Eurojackpota?<\/h2>\n<p><strong>Ne, rezultatov \u017erebanja Eurojackpota ni mogo\u010de napovedati<\/strong> z nobeno stopnjo gotovosti. Loterija uporablja <strong>popolnoma naklju\u010dni sistem \u017erebanja<\/strong>, pri katerem ima vsaka kombinacija \u0161tevilk natanko enako matemati\u010dno verjetnost, da bo izbrana v vsakem posameznem \u017erebanju. \u010ceprav statisti\u010dna analiza lahko poka\u017ee, katere \u0161tevilke so bile v preteklosti \u017erebane pogosteje ali redkeje, ti zgodovinski podatki <strong>nimajo nobenega vpliva na prihodnja \u017erebanja<\/strong>. Vsako \u017erebanje Eurojackpota je <strong>neodvisen dogodek<\/strong>, kar pomeni, da prej\u0161nji rezultati ne vplivajo na prihodnja \u017erebanja. Vsak sistem ali strategija, ki trdi, da napoveduje loterijske \u0161tevilke, je v osnovi napa\u010dna, saj <strong>resni\u010dno naklju\u010dje ni mogo\u010de napovedati<\/strong> ali obvladovati z analizo ali vzorci. Na kaj \u010dakate? Vstopnice so poceni in mo\u017enosti so visoke, zato se pripravite, izberite svoje \u0161tevilke in poglejte, kaj se bo zgodilo. <strong>Prav tako si <a href=\"https:\/\/lottomat.com\/sl\/igranje-loterije\/\">lahko ogledate celoten seznam na\u0161ih spletnih loterij<\/a> z najve\u010djimi jackpoti!<\/strong><\/p>\n","protected":false},"excerpt":{"rendered":"<p>Ali ste kupili vstopnice za Eurojackpot in se spra\u0161ujete, ali ste zmagali? Dokler ne poznate \u017erebanih \u0161tevilk, je vse mogo\u010de, rezultate loterije pa si lahko ogledate na tej spletni strani. Objavljamo jih izjemno hitro, takoj po prejemu sporo\u010dila s spletne strani organizatorja Eurojackpota, tako da ste lahko prepri\u010dani, da so zanesljivo preverjeni in 100-odstotno resni\u010dni. [&hellip;]<\/p>\n","protected":false},"author":1,"featured_media":0,"parent":7457,"menu_order":4,"comment_status":"closed","ping_status":"closed","template":"eurojackpot-results.php","meta":{"_et_pb_use_builder":"","_et_pb_old_content":"","_et_gb_content_width":"","exclude_from_search":false,"footnotes":""},"class_list":["post-232639","page","type-page","status-publish","hentry"],"yoast_head":"<!-- This site is optimized with the Yoast SEO plugin v23.8 - https:\/\/yoast.com\/wordpress\/plugins\/seo\/ -->\n<title>Rezultati Eurojackpot - Dobitne \u0161tevilke Eurojackpota - LottoMat<\/title>\n<meta name=\"description\" content=\"Preverite najnovej\u0161e rezultate Eurojackpot. Tukaj lahko primerjate svoje \u0161tevilke z uradnimi dobitnimi \u0161tevilkami Eurojackpota.\" \/>\n<meta name=\"robots\" content=\"index, follow, max-snippet:-1, max-image-preview:large, max-video-preview:-1\" \/>\n<link rel=\"canonical\" href=\"https:\/\/lottomat.com\/sl\/rezultati\/rezultati-igre-eurojackpot\/\" \/>\n<meta property=\"og:locale\" content=\"sl_SI\" \/>\n<meta property=\"og:type\" content=\"article\" \/>\n<meta property=\"og:title\" content=\"Rezultati Eurojackpot - Dobitne \u0161tevilke Eurojackpota - LottoMat\" \/>\n<meta property=\"og:description\" content=\"Preverite najnovej\u0161e rezultate Eurojackpot. Tukaj lahko primerjate svoje \u0161tevilke z uradnimi dobitnimi \u0161tevilkami Eurojackpota.\" \/>\n<meta property=\"og:url\" content=\"https:\/\/lottomat.com\/sl\/rezultati\/rezultati-igre-eurojackpot\/\" \/>\n<meta property=\"og:site_name\" content=\"Lottomat\" \/>\n<meta property=\"article:modified_time\" content=\"2026-02-26T10:50:59+00:00\" \/>\n<meta property=\"og:image\" content=\"https:\/\/lottomat.com\/wp-content\/uploads\/2025\/11\/Eurojackpot-online-1.webp\" \/>\n\t<meta property=\"og:image:width\" content=\"400\" \/>\n\t<meta property=\"og:image:height\" content=\"400\" \/>\n\t<meta property=\"og:image:type\" content=\"image\/webp\" \/>\n<meta name=\"twitter:card\" content=\"summary_large_image\" \/>\n<script type=\"application\/ld+json\" class=\"yoast-schema-graph\">{\"@context\":\"https:\/\/schema.org\",\"@graph\":[{\"@type\":\"WebPage\",\"@id\":\"https:\/\/lottomat.com\/sl\/rezultati\/rezultati-igre-eurojackpot\/\",\"url\":\"https:\/\/lottomat.com\/sl\/rezultati\/rezultati-igre-eurojackpot\/\",\"name\":\"Rezultati Eurojackpot - Dobitne \u0161tevilke Eurojackpota - LottoMat\",\"isPartOf\":{\"@id\":\"https:\/\/lottomat.com\/sl\/#website\"},\"primaryImageOfPage\":{\"@id\":\"https:\/\/lottomat.com\/sl\/rezultati\/rezultati-igre-eurojackpot\/#primaryimage\"},\"image\":{\"@id\":\"https:\/\/lottomat.com\/sl\/rezultati\/rezultati-igre-eurojackpot\/#primaryimage\"},\"thumbnailUrl\":\"https:\/\/lottomat.com\/wp-content\/uploads\/2025\/11\/Eurojackpot-online-1.webp\",\"datePublished\":\"2025-03-27T10:35:32+00:00\",\"dateModified\":\"2026-02-26T10:50:59+00:00\",\"description\":\"Preverite najnovej\u0161e rezultate Eurojackpot. Tukaj lahko primerjate svoje \u0161tevilke z uradnimi dobitnimi \u0161tevilkami Eurojackpota.\",\"breadcrumb\":{\"@id\":\"https:\/\/lottomat.com\/sl\/rezultati\/rezultati-igre-eurojackpot\/#breadcrumb\"},\"inLanguage\":\"sl-SI\",\"potentialAction\":[{\"@type\":\"ReadAction\",\"target\":[\"https:\/\/lottomat.com\/sl\/rezultati\/rezultati-igre-eurojackpot\/\"]}]},{\"@type\":\"ImageObject\",\"inLanguage\":\"sl-SI\",\"@id\":\"https:\/\/lottomat.com\/sl\/rezultati\/rezultati-igre-eurojackpot\/#primaryimage\",\"url\":\"https:\/\/lottomat.com\/wp-content\/uploads\/2025\/11\/Eurojackpot-online-1.webp\",\"contentUrl\":\"https:\/\/lottomat.com\/wp-content\/uploads\/2025\/11\/Eurojackpot-online-1.webp\"},{\"@type\":\"BreadcrumbList\",\"@id\":\"https:\/\/lottomat.com\/sl\/rezultati\/rezultati-igre-eurojackpot\/#breadcrumb\",\"itemListElement\":[{\"@type\":\"ListItem\",\"position\":1,\"name\":\"Home\",\"item\":\"https:\/\/lottomat.com\/sl\/\"},{\"@type\":\"ListItem\",\"position\":2,\"name\":\"Najnovej\u0161i rezultati loterij in zmagovalne \u0161tevilke\",\"item\":\"https:\/\/lottomat.com\/sl\/rezultati\/\"},{\"@type\":\"ListItem\",\"position\":3,\"name\":\"Rezultati Eurojackpot in dobitne \u0161tevilke\"}]},{\"@type\":\"WebSite\",\"@id\":\"https:\/\/lottomat.com\/sl\/#website\",\"url\":\"https:\/\/lottomat.com\/sl\/\",\"name\":\"Lottomat\",\"description\":\"\",\"potentialAction\":[{\"@type\":\"SearchAction\",\"target\":{\"@type\":\"EntryPoint\",\"urlTemplate\":\"https:\/\/lottomat.com\/sl\/?s={search_term_string}\"},\"query-input\":{\"@type\":\"PropertyValueSpecification\",\"valueRequired\":true,\"valueName\":\"search_term_string\"}}],\"inLanguage\":\"sl-SI\"}]}<\/script>\n<!-- \/ Yoast SEO plugin. -->","yoast_head_json":{"title":"Rezultati Eurojackpot - Dobitne \u0161tevilke Eurojackpota - LottoMat","description":"Preverite najnovej\u0161e rezultate Eurojackpot. Tukaj lahko primerjate svoje \u0161tevilke z uradnimi dobitnimi \u0161tevilkami Eurojackpota.","robots":{"index":"index","follow":"follow","max-snippet":"max-snippet:-1","max-image-preview":"max-image-preview:large","max-video-preview":"max-video-preview:-1"},"canonical":"https:\/\/lottomat.com\/sl\/rezultati\/rezultati-igre-eurojackpot\/","og_locale":"sl_SI","og_type":"article","og_title":"Rezultati Eurojackpot - Dobitne \u0161tevilke Eurojackpota - LottoMat","og_description":"Preverite najnovej\u0161e rezultate Eurojackpot. Tukaj lahko primerjate svoje \u0161tevilke z uradnimi dobitnimi \u0161tevilkami Eurojackpota.","og_url":"https:\/\/lottomat.com\/sl\/rezultati\/rezultati-igre-eurojackpot\/","og_site_name":"Lottomat","article_modified_time":"2026-02-26T10:50:59+00:00","og_image":[{"width":400,"height":400,"url":"https:\/\/lottomat.com\/wp-content\/uploads\/2025\/11\/Eurojackpot-online-1.webp","type":"image\/webp"}],"twitter_card":"summary_large_image","schema":{"@context":"https:\/\/schema.org","@graph":[{"@type":"WebPage","@id":"https:\/\/lottomat.com\/sl\/rezultati\/rezultati-igre-eurojackpot\/","url":"https:\/\/lottomat.com\/sl\/rezultati\/rezultati-igre-eurojackpot\/","name":"Rezultati Eurojackpot - Dobitne \u0161tevilke Eurojackpota - LottoMat","isPartOf":{"@id":"https:\/\/lottomat.com\/sl\/#website"},"primaryImageOfPage":{"@id":"https:\/\/lottomat.com\/sl\/rezultati\/rezultati-igre-eurojackpot\/#primaryimage"},"image":{"@id":"https:\/\/lottomat.com\/sl\/rezultati\/rezultati-igre-eurojackpot\/#primaryimage"},"thumbnailUrl":"https:\/\/lottomat.com\/wp-content\/uploads\/2025\/11\/Eurojackpot-online-1.webp","datePublished":"2025-03-27T10:35:32+00:00","dateModified":"2026-02-26T10:50:59+00:00","description":"Preverite najnovej\u0161e rezultate Eurojackpot. Tukaj lahko primerjate svoje \u0161tevilke z uradnimi dobitnimi \u0161tevilkami Eurojackpota.","breadcrumb":{"@id":"https:\/\/lottomat.com\/sl\/rezultati\/rezultati-igre-eurojackpot\/#breadcrumb"},"inLanguage":"sl-SI","potentialAction":[{"@type":"ReadAction","target":["https:\/\/lottomat.com\/sl\/rezultati\/rezultati-igre-eurojackpot\/"]}]},{"@type":"ImageObject","inLanguage":"sl-SI","@id":"https:\/\/lottomat.com\/sl\/rezultati\/rezultati-igre-eurojackpot\/#primaryimage","url":"https:\/\/lottomat.com\/wp-content\/uploads\/2025\/11\/Eurojackpot-online-1.webp","contentUrl":"https:\/\/lottomat.com\/wp-content\/uploads\/2025\/11\/Eurojackpot-online-1.webp"},{"@type":"BreadcrumbList","@id":"https:\/\/lottomat.com\/sl\/rezultati\/rezultati-igre-eurojackpot\/#breadcrumb","itemListElement":[{"@type":"ListItem","position":1,"name":"Home","item":"https:\/\/lottomat.com\/sl\/"},{"@type":"ListItem","position":2,"name":"Najnovej\u0161i rezultati loterij in zmagovalne \u0161tevilke","item":"https:\/\/lottomat.com\/sl\/rezultati\/"},{"@type":"ListItem","position":3,"name":"Rezultati Eurojackpot in dobitne \u0161tevilke"}]},{"@type":"WebSite","@id":"https:\/\/lottomat.com\/sl\/#website","url":"https:\/\/lottomat.com\/sl\/","name":"Lottomat","description":"","potentialAction":[{"@type":"SearchAction","target":{"@type":"EntryPoint","urlTemplate":"https:\/\/lottomat.com\/sl\/?s={search_term_string}"},"query-input":{"@type":"PropertyValueSpecification","valueRequired":true,"valueName":"search_term_string"}}],"inLanguage":"sl-SI"}]}},"_links":{"self":[{"href":"https:\/\/lottomat.com\/sl\/wp-json\/wp\/v2\/pages\/232639","targetHints":{"allow":["GET"]}}],"collection":[{"href":"https:\/\/lottomat.com\/sl\/wp-json\/wp\/v2\/pages"}],"about":[{"href":"https:\/\/lottomat.com\/sl\/wp-json\/wp\/v2\/types\/page"}],"author":[{"embeddable":true,"href":"https:\/\/lottomat.com\/sl\/wp-json\/wp\/v2\/users\/1"}],"replies":[{"embeddable":true,"href":"https:\/\/lottomat.com\/sl\/wp-json\/wp\/v2\/comments?post=232639"}],"version-history":[{"count":2,"href":"https:\/\/lottomat.com\/sl\/wp-json\/wp\/v2\/pages\/232639\/revisions"}],"predecessor-version":[{"id":271894,"href":"https:\/\/lottomat.com\/sl\/wp-json\/wp\/v2\/pages\/232639\/revisions\/271894"}],"up":[{"embeddable":true,"href":"https:\/\/lottomat.com\/sl\/wp-json\/wp\/v2\/pages\/7457"}],"wp:attachment":[{"href":"https:\/\/lottomat.com\/sl\/wp-json\/wp\/v2\/media?parent=232639"}],"curies":[{"name":"wp","href":"https:\/\/api.w.org\/{rel}","templated":true}]}}