{"id":10628,"date":"2025-03-26T10:16:37","date_gmt":"2025-03-26T10:16:37","guid":{"rendered":"https:\/\/lottomat.net\/loterija-informacije\/informacije-o-igri-powerball\/"},"modified":"2026-02-26T10:41:11","modified_gmt":"2026-02-26T10:41:11","slug":"informacije-o-igri-powerball","status":"publish","type":"page","link":"https:\/\/lottomat.com\/sl\/loterije\/informacije-o-igri-powerball\/","title":{"rendered":"Nagrade, pravila in jackpot Powerball"},"content":{"rendered":"\n\n<div class=\"kk-star-ratings kksr-auto kksr-align-left kksr-valign-top\"\n    data-payload='{&quot;align&quot;:&quot;left&quot;,&quot;id&quot;:&quot;10628&quot;,&quot;slug&quot;:&quot;default&quot;,&quot;valign&quot;:&quot;top&quot;,&quot;ignore&quot;:&quot;&quot;,&quot;reference&quot;:&quot;auto&quot;,&quot;class&quot;:&quot;&quot;,&quot;count&quot;:&quot;0&quot;,&quot;legendonly&quot;:&quot;&quot;,&quot;readonly&quot;:&quot;&quot;,&quot;score&quot;:&quot;0&quot;,&quot;starsonly&quot;:&quot;&quot;,&quot;best&quot;:&quot;5&quot;,&quot;gap&quot;:&quot;5&quot;,&quot;greet&quot;:&quot;Rate this page&quot;,&quot;legend&quot;:&quot;0\\\/5 - (0 votes)&quot;,&quot;size&quot;:&quot;30&quot;,&quot;title&quot;:&quot;Nagrade, pravila in jackpot Powerball&quot;,&quot;width&quot;:&quot;0&quot;,&quot;_legend&quot;:&quot;{score}\\\/{best} - ({count} {votes})&quot;,&quot;font_factor&quot;:&quot;1.25&quot;}'>\n            \n<div class=\"kksr-stars\">\n    \n<div class=\"kksr-stars-inactive\">\n            <div class=\"kksr-star\" data-star=\"1\" style=\"padding-right: 5px\">\n            \n\n<div class=\"kksr-icon\" style=\"width: 30px; height: 30px;\"><\/div>\n        <\/div>\n            <div class=\"kksr-star\" data-star=\"2\" style=\"padding-right: 5px\">\n            \n\n<div class=\"kksr-icon\" style=\"width: 30px; height: 30px;\"><\/div>\n        <\/div>\n            <div class=\"kksr-star\" data-star=\"3\" style=\"padding-right: 5px\">\n            \n\n<div class=\"kksr-icon\" style=\"width: 30px; height: 30px;\"><\/div>\n        <\/div>\n            <div class=\"kksr-star\" data-star=\"4\" style=\"padding-right: 5px\">\n            \n\n<div class=\"kksr-icon\" style=\"width: 30px; height: 30px;\"><\/div>\n        <\/div>\n            <div class=\"kksr-star\" data-star=\"5\" style=\"padding-right: 5px\">\n            \n\n<div class=\"kksr-icon\" style=\"width: 30px; height: 30px;\"><\/div>\n        <\/div>\n    <\/div>\n    \n<div class=\"kksr-stars-active\" style=\"width: 0px;\">\n            <div class=\"kksr-star\" style=\"padding-right: 5px\">\n            \n\n<div class=\"kksr-icon\" style=\"width: 30px; height: 30px;\"><\/div>\n        <\/div>\n            <div class=\"kksr-star\" style=\"padding-right: 5px\">\n            \n\n<div class=\"kksr-icon\" style=\"width: 30px; height: 30px;\"><\/div>\n        <\/div>\n            <div class=\"kksr-star\" style=\"padding-right: 5px\">\n            \n\n<div class=\"kksr-icon\" style=\"width: 30px; height: 30px;\"><\/div>\n        <\/div>\n            <div class=\"kksr-star\" style=\"padding-right: 5px\">\n            \n\n<div class=\"kksr-icon\" style=\"width: 30px; height: 30px;\"><\/div>\n        <\/div>\n            <div class=\"kksr-star\" style=\"padding-right: 5px\">\n            \n\n<div class=\"kksr-icon\" style=\"width: 30px; height: 30px;\"><\/div>\n        <\/div>\n    <\/div>\n<\/div>\n                \n\n<div class=\"kksr-legend\" style=\"font-size: 24px;\">\n            <span class=\"kksr-muted\">Rate this page<\/span>\n    <\/div>\n    <\/div>\n<p>Izvejte ve\u010d o nagradah Powerball, jackpotu in pravilih igranja. Powerball Lotto \u2013 igra na sre\u010do oziroma loterija je ena izmed najpopularnej\u0161ih oblik hazardne zabave po vsem svetu. Ve\u010dina nas je vsaj enkrat sodelovala v loteriji. Loterije so zelo preproste in vznemirljive igre z jasnimi pravili. V njih ni prav ni\u010desar zapletenega in vsakdo se pravil katere koli loterije lahko nau\u010di zelo hitro. \u010ce ste navdu\u0161enec nad \u0161tevil\u010dnimi igrami in \u0161e vedno i\u0161\u010dete novo in zanimivo loterijo za preizkus, berite naprej. Povedali vam bomo, kaj je najslavnej\u0161a loterija na svetu Powerball Lotto, kako igra deluje, kak\u0161ne so mo\u017enosti in tveganja ter koliko je mogo\u010de zmagati (nagrade in jackpot Powerball).<\/p>\n<h2><img loading=\"lazy\" decoding=\"async\" class=\"alignleft wp-image-252449\" src=\"https:\/\/lottomat.com\/wp-content\/uploads\/2025\/10\/Powerball-jackpot-300x300.webp\" alt=\"jackpot Powerball\" width=\"200\" height=\"200\" srcset=\"https:\/\/lottomat.com\/wp-content\/uploads\/2025\/10\/Powerball-jackpot-300x300.webp 300w, https:\/\/lottomat.com\/wp-content\/uploads\/2025\/10\/Powerball-jackpot-150x150.webp 150w, https:\/\/lottomat.com\/wp-content\/uploads\/2025\/10\/Powerball-jackpot-100x100.webp 100w, https:\/\/lottomat.com\/wp-content\/uploads\/2025\/10\/Powerball-jackpot.webp 400w\" sizes=\"auto, (max-width: 200px) 100vw, 200px\" \/>Kaj je loterija Powerball?<\/h2>\n<p>Powerball je ameri\u0161ka loterija, ki deluje od leta <strong>1988<\/strong>. Prej je bila znana pod imenom Lotto America, leta <strong>1992<\/strong> pa je bila preimenovana v dana\u0161nji Powerball. Ameri\u0161ki Powerball je ena izmed <a href=\"https:\/\/lottomat.com\/sl\/\">najpopularnej\u0161ih loterij na svetu<\/a>; loterijske pisarne v ZDA ima v kar <strong>45 zveznih dr\u017eavah<\/strong>, pa tudi v okro\u017eju Columbia, Portoriku in na Devi\u0161kih otokih. Velja omeniti, da je bila ta loterija pionirka \u017erebanja iz dveh sodov, kar je omogo\u010dilo vi\u0161je dobitke. \u017drebanja Powerball Lotto potekajo vsak <strong>ponedeljek, sredo in soboto ob 22:59 po vzhodnem standardnem \u010dasu<\/strong>. \u017drebanje praviloma poteka v studiu Floridske loterije. \u010ce ne \u017eivite ali se ne nahajate v Zdru\u017eenih dr\u017eavah Amerike in nimate mo\u017enosti <a href=\"https:\/\/lottomat.com\/sl\/igranje-loterije\/igranje-igre-powerball-na-spletu\/\">nakupa listka za Powerball Lotto na spletu<\/a>, vse kar morate storiti, je obiskati na\u0161o <strong>spletno stran LottoMat<\/strong>. Tam lahko igrate Powerball Lotto prek interneta, berete zanimive \u010dlanke in <a href=\"https:\/\/lottomat.com\/sl\/loterija-rezultati\/rezultati-igre-powerball\/\">preverite najnovej\u0161e rezultate \u017erebanj Powerball<\/a>.<\/p>\n<h2>Kak\u0161na so pravila igranja loterije Powerball?<\/h2>\n<p>Od nastanka loterije so se pravila ve\u010dkrat spremenila; ve\u010dinoma so bila posodobljena z namenom, da bi igralci lahko osvajali vi\u0161je denarne nagrade Powerball. Sprva je bilo treba izbrati sedem \u0161tevilk iz nabora 40. Nato je bila dodana izbira druge bonusne \u0161tevilke iz manj\u0161ega nabora. Velikost nabora se je ve\u010dkrat spremenila, dokler ni bilo dokon\u010dno dolo\u010deno, da je treba izbrati <strong>pet \u0161tevilk iz 69 in eno iz 26<\/strong> tako imenovanih Powerballov. Ta pravila veljajo \u0161e danes. \u0160tevilka iz glavnega \u017erebanja je lahko enaka drugi.<\/p>\n<h2>Kak\u0161na so tveganja in mo\u017enosti za osvajanje nagrad Powerball?<\/h2>\n<p>Z eno besedo \u2013 visoka. Verjetnost za zmago prve ravni je <strong>1 : 292 milijonov<\/strong>. Mo\u017enosti za zmago druge ravni so le <strong>1 : 11,5 milijona<\/strong>, kar je ogromna razlika, medtem ko se mo\u017enosti z ni\u017ejimi ravnmi izjemno pove\u010dajo. Za primerjavo: mo\u017enosti za osvajanje glavne nagrade pri poljskem Lotu zna\u0161ajo 1 : 14 milijonov. Pri Powerball Lotu <strong>vsak 25. oddani listek prinese nagrado<\/strong>. Tveganje torej ni majhno, a prav tako niso majhni dobi\u010dki \u2013 v resnici so med najvi\u0161jimi na svetu. Prav zato kljub tako nizkim mo\u017enostim \u0161tevilo zainteresiranih za Powerball ne upada, temve\u010d iz leta v leto neprekinjeno raste. Minimalna stavnica pri Powerballu je <strong>5 dolarjev<\/strong>, kar je za ve\u010dino igralcev zelo privla\u010dno, zlasti ob upo\u0161tevanju visokih dobitkov.<\/p>\n<h2><img loading=\"lazy\" decoding=\"async\" class=\"wp-image-252479 alignright\" src=\"https:\/\/lottomat.com\/wp-content\/uploads\/2025\/10\/Powerball-prizes-300x300.webp\" alt=\"nagrade Powerball\" width=\"200\" height=\"200\" srcset=\"https:\/\/lottomat.com\/wp-content\/uploads\/2025\/10\/Powerball-prizes-300x300.webp 300w, https:\/\/lottomat.com\/wp-content\/uploads\/2025\/10\/Powerball-prizes-150x150.webp 150w, https:\/\/lottomat.com\/wp-content\/uploads\/2025\/10\/Powerball-prizes-100x100.webp 100w, https:\/\/lottomat.com\/wp-content\/uploads\/2025\/10\/Powerball-prizes.webp 400w\" sizes=\"auto, (max-width: 200px) 100vw, 200px\" \/><\/h2>\n<h2>Kak\u0161ne so nagrade Powerball \u2013 koliko je mogo\u010de zmagati?<\/h2>\n<p>Re\u010di, da Powerball ponuja zelo visoke dobitke, je kot re\u010di nic. Govorimo o ogromnih zneskih; te\u017eko si je predstavljati, kaj po\u010deti s tako velikim dobi\u010dkom. \u010ce zmagate, va\u0161i otroci, vnuki, pravnuki in prapravnuki ne bodo nikoli ve\u010d potrebovali dela. Najni\u017eji zajam\u010deni dobitek pri Powerballu je <strong>20 milijonov dolarjev<\/strong>. Da o povpre\u010dnih dobi\u010dkih, ki zna\u0161ajo okoli 110\u2013120 milijonov dolarjev, sploh ne govorimo. Dobi\u010dki druge ravni izgledajo manj impresivno. To je \u00bbskromnih\u00ab <strong>milijon dolarjev<\/strong>. Zadostuje pa le izbrati pet pravilnih \u0161tevilk, da postanete sre\u010dni lastnik te vsote. Vse se pa spremeni, ko pride do prenosa jackpota. O, da! Jackpot ob prenosu pri Powerballu je pravi in neokrnjeni nor pojav.<\/p>\n<h2>Kak\u0161ni so prenosi jackpota pri Powerballu?<\/h2>\n<p>Tisto, kar Powerball v prvi vrsti lo\u010di od, denimo, poljske loterije Lotto, so masivni prenosi jackpota, ki pospe\u0161ijo sr\u010dni utrip, jackpoti, ki iz tega izhajajo, pa so \u0161okantno visoki. Kako naj \u010dustva ne bi \u0161la v nebo, ko pri Powerballu <strong>ne obstaja zgornja meja prenosa jackpota<\/strong>? To pomeni, da se, \u010de imajo igralci smolo in pride ve\u010dkrat do situacije, ko nih\u010de ne osvoji glavne nagrade, nagradni sklad kopi\u010di, dokler niso izbrane pravilne \u0161tevilke. Jackpot ob prenosu se pri loteriji navadno razdeli med ve\u010d igralcev, kar pomeni, da se nagrada med njimi sorazmerno porazdeli. V zgodovini Powerball pa se je \u017ee ve\u010dkrat zgodilo, da je le en posameznik izbral izvle\u010dene \u0161tevilke in si cel jackpot prisvojil samo zase.<\/p>\n<h2>Kak\u0161en je bil rekordni dobitek v loteriji Powerball?<img loading=\"lazy\" decoding=\"async\" class=\"wp-image-252509 alignleft\" src=\"https:\/\/lottomat.com\/wp-content\/uploads\/2025\/10\/Powerball-rules-300x300.webp\" alt=\"pravila Powerball\" width=\"200\" height=\"200\" srcset=\"https:\/\/lottomat.com\/wp-content\/uploads\/2025\/10\/Powerball-rules-300x300.webp 300w, https:\/\/lottomat.com\/wp-content\/uploads\/2025\/10\/Powerball-rules-150x150.webp 150w, https:\/\/lottomat.com\/wp-content\/uploads\/2025\/10\/Powerball-rules-100x100.webp 100w, https:\/\/lottomat.com\/wp-content\/uploads\/2025\/10\/Powerball-rules.webp 400w\" sizes=\"auto, (max-width: 200px) 100vw, 200px\" \/><\/h2>\n<p>Rekordni jackpot v zgodovini Powerball je bil osvoj en <strong>7. novembra 2022<\/strong> in je dosegel neverjetnih <strong>2,04 milijarde $<\/strong> z denarno vrednostjo <strong>997,6 milijona $<\/strong>. To ostaja najve\u010dji loterijski jackpot, ki je bil kdaj koli osvoj en po vsem svetu. Dobitni\u010dki listek je bil prodan v Kaliforniji, nagrado pa je prevzel en sam zmagovalec. Drugi najve\u010dji jackpot Powerball je zna\u0161al <strong>1,787 milijarde $<\/strong> in je bil osvoj en septembra 2025 z listki, prodanimi v Missouriju in Teksasu.<\/p>\n<h2>Kdo lahko igra Powerball in osvaja nagrade Powerball?<\/h2>\n<p>Vsak ima prilo\u017enost za igro, dokler je polnoleten. \u0160e ne tako dolgo nazaj je bil Powerball na voljo le Ameri\u010danom oziroma vsem, ki so se nahajali na ozemlju Zdru\u017eenih dr\u017eav in so lahko obiskali loterijska pisarno. Zdaj je vse druga\u010de. In to vse zahvaljujo\u010d spletnim loterijah in na\u0161i <a href=\"https:\/\/lottomat.com\/sl\/\"><strong>spletni strani LottoMat<\/strong><\/a>. Ni va\u017eno, ali \u017eivite v Afriki, Aziji ali Evropi. Ali pa sedite za mizo, le\u017eite v postelji, te\u010dete ali se spro\u0161\u010date v dvori\u0161\u010du. Powerball lahko igrate in jackpot osvajate kjerkoli. Spletne loterije so postale izjemno priljubljene; ve\u010dina igralcev se poslu\u017euje te vrste re\u0161itve, saj je priro\u010dna. Potrebujete le <strong>dostop do interneta<\/strong>, kar igralcem po vsem svetu daje veliko svobode.<\/p>\n<h2>Kako igrati Powerball prek interneta?<\/h2>\n<p>Vse kar morate storiti, je prijaviti se na <strong>spletno stran LottoMat<\/strong> in izpolniti listek s svojimi priljubljenimi \u0161tevilkami. To je vse. Nato po\u010dakate na \u017erebanje in preverite rezultate Powerball, ki jih prav tako enostavno poi\u0161\u010dete na na\u0161i spletni strani. Igranje Powerball prek interneta je izjemno preprosto in prina\u0161a toliko vznemirjenja.<\/p>\n<h2>Kdaj potekajo \u017erebanja Powerball Lotto?<\/h2>\n<p>\u017drebanja Powerball potekajo <strong>trikrat na teden \u2013 v ponedeljek, sredo in soboto<\/strong>. I\u0161\u010dete mo\u010dna \u010dustva in fantasti\u010dne dobitke? Igrajte Powerball Lotto na spletu \u2013 hitro, priro\u010dno in brez odhoda od doma. Sre\u010dno!<\/p>\n<h2>Tabela nagrad in mo\u017enosti Powerball<\/h2>\n","protected":false},"excerpt":{"rendered":"<p>Izvejte ve\u010d o nagradah Powerball, jackpotu in pravilih igranja. Powerball Lotto \u2013 igra na sre\u010do oziroma loterija je ena izmed najpopularnej\u0161ih oblik hazardne zabave po vsem svetu. Ve\u010dina nas je vsaj enkrat sodelovala v loteriji. Loterije so zelo preproste in vznemirljive igre z jasnimi pravili. V njih ni prav ni\u010desar zapletenega in vsakdo se pravil [&hellip;]<\/p>\n","protected":false},"author":1,"featured_media":0,"parent":6956,"menu_order":1,"comment_status":"closed","ping_status":"closed","template":"powerball-usa-info.php","meta":{"_et_pb_use_builder":"","_et_pb_old_content":"","_et_gb_content_width":"","exclude_from_search":false,"footnotes":""},"class_list":["post-10628","page","type-page","status-publish","hentry"],"yoast_head":"<!-- This site is optimized with the Yoast SEO plugin v23.8 - https:\/\/yoast.com\/wordpress\/plugins\/seo\/ -->\n<title>Nagrade, pravila in jackpot Powerball \u2013 Lottomat<\/title>\n<meta name=\"description\" content=\"Preverite nagrade Powerball, jackpot in pravila igranja. Izvejte ve\u010d o svojih mo\u017enostih za zmago v tej ameri\u0161ki loteriji.\" \/>\n<meta name=\"robots\" content=\"index, follow, max-snippet:-1, max-image-preview:large, max-video-preview:-1\" \/>\n<link rel=\"canonical\" href=\"https:\/\/lottomat.com\/sl\/loterije\/informacije-o-igri-powerball\/\" \/>\n<meta property=\"og:locale\" content=\"sl_SI\" \/>\n<meta property=\"og:type\" content=\"article\" \/>\n<meta property=\"og:title\" content=\"Nagrade, pravila in jackpot Powerball \u2013 Lottomat\" \/>\n<meta property=\"og:description\" content=\"Preverite nagrade Powerball, jackpot in pravila igranja. Izvejte ve\u010d o svojih mo\u017enostih za zmago v tej ameri\u0161ki loteriji.\" \/>\n<meta property=\"og:url\" content=\"https:\/\/lottomat.com\/sl\/loterije\/informacije-o-igri-powerball\/\" \/>\n<meta property=\"og:site_name\" content=\"Lottomat\" \/>\n<meta property=\"article:modified_time\" content=\"2026-02-26T10:41:11+00:00\" \/>\n<meta property=\"og:image\" content=\"https:\/\/lottomat.com\/wp-content\/uploads\/2025\/10\/Powerball-jackpot.webp\" \/>\n\t<meta property=\"og:image:width\" content=\"400\" \/>\n\t<meta property=\"og:image:height\" content=\"400\" \/>\n\t<meta property=\"og:image:type\" content=\"image\/webp\" \/>\n<meta name=\"twitter:card\" content=\"summary_large_image\" \/>\n<meta name=\"twitter:label1\" content=\"Est. reading time\" \/>\n\t<meta name=\"twitter:data1\" content=\"5 minut\" \/>\n<script type=\"application\/ld+json\" class=\"yoast-schema-graph\">{\"@context\":\"https:\/\/schema.org\",\"@graph\":[{\"@type\":\"WebPage\",\"@id\":\"https:\/\/lottomat.com\/sl\/loterije\/informacije-o-igri-powerball\/\",\"url\":\"https:\/\/lottomat.com\/sl\/loterije\/informacije-o-igri-powerball\/\",\"name\":\"Nagrade, pravila in jackpot Powerball \u2013 Lottomat\",\"isPartOf\":{\"@id\":\"https:\/\/lottomat.com\/sl\/#website\"},\"primaryImageOfPage\":{\"@id\":\"https:\/\/lottomat.com\/sl\/loterije\/informacije-o-igri-powerball\/#primaryimage\"},\"image\":{\"@id\":\"https:\/\/lottomat.com\/sl\/loterije\/informacije-o-igri-powerball\/#primaryimage\"},\"thumbnailUrl\":\"https:\/\/lottomat.com\/wp-content\/uploads\/2025\/10\/Powerball-jackpot-300x300.webp\",\"datePublished\":\"2025-03-26T10:16:37+00:00\",\"dateModified\":\"2026-02-26T10:41:11+00:00\",\"description\":\"Preverite nagrade Powerball, jackpot in pravila igranja. Izvejte ve\u010d o svojih mo\u017enostih za zmago v tej ameri\u0161ki loteriji.\",\"breadcrumb\":{\"@id\":\"https:\/\/lottomat.com\/sl\/loterije\/informacije-o-igri-powerball\/#breadcrumb\"},\"inLanguage\":\"sl-SI\",\"potentialAction\":[{\"@type\":\"ReadAction\",\"target\":[\"https:\/\/lottomat.com\/sl\/loterije\/informacije-o-igri-powerball\/\"]}]},{\"@type\":\"ImageObject\",\"inLanguage\":\"sl-SI\",\"@id\":\"https:\/\/lottomat.com\/sl\/loterije\/informacije-o-igri-powerball\/#primaryimage\",\"url\":\"https:\/\/lottomat.com\/wp-content\/uploads\/2025\/10\/Powerball-jackpot-300x300.webp\",\"contentUrl\":\"https:\/\/lottomat.com\/wp-content\/uploads\/2025\/10\/Powerball-jackpot-300x300.webp\"},{\"@type\":\"BreadcrumbList\",\"@id\":\"https:\/\/lottomat.com\/sl\/loterije\/informacije-o-igri-powerball\/#breadcrumb\",\"itemListElement\":[{\"@type\":\"ListItem\",\"position\":1,\"name\":\"Home\",\"item\":\"https:\/\/lottomat.com\/sl\/\"},{\"@type\":\"ListItem\",\"position\":2,\"name\":\"Pravila loterije: nagrade, jackpot in mo\u017enosti\",\"item\":\"https:\/\/lottomat.com\/sl\/loterije\/\"},{\"@type\":\"ListItem\",\"position\":3,\"name\":\"Nagrade, pravila in jackpot Powerball\"}]},{\"@type\":\"WebSite\",\"@id\":\"https:\/\/lottomat.com\/sl\/#website\",\"url\":\"https:\/\/lottomat.com\/sl\/\",\"name\":\"Lottomat\",\"description\":\"\",\"potentialAction\":[{\"@type\":\"SearchAction\",\"target\":{\"@type\":\"EntryPoint\",\"urlTemplate\":\"https:\/\/lottomat.com\/sl\/?s={search_term_string}\"},\"query-input\":{\"@type\":\"PropertyValueSpecification\",\"valueRequired\":true,\"valueName\":\"search_term_string\"}}],\"inLanguage\":\"sl-SI\"}]}<\/script>\n<!-- \/ Yoast SEO plugin. -->","yoast_head_json":{"title":"Nagrade, pravila in jackpot Powerball \u2013 Lottomat","description":"Preverite nagrade Powerball, jackpot in pravila igranja. Izvejte ve\u010d o svojih mo\u017enostih za zmago v tej ameri\u0161ki loteriji.","robots":{"index":"index","follow":"follow","max-snippet":"max-snippet:-1","max-image-preview":"max-image-preview:large","max-video-preview":"max-video-preview:-1"},"canonical":"https:\/\/lottomat.com\/sl\/loterije\/informacije-o-igri-powerball\/","og_locale":"sl_SI","og_type":"article","og_title":"Nagrade, pravila in jackpot Powerball \u2013 Lottomat","og_description":"Preverite nagrade Powerball, jackpot in pravila igranja. Izvejte ve\u010d o svojih mo\u017enostih za zmago v tej ameri\u0161ki loteriji.","og_url":"https:\/\/lottomat.com\/sl\/loterije\/informacije-o-igri-powerball\/","og_site_name":"Lottomat","article_modified_time":"2026-02-26T10:41:11+00:00","og_image":[{"width":400,"height":400,"url":"https:\/\/lottomat.com\/wp-content\/uploads\/2025\/10\/Powerball-jackpot.webp","type":"image\/webp"}],"twitter_card":"summary_large_image","twitter_misc":{"Est. reading time":"5 minut"},"schema":{"@context":"https:\/\/schema.org","@graph":[{"@type":"WebPage","@id":"https:\/\/lottomat.com\/sl\/loterije\/informacije-o-igri-powerball\/","url":"https:\/\/lottomat.com\/sl\/loterije\/informacije-o-igri-powerball\/","name":"Nagrade, pravila in jackpot Powerball \u2013 Lottomat","isPartOf":{"@id":"https:\/\/lottomat.com\/sl\/#website"},"primaryImageOfPage":{"@id":"https:\/\/lottomat.com\/sl\/loterije\/informacije-o-igri-powerball\/#primaryimage"},"image":{"@id":"https:\/\/lottomat.com\/sl\/loterije\/informacije-o-igri-powerball\/#primaryimage"},"thumbnailUrl":"https:\/\/lottomat.com\/wp-content\/uploads\/2025\/10\/Powerball-jackpot-300x300.webp","datePublished":"2025-03-26T10:16:37+00:00","dateModified":"2026-02-26T10:41:11+00:00","description":"Preverite nagrade Powerball, jackpot in pravila igranja. Izvejte ve\u010d o svojih mo\u017enostih za zmago v tej ameri\u0161ki loteriji.","breadcrumb":{"@id":"https:\/\/lottomat.com\/sl\/loterije\/informacije-o-igri-powerball\/#breadcrumb"},"inLanguage":"sl-SI","potentialAction":[{"@type":"ReadAction","target":["https:\/\/lottomat.com\/sl\/loterije\/informacije-o-igri-powerball\/"]}]},{"@type":"ImageObject","inLanguage":"sl-SI","@id":"https:\/\/lottomat.com\/sl\/loterije\/informacije-o-igri-powerball\/#primaryimage","url":"https:\/\/lottomat.com\/wp-content\/uploads\/2025\/10\/Powerball-jackpot-300x300.webp","contentUrl":"https:\/\/lottomat.com\/wp-content\/uploads\/2025\/10\/Powerball-jackpot-300x300.webp"},{"@type":"BreadcrumbList","@id":"https:\/\/lottomat.com\/sl\/loterije\/informacije-o-igri-powerball\/#breadcrumb","itemListElement":[{"@type":"ListItem","position":1,"name":"Home","item":"https:\/\/lottomat.com\/sl\/"},{"@type":"ListItem","position":2,"name":"Pravila loterije: nagrade, jackpot in mo\u017enosti","item":"https:\/\/lottomat.com\/sl\/loterije\/"},{"@type":"ListItem","position":3,"name":"Nagrade, pravila in jackpot Powerball"}]},{"@type":"WebSite","@id":"https:\/\/lottomat.com\/sl\/#website","url":"https:\/\/lottomat.com\/sl\/","name":"Lottomat","description":"","potentialAction":[{"@type":"SearchAction","target":{"@type":"EntryPoint","urlTemplate":"https:\/\/lottomat.com\/sl\/?s={search_term_string}"},"query-input":{"@type":"PropertyValueSpecification","valueRequired":true,"valueName":"search_term_string"}}],"inLanguage":"sl-SI"}]}},"_links":{"self":[{"href":"https:\/\/lottomat.com\/sl\/wp-json\/wp\/v2\/pages\/10628","targetHints":{"allow":["GET"]}}],"collection":[{"href":"https:\/\/lottomat.com\/sl\/wp-json\/wp\/v2\/pages"}],"about":[{"href":"https:\/\/lottomat.com\/sl\/wp-json\/wp\/v2\/types\/page"}],"author":[{"embeddable":true,"href":"https:\/\/lottomat.com\/sl\/wp-json\/wp\/v2\/users\/1"}],"replies":[{"embeddable":true,"href":"https:\/\/lottomat.com\/sl\/wp-json\/wp\/v2\/comments?post=10628"}],"version-history":[{"count":3,"href":"https:\/\/lottomat.com\/sl\/wp-json\/wp\/v2\/pages\/10628\/revisions"}],"predecessor-version":[{"id":271888,"href":"https:\/\/lottomat.com\/sl\/wp-json\/wp\/v2\/pages\/10628\/revisions\/271888"}],"up":[{"embeddable":true,"href":"https:\/\/lottomat.com\/sl\/wp-json\/wp\/v2\/pages\/6956"}],"wp:attachment":[{"href":"https:\/\/lottomat.com\/sl\/wp-json\/wp\/v2\/media?parent=10628"}],"curies":[{"name":"wp","href":"https:\/\/api.w.org\/{rel}","templated":true}]}}