{"id":10116,"date":"2025-03-26T13:41:46","date_gmt":"2025-03-26T13:41:46","guid":{"rendered":"https:\/\/lottomat.net\/loterija-informacije\/mega-millions-informacije\/"},"modified":"2026-02-26T21:06:31","modified_gmt":"2026-02-26T21:06:31","slug":"mega-millions","status":"publish","type":"page","link":"https:\/\/lottomat.com\/sl\/loterije\/mega-millions\/","title":{"rendered":"Nagrade, pravila in jackpot Mega Millions"},"content":{"rendered":"\n\n<div class=\"kk-star-ratings kksr-auto kksr-align-left kksr-valign-top\"\n    data-payload='{&quot;align&quot;:&quot;left&quot;,&quot;id&quot;:&quot;10116&quot;,&quot;slug&quot;:&quot;default&quot;,&quot;valign&quot;:&quot;top&quot;,&quot;ignore&quot;:&quot;&quot;,&quot;reference&quot;:&quot;auto&quot;,&quot;class&quot;:&quot;&quot;,&quot;count&quot;:&quot;0&quot;,&quot;legendonly&quot;:&quot;&quot;,&quot;readonly&quot;:&quot;&quot;,&quot;score&quot;:&quot;0&quot;,&quot;starsonly&quot;:&quot;&quot;,&quot;best&quot;:&quot;5&quot;,&quot;gap&quot;:&quot;5&quot;,&quot;greet&quot;:&quot;Rate this page&quot;,&quot;legend&quot;:&quot;0\\\/5 - (0 votes)&quot;,&quot;size&quot;:&quot;30&quot;,&quot;title&quot;:&quot;Nagrade, pravila in jackpot Mega Millions&quot;,&quot;width&quot;:&quot;0&quot;,&quot;_legend&quot;:&quot;{score}\\\/{best} - ({count} {votes})&quot;,&quot;font_factor&quot;:&quot;1.25&quot;}'>\n            \n<div class=\"kksr-stars\">\n    \n<div class=\"kksr-stars-inactive\">\n            <div class=\"kksr-star\" data-star=\"1\" style=\"padding-right: 5px\">\n            \n\n<div class=\"kksr-icon\" style=\"width: 30px; height: 30px;\"><\/div>\n        <\/div>\n            <div class=\"kksr-star\" data-star=\"2\" style=\"padding-right: 5px\">\n            \n\n<div class=\"kksr-icon\" style=\"width: 30px; height: 30px;\"><\/div>\n        <\/div>\n            <div class=\"kksr-star\" data-star=\"3\" style=\"padding-right: 5px\">\n            \n\n<div class=\"kksr-icon\" style=\"width: 30px; height: 30px;\"><\/div>\n        <\/div>\n            <div class=\"kksr-star\" data-star=\"4\" style=\"padding-right: 5px\">\n            \n\n<div class=\"kksr-icon\" style=\"width: 30px; height: 30px;\"><\/div>\n        <\/div>\n            <div class=\"kksr-star\" data-star=\"5\" style=\"padding-right: 5px\">\n            \n\n<div class=\"kksr-icon\" style=\"width: 30px; height: 30px;\"><\/div>\n        <\/div>\n    <\/div>\n    \n<div class=\"kksr-stars-active\" style=\"width: 0px;\">\n            <div class=\"kksr-star\" style=\"padding-right: 5px\">\n            \n\n<div class=\"kksr-icon\" style=\"width: 30px; height: 30px;\"><\/div>\n        <\/div>\n            <div class=\"kksr-star\" style=\"padding-right: 5px\">\n            \n\n<div class=\"kksr-icon\" style=\"width: 30px; height: 30px;\"><\/div>\n        <\/div>\n            <div class=\"kksr-star\" style=\"padding-right: 5px\">\n            \n\n<div class=\"kksr-icon\" style=\"width: 30px; height: 30px;\"><\/div>\n        <\/div>\n            <div class=\"kksr-star\" style=\"padding-right: 5px\">\n            \n\n<div class=\"kksr-icon\" style=\"width: 30px; height: 30px;\"><\/div>\n        <\/div>\n            <div class=\"kksr-star\" style=\"padding-right: 5px\">\n            \n\n<div class=\"kksr-icon\" style=\"width: 30px; height: 30px;\"><\/div>\n        <\/div>\n    <\/div>\n<\/div>\n                \n\n<div class=\"kksr-legend\" style=\"font-size: 24px;\">\n            <span class=\"kksr-muted\">Rate this page<\/span>\n    <\/div>\n    <\/div>\n<p><strong>\u017delite osvojiti nagrade in jackpote Mega Millions?<\/strong> Igralci z vsega sveta neprestano razmi\u0161ljajo, kako premagati sistem v \u0161tevil\u010dnih igrah, na katero loterijo staviti, ali igrati v kombinacijah ali se dosledno dr\u017eati ene same igre. \u017dal na to vpra\u0161anje ni enotnega odgovora. Vsak izku\u0161en loterijski igralec ima svoje teorije, prepri\u010danja in navade. Kar pa vsekakor velja storiti, je najprej zbrati \u010dim ve\u010d znanja o razli\u010dnih spletnih loterijah, da bi se ozave\u0161\u010deno odlo\u010dili, v kaj igrati. Vse, kar morate vedeti o najbolj\u0161ih in najpopularnej\u0161ih spletnih igrah na sre\u010do, najdete na spletni strani LottoMat. Tam lahko tudi igrate svojo priljubljeno loterijo ali <a href=\"https:\/\/lottomat.com\/sl\/loterija-rezultati\/\">preverite najnovej\u0161e rezultate \u017erebanj<\/a>. V spodnjem \u010dlanku se bomo osredoto\u010dili na nagrade, pravila in klju\u010dne informacije o Mega Millions.<\/p>\n<h2>Kaj je loterija Mega Millions?<img loading=\"lazy\" decoding=\"async\" class=\"alignright wp-image-253136\" src=\"https:\/\/lottomat.com\/wp-content\/uploads\/2025\/10\/prizes-and-jackpot.webp\" alt=\"nagrade in jackpot\" width=\"200\" height=\"200\" srcset=\"https:\/\/lottomat.com\/wp-content\/uploads\/2025\/10\/prizes-and-jackpot.webp 400w, https:\/\/lottomat.com\/wp-content\/uploads\/2025\/10\/prizes-and-jackpot-300x300.webp 300w, https:\/\/lottomat.com\/wp-content\/uploads\/2025\/10\/prizes-and-jackpot-150x150.webp 150w, https:\/\/lottomat.com\/wp-content\/uploads\/2025\/10\/prizes-and-jackpot-100x100.webp 100w\" sizes=\"auto, (max-width: 200px) 100vw, 200px\" \/><\/h2>\n<p>Mega Millions na spletu je skupaj z igro Powerball najpopularnej\u0161a ameri\u0161ka \u0161tevil\u010dna loterija. Svojo priljubljenost si je prislu\u017eila s preglednimi in enostavnimi pravili, astronomskimi zaslu\u017eki ter predvsem z neverjetnimi mo\u017enostmi za zmago. Vsako \u017erebanje spremljajo nepozabna do\u017eivetja, ob jackpotu Mega Millions pa ne norijo le igralci, temve\u010d tudi tisti, ki v igri sploh ne sodelujejo. Listke za to loterijo kupuje skoraj vsak Ameri\u010dan, tudi tisti, ki sicer niso primarno zainteresirani za igre na sre\u010do. Jackpoti ne navdu\u0161ujejo samo Ameri\u010danov \u2013 igra je priljubljena po vsem svetu. Zahvaljujo\u010d mo\u017enosti <a href=\"https:\/\/lottomat.com\/sl\/igranje-loterije\/igrajte-mega-millions-na-spletu\/\">igranja Mega Millions na spletu<\/a> lahko vsak polnoletni posameznik sodeluje v tej neverjetni loteriji s katerega koli konca sveta.<\/p>\n<h2>Kak\u0161na je zgodovina Mega Millions?<\/h2>\n<p>Ta loterija je bila ustanovljena leta 1996 in se je sprva imenovala The Big Game, \u0161est let kasneje pa je dobila ime, pod katerim jo poznamo danes: Mega Millions. Sprva je bila na voljo le v \u0161estih zveznih dr\u017eavah: Georgii, Marylandu, Illinoisu, Massachusettsu, Virginiji in Michiganu. Danes ima Mega Millions loterijske pisarne v <strong>45 zveznih dr\u017eavah, okro\u017eju Columbia in Devi\u0161kih otokih Zdru\u017eenih dr\u017eav<\/strong>. \u017drebanje loterije Mega Millions poteka vsako <strong>sredo in soboto zve\u010der ob 03:00 UTC<\/strong>, vklju\u010dno z dr\u017eavnimi prazniki, ki jih upo\u0161teva Georgijska loterija. \u017drebanja nagrad Mega Millions in glavnega jackpota potekajo v Georgii, natan\u010dneje v Atlanti.<\/p>\n<h2><img loading=\"lazy\" decoding=\"async\" class=\"alignleft wp-image-253166\" src=\"https:\/\/lottomat.com\/wp-content\/uploads\/2025\/10\/Mega-Millions-jackpot.webp\" alt=\"jackpot Mega Millions\" width=\"200\" height=\"200\" srcset=\"https:\/\/lottomat.com\/wp-content\/uploads\/2025\/10\/Mega-Millions-jackpot.webp 400w, https:\/\/lottomat.com\/wp-content\/uploads\/2025\/10\/Mega-Millions-jackpot-300x300.webp 300w, https:\/\/lottomat.com\/wp-content\/uploads\/2025\/10\/Mega-Millions-jackpot-150x150.webp 150w, https:\/\/lottomat.com\/wp-content\/uploads\/2025\/10\/Mega-Millions-jackpot-100x100.webp 100w\" sizes=\"auto, (max-width: 200px) 100vw, 200px\" \/>Kak\u0161na so pravila Mega Millions?<\/h2>\n<p>Trenutna pravila Mega Millions so preprosta, podobna tistim v drugih loterijah. Za igranje izberete <strong>pet \u0161tevilk iz nabora 70 \u0161tevilk<\/strong> in eno dodatno \u0161tevilko (imenovano Mega Ball) iz <strong>nabora 24 zlatih kroglic<\/strong>. Dodatna \u0161tevilka se imenuje Mega Ball in se \u017ereba iz drugega nabora \u0161tevilk, kar pomeni, da se lahko ujema z eno od glavnih izvle\u010denih \u0161tevilk.<\/p>\n<h3>Klju\u010dne spremembe v letu 2025<\/h3>\n<ul class=\"list\">\n<li><strong>Cena listka:<\/strong> Zdaj stane 5 $ za igro (pove\u010danje s 2 $)<\/li>\n<li><strong>Vgrajen mno\u017eitelj:<\/strong> Vsak listek samodejno vklju\u010duje mno\u017eitelj (2X, 3X, 4X, 5X ali 10X)<\/li>\n<li><strong>Za\u010detni jackpot:<\/strong> Pove\u010dan z 20 milijonov na 50 milijonov $<\/li>\n<li><strong>Bolj\u0161e mo\u017enosti:<\/strong> Mo\u017enosti za jackpot so se izbolj\u0161ale s 1 : 302.575.350 na 1 : 290.472.336<\/li>\n<li><strong>Nabor Mega Ball:<\/strong> Zmanj\u0161an s 25 na 24 \u0161tevilk<\/li>\n<\/ul>\n<p><strong>Pravilno ugotovljenih vseh \u0161est \u0161tevilk<\/strong> vam prinese glavno nagrado. <strong>Nagrade druge ravni se gibljejo med 2 milijonoma in 10 milijoni $<\/strong> (odvisno od mno\u017eitelja), pridobite pa jih z ugotovitvijo petih osnovnih \u0161tevilk iz ve\u010djega nabora. <strong>Kolosalne razlike lo\u010dijo<\/strong> prvo in drugo raven nagrad Mega Millions! \u010ce se po \u017erebanju izka\u017ee, da nih\u010de ni ugotovil vseh loterijskih \u0161tevilk, pride do prenosa jackpota. Jackpot pri prenosu Mega Millions lahko dose\u017ee neverjetno visoke zneske. Nakup loterijskih listkov za Mega Millions na spletu je v \u010dasu prenosa jackpota \u0161e posebej priporo\u010dljiv.<\/p>\n<h2>Kateri so najve\u010dji jackpoti Mega Millions v zgodovini?<img loading=\"lazy\" decoding=\"async\" class=\"alignright wp-image-253196\" src=\"https:\/\/lottomat.com\/wp-content\/uploads\/2025\/10\/rules-of-playing.webp\" alt=\"pravila igranja\" width=\"200\" height=\"200\" srcset=\"https:\/\/lottomat.com\/wp-content\/uploads\/2025\/10\/rules-of-playing.webp 400w, https:\/\/lottomat.com\/wp-content\/uploads\/2025\/10\/rules-of-playing-300x300.webp 300w, https:\/\/lottomat.com\/wp-content\/uploads\/2025\/10\/rules-of-playing-150x150.webp 150w, https:\/\/lottomat.com\/wp-content\/uploads\/2025\/10\/rules-of-playing-100x100.webp 100w\" sizes=\"auto, (max-width: 200px) 100vw, 200px\" \/><\/h2>\n<p>Pet najve\u010djih jackpotov Mega Millions, ki so bili kdaj koli osvoj eni, je:<\/p>\n<ol class=\"list\">\n<li><strong>1,602 milijarde $<\/strong> (8. avgusta 2023) \u2013 Osvojeno na Floridi<\/li>\n<li><strong>1,537 milijarde $<\/strong> (23. oktobra 2018) \u2013 Osvojeno v Ju\u017eni Karolini<\/li>\n<li><strong>1,35 milijarde $<\/strong> (13. januarja 2023) \u2013 Osvojeno v Maineu<\/li>\n<li><strong>1,337 milijarde $<\/strong> (29. julija 2022) \u2013 Osvojeno v Illinoisu<\/li>\n<li><strong>1,22 milijarde $<\/strong> (27. decembra 2024) \u2013 Osvojeno v Kaliforniji<\/li>\n<\/ol>\n<p>Ti rekordni jackpoti dokazujejo neverjetni potencial prenosov jackpota Mega Millions in ka\u017eejo, da je ta igra ustvarila nekatere najve\u010dje loterijske nagrade v svetovni zgodovini.<\/p>\n<h2>Kak\u0161no tveganje prina\u0161a igranje Mega Millions?<\/h2>\n<p>Pogosto pravijo, da ni zabave brez tveganja, in to dr\u017ei. Ko gre za Mega Millions, ta pregovor dobi poseben pomen. Tveganje je \u017eal veliko. Mo\u017enosti za zmago jackpota Mega Millions z vsemi \u0161estimi pravilno ugotovljenimi \u0161tevilkami zna\u0161ajo <strong>1 : 290.472.336<\/strong> (stanje v letu 2025). Tako skromna verjetnost morda odvrne marsikatere igralce, a Mega Millions ima svoje zveste navdu\u0161ence. Tveganje je nedvomno visoko, toda odlo\u010ditev zanj se vam lahko bogato obrestuje. Mega Millions je igra za drzne igralce, ki radi igrajo odlo\u010dno in ciljajo na milijone. Tisti, ki raje igrajo varno in se izogibajo visokim tveganjem, najverjetneje ne bodo navdu\u0161eni nad Mega Millions. Na sre\u010do na <a href=\"https:\/\/lottomat.com\/sl\/\">spletni strani LottoMat<\/a> vsak posameznik lahko najde spletno loterijo, ki mu najbolj ustreza.<\/p>\n<h2><img loading=\"lazy\" decoding=\"async\" class=\"alignleft wp-image-253226\" src=\"https:\/\/lottomat.com\/wp-content\/uploads\/2025\/10\/Mega-Millions-rules.webp\" alt=\"pravila Mega Millions\" width=\"200\" height=\"200\" srcset=\"https:\/\/lottomat.com\/wp-content\/uploads\/2025\/10\/Mega-Millions-rules.webp 400w, https:\/\/lottomat.com\/wp-content\/uploads\/2025\/10\/Mega-Millions-rules-300x300.webp 300w, https:\/\/lottomat.com\/wp-content\/uploads\/2025\/10\/Mega-Millions-rules-150x150.webp 150w, https:\/\/lottomat.com\/wp-content\/uploads\/2025\/10\/Mega-Millions-rules-100x100.webp 100w\" sizes=\"auto, (max-width: 200px) 100vw, 200px\" \/>Kak\u0161ne so nagrade Mega Millions in koliko lahko zaslu\u017eite?<\/h2>\n<p>Zajam\u010dena vrednost nagrade prve ravni je zdaj <strong>50 milijonov $<\/strong> kot za\u010detni jackpot, kar je ob\u010dutno pove\u010danje glede na prej\u0161njih 15 milijonov in poznej\u0161ih 20 milijonov $. Ta sprememba je igro naredila \u0161e bolj vznemirljivo in privla\u010dno za igralce. Mega Millions ponuja devet razli\u010dnih nagradnih ravni, od ujemanja le z Mega Ballom do zadetka polnega jackpota. Format iz leta 2025 vklju\u010duje <strong>vgrajeno funkcijo mno\u017eitelja<\/strong>, ki lahko nagrade, ki niso jackpot, pove\u010da za 2-, 3-, 4-, 5- ali 10-kratnik osnovnega zneska. To pomeni, da tudi manj\u0161e zmage lahko postanejo znatne nagrade. Nagrada druge ravni (ujemanje petih glavnih \u0161tevilk brez Mega Balla) se zdaj lahko giblje med <strong>2 milijonoma in 10 milijoni $<\/strong>, odvisno od izvle\u010denega mno\u017eitelja. Vsi drugi nagradni razredi prav tako koristijo od te samodejne funkcije mno\u017eenja, kar vsak listek naredi potencialno vrednej\u0161ega kot kdaj koli prej.<\/p>\n<h2>Kdo lahko igra Mega Millions in osvoji nagrade?<\/h2>\n<p>\u010ce ste v Zdru\u017eenih dr\u017eavah, lahko kupite listek v stacionarni loterijski pisarni. \u010ce pa ste zunaj ZDA, lahko uporabite spletno stran LottoMat, ki omogo\u010da nakup listkov. Preprosto povedano, Mega Millions lahko igra <strong>vsak s dostopom do interneta, ki je polnoleten<\/strong>, torej starej\u0161i od osemnajst let. Danes imajo igralci po vsem svetu privilegij, da z enim klikom oddajo listek za katero koli loterijo, izpolnijo toliko listkov, kot \u017eelijo, in to storijo s katerega koli konca sveta. Brez \u010dakanja v vrstah, brez iskanja loterijske pisarne, mirno, brez stresa in naglice pri izbiri \u0161tevilk. Na spletni strani LottoMat imate mo\u017enost ne le igrati Mega Millions, temve\u010d tudi spoznati loterijska \u017erebanja, se nau\u010diti, kako igrati za zmago, in <a href=\"https:\/\/lottomat.com\/sl\/loterija-rezultati\/rezultati-igre-mega-millions\/\">preveriti najnovej\u0161e rezultate loterije Mega Millions<\/a>.<\/p>\n<h2>Kak\u0161ne so va\u0161e mo\u017enosti za zmago pri Mega Millions?<img loading=\"lazy\" decoding=\"async\" class=\"alignright wp-image-253256\" src=\"https:\/\/lottomat.com\/wp-content\/uploads\/2025\/10\/Mega-Millions-prizes.webp\" alt=\"nagrade Mega Millions\" width=\"200\" height=\"200\" srcset=\"https:\/\/lottomat.com\/wp-content\/uploads\/2025\/10\/Mega-Millions-prizes.webp 400w, https:\/\/lottomat.com\/wp-content\/uploads\/2025\/10\/Mega-Millions-prizes-300x300.webp 300w, https:\/\/lottomat.com\/wp-content\/uploads\/2025\/10\/Mega-Millions-prizes-150x150.webp 150w, https:\/\/lottomat.com\/wp-content\/uploads\/2025\/10\/Mega-Millions-prizes-100x100.webp 100w\" sizes=\"auto, (max-width: 200px) 100vw, 200px\" \/><\/h2>\n<p>Skupne mo\u017enosti za zmago katere koli nagrade v Mega Millions zna\u0161ajo <strong>1 : 23<\/strong> (izbolj\u0161anje s 1 : 24 v letu 2025). \u010ceprav so mo\u017enosti za jackpot astronomske, obstaja ve\u010d nagradnih ravni, ki ponujajo bolj\u0161e mo\u017enosti za osvajanje manj\u0161ih zneskov. <strong>Ne pozabite:<\/strong> Vsako \u017erebanje je naklju\u010dno in vsaka kombinacija \u0161tevilk ima enako mo\u017enost, da bo izbrana, kot katera koli druga. Vgrajena funkcija mno\u017eitelja v letu 2025 zagotavlja, da so lahko tudi nagrade, ki niso jackpot, znatne \u2013 z mo\u017enostjo osvajanja do <strong>desetkratnika<\/strong> osnovnega zneska nagrade. Ob jackpotih, ki redno presegajo stotine milijonov in ob\u010dasno prebijejo mejo milijarde dolarjev, Mega Millions tako igralcem po vsej dr\u017eavi kot po vsem svetu \u0161e naprej ponuja sanje o takoj\u0161njem bogastvu.<\/p>\n<h2>Tabela nagrad in mo\u017enosti Mega Millions<\/h2>\n","protected":false},"excerpt":{"rendered":"<p>\u017delite osvojiti nagrade in jackpote Mega Millions? Igralci z vsega sveta neprestano razmi\u0161ljajo, kako premagati sistem v \u0161tevil\u010dnih igrah, na katero loterijo staviti, ali igrati v kombinacijah ali se dosledno dr\u017eati ene same igre. \u017dal na to vpra\u0161anje ni enotnega odgovora. Vsak izku\u0161en loterijski igralec ima svoje teorije, prepri\u010danja in navade. Kar pa vsekakor velja [&hellip;]<\/p>\n","protected":false},"author":2,"featured_media":0,"parent":6956,"menu_order":2,"comment_status":"closed","ping_status":"closed","template":"megamillion-info.php","meta":{"_et_pb_use_builder":"","_et_pb_old_content":"","_et_gb_content_width":"","exclude_from_search":false,"footnotes":""},"class_list":["post-10116","page","type-page","status-publish","hentry"],"yoast_head":"<!-- This site is optimized with the Yoast SEO plugin v23.8 - https:\/\/yoast.com\/wordpress\/plugins\/seo\/ -->\n<title>Nagrade, pravila in jackpot Mega Millions - Lotomat<\/title>\n<meta name=\"description\" content=\"Imate prilo\u017enost osvojiti nagrade in jackpot Mega Millions. Mega Millions je neverjetna loterija, v kateri jackpoti noro rastejo.\" \/>\n<meta name=\"robots\" content=\"index, follow, max-snippet:-1, max-image-preview:large, max-video-preview:-1\" \/>\n<link rel=\"canonical\" href=\"https:\/\/lottomat.com\/sl\/loterije\/mega-millions\/\" \/>\n<meta property=\"og:locale\" content=\"sl_SI\" \/>\n<meta property=\"og:type\" content=\"article\" \/>\n<meta property=\"og:title\" content=\"Nagrade, pravila in jackpot Mega Millions - Lotomat\" \/>\n<meta property=\"og:description\" content=\"Imate prilo\u017enost osvojiti nagrade in jackpot Mega Millions. Mega Millions je neverjetna loterija, v kateri jackpoti noro rastejo.\" \/>\n<meta property=\"og:url\" content=\"https:\/\/lottomat.com\/sl\/loterije\/mega-millions\/\" \/>\n<meta property=\"og:site_name\" content=\"Lottomat\" \/>\n<meta property=\"article:modified_time\" content=\"2026-02-26T21:06:31+00:00\" \/>\n<meta property=\"og:image\" content=\"https:\/\/lottomat.com\/wp-content\/uploads\/2025\/10\/prizes-and-jackpot.webp\" \/>\n\t<meta property=\"og:image:width\" content=\"400\" \/>\n\t<meta property=\"og:image:height\" content=\"400\" \/>\n\t<meta property=\"og:image:type\" content=\"image\/webp\" \/>\n<meta name=\"twitter:card\" content=\"summary_large_image\" \/>\n<meta name=\"twitter:label1\" content=\"Est. reading time\" \/>\n\t<meta name=\"twitter:data1\" content=\"7 minut\" \/>\n<script type=\"application\/ld+json\" class=\"yoast-schema-graph\">{\"@context\":\"https:\/\/schema.org\",\"@graph\":[{\"@type\":\"WebPage\",\"@id\":\"https:\/\/lottomat.com\/sl\/loterije\/mega-millions\/\",\"url\":\"https:\/\/lottomat.com\/sl\/loterije\/mega-millions\/\",\"name\":\"Nagrade, pravila in jackpot Mega Millions - Lotomat\",\"isPartOf\":{\"@id\":\"https:\/\/lottomat.com\/sl\/#website\"},\"primaryImageOfPage\":{\"@id\":\"https:\/\/lottomat.com\/sl\/loterije\/mega-millions\/#primaryimage\"},\"image\":{\"@id\":\"https:\/\/lottomat.com\/sl\/loterije\/mega-millions\/#primaryimage\"},\"thumbnailUrl\":\"https:\/\/lottomat.com\/wp-content\/uploads\/2025\/10\/prizes-and-jackpot.webp\",\"datePublished\":\"2025-03-26T13:41:46+00:00\",\"dateModified\":\"2026-02-26T21:06:31+00:00\",\"description\":\"Imate prilo\u017enost osvojiti nagrade in jackpot Mega Millions. Mega Millions je neverjetna loterija, v kateri jackpoti noro rastejo.\",\"breadcrumb\":{\"@id\":\"https:\/\/lottomat.com\/sl\/loterije\/mega-millions\/#breadcrumb\"},\"inLanguage\":\"sl-SI\",\"potentialAction\":[{\"@type\":\"ReadAction\",\"target\":[\"https:\/\/lottomat.com\/sl\/loterije\/mega-millions\/\"]}]},{\"@type\":\"ImageObject\",\"inLanguage\":\"sl-SI\",\"@id\":\"https:\/\/lottomat.com\/sl\/loterije\/mega-millions\/#primaryimage\",\"url\":\"https:\/\/lottomat.com\/wp-content\/uploads\/2025\/10\/prizes-and-jackpot.webp\",\"contentUrl\":\"https:\/\/lottomat.com\/wp-content\/uploads\/2025\/10\/prizes-and-jackpot.webp\"},{\"@type\":\"BreadcrumbList\",\"@id\":\"https:\/\/lottomat.com\/sl\/loterije\/mega-millions\/#breadcrumb\",\"itemListElement\":[{\"@type\":\"ListItem\",\"position\":1,\"name\":\"Home\",\"item\":\"https:\/\/lottomat.com\/sl\/\"},{\"@type\":\"ListItem\",\"position\":2,\"name\":\"Pravila loterije: nagrade, jackpot in mo\u017enosti\",\"item\":\"https:\/\/lottomat.com\/sl\/loterije\/\"},{\"@type\":\"ListItem\",\"position\":3,\"name\":\"Nagrade, pravila in jackpot Mega Millions\"}]},{\"@type\":\"WebSite\",\"@id\":\"https:\/\/lottomat.com\/sl\/#website\",\"url\":\"https:\/\/lottomat.com\/sl\/\",\"name\":\"Lottomat\",\"description\":\"\",\"potentialAction\":[{\"@type\":\"SearchAction\",\"target\":{\"@type\":\"EntryPoint\",\"urlTemplate\":\"https:\/\/lottomat.com\/sl\/?s={search_term_string}\"},\"query-input\":{\"@type\":\"PropertyValueSpecification\",\"valueRequired\":true,\"valueName\":\"search_term_string\"}}],\"inLanguage\":\"sl-SI\"}]}<\/script>\n<!-- \/ Yoast SEO plugin. -->","yoast_head_json":{"title":"Nagrade, pravila in jackpot Mega Millions - Lotomat","description":"Imate prilo\u017enost osvojiti nagrade in jackpot Mega Millions. Mega Millions je neverjetna loterija, v kateri jackpoti noro rastejo.","robots":{"index":"index","follow":"follow","max-snippet":"max-snippet:-1","max-image-preview":"max-image-preview:large","max-video-preview":"max-video-preview:-1"},"canonical":"https:\/\/lottomat.com\/sl\/loterije\/mega-millions\/","og_locale":"sl_SI","og_type":"article","og_title":"Nagrade, pravila in jackpot Mega Millions - Lotomat","og_description":"Imate prilo\u017enost osvojiti nagrade in jackpot Mega Millions. Mega Millions je neverjetna loterija, v kateri jackpoti noro rastejo.","og_url":"https:\/\/lottomat.com\/sl\/loterije\/mega-millions\/","og_site_name":"Lottomat","article_modified_time":"2026-02-26T21:06:31+00:00","og_image":[{"width":400,"height":400,"url":"https:\/\/lottomat.com\/wp-content\/uploads\/2025\/10\/prizes-and-jackpot.webp","type":"image\/webp"}],"twitter_card":"summary_large_image","twitter_misc":{"Est. reading time":"7 minut"},"schema":{"@context":"https:\/\/schema.org","@graph":[{"@type":"WebPage","@id":"https:\/\/lottomat.com\/sl\/loterije\/mega-millions\/","url":"https:\/\/lottomat.com\/sl\/loterije\/mega-millions\/","name":"Nagrade, pravila in jackpot Mega Millions - Lotomat","isPartOf":{"@id":"https:\/\/lottomat.com\/sl\/#website"},"primaryImageOfPage":{"@id":"https:\/\/lottomat.com\/sl\/loterije\/mega-millions\/#primaryimage"},"image":{"@id":"https:\/\/lottomat.com\/sl\/loterije\/mega-millions\/#primaryimage"},"thumbnailUrl":"https:\/\/lottomat.com\/wp-content\/uploads\/2025\/10\/prizes-and-jackpot.webp","datePublished":"2025-03-26T13:41:46+00:00","dateModified":"2026-02-26T21:06:31+00:00","description":"Imate prilo\u017enost osvojiti nagrade in jackpot Mega Millions. Mega Millions je neverjetna loterija, v kateri jackpoti noro rastejo.","breadcrumb":{"@id":"https:\/\/lottomat.com\/sl\/loterije\/mega-millions\/#breadcrumb"},"inLanguage":"sl-SI","potentialAction":[{"@type":"ReadAction","target":["https:\/\/lottomat.com\/sl\/loterije\/mega-millions\/"]}]},{"@type":"ImageObject","inLanguage":"sl-SI","@id":"https:\/\/lottomat.com\/sl\/loterije\/mega-millions\/#primaryimage","url":"https:\/\/lottomat.com\/wp-content\/uploads\/2025\/10\/prizes-and-jackpot.webp","contentUrl":"https:\/\/lottomat.com\/wp-content\/uploads\/2025\/10\/prizes-and-jackpot.webp"},{"@type":"BreadcrumbList","@id":"https:\/\/lottomat.com\/sl\/loterije\/mega-millions\/#breadcrumb","itemListElement":[{"@type":"ListItem","position":1,"name":"Home","item":"https:\/\/lottomat.com\/sl\/"},{"@type":"ListItem","position":2,"name":"Pravila loterije: nagrade, jackpot in mo\u017enosti","item":"https:\/\/lottomat.com\/sl\/loterije\/"},{"@type":"ListItem","position":3,"name":"Nagrade, pravila in jackpot Mega Millions"}]},{"@type":"WebSite","@id":"https:\/\/lottomat.com\/sl\/#website","url":"https:\/\/lottomat.com\/sl\/","name":"Lottomat","description":"","potentialAction":[{"@type":"SearchAction","target":{"@type":"EntryPoint","urlTemplate":"https:\/\/lottomat.com\/sl\/?s={search_term_string}"},"query-input":{"@type":"PropertyValueSpecification","valueRequired":true,"valueName":"search_term_string"}}],"inLanguage":"sl-SI"}]}},"_links":{"self":[{"href":"https:\/\/lottomat.com\/sl\/wp-json\/wp\/v2\/pages\/10116","targetHints":{"allow":["GET"]}}],"collection":[{"href":"https:\/\/lottomat.com\/sl\/wp-json\/wp\/v2\/pages"}],"about":[{"href":"https:\/\/lottomat.com\/sl\/wp-json\/wp\/v2\/types\/page"}],"author":[{"embeddable":true,"href":"https:\/\/lottomat.com\/sl\/wp-json\/wp\/v2\/users\/2"}],"replies":[{"embeddable":true,"href":"https:\/\/lottomat.com\/sl\/wp-json\/wp\/v2\/comments?post=10116"}],"version-history":[{"count":3,"href":"https:\/\/lottomat.com\/sl\/wp-json\/wp\/v2\/pages\/10116\/revisions"}],"predecessor-version":[{"id":271879,"href":"https:\/\/lottomat.com\/sl\/wp-json\/wp\/v2\/pages\/10116\/revisions\/271879"}],"up":[{"embeddable":true,"href":"https:\/\/lottomat.com\/sl\/wp-json\/wp\/v2\/pages\/6956"}],"wp:attachment":[{"href":"https:\/\/lottomat.com\/sl\/wp-json\/wp\/v2\/media?parent=10116"}],"curies":[{"name":"wp","href":"https:\/\/api.w.org\/{rel}","templated":true}]}}