{"id":9522,"date":"2025-03-26T08:35:10","date_gmt":"2025-03-26T08:35:10","guid":{"rendered":"https:\/\/lottomat.net\/hrat-loteriu\/hrat-superenalotto-online\/"},"modified":"2026-01-01T19:04:37","modified_gmt":"2026-01-01T19:04:37","slug":"superenalotto","status":"publish","type":"page","link":"https:\/\/lottomat.com\/sk\/hraj\/superenalotto\/","title":{"rendered":"SuperEnalotto Online &#8211; Kup\u00f3ny SuperEnalotto"},"content":{"rendered":"\n\n<div class=\"kk-star-ratings kksr-auto kksr-align-left kksr-valign-top\"\n    data-payload='{&quot;align&quot;:&quot;left&quot;,&quot;id&quot;:&quot;9522&quot;,&quot;slug&quot;:&quot;default&quot;,&quot;valign&quot;:&quot;top&quot;,&quot;ignore&quot;:&quot;&quot;,&quot;reference&quot;:&quot;auto&quot;,&quot;class&quot;:&quot;&quot;,&quot;count&quot;:&quot;0&quot;,&quot;legendonly&quot;:&quot;&quot;,&quot;readonly&quot;:&quot;&quot;,&quot;score&quot;:&quot;0&quot;,&quot;starsonly&quot;:&quot;&quot;,&quot;best&quot;:&quot;5&quot;,&quot;gap&quot;:&quot;5&quot;,&quot;greet&quot;:&quot;Rate this page&quot;,&quot;legend&quot;:&quot;0\\\/5 - (0 votes)&quot;,&quot;size&quot;:&quot;30&quot;,&quot;title&quot;:&quot;SuperEnalotto Online - Kup\u00f3ny SuperEnalotto&quot;,&quot;width&quot;:&quot;0&quot;,&quot;_legend&quot;:&quot;{score}\\\/{best} - ({count} {votes})&quot;,&quot;font_factor&quot;:&quot;1.25&quot;}'>\n            \n<div class=\"kksr-stars\">\n    \n<div class=\"kksr-stars-inactive\">\n            <div class=\"kksr-star\" data-star=\"1\" style=\"padding-right: 5px\">\n            \n\n<div class=\"kksr-icon\" style=\"width: 30px; height: 30px;\"><\/div>\n        <\/div>\n            <div class=\"kksr-star\" data-star=\"2\" style=\"padding-right: 5px\">\n            \n\n<div class=\"kksr-icon\" style=\"width: 30px; height: 30px;\"><\/div>\n        <\/div>\n            <div class=\"kksr-star\" data-star=\"3\" style=\"padding-right: 5px\">\n            \n\n<div class=\"kksr-icon\" style=\"width: 30px; height: 30px;\"><\/div>\n        <\/div>\n            <div class=\"kksr-star\" data-star=\"4\" style=\"padding-right: 5px\">\n            \n\n<div class=\"kksr-icon\" style=\"width: 30px; height: 30px;\"><\/div>\n        <\/div>\n            <div class=\"kksr-star\" data-star=\"5\" style=\"padding-right: 5px\">\n            \n\n<div class=\"kksr-icon\" style=\"width: 30px; height: 30px;\"><\/div>\n        <\/div>\n    <\/div>\n    \n<div class=\"kksr-stars-active\" style=\"width: 0px;\">\n            <div class=\"kksr-star\" style=\"padding-right: 5px\">\n            \n\n<div class=\"kksr-icon\" style=\"width: 30px; height: 30px;\"><\/div>\n        <\/div>\n            <div class=\"kksr-star\" style=\"padding-right: 5px\">\n            \n\n<div class=\"kksr-icon\" style=\"width: 30px; height: 30px;\"><\/div>\n        <\/div>\n            <div class=\"kksr-star\" style=\"padding-right: 5px\">\n            \n\n<div class=\"kksr-icon\" style=\"width: 30px; height: 30px;\"><\/div>\n        <\/div>\n            <div class=\"kksr-star\" style=\"padding-right: 5px\">\n            \n\n<div class=\"kksr-icon\" style=\"width: 30px; height: 30px;\"><\/div>\n        <\/div>\n            <div class=\"kksr-star\" style=\"padding-right: 5px\">\n            \n\n<div class=\"kksr-icon\" style=\"width: 30px; height: 30px;\"><\/div>\n        <\/div>\n    <\/div>\n<\/div>\n                \n\n<div class=\"kksr-legend\" style=\"font-size: 24px;\">\n            <span class=\"kksr-muted\">Rate this page<\/span>\n    <\/div>\n    <\/div>\n<h2><img loading=\"lazy\" decoding=\"async\" class=\"alignleft wp-image-252554\" src=\"https:\/\/lottomat.com\/wp-content\/uploads\/2025\/10\/Italian-lottery-online-300x300.webp\" alt=\"Talianska lot\u00e9ria online\" width=\"200\" height=\"200\" srcset=\"https:\/\/lottomat.com\/wp-content\/uploads\/2025\/10\/Italian-lottery-online-300x300.webp 300w, https:\/\/lottomat.com\/wp-content\/uploads\/2025\/10\/Italian-lottery-online-150x150.webp 150w, https:\/\/lottomat.com\/wp-content\/uploads\/2025\/10\/Italian-lottery-online-100x100.webp 100w, https:\/\/lottomat.com\/wp-content\/uploads\/2025\/10\/Italian-lottery-online.webp 400w\" sizes=\"auto, (max-width: 200px) 100vw, 200px\" \/>\u010co je SuperEnalotto?<\/h2>\n<p><strong>SuperEnalotto je najob\u013e\u00fabenej\u0161ia a najprest\u00ed\u017enej\u0161ia lot\u00e9ria v Taliansku<\/strong>, zn\u00e1ma t\u00fdm, \u017ee pon\u00faka niektor\u00e9 z najv\u00e4\u010d\u0161\u00edch jackpotov v hist\u00f3rii eur\u00f3pskych lot\u00e9ri\u00ed. T\u00e1to legend\u00e1rna talianska hra fascinuje hr\u00e1\u010dov u\u017e od roku 1997 svoj\u00edm jedine\u010dn\u00fdm form\u00e1tom a mimoriadnym potenci\u00e1lom v\u00fdhier. <strong>\u017drebovania SuperEnalotto sa konaj\u00fa trikr\u00e1t t\u00fd\u017edenne<\/strong> \u2013 v utorok, vo \u0161tvrtok a v sobotu \u2013 \u010do hr\u00e1\u010dom pon\u00faka viacero pr\u00edle\u017eitost\u00ed vyhra\u0165 sumy, ktor\u00e9 m\u00f4\u017eu zmeni\u0165 ich \u017eivot. To, \u010do t\u00fato taliansku lot\u00e9riu odli\u0161uje, je absencia limitu jackpotu \u2013 v\u00fdhra sa m\u00f4\u017ee navy\u0161ova\u0165 donekone\u010dna, a\u017e k\u00fdm ju niekto nez\u00edska, \u010dasto dosahuj\u00fac astronomick\u00e9 \u010diastky, ktor\u00e9 up\u00fatavaj\u00fa pozornos\u0165 cel\u00e9ho sveta. Chcete si zahra\u0165 SuperEnalotto online? Po\u010fme sa o tom dozvedie\u0165 viac!<\/p>\n<h2><img loading=\"lazy\" decoding=\"async\" class=\"alignright wp-image-252584\" src=\"https:\/\/lottomat.com\/wp-content\/uploads\/2025\/10\/play-SuperEnalotto-300x300.webp\" alt=\"hraj SuperEnalotto\" width=\"200\" height=\"200\" srcset=\"https:\/\/lottomat.com\/wp-content\/uploads\/2025\/10\/play-SuperEnalotto-300x300.webp 300w, https:\/\/lottomat.com\/wp-content\/uploads\/2025\/10\/play-SuperEnalotto-150x150.webp 150w, https:\/\/lottomat.com\/wp-content\/uploads\/2025\/10\/play-SuperEnalotto-100x100.webp 100w, https:\/\/lottomat.com\/wp-content\/uploads\/2025\/10\/play-SuperEnalotto.webp 400w\" sizes=\"auto, (max-width: 200px) 100vw, 200px\" \/>Ako hra\u0165 SuperEnalotto online?<\/h2>\n<p><strong>Hra\u0165 SuperEnalotto online cez LottoMat je neuverite\u013ene pohodln\u00e9 a pr\u00edstupn\u00e9 z ktor\u00e9hoko\u013evek miesta na svete, kedyko\u013evek<\/strong>. Proces je jednoduch\u00fd a pou\u017e\u00edvate\u013esky pr\u00edvetiv\u00fd \u2013 sta\u010d\u00ed sa zaregistrova\u0165 na <a href=\"https:\/\/lottomat.com\/sk\/\">webovej str\u00e1nke LottoMat<\/a>, vybra\u0165 si svoje \u0161\u0165astn\u00e9 \u010d\u00edsla a zak\u00fapi\u0165 kup\u00f3ny online bez potreby opusti\u0165 domov. <strong>\u010c\u00edsla si m\u00f4\u017eete zvoli\u0165 ru\u010dne pod\u013ea vlastnej strat\u00e9gie alebo pou\u017ei\u0165 mo\u017enos\u0165 Quick Pick na n\u00e1hodn\u00fd v\u00fdber<\/strong>. T\u00e1to flexibilita umo\u017e\u0148uje strategick\u00fdm hr\u00e1\u010dom aj t\u00fdm, ktor\u00ed sa spoliehaj\u00fa na \u0161\u0165astie, vychutna\u0165 si nap\u00e4tie najzn\u00e1mej\u0161ej talianskej lot\u00e9rie. Online hranie odstr\u00e1ni geografick\u00e9 obmedzenia, \u010do umo\u017e\u0148uje hr\u00e1\u010dom z cel\u00e9ho sveta zapoji\u0165 sa do jednej z najvzru\u0161uj\u00facej\u0161\u00edch eur\u00f3pskych hier.<\/p>\n<h2>Ako k\u00fapi\u0165 kup\u00f3ny SuperEnalotto online?<\/h2>\n<p><strong>N\u00e1kup kup\u00f3nov SuperEnalotto online si vy\u017eaduje pou\u017eitie preferovanej platobnej met\u00f3dy prostredn\u00edctvom bezpe\u010dnej platformy LottoMat<\/strong>. V\u0161etky kup\u00f3ny s\u00fa dostupn\u00e9 na webovej str\u00e1nke LottoMat, tak\u017ee nikdy nezme\u0161k\u00e1te \u017erebovanie. <strong>Zaru\u010dujeme pravos\u0165 va\u0161ej \u00fa\u010dasti skenovan\u00edm origin\u00e1lnych kup\u00f3nov zak\u00fapen\u00fdch na\u0161imi licencovan\u00fdmi agentmi priamo v Taliansku<\/strong>. Tento proces zaru\u010duje, \u017ee <a href=\"https:\/\/lottomat.com\/sk\/hrat-loteriu\/\">va\u0161e online lot\u00e9riov\u00e9 kup\u00f3ny<\/a> s\u00fa podlo\u017een\u00e9 skuto\u010dn\u00fdmi, fyzick\u00fdmi kup\u00f3nmi zak\u00fapen\u00fdmi u autorizovan\u00fdch talianskych predajcov. Digit\u00e1lne k\u00f3pie va\u0161ich kup\u00f3nov s\u00fa bezpe\u010dne ulo\u017een\u00e9 vo va\u0161om \u00fa\u010dte, \u010do v\u00e1m poskytuje \u00fapln\u00fa transparentnos\u0165 a bezpe\u010dnos\u0165 va\u0161ich lot\u00e9riov\u00fdch invest\u00edci\u00ed. Tento syst\u00e9m sp\u00e1ja pohodlie online hrania s d\u00f4veryhodnos\u0165ou tradi\u010dn\u00e9ho n\u00e1kupu kup\u00f3nov.<\/p>\n<h2><img loading=\"lazy\" decoding=\"async\" class=\"wp-image-252614 alignleft\" src=\"https:\/\/lottomat.com\/wp-content\/uploads\/2025\/10\/SuperEnalotto-online-300x300.webp\" alt=\"SuperEnalotto online\" width=\"200\" height=\"200\" srcset=\"https:\/\/lottomat.com\/wp-content\/uploads\/2025\/10\/SuperEnalotto-online-300x300.webp 300w, https:\/\/lottomat.com\/wp-content\/uploads\/2025\/10\/SuperEnalotto-online-150x150.webp 150w, https:\/\/lottomat.com\/wp-content\/uploads\/2025\/10\/SuperEnalotto-online-100x100.webp 100w, https:\/\/lottomat.com\/wp-content\/uploads\/2025\/10\/SuperEnalotto-online.webp 400w\" sizes=\"auto, (max-width: 200px) 100vw, 200px\" \/>M\u00f4\u017eete k\u00fapi\u0165 viac kup\u00f3nov SuperEnalotto?<\/h2>\n<p><strong>\u00c1no, svoje \u0161ance na v\u00fdhru m\u00f4\u017eete v\u00fdrazne zv\u00fd\u0161i\u0165 zak\u00fapen\u00edm viacer\u00fdch kup\u00f3nov SuperEnalotto v jednej transakcii<\/strong>. LottoMat pon\u00faka praktick\u00fa mo\u017enos\u0165 \u201eviac l\u00edni\u00ed\u201c, ktor\u00e1 v\u00e1m umo\u017e\u0148uje k\u00fapi\u0165 a\u017e 20 kup\u00f3nov naraz. T\u00e1to funkcia je ide\u00e1lna pre hr\u00e1\u010dov, ktor\u00ed chc\u00fa maximalizova\u0165 svoj potenci\u00e1l na v\u00fdhru, alebo pre lot\u00e9riov\u00e9 skupiny, ktor\u00e9 sp\u00e1jaj\u00fa svoje zdroje. <strong>N\u00e1kup viacer\u00fdch kup\u00f3nov nielen zvy\u0161uje va\u0161e \u0161ance, ale aj zjednodu\u0161uje spr\u00e1vu va\u0161ich \u00fa\u010dast\u00ed<\/strong> v jednej jednoduchej oper\u00e1cii.<\/p>\n<h2>M\u00f4\u017eete k\u00fapi\u0165 kup\u00f3ny SuperEnalotto na viac \u017erebovan\u00ed?<\/h2>\n<p><strong>Samozrejme! LottoMat v\u00e1m umo\u017e\u0148uje zak\u00fapi\u0165 kup\u00f3ny SuperEnalotto a\u017e na 8 po sebe nasleduj\u00facich \u017erebovan\u00ed<\/strong>, v\u010faka \u010domu nikdy nezme\u0161k\u00e1te \u017eiadnu \u0161ancu na v\u00fdhru. T\u00e1to mo\u017enos\u0165 vopred je ide\u00e1lna pre zanepr\u00e1zdnen\u00fdch hr\u00e1\u010dov, ktor\u00ed chc\u00fa pravidelne hra\u0165 bez potreby pam\u00e4ta\u0165 na n\u00e1kup pred ka\u017ed\u00fdm \u017erebovan\u00edm. <strong>Hra s rovnak\u00fdmi \u010d\u00edslami po\u010das viacer\u00fdch \u017erebovan\u00ed m\u00f4\u017ee by\u0165 s\u00fa\u010das\u0165ou dlhodobej strat\u00e9gie<\/strong> a mnoh\u00ed hr\u00e1\u010di si t\u00fato met\u00f3du ob\u013e\u00fabili pre jej pohodlie a konzistentnos\u0165.<\/p>\n<h2>Ak\u00e1 je cena kup\u00f3nov SuperEnalotto online?<img loading=\"lazy\" decoding=\"async\" class=\"alignright wp-image-252644\" src=\"https:\/\/lottomat.com\/wp-content\/uploads\/2025\/10\/SuperEnalotto-tickets-300x300.webp\" alt=\"Kup\u00f3ny SuperEnalotto\" width=\"200\" height=\"200\" srcset=\"https:\/\/lottomat.com\/wp-content\/uploads\/2025\/10\/SuperEnalotto-tickets-300x300.webp 300w, https:\/\/lottomat.com\/wp-content\/uploads\/2025\/10\/SuperEnalotto-tickets-150x150.webp 150w, https:\/\/lottomat.com\/wp-content\/uploads\/2025\/10\/SuperEnalotto-tickets-100x100.webp 100w, https:\/\/lottomat.com\/wp-content\/uploads\/2025\/10\/SuperEnalotto-tickets.webp 400w\" sizes=\"auto, (max-width: 200px) 100vw, 200px\" \/><\/h2>\n<p><strong>Po v\u00fdbere po\u017eadovan\u00e9ho po\u010dtu l\u00edni\u00ed na LottoMat n\u00e1\u0161 automatick\u00fd kalkul\u00e1tor okam\u017eite vypo\u010d\u00edta celkov\u00fa cenu va\u0161ich kup\u00f3nov SuperEnalotto<\/strong>. Cena je transparentn\u00e1 a zobrazuje sa e\u0161te pred dokon\u010den\u00edm n\u00e1kupu, tak\u017ee sa nemus\u00edte ob\u00e1va\u0165 skryt\u00fdch poplatkov \u010di prekvapen\u00ed. <strong>N\u00e1\u0161 cenov\u00fd syst\u00e9m zoh\u013ead\u0148uje po\u010det l\u00edni\u00ed, \u017erebovan\u00ed a v\u0161etky dodato\u010dn\u00e9 mo\u017enosti, ktor\u00e9 ste si zvolili<\/strong>, \u010d\u00edm poskytuje podrobn\u00fd preh\u013ead o va\u0161ej invest\u00edcii do lot\u00e9rie. T\u00e1to funkcia rob\u00ed pl\u00e1novanie rozpo\u010dtu na hranie lot\u00e9rie jednoduch\u00fdm a preh\u013eadn\u00fdm.<\/p>\n<h2>Ak\u00e9 s\u00fa najlep\u0161ie tipy na hranie SuperEnalotto online?<\/h2>\n<p><strong>\u00daspe\u0161n\u00e9 hranie SuperEnalotto kombinuje strat\u00e9giu so zodpovedn\u00fdm pr\u00edstupom k hre<\/strong>. Sk\u00faste kombinova\u0165 \u010dasto \u017erebovan\u00e9 \u201ehor\u00face\u201c \u010d\u00edsla s menej \u010dast\u00fdmi \u201estuden\u00fdmi\u201c \u010d\u00edslami, hoci treba ma\u0165 na pam\u00e4ti, \u017ee ka\u017ed\u00e9 \u017erebovanie je nez\u00e1visl\u00e9 a n\u00e1hodn\u00e9. <strong>Syst\u00e9mov\u00e9 tipovanie m\u00f4\u017ee zv\u00fd\u0161i\u0165 va\u0161e \u0161ance pokryt\u00edm viacer\u00fdch kombin\u00e1ci\u00ed \u010d\u00edsel<\/strong>, zatia\u013e \u010do pravideln\u00e1 hra s rovnak\u00fdmi \u010d\u00edslami je ob\u013e\u00faben\u00e1 medzi oddan\u00fdmi hr\u00e1\u010dmi. Stanovte si pohodln\u00fd rozpo\u010det a dr\u017ete sa ho, pri\u010dom berte lot\u00e9riu ako formu z\u00e1bavy, nie ako investi\u010dn\u00fa strat\u00e9giu. <strong>Vyu\u017eite mo\u017enos\u0165 viacn\u00e1sobn\u00fdch \u017erebovan\u00ed pre konzistentnos\u0165<\/strong> a zv\u00e1\u017ete vstup do skupiny alebo syndik\u00e1tu, aby ste spojili zdroje a zv\u00fd\u0161ili spolo\u010dn\u00e9 \u0161ance na v\u00fdhru. Mnoho \u00faspe\u0161n\u00fdch hr\u00e1\u010dov sleduje <a href=\"https:\/\/lottomat.com\/sk\/vysledky-loterie\/vysledky-superenalotto\/\">v\u00fdsledky \u017erebovan\u00ed SuperEnalotto<\/a> a ich vzorce, no je d\u00f4le\u017eit\u00e9 pam\u00e4ta\u0165, \u017ee lot\u00e9ria je zalo\u017een\u00e1 na n\u00e1hode. <strong>K\u013e\u00fa\u010dom je hra\u0165 zodpovedne a z\u00e1rove\u0148 si u\u017e\u00edva\u0165 vzru\u0161enie z tejto v\u00fdnimo\u010dnej talianskej lot\u00e9rie<\/strong>.<\/p>\n<h2>Oplat\u00ed sa hra\u0165 SuperEnalotto online?<\/h2>\n<p><strong>Hranie SuperEnalotto online pon\u00faka v\u00fdnimo\u010dn\u00fa hodnotu pre fan\u00fa\u0161ikov lot\u00e9rie, ktor\u00ed h\u013eadaj\u00fa najv\u00e4\u010d\u0161ie jackpoty v Eur\u00f3pe<\/strong>. Pohodlie online hrania v kombin\u00e1cii s neobmedzen\u00fdm potenci\u00e1lom jackpotu SuperEnalotto rob\u00ed t\u00fato hru atrakt\u00edvnou pre v\u00e1\u017enych hr\u00e1\u010dov. <strong>Mo\u017enos\u0165 zapoji\u0165 sa odkia\u013eko\u013evek na svete, kedyko\u013evek, bez geografick\u00fdch obmedzen\u00ed, prin\u00e1\u0161a ve\u013ek\u00fa v\u00fdhodu<\/strong>. S tromi \u017erebovaniami t\u00fd\u017edenne a niektor\u00fdmi z najv\u00e4\u010d\u0161\u00edch cien v hist\u00f3rii lot\u00e9ri\u00ed pon\u00faka SuperEnalotto viac pr\u00edle\u017eitost\u00ed a v\u00e4\u010d\u0161ie odmeny ako mnoh\u00e9 in\u00e9 eur\u00f3pske lot\u00e9rie. <strong>Kombin\u00e1cia dostupnosti, bezpe\u010dnosti a obrovsk\u00e9ho potenci\u00e1lu v\u00fdhier rob\u00ed online hru SuperEnalotto hodnotnou vo\u013ebou pre oddan\u00fdch hr\u00e1\u010dov<\/strong>. Pre\u010d\u00edtajte si viac o <a href=\"https:\/\/lottomat.com\/sk\/informacie-o-loterii\/superenalotto-informacie\/\">v\u00fdhrach a jackpotoch SuperEnalotto<\/a> na na\u0161ej webovej str\u00e1nke.<\/p>\n<h2>S\u00fa kup\u00f3ny SuperEnalotto zak\u00fapen\u00e9 online cez LottoMat bezpe\u010dn\u00e9?<\/h2>\n<p><strong>\u00c1no, kup\u00f3ny SuperEnalotto zak\u00fapen\u00e9 cez LottoMat s\u00fa \u00faplne bezpe\u010dn\u00e9<\/strong>. Zaru\u010dujeme bezpe\u010dn\u00e9 uchov\u00e1vanie a spr\u00e1vu v\u0161etk\u00fdch va\u0161ich kup\u00f3nov prostredn\u00edctvom n\u00e1\u0161ho pokro\u010dil\u00e9ho digit\u00e1lneho syst\u00e9mu. <strong>Ka\u017ed\u00fd kup\u00f3n je profesion\u00e1lne naskenovan\u00fd a ulo\u017een\u00fd vo va\u0161om osobnom \u00fa\u010dte<\/strong>, \u010do v\u00e1m poskytuje trval\u00fd pr\u00edstup k va\u0161im \u00fa\u010dastiam a eliminuje riziko straty alebo po\u0161kodenia fyzick\u00fdch kup\u00f3nov. Na\u0161i licencovan\u00ed agenti kupuj\u00fa origin\u00e1lne kup\u00f3ny priamo od autorizovan\u00fdch talianskych predajcov, \u010d\u00edm zabezpe\u010duj\u00fa \u00fapln\u00fa autentickos\u0165 a legitimitu. <strong>Bezpe\u010dnostn\u00e9 opatrenia LottoMat zah\u0155\u0148aj\u00fa \u0161ifrovan\u00e9 transakcie, bezpe\u010dn\u00e9 ukladanie d\u00e1t a pln\u00fa s\u00faladnos\u0165 s pr\u00e1vnymi predpismi<\/strong>, \u010do v\u00e1m poskytuje istotu, \u017ee va\u0161e lot\u00e9riov\u00e9 invest\u00edcie s\u00fa chr\u00e1nen\u00e9. Va\u0161e v\u00fdhry s\u00fa garantovan\u00e9 a automaticky prip\u00edsan\u00e9 na v\u00e1\u0161 \u00fa\u010det, v\u010faka \u010domu je cel\u00fd proces transparentn\u00fd a d\u00f4veryhodn\u00fd.<\/p>\n","protected":false},"excerpt":{"rendered":"<p>\u010co je SuperEnalotto? SuperEnalotto je najob\u013e\u00fabenej\u0161ia a najprest\u00ed\u017enej\u0161ia lot\u00e9ria v Taliansku, zn\u00e1ma t\u00fdm, \u017ee pon\u00faka niektor\u00e9 z najv\u00e4\u010d\u0161\u00edch jackpotov v hist\u00f3rii eur\u00f3pskych lot\u00e9ri\u00ed. T\u00e1to legend\u00e1rna talianska hra fascinuje hr\u00e1\u010dov u\u017e od roku 1997 svoj\u00edm jedine\u010dn\u00fdm form\u00e1tom a mimoriadnym potenci\u00e1lom v\u00fdhier. \u017drebovania SuperEnalotto sa konaj\u00fa trikr\u00e1t t\u00fd\u017edenne \u2013 v utorok, vo \u0161tvrtok a v sobotu \u2013 [&hellip;]<\/p>\n","protected":false},"author":1,"featured_media":0,"parent":6803,"menu_order":5,"comment_status":"closed","ping_status":"closed","template":"superenalotto.php","meta":{"_et_pb_use_builder":"","_et_pb_old_content":"","_et_gb_content_width":"","exclude_from_search":false,"footnotes":""},"class_list":["post-9522","page","type-page","status-publish","hentry"],"yoast_head":"<!-- This site is optimized with the Yoast SEO plugin v23.8 - https:\/\/yoast.com\/wordpress\/plugins\/seo\/ -->\n<title>SuperEnalotto Online - Kup\u00f3ny SuperEnalotto - LottoMat<\/title>\n<meta name=\"description\" content=\"Hrajte talianske SuperEnalotto online a vyhrajte majetok! K\u00fapte si kup\u00f3ny SuperEnalotto na Lottomat a z\u00fa\u010dastnite sa najbli\u017e\u0161ieho \u017erebovania talianskej lot\u00e9rie.\" \/>\n<meta name=\"robots\" content=\"index, follow, max-snippet:-1, max-image-preview:large, max-video-preview:-1\" \/>\n<link rel=\"canonical\" href=\"https:\/\/lottomat.com\/sk\/hraj\/superenalotto\/\" \/>\n<meta property=\"og:locale\" content=\"sk_SK\" \/>\n<meta property=\"og:type\" content=\"article\" \/>\n<meta property=\"og:title\" content=\"SuperEnalotto Online - Kup\u00f3ny SuperEnalotto - LottoMat\" \/>\n<meta property=\"og:description\" content=\"Hrajte talianske SuperEnalotto online a vyhrajte majetok! K\u00fapte si kup\u00f3ny SuperEnalotto na Lottomat a z\u00fa\u010dastnite sa najbli\u017e\u0161ieho \u017erebovania talianskej lot\u00e9rie.\" \/>\n<meta property=\"og:url\" content=\"https:\/\/lottomat.com\/sk\/hraj\/superenalotto\/\" \/>\n<meta property=\"og:site_name\" content=\"Lottomat\" \/>\n<meta property=\"article:modified_time\" content=\"2026-01-01T19:04:37+00:00\" \/>\n<meta property=\"og:image\" content=\"https:\/\/lottomat.com\/wp-content\/uploads\/2025\/10\/Italian-lottery-online-300x300.webp\" \/>\n<meta name=\"twitter:card\" content=\"summary_large_image\" \/>\n<meta name=\"twitter:label1\" content=\"Predpokladan\u00fd \u010das \u010d\u00edtania\" \/>\n\t<meta name=\"twitter:data1\" content=\"5 min\u00fat\" \/>\n<script type=\"application\/ld+json\" class=\"yoast-schema-graph\">{\"@context\":\"https:\/\/schema.org\",\"@graph\":[{\"@type\":\"WebPage\",\"@id\":\"https:\/\/lottomat.com\/sk\/hraj\/superenalotto\/\",\"url\":\"https:\/\/lottomat.com\/sk\/hraj\/superenalotto\/\",\"name\":\"SuperEnalotto Online - Kup\u00f3ny SuperEnalotto - LottoMat\",\"isPartOf\":{\"@id\":\"https:\/\/lottomat.com\/sk\/#website\"},\"primaryImageOfPage\":{\"@id\":\"https:\/\/lottomat.com\/sk\/hraj\/superenalotto\/#primaryimage\"},\"image\":{\"@id\":\"https:\/\/lottomat.com\/sk\/hraj\/superenalotto\/#primaryimage\"},\"thumbnailUrl\":\"https:\/\/lottomat.com\/wp-content\/uploads\/2025\/10\/Italian-lottery-online-300x300.webp\",\"datePublished\":\"2025-03-26T08:35:10+00:00\",\"dateModified\":\"2026-01-01T19:04:37+00:00\",\"description\":\"Hrajte talianske SuperEnalotto online a vyhrajte majetok! K\u00fapte si kup\u00f3ny SuperEnalotto na Lottomat a z\u00fa\u010dastnite sa najbli\u017e\u0161ieho \u017erebovania talianskej lot\u00e9rie.\",\"breadcrumb\":{\"@id\":\"https:\/\/lottomat.com\/sk\/hraj\/superenalotto\/#breadcrumb\"},\"inLanguage\":\"sk-SK\",\"potentialAction\":[{\"@type\":\"ReadAction\",\"target\":[\"https:\/\/lottomat.com\/sk\/hraj\/superenalotto\/\"]}]},{\"@type\":\"ImageObject\",\"inLanguage\":\"sk-SK\",\"@id\":\"https:\/\/lottomat.com\/sk\/hraj\/superenalotto\/#primaryimage\",\"url\":\"https:\/\/lottomat.com\/wp-content\/uploads\/2025\/10\/Italian-lottery-online-300x300.webp\",\"contentUrl\":\"https:\/\/lottomat.com\/wp-content\/uploads\/2025\/10\/Italian-lottery-online-300x300.webp\"},{\"@type\":\"BreadcrumbList\",\"@id\":\"https:\/\/lottomat.com\/sk\/hraj\/superenalotto\/#breadcrumb\",\"itemListElement\":[{\"@type\":\"ListItem\",\"position\":1,\"name\":\"Home\",\"item\":\"https:\/\/lottomat.com\/sk\/\"},{\"@type\":\"ListItem\",\"position\":2,\"name\":\"Hrajte Loto\",\"item\":\"https:\/\/lottomat.com\/sk\/hraj\/\"},{\"@type\":\"ListItem\",\"position\":3,\"name\":\"SuperEnalotto Online &#8211; Kup\u00f3ny SuperEnalotto\"}]},{\"@type\":\"WebSite\",\"@id\":\"https:\/\/lottomat.com\/sk\/#website\",\"url\":\"https:\/\/lottomat.com\/sk\/\",\"name\":\"Lottomat\",\"description\":\"\",\"potentialAction\":[{\"@type\":\"SearchAction\",\"target\":{\"@type\":\"EntryPoint\",\"urlTemplate\":\"https:\/\/lottomat.com\/sk\/?s={search_term_string}\"},\"query-input\":{\"@type\":\"PropertyValueSpecification\",\"valueRequired\":true,\"valueName\":\"search_term_string\"}}],\"inLanguage\":\"sk-SK\"}]}<\/script>\n<!-- \/ Yoast SEO plugin. -->","yoast_head_json":{"title":"SuperEnalotto Online - Kup\u00f3ny SuperEnalotto - LottoMat","description":"Hrajte talianske SuperEnalotto online a vyhrajte majetok! K\u00fapte si kup\u00f3ny SuperEnalotto na Lottomat a z\u00fa\u010dastnite sa najbli\u017e\u0161ieho \u017erebovania talianskej lot\u00e9rie.","robots":{"index":"index","follow":"follow","max-snippet":"max-snippet:-1","max-image-preview":"max-image-preview:large","max-video-preview":"max-video-preview:-1"},"canonical":"https:\/\/lottomat.com\/sk\/hraj\/superenalotto\/","og_locale":"sk_SK","og_type":"article","og_title":"SuperEnalotto Online - Kup\u00f3ny SuperEnalotto - LottoMat","og_description":"Hrajte talianske SuperEnalotto online a vyhrajte majetok! K\u00fapte si kup\u00f3ny SuperEnalotto na Lottomat a z\u00fa\u010dastnite sa najbli\u017e\u0161ieho \u017erebovania talianskej lot\u00e9rie.","og_url":"https:\/\/lottomat.com\/sk\/hraj\/superenalotto\/","og_site_name":"Lottomat","article_modified_time":"2026-01-01T19:04:37+00:00","og_image":[{"url":"https:\/\/lottomat.com\/wp-content\/uploads\/2025\/10\/Italian-lottery-online-300x300.webp"}],"twitter_card":"summary_large_image","twitter_misc":{"Predpokladan\u00fd \u010das \u010d\u00edtania":"5 min\u00fat"},"schema":{"@context":"https:\/\/schema.org","@graph":[{"@type":"WebPage","@id":"https:\/\/lottomat.com\/sk\/hraj\/superenalotto\/","url":"https:\/\/lottomat.com\/sk\/hraj\/superenalotto\/","name":"SuperEnalotto Online - Kup\u00f3ny SuperEnalotto - LottoMat","isPartOf":{"@id":"https:\/\/lottomat.com\/sk\/#website"},"primaryImageOfPage":{"@id":"https:\/\/lottomat.com\/sk\/hraj\/superenalotto\/#primaryimage"},"image":{"@id":"https:\/\/lottomat.com\/sk\/hraj\/superenalotto\/#primaryimage"},"thumbnailUrl":"https:\/\/lottomat.com\/wp-content\/uploads\/2025\/10\/Italian-lottery-online-300x300.webp","datePublished":"2025-03-26T08:35:10+00:00","dateModified":"2026-01-01T19:04:37+00:00","description":"Hrajte talianske SuperEnalotto online a vyhrajte majetok! K\u00fapte si kup\u00f3ny SuperEnalotto na Lottomat a z\u00fa\u010dastnite sa najbli\u017e\u0161ieho \u017erebovania talianskej lot\u00e9rie.","breadcrumb":{"@id":"https:\/\/lottomat.com\/sk\/hraj\/superenalotto\/#breadcrumb"},"inLanguage":"sk-SK","potentialAction":[{"@type":"ReadAction","target":["https:\/\/lottomat.com\/sk\/hraj\/superenalotto\/"]}]},{"@type":"ImageObject","inLanguage":"sk-SK","@id":"https:\/\/lottomat.com\/sk\/hraj\/superenalotto\/#primaryimage","url":"https:\/\/lottomat.com\/wp-content\/uploads\/2025\/10\/Italian-lottery-online-300x300.webp","contentUrl":"https:\/\/lottomat.com\/wp-content\/uploads\/2025\/10\/Italian-lottery-online-300x300.webp"},{"@type":"BreadcrumbList","@id":"https:\/\/lottomat.com\/sk\/hraj\/superenalotto\/#breadcrumb","itemListElement":[{"@type":"ListItem","position":1,"name":"Home","item":"https:\/\/lottomat.com\/sk\/"},{"@type":"ListItem","position":2,"name":"Hrajte Loto","item":"https:\/\/lottomat.com\/sk\/hraj\/"},{"@type":"ListItem","position":3,"name":"SuperEnalotto Online &#8211; Kup\u00f3ny SuperEnalotto"}]},{"@type":"WebSite","@id":"https:\/\/lottomat.com\/sk\/#website","url":"https:\/\/lottomat.com\/sk\/","name":"Lottomat","description":"","potentialAction":[{"@type":"SearchAction","target":{"@type":"EntryPoint","urlTemplate":"https:\/\/lottomat.com\/sk\/?s={search_term_string}"},"query-input":{"@type":"PropertyValueSpecification","valueRequired":true,"valueName":"search_term_string"}}],"inLanguage":"sk-SK"}]}},"_links":{"self":[{"href":"https:\/\/lottomat.com\/sk\/wp-json\/wp\/v2\/pages\/9522","targetHints":{"allow":["GET"]}}],"collection":[{"href":"https:\/\/lottomat.com\/sk\/wp-json\/wp\/v2\/pages"}],"about":[{"href":"https:\/\/lottomat.com\/sk\/wp-json\/wp\/v2\/types\/page"}],"author":[{"embeddable":true,"href":"https:\/\/lottomat.com\/sk\/wp-json\/wp\/v2\/users\/1"}],"replies":[{"embeddable":true,"href":"https:\/\/lottomat.com\/sk\/wp-json\/wp\/v2\/comments?post=9522"}],"version-history":[{"count":3,"href":"https:\/\/lottomat.com\/sk\/wp-json\/wp\/v2\/pages\/9522\/revisions"}],"predecessor-version":[{"id":263829,"href":"https:\/\/lottomat.com\/sk\/wp-json\/wp\/v2\/pages\/9522\/revisions\/263829"}],"up":[{"embeddable":true,"href":"https:\/\/lottomat.com\/sk\/wp-json\/wp\/v2\/pages\/6803"}],"wp:attachment":[{"href":"https:\/\/lottomat.com\/sk\/wp-json\/wp\/v2\/media?parent=9522"}],"curies":[{"name":"wp","href":"https:\/\/api.w.org\/{rel}","templated":true}]}}