{"id":8685,"date":"2025-03-26T07:54:05","date_gmt":"2025-03-26T07:54:05","guid":{"rendered":"https:\/\/lottomat.net\/hrat-loteriu\/hrat-mega-millions-online\/"},"modified":"2025-11-11T13:28:25","modified_gmt":"2025-11-11T13:28:25","slug":"mega-millions","status":"publish","type":"page","link":"https:\/\/lottomat.com\/sk\/hraj\/mega-millions\/","title":{"rendered":"Hraj Mega Millions online &#8211; Kup\u00f3ny Mega Millions"},"content":{"rendered":"\n\n<div class=\"kk-star-ratings kksr-auto kksr-align-left kksr-valign-top\"\n    data-payload='{&quot;align&quot;:&quot;left&quot;,&quot;id&quot;:&quot;8685&quot;,&quot;slug&quot;:&quot;default&quot;,&quot;valign&quot;:&quot;top&quot;,&quot;ignore&quot;:&quot;&quot;,&quot;reference&quot;:&quot;auto&quot;,&quot;class&quot;:&quot;&quot;,&quot;count&quot;:&quot;0&quot;,&quot;legendonly&quot;:&quot;&quot;,&quot;readonly&quot;:&quot;&quot;,&quot;score&quot;:&quot;0&quot;,&quot;starsonly&quot;:&quot;&quot;,&quot;best&quot;:&quot;5&quot;,&quot;gap&quot;:&quot;5&quot;,&quot;greet&quot;:&quot;Rate this page&quot;,&quot;legend&quot;:&quot;0\\\/5 - (0 votes)&quot;,&quot;size&quot;:&quot;30&quot;,&quot;title&quot;:&quot;Hraj Mega Millions online - Kup\u00f3ny Mega Millions&quot;,&quot;width&quot;:&quot;0&quot;,&quot;_legend&quot;:&quot;{score}\\\/{best} - ({count} {votes})&quot;,&quot;font_factor&quot;:&quot;1.25&quot;}'>\n            \n<div class=\"kksr-stars\">\n    \n<div class=\"kksr-stars-inactive\">\n            <div class=\"kksr-star\" data-star=\"1\" style=\"padding-right: 5px\">\n            \n\n<div class=\"kksr-icon\" style=\"width: 30px; height: 30px;\"><\/div>\n        <\/div>\n            <div class=\"kksr-star\" data-star=\"2\" style=\"padding-right: 5px\">\n            \n\n<div class=\"kksr-icon\" style=\"width: 30px; height: 30px;\"><\/div>\n        <\/div>\n            <div class=\"kksr-star\" data-star=\"3\" style=\"padding-right: 5px\">\n            \n\n<div class=\"kksr-icon\" style=\"width: 30px; height: 30px;\"><\/div>\n        <\/div>\n            <div class=\"kksr-star\" data-star=\"4\" style=\"padding-right: 5px\">\n            \n\n<div class=\"kksr-icon\" style=\"width: 30px; height: 30px;\"><\/div>\n        <\/div>\n            <div class=\"kksr-star\" data-star=\"5\" style=\"padding-right: 5px\">\n            \n\n<div class=\"kksr-icon\" style=\"width: 30px; height: 30px;\"><\/div>\n        <\/div>\n    <\/div>\n    \n<div class=\"kksr-stars-active\" style=\"width: 0px;\">\n            <div class=\"kksr-star\" style=\"padding-right: 5px\">\n            \n\n<div class=\"kksr-icon\" style=\"width: 30px; height: 30px;\"><\/div>\n        <\/div>\n            <div class=\"kksr-star\" style=\"padding-right: 5px\">\n            \n\n<div class=\"kksr-icon\" style=\"width: 30px; height: 30px;\"><\/div>\n        <\/div>\n            <div class=\"kksr-star\" style=\"padding-right: 5px\">\n            \n\n<div class=\"kksr-icon\" style=\"width: 30px; height: 30px;\"><\/div>\n        <\/div>\n            <div class=\"kksr-star\" style=\"padding-right: 5px\">\n            \n\n<div class=\"kksr-icon\" style=\"width: 30px; height: 30px;\"><\/div>\n        <\/div>\n            <div class=\"kksr-star\" style=\"padding-right: 5px\">\n            \n\n<div class=\"kksr-icon\" style=\"width: 30px; height: 30px;\"><\/div>\n        <\/div>\n    <\/div>\n<\/div>\n                \n\n<div class=\"kksr-legend\" style=\"font-size: 24px;\">\n            <span class=\"kksr-muted\">Rate this page<\/span>\n    <\/div>\n    <\/div>\n<h2>Ako funguje lot\u00e9ria Mega Millions?<\/h2>\n<p>Online lot\u00e9ria Mega Millions je jednoduch\u00e1 \u010d\u00edseln\u00e1 hra s \u013eahko zapam\u00e4tate\u013en\u00fdmi pravidlami. \u00dalohou ka\u017ed\u00e9ho hr\u00e1\u010da je vybra\u0165 p\u00e4\u0165 hlavn\u00fdch \u010d\u00edsel v rozmedz\u00ed od 1 do 70 a \u010d\u00edslo Mega Ball, ktor\u00e9 je jedine\u010dn\u00e9 bonusov\u00e9 \u010d\u00edslo v rozmedz\u00ed od 1 do 24. Hlavn\u00fa cenu z\u00edskava ten hr\u00e1\u010d, ktor\u00e9ho kup\u00f3n obsahuje v\u0161etk\u00fdch \u0161es\u0165 vylosovan\u00fdch \u010d\u00edsel \u2013 p\u00e4\u0165 hlavn\u00fdch a jedno bonusov\u00e9. Stoj\u00ed za zmienku, \u017ee <strong>Mega Millions je lot\u00e9ria, ktor\u00e1 m\u00e1 a\u017e dev\u00e4\u0165 \u00farovn\u00ed v\u00fdhier<\/strong>, v\u010faka ktor\u00fdm m\u00f4\u017ee ka\u017ed\u00fd hr\u00e1\u010d z\u00edska\u0165 finan\u010dn\u00fa odmenu. Okrem toho kup\u00f3n Mega Millions s jedin\u00fdm spr\u00e1vne zvolen\u00fdm \u010d\u00edslom Mega Ball tie\u017e vyhr\u00e1va. Ako sme u\u017e spomenuli, Mega Millions je lot\u00e9ria, ktor\u00e1 pon\u00faka skuto\u010dne ve\u013ek\u00e9 \u0161ance vyhra\u0165 mili\u00f3ny dol\u00e1rov. Pre\u010d\u00edtaj si <a href=\"https:\/\/lottomat.com\/sk\/informacie-o-loterii\/informacie-o-mega-millions\/\">viac o pravidl\u00e1ch Mega Millions<\/a> na na\u0161ej webovej str\u00e1nke a dozvi sa viac.<\/p>\n<h2><img loading=\"lazy\" decoding=\"async\" class=\"alignleft wp-image-251833\" src=\"https:\/\/lottomat.com\/wp-content\/uploads\/2025\/10\/play-Mega-Millions.webp\" alt=\"hraj Mega Millions\" width=\"200\" height=\"200\" srcset=\"https:\/\/lottomat.com\/wp-content\/uploads\/2025\/10\/play-Mega-Millions.webp 400w, https:\/\/lottomat.com\/wp-content\/uploads\/2025\/10\/play-Mega-Millions-300x300.webp 300w, https:\/\/lottomat.com\/wp-content\/uploads\/2025\/10\/play-Mega-Millions-150x150.webp 150w, https:\/\/lottomat.com\/wp-content\/uploads\/2025\/10\/play-Mega-Millions-100x100.webp 100w\" sizes=\"auto, (max-width: 200px) 100vw, 200px\" \/>Ko\u013eko m\u00f4\u017ee\u0161 vyhra\u0165 v\u010faka Mega Millions online?<\/h2>\n<p>Spr\u00e1vny v\u00fdber v\u0161etk\u00fdch vylosovan\u00fdch \u010d\u00edsel zaru\u010duje v\u00fdhru hlavnej ceny alebo jej podiel, ak je v\u00ed\u0165azov viac. Ak viacer\u00ed hr\u00e1\u010di trafia v\u0161etky \u010d\u00edsla, hlavn\u00e1 finan\u010dn\u00e1 odmena sa rozdel\u00ed pomerne medzi v\u0161etk\u00fdch \u00fa\u010dastn\u00edkov. Ak traf\u00ed\u0161 p\u00e4\u0165 hlavn\u00fdch \u010d\u00edsel, ale nie Mega Ball, dostane\u0161 <strong>garantovan\u00fa v\u00fdhru vo v\u00fd\u0161ke 1 000 000 USD<\/strong> (\u00e1no, nevid\u00ed\u0161 zle \u2013 mili\u00f3n dol\u00e1rov za p\u00e4\u0165 spr\u00e1vnych \u010d\u00edsel!). Mega Millions je lot\u00e9ria s \u010dast\u00fdmi jackpotmi, ktor\u00e9 m\u00f4\u017eu nar\u00e1s\u0165 do neuverite\u013en\u00fdch s\u00fam, tak\u017ee v\u00fdhern\u00e9 kup\u00f3ny prin\u00e1\u0161aj\u00fa v\u00ed\u0165azom skuto\u010dne vysok\u00e9 zisky. Mega Millions pon\u00faka hr\u00e1\u010dom aj dve zauj\u00edmav\u00e9 doplnkov\u00e9 mo\u017enosti. Bohu\u017eia\u013e, tieto doplnky \u2013 ako mo\u017enos\u0165 k\u00fapi\u0165 lacnej\u0161\u00ed kup\u00f3n len pre jackpot alebo zn\u00e1sobi\u0165 v\u00fdhry z ni\u017e\u0161\u00edch \u00farovn\u00ed \u2013 s\u00fa dostupn\u00e9 len pre ob\u010danov niektor\u00fdch americk\u00fdch \u0161t\u00e1tov. Hlavn\u00e1 cena a ni\u017e\u0161ie \u00farovne s\u00fa v\u0161ak dostupn\u00e9 pre v\u0161etk\u00fdch ostatn\u00fdch hr\u00e1\u010dov.<\/p>\n<h2>Ak\u00e1 je cena online kup\u00f3nu Mega Millions?<\/h2>\n<p>Ak si chce\u0161 overi\u0165 cenu jedn\u00e9ho alebo viacer\u00fdch kup\u00f3nov, pou\u017ei webov\u00fa str\u00e1nku Lottomat a funkciu v\u00fdberu \u010d\u00edsel. Po vyplnen\u00ed kup\u00f3nu sa cena zobraz\u00ed pod n\u00edm. <strong>Kalkula\u010dka automaticky vypo\u010d\u00edta v\u00fd\u0161ku platby<\/strong> pod\u013ea po\u010dtu vybran\u00fdch online kup\u00f3nov Mega Millions. Cena kup\u00f3nu zah\u0155\u0148a jeho hodnotu aj v\u0161etky platn\u00e9 poplatky a prov\u00edzie a je kone\u010dn\u00e1. Nemus\u00ed\u0161 sa o ni\u010d viac stara\u0165 \u2013 sta\u010d\u00ed po\u010dka\u0165 na <a href=\"https:\/\/lottomat.com\/sk\/vysledky-loterie\/vysledky-sutaze-mega-millions\/\">aktu\u00e1lne v\u00fdsledky \u017erebovania Mega Millions<\/a>.<\/p>\n<h2>Ako k\u00fapi\u0165 kup\u00f3n Mega Millions online?<img loading=\"lazy\" decoding=\"async\" class=\"alignright wp-image-251863\" src=\"https:\/\/lottomat.com\/wp-content\/uploads\/2025\/10\/Mega-Millions-tickets.webp\" alt=\"kup\u00f3ny Mega Millions\" width=\"200\" height=\"200\" srcset=\"https:\/\/lottomat.com\/wp-content\/uploads\/2025\/10\/Mega-Millions-tickets.webp 400w, https:\/\/lottomat.com\/wp-content\/uploads\/2025\/10\/Mega-Millions-tickets-300x300.webp 300w, https:\/\/lottomat.com\/wp-content\/uploads\/2025\/10\/Mega-Millions-tickets-150x150.webp 150w, https:\/\/lottomat.com\/wp-content\/uploads\/2025\/10\/Mega-Millions-tickets-100x100.webp 100w\" sizes=\"auto, (max-width: 200px) 100vw, 200px\" \/><\/h2>\n<p>Na \u00fa\u010das\u0165 v \u017erebovan\u00ed Mega Millions nie je potrebn\u00e9 b\u00fdva\u0165 v USA, ale <strong>jedinou mo\u017enos\u0165ou je k\u00fapi\u0165 kup\u00f3n Mega Millions online<\/strong>. Stacion\u00e1rne predajn\u00e9 miesta existuj\u00fa len v Spojen\u00fdch \u0161t\u00e1toch. V\u0161etko, \u010do mus\u00ed\u0161 urobi\u0165, je vyplni\u0165 kup\u00f3n na str\u00e1nke Lottomat a zaplati\u0165 ho (dostupn\u00fdch je nieko\u013eko platobn\u00fdch met\u00f3d). Mili\u00f3ny dol\u00e1rov s\u00fa na dosah \u2013 bez toho, aby si opustil svoj domov, 24 hod\u00edn denne, 7 dn\u00ed v t\u00fd\u017edni. Dnes m\u00f4\u017ee\u0161 hra\u0165 lot\u00e9riu Mega Millions online pohodlne z kresla. Online lot\u00e9rie s\u00fa dnes z\u00e1kladom tohto odvetvia.<\/p>\n<h3>Rozpis \u017erebovan\u00ed a v\u00fdsledky<\/h3>\n<p>Tvoj kup\u00f3n sa z\u00fa\u010dastn\u00ed americkej lot\u00e9rie a ak vyhr\u00e1\u0161, cena bude vyplaten\u00e1 naraz alebo v spl\u00e1tkach pod\u013ea zvolen\u00e9ho sp\u00f4sobu. <strong>\u017drebovania sa konaj\u00fa v stredu a v sobotu<\/strong>, a <a href=\"https:\/\/lottomat.com\/sk\/vysledky-loterie\/\">aktu\u00e1lne v\u00fdsledky \u017erebovan\u00ed<\/a> si m\u00f4\u017ee\u0161 pozrie\u0165 na str\u00e1nke Lottomat. Otvor sekciu Hra\u0165 a zisti, ak\u00e9 jednoduch\u00e9 je k\u00fapi\u0165 si kup\u00f3n online. Na v\u00fdhru potrebuje\u0161 len \u0161tipku \u0161\u0165astia!<\/p>\n<h2>Ako hra\u0165 lot\u00e9riu Mega Millions online?<\/h2>\n<p>V\u010faka na\u0161ej str\u00e1nke nemus\u00ed\u0161 cestova\u0165 do USA, aby si si k\u00fapil kup\u00f3n Mega Millions. Sta\u010d\u00ed vybra\u0165 p\u00e4\u0165 hlavn\u00fdch \u010d\u00edsel od 1 do 70 a jedno doplnkov\u00e9 \u010d\u00edslo Mega Ball od 1 do 24. M\u00f4\u017ee\u0161 tie\u017e vyu\u017ei\u0165 funkciu n\u00e1hodn\u00e9ho v\u00fdberu (Quick Pick), pri ktorej sa \u010d\u00edsla vyber\u00fa automaticky. Na z\u00edskanie hlavnej ceny mus\u00ed\u0161 spr\u00e1vne uh\u00e1dnu\u0165 v\u0161etky vylosovan\u00e9 \u010d\u00edsla. \u010c\u00edm menej \u010d\u00edsel traf\u00ed\u0161, t\u00fdm men\u0161ia bude tvoja v\u00fdhra. <strong>Vyber p\u00e4\u0165 hlavn\u00fdch \u010d\u00edsel od 1 do 70 a jedno jedine\u010dn\u00e9 \u010d\u00edslo Mega Ball od 1 do 24.<\/strong> Vyber svoje \u010d\u00edsla a hraj o mili\u00f3ny e\u0161te dnes!<\/p>\n<h2><img loading=\"lazy\" decoding=\"async\" class=\"alignleft wp-image-251893\" src=\"https:\/\/lottomat.com\/wp-content\/uploads\/2025\/10\/buy-Mega-Millions-tickets.webp\" alt=\"k\u00fap kup\u00f3ny Mega Millions\" width=\"200\" height=\"200\" srcset=\"https:\/\/lottomat.com\/wp-content\/uploads\/2025\/10\/buy-Mega-Millions-tickets.webp 400w, https:\/\/lottomat.com\/wp-content\/uploads\/2025\/10\/buy-Mega-Millions-tickets-300x300.webp 300w, https:\/\/lottomat.com\/wp-content\/uploads\/2025\/10\/buy-Mega-Millions-tickets-150x150.webp 150w, https:\/\/lottomat.com\/wp-content\/uploads\/2025\/10\/buy-Mega-Millions-tickets-100x100.webp 100w\" sizes=\"auto, (max-width: 200px) 100vw, 200px\" \/>Najlep\u0161ie tipy, ako hra\u0165 Mega Millions online a vyhra\u0165<\/h2>\n<p>Rozumn\u00e1 hra je k\u013e\u00fa\u010dom k tomu, aby si si hru maxim\u00e1lne u\u017eil a z\u00e1rove\u0148 efekt\u00edvne spravoval svoj rozpo\u010det. Tu je nieko\u013eko overen\u00fdch strat\u00e9gi\u00ed, ktor\u00e9 m\u00f4\u017eu zv\u00fd\u0161i\u0165 tvoje \u0161ance na v\u00fdhru.<\/p>\n<h3>Strat\u00e9gia skupinovej hry<\/h3>\n<p>Ako sa d\u00e1 vyhn\u00fa\u0165 ve\u013ek\u00fdm v\u00fddavkom a z\u00e1rove\u0148 hra\u0165 s viacer\u00fdmi kup\u00f3nmi? Jednoducho \u2013 <strong>hraj len vtedy, ke\u010f je jackpot nav\u00fd\u0161en\u00fd, a pozvi priate\u013eov alebo rodinu, aby hrali s tebou<\/strong>. Je to najlep\u0161\u00ed sp\u00f4sob, ako zv\u00fd\u0161i\u0165 \u0161ancu na v\u00fdhru, pri\u010dom sa n\u00e1klady na kup\u00f3ny Mega Millions rozdelia medzi \u010dlenov skupiny. Pam\u00e4taj, \u017ee \u010d\u00edm viac kup\u00f3nov k\u00fapi\u0161, t\u00fdm v\u00e4\u010d\u0161iu m\u00e1\u0161 \u0161ancu na v\u00fdhru.<\/p>\n<h3>Met\u00f3dy v\u00fdberu \u010d\u00edsel<\/h3>\n<p>Sp\u00f4sob v\u00fdberu \u010d\u00edsel z\u00e1vis\u00ed len od teba. M\u00f4\u017ee\u0161 pou\u017ei\u0165 n\u00e1hodn\u00fd v\u00fdber (Quick Pick), aby sa tvoj kup\u00f3n vyplnil n\u00e1hodn\u00fdmi \u010d\u00edslami, alebo pou\u017ei\u0165 svoje \u0161\u0165astn\u00e9 \u010d\u00edsla. Ak chce\u0161, m\u00f4\u017ee\u0161 si pozrie\u0165 v\u00fdsledky predch\u00e1dzaj\u00facich \u017erebovan\u00ed, aby si zistil, ktor\u00e9 \u010d\u00edsla sa objavuj\u00fa naj\u010dastej\u0161ie a ktor\u00e9 najmenej \u010dasto, a vytvori\u0165 si vlastn\u00fa strat\u00e9giu. <a href=\"https:\/\/lottomat.com\/sk\/hrat-loteriu\/\">k\u00fap si lot\u00e9riov\u00fd kup\u00f3n<\/a> a prajeme ti ve\u013ea \u0161\u0165astia!<\/p>\n<h2>M\u00f4\u017ee\u0161 k\u00fapi\u0165 viac kup\u00f3nov Mega Millions online?<\/h2>\n<p>\u00c1no, vyu\u017ei mo\u017enos\u0165 <strong>&#8222;Viac riadkov&#8220;<\/strong> a vyber si, ko\u013eko chce\u0161. T\u00e1to funkcia ti umo\u017e\u0148uje zv\u00fd\u0161i\u0165 \u0161ance na v\u00fdhru n\u00e1kupom viacer\u00fdch kup\u00f3nov v jednej transakcii. \u010c\u00edm viac riadkov hr\u00e1\u0161, t\u00fdm v\u00e4\u010d\u0161iu m\u00e1\u0161 \u0161ancu trafi\u0165 v\u00fdhern\u00fa kombin\u00e1ciu.<\/p>\n<h2>M\u00f4\u017ee\u0161 k\u00fapi\u0165 kup\u00f3ny Mega Millions online pre viac \u017erebovan\u00ed?<img loading=\"lazy\" decoding=\"async\" class=\"alignright wp-image-251923\" src=\"https:\/\/lottomat.com\/wp-content\/uploads\/2025\/10\/Mega-Millions-online.webp\" alt=\"Mega Millions online\" width=\"200\" height=\"200\" srcset=\"https:\/\/lottomat.com\/wp-content\/uploads\/2025\/10\/Mega-Millions-online.webp 400w, https:\/\/lottomat.com\/wp-content\/uploads\/2025\/10\/Mega-Millions-online-300x300.webp 300w, https:\/\/lottomat.com\/wp-content\/uploads\/2025\/10\/Mega-Millions-online-150x150.webp 150w, https:\/\/lottomat.com\/wp-content\/uploads\/2025\/10\/Mega-Millions-online-100x100.webp 100w\" sizes=\"auto, (max-width: 200px) 100vw, 200px\" \/><\/h2>\n<p>\u00c1no, na str\u00e1nke Lottomat m\u00f4\u017ee\u0161 <strong>k\u00fapi\u0165 kup\u00f3ny a\u017e na 8 \u017erebovan\u00ed vopred<\/strong>. T\u00e1to pohodln\u00e1 funkcia znamen\u00e1, \u017ee si nemus\u00ed\u0161 pam\u00e4ta\u0165, aby si kupoval kup\u00f3n pred ka\u017ed\u00fdm \u017erebovan\u00edm. M\u00f4\u017ee\u0161 si raz nastavi\u0165 svoje \u010d\u00edsla a necha\u0165 ich automaticky z\u00fa\u010dastni\u0165 sa nasleduj\u00facich \u017erebovan\u00ed. T\u00e1to mo\u017enos\u0165 je ide\u00e1lna pre hr\u00e1\u010dov, ktor\u00ed maj\u00fa svoje ob\u013e\u00faben\u00e9 \u010d\u00edsla a nechc\u00fa vynecha\u0165 \u017eiadne \u017erebovanie.<\/p>\n<h2>Je hranie Mega Millions online bezpe\u010dn\u00e9?<\/h2>\n<p>Hranie na str\u00e1nke Lottomat je <strong>\u00faplne bezpe\u010dn\u00e9 a spo\u013eahliv\u00e9<\/strong>. V\u0161etky kup\u00f3ny skenujeme a star\u00e1me sa o na\u0161ich z\u00e1kazn\u00edkov, pri\u010dom zabezpe\u010dujeme, \u017ee tvoje osobn\u00e9 a finan\u010dn\u00e9 \u00fadaje s\u00fa chr\u00e1nen\u00e9 pod\u013ea najvy\u0161\u0161\u00edch bezpe\u010dnostn\u00fdch \u0161tandardov. Na\u0161a platforma pou\u017e\u00edva pokro\u010dil\u00fa technol\u00f3giu \u0161ifrovania na ochranu v\u0161etk\u00fdch transakci\u00ed a n\u00e1kupov kup\u00f3nov. Je v\u0161ak d\u00f4le\u017eit\u00e9 pam\u00e4ta\u0165 na to, \u017ee <strong>hra Mega Millions by mala by\u0165 z\u00e1bavou<\/strong>. Nikdy neriskuj peniaze, ktor\u00e9 si nem\u00f4\u017ee\u0161 dovoli\u0165 prehra\u0165. Hraj v\u017edy zodpovedne a v r\u00e1mci svojich mo\u017enost\u00ed a pova\u017euj lot\u00e9riov\u00e9 kup\u00f3ny za formu z\u00e1bavy, nie za investi\u010dn\u00fa strat\u00e9giu.<\/p>\n","protected":false},"excerpt":{"rendered":"<p>Ako funguje lot\u00e9ria Mega Millions? Online lot\u00e9ria Mega Millions je jednoduch\u00e1 \u010d\u00edseln\u00e1 hra s \u013eahko zapam\u00e4tate\u013en\u00fdmi pravidlami. \u00dalohou ka\u017ed\u00e9ho hr\u00e1\u010da je vybra\u0165 p\u00e4\u0165 hlavn\u00fdch \u010d\u00edsel v rozmedz\u00ed od 1 do 70 a \u010d\u00edslo Mega Ball, ktor\u00e9 je jedine\u010dn\u00e9 bonusov\u00e9 \u010d\u00edslo v rozmedz\u00ed od 1 do 24. Hlavn\u00fa cenu z\u00edskava ten hr\u00e1\u010d, ktor\u00e9ho kup\u00f3n obsahuje v\u0161etk\u00fdch [&hellip;]<\/p>\n","protected":false},"author":1,"featured_media":0,"parent":6803,"menu_order":2,"comment_status":"closed","ping_status":"closed","template":"megamillion.php","meta":{"_et_pb_use_builder":"","_et_pb_old_content":"","_et_gb_content_width":"","exclude_from_search":false,"footnotes":""},"class_list":["post-8685","page","type-page","status-publish","hentry"],"yoast_head":"<!-- This site is optimized with the Yoast SEO plugin v23.8 - https:\/\/yoast.com\/wordpress\/plugins\/seo\/ -->\n<title>Mega Millions lot\u00e9rie - Hra\u0165 Mega Millions online [5\/70 + 1\/25] - LottoMat<\/title>\n<meta name=\"description\" content=\"Online lot\u00e9ria Mega Millions je svetozn\u00e1ma mega lot\u00e9ria a dnes si ju m\u00f4\u017eete zahra\u0165 aj vy na webovej str\u00e1nke LottoMat! Zahrajte si teraz.\" \/>\n<meta name=\"robots\" content=\"index, follow, max-snippet:-1, max-image-preview:large, max-video-preview:-1\" \/>\n<link rel=\"canonical\" href=\"https:\/\/lottomat.com\/sk\/hraj\/mega-millions\/\" \/>\n<meta property=\"og:locale\" content=\"sk_SK\" \/>\n<meta property=\"og:type\" content=\"article\" \/>\n<meta property=\"og:title\" content=\"Mega Millions lot\u00e9rie - Hra\u0165 Mega Millions online [5\/70 + 1\/25] - LottoMat\" \/>\n<meta property=\"og:description\" content=\"Online lot\u00e9ria Mega Millions je svetozn\u00e1ma mega lot\u00e9ria a dnes si ju m\u00f4\u017eete zahra\u0165 aj vy na webovej str\u00e1nke LottoMat! Zahrajte si teraz.\" \/>\n<meta property=\"og:url\" content=\"https:\/\/lottomat.com\/sk\/hraj\/mega-millions\/\" \/>\n<meta property=\"og:site_name\" content=\"Lottomat\" \/>\n<meta property=\"article:modified_time\" content=\"2025-11-11T13:28:25+00:00\" \/>\n<meta property=\"og:image\" content=\"https:\/\/lottomat.com\/wp-content\/uploads\/2025\/10\/play-Mega-Millions.webp\" \/>\n<meta name=\"twitter:card\" content=\"summary_large_image\" \/>\n<meta name=\"twitter:label1\" content=\"Predpokladan\u00fd \u010das \u010d\u00edtania\" \/>\n\t<meta name=\"twitter:data1\" content=\"5 min\u00fat\" \/>\n<script type=\"application\/ld+json\" class=\"yoast-schema-graph\">{\"@context\":\"https:\/\/schema.org\",\"@graph\":[{\"@type\":\"WebPage\",\"@id\":\"https:\/\/lottomat.com\/sk\/hraj\/mega-millions\/\",\"url\":\"https:\/\/lottomat.com\/sk\/hraj\/mega-millions\/\",\"name\":\"Mega Millions lot\u00e9rie - Hra\u0165 Mega Millions online [5\/70 + 1\/25] - LottoMat\",\"isPartOf\":{\"@id\":\"https:\/\/lottomat.com\/sk\/#website\"},\"primaryImageOfPage\":{\"@id\":\"https:\/\/lottomat.com\/sk\/hraj\/mega-millions\/#primaryimage\"},\"image\":{\"@id\":\"https:\/\/lottomat.com\/sk\/hraj\/mega-millions\/#primaryimage\"},\"thumbnailUrl\":\"https:\/\/lottomat.com\/wp-content\/uploads\/2025\/10\/play-Mega-Millions.webp\",\"datePublished\":\"2025-03-26T07:54:05+00:00\",\"dateModified\":\"2025-11-11T13:28:25+00:00\",\"description\":\"Online lot\u00e9ria Mega Millions je svetozn\u00e1ma mega lot\u00e9ria a dnes si ju m\u00f4\u017eete zahra\u0165 aj vy na webovej str\u00e1nke LottoMat! Zahrajte si teraz.\",\"breadcrumb\":{\"@id\":\"https:\/\/lottomat.com\/sk\/hraj\/mega-millions\/#breadcrumb\"},\"inLanguage\":\"sk-SK\",\"potentialAction\":[{\"@type\":\"ReadAction\",\"target\":[\"https:\/\/lottomat.com\/sk\/hraj\/mega-millions\/\"]}]},{\"@type\":\"ImageObject\",\"inLanguage\":\"sk-SK\",\"@id\":\"https:\/\/lottomat.com\/sk\/hraj\/mega-millions\/#primaryimage\",\"url\":\"https:\/\/lottomat.com\/wp-content\/uploads\/2025\/10\/play-Mega-Millions.webp\",\"contentUrl\":\"https:\/\/lottomat.com\/wp-content\/uploads\/2025\/10\/play-Mega-Millions.webp\"},{\"@type\":\"BreadcrumbList\",\"@id\":\"https:\/\/lottomat.com\/sk\/hraj\/mega-millions\/#breadcrumb\",\"itemListElement\":[{\"@type\":\"ListItem\",\"position\":1,\"name\":\"Home\",\"item\":\"https:\/\/lottomat.com\/sk\/\"},{\"@type\":\"ListItem\",\"position\":2,\"name\":\"Hrajte Loto\",\"item\":\"https:\/\/lottomat.com\/sk\/hraj\/\"},{\"@type\":\"ListItem\",\"position\":3,\"name\":\"Hraj Mega Millions online &#8211; Kup\u00f3ny Mega Millions\"}]},{\"@type\":\"WebSite\",\"@id\":\"https:\/\/lottomat.com\/sk\/#website\",\"url\":\"https:\/\/lottomat.com\/sk\/\",\"name\":\"Lottomat\",\"description\":\"\",\"potentialAction\":[{\"@type\":\"SearchAction\",\"target\":{\"@type\":\"EntryPoint\",\"urlTemplate\":\"https:\/\/lottomat.com\/sk\/?s={search_term_string}\"},\"query-input\":{\"@type\":\"PropertyValueSpecification\",\"valueRequired\":true,\"valueName\":\"search_term_string\"}}],\"inLanguage\":\"sk-SK\"}]}<\/script>\n<!-- \/ Yoast SEO plugin. -->","yoast_head_json":{"title":"Mega Millions lot\u00e9rie - Hra\u0165 Mega Millions online [5\/70 + 1\/25] - LottoMat","description":"Online lot\u00e9ria Mega Millions je svetozn\u00e1ma mega lot\u00e9ria a dnes si ju m\u00f4\u017eete zahra\u0165 aj vy na webovej str\u00e1nke LottoMat! Zahrajte si teraz.","robots":{"index":"index","follow":"follow","max-snippet":"max-snippet:-1","max-image-preview":"max-image-preview:large","max-video-preview":"max-video-preview:-1"},"canonical":"https:\/\/lottomat.com\/sk\/hraj\/mega-millions\/","og_locale":"sk_SK","og_type":"article","og_title":"Mega Millions lot\u00e9rie - Hra\u0165 Mega Millions online [5\/70 + 1\/25] - LottoMat","og_description":"Online lot\u00e9ria Mega Millions je svetozn\u00e1ma mega lot\u00e9ria a dnes si ju m\u00f4\u017eete zahra\u0165 aj vy na webovej str\u00e1nke LottoMat! Zahrajte si teraz.","og_url":"https:\/\/lottomat.com\/sk\/hraj\/mega-millions\/","og_site_name":"Lottomat","article_modified_time":"2025-11-11T13:28:25+00:00","og_image":[{"url":"https:\/\/lottomat.com\/wp-content\/uploads\/2025\/10\/play-Mega-Millions.webp"}],"twitter_card":"summary_large_image","twitter_misc":{"Predpokladan\u00fd \u010das \u010d\u00edtania":"5 min\u00fat"},"schema":{"@context":"https:\/\/schema.org","@graph":[{"@type":"WebPage","@id":"https:\/\/lottomat.com\/sk\/hraj\/mega-millions\/","url":"https:\/\/lottomat.com\/sk\/hraj\/mega-millions\/","name":"Mega Millions lot\u00e9rie - Hra\u0165 Mega Millions online [5\/70 + 1\/25] - LottoMat","isPartOf":{"@id":"https:\/\/lottomat.com\/sk\/#website"},"primaryImageOfPage":{"@id":"https:\/\/lottomat.com\/sk\/hraj\/mega-millions\/#primaryimage"},"image":{"@id":"https:\/\/lottomat.com\/sk\/hraj\/mega-millions\/#primaryimage"},"thumbnailUrl":"https:\/\/lottomat.com\/wp-content\/uploads\/2025\/10\/play-Mega-Millions.webp","datePublished":"2025-03-26T07:54:05+00:00","dateModified":"2025-11-11T13:28:25+00:00","description":"Online lot\u00e9ria Mega Millions je svetozn\u00e1ma mega lot\u00e9ria a dnes si ju m\u00f4\u017eete zahra\u0165 aj vy na webovej str\u00e1nke LottoMat! Zahrajte si teraz.","breadcrumb":{"@id":"https:\/\/lottomat.com\/sk\/hraj\/mega-millions\/#breadcrumb"},"inLanguage":"sk-SK","potentialAction":[{"@type":"ReadAction","target":["https:\/\/lottomat.com\/sk\/hraj\/mega-millions\/"]}]},{"@type":"ImageObject","inLanguage":"sk-SK","@id":"https:\/\/lottomat.com\/sk\/hraj\/mega-millions\/#primaryimage","url":"https:\/\/lottomat.com\/wp-content\/uploads\/2025\/10\/play-Mega-Millions.webp","contentUrl":"https:\/\/lottomat.com\/wp-content\/uploads\/2025\/10\/play-Mega-Millions.webp"},{"@type":"BreadcrumbList","@id":"https:\/\/lottomat.com\/sk\/hraj\/mega-millions\/#breadcrumb","itemListElement":[{"@type":"ListItem","position":1,"name":"Home","item":"https:\/\/lottomat.com\/sk\/"},{"@type":"ListItem","position":2,"name":"Hrajte Loto","item":"https:\/\/lottomat.com\/sk\/hraj\/"},{"@type":"ListItem","position":3,"name":"Hraj Mega Millions online &#8211; Kup\u00f3ny Mega Millions"}]},{"@type":"WebSite","@id":"https:\/\/lottomat.com\/sk\/#website","url":"https:\/\/lottomat.com\/sk\/","name":"Lottomat","description":"","potentialAction":[{"@type":"SearchAction","target":{"@type":"EntryPoint","urlTemplate":"https:\/\/lottomat.com\/sk\/?s={search_term_string}"},"query-input":{"@type":"PropertyValueSpecification","valueRequired":true,"valueName":"search_term_string"}}],"inLanguage":"sk-SK"}]}},"_links":{"self":[{"href":"https:\/\/lottomat.com\/sk\/wp-json\/wp\/v2\/pages\/8685","targetHints":{"allow":["GET"]}}],"collection":[{"href":"https:\/\/lottomat.com\/sk\/wp-json\/wp\/v2\/pages"}],"about":[{"href":"https:\/\/lottomat.com\/sk\/wp-json\/wp\/v2\/types\/page"}],"author":[{"embeddable":true,"href":"https:\/\/lottomat.com\/sk\/wp-json\/wp\/v2\/users\/1"}],"replies":[{"embeddable":true,"href":"https:\/\/lottomat.com\/sk\/wp-json\/wp\/v2\/comments?post=8685"}],"version-history":[{"count":3,"href":"https:\/\/lottomat.com\/sk\/wp-json\/wp\/v2\/pages\/8685\/revisions"}],"predecessor-version":[{"id":257153,"href":"https:\/\/lottomat.com\/sk\/wp-json\/wp\/v2\/pages\/8685\/revisions\/257153"}],"up":[{"embeddable":true,"href":"https:\/\/lottomat.com\/sk\/wp-json\/wp\/v2\/pages\/6803"}],"wp:attachment":[{"href":"https:\/\/lottomat.com\/sk\/wp-json\/wp\/v2\/media?parent=8685"}],"curies":[{"name":"wp","href":"https:\/\/api.w.org\/{rel}","templated":true}]}}