{"id":8451,"date":"2025-03-26T07:52:23","date_gmt":"2025-03-26T07:52:23","guid":{"rendered":"https:\/\/lottomat.net\/hrat-loteriu\/hrat-powerball-online\/"},"modified":"2026-03-07T18:08:17","modified_gmt":"2026-03-07T18:08:17","slug":"powerball","status":"publish","type":"page","link":"https:\/\/lottomat.com\/sk\/hraj\/powerball\/","title":{"rendered":"Hraj Powerball Online &#8211; L\u00edstky Powerball"},"content":{"rendered":"\n\n<div class=\"kk-star-ratings kksr-auto kksr-align-left kksr-valign-top\"\n    data-payload='{&quot;align&quot;:&quot;left&quot;,&quot;id&quot;:&quot;8451&quot;,&quot;slug&quot;:&quot;default&quot;,&quot;valign&quot;:&quot;top&quot;,&quot;ignore&quot;:&quot;&quot;,&quot;reference&quot;:&quot;auto&quot;,&quot;class&quot;:&quot;&quot;,&quot;count&quot;:&quot;0&quot;,&quot;legendonly&quot;:&quot;&quot;,&quot;readonly&quot;:&quot;&quot;,&quot;score&quot;:&quot;0&quot;,&quot;starsonly&quot;:&quot;&quot;,&quot;best&quot;:&quot;5&quot;,&quot;gap&quot;:&quot;5&quot;,&quot;greet&quot;:&quot;Rate this page&quot;,&quot;legend&quot;:&quot;0\\\/5 - (0 votes)&quot;,&quot;size&quot;:&quot;30&quot;,&quot;title&quot;:&quot;Hraj Powerball Online - L\u00edstky Powerball&quot;,&quot;width&quot;:&quot;0&quot;,&quot;_legend&quot;:&quot;{score}\\\/{best} - ({count} {votes})&quot;,&quot;font_factor&quot;:&quot;1.25&quot;}'>\n            \n<div class=\"kksr-stars\">\n    \n<div class=\"kksr-stars-inactive\">\n            <div class=\"kksr-star\" data-star=\"1\" style=\"padding-right: 5px\">\n            \n\n<div class=\"kksr-icon\" style=\"width: 30px; height: 30px;\"><\/div>\n        <\/div>\n            <div class=\"kksr-star\" data-star=\"2\" style=\"padding-right: 5px\">\n            \n\n<div class=\"kksr-icon\" style=\"width: 30px; height: 30px;\"><\/div>\n        <\/div>\n            <div class=\"kksr-star\" data-star=\"3\" style=\"padding-right: 5px\">\n            \n\n<div class=\"kksr-icon\" style=\"width: 30px; height: 30px;\"><\/div>\n        <\/div>\n            <div class=\"kksr-star\" data-star=\"4\" style=\"padding-right: 5px\">\n            \n\n<div class=\"kksr-icon\" style=\"width: 30px; height: 30px;\"><\/div>\n        <\/div>\n            <div class=\"kksr-star\" data-star=\"5\" style=\"padding-right: 5px\">\n            \n\n<div class=\"kksr-icon\" style=\"width: 30px; height: 30px;\"><\/div>\n        <\/div>\n    <\/div>\n    \n<div class=\"kksr-stars-active\" style=\"width: 0px;\">\n            <div class=\"kksr-star\" style=\"padding-right: 5px\">\n            \n\n<div class=\"kksr-icon\" style=\"width: 30px; height: 30px;\"><\/div>\n        <\/div>\n            <div class=\"kksr-star\" style=\"padding-right: 5px\">\n            \n\n<div class=\"kksr-icon\" style=\"width: 30px; height: 30px;\"><\/div>\n        <\/div>\n            <div class=\"kksr-star\" style=\"padding-right: 5px\">\n            \n\n<div class=\"kksr-icon\" style=\"width: 30px; height: 30px;\"><\/div>\n        <\/div>\n            <div class=\"kksr-star\" style=\"padding-right: 5px\">\n            \n\n<div class=\"kksr-icon\" style=\"width: 30px; height: 30px;\"><\/div>\n        <\/div>\n            <div class=\"kksr-star\" style=\"padding-right: 5px\">\n            \n\n<div class=\"kksr-icon\" style=\"width: 30px; height: 30px;\"><\/div>\n        <\/div>\n    <\/div>\n<\/div>\n                \n\n<div class=\"kksr-legend\" style=\"font-size: 24px;\">\n            <span class=\"kksr-muted\">Rate this page<\/span>\n    <\/div>\n    <\/div>\n<h2><img loading=\"lazy\" decoding=\"async\" class=\"alignleft wp-image-252142\" src=\"https:\/\/lottomat.com\/wp-content\/uploads\/2025\/10\/play-Powerball-150x150.webp\" alt=\"hraj Powerball\" width=\"200\" height=\"200\" srcset=\"https:\/\/lottomat.com\/wp-content\/uploads\/2025\/10\/play-Powerball-150x150.webp 150w, https:\/\/lottomat.com\/wp-content\/uploads\/2025\/10\/play-Powerball-300x300.webp 300w, https:\/\/lottomat.com\/wp-content\/uploads\/2025\/10\/play-Powerball-100x100.webp 100w, https:\/\/lottomat.com\/wp-content\/uploads\/2025\/10\/play-Powerball.webp 400w\" sizes=\"auto, (max-width: 200px) 100vw, 200px\" \/>\u010co je lot\u00e9ria Powerball?<\/h2>\n<p>Za\u010dnime s pravidlami tejto zn\u00e1mej lot\u00e9rie, ktor\u00e9 s\u00fa ve\u013emi jednoduch\u00e9, a ur\u010dite sa r\u00fdchlo nau\u010d\u00ed\u0161, ako hra\u0165 Powerball online. Hra spo\u010d\u00edva vo v\u00fdbere piatich \u010d\u00edsel z rozsahu 1 a\u017e 69 a jedn\u00e9ho extra \u010d\u00edsla, naz\u00fdvan\u00e9ho Power Ball, z rozsahu 1 a\u017e 26. Ak hr\u00e1\u010d uh\u00e1dne v\u0161etky v\u00fdhern\u00e9 \u010d\u00edsla, vyhr\u00e1va garantovan\u00fa hlavn\u00fa cenu, ale nezabudni, \u017ee existuje <strong>9 \u00farovn\u00ed v\u00fdhier<\/strong>. Cenu z\u00edska aj hr\u00e1\u010d, ktor\u00fd uh\u00e1dne len dodato\u010dn\u00e9 \u010d\u00edslo Power Ball, teda bonusov\u00e9 \u010d\u00edslo. V online lot\u00e9rii Powerball existuje aj zauj\u00edmav\u00e1 funkcia pre hr\u00e1\u010dov \u2013 naz\u00fdva sa <strong>Power Play<\/strong> a ide o doplnkov\u00fa mo\u017enos\u0165, ktor\u00e1 umo\u017e\u0148uje zn\u00e1sobi\u0165 v\u00fdhry mimo hlavnej ceny. Je v\u0161ak dostupn\u00e1 iba na \u00fazem\u00ed Spojen\u00fdch \u0161t\u00e1tov, ke\u010f si l\u00edstok kupuje\u0161 osobne v kancel\u00e1rii Powerball. Hr\u00e1\u010d, ktor\u00fd traf\u00ed v\u0161etk\u00fdch 5 hlavn\u00fdch \u010d\u00edsel, ale netraf\u00ed bonusov\u00e9 \u010d\u00edslo Powerball, z\u00edskava garantovan\u00fa cenu <strong>1 000 000 dol\u00e1rov<\/strong>. In\u00fdmi slovami, ten, kto uh\u00e1dne 5 hlavn\u00fdch \u010d\u00edsel, vyhr\u00e1va mili\u00f3n dol\u00e1rov. Klikni a pre\u010d\u00edtaj si <a href=\"https:\/\/lottomat.com\/sk\/powerball\/\">viac o pravidl\u00e1ch a cen\u00e1ch Powerball<\/a> na na\u0161ej str\u00e1nke. Samozrejme, ako aj v in\u00fdch <a href=\"https:\/\/lottomat.com\/sk\/\">najlep\u0161\u00edch svetov\u00fdch lot\u00e9ri\u00e1ch<\/a>, v pr\u00edpade, \u017ee nie je v\u00fdherca, doch\u00e1dza k navy\u0161ovaniu jackpotu, \u010do d\u00e1va mo\u017enos\u0165 vyhra\u0165 obrovsk\u00e9 sumy pe\u0148az\u00ed. Powerball sa stal sl\u00e1vnym v\u010faka v\u00fdhern\u00fdm l\u00edstkom, ktor\u00e9 priniesli mili\u00f3ny dol\u00e1rov. Najv\u00e4\u010d\u0161\u00ed jackpot v americkej lot\u00e9rii padol <strong>7. novembra 2022<\/strong> a dosiahol <strong>2,04 miliardy dol\u00e1rov<\/strong> s hotovostnou hodnotou <strong>997,6 mili\u00f3na dol\u00e1rov<\/strong>.<\/p>\n<h2>Ako k\u00fapi\u0165 l\u00edstky Powerball?<img loading=\"lazy\" decoding=\"async\" class=\"alignright wp-image-252172\" src=\"https:\/\/lottomat.com\/wp-content\/uploads\/2025\/10\/Powerball-lottery-tickets-300x300.webp\" alt=\"l\u00edstky Powerball\" width=\"200\" height=\"200\" srcset=\"https:\/\/lottomat.com\/wp-content\/uploads\/2025\/10\/Powerball-lottery-tickets-300x300.webp 300w, https:\/\/lottomat.com\/wp-content\/uploads\/2025\/10\/Powerball-lottery-tickets-150x150.webp 150w, https:\/\/lottomat.com\/wp-content\/uploads\/2025\/10\/Powerball-lottery-tickets-100x100.webp 100w, https:\/\/lottomat.com\/wp-content\/uploads\/2025\/10\/Powerball-lottery-tickets.webp 400w\" sizes=\"auto, (max-width: 200px) 100vw, 200px\" \/><\/h2>\n<p>V\u010faka zmen\u00e1m v pravidl\u00e1ch Powerball nemus\u00ed\u0161 by\u0165 ob\u010danom Spojen\u00fdch \u0161t\u00e1tov ani sa nach\u00e1dza\u0165 na ich \u00fazem\u00ed. M\u00f4\u017ee\u0161 sa z\u00fa\u010dastni\u0165 <strong>online lot\u00e9rie Powerball prostredn\u00edctvom str\u00e1nky LottoMat<\/strong>. Je to ve\u013emi pohodln\u00e9 \u2013 l\u00edstky Powerball si m\u00f4\u017ee\u0161 k\u00fapi\u0165 kedyko\u013evek, cez de\u0148 aj v noci, sedem dn\u00ed v t\u00fd\u017edni. Sta\u010d\u00ed zvoli\u0165 mo\u017enos\u0165 Hra\u0165 na str\u00e1nke LottoMat a vyplni\u0165 po\u017eadovan\u00fd po\u010det l\u00edstkov. Potom u\u017e len treba trpezlivo \u010daka\u0165 na \u017erebovanie, ktor\u00e9 prebieha ka\u017ed\u00fd <strong>utorok, \u0161tvrtok a nede\u013eu o 02:59 UTC<\/strong>. Str\u00e1nka LottoMat garantuje, \u017ee tvoj l\u00edstok je platn\u00fd a z\u00fa\u010dast\u0148uje sa \u017erebovania o v\u00fdhry Powerball. N\u00e1kup m\u00f4\u017ee\u0161 uskuto\u010dni\u0165 pomocou po\u010d\u00edta\u010da alebo mobiln\u00e9ho telef\u00f3nu <strong>z ktor\u00e9hoko\u013evek miesta na svete a kedyko\u013evek<\/strong>. Sta\u010d\u00ed si vytvori\u0165 bezpe\u010dn\u00fd pou\u017e\u00edvate\u013esk\u00fd \u00fa\u010det, k\u00fapi\u0165 l\u00edstok a \u010daka\u0165 na v\u00fdhru!<\/p>\n<h2>Ak\u00e1 je cena online l\u00edstka Powerball?<\/h2>\n<p>Na v\u00fdpo\u010det ceny l\u00edstka sta\u010d\u00ed vyplni\u0165 jeden alebo viac l\u00edstkov na str\u00e1nke LottoMat. Po v\u00fdbere \u010d\u00edsel <strong>sa cena zobraz\u00ed pod v\u0161etk\u00fdmi l\u00edstkami<\/strong>. Po vyplnen\u00ed viacer\u00fdch l\u00edstkov kalkula\u010dka automaticky vypo\u010d\u00edta celkov\u00fa sumu, teda kone\u010dn\u00fa cenu. T\u00e1 zah\u0155\u0148a cenu v\u0161etk\u00fdch l\u00edstkov Powerball aj servisn\u00fd poplatok.<\/p>\n<h2><img loading=\"lazy\" decoding=\"async\" class=\"alignleft wp-image-252202\" src=\"https:\/\/lottomat.com\/wp-content\/uploads\/2025\/10\/Powerball-online-tickets-300x300.webp\" alt=\"Powerball online l\u00edstky\" width=\"200\" height=\"200\" srcset=\"https:\/\/lottomat.com\/wp-content\/uploads\/2025\/10\/Powerball-online-tickets-300x300.webp 300w, https:\/\/lottomat.com\/wp-content\/uploads\/2025\/10\/Powerball-online-tickets-150x150.webp 150w, https:\/\/lottomat.com\/wp-content\/uploads\/2025\/10\/Powerball-online-tickets-100x100.webp 100w, https:\/\/lottomat.com\/wp-content\/uploads\/2025\/10\/Powerball-online-tickets.webp 400w\" sizes=\"auto, (max-width: 200px) 100vw, 200px\" \/><\/h2>\n<h2>Ako hra\u0165 Powerball online?<\/h2>\n<p>V\u010faka na\u0161ej str\u00e1nke je najpopul\u00e1rnej\u0161ia lot\u00e9ria na svete dostupn\u00e1 bez toho, aby si opustil domov. Ak chce\u0161 hra\u0165 Powerball online, vyber si <strong>p\u00e4\u0165 hlavn\u00fdch \u010d\u00edsel od 1 do 69 a jedno dodato\u010dn\u00e9 \u010d\u00edslo Power Ball od 1 do 26<\/strong>. \u010c\u00edsla si m\u00f4\u017ee\u0161 vybra\u0165 manu\u00e1lne alebo pou\u017ei\u0165 <strong>mo\u017enos\u0165 R\u00fdchly v\u00fdber<\/strong> na n\u00e1hodn\u00e9 \u010d\u00edsla. Je to tak\u00e9 jednoduch\u00e9! Hranie cez LottoMat je \u00faplne bezpe\u010dn\u00e9. <strong>Skenujeme v\u0161etky zak\u00fapen\u00e9 l\u00edstky, aby sme overili ich platnos\u0165 a zabezpe\u010dili tvoj pokoj.<\/strong> S LottoMat m\u00f4\u017ee\u0161 hra\u0165 Powerball online z ktor\u00e9hoko\u013evek miesta na svete \u2013 sta\u010d\u00ed <strong>pr\u00edstup na internet a mo\u017enos\u0165 online platby.<\/strong> T\u00e1to glob\u00e1lna dostupnos\u0165 rob\u00ed \u00fa\u010das\u0165 v jednej z najzauj\u00edmavej\u0161\u00edch lot\u00e9ri\u00ed na svete jednoduch\u0161ou ako kedyko\u013evek predt\u00fdm.<\/p>\n<h2>M\u00f4\u017eem si k\u00fapi\u0165 viac l\u00edstkov Powerball online?<\/h2>\n<p><strong>\u00c1no, samozrejme si m\u00f4\u017ee\u0161 k\u00fapi\u0165 viac l\u00edstkov Powerball online<\/strong>, aby si zv\u00fd\u0161il svoje \u0161ance na v\u00fdhru. Sta\u010d\u00ed zvoli\u0165 <strong>mo\u017enos\u0165 \u201eviac riadkov\u201c<\/strong> po\u010das hry a vybra\u0165, ko\u013eko riadkov chce\u0161 hra\u0165. Ka\u017ed\u00fd \u010fal\u0161\u00ed riadok predstavuje \u010fal\u0161iu \u0161ancu vyhra\u0165 jackpot alebo ved\u013eaj\u0161ie ceny. \u010c\u00edm viac l\u00edstkov si k\u00fapi\u0161, t\u00fdm v\u00e4\u010d\u0161ia je tvoja \u0161anca na v\u00fdhru.<\/p>\n<h2>M\u00f4\u017eem si k\u00fapi\u0165 l\u00edstky Powerball online na viac \u017erebovan\u00ed?<\/h2>\n<h2><img loading=\"lazy\" decoding=\"async\" class=\"alignright wp-image-252232\" src=\"https:\/\/lottomat.com\/wp-content\/uploads\/2025\/10\/Powerball-online-300x300.webp\" alt=\"Powerball online\" width=\"200\" height=\"200\" srcset=\"https:\/\/lottomat.com\/wp-content\/uploads\/2025\/10\/Powerball-online-300x300.webp 300w, https:\/\/lottomat.com\/wp-content\/uploads\/2025\/10\/Powerball-online-150x150.webp 150w, https:\/\/lottomat.com\/wp-content\/uploads\/2025\/10\/Powerball-online-100x100.webp 100w, https:\/\/lottomat.com\/wp-content\/uploads\/2025\/10\/Powerball-online.webp 400w\" sizes=\"auto, (max-width: 200px) 100vw, 200px\" \/><\/h2>\n<p>Samozrejme! Na LottoMat si m\u00f4\u017ee\u0161 <strong>k\u00fapi\u0165 l\u00edstky Powerball vopred a\u017e na 8 po sebe id\u00facich \u017erebovan\u00ed<\/strong>. T\u00e1to praktick\u00e1 funkcia znamen\u00e1, \u017ee si nemus\u00ed\u0161 pam\u00e4ta\u0165, aby si kupoval l\u00edstky pred ka\u017ed\u00fdm \u017erebovan\u00edm \u2013 tvoje \u010d\u00edsla bud\u00fa automaticky zaraden\u00e9 do viacer\u00fdch bud\u00facich k\u00f4l. T\u00e1to mo\u017enos\u0165 vopred ti zaru\u010d\u00ed, \u017ee <strong>nikdy nevynech\u00e1\u0161 \u017erebovanie<\/strong> a zabezpe\u010d\u00ed ti pravideln\u00fa \u00fa\u010das\u0165 na lot\u00e9rii po\u010das nieko\u013ek\u00fdch t\u00fd\u017ed\u0148ov.<\/p>\n<h2>Ako skontrolova\u0165 v\u00fdsledky online lot\u00e9rie Powerball?<\/h2>\n<p>Jednoducho m\u00f4\u017ee\u0161 skontrolova\u0165 <a href=\"https:\/\/lottomat.com\/sk\/vysledky-loterie\/vysledky-hry-powerball\/\">najnov\u0161ie aj archivovan\u00e9 v\u00fdsledky Powerball<\/a> priamo na str\u00e1nke LottoMat. Na\u0161a str\u00e1nka s v\u00fdsledkami sa aktualizuje okam\u017eite po ka\u017edom \u017erebovan\u00ed, poskytuj\u00fac ti <strong>presn\u00e9 a aktu\u00e1lne v\u00fdhern\u00e9 \u010d\u00edsla.<\/strong> \u010ci u\u017e chce\u0161 skontrolova\u0165 posledn\u00e9 \u017erebovania alebo star\u0161ie v\u00fdsledky, v\u0161etky inform\u00e1cie s\u00fa ti k dispoz\u00edcii na jednom mieste. T\u00e1to praktick\u00e1 funkcia ti umo\u017en\u00ed r\u00fdchlo zisti\u0165, \u010di si vyhral, bez nutnosti h\u013eada\u0165 inde.<\/p>\n<h2><img loading=\"lazy\" decoding=\"async\" class=\"alignleft wp-image-252262\" src=\"https:\/\/lottomat.com\/wp-content\/uploads\/2025\/10\/Powerball-tickets-300x300.webp\" alt=\"l\u00edstky Powerball\" width=\"200\" height=\"200\" srcset=\"https:\/\/lottomat.com\/wp-content\/uploads\/2025\/10\/Powerball-tickets-300x300.webp 300w, https:\/\/lottomat.com\/wp-content\/uploads\/2025\/10\/Powerball-tickets-150x150.webp 150w, https:\/\/lottomat.com\/wp-content\/uploads\/2025\/10\/Powerball-tickets-100x100.webp 100w, https:\/\/lottomat.com\/wp-content\/uploads\/2025\/10\/Powerball-tickets.webp 400w\" sizes=\"auto, (max-width: 200px) 100vw, 200px\" \/>Skenuje LottoMat l\u00edstky Powerball online?<\/h2>\n<p><strong>\u00c1no, samozrejme!<\/strong> Na\u0161i autorizovan\u00ed agenti fyzicky kupuj\u00fa l\u00edstky Powerball v ofici\u00e1lnych, licencovan\u00fdch predajn\u00fdch miestach v tvojom mene. <strong>Skenujeme a bezpe\u010dne uchov\u00e1vame origin\u00e1lne l\u00edstky<\/strong>, aby sme zaistili \u00fapln\u00fa transparentnos\u0165 a bezpe\u010dnos\u0165 pre na\u0161ich hr\u00e1\u010dov. To znamen\u00e1, \u017ee m\u00e1\u0161 d\u00f4kaz o k\u00fape a m\u00f4\u017ee\u0161 si by\u0165 ist\u00fd, \u017ee tvoja \u00fa\u010das\u0165 je platn\u00e1 pre ofici\u00e1lne \u017erebovanie Powerball. Origin\u00e1lne l\u00edstky s\u00fa uchov\u00e1van\u00e9 v bezpe\u010dn\u00fdch priestoroch, \u010do ti d\u00e1va istotu o tvojej invest\u00edcii.<\/p>\n<h2>Ak\u00e9 s\u00fa najlep\u0161ie online tipy pre Powerball?<\/h2>\n<p>Hraj, najm\u00e4 ke\u010f je rollover. <strong>Powerball m\u00e1 najv\u00e4\u010d\u0161ie rollovery na svete,<\/strong> a aj s jedn\u00fdm l\u00edstkom m\u00e1\u0161 \u0161ancu vyhra\u0165. Najv\u00e4\u010d\u0161\u00ed jackpot dosiahol <strong>2,04 miliardy dol\u00e1rov!<\/strong> M\u00f4\u017ee\u0161 tie\u017e pou\u017ei\u0165 naj\u010dastej\u0161ie \u0165ahan\u00e9 \u010d\u00edsla, ktor\u00e9 n\u00e1jde\u0161 na <a href=\"https:\/\/lottomat.com\/sk\/vysledky-loterie\/\">str\u00e1nke s v\u00fdsledkami \u017erebovan\u00ed<\/a>. Obsahuje aktu\u00e1lne aj archivovan\u00e9 v\u00fdsledky. Pam\u00e4taj, \u017ee <strong>hra Powerball online by mala by\u0165 formou z\u00e1bavy,<\/strong> preto je d\u00f4le\u017eit\u00e9 hra\u0165 zodpovedne a s rozumom. Stanov si rozpo\u010det a dr\u017e sa ho, pri\u010dom l\u00edstky ber ako z\u00e1bavu, nie ako investi\u010dn\u00fa strat\u00e9giu.<\/p>\n<h3>Tipy, ktor\u00e9 m\u00f4\u017eu zv\u00fd\u0161i\u0165 tvoje \u0161ance na v\u00fdhru<\/h3>\n<p>K\u00fapa viacer\u00fdch l\u00edstkov Powerball znamen\u00e1, \u017ee ka\u017ed\u00fd \u010fal\u0161\u00ed l\u00edstok zvy\u0161uje \u0161ancu uh\u00e1dnu\u0165 v\u00fdhern\u00e9 \u010d\u00edsla. Uisti sa, \u017ee tvoje vybran\u00e9 \u010d\u00edsla s\u00fa r\u00f4znorod\u00e9, preto\u017ee rozsah je ve\u013ek\u00fd \u2013 neobmedzuj sa na d\u00e1tumy narodenia, ktor\u00e9 v\u00fdrazne zni\u017euj\u00fa mo\u017enosti. Aby si zn\u00ed\u017eil cenu <a href=\"https:\/\/lottomat.com\/sk\/hrat-loteriu\/\">n\u00e1kupu online l\u00edstkov<\/a>, m\u00f4\u017ee\u0161 pozva\u0165 svojich bl\u00edzkych, aby hrali spolu s tebou, \u010d\u00edm sa zv\u00fd\u0161ia \u0161ance na v\u00fdhru. N\u00e1klady na l\u00edstky sa daj\u00fa rozdeli\u0165 medzi viac \u013eud\u00ed, \u010do rob\u00ed hru dostupnej\u0161ou. Hraj, ke\u010f s\u00fa <a href=\"https:\/\/lottomat.com\/sk\/informacie-o-loterii\/\">najv\u00e4\u010d\u0161ie jackpoty<\/a>, preto\u017ee cel\u00e1 hra Powerball je o \u0161anci vyhra\u0165! <strong>Kedyko\u013evek si m\u00f4\u017ee\u0161 k\u00fapi\u0165 v\u00fdhern\u00fd l\u00edstok a sta\u0165 sa milion\u00e1rom!<\/strong><\/p>\n","protected":false},"excerpt":{"rendered":"<p>\u010co je lot\u00e9ria Powerball? Za\u010dnime s pravidlami tejto zn\u00e1mej lot\u00e9rie, ktor\u00e9 s\u00fa ve\u013emi jednoduch\u00e9, a ur\u010dite sa r\u00fdchlo nau\u010d\u00ed\u0161, ako hra\u0165 Powerball online. Hra spo\u010d\u00edva vo v\u00fdbere piatich \u010d\u00edsel z rozsahu 1 a\u017e 69 a jedn\u00e9ho extra \u010d\u00edsla, naz\u00fdvan\u00e9ho Power Ball, z rozsahu 1 a\u017e 26. Ak hr\u00e1\u010d uh\u00e1dne v\u0161etky v\u00fdhern\u00e9 \u010d\u00edsla, vyhr\u00e1va garantovan\u00fa hlavn\u00fa [&hellip;]<\/p>\n","protected":false},"author":1,"featured_media":0,"parent":6803,"menu_order":1,"comment_status":"closed","ping_status":"closed","template":"powerball-usa.php","meta":{"_et_pb_use_builder":"","_et_pb_old_content":"","_et_gb_content_width":"","exclude_from_search":false,"footnotes":""},"class_list":["post-8451","page","type-page","status-publish","hentry"],"yoast_head":"<!-- This site is optimized with the Yoast SEO plugin v23.8 - https:\/\/yoast.com\/wordpress\/plugins\/seo\/ -->\n<title>Hraj Powerball Online - L\u00edstky Powerball - LottoMat<\/title>\n<meta name=\"description\" content=\"Chce\u0161 hra\u0165 online lot\u00e9riu Powerball? Nau\u010d sa, ako hra\u0165 Powerball a sta\u0148 sa milion\u00e1rom! K\u00fap si l\u00edstky Powerball online kedyko\u013evek!\" \/>\n<meta name=\"robots\" content=\"index, follow, max-snippet:-1, max-image-preview:large, max-video-preview:-1\" \/>\n<link rel=\"canonical\" href=\"https:\/\/lottomat.com\/sk\/hraj\/powerball\/\" \/>\n<meta property=\"og:locale\" content=\"sk_SK\" \/>\n<meta property=\"og:type\" content=\"article\" \/>\n<meta property=\"og:title\" content=\"Hraj Powerball Online - L\u00edstky Powerball - LottoMat\" \/>\n<meta property=\"og:description\" content=\"Chce\u0161 hra\u0165 online lot\u00e9riu Powerball? Nau\u010d sa, ako hra\u0165 Powerball a sta\u0148 sa milion\u00e1rom! K\u00fap si l\u00edstky Powerball online kedyko\u013evek!\" \/>\n<meta property=\"og:url\" content=\"https:\/\/lottomat.com\/sk\/hraj\/powerball\/\" \/>\n<meta property=\"og:site_name\" content=\"Lottomat\" \/>\n<meta property=\"article:modified_time\" content=\"2026-03-07T18:08:17+00:00\" \/>\n<meta property=\"og:image\" content=\"https:\/\/lottomat.com\/wp-content\/uploads\/2025\/10\/play-Powerball.webp\" \/>\n\t<meta property=\"og:image:width\" content=\"400\" \/>\n\t<meta property=\"og:image:height\" content=\"400\" \/>\n\t<meta property=\"og:image:type\" content=\"image\/webp\" \/>\n<meta name=\"twitter:card\" content=\"summary_large_image\" \/>\n<meta name=\"twitter:label1\" content=\"Predpokladan\u00fd \u010das \u010d\u00edtania\" \/>\n\t<meta name=\"twitter:data1\" content=\"6 min\u00fat\" \/>\n<script type=\"application\/ld+json\" class=\"yoast-schema-graph\">{\"@context\":\"https:\/\/schema.org\",\"@graph\":[{\"@type\":\"WebPage\",\"@id\":\"https:\/\/lottomat.com\/sk\/hraj\/powerball\/\",\"url\":\"https:\/\/lottomat.com\/sk\/hraj\/powerball\/\",\"name\":\"Hraj Powerball Online - L\u00edstky Powerball - LottoMat\",\"isPartOf\":{\"@id\":\"https:\/\/lottomat.com\/sk\/#website\"},\"primaryImageOfPage\":{\"@id\":\"https:\/\/lottomat.com\/sk\/hraj\/powerball\/#primaryimage\"},\"image\":{\"@id\":\"https:\/\/lottomat.com\/sk\/hraj\/powerball\/#primaryimage\"},\"thumbnailUrl\":\"https:\/\/lottomat.com\/wp-content\/uploads\/2025\/10\/play-Powerball-150x150.webp\",\"datePublished\":\"2025-03-26T07:52:23+00:00\",\"dateModified\":\"2026-03-07T18:08:17+00:00\",\"description\":\"Chce\u0161 hra\u0165 online lot\u00e9riu Powerball? Nau\u010d sa, ako hra\u0165 Powerball a sta\u0148 sa milion\u00e1rom! K\u00fap si l\u00edstky Powerball online kedyko\u013evek!\",\"breadcrumb\":{\"@id\":\"https:\/\/lottomat.com\/sk\/hraj\/powerball\/#breadcrumb\"},\"inLanguage\":\"sk-SK\",\"potentialAction\":[{\"@type\":\"ReadAction\",\"target\":[\"https:\/\/lottomat.com\/sk\/hraj\/powerball\/\"]}]},{\"@type\":\"ImageObject\",\"inLanguage\":\"sk-SK\",\"@id\":\"https:\/\/lottomat.com\/sk\/hraj\/powerball\/#primaryimage\",\"url\":\"https:\/\/lottomat.com\/wp-content\/uploads\/2025\/10\/play-Powerball-150x150.webp\",\"contentUrl\":\"https:\/\/lottomat.com\/wp-content\/uploads\/2025\/10\/play-Powerball-150x150.webp\"},{\"@type\":\"BreadcrumbList\",\"@id\":\"https:\/\/lottomat.com\/sk\/hraj\/powerball\/#breadcrumb\",\"itemListElement\":[{\"@type\":\"ListItem\",\"position\":1,\"name\":\"Home\",\"item\":\"https:\/\/lottomat.com\/sk\/\"},{\"@type\":\"ListItem\",\"position\":2,\"name\":\"Hrajte Loto\",\"item\":\"https:\/\/lottomat.com\/sk\/hraj\/\"},{\"@type\":\"ListItem\",\"position\":3,\"name\":\"Hraj Powerball Online &#8211; L\u00edstky Powerball\"}]},{\"@type\":\"WebSite\",\"@id\":\"https:\/\/lottomat.com\/sk\/#website\",\"url\":\"https:\/\/lottomat.com\/sk\/\",\"name\":\"Lottomat\",\"description\":\"\",\"potentialAction\":[{\"@type\":\"SearchAction\",\"target\":{\"@type\":\"EntryPoint\",\"urlTemplate\":\"https:\/\/lottomat.com\/sk\/?s={search_term_string}\"},\"query-input\":{\"@type\":\"PropertyValueSpecification\",\"valueRequired\":true,\"valueName\":\"search_term_string\"}}],\"inLanguage\":\"sk-SK\"}]}<\/script>\n<!-- \/ Yoast SEO plugin. -->","yoast_head_json":{"title":"Hraj Powerball Online - L\u00edstky Powerball - LottoMat","description":"Chce\u0161 hra\u0165 online lot\u00e9riu Powerball? Nau\u010d sa, ako hra\u0165 Powerball a sta\u0148 sa milion\u00e1rom! K\u00fap si l\u00edstky Powerball online kedyko\u013evek!","robots":{"index":"index","follow":"follow","max-snippet":"max-snippet:-1","max-image-preview":"max-image-preview:large","max-video-preview":"max-video-preview:-1"},"canonical":"https:\/\/lottomat.com\/sk\/hraj\/powerball\/","og_locale":"sk_SK","og_type":"article","og_title":"Hraj Powerball Online - L\u00edstky Powerball - LottoMat","og_description":"Chce\u0161 hra\u0165 online lot\u00e9riu Powerball? Nau\u010d sa, ako hra\u0165 Powerball a sta\u0148 sa milion\u00e1rom! K\u00fap si l\u00edstky Powerball online kedyko\u013evek!","og_url":"https:\/\/lottomat.com\/sk\/hraj\/powerball\/","og_site_name":"Lottomat","article_modified_time":"2026-03-07T18:08:17+00:00","og_image":[{"width":400,"height":400,"url":"https:\/\/lottomat.com\/wp-content\/uploads\/2025\/10\/play-Powerball.webp","type":"image\/webp"}],"twitter_card":"summary_large_image","twitter_misc":{"Predpokladan\u00fd \u010das \u010d\u00edtania":"6 min\u00fat"},"schema":{"@context":"https:\/\/schema.org","@graph":[{"@type":"WebPage","@id":"https:\/\/lottomat.com\/sk\/hraj\/powerball\/","url":"https:\/\/lottomat.com\/sk\/hraj\/powerball\/","name":"Hraj Powerball Online - L\u00edstky Powerball - LottoMat","isPartOf":{"@id":"https:\/\/lottomat.com\/sk\/#website"},"primaryImageOfPage":{"@id":"https:\/\/lottomat.com\/sk\/hraj\/powerball\/#primaryimage"},"image":{"@id":"https:\/\/lottomat.com\/sk\/hraj\/powerball\/#primaryimage"},"thumbnailUrl":"https:\/\/lottomat.com\/wp-content\/uploads\/2025\/10\/play-Powerball-150x150.webp","datePublished":"2025-03-26T07:52:23+00:00","dateModified":"2026-03-07T18:08:17+00:00","description":"Chce\u0161 hra\u0165 online lot\u00e9riu Powerball? Nau\u010d sa, ako hra\u0165 Powerball a sta\u0148 sa milion\u00e1rom! K\u00fap si l\u00edstky Powerball online kedyko\u013evek!","breadcrumb":{"@id":"https:\/\/lottomat.com\/sk\/hraj\/powerball\/#breadcrumb"},"inLanguage":"sk-SK","potentialAction":[{"@type":"ReadAction","target":["https:\/\/lottomat.com\/sk\/hraj\/powerball\/"]}]},{"@type":"ImageObject","inLanguage":"sk-SK","@id":"https:\/\/lottomat.com\/sk\/hraj\/powerball\/#primaryimage","url":"https:\/\/lottomat.com\/wp-content\/uploads\/2025\/10\/play-Powerball-150x150.webp","contentUrl":"https:\/\/lottomat.com\/wp-content\/uploads\/2025\/10\/play-Powerball-150x150.webp"},{"@type":"BreadcrumbList","@id":"https:\/\/lottomat.com\/sk\/hraj\/powerball\/#breadcrumb","itemListElement":[{"@type":"ListItem","position":1,"name":"Home","item":"https:\/\/lottomat.com\/sk\/"},{"@type":"ListItem","position":2,"name":"Hrajte Loto","item":"https:\/\/lottomat.com\/sk\/hraj\/"},{"@type":"ListItem","position":3,"name":"Hraj Powerball Online &#8211; L\u00edstky Powerball"}]},{"@type":"WebSite","@id":"https:\/\/lottomat.com\/sk\/#website","url":"https:\/\/lottomat.com\/sk\/","name":"Lottomat","description":"","potentialAction":[{"@type":"SearchAction","target":{"@type":"EntryPoint","urlTemplate":"https:\/\/lottomat.com\/sk\/?s={search_term_string}"},"query-input":{"@type":"PropertyValueSpecification","valueRequired":true,"valueName":"search_term_string"}}],"inLanguage":"sk-SK"}]}},"_links":{"self":[{"href":"https:\/\/lottomat.com\/sk\/wp-json\/wp\/v2\/pages\/8451","targetHints":{"allow":["GET"]}}],"collection":[{"href":"https:\/\/lottomat.com\/sk\/wp-json\/wp\/v2\/pages"}],"about":[{"href":"https:\/\/lottomat.com\/sk\/wp-json\/wp\/v2\/types\/page"}],"author":[{"embeddable":true,"href":"https:\/\/lottomat.com\/sk\/wp-json\/wp\/v2\/users\/1"}],"replies":[{"embeddable":true,"href":"https:\/\/lottomat.com\/sk\/wp-json\/wp\/v2\/comments?post=8451"}],"version-history":[{"count":4,"href":"https:\/\/lottomat.com\/sk\/wp-json\/wp\/v2\/pages\/8451\/revisions"}],"predecessor-version":[{"id":272785,"href":"https:\/\/lottomat.com\/sk\/wp-json\/wp\/v2\/pages\/8451\/revisions\/272785"}],"up":[{"embeddable":true,"href":"https:\/\/lottomat.com\/sk\/wp-json\/wp\/v2\/pages\/6803"}],"wp:attachment":[{"href":"https:\/\/lottomat.com\/sk\/wp-json\/wp\/v2\/media?parent=8451"}],"curies":[{"name":"wp","href":"https:\/\/api.w.org\/{rel}","templated":true}]}}