{"id":6503,"date":"2025-03-26T07:12:15","date_gmt":"2025-03-26T07:12:15","guid":{"rendered":"https:\/\/lottomat.net\/domov-najvacsie-svetove-loterie-na-jednom-mieste\/"},"modified":"2026-02-13T11:19:17","modified_gmt":"2026-02-13T11:19:17","slug":"domov-najvacsie-svetove-loterie-na-jednom-mieste","status":"publish","type":"page","link":"https:\/\/lottomat.com\/sk\/","title":{"rendered":"Lottomat &#8211; najv\u00e4\u010d\u0161ie svetov\u00e9 lot\u00e9rie na jednom mieste"},"content":{"rendered":"\n\n<div class=\"kk-star-ratings kksr-auto kksr-align-left kksr-valign-top\"\n    data-payload='{&quot;align&quot;:&quot;left&quot;,&quot;id&quot;:&quot;6503&quot;,&quot;slug&quot;:&quot;default&quot;,&quot;valign&quot;:&quot;top&quot;,&quot;ignore&quot;:&quot;&quot;,&quot;reference&quot;:&quot;auto&quot;,&quot;class&quot;:&quot;&quot;,&quot;count&quot;:&quot;0&quot;,&quot;legendonly&quot;:&quot;&quot;,&quot;readonly&quot;:&quot;&quot;,&quot;score&quot;:&quot;0&quot;,&quot;starsonly&quot;:&quot;&quot;,&quot;best&quot;:&quot;5&quot;,&quot;gap&quot;:&quot;5&quot;,&quot;greet&quot;:&quot;Rate this page&quot;,&quot;legend&quot;:&quot;0\\\/5 - (0 votes)&quot;,&quot;size&quot;:&quot;30&quot;,&quot;title&quot;:&quot;Lottomat - najv\u00e4\u010d\u0161ie svetov\u00e9 lot\u00e9rie na jednom mieste&quot;,&quot;width&quot;:&quot;0&quot;,&quot;_legend&quot;:&quot;{score}\\\/{best} - ({count} {votes})&quot;,&quot;font_factor&quot;:&quot;1.25&quot;}'>\n            \n<div class=\"kksr-stars\">\n    \n<div class=\"kksr-stars-inactive\">\n            <div class=\"kksr-star\" data-star=\"1\" style=\"padding-right: 5px\">\n            \n\n<div class=\"kksr-icon\" style=\"width: 30px; height: 30px;\"><\/div>\n        <\/div>\n            <div class=\"kksr-star\" data-star=\"2\" style=\"padding-right: 5px\">\n            \n\n<div class=\"kksr-icon\" style=\"width: 30px; height: 30px;\"><\/div>\n        <\/div>\n            <div class=\"kksr-star\" data-star=\"3\" style=\"padding-right: 5px\">\n            \n\n<div class=\"kksr-icon\" style=\"width: 30px; height: 30px;\"><\/div>\n        <\/div>\n            <div class=\"kksr-star\" data-star=\"4\" style=\"padding-right: 5px\">\n            \n\n<div class=\"kksr-icon\" style=\"width: 30px; height: 30px;\"><\/div>\n        <\/div>\n            <div class=\"kksr-star\" data-star=\"5\" style=\"padding-right: 5px\">\n            \n\n<div class=\"kksr-icon\" style=\"width: 30px; height: 30px;\"><\/div>\n        <\/div>\n    <\/div>\n    \n<div class=\"kksr-stars-active\" style=\"width: 0px;\">\n            <div class=\"kksr-star\" style=\"padding-right: 5px\">\n            \n\n<div class=\"kksr-icon\" style=\"width: 30px; height: 30px;\"><\/div>\n        <\/div>\n            <div class=\"kksr-star\" style=\"padding-right: 5px\">\n            \n\n<div class=\"kksr-icon\" style=\"width: 30px; height: 30px;\"><\/div>\n        <\/div>\n            <div class=\"kksr-star\" style=\"padding-right: 5px\">\n            \n\n<div class=\"kksr-icon\" style=\"width: 30px; height: 30px;\"><\/div>\n        <\/div>\n            <div class=\"kksr-star\" style=\"padding-right: 5px\">\n            \n\n<div class=\"kksr-icon\" style=\"width: 30px; height: 30px;\"><\/div>\n        <\/div>\n            <div class=\"kksr-star\" style=\"padding-right: 5px\">\n            \n\n<div class=\"kksr-icon\" style=\"width: 30px; height: 30px;\"><\/div>\n        <\/div>\n    <\/div>\n<\/div>\n                \n\n<div class=\"kksr-legend\" style=\"font-size: 24px;\">\n            <span class=\"kksr-muted\">Rate this page<\/span>\n    <\/div>\n    <\/div>\n<h2 style=\"text-align: left;\"><img loading=\"lazy\" decoding=\"async\" class=\"alignleft wp-image-1091\" src=\"https:\/\/lottomat.com\/wp-content\/uploads\/2025\/03\/play-lotteries-available-in-other-countries-300x300.png\" alt=\"hrajte lot\u00e9rie dostupn\u00e9 v in\u00fdch krajin\u00e1ch\" width=\"130\" height=\"130\" srcset=\"https:\/\/lottomat.com\/wp-content\/uploads\/2025\/03\/play-lotteries-available-in-other-countries-300x300.png 300w, https:\/\/lottomat.com\/wp-content\/uploads\/2025\/03\/play-lotteries-available-in-other-countries-150x150.png 150w, https:\/\/lottomat.com\/wp-content\/uploads\/2025\/03\/play-lotteries-available-in-other-countries-100x100.png 100w, https:\/\/lottomat.com\/wp-content\/uploads\/2025\/03\/play-lotteries-available-in-other-countries.png 400w\" sizes=\"auto, (max-width: 130px) 100vw, 130px\" \/>M\u00f4\u017eem hra\u0165 lot\u00e9rie dostupn\u00e9 v in\u00fdch krajin\u00e1ch?<\/h2>\n<p>\u00c1no, \u00c1no, \u00c1no! Odpove\u010f na naj\u010dastej\u0161ie kladen\u00fa ot\u00e1zku na\u0161ich hr\u00e1\u010dov znie \u00e1no &#8211; m\u00f4\u017eete hra\u0165 najv\u00e4\u010d\u0161ie svetov\u00e9 lot\u00e9rie bez oh\u013eadu na krajinu v\u00e1\u0161ho bydliska. Na webovej str\u00e1nke Lottomat m\u00e1te k dispoz\u00edcii najv\u00e4\u010d\u0161ie lot\u00e9rie bez potreby nav\u0161t\u00edvi\u0165 ak\u00fako\u013evek kancel\u00e1riu lot\u00e9rie, vr\u00e1tane najbli\u017e\u0161ej vo va\u0161ej krajine bydliska. V Lottomat n\u00e1jdete lot\u00e9rie, ktor\u00e9 zaru\u010duj\u00fa najv\u00e4\u010d\u0161ie v\u00fdhry, medzi nimi SuperEnalotto, v ktorej mus\u00edte na v\u00fdhru hlavnej ceny spr\u00e1vne uh\u00e1dnu\u0165 6 \u010d\u00edsiel z 90. K dispoz\u00edcii je tie\u017e Eurojackpot a EuroMillions, ktor\u00e9 s\u00fa najv\u00fdznamnej\u0161\u00edmi eur\u00f3pskymi lot\u00e9riami; na v\u00fdhru sta\u010d\u00ed vybra\u0165 p\u00e4\u0165 \u010d\u00edsiel z 50. S nami m\u00f4\u017eete hra\u0165 aj French Lotto, UK Lotto alebo dve fantastick\u00e9 \u0161panielske lot\u00e9rie, El Gordo a La Primitiva, pon\u00fakaj\u00face vysok\u00fa \u0161ancu na v\u00fdhru. V na\u0161om portf\u00f3liu n\u00e1jdete aj najv\u00e4\u010d\u0161ie americk\u00e9 lot\u00e9rie, vr\u00e1tane Powerball, Mega Millions a mnoh\u00e9 \u010fal\u0161ie atrakt\u00edvne mo\u017enosti, ktor\u00e9 v\u00e1m poskytuj\u00fa pr\u00edle\u017eitos\u0165 zv\u00fd\u0161i\u0165 svoje \u0161ance na v\u00fdhru.<\/p>\n<hr \/>\n<h2><img loading=\"lazy\" decoding=\"async\" class=\"alignleft wp-image-21538 lazy loaded\" src=\"https:\/\/lottomat.net\/wp-content\/uploads\/2020\/06\/euro-jackpot-2.png\" alt=\"euro jackpot\" width=\"130\" height=\"130\" data-src=\"https:\/\/lottomat.net\/wp-content\/uploads\/2020\/06\/euro-jackpot-2.png\" data-was-processed=\"true\" srcset=\"https:\/\/lottomat.com\/wp-content\/uploads\/2020\/06\/euro-jackpot-2.png 400w, https:\/\/lottomat.com\/wp-content\/uploads\/2020\/06\/euro-jackpot-2-300x300.png 300w, https:\/\/lottomat.com\/wp-content\/uploads\/2020\/06\/euro-jackpot-2-150x150.png 150w, https:\/\/lottomat.com\/wp-content\/uploads\/2020\/06\/euro-jackpot-2-100x100.png 100w\" sizes=\"auto, (max-width: 130px) 100vw, 130px\" \/>Ako m\u00f4\u017eem k\u00fapi\u0165 tikety?<\/h2>\n<p>N\u00e1kup lot\u00e9riov\u00fdch tiketov online je mimoriadne jednoduch\u00fd, r\u00fdchly a predov\u0161etk\u00fdm bezpe\u010dn\u00fd. Sta\u010d\u00ed si vybra\u0165 lot\u00e9riu, zvoli\u0165 \u010d\u00edsla, dokon\u010di\u0165 jednoduch\u00fa registr\u00e1ciu, zaplati\u0165 kup\u00f3n a po \u017erebovan\u00ed overi\u0165, \u010di ste spr\u00e1vne vybrali.<\/p>\n<hr \/>\n<h2><img loading=\"lazy\" decoding=\"async\" class=\"alignleft wp-image-21566 lazy loaded\" src=\"https:\/\/lottomat.net\/wp-content\/uploads\/2020\/06\/Euro-Million.png\" alt=\"Euro Million\" width=\"130\" height=\"130\" data-src=\"https:\/\/lottomat.net\/wp-content\/uploads\/2020\/06\/Euro-Million.png\" data-was-processed=\"true\" srcset=\"https:\/\/lottomat.com\/wp-content\/uploads\/2020\/06\/Euro-Million.png 400w, https:\/\/lottomat.com\/wp-content\/uploads\/2020\/06\/Euro-Million-300x300.png 300w, https:\/\/lottomat.com\/wp-content\/uploads\/2020\/06\/Euro-Million-150x150.png 150w, https:\/\/lottomat.com\/wp-content\/uploads\/2020\/06\/Euro-Million-100x100.png 100w\" sizes=\"auto, (max-width: 130px) 100vw, 130px\" \/>\u010co sa stane po objednan\u00ed kup\u00f3nu online?<\/h2>\n<p>Jeden z na\u0161ich z\u00e1stupcov zak\u00fapi ofici\u00e1lny kup\u00f3n vo va\u0161om mene pod\u013ea \u010d\u00edsel, ktor\u00e9 ste si vybrali. V\u00e1\u0161 kup\u00f3n bude ulo\u017een\u00fd v sejfe a\u017e do \u017erebovania a \u010d\u00edsla, ktor\u00e9 ste vybrali, bud\u00fa na va\u0161om pou\u017e\u00edvate\u013eskom \u00fa\u010dte na na\u0161ej str\u00e1nke. Navy\u0161e, ke\u010f uskuto\u010dn\u00edte n\u00e1kup, Lottomat v\u00e1s upozorn\u00ed aj e-mailom o sume vynalo\u017eenej na n\u00e1kup tiketov, sp\u00f4sobe platby a \u010d\u00edslach, ktor\u00e9 ste si vybrali. Okrem toho bude na v\u00e1\u0161 \u00fa\u010det umiestnen\u00fd sken zak\u00fapen\u00e9ho kup\u00f3nu.<\/p>\n<hr \/>\n<h2><img loading=\"lazy\" decoding=\"async\" class=\"alignleft wp-image-21594 lazy loaded\" src=\"https:\/\/lottomat.net\/wp-content\/uploads\/2020\/06\/Euro-Millions.png\" alt=\"Euro Millions\" width=\"122\" height=\"122\" data-src=\"https:\/\/lottomat.net\/wp-content\/uploads\/2020\/06\/Euro-Millions.png\" data-was-processed=\"true\" srcset=\"https:\/\/lottomat.com\/wp-content\/uploads\/2020\/06\/Euro-Millions.png 400w, https:\/\/lottomat.com\/wp-content\/uploads\/2020\/06\/Euro-Millions-300x300.png 300w, https:\/\/lottomat.com\/wp-content\/uploads\/2020\/06\/Euro-Millions-150x150.png 150w, https:\/\/lottomat.com\/wp-content\/uploads\/2020\/06\/Euro-Millions-100x100.png 100w\" sizes=\"auto, (max-width: 122px) 100vw, 122px\" \/>Ako nezme\u0161ka\u0165 jackpoty?<\/h2>\n<p>Lottomat v\u00e1s bude informova\u0165 o nadch\u00e1dzaj\u00facich jackpotoch. Vopred dostanete e-mail, ktor\u00fd v\u00e1m pripomenie nadch\u00e1dzaj\u00face \u017erebovanie a budete si m\u00f4c\u0165 napl\u00e1nova\u0165 svoj hern\u00fd rozvrh pomocou mo\u017enosti predplatn\u00e9ho.<\/p>\n<p>&nbsp;<\/p>\n<hr \/>\n<h2><img loading=\"lazy\" decoding=\"async\" class=\"alignleft wp-image-21622 lazy loaded\" src=\"https:\/\/lottomat.net\/wp-content\/uploads\/2020\/06\/mega-millions.png\" alt=\"mega millions\" width=\"130\" height=\"130\" data-src=\"https:\/\/lottomat.net\/wp-content\/uploads\/2020\/06\/mega-millions.png\" data-was-processed=\"true\" srcset=\"https:\/\/lottomat.com\/wp-content\/uploads\/2020\/06\/mega-millions.png 400w, https:\/\/lottomat.com\/wp-content\/uploads\/2020\/06\/mega-millions-300x300.png 300w, https:\/\/lottomat.com\/wp-content\/uploads\/2020\/06\/mega-millions-150x150.png 150w, https:\/\/lottomat.com\/wp-content\/uploads\/2020\/06\/mega-millions-100x100.png 100w\" sizes=\"auto, (max-width: 130px) 100vw, 130px\" \/>\u010co ak vyhr\u00e1m?<\/h2>\n<p>Aj v tomto momente v\u00e1m Lottomat u\u013eah\u010duje vyberanie va\u0161ich v\u00fdhier. V\u0161etky va\u0161e v\u00fdhry a\u017e do v\u00fd\u0161ky 2 500 EUR s\u00fa automaticky prip\u00edsan\u00e9 na v\u00e1\u0161 \u00fa\u010det v na\u0161om syst\u00e9me ihne\u010f po \u017erebovan\u00ed a m\u00f4\u017eu by\u0165 pou\u017eit\u00e9 na va\u0161e \u010fal\u0161ie n\u00e1kupy alebo vy\u017eiadan\u00e9 ako v\u00fdber z v\u00e1\u0161ho \u00fa\u010dtu. V\u0161etko toto rob\u00edte online &#8211; pohodlne a bezpe\u010dne. V pr\u00edpade v\u00fdznamn\u00fdch cien v\u00e1m Lottomat pom\u00f4\u017ee vybra\u0165 najvhodnej\u0161iu formu prevzatia odmeny. Ve\u013ek\u00e9 ceny s\u00fa zvy\u010dajne vlo\u017een\u00e9 na bankov\u00fd \u00fa\u010det, ktor\u00fd ur\u010d\u00edte, a v niektor\u00fdch pr\u00edpadoch m\u00f4\u017ee by\u0165 vy\u017eadovan\u00e1 va\u0161a pr\u00edtomnos\u0165 na prevzatie v\u00fdhry. Aj toto zariadime tak, aby ste si mohli plne u\u017ei\u0165 v\u00fdhry, rovnako ako mnoho na\u0161ich s\u00fa\u010dasn\u00fdch v\u00fdhercov.<\/p>\n<hr \/>\n<h2><img loading=\"lazy\" decoding=\"async\" class=\"alignleft wp-image-21650 lazy loaded\" src=\"https:\/\/lottomat.net\/wp-content\/uploads\/2020\/06\/online-lotto.png\" alt=\"online lotto\" width=\"130\" height=\"130\" data-src=\"https:\/\/lottomat.net\/wp-content\/uploads\/2020\/06\/online-lotto.png\" data-was-processed=\"true\" srcset=\"https:\/\/lottomat.com\/wp-content\/uploads\/2020\/06\/online-lotto.png 400w, https:\/\/lottomat.com\/wp-content\/uploads\/2020\/06\/online-lotto-300x300.png 300w, https:\/\/lottomat.com\/wp-content\/uploads\/2020\/06\/online-lotto-150x150.png 150w, https:\/\/lottomat.com\/wp-content\/uploads\/2020\/06\/online-lotto-100x100.png 100w\" sizes=\"auto, (max-width: 130px) 100vw, 130px\" \/>Existuj\u00fa nejak\u00e9 met\u00f3dy na v\u00fdhru?<\/h2>\n<p>Chceme v\u00e1s uisti\u0165, \u017ee o tak\u00fdchto met\u00f3dach nevieme. Lot\u00e9rie, rovnako ako v\u00e4\u010d\u0161ina \u010d\u00edseln\u00fdch hier, s\u00fa zalo\u017een\u00e9 na n\u00e1hodnosti. Pravdepodobne ste po\u010duli, \u017ee niekto objavil syst\u00e9m na hru Lotto alebo in\u00fa hazardn\u00fa hru. Napriek d\u00f4kazom nazna\u010duj\u00facim, \u017ee ur\u010dit\u00e9 \u010d\u00edsla s\u00fa \u0165ahan\u00e9 \u010dastej\u0161ie ako in\u00e9, odborn\u00edci sa zhoduj\u00fa, \u017ee neexistuje \u017eiadny overen\u00fd syst\u00e9m. Toto je paradox Lotta. Ka\u017ed\u00fd m\u00e1 tu rovnak\u00e9 \u0161ance, tak\u017ee mo\u017eno pr\u00e1ve dnes va\u0161a sada \u010d\u00edsel vyhr\u00e1. Tak po\u010fme hra\u0165 systematicky, preto\u017ee \u0161\u0165astie sa m\u00f4\u017ee usmia\u0165 kedyko\u013evek. Na\u0161i s\u00fa\u010dasn\u00ed v\u00fdhercovia nazna\u010duj\u00fa, \u017ee pravidelnos\u0165 a d\u00f4sledn\u00e1 hra s\u00fa k\u013e\u00fa\u010dom k v\u00fdhre.<\/p>\n<hr \/>\n<h2 style=\"text-align: center;\"><span style=\"color: #00b3ff;\">S nami m\u00f4\u017eete hra\u0165 24\/7, 365 dn\u00ed v roku.<\/span><\/h2>\n","protected":false},"excerpt":{"rendered":"<p>M\u00f4\u017eem hra\u0165 lot\u00e9rie dostupn\u00e9 v in\u00fdch krajin\u00e1ch? \u00c1no, \u00c1no, \u00c1no! Odpove\u010f na naj\u010dastej\u0161ie kladen\u00fa ot\u00e1zku na\u0161ich hr\u00e1\u010dov znie \u00e1no &#8211; m\u00f4\u017eete hra\u0165 najv\u00e4\u010d\u0161ie svetov\u00e9 lot\u00e9rie bez oh\u013eadu na krajinu v\u00e1\u0161ho bydliska. Na webovej str\u00e1nke Lottomat m\u00e1te k dispoz\u00edcii najv\u00e4\u010d\u0161ie lot\u00e9rie bez potreby nav\u0161t\u00edvi\u0165 ak\u00fako\u013evek kancel\u00e1riu lot\u00e9rie, vr\u00e1tane najbli\u017e\u0161ej vo va\u0161ej krajine bydliska. V Lottomat n\u00e1jdete [&hellip;]<\/p>\n","protected":false},"author":1,"featured_media":0,"parent":0,"menu_order":1,"comment_status":"closed","ping_status":"closed","template":"lotto.php","meta":{"_et_pb_use_builder":"","_et_pb_old_content":"","_et_gb_content_width":"","exclude_from_search":false,"footnotes":""},"class_list":["post-6503","page","type-page","status-publish","hentry"],"yoast_head":"<!-- This site is optimized with the Yoast SEO plugin v23.8 - https:\/\/yoast.com\/wordpress\/plugins\/seo\/ -->\n<title>Lotto online - k\u00fapa \u017erebov online - Lottomat.com<\/title>\n<meta name=\"description\" content=\"Lottomat pon\u00faka najv\u00e4\u010d\u0161ie lot\u00e9rie na svete s najlep\u0161\u00edmi jackpotmi. Hrajte online a vyhrajte ve\u013ek\u00e9 sumy! K\u00fapte si tikety a skontrolujte v\u00fdsledky.\" \/>\n<meta name=\"robots\" content=\"index, follow, max-snippet:-1, max-image-preview:large, max-video-preview:-1\" \/>\n<link rel=\"canonical\" href=\"https:\/\/lottomat.com\/sk\/\" \/>\n<meta property=\"og:locale\" content=\"sk_SK\" \/>\n<meta property=\"og:type\" content=\"article\" \/>\n<meta property=\"og:title\" content=\"Lotto online - k\u00fapa \u017erebov online - Lottomat.com\" \/>\n<meta property=\"og:description\" content=\"Lottomat pon\u00faka najv\u00e4\u010d\u0161ie lot\u00e9rie na svete s najlep\u0161\u00edmi jackpotmi. Hrajte online a vyhrajte ve\u013ek\u00e9 sumy! K\u00fapte si tikety a skontrolujte v\u00fdsledky.\" \/>\n<meta property=\"og:url\" content=\"https:\/\/lottomat.com\/sk\/\" \/>\n<meta property=\"og:site_name\" content=\"Lottomat\" \/>\n<meta property=\"article:modified_time\" content=\"2026-02-13T11:19:17+00:00\" \/>\n<meta property=\"og:image\" content=\"https:\/\/lottomat.com\/wp-content\/uploads\/2025\/03\/play-lotteries-available-in-other-countries-300x300.png\" \/>\n<meta name=\"twitter:card\" content=\"summary_large_image\" \/>\n<meta name=\"twitter:label1\" content=\"Predpokladan\u00fd \u010das \u010d\u00edtania\" \/>\n\t<meta name=\"twitter:data1\" content=\"4 min\u00faty\" \/>\n<script type=\"application\/ld+json\" class=\"yoast-schema-graph\">{\"@context\":\"https:\/\/schema.org\",\"@graph\":[{\"@type\":\"WebPage\",\"@id\":\"https:\/\/lottomat.com\/sk\/\",\"url\":\"https:\/\/lottomat.com\/sk\/\",\"name\":\"Lotto online - k\u00fapa \u017erebov online - Lottomat.com\",\"isPartOf\":{\"@id\":\"https:\/\/lottomat.com\/sk\/#website\"},\"primaryImageOfPage\":{\"@id\":\"https:\/\/lottomat.com\/sk\/#primaryimage\"},\"image\":{\"@id\":\"https:\/\/lottomat.com\/sk\/#primaryimage\"},\"thumbnailUrl\":\"https:\/\/lottomat.com\/wp-content\/uploads\/2025\/03\/play-lotteries-available-in-other-countries-300x300.png\",\"datePublished\":\"2025-03-26T07:12:15+00:00\",\"dateModified\":\"2026-02-13T11:19:17+00:00\",\"description\":\"Lottomat pon\u00faka najv\u00e4\u010d\u0161ie lot\u00e9rie na svete s najlep\u0161\u00edmi jackpotmi. Hrajte online a vyhrajte ve\u013ek\u00e9 sumy! K\u00fapte si tikety a skontrolujte v\u00fdsledky.\",\"breadcrumb\":{\"@id\":\"https:\/\/lottomat.com\/sk\/#breadcrumb\"},\"inLanguage\":\"sk-SK\",\"potentialAction\":[{\"@type\":\"ReadAction\",\"target\":[\"https:\/\/lottomat.com\/sk\/\"]}]},{\"@type\":\"ImageObject\",\"inLanguage\":\"sk-SK\",\"@id\":\"https:\/\/lottomat.com\/sk\/#primaryimage\",\"url\":\"https:\/\/lottomat.com\/wp-content\/uploads\/2025\/03\/play-lotteries-available-in-other-countries-300x300.png\",\"contentUrl\":\"https:\/\/lottomat.com\/wp-content\/uploads\/2025\/03\/play-lotteries-available-in-other-countries-300x300.png\"},{\"@type\":\"BreadcrumbList\",\"@id\":\"https:\/\/lottomat.com\/sk\/#breadcrumb\",\"itemListElement\":[{\"@type\":\"ListItem\",\"position\":1,\"name\":\"Home\",\"item\":\"https:\/\/lottomat.com\/sk\/\"},{\"@type\":\"ListItem\",\"position\":2,\"name\":\"Lottomat &#8211; najv\u00e4\u010d\u0161ie svetov\u00e9 lot\u00e9rie na jednom mieste\"}]},{\"@type\":\"WebSite\",\"@id\":\"https:\/\/lottomat.com\/sk\/#website\",\"url\":\"https:\/\/lottomat.com\/sk\/\",\"name\":\"Lottomat\",\"description\":\"\",\"potentialAction\":[{\"@type\":\"SearchAction\",\"target\":{\"@type\":\"EntryPoint\",\"urlTemplate\":\"https:\/\/lottomat.com\/sk\/?s={search_term_string}\"},\"query-input\":{\"@type\":\"PropertyValueSpecification\",\"valueRequired\":true,\"valueName\":\"search_term_string\"}}],\"inLanguage\":\"sk-SK\"}]}<\/script>\n<!-- \/ Yoast SEO plugin. -->","yoast_head_json":{"title":"Lotto online - k\u00fapa \u017erebov online - Lottomat.com","description":"Lottomat pon\u00faka najv\u00e4\u010d\u0161ie lot\u00e9rie na svete s najlep\u0161\u00edmi jackpotmi. Hrajte online a vyhrajte ve\u013ek\u00e9 sumy! K\u00fapte si tikety a skontrolujte v\u00fdsledky.","robots":{"index":"index","follow":"follow","max-snippet":"max-snippet:-1","max-image-preview":"max-image-preview:large","max-video-preview":"max-video-preview:-1"},"canonical":"https:\/\/lottomat.com\/sk\/","og_locale":"sk_SK","og_type":"article","og_title":"Lotto online - k\u00fapa \u017erebov online - Lottomat.com","og_description":"Lottomat pon\u00faka najv\u00e4\u010d\u0161ie lot\u00e9rie na svete s najlep\u0161\u00edmi jackpotmi. Hrajte online a vyhrajte ve\u013ek\u00e9 sumy! K\u00fapte si tikety a skontrolujte v\u00fdsledky.","og_url":"https:\/\/lottomat.com\/sk\/","og_site_name":"Lottomat","article_modified_time":"2026-02-13T11:19:17+00:00","og_image":[{"url":"https:\/\/lottomat.com\/wp-content\/uploads\/2025\/03\/play-lotteries-available-in-other-countries-300x300.png"}],"twitter_card":"summary_large_image","twitter_misc":{"Predpokladan\u00fd \u010das \u010d\u00edtania":"4 min\u00faty"},"schema":{"@context":"https:\/\/schema.org","@graph":[{"@type":"WebPage","@id":"https:\/\/lottomat.com\/sk\/","url":"https:\/\/lottomat.com\/sk\/","name":"Lotto online - k\u00fapa \u017erebov online - Lottomat.com","isPartOf":{"@id":"https:\/\/lottomat.com\/sk\/#website"},"primaryImageOfPage":{"@id":"https:\/\/lottomat.com\/sk\/#primaryimage"},"image":{"@id":"https:\/\/lottomat.com\/sk\/#primaryimage"},"thumbnailUrl":"https:\/\/lottomat.com\/wp-content\/uploads\/2025\/03\/play-lotteries-available-in-other-countries-300x300.png","datePublished":"2025-03-26T07:12:15+00:00","dateModified":"2026-02-13T11:19:17+00:00","description":"Lottomat pon\u00faka najv\u00e4\u010d\u0161ie lot\u00e9rie na svete s najlep\u0161\u00edmi jackpotmi. Hrajte online a vyhrajte ve\u013ek\u00e9 sumy! K\u00fapte si tikety a skontrolujte v\u00fdsledky.","breadcrumb":{"@id":"https:\/\/lottomat.com\/sk\/#breadcrumb"},"inLanguage":"sk-SK","potentialAction":[{"@type":"ReadAction","target":["https:\/\/lottomat.com\/sk\/"]}]},{"@type":"ImageObject","inLanguage":"sk-SK","@id":"https:\/\/lottomat.com\/sk\/#primaryimage","url":"https:\/\/lottomat.com\/wp-content\/uploads\/2025\/03\/play-lotteries-available-in-other-countries-300x300.png","contentUrl":"https:\/\/lottomat.com\/wp-content\/uploads\/2025\/03\/play-lotteries-available-in-other-countries-300x300.png"},{"@type":"BreadcrumbList","@id":"https:\/\/lottomat.com\/sk\/#breadcrumb","itemListElement":[{"@type":"ListItem","position":1,"name":"Home","item":"https:\/\/lottomat.com\/sk\/"},{"@type":"ListItem","position":2,"name":"Lottomat &#8211; najv\u00e4\u010d\u0161ie svetov\u00e9 lot\u00e9rie na jednom mieste"}]},{"@type":"WebSite","@id":"https:\/\/lottomat.com\/sk\/#website","url":"https:\/\/lottomat.com\/sk\/","name":"Lottomat","description":"","potentialAction":[{"@type":"SearchAction","target":{"@type":"EntryPoint","urlTemplate":"https:\/\/lottomat.com\/sk\/?s={search_term_string}"},"query-input":{"@type":"PropertyValueSpecification","valueRequired":true,"valueName":"search_term_string"}}],"inLanguage":"sk-SK"}]}},"_links":{"self":[{"href":"https:\/\/lottomat.com\/sk\/wp-json\/wp\/v2\/pages\/6503","targetHints":{"allow":["GET"]}}],"collection":[{"href":"https:\/\/lottomat.com\/sk\/wp-json\/wp\/v2\/pages"}],"about":[{"href":"https:\/\/lottomat.com\/sk\/wp-json\/wp\/v2\/types\/page"}],"author":[{"embeddable":true,"href":"https:\/\/lottomat.com\/sk\/wp-json\/wp\/v2\/users\/1"}],"replies":[{"embeddable":true,"href":"https:\/\/lottomat.com\/sk\/wp-json\/wp\/v2\/comments?post=6503"}],"version-history":[{"count":1,"href":"https:\/\/lottomat.com\/sk\/wp-json\/wp\/v2\/pages\/6503\/revisions"}],"predecessor-version":[{"id":270977,"href":"https:\/\/lottomat.com\/sk\/wp-json\/wp\/v2\/pages\/6503\/revisions\/270977"}],"wp:attachment":[{"href":"https:\/\/lottomat.com\/sk\/wp-json\/wp\/v2\/media?parent=6503"}],"curies":[{"name":"wp","href":"https:\/\/api.w.org\/{rel}","templated":true}]}}