{"id":272134,"date":"2025-05-18T16:33:53","date_gmt":"2025-05-18T16:33:53","guid":{"rendered":"https:\/\/lottomat.com\/?page_id=272134"},"modified":"2026-03-15T12:05:50","modified_gmt":"2026-03-15T12:05:50","slug":"euromillions-eu","status":"publish","type":"page","link":"https:\/\/lottomat.com\/sk\/loterie\/euromillions-eu\/","title":{"rendered":"Pravidl\u00e1 EuroMillions Rak\u00fasko: V\u00fdhry a jackpot"},"content":{"rendered":"\n\n<div class=\"kk-star-ratings kksr-auto kksr-align-left kksr-valign-top\"\n    data-payload='{&quot;align&quot;:&quot;left&quot;,&quot;id&quot;:&quot;272134&quot;,&quot;slug&quot;:&quot;default&quot;,&quot;valign&quot;:&quot;top&quot;,&quot;ignore&quot;:&quot;&quot;,&quot;reference&quot;:&quot;auto&quot;,&quot;class&quot;:&quot;&quot;,&quot;count&quot;:&quot;0&quot;,&quot;legendonly&quot;:&quot;&quot;,&quot;readonly&quot;:&quot;&quot;,&quot;score&quot;:&quot;0&quot;,&quot;starsonly&quot;:&quot;&quot;,&quot;best&quot;:&quot;5&quot;,&quot;gap&quot;:&quot;5&quot;,&quot;greet&quot;:&quot;Rate this page&quot;,&quot;legend&quot;:&quot;0\\\/5 - (0 votes)&quot;,&quot;size&quot;:&quot;30&quot;,&quot;title&quot;:&quot;Pravidl\u00e1 EuroMillions Rak\u00fasko: V\u00fdhry a jackpot&quot;,&quot;width&quot;:&quot;0&quot;,&quot;_legend&quot;:&quot;{score}\\\/{best} - ({count} {votes})&quot;,&quot;font_factor&quot;:&quot;1.25&quot;}'>\n            \n<div class=\"kksr-stars\">\n    \n<div class=\"kksr-stars-inactive\">\n            <div class=\"kksr-star\" data-star=\"1\" style=\"padding-right: 5px\">\n            \n\n<div class=\"kksr-icon\" style=\"width: 30px; height: 30px;\"><\/div>\n        <\/div>\n            <div class=\"kksr-star\" data-star=\"2\" style=\"padding-right: 5px\">\n            \n\n<div class=\"kksr-icon\" style=\"width: 30px; height: 30px;\"><\/div>\n        <\/div>\n            <div class=\"kksr-star\" data-star=\"3\" style=\"padding-right: 5px\">\n            \n\n<div class=\"kksr-icon\" style=\"width: 30px; height: 30px;\"><\/div>\n        <\/div>\n            <div class=\"kksr-star\" data-star=\"4\" style=\"padding-right: 5px\">\n            \n\n<div class=\"kksr-icon\" style=\"width: 30px; height: 30px;\"><\/div>\n        <\/div>\n            <div class=\"kksr-star\" data-star=\"5\" style=\"padding-right: 5px\">\n            \n\n<div class=\"kksr-icon\" style=\"width: 30px; height: 30px;\"><\/div>\n        <\/div>\n    <\/div>\n    \n<div class=\"kksr-stars-active\" style=\"width: 0px;\">\n            <div class=\"kksr-star\" style=\"padding-right: 5px\">\n            \n\n<div class=\"kksr-icon\" style=\"width: 30px; height: 30px;\"><\/div>\n        <\/div>\n            <div class=\"kksr-star\" style=\"padding-right: 5px\">\n            \n\n<div class=\"kksr-icon\" style=\"width: 30px; height: 30px;\"><\/div>\n        <\/div>\n            <div class=\"kksr-star\" style=\"padding-right: 5px\">\n            \n\n<div class=\"kksr-icon\" style=\"width: 30px; height: 30px;\"><\/div>\n        <\/div>\n            <div class=\"kksr-star\" style=\"padding-right: 5px\">\n            \n\n<div class=\"kksr-icon\" style=\"width: 30px; height: 30px;\"><\/div>\n        <\/div>\n            <div class=\"kksr-star\" style=\"padding-right: 5px\">\n            \n\n<div class=\"kksr-icon\" style=\"width: 30px; height: 30px;\"><\/div>\n        <\/div>\n    <\/div>\n<\/div>\n                \n\n<div class=\"kksr-legend\" style=\"font-size: 24px;\">\n            <span class=\"kksr-muted\">Rate this page<\/span>\n    <\/div>\n    <\/div>\n<h2>Objavte vzru\u0161enie EuroMillions Rak\u00fasko \u2013 va\u0161a br\u00e1na k v\u00fdhr\u00e1m, ktor\u00e9 zmenia \u017eivot!<\/h2>\n<p><img loading=\"lazy\" decoding=\"async\" class=\"alignleft wp-image-268187\" src=\"https:\/\/lottomat.com\/wp-content\/uploads\/2026\/01\/Austrian-EuroMillions-prizes.webp\" alt=\"Rak\u00faske v\u00fdhry EuroMillions\" width=\"200\" height=\"200\" srcset=\"https:\/\/lottomat.com\/wp-content\/uploads\/2026\/01\/Austrian-EuroMillions-prizes.webp 400w, https:\/\/lottomat.com\/wp-content\/uploads\/2026\/01\/Austrian-EuroMillions-prizes-300x300.webp 300w, https:\/\/lottomat.com\/wp-content\/uploads\/2026\/01\/Austrian-EuroMillions-prizes-150x150.webp 150w, https:\/\/lottomat.com\/wp-content\/uploads\/2026\/01\/Austrian-EuroMillions-prizes-100x100.webp 100w\" sizes=\"auto, (max-width: 200px) 100vw, 200px\" \/>Predstavte si, \u017ee sa zajtra r\u00e1no prebud\u00edte a zist\u00edte, \u017ee sa va\u0161e sny m\u00f4\u017eu kone\u010dne splni\u0165 \u2013 luxusn\u00fd dom, exotick\u00e9 dovolenky, finan\u010dn\u00e9 zabezpe\u010denie pre va\u0161ich bl\u00edzkych a sloboda \u017ei\u0165 \u017eivot pod\u013ea vlastn\u00fdch pravidiel. S EuroMillions Rak\u00fasko, ofici\u00e1lne zn\u00e1mym ako EuroMillions EU, sa tento sen m\u00f4\u017ee sta\u0165 va\u0161ou realitou! Ako jedna z najpopul\u00e1rnej\u0161\u00edch a najvzru\u0161uj\u00facej\u0161\u00edch eur\u00f3pskych lot\u00e9ri\u00ed v\u00e1m EuroMillions Rak\u00fasko pon\u00faka jedine\u010dn\u00fa \u0161ancu vyhra\u0165 z\u00e1vrat ber\u00face jackpoty a za\u017ei\u0165 neuverite\u013en\u00fd z\u00e1\u017eitok, ktor\u00fd zmen\u00ed v\u00e1\u0161 \u017eivot. Pozrime sa na v\u0161etko, \u010do potrebujete vedie\u0165 o tejto skvelej lot\u00e9rii a \u010d\u00edm sa l\u00ed\u0161i od svojho britsk\u00e9ho n\u00e1protivku. Zistite viac o pravidl\u00e1ch EuroMillions Rak\u00fasko a potom&#8230; <a href=\"https:\/\/lottomat.com\/sk\/hrat-loteriu\/euromillions-eu\/\">zahrajte si EuroMillions Rak\u00fasko online<\/a> na Lottomat!<\/p>\n<h2>\u010co je EuroMillions Rak\u00fasko (EuroMillions EU)?<\/h2>\n<p>EuroMillions Rak\u00fasko je rak\u00faska \u00fa\u010das\u0165 na sl\u00e1vnej lot\u00e9rii EuroMillions \u2013 nadn\u00e1rodnej eur\u00f3pskej lot\u00e9rii, ktor\u00e1 sp\u00e1ja hr\u00e1\u010dov z Rak\u00faska, \u0160panielska, Franc\u00fazska, Belgicka, \u00cdrska, Luxemburska, Portugalska a \u0160vaj\u010diarska. Od svojho vzniku v roku 2004 sa EuroMillions r\u00fdchlo stalo senz\u00e1ciou na celom kontinente v\u010faka obrovsk\u00fdm jackpotom a jednoduchej, p\u00fatavej hrate\u013enosti.<\/p>\n<p>Ak si chcete zahra\u0165 EuroMillions Rak\u00fasko, vyberiete p\u00e4\u0165 hlavn\u00fdch \u010d\u00edsel od 1 do 50 a dve \u010d\u00edsla Lucky Stars od 1 do 12. \u017drebovania sa konaj\u00fa ka\u017ed\u00fd utorok a piatok ve\u010der v Par\u00ed\u017ei a nap\u00e4tie je hmatate\u013en\u00e9, ke\u010f\u017ee mili\u00f3ny Eur\u00f3panov zadr\u017eiavaj\u00fa dych v n\u00e1deji, \u017ee padn\u00fa pr\u00e1ve ich \u010d\u00edsla!<\/p>\n<h2>Ako funguje EuroMillions Rak\u00fasko? Pravidl\u00e1 EuroMillions Rak\u00fasko<img loading=\"lazy\" decoding=\"async\" class=\"alignright wp-image-268217\" src=\"https:\/\/lottomat.com\/wp-content\/uploads\/2026\/01\/Austrian-EuroMillions-rules.webp\" alt=\"Rak\u00faske pravidl\u00e1 EuroMillions\" width=\"200\" height=\"200\" srcset=\"https:\/\/lottomat.com\/wp-content\/uploads\/2026\/01\/Austrian-EuroMillions-rules.webp 400w, https:\/\/lottomat.com\/wp-content\/uploads\/2026\/01\/Austrian-EuroMillions-rules-300x300.webp 300w, https:\/\/lottomat.com\/wp-content\/uploads\/2026\/01\/Austrian-EuroMillions-rules-150x150.webp 150w, https:\/\/lottomat.com\/wp-content\/uploads\/2026\/01\/Austrian-EuroMillions-rules-100x100.webp 100w\" sizes=\"auto, (max-width: 200px) 100vw, 200px\" \/><\/h2>\n<p>Za\u010da\u0165 hra\u0165 je jednoduch\u00e9 a dostupn\u00e9 pre ka\u017ed\u00e9ho. <a href=\"https:\/\/lottomat.com\/sk\/hrat-loteriu\/\">L\u00edstky si m\u00f4\u017eete k\u00fapi\u0165<\/a> v autorizovan\u00fdch predajniach po celom Rak\u00fasku alebo hra\u0165 online z pohodlia vlastn\u00e9ho domova. Minim\u00e1lny jackpot za\u010d\u00edna na \u00factyhodn\u00fdch 17 mili\u00f3noch eur, no v\u010faka rolovaniu m\u00f4\u017ee vy\u0161plha\u0165 a\u017e na z\u00e1vrat ber\u00facich 240 mili\u00f3nov eur! K dispoz\u00edcii je 13 r\u00f4znych v\u00fdhern\u00fdch kateg\u00f3ri\u00ed, \u010do znamen\u00e1, \u017ee m\u00e1te viacero \u0161anc\u00ed na v\u00fdhru, aj ke\u010f netraf\u00edte jackpot.<\/p>\n<p>Ke\u010f hr\u00e1te EuroMillions Rak\u00fasko, neprid\u00e1vate sa len k lot\u00e9rii \u2013 st\u00e1vate sa s\u00fa\u010das\u0165ou komunity sn\u00edlkov, ktor\u00ed v\u0161etci d\u00fafaj\u00fa v ten magick\u00fd okamih, ke\u010f sa ich \u017eivoty nav\u017edy zmenia. \u010ci vyhr\u00e1te men\u0161iu cenu, alebo traf\u00edte rekordn\u00fd jackpot, ka\u017ed\u00fd l\u00edstok v sebe nesie pr\u00eds\u013eub lep\u0161ieho zajtraj\u0161ka.<\/p>\n<h2>EuroMillions Rak\u00fasko vs. EuroMillions UK \u2013 K\u013e\u00fa\u010dov\u00e9 rozdiely<\/h2>\n<p><img loading=\"lazy\" decoding=\"async\" class=\"alignleft wp-image-268247\" src=\"https:\/\/lottomat.com\/wp-content\/uploads\/2026\/01\/EuroMillions-Austria-jackpot.webp\" alt=\"Jackpot EuroMillions Rak\u00fasko\" width=\"200\" height=\"200\" srcset=\"https:\/\/lottomat.com\/wp-content\/uploads\/2026\/01\/EuroMillions-Austria-jackpot.webp 400w, https:\/\/lottomat.com\/wp-content\/uploads\/2026\/01\/EuroMillions-Austria-jackpot-300x300.webp 300w, https:\/\/lottomat.com\/wp-content\/uploads\/2026\/01\/EuroMillions-Austria-jackpot-150x150.webp 150w, https:\/\/lottomat.com\/wp-content\/uploads\/2026\/01\/EuroMillions-Austria-jackpot-100x100.webp 100w\" sizes=\"auto, (max-width: 200px) 100vw, 200px\" \/>Hoci sa na EuroMillions z\u00fa\u010dast\u0148uj\u00fa tak Rak\u00fasko, ako aj Spojen\u00e9 kr\u00e1\u013eovstvo, existuj\u00fa medzi nimi niektor\u00e9 d\u00f4le\u017eit\u00e9 rozdiely, ktor\u00e9 by ste mali pozna\u0165:<\/p>\n<ol>\n<li><strong>Cena l\u00edstka<\/strong>: V Rak\u00fasku je cena jedn\u00e9ho <a href=\"https:\/\/lottomat.com\/sk\/hrat-loteriu\/euromillions-eu\/\">l\u00edstka EuroMillions Rak\u00fasko<\/a> uveden\u00e1 v eur\u00e1ch. V Spojenom kr\u00e1\u013eovstve sa cena l\u00edstka po\u010d\u00edta v libr\u00e1ch \u0161terlingov a je o nie\u010do vy\u0161\u0161ia ako v Rak\u00fasku, preto\u017ee zah\u0155\u0148a \u00fa\u010das\u0165 v hre UK Millionaire Maker, ktor\u00e1 zaru\u010duje aspo\u0148 jedn\u00e9ho britsk\u00e9ho milion\u00e1ra v ka\u017edom \u017erebovan\u00ed.<\/li>\n<li><strong>Mena a v\u00fdhry<\/strong>: V\u00fdhry EuroMillions Rak\u00fasko s\u00fa vypl\u00e1can\u00e9 v eur\u00e1ch, zatia\u013e \u010do hr\u00e1\u010di zo Spojen\u00e9ho kr\u00e1\u013eovstva dost\u00e1vaj\u00fa svoje v\u00fdhry v libr\u00e1ch \u0161terlingov. Hodnota ved\u013eaj\u0161\u00edch v\u00fdhier sa m\u00f4\u017ee mierne l\u00ed\u0161i\u0165 v z\u00e1vislosti od v\u00fdmenn\u00fdch kurzov.<\/li>\n<li><strong>Doplnkov\u00e9 hry<\/strong>: Rak\u00faski hr\u00e1\u010di sa m\u00f4\u017eu z\u00fa\u010dastni\u0165 na hre \u201e\u00d6sterreich Bonus&#8220; \u2013 exkluz\u00edvnom dodato\u010dnom \u017erebovan\u00ed, ktor\u00e9 v\u00e1m d\u00e1va e\u0161te v\u00e4\u010d\u0161ie \u0161ance na v\u00fdhru. Britsk\u00fdm ekvivalentom je Millionaire Maker, ktor\u00fd je automaticky zahrnut\u00fd v ka\u017edom l\u00edstku.<\/li>\n<li><strong>Zdanenie<\/strong>: V Rak\u00fasku s\u00fa v\u00fdhry z lot\u00e9rie osloboden\u00e9 od dane, tak\u017ee si ponech\u00e1te ka\u017ed\u00fd cent svojej v\u00fdhry! Aj v Spojenom kr\u00e1\u013eovstve s\u00fa v\u00fdhry z lot\u00e9rie v s\u00fa\u010dasnosti osloboden\u00e9 od dane, no v\u017edy si overte aktu\u00e1lne predpisy.<\/li>\n<\/ol>\n<h2>Pre\u010do hra\u0165 EuroMillions Rak\u00fasko? K\u00fazlo v\u00fdhier, ktor\u00e9 menia \u017eivot<\/h2>\n<p>EuroMillions Rak\u00fasko nie je len o ve\u013ek\u00fdch peniazoch \u2013 je to o n\u00e1deji, vzru\u0161en\u00ed a opojnom pocite mo\u017enosti. Ka\u017ed\u00e9 \u017erebovanie je novou pr\u00edle\u017eitos\u0165ou zmeni\u0165 svoj \u017eivot, rozmazna\u0165 rodinu, podpori\u0165 charitat\u00edvne organiz\u00e1cie alebo vyda\u0165 sa na ve\u013ek\u00e9 dobrodru\u017estv\u00e1, o ktor\u00fdch ste v\u017edy sn\u00edvali. Pr\u00edbehy oby\u010dajn\u00fdch \u013eud\u00ed, ktor\u00ed sa cez noc stali milion\u00e1rmi, s\u00fa skuto\u010dn\u00e9 a in\u0161pirat\u00edvne \u2013 \u010fal\u0161\u00edm m\u00f4\u017eete by\u0165 pr\u00e1ve vy!<img loading=\"lazy\" decoding=\"async\" class=\"alignright wp-image-268278\" src=\"https:\/\/lottomat.com\/wp-content\/uploads\/2026\/01\/EuroMillions-Austria-rules.webp\" alt=\"Pravidl\u00e1 EuroMillions Rak\u00fasko\" width=\"200\" height=\"200\" srcset=\"https:\/\/lottomat.com\/wp-content\/uploads\/2026\/01\/EuroMillions-Austria-rules.webp 400w, https:\/\/lottomat.com\/wp-content\/uploads\/2026\/01\/EuroMillions-Austria-rules-300x300.webp 300w, https:\/\/lottomat.com\/wp-content\/uploads\/2026\/01\/EuroMillions-Austria-rules-150x150.webp 150w, https:\/\/lottomat.com\/wp-content\/uploads\/2026\/01\/EuroMillions-Austria-rules-100x100.webp 100w\" sizes=\"auto, (max-width: 200px) 100vw, 200px\" \/><\/p>\n<p>Na \u010do \u010dak\u00e1te? \u010eal\u0161ie \u017erebovanie EuroMillions Rak\u00fasko m\u00f4\u017ee by\u0165 va\u0161\u00edm l\u00edstkom do bud\u00facnosti plnej radosti, luxusu a neobmedzen\u00fdch mo\u017enost\u00ed. K\u00fapte si l\u00edstok, sn\u00edvajte vo ve\u013ekom a u\u017e\u00edvajte si vzru\u0161enie \u2013 preto\u017ee s EuroMillions Rak\u00fasko sa m\u00f4\u017ee sta\u0165 \u010doko\u013evek!<\/p>\n<p><strong>Pridajte sa k vzru\u0161eniu u\u017e dnes \u2013 a nechajte svoje sny rozletie\u0165 sa s EuroMillions Rak\u00fasko! Skontrolujte <a href=\"https:\/\/lottomat.com\/sk\/vysledky-loterie\/vysledky-euromillions-rakusko-vyherne-cisla-euromillions-eu\/\">v\u00fdhern\u00e9 \u010d\u00edsla EuroMillions Rak\u00fasko<\/a>.<\/strong><\/p>\n","protected":false},"excerpt":{"rendered":"<p>Objavte vzru\u0161enie EuroMillions Rak\u00fasko \u2013 va\u0161a br\u00e1na k v\u00fdhr\u00e1m, ktor\u00e9 zmenia \u017eivot! Predstavte si, \u017ee sa zajtra r\u00e1no prebud\u00edte a zist\u00edte, \u017ee sa va\u0161e sny m\u00f4\u017eu kone\u010dne splni\u0165 \u2013 luxusn\u00fd dom, exotick\u00e9 dovolenky, finan\u010dn\u00e9 zabezpe\u010denie pre va\u0161ich bl\u00edzkych a sloboda \u017ei\u0165 \u017eivot pod\u013ea vlastn\u00fdch pravidiel. S EuroMillions Rak\u00fasko, ofici\u00e1lne zn\u00e1mym ako EuroMillions EU, sa tento [&hellip;]<\/p>\n","protected":false},"author":2,"featured_media":0,"parent":6947,"menu_order":0,"comment_status":"closed","ping_status":"closed","template":"euromillions-at-info.php","meta":{"_et_pb_use_builder":"","_et_pb_old_content":"","_et_gb_content_width":"","exclude_from_search":false,"footnotes":""},"class_list":["post-272134","page","type-page","status-publish","hentry"],"yoast_head":"<!-- This site is optimized with the Yoast SEO plugin v23.8 - https:\/\/yoast.com\/wordpress\/plugins\/seo\/ -->\n<title>Pravidl\u00e1 EuroMillions Rak\u00fasko: V\u00fdhry a jackpot \u2013 Lottomat<\/title>\n<meta name=\"description\" content=\"Zistite viac o pravidl\u00e1ch hry EuroMillions Rak\u00fasko. Tu si m\u00f4\u017eete overi\u0165 v\u00fdhry a jackpot EuroMillions Rak\u00fasko. Skontrolujte svoje \u0161ance.\" \/>\n<meta name=\"robots\" content=\"index, follow, max-snippet:-1, max-image-preview:large, max-video-preview:-1\" \/>\n<link rel=\"canonical\" href=\"https:\/\/lottomat.com\/sk\/loterie\/euromillions-eu\/\" \/>\n<meta property=\"og:locale\" content=\"sk_SK\" \/>\n<meta property=\"og:type\" content=\"article\" \/>\n<meta property=\"og:title\" content=\"Pravidl\u00e1 EuroMillions Rak\u00fasko: V\u00fdhry a jackpot \u2013 Lottomat\" \/>\n<meta property=\"og:description\" content=\"Zistite viac o pravidl\u00e1ch hry EuroMillions Rak\u00fasko. Tu si m\u00f4\u017eete overi\u0165 v\u00fdhry a jackpot EuroMillions Rak\u00fasko. Skontrolujte svoje \u0161ance.\" \/>\n<meta property=\"og:url\" content=\"https:\/\/lottomat.com\/sk\/loterie\/euromillions-eu\/\" \/>\n<meta property=\"og:site_name\" content=\"Lottomat\" \/>\n<meta property=\"article:modified_time\" content=\"2026-03-15T12:05:50+00:00\" \/>\n<meta property=\"og:image\" content=\"https:\/\/lottomat.com\/wp-content\/uploads\/2026\/01\/Austrian-EuroMillions-prizes.webp\" \/>\n\t<meta property=\"og:image:width\" content=\"400\" \/>\n\t<meta property=\"og:image:height\" content=\"400\" \/>\n\t<meta property=\"og:image:type\" content=\"image\/webp\" \/>\n<meta name=\"twitter:card\" content=\"summary_large_image\" \/>\n<meta name=\"twitter:label1\" content=\"Predpokladan\u00fd \u010das \u010d\u00edtania\" \/>\n\t<meta name=\"twitter:data1\" content=\"4 min\u00faty\" \/>\n<script type=\"application\/ld+json\" class=\"yoast-schema-graph\">{\"@context\":\"https:\/\/schema.org\",\"@graph\":[{\"@type\":\"WebPage\",\"@id\":\"https:\/\/lottomat.com\/sk\/loterie\/euromillions-eu\/\",\"url\":\"https:\/\/lottomat.com\/sk\/loterie\/euromillions-eu\/\",\"name\":\"Pravidl\u00e1 EuroMillions Rak\u00fasko: V\u00fdhry a jackpot \u2013 Lottomat\",\"isPartOf\":{\"@id\":\"https:\/\/lottomat.com\/sk\/#website\"},\"primaryImageOfPage\":{\"@id\":\"https:\/\/lottomat.com\/sk\/loterie\/euromillions-eu\/#primaryimage\"},\"image\":{\"@id\":\"https:\/\/lottomat.com\/sk\/loterie\/euromillions-eu\/#primaryimage\"},\"thumbnailUrl\":\"https:\/\/lottomat.com\/wp-content\/uploads\/2026\/01\/Austrian-EuroMillions-prizes.webp\",\"datePublished\":\"2025-05-18T16:33:53+00:00\",\"dateModified\":\"2026-03-15T12:05:50+00:00\",\"description\":\"Zistite viac o pravidl\u00e1ch hry EuroMillions Rak\u00fasko. Tu si m\u00f4\u017eete overi\u0165 v\u00fdhry a jackpot EuroMillions Rak\u00fasko. Skontrolujte svoje \u0161ance.\",\"breadcrumb\":{\"@id\":\"https:\/\/lottomat.com\/sk\/loterie\/euromillions-eu\/#breadcrumb\"},\"inLanguage\":\"sk-SK\",\"potentialAction\":[{\"@type\":\"ReadAction\",\"target\":[\"https:\/\/lottomat.com\/sk\/loterie\/euromillions-eu\/\"]}]},{\"@type\":\"ImageObject\",\"inLanguage\":\"sk-SK\",\"@id\":\"https:\/\/lottomat.com\/sk\/loterie\/euromillions-eu\/#primaryimage\",\"url\":\"https:\/\/lottomat.com\/wp-content\/uploads\/2026\/01\/Austrian-EuroMillions-prizes.webp\",\"contentUrl\":\"https:\/\/lottomat.com\/wp-content\/uploads\/2026\/01\/Austrian-EuroMillions-prizes.webp\"},{\"@type\":\"BreadcrumbList\",\"@id\":\"https:\/\/lottomat.com\/sk\/loterie\/euromillions-eu\/#breadcrumb\",\"itemListElement\":[{\"@type\":\"ListItem\",\"position\":1,\"name\":\"Home\",\"item\":\"https:\/\/lottomat.com\/sk\/\"},{\"@type\":\"ListItem\",\"position\":2,\"name\":\"Pravidl\u00e1 lot\u00e9rie: V\u00fdhry, Jackpot a \u0160ance\",\"item\":\"https:\/\/lottomat.com\/sk\/loterie\/\"},{\"@type\":\"ListItem\",\"position\":3,\"name\":\"Pravidl\u00e1 EuroMillions Rak\u00fasko: V\u00fdhry a jackpot\"}]},{\"@type\":\"WebSite\",\"@id\":\"https:\/\/lottomat.com\/sk\/#website\",\"url\":\"https:\/\/lottomat.com\/sk\/\",\"name\":\"Lottomat\",\"description\":\"\",\"potentialAction\":[{\"@type\":\"SearchAction\",\"target\":{\"@type\":\"EntryPoint\",\"urlTemplate\":\"https:\/\/lottomat.com\/sk\/?s={search_term_string}\"},\"query-input\":{\"@type\":\"PropertyValueSpecification\",\"valueRequired\":true,\"valueName\":\"search_term_string\"}}],\"inLanguage\":\"sk-SK\"}]}<\/script>\n<!-- \/ Yoast SEO plugin. -->","yoast_head_json":{"title":"Pravidl\u00e1 EuroMillions Rak\u00fasko: V\u00fdhry a jackpot \u2013 Lottomat","description":"Zistite viac o pravidl\u00e1ch hry EuroMillions Rak\u00fasko. Tu si m\u00f4\u017eete overi\u0165 v\u00fdhry a jackpot EuroMillions Rak\u00fasko. Skontrolujte svoje \u0161ance.","robots":{"index":"index","follow":"follow","max-snippet":"max-snippet:-1","max-image-preview":"max-image-preview:large","max-video-preview":"max-video-preview:-1"},"canonical":"https:\/\/lottomat.com\/sk\/loterie\/euromillions-eu\/","og_locale":"sk_SK","og_type":"article","og_title":"Pravidl\u00e1 EuroMillions Rak\u00fasko: V\u00fdhry a jackpot \u2013 Lottomat","og_description":"Zistite viac o pravidl\u00e1ch hry EuroMillions Rak\u00fasko. Tu si m\u00f4\u017eete overi\u0165 v\u00fdhry a jackpot EuroMillions Rak\u00fasko. Skontrolujte svoje \u0161ance.","og_url":"https:\/\/lottomat.com\/sk\/loterie\/euromillions-eu\/","og_site_name":"Lottomat","article_modified_time":"2026-03-15T12:05:50+00:00","og_image":[{"width":400,"height":400,"url":"https:\/\/lottomat.com\/wp-content\/uploads\/2026\/01\/Austrian-EuroMillions-prizes.webp","type":"image\/webp"}],"twitter_card":"summary_large_image","twitter_misc":{"Predpokladan\u00fd \u010das \u010d\u00edtania":"4 min\u00faty"},"schema":{"@context":"https:\/\/schema.org","@graph":[{"@type":"WebPage","@id":"https:\/\/lottomat.com\/sk\/loterie\/euromillions-eu\/","url":"https:\/\/lottomat.com\/sk\/loterie\/euromillions-eu\/","name":"Pravidl\u00e1 EuroMillions Rak\u00fasko: V\u00fdhry a jackpot \u2013 Lottomat","isPartOf":{"@id":"https:\/\/lottomat.com\/sk\/#website"},"primaryImageOfPage":{"@id":"https:\/\/lottomat.com\/sk\/loterie\/euromillions-eu\/#primaryimage"},"image":{"@id":"https:\/\/lottomat.com\/sk\/loterie\/euromillions-eu\/#primaryimage"},"thumbnailUrl":"https:\/\/lottomat.com\/wp-content\/uploads\/2026\/01\/Austrian-EuroMillions-prizes.webp","datePublished":"2025-05-18T16:33:53+00:00","dateModified":"2026-03-15T12:05:50+00:00","description":"Zistite viac o pravidl\u00e1ch hry EuroMillions Rak\u00fasko. Tu si m\u00f4\u017eete overi\u0165 v\u00fdhry a jackpot EuroMillions Rak\u00fasko. Skontrolujte svoje \u0161ance.","breadcrumb":{"@id":"https:\/\/lottomat.com\/sk\/loterie\/euromillions-eu\/#breadcrumb"},"inLanguage":"sk-SK","potentialAction":[{"@type":"ReadAction","target":["https:\/\/lottomat.com\/sk\/loterie\/euromillions-eu\/"]}]},{"@type":"ImageObject","inLanguage":"sk-SK","@id":"https:\/\/lottomat.com\/sk\/loterie\/euromillions-eu\/#primaryimage","url":"https:\/\/lottomat.com\/wp-content\/uploads\/2026\/01\/Austrian-EuroMillions-prizes.webp","contentUrl":"https:\/\/lottomat.com\/wp-content\/uploads\/2026\/01\/Austrian-EuroMillions-prizes.webp"},{"@type":"BreadcrumbList","@id":"https:\/\/lottomat.com\/sk\/loterie\/euromillions-eu\/#breadcrumb","itemListElement":[{"@type":"ListItem","position":1,"name":"Home","item":"https:\/\/lottomat.com\/sk\/"},{"@type":"ListItem","position":2,"name":"Pravidl\u00e1 lot\u00e9rie: V\u00fdhry, Jackpot a \u0160ance","item":"https:\/\/lottomat.com\/sk\/loterie\/"},{"@type":"ListItem","position":3,"name":"Pravidl\u00e1 EuroMillions Rak\u00fasko: V\u00fdhry a jackpot"}]},{"@type":"WebSite","@id":"https:\/\/lottomat.com\/sk\/#website","url":"https:\/\/lottomat.com\/sk\/","name":"Lottomat","description":"","potentialAction":[{"@type":"SearchAction","target":{"@type":"EntryPoint","urlTemplate":"https:\/\/lottomat.com\/sk\/?s={search_term_string}"},"query-input":{"@type":"PropertyValueSpecification","valueRequired":true,"valueName":"search_term_string"}}],"inLanguage":"sk-SK"}]}},"_links":{"self":[{"href":"https:\/\/lottomat.com\/sk\/wp-json\/wp\/v2\/pages\/272134","targetHints":{"allow":["GET"]}}],"collection":[{"href":"https:\/\/lottomat.com\/sk\/wp-json\/wp\/v2\/pages"}],"about":[{"href":"https:\/\/lottomat.com\/sk\/wp-json\/wp\/v2\/types\/page"}],"author":[{"embeddable":true,"href":"https:\/\/lottomat.com\/sk\/wp-json\/wp\/v2\/users\/2"}],"replies":[{"embeddable":true,"href":"https:\/\/lottomat.com\/sk\/wp-json\/wp\/v2\/comments?post=272134"}],"version-history":[{"count":2,"href":"https:\/\/lottomat.com\/sk\/wp-json\/wp\/v2\/pages\/272134\/revisions"}],"predecessor-version":[{"id":272136,"href":"https:\/\/lottomat.com\/sk\/wp-json\/wp\/v2\/pages\/272134\/revisions\/272136"}],"up":[{"embeddable":true,"href":"https:\/\/lottomat.com\/sk\/wp-json\/wp\/v2\/pages\/6947"}],"wp:attachment":[{"href":"https:\/\/lottomat.com\/sk\/wp-json\/wp\/v2\/media?parent=272134"}],"curies":[{"name":"wp","href":"https:\/\/api.w.org\/{rel}","templated":true}]}}