{"id":272131,"date":"2025-05-18T16:34:38","date_gmt":"2025-05-18T16:34:38","guid":{"rendered":"https:\/\/lottomat.com\/?page_id=272131"},"modified":"2026-03-15T12:05:13","modified_gmt":"2026-03-15T12:05:13","slug":"euromillions-eu","status":"publish","type":"page","link":"https:\/\/lottomat.com\/sk\/vysledky\/euromillions-eu\/","title":{"rendered":"V\u00fdsledky EuroMillions Rak\u00fasko \u2013 V\u00fdhern\u00e9 \u010d\u00edsla EuroMillions EU"},"content":{"rendered":"\n\n<div class=\"kk-star-ratings kksr-auto kksr-align-left kksr-valign-top\"\n    data-payload='{&quot;align&quot;:&quot;left&quot;,&quot;id&quot;:&quot;272131&quot;,&quot;slug&quot;:&quot;default&quot;,&quot;valign&quot;:&quot;top&quot;,&quot;ignore&quot;:&quot;&quot;,&quot;reference&quot;:&quot;auto&quot;,&quot;class&quot;:&quot;&quot;,&quot;count&quot;:&quot;0&quot;,&quot;legendonly&quot;:&quot;&quot;,&quot;readonly&quot;:&quot;&quot;,&quot;score&quot;:&quot;0&quot;,&quot;starsonly&quot;:&quot;&quot;,&quot;best&quot;:&quot;5&quot;,&quot;gap&quot;:&quot;5&quot;,&quot;greet&quot;:&quot;Rate this page&quot;,&quot;legend&quot;:&quot;0\\\/5 - (0 votes)&quot;,&quot;size&quot;:&quot;30&quot;,&quot;title&quot;:&quot;V\u00fdsledky EuroMillions Rak\u00fasko \u2013 V\u00fdhern\u00e9 \u010d\u00edsla EuroMillions EU&quot;,&quot;width&quot;:&quot;0&quot;,&quot;_legend&quot;:&quot;{score}\\\/{best} - ({count} {votes})&quot;,&quot;font_factor&quot;:&quot;1.25&quot;}'>\n            \n<div class=\"kksr-stars\">\n    \n<div class=\"kksr-stars-inactive\">\n            <div class=\"kksr-star\" data-star=\"1\" style=\"padding-right: 5px\">\n            \n\n<div class=\"kksr-icon\" style=\"width: 30px; height: 30px;\"><\/div>\n        <\/div>\n            <div class=\"kksr-star\" data-star=\"2\" style=\"padding-right: 5px\">\n            \n\n<div class=\"kksr-icon\" style=\"width: 30px; height: 30px;\"><\/div>\n        <\/div>\n            <div class=\"kksr-star\" data-star=\"3\" style=\"padding-right: 5px\">\n            \n\n<div class=\"kksr-icon\" style=\"width: 30px; height: 30px;\"><\/div>\n        <\/div>\n            <div class=\"kksr-star\" data-star=\"4\" style=\"padding-right: 5px\">\n            \n\n<div class=\"kksr-icon\" style=\"width: 30px; height: 30px;\"><\/div>\n        <\/div>\n            <div class=\"kksr-star\" data-star=\"5\" style=\"padding-right: 5px\">\n            \n\n<div class=\"kksr-icon\" style=\"width: 30px; height: 30px;\"><\/div>\n        <\/div>\n    <\/div>\n    \n<div class=\"kksr-stars-active\" style=\"width: 0px;\">\n            <div class=\"kksr-star\" style=\"padding-right: 5px\">\n            \n\n<div class=\"kksr-icon\" style=\"width: 30px; height: 30px;\"><\/div>\n        <\/div>\n            <div class=\"kksr-star\" style=\"padding-right: 5px\">\n            \n\n<div class=\"kksr-icon\" style=\"width: 30px; height: 30px;\"><\/div>\n        <\/div>\n            <div class=\"kksr-star\" style=\"padding-right: 5px\">\n            \n\n<div class=\"kksr-icon\" style=\"width: 30px; height: 30px;\"><\/div>\n        <\/div>\n            <div class=\"kksr-star\" style=\"padding-right: 5px\">\n            \n\n<div class=\"kksr-icon\" style=\"width: 30px; height: 30px;\"><\/div>\n        <\/div>\n            <div class=\"kksr-star\" style=\"padding-right: 5px\">\n            \n\n<div class=\"kksr-icon\" style=\"width: 30px; height: 30px;\"><\/div>\n        <\/div>\n    <\/div>\n<\/div>\n                \n\n<div class=\"kksr-legend\" style=\"font-size: 24px;\">\n            <span class=\"kksr-muted\">Rate this page<\/span>\n    <\/div>\n    <\/div>\n<h2>Objavte vzru\u0161enie z v\u00fdsledkov EuroMillions Rak\u00fasko<img loading=\"lazy\" decoding=\"async\" class=\"alignright wp-image-268309\" src=\"https:\/\/lottomat.com\/wp-content\/uploads\/2026\/01\/Austrian-EuroMillions-draw.webp\" alt=\"Rak\u00faske \u017erebovanie EuroMillions\" width=\"200\" height=\"200\" srcset=\"https:\/\/lottomat.com\/wp-content\/uploads\/2026\/01\/Austrian-EuroMillions-draw.webp 400w, https:\/\/lottomat.com\/wp-content\/uploads\/2026\/01\/Austrian-EuroMillions-draw-300x300.webp 300w, https:\/\/lottomat.com\/wp-content\/uploads\/2026\/01\/Austrian-EuroMillions-draw-150x150.webp 150w, https:\/\/lottomat.com\/wp-content\/uploads\/2026\/01\/Austrian-EuroMillions-draw-100x100.webp 100w\" sizes=\"auto, (max-width: 200px) 100vw, 200px\" \/><\/h2>\n<p>Ak ste niekedy sn\u00edvali o tom, \u017ee zmen\u00edte svoj \u017eivot zo d\u0148a na de\u0148, EuroMillions Rak\u00fasko je lot\u00e9ria, ktor\u00e1 premie\u0148a sny na skuto\u010dnos\u0165. So svojimi nap\u00ednav\u00fdmi \u017erebovaniami, \u017eivotazmenn\u00fdmi jackpotmi a pr\u00edbehmi neuverite\u013en\u00fdch v\u00fdhercov EuroMillions Rak\u00fasko ka\u017ed\u00fd t\u00fd\u017ede\u0148 podnecuje fant\u00e1ziu mili\u00f3nov \u013eud\u00ed po celej Eur\u00f3pe. \u010ci u\u017e ste sk\u00fasen\u00fdm hr\u00e1\u010dom, alebo len uva\u017eujete o k\u00fape svojho prv\u00e9ho l\u00edstka, \u010d\u00edtanie o v\u00fdsledkoch a mo\u017enostiach m\u00f4\u017ee vo v\u00e1s prebudi\u0165 vzru\u0161enie a n\u00e1dej. Po\u010fme sa ponori\u0165 do sveta v\u00fdsledkov EuroMillions Rak\u00fasko, presk\u00fama\u0165 najv\u00e4\u010d\u0161ie v\u00fdhry a zisti\u0165, ako \u010dasto \u0161\u0165astena zapraje \u00faspe\u0161n\u00fdm hr\u00e1\u010dom!<\/p>\n<h2>Rekordn\u00e9 v\u00fdhry: Spoznajte najv\u00e4\u010d\u0161\u00edch v\u00fdhercov EuroMillions Rak\u00fasko<\/h2>\n<p>Ke\u010f ide o z\u00e1vrat ber\u00face jackpoty, EuroMillions Rak\u00fasko si v hist\u00f3rii ur\u010dite zap\u00edsalo svoju kapitolu. Lot\u00e9ria, ako s\u00fa\u010das\u0165 \u0161ir\u0161ieho konzorcia EuroMillions, pravidelne pon\u00faka v\u00fdhry dosahuj\u00face mimoriadne sumy, niekedy presahuj\u00face 100 mili\u00f3nov eur. V priebehu rokov sa v Rak\u00fasku odohralo nieko\u013eko pozoruhodn\u00fdch v\u00fdhier, ktor\u00e9 nav\u017edy zmenili \u017eivoty t\u00fdch, ktor\u00ed dr\u017eali v\u00fdhern\u00e9 l\u00edstky.<img loading=\"lazy\" decoding=\"async\" class=\"alignleft wp-image-268340\" src=\"https:\/\/lottomat.com\/wp-content\/uploads\/2026\/01\/Austrian-EuroMillions-numbers.webp\" alt=\"Rak\u00faske \u010d\u00edsla EuroMillions\" width=\"200\" height=\"200\" srcset=\"https:\/\/lottomat.com\/wp-content\/uploads\/2026\/01\/Austrian-EuroMillions-numbers.webp 400w, https:\/\/lottomat.com\/wp-content\/uploads\/2026\/01\/Austrian-EuroMillions-numbers-300x300.webp 300w, https:\/\/lottomat.com\/wp-content\/uploads\/2026\/01\/Austrian-EuroMillions-numbers-150x150.webp 150w, https:\/\/lottomat.com\/wp-content\/uploads\/2026\/01\/Austrian-EuroMillions-numbers-100x100.webp 100w\" sizes=\"auto, (max-width: 200px) 100vw, 200px\" \/><\/p>\n<p>Jedna z najsl\u00e1vnej\u0161\u00edch v\u00fdhier v Rak\u00fasku sa odohrala v auguste 2020, ke\u010f skupina kolegov z Viedne z\u00edskala neuverite\u013en\u00fdch 45 mili\u00f3nov eur. Ich pr\u00edbeh sa stal senz\u00e1ciou v celej krajine \u2013 priatelia a rodina oslavovali a v\u00fdhercovia sami nemohli uveri\u0165 svojmu \u0161\u0165astiu. Ne\u0161lo len o v\u00fdhru jedn\u00e9ho jednotlivca, ale cel\u00e9ho t\u00edmu, ktor\u00e9ho \u017eivoty sa spolo\u010dne obr\u00e1tili naruby.<\/p>\n<p>\u010eal\u0161\u00ed nezabudnute\u013en\u00fd moment pri\u0161iel v roku 2018, ke\u010f hr\u00e1\u010d zo Salzburgu trafil v\u0161etk\u00fdch p\u00e4\u0165 hlavn\u00fdch \u010d\u00edsel aj obe Lucky Stars a z\u00edskal jackpot vo v\u00fd\u0161ke 30 mili\u00f3nov eur. V\u00fdherca sa rozhodol zosta\u0165 v anonymite, no miestne m\u00e9di\u00e1 informovali o vlne nad\u0161enia v Salzburgu, kde cel\u00e9 mesto \u017eilo \u0161pekul\u00e1ciami a rados\u0165ou z tejto spr\u00e1vy.<\/p>\n<p>Hoci tieto v\u00fdhry patria k t\u00fdm najv\u00e4\u010d\u0161\u00edm, z\u010faleka nie s\u00fa jedin\u00fdmi pr\u00edbehmi o \u0161\u0165ast\u00ed. Po celom Rak\u00fasku, od Grazu po Innsbruck, EuroMillions vytvorilo nov\u00fdch milion\u00e1rov, ka\u017ed\u00e9ho s vlastn\u00fdm jedine\u010dn\u00fdm pr\u00edbehom o tom, ako jeden l\u00edstok zmenil v\u0161etko.<\/p>\n<h2>Ako \u010dasto doch\u00e1dza k v\u00fdhram EuroMillions Rak\u00fasko?<\/h2>\n<p>Jedn\u00fdm z najvzru\u0161uj\u00facej\u0161\u00edch aspektov EuroMillions Rak\u00fasko je frekvencia, s akou sa <a href=\"https:\/\/lottomat.com\/sk\/informacie-o-loterii\/informacie-o-euromillions\/\">v\u00fdhry EuroMillions Rak\u00fasko meniace \u017eivoty<\/a> dosahuj\u00fa. S dvoma \u017erebovaniami ka\u017ed\u00fd t\u00fd\u017ede\u0148 \u2013 v utorok a v piatok \u2013 je pr\u00edle\u017eitost\u00ed na v\u00fdhru skuto\u010dne dostatok. \u0160tatistiky toti\u017e ukazuj\u00fa, \u017ee rak\u00faski hr\u00e1\u010di pravidelne z\u00edskavaj\u00fa v\u00fdznamn\u00e9 ceny, a to tak na \u00farovni jackpotu, ako aj v sekund\u00e1rnych v\u00fdhern\u00fdch kateg\u00f3ri\u00e1ch.<\/p>\n<p>\u0160anca vyhra\u0165 ak\u00fako\u013evek cenu v EuroMillions je povzbudzuj\u00facich 1 ku 13, \u010do znamen\u00e1, \u017ee takmer ka\u017ed\u00e9 \u017erebovanie prin\u00e1\u0161a nov\u00fa vlnu v\u00fdhercov. V Rak\u00fasku ka\u017ed\u00fd rok z\u00edskavaj\u00fa v\u00fdhry stotis\u00edce hr\u00e1\u010dov, od men\u0161\u00edch hotovostn\u00fdch v\u00fdhier a\u017e po multimili\u00f3nov\u00e9 jackpoty.<img loading=\"lazy\" decoding=\"async\" class=\"alignright wp-image-268370\" src=\"https:\/\/lottomat.com\/wp-content\/uploads\/2026\/01\/EuroMillions-Austria-draw.webp\" alt=\"\u017drebovanie EuroMillions Rak\u00fasko\" width=\"200\" height=\"200\" srcset=\"https:\/\/lottomat.com\/wp-content\/uploads\/2026\/01\/EuroMillions-Austria-draw.webp 400w, https:\/\/lottomat.com\/wp-content\/uploads\/2026\/01\/EuroMillions-Austria-draw-300x300.webp 300w, https:\/\/lottomat.com\/wp-content\/uploads\/2026\/01\/EuroMillions-Austria-draw-150x150.webp 150w, https:\/\/lottomat.com\/wp-content\/uploads\/2026\/01\/EuroMillions-Austria-draw-100x100.webp 100w\" sizes=\"auto, (max-width: 200px) 100vw, 200px\" \/><\/p>\n<p>E\u0161te vzru\u0161uj\u00facej\u0161ie je, \u017ee jackpot EuroMillions Rak\u00fasko sa \u010dasto roluje \u010falej \u2013 s ka\u017ed\u00fdm \u017erebovan\u00edm rastie, k\u00fdm niekto netraf\u00ed v\u0161etky \u010d\u00edsla. To m\u00f4\u017ee vies\u0165 k v\u00fdrazn\u00e9mu n\u00e1rastu predaja l\u00edstkov a hmatate\u013en\u00e9mu nap\u00e4tiu v celej krajine, ke\u010f jackpot neust\u00e1le st\u00fapa.<\/p>\n<p>V\u00fdhry si pritom nen\u00e1rokuj\u00fa len jednotlivci. Syndik\u00e1ty \u2013 skupiny priate\u013eov, rod\u00edn alebo kolegov \u2013 sa pravidelne skladaj\u00fa na n\u00e1kup l\u00edstkov EuroMillions Rak\u00fasko, \u010d\u00edm zvy\u0161uj\u00fa svoje \u0161ance na v\u00fdhru a v mnoh\u00fdch pr\u00edpadoch sa spolo\u010dne te\u0161ia z ve\u013ekej v\u00fdplaty.<\/p>\n<h2>Rados\u0165 a mo\u017enosti v\u00fdhry v EuroMillions<\/h2>\n<p>Predstavte si, \u017ee sa r\u00e1no prebud\u00edte a zist\u00edte, \u017ee ste najnov\u0161\u00edm rak\u00faskym milion\u00e1rom. Mo\u017enosti s\u00fa neobmedzen\u00e9: cestova\u0165 po svete, k\u00fapi\u0165 si vysn\u00edvan\u00fd dom, podpori\u0165 svojich bl\u00edzkych alebo investova\u0165 do projektu, o ktorom ste v\u017edy sn\u00edvali. Pre mnoh\u00fdch v\u00fdhercov EuroMillions Rak\u00fasko je realita ve\u013ekej v\u00fdhry e\u0161te lep\u0161ia, ne\u017e si dok\u00e1zali predstavi\u0165.<\/p>\n<p>Pr\u00edbehov o v\u00fdhercoch, ktor\u00ed vyu\u017eili nov\u00e9 bohatstvo na to, aby zmenili svet k lep\u0161iemu \u2013 nielen vo vlastnom \u017eivote, ale aj vo svojich komunit\u00e1ch \u2013 je nespo\u010detne ve\u013ea. Niektor\u00ed darovali peniaze miestnym charitat\u00edvnym organiz\u00e1ci\u00e1m, zakladali podniky vytv\u00e1raj\u00face pracovn\u00e9 miesta alebo splnili si celo\u017eivotn\u00e9 sny. \u010ci u\u017e ide o spont\u00e1nne dobrodru\u017estvo alebo starostlivo napl\u00e1novan\u00fd d\u00f4chodok, sloboda, ktor\u00fa prin\u00e1\u0161a v\u00fdhra v EuroMillions, je skuto\u010dne v\u00fdnimo\u010dn\u00e1.<\/p>\n<p>Ka\u017ed\u00fd utorok a piatok, ke\u010f s\u00fa vyhl\u00e1sen\u00e9 v\u00fdsledky, tis\u00edce Rak\u00fa\u0161anov pre\u017e\u00edvaj\u00fa vzru\u0161uj\u00face chv\u00edle nap\u00e4tia. Kontrolova\u0165 svoje \u010d\u00edsla, predstavova\u0165 si, \u010do by ste urobili v pr\u00edpade v\u00fdhry, a zdie\u013ea\u0165 nad\u0161enie s priate\u013emi a rodinou \u2013 to v\u0161etko tvor\u00ed \u010daro, ktor\u00e9 rob\u00ed EuroMillions Rak\u00fasko tak v\u00fdnimo\u010dn\u00fdm.<\/p>\n<h2>Kontrola v\u00fdsledkov EuroMillions Rak\u00fasko: V\u00e1\u0161 prv\u00fd krok k nov\u00e9mu \u017eivotu<\/h2>\n<p><img loading=\"lazy\" decoding=\"async\" class=\"alignleft wp-image-268401\" src=\"https:\/\/lottomat.com\/wp-content\/uploads\/2026\/01\/EuroMillions-Austria-results.webp\" alt=\"V\u00fdsledky EuroMillions Rak\u00fasko\" width=\"200\" height=\"200\" srcset=\"https:\/\/lottomat.com\/wp-content\/uploads\/2026\/01\/EuroMillions-Austria-results.webp 400w, https:\/\/lottomat.com\/wp-content\/uploads\/2026\/01\/EuroMillions-Austria-results-300x300.webp 300w, https:\/\/lottomat.com\/wp-content\/uploads\/2026\/01\/EuroMillions-Austria-results-150x150.webp 150w, https:\/\/lottomat.com\/wp-content\/uploads\/2026\/01\/EuroMillions-Austria-results-100x100.webp 100w\" sizes=\"auto, (max-width: 200px) 100vw, 200px\" \/>Sledovanie najnov\u0161\u00edch v\u00fdsledkov EuroMillions Rak\u00fasko je pre ka\u017ed\u00e9ho hr\u00e1\u010da nevyhnutnos\u0165ou. <a href=\"https:\/\/lottomat.com\/sk\/vysledky-loterie\/\">Ofici\u00e1lne v\u00fdsledky lot\u00e9rie<\/a> s\u00fa zverejnen\u00e9 kr\u00e1tko po ka\u017edom \u017erebovan\u00ed a ich kontrola nebola nikdy jednoduch\u0161ia \u2013 \u010di u\u017e online, prostredn\u00edctvom ofici\u00e1lnych aplik\u00e1ci\u00ed, alebo u miestneho predajcu lot\u00e9ri\u00ed. Ke\u010f s\u00fa odhalen\u00e9 v\u00fdhern\u00e9 \u010d\u00edsla, srdcia bij\u00fa r\u00fdchlej\u0161ie a n\u00e1deje rast\u00fa, ke\u010f\u017ee hr\u00e1\u010di po celom Rak\u00fasku \u010dakaj\u00fa, \u010di pr\u00e1ve oni s\u00fa \u010fal\u0161\u00edm \u0161\u0165astlivcom.<\/p>\n<p>Ak zist\u00edte, \u017ee dr\u017e\u00edte v\u00fdhern\u00fd l\u00edstok, postup je jednoduch\u00fd. Hlavn\u00e9 v\u00fdhry mo\u017eno uplatni\u0165 v s\u00eddle Rak\u00faskych loter\u00ed\u00ed, kde v\u00e1s preved\u00fa ka\u017ed\u00fdm krokom cel\u00e9ho procesu. Aj men\u0161ie v\u00fdhry si m\u00f4\u017eete vyzdvihn\u00fa\u0165 u autorizovan\u00fdch predajcov, \u010do ka\u017ed\u00fa v\u00fdhru rob\u00ed dostupnou a bezpe\u010dnou.<\/p>\n<p>Pam\u00e4tajte, \u017ee ka\u017ed\u00e9 \u017erebovanie EuroMillions Rak\u00fasko prin\u00e1\u0161a nov\u00e9 mo\u017enosti. Aj ke\u010f nevyhr\u00e1te jackpot, existuje dvan\u00e1s\u0165 r\u00f4znych v\u00fdhern\u00fdch kateg\u00f3ri\u00ed, v\u010faka \u010domu sa ka\u017ed\u00fd t\u00fd\u017ede\u0148 te\u0161ia z v\u00fdhier \u2013 ve\u013ek\u00fdch aj mal\u00fdch \u2013 tis\u00edce Rak\u00fa\u0161anov.<\/p>\n<hr \/>\n<p>EuroMillions Rak\u00fasko je viac ne\u017e len hra \u2013 je to br\u00e1na k snom, vzru\u0161eniu a \u0161anci pre\u017e\u00edva\u0165 \u017eivot \u00faplne nov\u00fdm sp\u00f4sobom. S ka\u017ed\u00fdm \u017erebovan\u00edm vznikaj\u00fa nov\u00e9 pr\u00edbehy a nov\u00ed v\u00fdhercovia vstupuj\u00fa do centra pozornosti. Budete \u010fal\u0161\u00edm, kto sa k nim prid\u00e1? <a href=\"https:\/\/lottomat.com\/sk\/hrat-loteriu\/euromillions-eu\/\">Zahrajte si EuroMillions Rak\u00fasko online<\/a>, skontrolujte najnov\u0161ie v\u00fdsledky EuroMillions Rak\u00fasko a dovo\u013ete si sn\u00edva\u0165 vo ve\u013ekom!<\/p>\n","protected":false},"excerpt":{"rendered":"<p>Objavte vzru\u0161enie z v\u00fdsledkov EuroMillions Rak\u00fasko Ak ste niekedy sn\u00edvali o tom, \u017ee zmen\u00edte svoj \u017eivot zo d\u0148a na de\u0148, EuroMillions Rak\u00fasko je lot\u00e9ria, ktor\u00e1 premie\u0148a sny na skuto\u010dnos\u0165. So svojimi nap\u00ednav\u00fdmi \u017erebovaniami, \u017eivotazmenn\u00fdmi jackpotmi a pr\u00edbehmi neuverite\u013en\u00fdch v\u00fdhercov EuroMillions Rak\u00fasko ka\u017ed\u00fd t\u00fd\u017ede\u0148 podnecuje fant\u00e1ziu mili\u00f3nov \u013eud\u00ed po celej Eur\u00f3pe. \u010ci u\u017e ste sk\u00fasen\u00fdm hr\u00e1\u010dom, [&hellip;]<\/p>\n","protected":false},"author":2,"featured_media":0,"parent":7454,"menu_order":0,"comment_status":"closed","ping_status":"closed","template":"euromillions-results.php","meta":{"_et_pb_use_builder":"","_et_pb_old_content":"","_et_gb_content_width":"","exclude_from_search":false,"footnotes":""},"class_list":["post-272131","page","type-page","status-publish","hentry"],"yoast_head":"<!-- This site is optimized with the Yoast SEO plugin v23.8 - https:\/\/yoast.com\/wordpress\/plugins\/seo\/ -->\n<title>V\u00fdsledky EuroMillions Rak\u00fasko a v\u00fdhern\u00e9 \u010d\u00edsla \u2013 Lottomat<\/title>\n<meta name=\"description\" content=\"Skontrolujte najnov\u0161ie v\u00fdsledky EuroMillions Rak\u00fasko a v\u00fdhern\u00e9 \u010d\u00edsla. Zistite viac o ofici\u00e1lnych v\u00fdsledkoch \u017erebovania. Overte, \u010di ste vyhrali v tejto lot\u00e9rii!\" \/>\n<meta name=\"robots\" content=\"index, follow, max-snippet:-1, max-image-preview:large, max-video-preview:-1\" \/>\n<link rel=\"canonical\" href=\"https:\/\/lottomat.com\/sk\/vysledky\/euromillions-eu\/\" \/>\n<meta property=\"og:locale\" content=\"sk_SK\" \/>\n<meta property=\"og:type\" content=\"article\" \/>\n<meta property=\"og:title\" content=\"V\u00fdsledky EuroMillions Rak\u00fasko a v\u00fdhern\u00e9 \u010d\u00edsla \u2013 Lottomat\" \/>\n<meta property=\"og:description\" content=\"Skontrolujte najnov\u0161ie v\u00fdsledky EuroMillions Rak\u00fasko a v\u00fdhern\u00e9 \u010d\u00edsla. Zistite viac o ofici\u00e1lnych v\u00fdsledkoch \u017erebovania. Overte, \u010di ste vyhrali v tejto lot\u00e9rii!\" \/>\n<meta property=\"og:url\" content=\"https:\/\/lottomat.com\/sk\/vysledky\/euromillions-eu\/\" \/>\n<meta property=\"og:site_name\" content=\"Lottomat\" \/>\n<meta property=\"article:modified_time\" content=\"2026-03-15T12:05:13+00:00\" \/>\n<meta property=\"og:image\" content=\"https:\/\/lottomat.com\/wp-content\/uploads\/2026\/01\/Austrian-EuroMillions-draw.webp\" \/>\n\t<meta property=\"og:image:width\" content=\"400\" \/>\n\t<meta property=\"og:image:height\" content=\"400\" \/>\n\t<meta property=\"og:image:type\" content=\"image\/webp\" \/>\n<meta name=\"twitter:card\" content=\"summary_large_image\" \/>\n<meta name=\"twitter:label1\" content=\"Predpokladan\u00fd \u010das \u010d\u00edtania\" \/>\n\t<meta name=\"twitter:data1\" content=\"5 min\u00fat\" \/>\n<script type=\"application\/ld+json\" class=\"yoast-schema-graph\">{\"@context\":\"https:\/\/schema.org\",\"@graph\":[{\"@type\":\"WebPage\",\"@id\":\"https:\/\/lottomat.com\/sk\/vysledky\/euromillions-eu\/\",\"url\":\"https:\/\/lottomat.com\/sk\/vysledky\/euromillions-eu\/\",\"name\":\"V\u00fdsledky EuroMillions Rak\u00fasko a v\u00fdhern\u00e9 \u010d\u00edsla \u2013 Lottomat\",\"isPartOf\":{\"@id\":\"https:\/\/lottomat.com\/sk\/#website\"},\"primaryImageOfPage\":{\"@id\":\"https:\/\/lottomat.com\/sk\/vysledky\/euromillions-eu\/#primaryimage\"},\"image\":{\"@id\":\"https:\/\/lottomat.com\/sk\/vysledky\/euromillions-eu\/#primaryimage\"},\"thumbnailUrl\":\"https:\/\/lottomat.com\/wp-content\/uploads\/2026\/01\/Austrian-EuroMillions-draw.webp\",\"datePublished\":\"2025-05-18T16:34:38+00:00\",\"dateModified\":\"2026-03-15T12:05:13+00:00\",\"description\":\"Skontrolujte najnov\u0161ie v\u00fdsledky EuroMillions Rak\u00fasko a v\u00fdhern\u00e9 \u010d\u00edsla. Zistite viac o ofici\u00e1lnych v\u00fdsledkoch \u017erebovania. Overte, \u010di ste vyhrali v tejto lot\u00e9rii!\",\"breadcrumb\":{\"@id\":\"https:\/\/lottomat.com\/sk\/vysledky\/euromillions-eu\/#breadcrumb\"},\"inLanguage\":\"sk-SK\",\"potentialAction\":[{\"@type\":\"ReadAction\",\"target\":[\"https:\/\/lottomat.com\/sk\/vysledky\/euromillions-eu\/\"]}]},{\"@type\":\"ImageObject\",\"inLanguage\":\"sk-SK\",\"@id\":\"https:\/\/lottomat.com\/sk\/vysledky\/euromillions-eu\/#primaryimage\",\"url\":\"https:\/\/lottomat.com\/wp-content\/uploads\/2026\/01\/Austrian-EuroMillions-draw.webp\",\"contentUrl\":\"https:\/\/lottomat.com\/wp-content\/uploads\/2026\/01\/Austrian-EuroMillions-draw.webp\"},{\"@type\":\"BreadcrumbList\",\"@id\":\"https:\/\/lottomat.com\/sk\/vysledky\/euromillions-eu\/#breadcrumb\",\"itemListElement\":[{\"@type\":\"ListItem\",\"position\":1,\"name\":\"Home\",\"item\":\"https:\/\/lottomat.com\/sk\/\"},{\"@type\":\"ListItem\",\"position\":2,\"name\":\"Najnov\u0161ie v\u00fdsledky lot\u00e9rie a v\u00fdhern\u00e9 \u010d\u00edsla\",\"item\":\"https:\/\/lottomat.com\/sk\/vysledky\/\"},{\"@type\":\"ListItem\",\"position\":3,\"name\":\"V\u00fdsledky EuroMillions Rak\u00fasko \u2013 V\u00fdhern\u00e9 \u010d\u00edsla EuroMillions EU\"}]},{\"@type\":\"WebSite\",\"@id\":\"https:\/\/lottomat.com\/sk\/#website\",\"url\":\"https:\/\/lottomat.com\/sk\/\",\"name\":\"Lottomat\",\"description\":\"\",\"potentialAction\":[{\"@type\":\"SearchAction\",\"target\":{\"@type\":\"EntryPoint\",\"urlTemplate\":\"https:\/\/lottomat.com\/sk\/?s={search_term_string}\"},\"query-input\":{\"@type\":\"PropertyValueSpecification\",\"valueRequired\":true,\"valueName\":\"search_term_string\"}}],\"inLanguage\":\"sk-SK\"}]}<\/script>\n<!-- \/ Yoast SEO plugin. -->","yoast_head_json":{"title":"V\u00fdsledky EuroMillions Rak\u00fasko a v\u00fdhern\u00e9 \u010d\u00edsla \u2013 Lottomat","description":"Skontrolujte najnov\u0161ie v\u00fdsledky EuroMillions Rak\u00fasko a v\u00fdhern\u00e9 \u010d\u00edsla. Zistite viac o ofici\u00e1lnych v\u00fdsledkoch \u017erebovania. Overte, \u010di ste vyhrali v tejto lot\u00e9rii!","robots":{"index":"index","follow":"follow","max-snippet":"max-snippet:-1","max-image-preview":"max-image-preview:large","max-video-preview":"max-video-preview:-1"},"canonical":"https:\/\/lottomat.com\/sk\/vysledky\/euromillions-eu\/","og_locale":"sk_SK","og_type":"article","og_title":"V\u00fdsledky EuroMillions Rak\u00fasko a v\u00fdhern\u00e9 \u010d\u00edsla \u2013 Lottomat","og_description":"Skontrolujte najnov\u0161ie v\u00fdsledky EuroMillions Rak\u00fasko a v\u00fdhern\u00e9 \u010d\u00edsla. Zistite viac o ofici\u00e1lnych v\u00fdsledkoch \u017erebovania. Overte, \u010di ste vyhrali v tejto lot\u00e9rii!","og_url":"https:\/\/lottomat.com\/sk\/vysledky\/euromillions-eu\/","og_site_name":"Lottomat","article_modified_time":"2026-03-15T12:05:13+00:00","og_image":[{"width":400,"height":400,"url":"https:\/\/lottomat.com\/wp-content\/uploads\/2026\/01\/Austrian-EuroMillions-draw.webp","type":"image\/webp"}],"twitter_card":"summary_large_image","twitter_misc":{"Predpokladan\u00fd \u010das \u010d\u00edtania":"5 min\u00fat"},"schema":{"@context":"https:\/\/schema.org","@graph":[{"@type":"WebPage","@id":"https:\/\/lottomat.com\/sk\/vysledky\/euromillions-eu\/","url":"https:\/\/lottomat.com\/sk\/vysledky\/euromillions-eu\/","name":"V\u00fdsledky EuroMillions Rak\u00fasko a v\u00fdhern\u00e9 \u010d\u00edsla \u2013 Lottomat","isPartOf":{"@id":"https:\/\/lottomat.com\/sk\/#website"},"primaryImageOfPage":{"@id":"https:\/\/lottomat.com\/sk\/vysledky\/euromillions-eu\/#primaryimage"},"image":{"@id":"https:\/\/lottomat.com\/sk\/vysledky\/euromillions-eu\/#primaryimage"},"thumbnailUrl":"https:\/\/lottomat.com\/wp-content\/uploads\/2026\/01\/Austrian-EuroMillions-draw.webp","datePublished":"2025-05-18T16:34:38+00:00","dateModified":"2026-03-15T12:05:13+00:00","description":"Skontrolujte najnov\u0161ie v\u00fdsledky EuroMillions Rak\u00fasko a v\u00fdhern\u00e9 \u010d\u00edsla. Zistite viac o ofici\u00e1lnych v\u00fdsledkoch \u017erebovania. Overte, \u010di ste vyhrali v tejto lot\u00e9rii!","breadcrumb":{"@id":"https:\/\/lottomat.com\/sk\/vysledky\/euromillions-eu\/#breadcrumb"},"inLanguage":"sk-SK","potentialAction":[{"@type":"ReadAction","target":["https:\/\/lottomat.com\/sk\/vysledky\/euromillions-eu\/"]}]},{"@type":"ImageObject","inLanguage":"sk-SK","@id":"https:\/\/lottomat.com\/sk\/vysledky\/euromillions-eu\/#primaryimage","url":"https:\/\/lottomat.com\/wp-content\/uploads\/2026\/01\/Austrian-EuroMillions-draw.webp","contentUrl":"https:\/\/lottomat.com\/wp-content\/uploads\/2026\/01\/Austrian-EuroMillions-draw.webp"},{"@type":"BreadcrumbList","@id":"https:\/\/lottomat.com\/sk\/vysledky\/euromillions-eu\/#breadcrumb","itemListElement":[{"@type":"ListItem","position":1,"name":"Home","item":"https:\/\/lottomat.com\/sk\/"},{"@type":"ListItem","position":2,"name":"Najnov\u0161ie v\u00fdsledky lot\u00e9rie a v\u00fdhern\u00e9 \u010d\u00edsla","item":"https:\/\/lottomat.com\/sk\/vysledky\/"},{"@type":"ListItem","position":3,"name":"V\u00fdsledky EuroMillions Rak\u00fasko \u2013 V\u00fdhern\u00e9 \u010d\u00edsla EuroMillions EU"}]},{"@type":"WebSite","@id":"https:\/\/lottomat.com\/sk\/#website","url":"https:\/\/lottomat.com\/sk\/","name":"Lottomat","description":"","potentialAction":[{"@type":"SearchAction","target":{"@type":"EntryPoint","urlTemplate":"https:\/\/lottomat.com\/sk\/?s={search_term_string}"},"query-input":{"@type":"PropertyValueSpecification","valueRequired":true,"valueName":"search_term_string"}}],"inLanguage":"sk-SK"}]}},"_links":{"self":[{"href":"https:\/\/lottomat.com\/sk\/wp-json\/wp\/v2\/pages\/272131","targetHints":{"allow":["GET"]}}],"collection":[{"href":"https:\/\/lottomat.com\/sk\/wp-json\/wp\/v2\/pages"}],"about":[{"href":"https:\/\/lottomat.com\/sk\/wp-json\/wp\/v2\/types\/page"}],"author":[{"embeddable":true,"href":"https:\/\/lottomat.com\/sk\/wp-json\/wp\/v2\/users\/2"}],"replies":[{"embeddable":true,"href":"https:\/\/lottomat.com\/sk\/wp-json\/wp\/v2\/comments?post=272131"}],"version-history":[{"count":2,"href":"https:\/\/lottomat.com\/sk\/wp-json\/wp\/v2\/pages\/272131\/revisions"}],"predecessor-version":[{"id":272133,"href":"https:\/\/lottomat.com\/sk\/wp-json\/wp\/v2\/pages\/272131\/revisions\/272133"}],"up":[{"embeddable":true,"href":"https:\/\/lottomat.com\/sk\/wp-json\/wp\/v2\/pages\/7454"}],"wp:attachment":[{"href":"https:\/\/lottomat.com\/sk\/wp-json\/wp\/v2\/media?parent=272131"}],"curies":[{"name":"wp","href":"https:\/\/api.w.org\/{rel}","templated":true}]}}