{"id":268457,"date":"2025-05-18T16:39:08","date_gmt":"2025-05-18T16:39:08","guid":{"rendered":"https:\/\/lottomat.com\/?page_id=268457"},"modified":"2026-02-24T12:58:14","modified_gmt":"2026-02-24T12:58:14","slug":"euromillions-eu","status":"publish","type":"page","link":"https:\/\/lottomat.com\/sk\/hraj\/euromillions-eu\/","title":{"rendered":"Euromillions EU Online &#8211; tikety EuroMillions Rak\u00fasko"},"content":{"rendered":"\n\n<div class=\"kk-star-ratings kksr-auto kksr-align-left kksr-valign-top\"\n    data-payload='{&quot;align&quot;:&quot;left&quot;,&quot;id&quot;:&quot;268457&quot;,&quot;slug&quot;:&quot;default&quot;,&quot;valign&quot;:&quot;top&quot;,&quot;ignore&quot;:&quot;&quot;,&quot;reference&quot;:&quot;auto&quot;,&quot;class&quot;:&quot;&quot;,&quot;count&quot;:&quot;0&quot;,&quot;legendonly&quot;:&quot;&quot;,&quot;readonly&quot;:&quot;&quot;,&quot;score&quot;:&quot;0&quot;,&quot;starsonly&quot;:&quot;&quot;,&quot;best&quot;:&quot;5&quot;,&quot;gap&quot;:&quot;5&quot;,&quot;greet&quot;:&quot;Rate this page&quot;,&quot;legend&quot;:&quot;0\\\/5 - (0 votes)&quot;,&quot;size&quot;:&quot;30&quot;,&quot;title&quot;:&quot;Euromillions EU Online - tikety EuroMillions Rak\u00fasko&quot;,&quot;width&quot;:&quot;0&quot;,&quot;_legend&quot;:&quot;{score}\\\/{best} - ({count} {votes})&quot;,&quot;font_factor&quot;:&quot;1.25&quot;}'>\n            \n<div class=\"kksr-stars\">\n    \n<div class=\"kksr-stars-inactive\">\n            <div class=\"kksr-star\" data-star=\"1\" style=\"padding-right: 5px\">\n            \n\n<div class=\"kksr-icon\" style=\"width: 30px; height: 30px;\"><\/div>\n        <\/div>\n            <div class=\"kksr-star\" data-star=\"2\" style=\"padding-right: 5px\">\n            \n\n<div class=\"kksr-icon\" style=\"width: 30px; height: 30px;\"><\/div>\n        <\/div>\n            <div class=\"kksr-star\" data-star=\"3\" style=\"padding-right: 5px\">\n            \n\n<div class=\"kksr-icon\" style=\"width: 30px; height: 30px;\"><\/div>\n        <\/div>\n            <div class=\"kksr-star\" data-star=\"4\" style=\"padding-right: 5px\">\n            \n\n<div class=\"kksr-icon\" style=\"width: 30px; height: 30px;\"><\/div>\n        <\/div>\n            <div class=\"kksr-star\" data-star=\"5\" style=\"padding-right: 5px\">\n            \n\n<div class=\"kksr-icon\" style=\"width: 30px; height: 30px;\"><\/div>\n        <\/div>\n    <\/div>\n    \n<div class=\"kksr-stars-active\" style=\"width: 0px;\">\n            <div class=\"kksr-star\" style=\"padding-right: 5px\">\n            \n\n<div class=\"kksr-icon\" style=\"width: 30px; height: 30px;\"><\/div>\n        <\/div>\n            <div class=\"kksr-star\" style=\"padding-right: 5px\">\n            \n\n<div class=\"kksr-icon\" style=\"width: 30px; height: 30px;\"><\/div>\n        <\/div>\n            <div class=\"kksr-star\" style=\"padding-right: 5px\">\n            \n\n<div class=\"kksr-icon\" style=\"width: 30px; height: 30px;\"><\/div>\n        <\/div>\n            <div class=\"kksr-star\" style=\"padding-right: 5px\">\n            \n\n<div class=\"kksr-icon\" style=\"width: 30px; height: 30px;\"><\/div>\n        <\/div>\n            <div class=\"kksr-star\" style=\"padding-right: 5px\">\n            \n\n<div class=\"kksr-icon\" style=\"width: 30px; height: 30px;\"><\/div>\n        <\/div>\n    <\/div>\n<\/div>\n                \n\n<div class=\"kksr-legend\" style=\"font-size: 24px;\">\n            <span class=\"kksr-muted\">Rate this page<\/span>\n    <\/div>\n    <\/div>\n<h2>Objavte vzru\u0161enie Euromillions EU &#8211; rak\u00faska cesta k ve\u013ek\u00fdm v\u00fdhram<\/h2>\n<p><img loading=\"lazy\" decoding=\"async\" class=\"alignright wp-image-268063\" src=\"https:\/\/lottomat.com\/wp-content\/uploads\/2026\/01\/Austrian-EuroMillions.webp\" alt=\"Rak\u00fasky EuroMillions\" width=\"200\" height=\"200\" srcset=\"https:\/\/lottomat.com\/wp-content\/uploads\/2026\/01\/Austrian-EuroMillions.webp 400w, https:\/\/lottomat.com\/wp-content\/uploads\/2026\/01\/Austrian-EuroMillions-300x300.webp 300w, https:\/\/lottomat.com\/wp-content\/uploads\/2026\/01\/Austrian-EuroMillions-150x150.webp 150w, https:\/\/lottomat.com\/wp-content\/uploads\/2026\/01\/Austrian-EuroMillions-100x100.webp 100w\" sizes=\"auto, (max-width: 200px) 100vw, 200px\" \/><\/p>\n<p>Predstavte si, \u017ee sa zobud\u00edte do \u017eivota, v ktorom s\u00fa v\u0161etky va\u0161e sny na dosah, kde \u010d\u00edsla, ktor\u00e9 ste si vybrali v\u010dera ve\u010der, nav\u017edy zmenili va\u0161u bud\u00facnos\u0165. To je vzru\u0161enie, ktor\u00e9 \u010dak\u00e1 ka\u017ed\u00e9ho \u00fa\u010dastn\u00edka <strong>Euromillions EU<\/strong>, zn\u00e1meho aj ako <strong>EuroMillions Rak\u00fasko<\/strong>. S jackpotmi, ktor\u00e9 podnecuj\u00fa predstavivos\u0165, a s nad\u0161en\u00edm mili\u00f3nov hr\u00e1\u010dov je t\u00e1to lot\u00e9ria va\u0161\u00edm tiketom do sveta mo\u017enost\u00ed.<\/p>\n<p>Euromillions EU nie je len \u010fal\u0161ia lot\u00e9ria \u2013 je to z\u00e1\u017eitok, ktor\u00fd sp\u00e1ja hr\u00e1\u010dov naprie\u010d kontinentom v spolo\u010dnej n\u00e1deji na ve\u013ek\u00fa v\u00fdhru. O\u010dak\u00e1vanie, atmosf\u00e9ra ve\u010dera \u017erebovania a \u0161anca zaradi\u0165 sa medzi najv\u00e4\u010d\u0161\u00edch eur\u00f3pskych v\u00fdhercov \u2013 v\u0161etko sa za\u010d\u00edna jedn\u00fdm tiketom.<\/p>\n<h2>\u010co rob\u00ed EuroMillions Rak\u00fasko jedine\u010dn\u00fdm?<\/h2>\n<p>Ak pozn\u00e1te glob\u00e1lny fenom\u00e9n EuroMillions, mo\u017eno sa p\u00fdtate, \u010d\u00edm sa verzia EU \u2013 najm\u00e4 EuroMillions Rak\u00fasko \u2013 l\u00ed\u0161i od britskej verzie. Odpove\u010f spo\u010d\u00edva v detailoch a pre fan\u00fa\u0161ikov lot\u00e9rie s\u00fa tieto detaily d\u00f4le\u017eit\u00e9.<\/p>\n<p><img loading=\"lazy\" decoding=\"async\" class=\"alignleft wp-image-268094\" src=\"https:\/\/lottomat.com\/wp-content\/uploads\/2026\/01\/EuroMillions-Austria-online.webp\" alt=\"EuroMillions Rak\u00fasko online\" width=\"200\" height=\"200\" srcset=\"https:\/\/lottomat.com\/wp-content\/uploads\/2026\/01\/EuroMillions-Austria-online.webp 400w, https:\/\/lottomat.com\/wp-content\/uploads\/2026\/01\/EuroMillions-Austria-online-300x300.webp 300w, https:\/\/lottomat.com\/wp-content\/uploads\/2026\/01\/EuroMillions-Austria-online-150x150.webp 150w, https:\/\/lottomat.com\/wp-content\/uploads\/2026\/01\/EuroMillions-Austria-online-100x100.webp 100w\" sizes=\"auto, (max-width: 200px) 100vw, 200px\" \/>Euromillions EU sa riadi <a href=\"https:\/\/lottomat.com\/sk\/informacie-o-loterii\/informacie-o-euromillions\/\">klasick\u00fdm form\u00e1tom EuroMillions<\/a>, no tikety sa kupuj\u00fa a v\u00fdhry sa vypl\u00e1caj\u00fa pod\u013ea rak\u00faskych pravidiel a da\u0148ov\u00e9ho syst\u00e9mu. To \u010dasto znamen\u00e1 odli\u0161n\u00e9 \u0161trukt\u00fary v\u00fdplat a niekedy aj priaznivej\u0161ie da\u0148ov\u00e9 podmienky pre v\u00fdhercov v z\u00e1vislosti od krajiny bydliska. Na rozdiel od britskej verzie, kde sa tikety kupuj\u00fa v libr\u00e1ch a podliehaj\u00fa britsk\u00fdm lot\u00e9riov\u00fdm predpisom, EuroMillions Rak\u00fasko funguje v eur\u00e1ch a riadi sa rak\u00faskymi z\u00e1konmi o hazardn\u00fdch hr\u00e1ch. To m\u00f4\u017ee ovplyvni\u0165 nielen sp\u00f4sob, ak\u00fdm hr\u00e1te, ale aj to, ko\u013eko si napokon odnesiete domov, ak vyhr\u00e1te.<\/p>\n<p>\u010eal\u0161\u00edm v\u00fdrazn\u00fdm rozdielom je ponuka doplnkov\u00fdch hier a \u017erebovan\u00ed, ktor\u00e9 niekedy sprev\u00e1dzaj\u00fa \u017erebovania EuroMillions UK, napr\u00edklad UK Millionaire Maker. Hoci s\u00fa dostupn\u00e9 v\u00fdhradne pre \u00fa\u010dastn\u00edkov zo Spojen\u00e9ho kr\u00e1\u013eovstva, hran\u00edm cez Euromillions EU sa st\u00e1vate s\u00fa\u010das\u0165ou skuto\u010dne paneur\u00f3pskeho lot\u00e9riov\u00e9ho z\u00e1\u017eitku a zdie\u013eate vzru\u0161enie s hr\u00e1\u010dmi z Rak\u00faska, \u0160panielska, Franc\u00fazska, Portugalska, Belgicka, \u00cdrska, Luxemburska a \u0160vaj\u010diarska. Pocit komunity a rozsah hry robia z ka\u017ed\u00e9ho \u017erebovania skuto\u010dne medzin\u00e1rodn\u00fa udalos\u0165.<\/p>\n<h2>Rytmus vzru\u0161enia \u2013 kedy sa konaj\u00fa \u017erebovania?<\/h2>\n<p>Euromillions EU udr\u017eiava vzru\u0161enie dvoma \u017erebovaniami ka\u017ed\u00fd t\u00fd\u017ede\u0148, ktor\u00e9 sa konaj\u00fa ka\u017ed\u00fd utorok a piatok ve\u010der. Tento pravideln\u00fd rytmus znamen\u00e1, \u017ee pr\u00edle\u017eitos\u0165 zmeni\u0165 svoj \u017eivot nie je nikdy \u010faleko \u2013 len p\u00e1r dn\u00ed del\u00ed ka\u017ed\u00fa \u0161ancu sta\u0165 sa \u010fal\u0161\u00edm ve\u013ek\u00fdm eur\u00f3pskym v\u00fdhercom. O\u010dak\u00e1vanie rastie po\u010das t\u00fd\u017ed\u0148a a ka\u017ed\u00e9 \u017erebovanie je nov\u00fdm za\u010diatkom, novou \u0161ancou na \u0161\u0165astie, ktor\u00e9 m\u00f4\u017ee by\u0165 hne\u010f za rohom.<\/p>\n<p>Je v tom zvl\u00e1\u0161tne \u010daro vedie\u0165, \u017ee dvakr\u00e1t t\u00fd\u017edenne niekto niekde v Eur\u00f3pe uvid\u00ed, ako sa vy\u017erebuj\u00fa jeho \u010d\u00edsla. Pre\u010do by ste to nemohli by\u0165 vy? V\u010faka \u010dast\u00fdm \u017erebovaniam pon\u00faka Euromillions EU mno\u017estvo pr\u00edle\u017eitost\u00ed hra\u0165, sn\u00edva\u0165 a vyhr\u00e1va\u0165.<\/p>\n<h2>Pre\u010do hra\u0165 EuroMillions Rak\u00fasko? Rados\u0165 z nasledovania ve\u013ek\u00fdch snov<\/h2>\n<p>Skuto\u010dn\u00e9 \u010daro Euromillions EU spo\u010d\u00edva v mo\u017enostiach, ktor\u00e9 m\u00f4\u017eu zmeni\u0165 \u017eivot. Jackpoty pravidelne dosahuj\u00fa z\u00e1vratn\u00e9 sumy, niekedy presahuj\u00face 200 mili\u00f3nov eur. Predstavte si, \u010do by ste mohli urobi\u0165 s takouto v\u00fdhrou \u2013 \u010di u\u017e cestova\u0165 po svete, k\u00fapi\u0165 si dom snov, zabezpe\u010di\u0165 bud\u00facnos\u0165 rodiny alebo podpori\u0165 veci, ktor\u00e9 s\u00fa v\u00e1m najbli\u017e\u0161ie. Obzory sa roz\u0161iruj\u00fa a jedin\u00fdm limitom je va\u0161a predstavivos\u0165.<\/p>\n<p>Okrem obrovsk\u00fdch v\u00fdhier je v\u0161ak mimoriadne uspokojuj\u00face by\u0165 s\u00fa\u010das\u0165ou takej legend\u00e1rnej lot\u00e9rie. Ka\u017ed\u00fd tiket je pr\u00eds\u013eubom n\u00e1deje, malou invest\u00edciou do viery, \u017ee sa na v\u00e1s \u0161\u0165astie usmeje u\u017e nabud\u00face. Samotn\u00e9 o\u010dak\u00e1vanie \u017erebovania, moment, ke\u010f zaznej\u00fa va\u0161e \u010d\u00edsla, a n\u00e1val adrenal\u00ednu, ktor\u00fd nasleduje \u2013 to je z\u00e1\u017eitok, ktor\u00fd prin\u00e1\u0161a vzru\u0161enie do ka\u017edodenn\u00e9ho \u017eivota.<img loading=\"lazy\" decoding=\"async\" class=\"alignright wp-image-268125\" src=\"https:\/\/lottomat.com\/wp-content\/uploads\/2026\/01\/EuroMillions-Austria-tickets.webp\" alt=\"tikety EuroMillions Rak\u00fasko\" width=\"200\" height=\"200\" srcset=\"https:\/\/lottomat.com\/wp-content\/uploads\/2026\/01\/EuroMillions-Austria-tickets.webp 400w, https:\/\/lottomat.com\/wp-content\/uploads\/2026\/01\/EuroMillions-Austria-tickets-300x300.webp 300w, https:\/\/lottomat.com\/wp-content\/uploads\/2026\/01\/EuroMillions-Austria-tickets-150x150.webp 150w, https:\/\/lottomat.com\/wp-content\/uploads\/2026\/01\/EuroMillions-Austria-tickets-100x100.webp 100w\" sizes=\"auto, (max-width: 200px) 100vw, 200px\" \/><\/p>\n<p>Aby ste si naplno osvojili lot\u00e9riov\u00fd \u017eivotn\u00fd \u0161t\u00fdl, k\u013e\u00fa\u010dom je pravidelnos\u0165. Naj\u00faspe\u0161nej\u0161\u00ed hr\u00e1\u010di vedia, \u017ee pravideln\u00e9 hranie je tajomstvom zvy\u0161ovania \u0161anc\u00ed. Ka\u017ed\u00e9 vynechan\u00e9 \u017erebovanie je prem\u00e1rnen\u00e1 pr\u00edle\u017eitos\u0165, preto si z toho urobte zvyk \u2013 k\u00fapte si tikety, vyberte \u010d\u00edsla, po\u010dkajte na <a href=\"https:\/\/lottomat.com\/sk\/hrat-loteriu\/hrat-euromillions-online\/\">ofici\u00e1lne v\u00fdsledky EuroMillions Rak\u00fasko<\/a> a zosta\u0148te v hre. Napokon, nem\u00f4\u017eete vyhra\u0165, ak nehr\u00e1te, a nikdy neviete, kedy pr\u00edde v\u00e1\u0161 \u0161\u0165astn\u00fd de\u0148.<\/p>\n<h2>Viac ne\u017e len Euromillions \u2013 svet v\u00e1s \u010dak\u00e1 na Lottomat<\/h2>\n<p>Hoci Euromillions EU a jeho britsk\u00e1 verzia patria medzi <a href=\"https:\/\/lottomat.com\/sk\/hrat-loteriu\/\">najpopul\u00e1rnej\u0161ie lot\u00e9rie v Eur\u00f3pe<\/a>, s\u00fa len za\u010diatkom toho, \u010do je na Lottomat mo\u017en\u00e9. Na\u0161a platforma prin\u00e1\u0161a cel\u00fd svet lot\u00e9ri\u00ed na dosah ruky \u2013 od siln\u00e9ho Powerballu a <a href=\"https:\/\/lottomat.com\/sk\/mega-millions\/\">Mega Millions<\/a> v Spojen\u00fdch \u0161t\u00e1toch a\u017e po talianske <a href=\"https:\/\/lottomat.com\/sk\/superenalotto\/\">SuperEnalotto<\/a>, \u0161panielske El Gordo a mnoh\u00e9 \u010fal\u0161ie. Ka\u017ed\u00e1 lot\u00e9ria pon\u00faka vlastn\u00fd charakter, pravdepodobnosti a ve\u013ekosti jackpotov, \u010d\u00edm v\u00e1m d\u00e1va nekone\u010dn\u00e9 mo\u017enosti hra\u0165 a vyhr\u00e1va\u0165.<\/p>\n<p>Hranie viacer\u00fdch lot\u00e9ri\u00ed je strat\u00e9gia, ktor\u00fa vyu\u017e\u00edva mnoho sk\u00fasen\u00fdch hr\u00e1\u010dov. Rozdelen\u00edm st\u00e1vok medzi r\u00f4zne hry nielen roz\u0161irujete svoje obzory, ale v\u00fdrazne zvy\u0161ujete aj \u0161ance na ve\u013ek\u00fa v\u00fdhru. Ka\u017ed\u00fd tiket je novou pr\u00edle\u017eitos\u0165ou, ka\u017ed\u00e9 \u017erebovanie nov\u00fdm dobrodru\u017estvom. Na Lottomat m\u00e1te slobodu objavova\u0165, experimentova\u0165 a n\u00e1js\u0165 hry, ktor\u00e9 najlep\u0161ie zodpovedaj\u00fa v\u00e1\u0161mu pocitu vzru\u0161enia.<\/p>\n<p>Svet lot\u00e9ri\u00ed je pln\u00fd pr\u00edbehov \u2013 o oby\u010dajn\u00fdch \u013eu\u010foch, ktor\u00fdm sa \u017eivot zmenil v okamihu, o splnen\u00fdch snoch a prep\u00edsan\u00fdch osudoch. S ka\u017ed\u00fdm zak\u00fapen\u00fdm tiketom sa prip\u00e1jate k tejto glob\u00e1lnej komunite sn\u00edvate\u013eov a v\u00fdhercov. \u010eal\u0161\u00ed pr\u00edbeh m\u00f4\u017ee by\u0165 v\u00e1\u0161.<\/p>\n<h2>Va\u0161a cesta k \u0161\u0165astiu za\u010d\u00edna tu<\/h2>\n<p><img loading=\"lazy\" decoding=\"async\" class=\"alignleft wp-image-268155\" src=\"https:\/\/lottomat.com\/wp-content\/uploads\/2026\/01\/play-EuroMillions-Austria.webp\" alt=\"hrajte EuroMillions Rak\u00fasko\" width=\"200\" height=\"200\" srcset=\"https:\/\/lottomat.com\/wp-content\/uploads\/2026\/01\/play-EuroMillions-Austria.webp 400w, https:\/\/lottomat.com\/wp-content\/uploads\/2026\/01\/play-EuroMillions-Austria-300x300.webp 300w, https:\/\/lottomat.com\/wp-content\/uploads\/2026\/01\/play-EuroMillions-Austria-150x150.webp 150w, https:\/\/lottomat.com\/wp-content\/uploads\/2026\/01\/play-EuroMillions-Austria-100x100.webp 100w\" sizes=\"auto, (max-width: 200px) 100vw, 200px\" \/>Euromillions EU je viac ne\u017e len hra \u2013 je to br\u00e1na k svetlej\u0161ej bud\u00facnosti. Vzru\u0161enie z o\u010dak\u00e1vania, rados\u0165 z mo\u017enost\u00ed a \u0161anca sta\u0165 sa jedn\u00fdm z najv\u00e4\u010d\u0161\u00edch eur\u00f3pskych v\u00fdhercov s\u00fa na dosah. \u010ci hr\u00e1te prv\u00fdkr\u00e1t, alebo ste sk\u00fasen\u00fd fan\u00fa\u0161ik lot\u00e9ri\u00ed, niet lep\u0161ieho \u010dasu zapoji\u0165 sa.<\/p>\n<p>Pam\u00e4tajte, k\u013e\u00fa\u010dom k v\u00fdhre je \u00fa\u010das\u0165. \u010c\u00edm viac hr\u00e1te, t\u00fdm v\u00e4\u010d\u0161ia je \u0161anca, \u017ee sa prid\u00e1te k \u0161\u0165astlivcom, ktor\u00fdm jeden tiket zmenil \u017eivot. Nenechajte si ujs\u0165 \u010fal\u0161ie \u017erebovanie \u2013 vyu\u017eite svoju \u0161ancu, prijmite vzru\u0161enie a nechajte Euromillions EU otvori\u0165 dvere k \u017eivotu, o ktorom ste v\u017edy sn\u00edvali.<\/p>\n<p>A ak chcete svoje \u0161ance e\u0161te zv\u00fd\u0161i\u0165, presk\u00famajte bohat\u00fd v\u00fdber medzin\u00e1rodn\u00fdch lot\u00e9ri\u00ed na Lottomat. Ka\u017ed\u00e1 hra je novou mo\u017enos\u0165ou, nov\u00fdm horizontom a nov\u00fdm d\u00f4vodom veri\u0165, \u017ee \u0161\u0165astie praje odv\u00e1\u017enym. Va\u0161e dobrodru\u017estvo sa za\u010d\u00edna teraz \u2013 ste pripraven\u00ed hra\u0165?<\/p>\n","protected":false},"excerpt":{"rendered":"<p>Objavte vzru\u0161enie Euromillions EU &#8211; rak\u00faska cesta k ve\u013ek\u00fdm v\u00fdhram Predstavte si, \u017ee sa zobud\u00edte do \u017eivota, v ktorom s\u00fa v\u0161etky va\u0161e sny na dosah, kde \u010d\u00edsla, ktor\u00e9 ste si vybrali v\u010dera ve\u010der, nav\u017edy zmenili va\u0161u bud\u00facnos\u0165. To je vzru\u0161enie, ktor\u00e9 \u010dak\u00e1 ka\u017ed\u00e9ho \u00fa\u010dastn\u00edka Euromillions EU, zn\u00e1meho aj ako EuroMillions Rak\u00fasko. S jackpotmi, ktor\u00e9 podnecuj\u00fa [&hellip;]<\/p>\n","protected":false},"author":11,"featured_media":0,"parent":6803,"menu_order":0,"comment_status":"closed","ping_status":"closed","template":"euromillions-at.php","meta":{"_et_pb_use_builder":"","_et_pb_old_content":"","_et_gb_content_width":"","exclude_from_search":false,"footnotes":""},"class_list":["post-268457","page","type-page","status-publish","hentry"],"yoast_head":"<!-- This site is optimized with the Yoast SEO plugin v23.8 - https:\/\/yoast.com\/wordpress\/plugins\/seo\/ -->\n<title>EuroMillions Rak\u00fasko Online - K\u00fapte tikety - Lottomat Slovensko<\/title>\n<meta name=\"description\" content=\"Hrajte EuroMillions Rak\u00fasko online na Lottomat. Tu si m\u00f4\u017eete k\u00fapi\u0165 tikety EuroMillions Rak\u00fasko online na nadch\u00e1dzaj\u00face \u017erebovanie. Pridajte sa teraz!\" \/>\n<meta name=\"robots\" content=\"index, follow, max-snippet:-1, max-image-preview:large, max-video-preview:-1\" \/>\n<link rel=\"canonical\" href=\"https:\/\/lottomat.com\/sk\/hraj\/euromillions-eu\/\" \/>\n<meta property=\"og:locale\" content=\"sk_SK\" \/>\n<meta property=\"og:type\" content=\"article\" \/>\n<meta property=\"og:title\" content=\"EuroMillions Rak\u00fasko Online - K\u00fapte tikety - Lottomat Slovensko\" \/>\n<meta property=\"og:description\" content=\"Hrajte EuroMillions Rak\u00fasko online na Lottomat. Tu si m\u00f4\u017eete k\u00fapi\u0165 tikety EuroMillions Rak\u00fasko online na nadch\u00e1dzaj\u00face \u017erebovanie. Pridajte sa teraz!\" \/>\n<meta property=\"og:url\" content=\"https:\/\/lottomat.com\/sk\/hraj\/euromillions-eu\/\" \/>\n<meta property=\"og:site_name\" content=\"Lottomat\" \/>\n<meta property=\"article:modified_time\" content=\"2026-02-24T12:58:14+00:00\" \/>\n<meta property=\"og:image\" content=\"https:\/\/lottomat.com\/wp-content\/uploads\/2026\/01\/Austrian-EuroMillions.webp\" \/>\n\t<meta property=\"og:image:width\" content=\"400\" \/>\n\t<meta property=\"og:image:height\" content=\"400\" \/>\n\t<meta property=\"og:image:type\" content=\"image\/webp\" \/>\n<meta name=\"twitter:card\" content=\"summary_large_image\" \/>\n<meta name=\"twitter:label1\" content=\"Predpokladan\u00fd \u010das \u010d\u00edtania\" \/>\n\t<meta name=\"twitter:data1\" content=\"5 min\u00fat\" \/>\n<script type=\"application\/ld+json\" class=\"yoast-schema-graph\">{\"@context\":\"https:\/\/schema.org\",\"@graph\":[{\"@type\":\"WebPage\",\"@id\":\"https:\/\/lottomat.com\/sk\/hraj\/euromillions-eu\/\",\"url\":\"https:\/\/lottomat.com\/sk\/hraj\/euromillions-eu\/\",\"name\":\"EuroMillions Rak\u00fasko Online - K\u00fapte tikety - Lottomat Slovensko\",\"isPartOf\":{\"@id\":\"https:\/\/lottomat.com\/sk\/#website\"},\"primaryImageOfPage\":{\"@id\":\"https:\/\/lottomat.com\/sk\/hraj\/euromillions-eu\/#primaryimage\"},\"image\":{\"@id\":\"https:\/\/lottomat.com\/sk\/hraj\/euromillions-eu\/#primaryimage\"},\"thumbnailUrl\":\"https:\/\/lottomat.com\/wp-content\/uploads\/2026\/01\/Austrian-EuroMillions.webp\",\"datePublished\":\"2025-05-18T16:39:08+00:00\",\"dateModified\":\"2026-02-24T12:58:14+00:00\",\"description\":\"Hrajte EuroMillions Rak\u00fasko online na Lottomat. Tu si m\u00f4\u017eete k\u00fapi\u0165 tikety EuroMillions Rak\u00fasko online na nadch\u00e1dzaj\u00face \u017erebovanie. Pridajte sa teraz!\",\"breadcrumb\":{\"@id\":\"https:\/\/lottomat.com\/sk\/hraj\/euromillions-eu\/#breadcrumb\"},\"inLanguage\":\"sk-SK\",\"potentialAction\":[{\"@type\":\"ReadAction\",\"target\":[\"https:\/\/lottomat.com\/sk\/hraj\/euromillions-eu\/\"]}]},{\"@type\":\"ImageObject\",\"inLanguage\":\"sk-SK\",\"@id\":\"https:\/\/lottomat.com\/sk\/hraj\/euromillions-eu\/#primaryimage\",\"url\":\"https:\/\/lottomat.com\/wp-content\/uploads\/2026\/01\/Austrian-EuroMillions.webp\",\"contentUrl\":\"https:\/\/lottomat.com\/wp-content\/uploads\/2026\/01\/Austrian-EuroMillions.webp\"},{\"@type\":\"BreadcrumbList\",\"@id\":\"https:\/\/lottomat.com\/sk\/hraj\/euromillions-eu\/#breadcrumb\",\"itemListElement\":[{\"@type\":\"ListItem\",\"position\":1,\"name\":\"Home\",\"item\":\"https:\/\/lottomat.com\/sk\/\"},{\"@type\":\"ListItem\",\"position\":2,\"name\":\"Hrajte Loto\",\"item\":\"https:\/\/lottomat.com\/sk\/hraj\/\"},{\"@type\":\"ListItem\",\"position\":3,\"name\":\"Euromillions EU Online &#8211; tikety EuroMillions Rak\u00fasko\"}]},{\"@type\":\"WebSite\",\"@id\":\"https:\/\/lottomat.com\/sk\/#website\",\"url\":\"https:\/\/lottomat.com\/sk\/\",\"name\":\"Lottomat\",\"description\":\"\",\"potentialAction\":[{\"@type\":\"SearchAction\",\"target\":{\"@type\":\"EntryPoint\",\"urlTemplate\":\"https:\/\/lottomat.com\/sk\/?s={search_term_string}\"},\"query-input\":{\"@type\":\"PropertyValueSpecification\",\"valueRequired\":true,\"valueName\":\"search_term_string\"}}],\"inLanguage\":\"sk-SK\"}]}<\/script>\n<!-- \/ Yoast SEO plugin. -->","yoast_head_json":{"title":"EuroMillions Rak\u00fasko Online - K\u00fapte tikety - Lottomat Slovensko","description":"Hrajte EuroMillions Rak\u00fasko online na Lottomat. Tu si m\u00f4\u017eete k\u00fapi\u0165 tikety EuroMillions Rak\u00fasko online na nadch\u00e1dzaj\u00face \u017erebovanie. Pridajte sa teraz!","robots":{"index":"index","follow":"follow","max-snippet":"max-snippet:-1","max-image-preview":"max-image-preview:large","max-video-preview":"max-video-preview:-1"},"canonical":"https:\/\/lottomat.com\/sk\/hraj\/euromillions-eu\/","og_locale":"sk_SK","og_type":"article","og_title":"EuroMillions Rak\u00fasko Online - K\u00fapte tikety - Lottomat Slovensko","og_description":"Hrajte EuroMillions Rak\u00fasko online na Lottomat. Tu si m\u00f4\u017eete k\u00fapi\u0165 tikety EuroMillions Rak\u00fasko online na nadch\u00e1dzaj\u00face \u017erebovanie. Pridajte sa teraz!","og_url":"https:\/\/lottomat.com\/sk\/hraj\/euromillions-eu\/","og_site_name":"Lottomat","article_modified_time":"2026-02-24T12:58:14+00:00","og_image":[{"width":400,"height":400,"url":"https:\/\/lottomat.com\/wp-content\/uploads\/2026\/01\/Austrian-EuroMillions.webp","type":"image\/webp"}],"twitter_card":"summary_large_image","twitter_misc":{"Predpokladan\u00fd \u010das \u010d\u00edtania":"5 min\u00fat"},"schema":{"@context":"https:\/\/schema.org","@graph":[{"@type":"WebPage","@id":"https:\/\/lottomat.com\/sk\/hraj\/euromillions-eu\/","url":"https:\/\/lottomat.com\/sk\/hraj\/euromillions-eu\/","name":"EuroMillions Rak\u00fasko Online - K\u00fapte tikety - Lottomat Slovensko","isPartOf":{"@id":"https:\/\/lottomat.com\/sk\/#website"},"primaryImageOfPage":{"@id":"https:\/\/lottomat.com\/sk\/hraj\/euromillions-eu\/#primaryimage"},"image":{"@id":"https:\/\/lottomat.com\/sk\/hraj\/euromillions-eu\/#primaryimage"},"thumbnailUrl":"https:\/\/lottomat.com\/wp-content\/uploads\/2026\/01\/Austrian-EuroMillions.webp","datePublished":"2025-05-18T16:39:08+00:00","dateModified":"2026-02-24T12:58:14+00:00","description":"Hrajte EuroMillions Rak\u00fasko online na Lottomat. Tu si m\u00f4\u017eete k\u00fapi\u0165 tikety EuroMillions Rak\u00fasko online na nadch\u00e1dzaj\u00face \u017erebovanie. Pridajte sa teraz!","breadcrumb":{"@id":"https:\/\/lottomat.com\/sk\/hraj\/euromillions-eu\/#breadcrumb"},"inLanguage":"sk-SK","potentialAction":[{"@type":"ReadAction","target":["https:\/\/lottomat.com\/sk\/hraj\/euromillions-eu\/"]}]},{"@type":"ImageObject","inLanguage":"sk-SK","@id":"https:\/\/lottomat.com\/sk\/hraj\/euromillions-eu\/#primaryimage","url":"https:\/\/lottomat.com\/wp-content\/uploads\/2026\/01\/Austrian-EuroMillions.webp","contentUrl":"https:\/\/lottomat.com\/wp-content\/uploads\/2026\/01\/Austrian-EuroMillions.webp"},{"@type":"BreadcrumbList","@id":"https:\/\/lottomat.com\/sk\/hraj\/euromillions-eu\/#breadcrumb","itemListElement":[{"@type":"ListItem","position":1,"name":"Home","item":"https:\/\/lottomat.com\/sk\/"},{"@type":"ListItem","position":2,"name":"Hrajte Loto","item":"https:\/\/lottomat.com\/sk\/hraj\/"},{"@type":"ListItem","position":3,"name":"Euromillions EU Online &#8211; tikety EuroMillions Rak\u00fasko"}]},{"@type":"WebSite","@id":"https:\/\/lottomat.com\/sk\/#website","url":"https:\/\/lottomat.com\/sk\/","name":"Lottomat","description":"","potentialAction":[{"@type":"SearchAction","target":{"@type":"EntryPoint","urlTemplate":"https:\/\/lottomat.com\/sk\/?s={search_term_string}"},"query-input":{"@type":"PropertyValueSpecification","valueRequired":true,"valueName":"search_term_string"}}],"inLanguage":"sk-SK"}]}},"_links":{"self":[{"href":"https:\/\/lottomat.com\/sk\/wp-json\/wp\/v2\/pages\/268457","targetHints":{"allow":["GET"]}}],"collection":[{"href":"https:\/\/lottomat.com\/sk\/wp-json\/wp\/v2\/pages"}],"about":[{"href":"https:\/\/lottomat.com\/sk\/wp-json\/wp\/v2\/types\/page"}],"author":[{"embeddable":true,"href":"https:\/\/lottomat.com\/sk\/wp-json\/wp\/v2\/users\/11"}],"replies":[{"embeddable":true,"href":"https:\/\/lottomat.com\/sk\/wp-json\/wp\/v2\/comments?post=268457"}],"version-history":[{"count":4,"href":"https:\/\/lottomat.com\/sk\/wp-json\/wp\/v2\/pages\/268457\/revisions"}],"predecessor-version":[{"id":271609,"href":"https:\/\/lottomat.com\/sk\/wp-json\/wp\/v2\/pages\/268457\/revisions\/271609"}],"up":[{"embeddable":true,"href":"https:\/\/lottomat.com\/sk\/wp-json\/wp\/v2\/pages\/6803"}],"wp:attachment":[{"href":"https:\/\/lottomat.com\/sk\/wp-json\/wp\/v2\/media?parent=268457"}],"curies":[{"name":"wp","href":"https:\/\/api.w.org\/{rel}","templated":true}]}}