{"id":238207,"date":"2025-04-07T19:25:51","date_gmt":"2025-04-07T19:25:51","guid":{"rendered":"https:\/\/lottomat.net\/vysledky-loterie\/vysledky-superenalotto\/"},"modified":"2026-01-01T19:24:32","modified_gmt":"2026-01-01T19:24:32","slug":"superenalotto","status":"publish","type":"page","link":"https:\/\/lottomat.com\/sk\/vysledky\/superenalotto\/","title":{"rendered":"V\u00fdsledky SuperEnalotto a V\u00fdhern\u00e9 \u010c\u00edsla"},"content":{"rendered":"\n\n<div class=\"kk-star-ratings kksr-auto kksr-align-left kksr-valign-top\"\n    data-payload='{&quot;align&quot;:&quot;left&quot;,&quot;id&quot;:&quot;238207&quot;,&quot;slug&quot;:&quot;default&quot;,&quot;valign&quot;:&quot;top&quot;,&quot;ignore&quot;:&quot;&quot;,&quot;reference&quot;:&quot;auto&quot;,&quot;class&quot;:&quot;&quot;,&quot;count&quot;:&quot;0&quot;,&quot;legendonly&quot;:&quot;&quot;,&quot;readonly&quot;:&quot;&quot;,&quot;score&quot;:&quot;0&quot;,&quot;starsonly&quot;:&quot;&quot;,&quot;best&quot;:&quot;5&quot;,&quot;gap&quot;:&quot;5&quot;,&quot;greet&quot;:&quot;Rate this page&quot;,&quot;legend&quot;:&quot;0\\\/5 - (0 votes)&quot;,&quot;size&quot;:&quot;30&quot;,&quot;title&quot;:&quot;V\u00fdsledky SuperEnalotto a V\u00fdhern\u00e9 \u010c\u00edsla&quot;,&quot;width&quot;:&quot;0&quot;,&quot;_legend&quot;:&quot;{score}\\\/{best} - ({count} {votes})&quot;,&quot;font_factor&quot;:&quot;1.25&quot;}'>\n            \n<div class=\"kksr-stars\">\n    \n<div class=\"kksr-stars-inactive\">\n            <div class=\"kksr-star\" data-star=\"1\" style=\"padding-right: 5px\">\n            \n\n<div class=\"kksr-icon\" style=\"width: 30px; height: 30px;\"><\/div>\n        <\/div>\n            <div class=\"kksr-star\" data-star=\"2\" style=\"padding-right: 5px\">\n            \n\n<div class=\"kksr-icon\" style=\"width: 30px; height: 30px;\"><\/div>\n        <\/div>\n            <div class=\"kksr-star\" data-star=\"3\" style=\"padding-right: 5px\">\n            \n\n<div class=\"kksr-icon\" style=\"width: 30px; height: 30px;\"><\/div>\n        <\/div>\n            <div class=\"kksr-star\" data-star=\"4\" style=\"padding-right: 5px\">\n            \n\n<div class=\"kksr-icon\" style=\"width: 30px; height: 30px;\"><\/div>\n        <\/div>\n            <div class=\"kksr-star\" data-star=\"5\" style=\"padding-right: 5px\">\n            \n\n<div class=\"kksr-icon\" style=\"width: 30px; height: 30px;\"><\/div>\n        <\/div>\n    <\/div>\n    \n<div class=\"kksr-stars-active\" style=\"width: 0px;\">\n            <div class=\"kksr-star\" style=\"padding-right: 5px\">\n            \n\n<div class=\"kksr-icon\" style=\"width: 30px; height: 30px;\"><\/div>\n        <\/div>\n            <div class=\"kksr-star\" style=\"padding-right: 5px\">\n            \n\n<div class=\"kksr-icon\" style=\"width: 30px; height: 30px;\"><\/div>\n        <\/div>\n            <div class=\"kksr-star\" style=\"padding-right: 5px\">\n            \n\n<div class=\"kksr-icon\" style=\"width: 30px; height: 30px;\"><\/div>\n        <\/div>\n            <div class=\"kksr-star\" style=\"padding-right: 5px\">\n            \n\n<div class=\"kksr-icon\" style=\"width: 30px; height: 30px;\"><\/div>\n        <\/div>\n            <div class=\"kksr-star\" style=\"padding-right: 5px\">\n            \n\n<div class=\"kksr-icon\" style=\"width: 30px; height: 30px;\"><\/div>\n        <\/div>\n    <\/div>\n<\/div>\n                \n\n<div class=\"kksr-legend\" style=\"font-size: 24px;\">\n            <span class=\"kksr-muted\">Rate this page<\/span>\n    <\/div>\n    <\/div>\n<p>Zis\u0165ovanie v\u00fdsledkov SuperEnalotto pre ka\u017ed\u00e9 \u017erebovanie, v ktorom sa z\u00fa\u010dast\u0148uj\u00fa tvoje l\u00edstky, bude ur\u010dite ve\u013ek\u00e1 z\u00e1bava \u2013 najm\u00e4 ke\u010f sa uk\u00e1\u017ee, \u017ee si vybral \u0161\u0165astn\u00e9 \u010d\u00edsla. R\u00fdchlo a jednoducho si over na <a href=\"https:\/\/lottomat.com\/sk\/\">str\u00e1nke LottoMat<\/a>, \u010di si sa stal milion\u00e1rom, preto\u017ee v\u00fdsledky zverej\u0148ujeme hne\u010f po \u017erebovan\u00ed a poch\u00e1dzaj\u00fa z ofici\u00e1lnej spr\u00e1vy organiz\u00e1tora lot\u00e9rie SuperEnalotto. D\u00e1 sa poveda\u0165, \u017ee <a href=\"https:\/\/lottomat.com\/sk\/vysledky-loterie\/\">na\u0161e v\u00fdsledky lot\u00e9rie<\/a> s\u00fa v\u017edy hor\u00face ako \u010derstvo upe\u010den\u00e9 ro\u017eky.<\/p>\n<h2><img loading=\"lazy\" decoding=\"async\" class=\"wp-image-252676 alignleft\" src=\"https:\/\/lottomat.com\/wp-content\/uploads\/2025\/10\/Italian-lottery-numbers-300x300.webp\" alt=\"talianske lot\u00e9riov\u00e9 \u010d\u00edsla\" width=\"200\" height=\"200\" srcset=\"https:\/\/lottomat.com\/wp-content\/uploads\/2025\/10\/Italian-lottery-numbers-300x300.webp 300w, https:\/\/lottomat.com\/wp-content\/uploads\/2025\/10\/Italian-lottery-numbers-150x150.webp 150w, https:\/\/lottomat.com\/wp-content\/uploads\/2025\/10\/Italian-lottery-numbers-100x100.webp 100w, https:\/\/lottomat.com\/wp-content\/uploads\/2025\/10\/Italian-lottery-numbers.webp 400w\" sizes=\"auto, (max-width: 200px) 100vw, 200px\" \/>Ako Skontrolova\u0165 Aktu\u00e1lne V\u00fdsledky SuperEnalotto?<\/h2>\n<p>Je to naozaj jednoduch\u00e9 ako facka a neuverite\u013ene r\u00fdchle. <strong>V\u00fdsledky posledn\u00e9ho \u017erebovania s\u00fa v\u017edy umiestnen\u00e9 v hornej \u010dasti str\u00e1nky.<\/strong> M\u00f4\u017ee \u0165a v\u0161ak zmias\u0165 bonusov\u00e9 \u010d\u00edslo, takzvan\u00e9 Jolly, ktor\u00e9 sa objavuje vo v\u00fdsledkoch, ale neboj sa \u2013 v\u00fdsledky dost\u00e1vame priamo od organiz\u00e1tora ihne\u010f po \u017erebovan\u00ed, tak\u017ee aj toto mal\u00e9 dodato\u010dn\u00e9 \u010d\u00edslo, ktor\u00e9 m\u00f4\u017eu vybra\u0165 iba Taliani v lot\u00e9riov\u00fdch kancel\u00e1ri\u00e1ch po celej krajine, je tam zahrnut\u00e9. Znamen\u00e1 to, \u017ee sa m\u00e1\u0161 s\u00fastredi\u0165 len na hlavn\u00e9 \u010d\u00edsla, preto\u017ee sa nez\u00fa\u010dast\u0148uje\u0161 \u017erebovania Jolly. <strong>V\u00fdsledky na str\u00e1nke LottoMat s\u00fa zobrazen\u00e9 v preh\u013eadnej tabu\u013eke a ich \u010d\u00edtanie je ve\u013emi jednoduch\u00e9.<\/strong><\/p>\n<h2>Ako Skontrolova\u0165 Archivovan\u00e9 V\u00fdsledky SuperEnalotto?<\/h2>\n<p>Na str\u00e1nke LottoMat ti umo\u017e\u0148ujeme prehliada\u0165 star\u0161ie v\u00fdsledky. Hne\u010f ved\u013ea ned\u00e1vno vy\u017erebovan\u00fdch \u010d\u00edsel sa nach\u00e1dza d\u00e1tum posledn\u00e9ho \u017erebovania. <strong>Ak klikne\u0161 na tento d\u00e1tum, zobraz\u00ed sa kalend\u00e1r s archivovan\u00fdmi \u017erebovaniami.<\/strong> V\u0161etko, \u010do mus\u00ed\u0161 urobi\u0165, je vybra\u0165 si d\u00e1tum, ktor\u00fd \u0165a zauj\u00edma, a pozrie\u0165 si v\u00fdsledky predch\u00e1dzaj\u00faceho \u017erebovania SuperEnalotto. Zhroma\u017e\u010fujeme \u00fadaje za posledn\u00fdch 12 mesiacov a m\u00f4\u017ee\u0161 si by\u0165 ist\u00fd, \u017ee s\u00fa spracovan\u00e9 spo\u013eahlivo a predov\u0161etk\u00fdm pravdivo.<\/p>\n<h2>Ako Pou\u017ei\u0165 Archivovan\u00e9 V\u00fdhern\u00e9 \u010c\u00edsla SuperEnalotto?<img loading=\"lazy\" decoding=\"async\" class=\"wp-image-252707 alignright\" src=\"https:\/\/lottomat.com\/wp-content\/uploads\/2025\/10\/Italian-lottery-results-300x300.webp\" alt=\"v\u00fdsledky talianskej lot\u00e9rie\" width=\"200\" height=\"200\" srcset=\"https:\/\/lottomat.com\/wp-content\/uploads\/2025\/10\/Italian-lottery-results-300x300.webp 300w, https:\/\/lottomat.com\/wp-content\/uploads\/2025\/10\/Italian-lottery-results-150x150.webp 150w, https:\/\/lottomat.com\/wp-content\/uploads\/2025\/10\/Italian-lottery-results-100x100.webp 100w, https:\/\/lottomat.com\/wp-content\/uploads\/2025\/10\/Italian-lottery-results.webp 400w\" sizes=\"auto, (max-width: 200px) 100vw, 200px\" \/><\/h2>\n<p>Vie\u0161, pre\u010do s\u00fa archivovan\u00e9 \u017erebovania u\u017eito\u010dn\u00e9? S\u00fa na to tri hlavn\u00e9 d\u00f4vody. <strong>Po prv\u00e9, umo\u017e\u0148uj\u00fa ti vytvori\u0165 si vlastn\u00fa jedine\u010dn\u00fa strat\u00e9giu<\/strong>, v\u010faka ktorej m\u00f4\u017ee\u0161 analyzova\u0165 ned\u00e1vno vy\u017erebovan\u00e9 \u010d\u00edsla a ur\u010di\u0165 pravdepodobnos\u0165 v\u00fdhry. Po druh\u00e9, m\u00f4\u017ee\u0161 zisti\u0165, \u010di u\u017e padla \u0161\u0165astn\u00e1 \u0161estka, \u010di bude jackpot a ak\u00e1 bola najvy\u0161\u0161ia v\u00fdhra v poslednom obdob\u00ed, aby si si mohol vypo\u010d\u00edta\u0165 potenci\u00e1lny zisk. Po tretie, m\u00f4\u017ee\u0161 vidie\u0165, ko\u013eko v\u00fdhercov malo SuperEnalotto a ak\u00e9 ceny z\u00edskali, aj ke\u010f netrafili v\u0161etky \u010d\u00edsla \u2013 a v\u00fdhercov s\u00fa v\u017edy stovky tis\u00edc! Teraz ti u\u017e len zost\u00e1va k\u00fapi\u0165 si l\u00edstky a zmeni\u0165 svoj \u017eivot od z\u00e1kladov! A nezabudni, ka\u017ed\u00fd l\u00edstok \u0165a pribl\u00ed\u017ei k v\u00fdhre v <a href=\"https:\/\/lottomat.com\/sk\/superenalotto\/\">SuperEnalotto online<\/a>.<\/p>\n<h2>Ktor\u00e9 S\u00fa Naj\u010dastej\u0161ie \u017drebovan\u00e9 \u010c\u00edsla v SuperEnalotto?<\/h2>\n<p>Pod\u013ea \u0161tatistickej anal\u00fdzy \u017erebovan\u00ed SuperEnalotto od roku 1997 <strong>10 naj\u010dastej\u0161ie \u017erebovan\u00fdch \u010d\u00edsel zah\u0155\u0148a 90, 85, 77, 86, 82, 55, 88, 80, 87 a 79.<\/strong> Tieto \u010d\u00edsla sa \u010dasto ozna\u010duj\u00fa ako \u201ehor\u00face \u010d\u00edsla\u201c v lot\u00e9riov\u00fdch kruhoch, preto\u017ee sa \u010dasto objavuj\u00fa vo v\u00fdhern\u00fdch kombin\u00e1ci\u00e1ch. \u010c\u00edslo 90 je na prvom mieste, ke\u010f\u017ee bolo vy\u017erebovan\u00e9 stovky kr\u00e1t po\u010das hist\u00f3rie hry. Hr\u00e1\u010di \u010dasto pou\u017e\u00edvaj\u00fa tieto \u0161tatistick\u00e9 \u00fadaje na vytvorenie vlastn\u00fdch strat\u00e9gi\u00ed v\u00fdberu \u010d\u00edsel, aj ke\u010f treba pam\u00e4ta\u0165 na to, \u017ee ka\u017ed\u00e9 \u017erebovanie je nez\u00e1visl\u00e9 a minul\u00e9 v\u00fdsledky neovplyv\u0148uj\u00fa bud\u00face.<\/p>\n<h2><img loading=\"lazy\" decoding=\"async\" class=\"wp-image-252737 alignleft\" src=\"https:\/\/lottomat.com\/wp-content\/uploads\/2025\/10\/SuperEnalotto-results-300x300.webp\" alt=\"v\u00fdsledky SuperEnalotto\" width=\"200\" height=\"200\" srcset=\"https:\/\/lottomat.com\/wp-content\/uploads\/2025\/10\/SuperEnalotto-results-300x300.webp 300w, https:\/\/lottomat.com\/wp-content\/uploads\/2025\/10\/SuperEnalotto-results-150x150.webp 150w, https:\/\/lottomat.com\/wp-content\/uploads\/2025\/10\/SuperEnalotto-results-100x100.webp 100w, https:\/\/lottomat.com\/wp-content\/uploads\/2025\/10\/SuperEnalotto-results.webp 400w\" sizes=\"auto, (max-width: 200px) 100vw, 200px\" \/>Ktor\u00e9 S\u00fa Najmenej \u017drebovan\u00e9 \u010c\u00edsla v SuperEnalotto?<\/h2>\n<p>Na opa\u010dnom konci s\u00fa \u201estuden\u00e9 \u010d\u00edsla\u201c, ktor\u00e9 sa objavuj\u00fa ove\u013ea menej \u010dasto. <strong>10 najmenej \u017erebovan\u00fdch \u010d\u00edsel zvy\u010dajne zah\u0155\u0148a men\u0161ie \u010d\u00edsla ako 1, 2, 3, 4, 5, 6, 7, 8, 9 a 10<\/strong>, hoci to m\u00f4\u017ee z\u00e1visie\u0165 od analyzovan\u00e9ho obdobia. Tieto studen\u00e9 \u010d\u00edsla sa vyskytuj\u00fa v menej v\u00fdhern\u00fdch kombin\u00e1ci\u00e1ch v porovnan\u00ed s hor\u00facimi. Niektor\u00ed hr\u00e1\u010di veria, \u017ee studen\u00e9 \u010d\u00edsla s\u00fa \u201ena rade\u201c, zatia\u013e \u010do in\u00ed preferuj\u00fa dr\u017ea\u0165 sa hor\u00facich \u010d\u00edsel, ktor\u00e9 sa uk\u00e1zali ako \u010dastej\u0161ie. Pochopenie vzorcov hor\u00facich a studen\u00fdch \u010d\u00edsel m\u00f4\u017ee hr\u00e1\u010dom pom\u00f4c\u0165 vyvin\u00fa\u0165 ich vlastn\u00e9 lot\u00e9riov\u00e9 strat\u00e9gie.<\/p>\n<h2>Daj\u00fa Sa V\u00fdsledky SuperEnalotto Predpoveda\u0165?<\/h2>\n<p>Napriek detailnej \u0161tatistickej anal\u00fdze dostupnej pre SuperEnalotto je d\u00f4le\u017eit\u00e9 pochopi\u0165, \u017ee <strong>v\u00fdsledky lot\u00e9rie sa nedaj\u00fa presne predpoveda\u0165.<\/strong> Ka\u017ed\u00e9 \u017erebovanie SuperEnalotto je \u00faplne n\u00e1hodn\u00e9 a nez\u00e1visl\u00e9 od predch\u00e1dzaj\u00facich v\u00fdsledkov. \u0160t\u00fadium hor\u00facich a studen\u00fdch \u010d\u00edsel, frekven\u010dn\u00fdch tabuliek a historick\u00fdch vzorcov m\u00f4\u017ee by\u0165 zauj\u00edmav\u00e9 a m\u00f4\u017ee ovplyvni\u0165 tvoju strat\u00e9giu v\u00fdberu \u010d\u00edsel, no tieto \u0161tatistiky nezaru\u010duj\u00fa bud\u00faci \u00faspech. Lot\u00e9ria pou\u017e\u00edva sofistikovan\u00e9 syst\u00e9my generovania n\u00e1hodn\u00fdch \u010d\u00edsel, ktor\u00e9 zaru\u010duj\u00fa, \u017ee ka\u017ed\u00e9 \u010d\u00edslo od 1 do 90 m\u00e1 rovnak\u00fa \u0161ancu by\u0165 vy\u017erebovan\u00e9. Matematick\u00e1 pravdepodobnos\u0165 zost\u00e1va rovnak\u00e1 bez oh\u013eadu na predch\u00e1dzaj\u00face v\u00fdsledky \u2013 tento jav je zn\u00e1my ako \u201ehr\u00e1\u010dov klam\u201c, ke\u010f si \u013eudia mylne myslia, \u017ee minul\u00e9 v\u00fdsledky ovplyv\u0148uj\u00fa bud\u00face. Profesion\u00e1lni matematici a \u0161tatistici neust\u00e1le zd\u00f4raz\u0148uj\u00fa, \u017ee hry ako SuperEnalotto s\u00fa \u010disto hrami n\u00e1hody. <strong>Najlep\u0161\u00edm pr\u00edstupom je hra\u0165 zodpovedne, v r\u00e1mci svojich mo\u017enost\u00ed a pre z\u00e1bavu, nie ako investi\u010dn\u00fa strat\u00e9giu.<\/strong><\/p>\n<h2>Ako Skontrolova\u0165 V\u00fdsledky V\u010deraj\u0161ieho \u017drebovania SuperEnalotto?<img loading=\"lazy\" decoding=\"async\" class=\"wp-image-252767 alignright\" src=\"https:\/\/lottomat.com\/wp-content\/uploads\/2025\/10\/SuperEnalotto-winning-numbers-300x300.webp\" alt=\"v\u00fdhern\u00e9 \u010d\u00edsla SuperEnalotto\" width=\"200\" height=\"200\" srcset=\"https:\/\/lottomat.com\/wp-content\/uploads\/2025\/10\/SuperEnalotto-winning-numbers-300x300.webp 300w, https:\/\/lottomat.com\/wp-content\/uploads\/2025\/10\/SuperEnalotto-winning-numbers-150x150.webp 150w, https:\/\/lottomat.com\/wp-content\/uploads\/2025\/10\/SuperEnalotto-winning-numbers-100x100.webp 100w, https:\/\/lottomat.com\/wp-content\/uploads\/2025\/10\/SuperEnalotto-winning-numbers.webp 400w\" sizes=\"auto, (max-width: 200px) 100vw, 200px\" \/><\/h2>\n<p>Kontrola v\u010deraj\u0161\u00edch v\u00fdsledkov SuperEnalotto na str\u00e1nke LottoMat je jednoduch\u00e1 a pohodln\u00e1. Na\u0161a platforma uchov\u00e1va kompletn\u00fd arch\u00edv v\u0161etk\u00fdch ned\u00e1vnych \u017erebovan\u00ed, v\u010faka \u010domu je \u013eahk\u00e9 z\u00edska\u0165 pr\u00edstup k v\u00fdsledkom zo v\u010dera, minul\u00e9ho t\u00fd\u017ed\u0148a alebo dokonca z minul\u00e9ho mesiaca. <strong>\u010ci u\u017e h\u013ead\u00e1\u0161 dne\u0161n\u00e9 najnov\u0161ie v\u00fdsledky alebo chce\u0161 overi\u0165 \u010d\u00edsla z predch\u00e1dzaj\u00facich \u017erebovan\u00ed, LottoMat poskytuje spo\u013eahliv\u00e9 a presn\u00e9 inform\u00e1cie o talianskej lot\u00e9rii.<\/strong> Sta\u010d\u00ed prejs\u0165 do sekcie v\u00fdsledkov, kde n\u00e1jde\u0161 chronologick\u00fd zoznam v\u0161etk\u00fdch ned\u00e1vnych \u017erebovan\u00ed SuperEnalotto. Ka\u017ed\u00fd z\u00e1znam obsahuje \u0161es\u0165 hlavn\u00fdch v\u00fdhern\u00fdch \u010d\u00edsel, \u010d\u00edslo Jolly a \u010d\u00edslo SuperStar, ak je pou\u017eit\u00e9. M\u00f4\u017ee\u0161 klikn\u00fa\u0165 na ak\u00fdko\u013evek d\u00e1tum, aby si si pozrel podrobnosti o danom \u017erebovan\u00ed vr\u00e1tane rozdelenia cien a \u0161tatist\u00edk v\u00fdhercov. Pam\u00e4taj, \u017ee na LottoMat <strong>nez\u00e1le\u017e\u00ed, \u010di h\u013ead\u00e1\u0161 dne\u0161n\u00e9 v\u00fdsledky, v\u010deraj\u0161ie \u010d\u00edsla alebo v\u00fdsledky spred nieko\u013ek\u00fdch t\u00fd\u017ed\u0148ov \u2013 v\u017edy n\u00e1jde\u0161 autentick\u00e9 v\u00fdsledky talianskej lot\u00e9rie, ktor\u00fdm m\u00f4\u017ee\u0161 plne d\u00f4verova\u0165.<\/strong><\/p>\n<h2>Ko\u013eko \u013dud\u00ed Vyhralo v Poslednom \u017drebovan\u00ed SuperEnalotto?<\/h2>\n<p>Ka\u017ed\u00e9 \u017erebovanie SuperEnalotto prin\u00e1\u0161a mno\u017estvo v\u00fdhercov v r\u00f4znych <a href=\"https:\/\/lottomat.com\/sk\/informacie-o-loterii\/superenalotto-informacie\/\">\u00farovniach cien SuperEnalotto<\/a>, nielen v\u00fdhercu jackpotu. <strong>Na\u0161a podrobn\u00e1 tabu\u013eka rozdelenia cien poskytuje \u00fapln\u00e9 inform\u00e1cie o po\u010dte v\u00fdhercov na ka\u017edej \u00farovni cien a o sum\u00e1ch, ktor\u00e9 z\u00edskali.<\/strong> Tieto cenn\u00e9 \u00fadaje pom\u00e1haj\u00fa hr\u00e1\u010dom pochopi\u0165 r\u00f4zne sp\u00f4soby v\u00fdhry v SuperEnalotto, nielen zhodou v\u0161etk\u00fdch \u0161iestich \u010d\u00edsel. Zvy\u010dajne <strong>tis\u00edce hr\u00e1\u010dov vyhr\u00e1vaj\u00fa ceny v ka\u017edom \u017erebovan\u00ed SuperEnalotto na v\u0161etk\u00fdch \u00farovniach<\/strong>, pri\u010dom v\u00e4\u010d\u0161ina z\u00edskava men\u0161ie sumy za zhodu 2\u20133 \u010d\u00edsel. Tieto inform\u00e1cie sa aktualizuj\u00fa okam\u017eite po ka\u017edom \u017erebovan\u00ed a zaru\u010duj\u00fa transparentnos\u0165 v rozdelen\u00ed cien, pom\u00e1haj\u00fac hr\u00e1\u010dom pochopi\u0165 ich potenci\u00e1lne v\u00fdhry na r\u00f4znych \u00farovniach zhody.<\/p>\n","protected":false},"excerpt":{"rendered":"<p>Zis\u0165ovanie v\u00fdsledkov SuperEnalotto pre ka\u017ed\u00e9 \u017erebovanie, v ktorom sa z\u00fa\u010dast\u0148uj\u00fa tvoje l\u00edstky, bude ur\u010dite ve\u013ek\u00e1 z\u00e1bava \u2013 najm\u00e4 ke\u010f sa uk\u00e1\u017ee, \u017ee si vybral \u0161\u0165astn\u00e9 \u010d\u00edsla. R\u00fdchlo a jednoducho si over na str\u00e1nke LottoMat, \u010di si sa stal milion\u00e1rom, preto\u017ee v\u00fdsledky zverej\u0148ujeme hne\u010f po \u017erebovan\u00ed a poch\u00e1dzaj\u00fa z ofici\u00e1lnej spr\u00e1vy organiz\u00e1tora lot\u00e9rie SuperEnalotto. D\u00e1 sa [&hellip;]<\/p>\n","protected":false},"author":1,"featured_media":0,"parent":7454,"menu_order":5,"comment_status":"closed","ping_status":"closed","template":"superenalotto-results.php","meta":{"_et_pb_use_builder":"","_et_pb_old_content":"","_et_gb_content_width":"","exclude_from_search":false,"footnotes":""},"class_list":["post-238207","page","type-page","status-publish","hentry"],"yoast_head":"<!-- This site is optimized with the Yoast SEO plugin v23.8 - https:\/\/yoast.com\/wordpress\/plugins\/seo\/ -->\n<title>V\u00fdsledky SuperEnalotto a V\u00fdhern\u00e9 \u010c\u00edsla - LottoMat Slovensko<\/title>\n<meta name=\"description\" content=\"Skontroluj si najnov\u0161ie v\u00fdsledky SuperEnalotto! Pozri si dne\u0161n\u00e9 v\u00fdhern\u00e9 \u010d\u00edsla a zisti, \u010di si vyhral v talianskom \u017erebovan\u00ed.\" \/>\n<meta name=\"robots\" content=\"index, follow, max-snippet:-1, max-image-preview:large, max-video-preview:-1\" \/>\n<link rel=\"canonical\" href=\"https:\/\/lottomat.com\/sk\/vysledky\/superenalotto\/\" \/>\n<meta property=\"og:locale\" content=\"sk_SK\" \/>\n<meta property=\"og:type\" content=\"article\" \/>\n<meta property=\"og:title\" content=\"V\u00fdsledky SuperEnalotto a V\u00fdhern\u00e9 \u010c\u00edsla - LottoMat Slovensko\" \/>\n<meta property=\"og:description\" content=\"Skontroluj si najnov\u0161ie v\u00fdsledky SuperEnalotto! Pozri si dne\u0161n\u00e9 v\u00fdhern\u00e9 \u010d\u00edsla a zisti, \u010di si vyhral v talianskom \u017erebovan\u00ed.\" \/>\n<meta property=\"og:url\" content=\"https:\/\/lottomat.com\/sk\/vysledky\/superenalotto\/\" \/>\n<meta property=\"og:site_name\" content=\"Lottomat\" \/>\n<meta property=\"article:modified_time\" content=\"2026-01-01T19:24:32+00:00\" \/>\n<meta property=\"og:image\" content=\"https:\/\/lottomat.com\/wp-content\/uploads\/2025\/10\/Italian-lottery-numbers-300x300.webp\" \/>\n<meta name=\"twitter:card\" content=\"summary_large_image\" \/>\n<meta name=\"twitter:label1\" content=\"Predpokladan\u00fd \u010das \u010d\u00edtania\" \/>\n\t<meta name=\"twitter:data1\" content=\"5 min\u00fat\" \/>\n<script type=\"application\/ld+json\" class=\"yoast-schema-graph\">{\"@context\":\"https:\/\/schema.org\",\"@graph\":[{\"@type\":\"WebPage\",\"@id\":\"https:\/\/lottomat.com\/sk\/vysledky\/superenalotto\/\",\"url\":\"https:\/\/lottomat.com\/sk\/vysledky\/superenalotto\/\",\"name\":\"V\u00fdsledky SuperEnalotto a V\u00fdhern\u00e9 \u010c\u00edsla - LottoMat Slovensko\",\"isPartOf\":{\"@id\":\"https:\/\/lottomat.com\/sk\/#website\"},\"primaryImageOfPage\":{\"@id\":\"https:\/\/lottomat.com\/sk\/vysledky\/superenalotto\/#primaryimage\"},\"image\":{\"@id\":\"https:\/\/lottomat.com\/sk\/vysledky\/superenalotto\/#primaryimage\"},\"thumbnailUrl\":\"https:\/\/lottomat.com\/wp-content\/uploads\/2025\/10\/Italian-lottery-numbers-300x300.webp\",\"datePublished\":\"2025-04-07T19:25:51+00:00\",\"dateModified\":\"2026-01-01T19:24:32+00:00\",\"description\":\"Skontroluj si najnov\u0161ie v\u00fdsledky SuperEnalotto! Pozri si dne\u0161n\u00e9 v\u00fdhern\u00e9 \u010d\u00edsla a zisti, \u010di si vyhral v talianskom \u017erebovan\u00ed.\",\"breadcrumb\":{\"@id\":\"https:\/\/lottomat.com\/sk\/vysledky\/superenalotto\/#breadcrumb\"},\"inLanguage\":\"sk-SK\",\"potentialAction\":[{\"@type\":\"ReadAction\",\"target\":[\"https:\/\/lottomat.com\/sk\/vysledky\/superenalotto\/\"]}]},{\"@type\":\"ImageObject\",\"inLanguage\":\"sk-SK\",\"@id\":\"https:\/\/lottomat.com\/sk\/vysledky\/superenalotto\/#primaryimage\",\"url\":\"https:\/\/lottomat.com\/wp-content\/uploads\/2025\/10\/Italian-lottery-numbers-300x300.webp\",\"contentUrl\":\"https:\/\/lottomat.com\/wp-content\/uploads\/2025\/10\/Italian-lottery-numbers-300x300.webp\"},{\"@type\":\"BreadcrumbList\",\"@id\":\"https:\/\/lottomat.com\/sk\/vysledky\/superenalotto\/#breadcrumb\",\"itemListElement\":[{\"@type\":\"ListItem\",\"position\":1,\"name\":\"Home\",\"item\":\"https:\/\/lottomat.com\/sk\/\"},{\"@type\":\"ListItem\",\"position\":2,\"name\":\"Najnov\u0161ie v\u00fdsledky lot\u00e9rie a v\u00fdhern\u00e9 \u010d\u00edsla\",\"item\":\"https:\/\/lottomat.com\/sk\/vysledky\/\"},{\"@type\":\"ListItem\",\"position\":3,\"name\":\"V\u00fdsledky SuperEnalotto a V\u00fdhern\u00e9 \u010c\u00edsla\"}]},{\"@type\":\"WebSite\",\"@id\":\"https:\/\/lottomat.com\/sk\/#website\",\"url\":\"https:\/\/lottomat.com\/sk\/\",\"name\":\"Lottomat\",\"description\":\"\",\"potentialAction\":[{\"@type\":\"SearchAction\",\"target\":{\"@type\":\"EntryPoint\",\"urlTemplate\":\"https:\/\/lottomat.com\/sk\/?s={search_term_string}\"},\"query-input\":{\"@type\":\"PropertyValueSpecification\",\"valueRequired\":true,\"valueName\":\"search_term_string\"}}],\"inLanguage\":\"sk-SK\"}]}<\/script>\n<!-- \/ Yoast SEO plugin. -->","yoast_head_json":{"title":"V\u00fdsledky SuperEnalotto a V\u00fdhern\u00e9 \u010c\u00edsla - LottoMat Slovensko","description":"Skontroluj si najnov\u0161ie v\u00fdsledky SuperEnalotto! Pozri si dne\u0161n\u00e9 v\u00fdhern\u00e9 \u010d\u00edsla a zisti, \u010di si vyhral v talianskom \u017erebovan\u00ed.","robots":{"index":"index","follow":"follow","max-snippet":"max-snippet:-1","max-image-preview":"max-image-preview:large","max-video-preview":"max-video-preview:-1"},"canonical":"https:\/\/lottomat.com\/sk\/vysledky\/superenalotto\/","og_locale":"sk_SK","og_type":"article","og_title":"V\u00fdsledky SuperEnalotto a V\u00fdhern\u00e9 \u010c\u00edsla - LottoMat Slovensko","og_description":"Skontroluj si najnov\u0161ie v\u00fdsledky SuperEnalotto! Pozri si dne\u0161n\u00e9 v\u00fdhern\u00e9 \u010d\u00edsla a zisti, \u010di si vyhral v talianskom \u017erebovan\u00ed.","og_url":"https:\/\/lottomat.com\/sk\/vysledky\/superenalotto\/","og_site_name":"Lottomat","article_modified_time":"2026-01-01T19:24:32+00:00","og_image":[{"url":"https:\/\/lottomat.com\/wp-content\/uploads\/2025\/10\/Italian-lottery-numbers-300x300.webp"}],"twitter_card":"summary_large_image","twitter_misc":{"Predpokladan\u00fd \u010das \u010d\u00edtania":"5 min\u00fat"},"schema":{"@context":"https:\/\/schema.org","@graph":[{"@type":"WebPage","@id":"https:\/\/lottomat.com\/sk\/vysledky\/superenalotto\/","url":"https:\/\/lottomat.com\/sk\/vysledky\/superenalotto\/","name":"V\u00fdsledky SuperEnalotto a V\u00fdhern\u00e9 \u010c\u00edsla - LottoMat Slovensko","isPartOf":{"@id":"https:\/\/lottomat.com\/sk\/#website"},"primaryImageOfPage":{"@id":"https:\/\/lottomat.com\/sk\/vysledky\/superenalotto\/#primaryimage"},"image":{"@id":"https:\/\/lottomat.com\/sk\/vysledky\/superenalotto\/#primaryimage"},"thumbnailUrl":"https:\/\/lottomat.com\/wp-content\/uploads\/2025\/10\/Italian-lottery-numbers-300x300.webp","datePublished":"2025-04-07T19:25:51+00:00","dateModified":"2026-01-01T19:24:32+00:00","description":"Skontroluj si najnov\u0161ie v\u00fdsledky SuperEnalotto! Pozri si dne\u0161n\u00e9 v\u00fdhern\u00e9 \u010d\u00edsla a zisti, \u010di si vyhral v talianskom \u017erebovan\u00ed.","breadcrumb":{"@id":"https:\/\/lottomat.com\/sk\/vysledky\/superenalotto\/#breadcrumb"},"inLanguage":"sk-SK","potentialAction":[{"@type":"ReadAction","target":["https:\/\/lottomat.com\/sk\/vysledky\/superenalotto\/"]}]},{"@type":"ImageObject","inLanguage":"sk-SK","@id":"https:\/\/lottomat.com\/sk\/vysledky\/superenalotto\/#primaryimage","url":"https:\/\/lottomat.com\/wp-content\/uploads\/2025\/10\/Italian-lottery-numbers-300x300.webp","contentUrl":"https:\/\/lottomat.com\/wp-content\/uploads\/2025\/10\/Italian-lottery-numbers-300x300.webp"},{"@type":"BreadcrumbList","@id":"https:\/\/lottomat.com\/sk\/vysledky\/superenalotto\/#breadcrumb","itemListElement":[{"@type":"ListItem","position":1,"name":"Home","item":"https:\/\/lottomat.com\/sk\/"},{"@type":"ListItem","position":2,"name":"Najnov\u0161ie v\u00fdsledky lot\u00e9rie a v\u00fdhern\u00e9 \u010d\u00edsla","item":"https:\/\/lottomat.com\/sk\/vysledky\/"},{"@type":"ListItem","position":3,"name":"V\u00fdsledky SuperEnalotto a V\u00fdhern\u00e9 \u010c\u00edsla"}]},{"@type":"WebSite","@id":"https:\/\/lottomat.com\/sk\/#website","url":"https:\/\/lottomat.com\/sk\/","name":"Lottomat","description":"","potentialAction":[{"@type":"SearchAction","target":{"@type":"EntryPoint","urlTemplate":"https:\/\/lottomat.com\/sk\/?s={search_term_string}"},"query-input":{"@type":"PropertyValueSpecification","valueRequired":true,"valueName":"search_term_string"}}],"inLanguage":"sk-SK"}]}},"_links":{"self":[{"href":"https:\/\/lottomat.com\/sk\/wp-json\/wp\/v2\/pages\/238207","targetHints":{"allow":["GET"]}}],"collection":[{"href":"https:\/\/lottomat.com\/sk\/wp-json\/wp\/v2\/pages"}],"about":[{"href":"https:\/\/lottomat.com\/sk\/wp-json\/wp\/v2\/types\/page"}],"author":[{"embeddable":true,"href":"https:\/\/lottomat.com\/sk\/wp-json\/wp\/v2\/users\/1"}],"replies":[{"embeddable":true,"href":"https:\/\/lottomat.com\/sk\/wp-json\/wp\/v2\/comments?post=238207"}],"version-history":[{"count":4,"href":"https:\/\/lottomat.com\/sk\/wp-json\/wp\/v2\/pages\/238207\/revisions"}],"predecessor-version":[{"id":263839,"href":"https:\/\/lottomat.com\/sk\/wp-json\/wp\/v2\/pages\/238207\/revisions\/263839"}],"up":[{"embeddable":true,"href":"https:\/\/lottomat.com\/sk\/wp-json\/wp\/v2\/pages\/7454"}],"wp:attachment":[{"href":"https:\/\/lottomat.com\/sk\/wp-json\/wp\/v2\/media?parent=238207"}],"curies":[{"name":"wp","href":"https:\/\/api.w.org\/{rel}","templated":true}]}}