{"id":237853,"date":"2025-04-07T19:24:29","date_gmt":"2025-04-07T19:24:29","guid":{"rendered":"https:\/\/lottomat.net\/vysledky-loterie\/vysledky-sutaze-mega-millions\/"},"modified":"2026-03-15T11:40:21","modified_gmt":"2026-03-15T11:40:21","slug":"mega-millions","status":"publish","type":"page","link":"https:\/\/lottomat.com\/sk\/vysledky\/mega-millions\/","title":{"rendered":"V\u00fdsledky Mega Millions a V\u00fdhern\u00e9 \u010c\u00edsla"},"content":{"rendered":"\n\n<div class=\"kk-star-ratings kksr-auto kksr-align-left kksr-valign-top\"\n    data-payload='{&quot;align&quot;:&quot;left&quot;,&quot;id&quot;:&quot;237853&quot;,&quot;slug&quot;:&quot;default&quot;,&quot;valign&quot;:&quot;top&quot;,&quot;ignore&quot;:&quot;&quot;,&quot;reference&quot;:&quot;auto&quot;,&quot;class&quot;:&quot;&quot;,&quot;count&quot;:&quot;0&quot;,&quot;legendonly&quot;:&quot;&quot;,&quot;readonly&quot;:&quot;&quot;,&quot;score&quot;:&quot;0&quot;,&quot;starsonly&quot;:&quot;&quot;,&quot;best&quot;:&quot;5&quot;,&quot;gap&quot;:&quot;5&quot;,&quot;greet&quot;:&quot;Rate this page&quot;,&quot;legend&quot;:&quot;0\\\/5 - (0 votes)&quot;,&quot;size&quot;:&quot;30&quot;,&quot;title&quot;:&quot;V\u00fdsledky Mega Millions a V\u00fdhern\u00e9 \u010c\u00edsla&quot;,&quot;width&quot;:&quot;0&quot;,&quot;_legend&quot;:&quot;{score}\\\/{best} - ({count} {votes})&quot;,&quot;font_factor&quot;:&quot;1.25&quot;}'>\n            \n<div class=\"kksr-stars\">\n    \n<div class=\"kksr-stars-inactive\">\n            <div class=\"kksr-star\" data-star=\"1\" style=\"padding-right: 5px\">\n            \n\n<div class=\"kksr-icon\" style=\"width: 30px; height: 30px;\"><\/div>\n        <\/div>\n            <div class=\"kksr-star\" data-star=\"2\" style=\"padding-right: 5px\">\n            \n\n<div class=\"kksr-icon\" style=\"width: 30px; height: 30px;\"><\/div>\n        <\/div>\n            <div class=\"kksr-star\" data-star=\"3\" style=\"padding-right: 5px\">\n            \n\n<div class=\"kksr-icon\" style=\"width: 30px; height: 30px;\"><\/div>\n        <\/div>\n            <div class=\"kksr-star\" data-star=\"4\" style=\"padding-right: 5px\">\n            \n\n<div class=\"kksr-icon\" style=\"width: 30px; height: 30px;\"><\/div>\n        <\/div>\n            <div class=\"kksr-star\" data-star=\"5\" style=\"padding-right: 5px\">\n            \n\n<div class=\"kksr-icon\" style=\"width: 30px; height: 30px;\"><\/div>\n        <\/div>\n    <\/div>\n    \n<div class=\"kksr-stars-active\" style=\"width: 0px;\">\n            <div class=\"kksr-star\" style=\"padding-right: 5px\">\n            \n\n<div class=\"kksr-icon\" style=\"width: 30px; height: 30px;\"><\/div>\n        <\/div>\n            <div class=\"kksr-star\" style=\"padding-right: 5px\">\n            \n\n<div class=\"kksr-icon\" style=\"width: 30px; height: 30px;\"><\/div>\n        <\/div>\n            <div class=\"kksr-star\" style=\"padding-right: 5px\">\n            \n\n<div class=\"kksr-icon\" style=\"width: 30px; height: 30px;\"><\/div>\n        <\/div>\n            <div class=\"kksr-star\" style=\"padding-right: 5px\">\n            \n\n<div class=\"kksr-icon\" style=\"width: 30px; height: 30px;\"><\/div>\n        <\/div>\n            <div class=\"kksr-star\" style=\"padding-right: 5px\">\n            \n\n<div class=\"kksr-icon\" style=\"width: 30px; height: 30px;\"><\/div>\n        <\/div>\n    <\/div>\n<\/div>\n                \n\n<div class=\"kksr-legend\" style=\"font-size: 24px;\">\n            <span class=\"kksr-muted\">Rate this page<\/span>\n    <\/div>\n    <\/div>\n<p>L\u00edstky Mega Millions sa kupuj\u00fa, v\u00fdhern\u00e9 \u010d\u00edsla Mega Millions sa vyberaj\u00fa a vy sa s\u00fastred\u00edte len na \u0161\u0165astn\u00e9 pl\u00e1ny a sny, ktor\u00e9 sa m\u00f4\u017eu splni\u0165, ak sa prid\u00e1te k skupine milion\u00e1rov. Nie je na tom ni\u010d zl\u00e9 \u2013 v\u0161etci m\u00e1me svoje sny. Pravdepodobne ka\u017ed\u00fd hr\u00e1\u010d pred zverejnen\u00edm v\u00fdsledkov \u017erebovania Mega Millions mysl\u00ed na v\u00fdhru a <strong>Mega Millions je hra, ktor\u00e1 naozaj m\u00f4\u017ee ve\u013ea prinies\u0165<\/strong>.<\/p>\n<h2>Je Mo\u017en\u00e9 Vyhra\u0165 s \u010c\u00edslami Mega Millions?<img loading=\"lazy\" decoding=\"async\" class=\"alignright wp-image-251955\" src=\"https:\/\/lottomat.com\/wp-content\/uploads\/2025\/10\/Mega-Millions-winning-numbers.webp\" alt=\"V\u00fdhern\u00e9 \u010d\u00edsla Mega Millions\" width=\"200\" height=\"200\" srcset=\"https:\/\/lottomat.com\/wp-content\/uploads\/2025\/10\/Mega-Millions-winning-numbers.webp 400w, https:\/\/lottomat.com\/wp-content\/uploads\/2025\/10\/Mega-Millions-winning-numbers-300x300.webp 300w, https:\/\/lottomat.com\/wp-content\/uploads\/2025\/10\/Mega-Millions-winning-numbers-150x150.webp 150w, https:\/\/lottomat.com\/wp-content\/uploads\/2025\/10\/Mega-Millions-winning-numbers-100x100.webp 100w\" sizes=\"auto, (max-width: 200px) 100vw, 200px\" \/><\/h2>\n<p>K\u00fdm <a href=\"https:\/\/lottomat.com\/sk\/vysledky-loterie\/\">neskontrolujete aktu\u00e1lne v\u00fdsledky \u017erebovania<\/a>, m\u00f4\u017eete sn\u00edva\u0165, ale len vylosovanie \u010d\u00edsel, ktor\u00e9 ste si vybrali, m\u00f4\u017ee tento kr\u00e1sny sen premeni\u0165 na skuto\u010dnos\u0165. Preto nem\u00e1 zmysel \u010daka\u0165 \u2013 jednoducho hrajte a skontrolujte. V\u0161etko, \u010do mus\u00edte urobi\u0165 po \u017erebovan\u00ed, je <a href=\"https:\/\/lottomat.com\/sk\/\">nav\u0161t\u00edvi\u0165 str\u00e1nku Lottomat<\/a> s v\u00fdsledkami Mega Millions a pozrie\u0165 sa, ktor\u00e9 \u010d\u00edsla vyhrali v tomto konkr\u00e9tnom \u017erebovan\u00ed. Ak sa zhoduj\u00fa s va\u0161\u00edm l\u00edstkom, znamen\u00e1 to, \u017ee patr\u00edte medzi v\u00fdhercov <a href=\"https:\/\/lottomat.com\/sk\/informacie-o-loterii\/informacie-o-mega-millions\/\">cien a jackpotu Mega Millions<\/a>. <strong>\u017drebovanie Mega Millions sa kon\u00e1 pravidelne dvakr\u00e1t t\u00fd\u017edenne, ka\u017ed\u00fa stredu a sobotu o 03:00 UTC<\/strong>. Aktu\u00e1lne v\u00fdsledky Mega Millions zverej\u0148ujeme online hne\u010f po skon\u010den\u00ed \u017erebovania a poch\u00e1dzaj\u00fa z ofici\u00e1lnych zdrojov organiz\u00e1tora, \u010do ich rob\u00ed 100 % overen\u00fdmi a spo\u013eahliv\u00fdmi. Jedin\u00e9, na \u010do treba pam\u00e4ta\u0165, je upravi\u0165 \u010das pod\u013ea v\u00e1\u0161ho miestneho \u010dasov\u00e9ho p\u00e1sma.<\/p>\n<h2>Ako Skontrolova\u0165 Dne\u0161n\u00e9 V\u00fdsledky Mega Millions?<\/h2>\n<p><strong>Aktu\u00e1lne v\u00fdsledky Mega Millions s\u00fa k dispoz\u00edcii na str\u00e1nke Lottomat okam\u017eite po ka\u017edom \u017erebovan\u00ed<\/strong>. V\u0161etky zverejnen\u00e9 v\u00fdsledky poch\u00e1dzaj\u00fa priamo z ofici\u00e1lnych zdrojov lot\u00e9rie, \u010do zaru\u010duje presnos\u0165 a spo\u013eahlivos\u0165. Najnov\u0161ie v\u00fdhern\u00e9 \u010d\u00edsla m\u00f4\u017eete z\u00edska\u0165 n\u00e1v\u0161tevou na\u0161ej \u0161peci\u00e1lnej str\u00e1nky s v\u00fdsledkami Mega Millions. V\u00fdsledky sa aktualizuj\u00fa v re\u00e1lnom \u010dase po ka\u017edom \u017erebovan\u00ed, tak\u017ee budete ma\u0165 v\u017edy pr\u00edstup k najnov\u0161\u00edm inform\u00e1ci\u00e1m. Sta\u010d\u00ed prejs\u0165 do sekcie v\u00fdsledkov a zisti\u0165, \u010di va\u0161e \u010d\u00edsla z v\u00e1s urobili \u010fal\u0161ieho v\u00ed\u0165aza Mega Millions.<\/p>\n<h2><img loading=\"lazy\" decoding=\"async\" class=\"alignleft wp-image-251985\" src=\"https:\/\/lottomat.com\/wp-content\/uploads\/2025\/10\/Mega-Millions-results.webp\" alt=\"V\u00fdsledky Mega Millions\" width=\"200\" height=\"200\" srcset=\"https:\/\/lottomat.com\/wp-content\/uploads\/2025\/10\/Mega-Millions-results.webp 400w, https:\/\/lottomat.com\/wp-content\/uploads\/2025\/10\/Mega-Millions-results-300x300.webp 300w, https:\/\/lottomat.com\/wp-content\/uploads\/2025\/10\/Mega-Millions-results-150x150.webp 150w, https:\/\/lottomat.com\/wp-content\/uploads\/2025\/10\/Mega-Millions-results-100x100.webp 100w\" sizes=\"auto, (max-width: 200px) 100vw, 200px\" \/>Ako Skontrolova\u0165 Historick\u00e9 V\u00fdsledky Mega Millions a V\u00fdhern\u00e9 \u010c\u00edsla?<\/h2>\n<p>Vieme, ak\u00e9 d\u00f4le\u017eit\u00e9 s\u00fa archivovan\u00e9 v\u00fdsledky lot\u00e9rie pre mnoh\u00fdch z n\u00e1s, preto\u017ee niektor\u00ed z v\u00e1s si na ich z\u00e1klade vytv\u00e1raj\u00fa strat\u00e9giu pre bud\u00face \u017erebovania. Aby ste ich mohli pou\u017ei\u0165, sta\u010d\u00ed prejs\u0165 do n\u00e1\u0161ho kalend\u00e1ra v\u00fdsledkov. Nach\u00e1dza sa vpravo hore. Po kliknut\u00ed na d\u00e1tum m\u00f4\u017eete vo\u013ene prep\u00edna\u0165 na in\u00e9 obdobia. <strong>Tam m\u00f4\u017eete skontrolova\u0165 v\u00fdhern\u00e9 \u010d\u00edsla Mega Millions z posledn\u00fdch t\u00fd\u017ed\u0148ov a zisti\u0165, ak\u00e9 d\u00f4le\u017eit\u00e9 je ma\u0165 rozmanit\u00fd v\u00fdber \u010d\u00edsel na l\u00edstkoch<\/strong>.<\/p>\n<h2>Ako Pou\u017e\u00edva\u0165 Arch\u00edv V\u00fdhern\u00fdch \u010c\u00edsel Mega Millions?<\/h2>\n<p>Historick\u00fd arch\u00edv v\u00fdsledkov Mega Millions sl\u00fa\u017ei ako cenn\u00fd n\u00e1stroj pre hr\u00e1\u010dov, ktor\u00ed chc\u00fa analyzova\u0165 vzorce a rozv\u00edja\u0165 svoje hern\u00e9 strat\u00e9gie. Anal\u00fdzou minul\u00fdch \u017erebovan\u00ed m\u00f4\u017eete identifikova\u0165 trendy vo frekvencii \u010d\u00edsel a robi\u0165 informovanej\u0161ie rozhodnutia pri ich v\u00fdbere. <strong>Arch\u00edv v\u00e1m umo\u017e\u0148uje sledova\u0165, ktor\u00e9 \u010d\u00edsla sa \u010dasto objavovali spolu, \u010do v\u00e1m pom\u00e1ha pochopi\u0165 vzorce hry v priebehu \u010dasu<\/strong>. Mnoho \u00faspe\u0161n\u00fdch hr\u00e1\u010dov pou\u017e\u00edva tieto historick\u00e9 \u00fadaje na vytvorenie systematick\u00fdch pr\u00edstupov k v\u00fdberu \u010d\u00edsel, aj ke\u010f je d\u00f4le\u017eit\u00e9 pam\u00e4ta\u0165 na to, \u017ee ka\u017ed\u00e9 \u017erebovanie je nez\u00e1visl\u00e9 a n\u00e1hodn\u00e9. Arch\u00edv poskytuje preh\u013ead o kombin\u00e1ci\u00e1ch \u010d\u00edsel, ktor\u00e9 boli vylosovan\u00e9 viackr\u00e1t, \u010d\u00edm v\u00e1m poskytuje z\u00e1klad pre vytvorenie vlastnej metodiky v\u00fdberu. Av\u0161ak minul\u00e9 v\u00fdsledky negarantuj\u00fa bud\u00face v\u00fdhry v lot\u00e9riov\u00fdch hr\u00e1ch.<\/p>\n<h2>Ktor\u00e9 S\u00fa Naj\u010dastej\u0161ie Losovan\u00e9 \u010c\u00edsla v Mega Millions?<img loading=\"lazy\" decoding=\"async\" class=\"alignright wp-image-252015\" src=\"https:\/\/lottomat.com\/wp-content\/uploads\/2025\/10\/drawing-results.webp\" alt=\"v\u00fdsledky \u017erebovania\" width=\"200\" height=\"200\" srcset=\"https:\/\/lottomat.com\/wp-content\/uploads\/2025\/10\/drawing-results.webp 400w, https:\/\/lottomat.com\/wp-content\/uploads\/2025\/10\/drawing-results-300x300.webp 300w, https:\/\/lottomat.com\/wp-content\/uploads\/2025\/10\/drawing-results-150x150.webp 150w, https:\/\/lottomat.com\/wp-content\/uploads\/2025\/10\/drawing-results-100x100.webp 100w\" sizes=\"auto, (max-width: 200px) 100vw, 200px\" \/><\/h2>\n<p>U\u017e sme spomenuli pr\u00edpravu dobrej strat\u00e9gie pomocou predt\u00fdm vylosovan\u00fdch \u010d\u00edsel, ale rovnako u\u017eito\u010dn\u00e1 je aj \u0161tatistika t\u00fdkaj\u00faca sa losovania konkr\u00e9tnych \u010d\u00edsel. Ukazuje sa, \u017ee existuj\u00fa \u010d\u00edsla, ktor\u00e9 sa losuj\u00fa ove\u013ea \u010dastej\u0161ie ako ostatn\u00e9. Na str\u00e1nke Lottomat n\u00e1jdete v\u0161etky tieto inform\u00e1cie pre ka\u017ed\u00fa lot\u00e9riu. <strong>Naj\u010dastej\u0161ie losovan\u00e9 \u010d\u00edsla pre Mega Millions s\u00fa: 29, 4, 48 a 36<\/strong>. \u010c\u00edslo 48 bolo vylosovan\u00e9 u\u017e 80-kr\u00e1t od roku 2005. <strong>Pokia\u013e ide o Mega Ball, naj\u010dastej\u0161ie losovan\u00e9 \u010d\u00edsla s\u00fa 35, 9, 36 a 7<\/strong>. Prajeme v\u00e1m len tie najv\u00fdhodnej\u0161ie v\u00fdsledky Mega Millions!<\/p>\n<h2>Ktor\u00e9 S\u00fa Najmenej Losovan\u00e9 \u010c\u00edsla v Mega Millions?<\/h2>\n<p>K\u00fdm niektor\u00e9 \u010d\u00edsla sa v \u017erebovaniach Mega Millions objavuj\u00fa \u010dasto, in\u00e9 sa losuj\u00fa menej \u010dasto, \u010do hr\u00e1\u010di naz\u00fdvaj\u00fa \u201estuden\u00e9 \u010d\u00edsla\u201c. <strong>Tieto menej \u010dasto losovan\u00e9 \u010d\u00edsla m\u00f4\u017eu by\u0165 rovnako cenn\u00e9 pri vytv\u00e1ran\u00ed vyv\u00e1\u017eenej lot\u00e9riovej strat\u00e9gie<\/strong>. Niektor\u00ed hr\u00e1\u010di rad\u0161ej zahrnuj\u00fa tieto zriedkav\u00e9 \u010d\u00edsla do svojho v\u00fdberu, preto\u017ee veria, \u017ee \u201epri\u0161iel ich \u010das\u201c. <strong>Najmenej losovan\u00e9 hlavn\u00e9 \u010d\u00edsla v hist\u00f3rii Mega Millions s\u00fa: 50, 51, 65, 66 a 67<\/strong>. Tieto \u010d\u00edsla boli vylosovan\u00e9 podstatne menejkr\u00e1t v porovnan\u00ed s naj\u010dastej\u0161\u00edmi, pri\u010dom niektor\u00e9 sa objavili iba 66\u201384-kr\u00e1t po\u010das hist\u00f3rie hry. Medzi \u010d\u00edslami Mega Ball sa niektor\u00e9, ako napr\u00edklad 15 a vy\u0161\u0161ie \u010d\u00edsla, objavuj\u00fa menej \u010dasto v posledn\u00fdch \u017erebovaniach. Najmenej losovan\u00e9 hlavn\u00e9 \u010d\u00edsla historicky zah\u0155\u0148aj\u00fa nieko\u013eko vy\u0161\u0161\u00edch \u010d\u00edsel z dostupn\u00e9ho rozsahu, aj ke\u010f konkr\u00e9tne \u010d\u00edsla sa \u010dasom menia, ke\u010f sa uskuto\u010d\u0148uje viac \u017erebovan\u00ed. <strong>\u010c\u00edslo 50 vynik\u00e1 ako jedno z najchladnej\u0161\u00edch, ke\u010f\u017ee bolo vylosovan\u00e9 iba 66-kr\u00e1t od za\u010diatku hry<\/strong>. Stoj\u00ed za zmienku, \u017ee v skuto\u010dne n\u00e1hodnom syst\u00e9me maj\u00fa v\u0161etky \u010d\u00edsla rovnak\u00fa pravdepodobnos\u0165 by\u0165 vylosovan\u00e9 v akomko\u013evek \u017erebovan\u00ed, bez oh\u013eadu na ich historick\u00fa frekvenciu.<\/p>\n<h2><img loading=\"lazy\" decoding=\"async\" class=\"alignleft wp-image-252045\" src=\"https:\/\/lottomat.com\/wp-content\/uploads\/2025\/10\/Mega-Millions-draw.webp\" alt=\"\u017erebovanie Mega Millions\" width=\"200\" height=\"200\" srcset=\"https:\/\/lottomat.com\/wp-content\/uploads\/2025\/10\/Mega-Millions-draw.webp 400w, https:\/\/lottomat.com\/wp-content\/uploads\/2025\/10\/Mega-Millions-draw-300x300.webp 300w, https:\/\/lottomat.com\/wp-content\/uploads\/2025\/10\/Mega-Millions-draw-150x150.webp 150w, https:\/\/lottomat.com\/wp-content\/uploads\/2025\/10\/Mega-Millions-draw-100x100.webp 100w\" sizes=\"auto, (max-width: 200px) 100vw, 200px\" \/>Daj\u00fa sa V\u00fdsledky Mega Millions Predpoveda\u0165?<\/h2>\n<p>Ot\u00e1zka, \u010di sa v\u00fdsledky lot\u00e9rie daj\u00fa predpoveda\u0165, fascinuje hr\u00e1\u010dov u\u017e cel\u00e9 gener\u00e1cie. <strong>\u017drebovania Mega Millions sa uskuto\u010d\u0148uj\u00fa pomocou certifikovan\u00fdch met\u00f3d generovania n\u00e1hodn\u00fdch \u010d\u00edsel, \u010do rob\u00ed skuto\u010dn\u00e9 predpovedanie matematicky nemo\u017en\u00fdm<\/strong>. Ka\u017ed\u00e1 gu\u013e\u00f4\u010dka m\u00e1 rovnak\u00fa \u0161ancu by\u0165 vybran\u00e1 pri ka\u017edom \u017erebovan\u00ed, bez oh\u013eadu na to, kedy bola naposledy vylosovan\u00e1. Aj ke\u010f \u0161tatistick\u00e1 anal\u00fdza minul\u00fdch v\u00fdsledkov m\u00f4\u017ee odhali\u0165 zauj\u00edmav\u00e9 vzory a frekvencie, tieto vzory nem\u00f4\u017eu spo\u013eahlivo predpoveda\u0165 bud\u00face v\u00fdsledky. N\u00e1hodn\u00e1 povaha \u017erebovania znamen\u00e1, \u017ee ka\u017ed\u00e1 kombin\u00e1cia \u010d\u00edsel m\u00e1 rovnak\u00fa pravdepodobnos\u0165 v\u00fdhry ako ktor\u00e1ko\u013evek in\u00e1, \u010di u\u017e ide o sekvenciu 1-2-3-4-5 alebo zdanlivo n\u00e1hodn\u00fa kombin\u00e1ciu \u010d\u00edsel. <strong>Najlep\u0161\u00edm pr\u00edstupom je <a href=\"https:\/\/lottomat.com\/sk\/mega-millions\/\">hra\u0165 Mega Millions online<\/a> zodpovedne a pam\u00e4ta\u0165, \u017ee lot\u00e9riov\u00e9 hry s\u00fa navrhnut\u00e9 ako hry n\u00e1hody, nie zru\u010dnosti alebo predpovede<\/strong>.<\/p>\n","protected":false},"excerpt":{"rendered":"<p>L\u00edstky Mega Millions sa kupuj\u00fa, v\u00fdhern\u00e9 \u010d\u00edsla Mega Millions sa vyberaj\u00fa a vy sa s\u00fastred\u00edte len na \u0161\u0165astn\u00e9 pl\u00e1ny a sny, ktor\u00e9 sa m\u00f4\u017eu splni\u0165, ak sa prid\u00e1te k skupine milion\u00e1rov. Nie je na tom ni\u010d zl\u00e9 \u2013 v\u0161etci m\u00e1me svoje sny. Pravdepodobne ka\u017ed\u00fd hr\u00e1\u010d pred zverejnen\u00edm v\u00fdsledkov \u017erebovania Mega Millions mysl\u00ed na v\u00fdhru a [&hellip;]<\/p>\n","protected":false},"author":1,"featured_media":0,"parent":7454,"menu_order":2,"comment_status":"closed","ping_status":"closed","template":"megamillion-results.php","meta":{"_et_pb_use_builder":"","_et_pb_old_content":"","_et_gb_content_width":"","exclude_from_search":false,"footnotes":""},"class_list":["post-237853","page","type-page","status-publish","hentry"],"yoast_head":"<!-- This site is optimized with the Yoast SEO plugin v23.8 - https:\/\/yoast.com\/wordpress\/plugins\/seo\/ -->\n<title>V\u00fdsledky Mega Millions a V\u00fdhern\u00e9 \u010c\u00edsla - LottoMat<\/title>\n<meta name=\"description\" content=\"Skontrolujte tu najnov\u0161ie v\u00fdsledky Mega Millions a v\u00fdhern\u00e9 \u010d\u00edsla. Zistite, ktor\u00e9 \u010d\u00edsla boli vylosovan\u00e9 v poslednom \u017erebovan\u00ed Mega Millions.\" \/>\n<meta name=\"robots\" content=\"index, follow, max-snippet:-1, max-image-preview:large, max-video-preview:-1\" \/>\n<link rel=\"canonical\" href=\"https:\/\/lottomat.com\/sk\/vysledky\/mega-millions\/\" \/>\n<meta property=\"og:locale\" content=\"sk_SK\" \/>\n<meta property=\"og:type\" content=\"article\" \/>\n<meta property=\"og:title\" content=\"V\u00fdsledky Mega Millions a V\u00fdhern\u00e9 \u010c\u00edsla - LottoMat\" \/>\n<meta property=\"og:description\" content=\"Skontrolujte tu najnov\u0161ie v\u00fdsledky Mega Millions a v\u00fdhern\u00e9 \u010d\u00edsla. Zistite, ktor\u00e9 \u010d\u00edsla boli vylosovan\u00e9 v poslednom \u017erebovan\u00ed Mega Millions.\" \/>\n<meta property=\"og:url\" content=\"https:\/\/lottomat.com\/sk\/vysledky\/mega-millions\/\" \/>\n<meta property=\"og:site_name\" content=\"Lottomat\" \/>\n<meta property=\"article:modified_time\" content=\"2026-03-15T11:40:21+00:00\" \/>\n<meta property=\"og:image\" content=\"https:\/\/lottomat.com\/wp-content\/uploads\/2025\/10\/Mega-Millions-winning-numbers.webp\" \/>\n\t<meta property=\"og:image:width\" content=\"400\" \/>\n\t<meta property=\"og:image:height\" content=\"400\" \/>\n\t<meta property=\"og:image:type\" content=\"image\/webp\" \/>\n<meta name=\"twitter:card\" content=\"summary_large_image\" \/>\n<meta name=\"twitter:label1\" content=\"Predpokladan\u00fd \u010das \u010d\u00edtania\" \/>\n\t<meta name=\"twitter:data1\" content=\"5 min\u00fat\" \/>\n<script type=\"application\/ld+json\" class=\"yoast-schema-graph\">{\"@context\":\"https:\/\/schema.org\",\"@graph\":[{\"@type\":\"WebPage\",\"@id\":\"https:\/\/lottomat.com\/sk\/vysledky\/mega-millions\/\",\"url\":\"https:\/\/lottomat.com\/sk\/vysledky\/mega-millions\/\",\"name\":\"V\u00fdsledky Mega Millions a V\u00fdhern\u00e9 \u010c\u00edsla - LottoMat\",\"isPartOf\":{\"@id\":\"https:\/\/lottomat.com\/sk\/#website\"},\"primaryImageOfPage\":{\"@id\":\"https:\/\/lottomat.com\/sk\/vysledky\/mega-millions\/#primaryimage\"},\"image\":{\"@id\":\"https:\/\/lottomat.com\/sk\/vysledky\/mega-millions\/#primaryimage\"},\"thumbnailUrl\":\"https:\/\/lottomat.com\/wp-content\/uploads\/2025\/10\/Mega-Millions-winning-numbers.webp\",\"datePublished\":\"2025-04-07T19:24:29+00:00\",\"dateModified\":\"2026-03-15T11:40:21+00:00\",\"description\":\"Skontrolujte tu najnov\u0161ie v\u00fdsledky Mega Millions a v\u00fdhern\u00e9 \u010d\u00edsla. Zistite, ktor\u00e9 \u010d\u00edsla boli vylosovan\u00e9 v poslednom \u017erebovan\u00ed Mega Millions.\",\"breadcrumb\":{\"@id\":\"https:\/\/lottomat.com\/sk\/vysledky\/mega-millions\/#breadcrumb\"},\"inLanguage\":\"sk-SK\",\"potentialAction\":[{\"@type\":\"ReadAction\",\"target\":[\"https:\/\/lottomat.com\/sk\/vysledky\/mega-millions\/\"]}]},{\"@type\":\"ImageObject\",\"inLanguage\":\"sk-SK\",\"@id\":\"https:\/\/lottomat.com\/sk\/vysledky\/mega-millions\/#primaryimage\",\"url\":\"https:\/\/lottomat.com\/wp-content\/uploads\/2025\/10\/Mega-Millions-winning-numbers.webp\",\"contentUrl\":\"https:\/\/lottomat.com\/wp-content\/uploads\/2025\/10\/Mega-Millions-winning-numbers.webp\"},{\"@type\":\"BreadcrumbList\",\"@id\":\"https:\/\/lottomat.com\/sk\/vysledky\/mega-millions\/#breadcrumb\",\"itemListElement\":[{\"@type\":\"ListItem\",\"position\":1,\"name\":\"Home\",\"item\":\"https:\/\/lottomat.com\/sk\/\"},{\"@type\":\"ListItem\",\"position\":2,\"name\":\"Najnov\u0161ie v\u00fdsledky lot\u00e9rie a v\u00fdhern\u00e9 \u010d\u00edsla\",\"item\":\"https:\/\/lottomat.com\/sk\/vysledky\/\"},{\"@type\":\"ListItem\",\"position\":3,\"name\":\"V\u00fdsledky Mega Millions a V\u00fdhern\u00e9 \u010c\u00edsla\"}]},{\"@type\":\"WebSite\",\"@id\":\"https:\/\/lottomat.com\/sk\/#website\",\"url\":\"https:\/\/lottomat.com\/sk\/\",\"name\":\"Lottomat\",\"description\":\"\",\"potentialAction\":[{\"@type\":\"SearchAction\",\"target\":{\"@type\":\"EntryPoint\",\"urlTemplate\":\"https:\/\/lottomat.com\/sk\/?s={search_term_string}\"},\"query-input\":{\"@type\":\"PropertyValueSpecification\",\"valueRequired\":true,\"valueName\":\"search_term_string\"}}],\"inLanguage\":\"sk-SK\"}]}<\/script>\n<!-- \/ Yoast SEO plugin. -->","yoast_head_json":{"title":"V\u00fdsledky Mega Millions a V\u00fdhern\u00e9 \u010c\u00edsla - LottoMat","description":"Skontrolujte tu najnov\u0161ie v\u00fdsledky Mega Millions a v\u00fdhern\u00e9 \u010d\u00edsla. Zistite, ktor\u00e9 \u010d\u00edsla boli vylosovan\u00e9 v poslednom \u017erebovan\u00ed Mega Millions.","robots":{"index":"index","follow":"follow","max-snippet":"max-snippet:-1","max-image-preview":"max-image-preview:large","max-video-preview":"max-video-preview:-1"},"canonical":"https:\/\/lottomat.com\/sk\/vysledky\/mega-millions\/","og_locale":"sk_SK","og_type":"article","og_title":"V\u00fdsledky Mega Millions a V\u00fdhern\u00e9 \u010c\u00edsla - LottoMat","og_description":"Skontrolujte tu najnov\u0161ie v\u00fdsledky Mega Millions a v\u00fdhern\u00e9 \u010d\u00edsla. Zistite, ktor\u00e9 \u010d\u00edsla boli vylosovan\u00e9 v poslednom \u017erebovan\u00ed Mega Millions.","og_url":"https:\/\/lottomat.com\/sk\/vysledky\/mega-millions\/","og_site_name":"Lottomat","article_modified_time":"2026-03-15T11:40:21+00:00","og_image":[{"width":400,"height":400,"url":"https:\/\/lottomat.com\/wp-content\/uploads\/2025\/10\/Mega-Millions-winning-numbers.webp","type":"image\/webp"}],"twitter_card":"summary_large_image","twitter_misc":{"Predpokladan\u00fd \u010das \u010d\u00edtania":"5 min\u00fat"},"schema":{"@context":"https:\/\/schema.org","@graph":[{"@type":"WebPage","@id":"https:\/\/lottomat.com\/sk\/vysledky\/mega-millions\/","url":"https:\/\/lottomat.com\/sk\/vysledky\/mega-millions\/","name":"V\u00fdsledky Mega Millions a V\u00fdhern\u00e9 \u010c\u00edsla - LottoMat","isPartOf":{"@id":"https:\/\/lottomat.com\/sk\/#website"},"primaryImageOfPage":{"@id":"https:\/\/lottomat.com\/sk\/vysledky\/mega-millions\/#primaryimage"},"image":{"@id":"https:\/\/lottomat.com\/sk\/vysledky\/mega-millions\/#primaryimage"},"thumbnailUrl":"https:\/\/lottomat.com\/wp-content\/uploads\/2025\/10\/Mega-Millions-winning-numbers.webp","datePublished":"2025-04-07T19:24:29+00:00","dateModified":"2026-03-15T11:40:21+00:00","description":"Skontrolujte tu najnov\u0161ie v\u00fdsledky Mega Millions a v\u00fdhern\u00e9 \u010d\u00edsla. Zistite, ktor\u00e9 \u010d\u00edsla boli vylosovan\u00e9 v poslednom \u017erebovan\u00ed Mega Millions.","breadcrumb":{"@id":"https:\/\/lottomat.com\/sk\/vysledky\/mega-millions\/#breadcrumb"},"inLanguage":"sk-SK","potentialAction":[{"@type":"ReadAction","target":["https:\/\/lottomat.com\/sk\/vysledky\/mega-millions\/"]}]},{"@type":"ImageObject","inLanguage":"sk-SK","@id":"https:\/\/lottomat.com\/sk\/vysledky\/mega-millions\/#primaryimage","url":"https:\/\/lottomat.com\/wp-content\/uploads\/2025\/10\/Mega-Millions-winning-numbers.webp","contentUrl":"https:\/\/lottomat.com\/wp-content\/uploads\/2025\/10\/Mega-Millions-winning-numbers.webp"},{"@type":"BreadcrumbList","@id":"https:\/\/lottomat.com\/sk\/vysledky\/mega-millions\/#breadcrumb","itemListElement":[{"@type":"ListItem","position":1,"name":"Home","item":"https:\/\/lottomat.com\/sk\/"},{"@type":"ListItem","position":2,"name":"Najnov\u0161ie v\u00fdsledky lot\u00e9rie a v\u00fdhern\u00e9 \u010d\u00edsla","item":"https:\/\/lottomat.com\/sk\/vysledky\/"},{"@type":"ListItem","position":3,"name":"V\u00fdsledky Mega Millions a V\u00fdhern\u00e9 \u010c\u00edsla"}]},{"@type":"WebSite","@id":"https:\/\/lottomat.com\/sk\/#website","url":"https:\/\/lottomat.com\/sk\/","name":"Lottomat","description":"","potentialAction":[{"@type":"SearchAction","target":{"@type":"EntryPoint","urlTemplate":"https:\/\/lottomat.com\/sk\/?s={search_term_string}"},"query-input":{"@type":"PropertyValueSpecification","valueRequired":true,"valueName":"search_term_string"}}],"inLanguage":"sk-SK"}]}},"_links":{"self":[{"href":"https:\/\/lottomat.com\/sk\/wp-json\/wp\/v2\/pages\/237853","targetHints":{"allow":["GET"]}}],"collection":[{"href":"https:\/\/lottomat.com\/sk\/wp-json\/wp\/v2\/pages"}],"about":[{"href":"https:\/\/lottomat.com\/sk\/wp-json\/wp\/v2\/types\/page"}],"author":[{"embeddable":true,"href":"https:\/\/lottomat.com\/sk\/wp-json\/wp\/v2\/users\/1"}],"replies":[{"embeddable":true,"href":"https:\/\/lottomat.com\/sk\/wp-json\/wp\/v2\/comments?post=237853"}],"version-history":[{"count":3,"href":"https:\/\/lottomat.com\/sk\/wp-json\/wp\/v2\/pages\/237853\/revisions"}],"predecessor-version":[{"id":257214,"href":"https:\/\/lottomat.com\/sk\/wp-json\/wp\/v2\/pages\/237853\/revisions\/257214"}],"up":[{"embeddable":true,"href":"https:\/\/lottomat.com\/sk\/wp-json\/wp\/v2\/pages\/7454"}],"wp:attachment":[{"href":"https:\/\/lottomat.com\/sk\/wp-json\/wp\/v2\/media?parent=237853"}],"curies":[{"name":"wp","href":"https:\/\/api.w.org\/{rel}","templated":true}]}}