{"id":237710,"date":"2025-04-07T19:23:03","date_gmt":"2025-04-07T19:23:03","guid":{"rendered":"https:\/\/lottomat.net\/vysledky-loterie\/vysledky-hry-powerball\/"},"modified":"2025-11-16T10:58:30","modified_gmt":"2025-11-16T10:58:30","slug":"powerball","status":"publish","type":"page","link":"https:\/\/lottomat.com\/sk\/vysledky\/powerball\/","title":{"rendered":"V\u00fdsledky Powerball a V\u00fdhern\u00e9 \u010c\u00edsla"},"content":{"rendered":"\n\n<div class=\"kk-star-ratings kksr-auto kksr-align-left kksr-valign-top\"\n    data-payload='{&quot;align&quot;:&quot;left&quot;,&quot;id&quot;:&quot;237710&quot;,&quot;slug&quot;:&quot;default&quot;,&quot;valign&quot;:&quot;top&quot;,&quot;ignore&quot;:&quot;&quot;,&quot;reference&quot;:&quot;auto&quot;,&quot;class&quot;:&quot;&quot;,&quot;count&quot;:&quot;0&quot;,&quot;legendonly&quot;:&quot;&quot;,&quot;readonly&quot;:&quot;&quot;,&quot;score&quot;:&quot;0&quot;,&quot;starsonly&quot;:&quot;&quot;,&quot;best&quot;:&quot;5&quot;,&quot;gap&quot;:&quot;5&quot;,&quot;greet&quot;:&quot;Rate this page&quot;,&quot;legend&quot;:&quot;0\\\/5 - (0 votes)&quot;,&quot;size&quot;:&quot;30&quot;,&quot;title&quot;:&quot;V\u00fdsledky Powerball a V\u00fdhern\u00e9 \u010c\u00edsla&quot;,&quot;width&quot;:&quot;0&quot;,&quot;_legend&quot;:&quot;{score}\\\/{best} - ({count} {votes})&quot;,&quot;font_factor&quot;:&quot;1.25&quot;}'>\n            \n<div class=\"kksr-stars\">\n    \n<div class=\"kksr-stars-inactive\">\n            <div class=\"kksr-star\" data-star=\"1\" style=\"padding-right: 5px\">\n            \n\n<div class=\"kksr-icon\" style=\"width: 30px; height: 30px;\"><\/div>\n        <\/div>\n            <div class=\"kksr-star\" data-star=\"2\" style=\"padding-right: 5px\">\n            \n\n<div class=\"kksr-icon\" style=\"width: 30px; height: 30px;\"><\/div>\n        <\/div>\n            <div class=\"kksr-star\" data-star=\"3\" style=\"padding-right: 5px\">\n            \n\n<div class=\"kksr-icon\" style=\"width: 30px; height: 30px;\"><\/div>\n        <\/div>\n            <div class=\"kksr-star\" data-star=\"4\" style=\"padding-right: 5px\">\n            \n\n<div class=\"kksr-icon\" style=\"width: 30px; height: 30px;\"><\/div>\n        <\/div>\n            <div class=\"kksr-star\" data-star=\"5\" style=\"padding-right: 5px\">\n            \n\n<div class=\"kksr-icon\" style=\"width: 30px; height: 30px;\"><\/div>\n        <\/div>\n    <\/div>\n    \n<div class=\"kksr-stars-active\" style=\"width: 0px;\">\n            <div class=\"kksr-star\" style=\"padding-right: 5px\">\n            \n\n<div class=\"kksr-icon\" style=\"width: 30px; height: 30px;\"><\/div>\n        <\/div>\n            <div class=\"kksr-star\" style=\"padding-right: 5px\">\n            \n\n<div class=\"kksr-icon\" style=\"width: 30px; height: 30px;\"><\/div>\n        <\/div>\n            <div class=\"kksr-star\" style=\"padding-right: 5px\">\n            \n\n<div class=\"kksr-icon\" style=\"width: 30px; height: 30px;\"><\/div>\n        <\/div>\n            <div class=\"kksr-star\" style=\"padding-right: 5px\">\n            \n\n<div class=\"kksr-icon\" style=\"width: 30px; height: 30px;\"><\/div>\n        <\/div>\n            <div class=\"kksr-star\" style=\"padding-right: 5px\">\n            \n\n<div class=\"kksr-icon\" style=\"width: 30px; height: 30px;\"><\/div>\n        <\/div>\n    <\/div>\n<\/div>\n                \n\n<div class=\"kksr-legend\" style=\"font-size: 24px;\">\n            <span class=\"kksr-muted\">Rate this page<\/span>\n    <\/div>\n    <\/div>\n<p>Po zak\u00fapen\u00ed tiketov, v\u00fdbere piatich hlavn\u00fdch \u010d\u00edsel a jedn\u00e9ho bonusov\u00e9ho \u010d\u00edsla Powerball ti zost\u00e1va u\u017e len trpezlivo \u010daka\u0165 na v\u00fdsledky \u017erebovania, ktor\u00e9 sa objavia r\u00fdchlos\u0165ou svetla na <a href=\"https:\/\/lottomat.com\/sk\/\"><strong>str\u00e1nke LottoMat<\/strong><\/a>. V\u0161etky inform\u00e1cie, ktor\u00e9 uverej\u0148ujeme o vy\u017erebovan\u00fdch \u010d\u00edslach, poch\u00e1dzaj\u00fa priamo od organiz\u00e1tora \u017erebovania, tak\u017ee si m\u00f4\u017ee\u0161 by\u0165 ist\u00fd, \u017ee <strong>v\u00fdsledky Powerball s\u00fa na 100 % zhodn\u00e9 s ofici\u00e1lnym \u017erebovan\u00edm<\/strong>.<img loading=\"lazy\" decoding=\"async\" class=\"alignleft wp-image-252294\" src=\"https:\/\/lottomat.com\/wp-content\/uploads\/2025\/10\/jackpot-and-prizes-300x300.webp\" alt=\"jackpot a ceny\" width=\"200\" height=\"200\" srcset=\"https:\/\/lottomat.com\/wp-content\/uploads\/2025\/10\/jackpot-and-prizes-300x300.webp 300w, https:\/\/lottomat.com\/wp-content\/uploads\/2025\/10\/jackpot-and-prizes-150x150.webp 150w, https:\/\/lottomat.com\/wp-content\/uploads\/2025\/10\/jackpot-and-prizes-100x100.webp 100w, https:\/\/lottomat.com\/wp-content\/uploads\/2025\/10\/jackpot-and-prizes.webp 400w\" sizes=\"auto, (max-width: 200px) 100vw, 200px\" \/><\/p>\n<h2>Ako skontrolova\u0165 aktu\u00e1lne v\u00fdsledky Powerball?<\/h2>\n<p>Na str\u00e1nke LottoMat v\u017edy n\u00e1jde\u0161 <strong>najnov\u0161ie v\u00fdsledky lot\u00e9rie Powerball<\/strong>, priamo po \u017erebovan\u00ed. V\u00fdsledky aktualizujeme ihne\u010f po losovan\u00ed, pri\u010dom \u00fadaje poch\u00e1dzaj\u00fa z ofici\u00e1lnych zdrojov \u2013 od organiz\u00e1tora lot\u00e9rie \u2013 a s\u00fa <strong>\u00faplne spo\u013eahliv\u00e9<\/strong>. Po prechode na str\u00e1nku s v\u00fdsledkami Powerball sta\u010d\u00ed porovna\u0165 \u010d\u00edsla na tvojom tikete s \u010d\u00edslami v tabu\u013eke v\u00fdsledkov. Ak tvoj tiket obsahuje v\u0161etk\u00fdch \u0161es\u0165 vy\u017erebovan\u00fdch \u010d\u00edsel, gratulujeme, <strong>pr\u00e1ve si sa stal milion\u00e1rom!<\/strong> Ak nie, nez\u00fafaj \u2013 Powerball m\u00e1 a\u017e <strong>dev\u00e4\u0165 \u00farovn\u00ed garantovan\u00fdch v\u00fdhier<\/strong>. To znamen\u00e1, \u017ee nemus\u00ed\u0161 trafi\u0165 v\u0161etk\u00fdch \u0161es\u0165 \u010d\u00edsel, aby si vyhral pe\u0148a\u017en\u00fa cenu, ale mus\u00ed\u0161 <a href=\"https:\/\/lottomat.com\/sk\/powerball\/\">k\u00fapi\u0165 Powerball tiket online<\/a>!<\/p>\n<h2>Ako skontrolova\u0165 v\u00fdsledky Powerball zo v\u010dera?<img loading=\"lazy\" decoding=\"async\" class=\"wp-image-252354 alignright\" src=\"https:\/\/lottomat.com\/wp-content\/uploads\/2025\/10\/Powerball-Numbers-300x300.webp\" alt=\"\u010c\u00edsla Powerball\" width=\"200\" height=\"200\" srcset=\"https:\/\/lottomat.com\/wp-content\/uploads\/2025\/10\/Powerball-Numbers-300x300.webp 300w, https:\/\/lottomat.com\/wp-content\/uploads\/2025\/10\/Powerball-Numbers-150x150.webp 150w, https:\/\/lottomat.com\/wp-content\/uploads\/2025\/10\/Powerball-Numbers-100x100.webp 100w, https:\/\/lottomat.com\/wp-content\/uploads\/2025\/10\/Powerball-Numbers.webp 400w\" sizes=\"auto, (max-width: 200px) 100vw, 200px\" \/><\/h2>\n<p>\u010ci u\u017e h\u013ead\u00e1\u0161 dne\u0161n\u00e9 v\u00fdsledky, v\u010deraj\u0161ie \u010d\u00edsla alebo \u017erebovania z minul\u00e9ho t\u00fd\u017ed\u0148a, <strong>v\u0161etky v\u00fdsledky Powerball \u013eahko n\u00e1jde\u0161 na LottoMat<\/strong>. Na\u0161a rozsiahla datab\u00e1za v\u00fdsledkov ti umo\u017e\u0148uje r\u00fdchlo a pohodlne z\u00edska\u0165 inform\u00e1cie o ka\u017edom \u017erebovan\u00ed. Sta\u010d\u00ed prejs\u0165 do sekcie v\u00fdsledkov a vybra\u0165 d\u00e1tum, ktor\u00fd chce\u0161 skontrolova\u0165. T\u00e1to praktick\u00e1 funkcia zaru\u010duje, \u017ee <strong>nikdy nezabudne\u0161 skontrolova\u0165 svoj tiket<\/strong>, bez oh\u013eadu na to, kedy sa \u017erebovanie konalo.<\/p>\n<h2>Ako pou\u017e\u00edva\u0165 arch\u00edvne v\u00fdsledky \u017erebovan\u00ed Powerball?<\/h2>\n<p>Str\u00e1nka LottoMat ti tie\u017e pon\u00faka <strong>arch\u00edvne v\u00fdsledky \u017erebovan\u00ed Powerball<\/strong>. Ak ich chce\u0161 prezrie\u0165, jednoducho pou\u017ei n\u00e1\u0161 kalend\u00e1r v\u00fdsledkov, ktor\u00fd sa nach\u00e1dza na pravej strane aktu\u00e1lnych \u010d\u00edsel. Po rozbalen\u00ed zoznamu si m\u00f4\u017ee\u0161 pozrie\u0165 predch\u00e1dzaj\u00face \u017erebovania \u2013 a\u017e <strong>dvan\u00e1s\u0165 mesiacov dozadu<\/strong>.<\/p>\n<h3><img loading=\"lazy\" decoding=\"async\" class=\"alignleft wp-image-252324\" src=\"https:\/\/lottomat.com\/wp-content\/uploads\/2025\/10\/Powerball-Draw-300x300.webp\" alt=\"\u017drebovanie Powerball\" width=\"200\" height=\"200\" srcset=\"https:\/\/lottomat.com\/wp-content\/uploads\/2025\/10\/Powerball-Draw-300x300.webp 300w, https:\/\/lottomat.com\/wp-content\/uploads\/2025\/10\/Powerball-Draw-150x150.webp 150w, https:\/\/lottomat.com\/wp-content\/uploads\/2025\/10\/Powerball-Draw-100x100.webp 100w, https:\/\/lottomat.com\/wp-content\/uploads\/2025\/10\/Powerball-Draw.webp 400w\" sizes=\"auto, (max-width: 200px) 100vw, 200px\" \/>Ak\u00e9 s\u00fa v\u00fdhody pou\u017e\u00edvania arch\u00edvnych v\u00fdsledkov Powerball?<\/h3>\n<p>Na\u010do s\u00fa ti arch\u00edvne v\u00fdsledky \u017erebovania? D\u00f4vodov je hne\u010f nieko\u013eko. Po prv\u00e9, m\u00f4\u017eu ti pom\u00f4c\u0165 <strong>vytvori\u0165 si vlastn\u00fa strat\u00e9giu v\u00fdberu \u010d\u00edsel<\/strong> pri op\u00e4tovnom vyp\u013a\u0148an\u00ed tiketov, aby tvoje \u010fal\u0161ie hry boli \u00faspe\u0161nej\u0161ie. Taktie\u017e m\u00f4\u017ee\u0161 <a href=\"https:\/\/lottomat.com\/sk\/vysledky-loterie\/\">vyu\u017ei\u0165 arch\u00edvne v\u00fdsledky lot\u00e9rie<\/a> na zistenie, ktor\u00e9 \u010d\u00edsla boli v poslednom obdob\u00ed naj\u010dastej\u0161ie \u017erebovan\u00e9 a ktor\u00e9 sa u\u017e dlho neobjavili. Zist\u00ed\u0161 tak, ak\u00e9 d\u00f4le\u017eit\u00e9 je voli\u0165 rozmanit\u00e9 \u010d\u00edsla z r\u00f4znych rozsahov. U\u017e d\u00e1vno je zn\u00e1me, \u017ee sa netreba obmedzova\u0165 pri vyp\u013a\u0148an\u00ed tiketov. Ka\u017ed\u00e9 \u010d\u00edslo v dostupnom \u017erebovacom bubne m\u00e1 v\u00fdznam, no mnoh\u00ed hr\u00e1\u010di si stanovuj\u00fa pevn\u00fd s\u00fabor \u010d\u00edsel pod\u013ea d\u00e1tumov narodenia, \u010d\u00edm si zni\u017euj\u00fa \u0161ance na v\u00fdhru v Powerball. Arch\u00edvne v\u00fdsledky tie\u017e obsahuj\u00fa inform\u00e1cie o posledn\u00fdch kumulovan\u00fdch jackpotoch, hodnot\u00e1ch cien a po\u010dte v\u00fdhercov, ktor\u00ed trafili jackpot Powerball.<\/p>\n<h2>Ktor\u00e9 \u010d\u00edsla s\u00fa v Powerball \u017erebovan\u00e9 naj\u010dastej\u0161ie?<\/h2>\n<p>Na str\u00e1nke LottoMat n\u00e1jde\u0161 v\u0161etky d\u00f4le\u017eit\u00e9 inform\u00e1cie o lot\u00e9ri\u00e1ch. Nielen v\u00fdsledky, ale aj pravidl\u00e1 Powerball, zauj\u00edmav\u00e9 fakty, podmienky pou\u017e\u00edvania a mno\u017estvo r\u00e1d, ktor\u00e9 ti pom\u00f4\u017eu zv\u00fd\u0161i\u0165 tvoje \u0161ance na v\u00fdhru. Pripravili sme pre teba <strong>rozsiahly a zauj\u00edmav\u00fd sprievodca<\/strong>, v ktorom uv\u00e1dzame, ktor\u00e9 \u010d\u00edsla boli v Powerball \u017erebovan\u00e9 naj\u010dastej\u0161ie a ktor\u00e9 najmenej. Pom\u00f4\u017ee ti to napl\u00e1nova\u0165 v\u00fdber \u010d\u00edsel na nov\u00fdch tiketoch, preto\u017ee \u0161tatistiky jasne ukazuj\u00fa, ktor\u00e9 \u010d\u00edsla maj\u00fa v\u00e4\u010d\u0161iu tendenciu by\u0165 \u017erebovan\u00e9. Vyu\u017ei tieto \u00fadaje a pam\u00e4taj, \u017ee \u010d\u00edslo Powerball sa \u017erebuje z osobitn\u00e9ho rozsahu \u010d\u00edsel, tak\u017ee rovnak\u00e9 \u010d\u00edslo sa m\u00f4\u017ee objavi\u0165 medzi hlavn\u00fdmi \u010d\u00edslami aj ako bonusov\u00e9 Powerball. Star\u00e9 v\u00fdsledky u\u017e nemus\u00ed\u0161 h\u013eada\u0165 \u2013 v\u0161etko m\u00e1\u0161 pripraven\u00e9. <strong>Naj\u010dastej\u0161ie \u017erebovan\u00e9 \u010d\u00edsla v lot\u00e9rii Powerball s\u00fa: 8, 26, 22, 23 a 36<\/strong>. Vytvor si vlastn\u00fa strat\u00e9giu, vyberaj \u010d\u00edsla, ktor\u00e9 s\u00fa ti bl\u00edzke, ale zoh\u013eadni aj tie, ktor\u00e9 odpor\u00fa\u010dame, preto\u017ee <strong>\u0161tatistiky nikdy neklam\u00fa<\/strong>.<\/p>\n<h2>Ktor\u00e9 v\u00fdhern\u00e9 \u010d\u00edsla Powerball sa \u017erebuj\u00fa najzriedkavej\u0161ie?<img loading=\"lazy\" decoding=\"async\" class=\"alignright wp-image-252384\" src=\"https:\/\/lottomat.com\/wp-content\/uploads\/2025\/10\/Powerball-Results-300x300.webp\" alt=\"V\u00fdsledky Powerball\" width=\"200\" height=\"200\" srcset=\"https:\/\/lottomat.com\/wp-content\/uploads\/2025\/10\/Powerball-Results-300x300.webp 300w, https:\/\/lottomat.com\/wp-content\/uploads\/2025\/10\/Powerball-Results-150x150.webp 150w, https:\/\/lottomat.com\/wp-content\/uploads\/2025\/10\/Powerball-Results-100x100.webp 100w, https:\/\/lottomat.com\/wp-content\/uploads\/2025\/10\/Powerball-Results.webp 400w\" sizes=\"auto, (max-width: 200px) 100vw, 200px\" \/><\/h2>\n<p>Pozna\u0165 \u010d\u00edsla, ktor\u00e9 sa objavuj\u00fa menej \u010dasto v \u017erebovaniach Powerball, m\u00f4\u017ee by\u0165 rovnako hodnotn\u00e9 ako vedie\u0165, ktor\u00e9 sa \u017erebuj\u00fa naj\u010dastej\u0161ie. \u0160tatistick\u00e1 anal\u00fdza ukazuje, \u017ee niektor\u00e9 \u010d\u00edsla boli <strong>dlhodobo menej zast\u00fapen\u00e9 v minul\u00fdch \u017erebovaniach<\/strong>. Medzi najmenej \u017erebovan\u00e9 patria: 15, 51, 37, 47, 12, 4 a 24. Niektor\u00ed hr\u00e1\u010di veria, \u017ee tieto \u201echladn\u00e9\u201c \u010d\u00edsla s\u00fa \u201epripraven\u00e9 na n\u00e1vrat\u201c a zah\u0155\u0148aj\u00fa ich do svojej strat\u00e9gie v\u00fdberu \u010d\u00edsel. Aj ke\u010f minul\u00e9 v\u00fdsledky nezaru\u010duj\u00fa bud\u00face, anal\u00fdza t\u00fdchto vzorcov ti m\u00f4\u017ee pom\u00f4c\u0165 robi\u0165 informovanej\u0161ie rozhodnutia pri v\u00fdbere \u010d\u00edsel Powerball pre nasleduj\u00face \u017erebovania.<\/p>\n<h2>Ko\u013eko hr\u00e1\u010dov vyhralo a ko\u013eko v poslednom \u017erebovan\u00ed Powerball?<\/h2>\n<p>Ka\u017ed\u00e9 \u017erebovanie Powerball vytv\u00e1ra <strong>tis\u00edce v\u00fdhercov vo v\u0161etk\u00fdch \u00farovniach cien<\/strong>, \u010do z nej rob\u00ed jednu z najlukrat\u00edvnej\u0161\u00edch lot\u00e9ri\u00ed na svete. Rozdelenie cien zvy\u010dajne zah\u0155\u0148a jedn\u00e9ho v\u00fdhercu jackpotu alebo viacer\u00fdch, ktor\u00ed si rozdelia hlavn\u00fa cenu, nieko\u013eko milion\u00e1rov, ktor\u00ed trafili p\u00e4\u0165 hlavn\u00fdch \u010d\u00edsel, a st\u00e1tis\u00edce men\u0161\u00edch v\u00fdhercov. Hodnoty cien sa l\u00ed\u0161ia v z\u00e1vislosti od po\u010dtu v\u00fdhercov v jednotliv\u00fdch kateg\u00f3ri\u00e1ch a od celkov\u00e9ho predaja tiketov pre dan\u00e9 \u017erebovanie. Na str\u00e1nke LottoMat m\u00f4\u017ee\u0161 n\u00e1js\u0165 <strong>podrobn\u00e9 rozdelenie po\u010dtu v\u00fdhercov a v\u00fd\u0161ky cien<\/strong> pre ka\u017ed\u00fa \u00farove\u0148 hne\u010f po ka\u017edom \u017erebovan\u00ed. Tieto inform\u00e1cie ti pom\u00f4\u017eu pochopi\u0165 \u0161ance a potenci\u00e1lne v\u00fdhry pri r\u00f4znych kombin\u00e1ci\u00e1ch. Ak chce\u0161 zisti\u0165 viac o cen\u00e1ch pre nadch\u00e1dzaj\u00face \u017erebovanie, <a href=\"https:\/\/lottomat.com\/sk\/powerball\/\">pre\u010d\u00edtaj si o cen\u00e1ch a jackpotoch Powerball<\/a>.<\/p>\n<h2><img loading=\"lazy\" decoding=\"async\" class=\"alignleft wp-image-252414\" src=\"https:\/\/lottomat.com\/wp-content\/uploads\/2025\/10\/Powerball-Winning-Numbers-300x300.webp\" alt=\"V\u00fdhern\u00e9 \u010d\u00edsla Powerball\" width=\"200\" height=\"200\" srcset=\"https:\/\/lottomat.com\/wp-content\/uploads\/2025\/10\/Powerball-Winning-Numbers-300x300.webp 300w, https:\/\/lottomat.com\/wp-content\/uploads\/2025\/10\/Powerball-Winning-Numbers-150x150.webp 150w, https:\/\/lottomat.com\/wp-content\/uploads\/2025\/10\/Powerball-Winning-Numbers-100x100.webp 100w, https:\/\/lottomat.com\/wp-content\/uploads\/2025\/10\/Powerball-Winning-Numbers.webp 400w\" sizes=\"auto, (max-width: 200px) 100vw, 200px\" \/><\/h2>\n<h2>Ako predpoveda\u0165 v\u00fdsledky a v\u00fdhern\u00e9 \u010d\u00edsla Powerball?<\/h2>\n<p>Hoci je Powerball hrou n\u00e1hody a <strong>\u017eiadna met\u00f3da nem\u00f4\u017ee zaru\u010di\u0165 v\u00fdhern\u00e9 \u010d\u00edsla<\/strong>, mnoh\u00ed hr\u00e1\u010di pou\u017e\u00edvaj\u00fa r\u00f4zne strat\u00e9gie, aby zlep\u0161ili svoj v\u00fdber. Niektor\u00ed analyzuj\u00fa tabu\u013eky frekvenci\u00ed, aby identifikovali \u201ehor\u00face\u201c a \u201echladn\u00e9\u201c \u010d\u00edsla, in\u00ed vyu\u017e\u00edvaj\u00fa matematick\u00e9 syst\u00e9my ako \u201ewheeling\u201c alebo anal\u00fdzu delta \u010d\u00edsel. Gener\u00e1tory n\u00e1hodn\u00fdch \u010d\u00edsel m\u00f4\u017eu pom\u00f4c\u0165 odstr\u00e1ni\u0165 \u013eudsk\u00fa zaujatos\u0165 pri v\u00fdbere \u010d\u00edsel. Pam\u00e4taj, \u017ee ka\u017ed\u00e9 \u017erebovanie je nez\u00e1visl\u00e9 a ka\u017ed\u00e1 kombin\u00e1cia m\u00e1 rovnak\u00fa \u0161ancu by\u0165 vy\u017erebovan\u00e1. K\u013e\u00fa\u010dom je <strong>hra\u0165 d\u00f4sledne s \u010d\u00edslami, ktor\u00fdm ver\u00ed\u0161<\/strong> \u2013 \u010di u\u017e na z\u00e1klade \u0161tatistiky, osobn\u00e9ho v\u00fdznamu alebo intu\u00edcie. Najd\u00f4le\u017eitej\u0161ie je v\u0161ak hra\u0165 zodpovedne a v r\u00e1mci svojho rozpo\u010dtu. Teraz u\u017e vie\u0161, \u010di je mo\u017en\u00e9 predpoveda\u0165 v\u00fdsledky Powerball. Jedno je ist\u00e9 \u2013 aby si vyhral, mus\u00ed\u0161 hra\u0165. Tak\u017ee <a href=\"https:\/\/lottomat.com\/sk\/hrat-loteriu\/\">k\u00fap si tiket na ak\u00fako\u013evek lot\u00e9riu<\/a> a po\u010dkaj na v\u00fdsledky, ktor\u00e9 ti prines\u00fa rados\u0165.<\/p>\n","protected":false},"excerpt":{"rendered":"<p>Po zak\u00fapen\u00ed tiketov, v\u00fdbere piatich hlavn\u00fdch \u010d\u00edsel a jedn\u00e9ho bonusov\u00e9ho \u010d\u00edsla Powerball ti zost\u00e1va u\u017e len trpezlivo \u010daka\u0165 na v\u00fdsledky \u017erebovania, ktor\u00e9 sa objavia r\u00fdchlos\u0165ou svetla na str\u00e1nke LottoMat. V\u0161etky inform\u00e1cie, ktor\u00e9 uverej\u0148ujeme o vy\u017erebovan\u00fdch \u010d\u00edslach, poch\u00e1dzaj\u00fa priamo od organiz\u00e1tora \u017erebovania, tak\u017ee si m\u00f4\u017ee\u0161 by\u0165 ist\u00fd, \u017ee v\u00fdsledky Powerball s\u00fa na 100 % zhodn\u00e9 s [&hellip;]<\/p>\n","protected":false},"author":1,"featured_media":0,"parent":7454,"menu_order":1,"comment_status":"closed","ping_status":"closed","template":"powerball-usa-results.php","meta":{"_et_pb_use_builder":"","_et_pb_old_content":"","_et_gb_content_width":"","exclude_from_search":false,"footnotes":""},"class_list":["post-237710","page","type-page","status-publish","hentry"],"yoast_head":"<!-- This site is optimized with the Yoast SEO plugin v23.8 - https:\/\/yoast.com\/wordpress\/plugins\/seo\/ -->\n<title>V\u00fdsledky Powerball a V\u00fdhern\u00e9 \u010c\u00edsla \u2013 LottoMat Slovensko<\/title>\n<meta name=\"description\" content=\"Skontroluj najnov\u0161ie v\u00fdsledky Powerball a v\u00fdhern\u00e9 \u010d\u00edsla na LottoMat. Porovnaj svoje \u010d\u00edsla s ofici\u00e1lnymi v\u00fdsledkami \u017erebovania a zisti, \u010di si vyhral!\" \/>\n<meta name=\"robots\" content=\"index, follow, max-snippet:-1, max-image-preview:large, max-video-preview:-1\" \/>\n<link rel=\"canonical\" href=\"https:\/\/lottomat.com\/sk\/vysledky\/powerball\/\" \/>\n<meta property=\"og:locale\" content=\"sk_SK\" \/>\n<meta property=\"og:type\" content=\"article\" \/>\n<meta property=\"og:title\" content=\"V\u00fdsledky Powerball a V\u00fdhern\u00e9 \u010c\u00edsla \u2013 LottoMat Slovensko\" \/>\n<meta property=\"og:description\" content=\"Skontroluj najnov\u0161ie v\u00fdsledky Powerball a v\u00fdhern\u00e9 \u010d\u00edsla na LottoMat. Porovnaj svoje \u010d\u00edsla s ofici\u00e1lnymi v\u00fdsledkami \u017erebovania a zisti, \u010di si vyhral!\" \/>\n<meta property=\"og:url\" content=\"https:\/\/lottomat.com\/sk\/vysledky\/powerball\/\" \/>\n<meta property=\"og:site_name\" content=\"Lottomat\" \/>\n<meta property=\"article:modified_time\" content=\"2025-11-16T10:58:30+00:00\" \/>\n<meta property=\"og:image\" content=\"https:\/\/lottomat.com\/wp-content\/uploads\/2025\/10\/jackpot-and-prizes-300x300.webp\" \/>\n<meta name=\"twitter:card\" content=\"summary_large_image\" \/>\n<meta name=\"twitter:label1\" content=\"Predpokladan\u00fd \u010das \u010d\u00edtania\" \/>\n\t<meta name=\"twitter:data1\" content=\"5 min\u00fat\" \/>\n<script type=\"application\/ld+json\" class=\"yoast-schema-graph\">{\"@context\":\"https:\/\/schema.org\",\"@graph\":[{\"@type\":\"WebPage\",\"@id\":\"https:\/\/lottomat.com\/sk\/vysledky\/powerball\/\",\"url\":\"https:\/\/lottomat.com\/sk\/vysledky\/powerball\/\",\"name\":\"V\u00fdsledky Powerball a V\u00fdhern\u00e9 \u010c\u00edsla \u2013 LottoMat Slovensko\",\"isPartOf\":{\"@id\":\"https:\/\/lottomat.com\/sk\/#website\"},\"primaryImageOfPage\":{\"@id\":\"https:\/\/lottomat.com\/sk\/vysledky\/powerball\/#primaryimage\"},\"image\":{\"@id\":\"https:\/\/lottomat.com\/sk\/vysledky\/powerball\/#primaryimage\"},\"thumbnailUrl\":\"https:\/\/lottomat.com\/wp-content\/uploads\/2025\/10\/jackpot-and-prizes-300x300.webp\",\"datePublished\":\"2025-04-07T19:23:03+00:00\",\"dateModified\":\"2025-11-16T10:58:30+00:00\",\"description\":\"Skontroluj najnov\u0161ie v\u00fdsledky Powerball a v\u00fdhern\u00e9 \u010d\u00edsla na LottoMat. Porovnaj svoje \u010d\u00edsla s ofici\u00e1lnymi v\u00fdsledkami \u017erebovania a zisti, \u010di si vyhral!\",\"breadcrumb\":{\"@id\":\"https:\/\/lottomat.com\/sk\/vysledky\/powerball\/#breadcrumb\"},\"inLanguage\":\"sk-SK\",\"potentialAction\":[{\"@type\":\"ReadAction\",\"target\":[\"https:\/\/lottomat.com\/sk\/vysledky\/powerball\/\"]}]},{\"@type\":\"ImageObject\",\"inLanguage\":\"sk-SK\",\"@id\":\"https:\/\/lottomat.com\/sk\/vysledky\/powerball\/#primaryimage\",\"url\":\"https:\/\/lottomat.com\/wp-content\/uploads\/2025\/10\/jackpot-and-prizes-300x300.webp\",\"contentUrl\":\"https:\/\/lottomat.com\/wp-content\/uploads\/2025\/10\/jackpot-and-prizes-300x300.webp\"},{\"@type\":\"BreadcrumbList\",\"@id\":\"https:\/\/lottomat.com\/sk\/vysledky\/powerball\/#breadcrumb\",\"itemListElement\":[{\"@type\":\"ListItem\",\"position\":1,\"name\":\"Home\",\"item\":\"https:\/\/lottomat.com\/sk\/\"},{\"@type\":\"ListItem\",\"position\":2,\"name\":\"Najnov\u0161ie v\u00fdsledky lot\u00e9rie a v\u00fdhern\u00e9 \u010d\u00edsla\",\"item\":\"https:\/\/lottomat.com\/sk\/vysledky\/\"},{\"@type\":\"ListItem\",\"position\":3,\"name\":\"V\u00fdsledky Powerball a V\u00fdhern\u00e9 \u010c\u00edsla\"}]},{\"@type\":\"WebSite\",\"@id\":\"https:\/\/lottomat.com\/sk\/#website\",\"url\":\"https:\/\/lottomat.com\/sk\/\",\"name\":\"Lottomat\",\"description\":\"\",\"potentialAction\":[{\"@type\":\"SearchAction\",\"target\":{\"@type\":\"EntryPoint\",\"urlTemplate\":\"https:\/\/lottomat.com\/sk\/?s={search_term_string}\"},\"query-input\":{\"@type\":\"PropertyValueSpecification\",\"valueRequired\":true,\"valueName\":\"search_term_string\"}}],\"inLanguage\":\"sk-SK\"}]}<\/script>\n<!-- \/ Yoast SEO plugin. -->","yoast_head_json":{"title":"V\u00fdsledky Powerball a V\u00fdhern\u00e9 \u010c\u00edsla \u2013 LottoMat Slovensko","description":"Skontroluj najnov\u0161ie v\u00fdsledky Powerball a v\u00fdhern\u00e9 \u010d\u00edsla na LottoMat. Porovnaj svoje \u010d\u00edsla s ofici\u00e1lnymi v\u00fdsledkami \u017erebovania a zisti, \u010di si vyhral!","robots":{"index":"index","follow":"follow","max-snippet":"max-snippet:-1","max-image-preview":"max-image-preview:large","max-video-preview":"max-video-preview:-1"},"canonical":"https:\/\/lottomat.com\/sk\/vysledky\/powerball\/","og_locale":"sk_SK","og_type":"article","og_title":"V\u00fdsledky Powerball a V\u00fdhern\u00e9 \u010c\u00edsla \u2013 LottoMat Slovensko","og_description":"Skontroluj najnov\u0161ie v\u00fdsledky Powerball a v\u00fdhern\u00e9 \u010d\u00edsla na LottoMat. Porovnaj svoje \u010d\u00edsla s ofici\u00e1lnymi v\u00fdsledkami \u017erebovania a zisti, \u010di si vyhral!","og_url":"https:\/\/lottomat.com\/sk\/vysledky\/powerball\/","og_site_name":"Lottomat","article_modified_time":"2025-11-16T10:58:30+00:00","og_image":[{"url":"https:\/\/lottomat.com\/wp-content\/uploads\/2025\/10\/jackpot-and-prizes-300x300.webp"}],"twitter_card":"summary_large_image","twitter_misc":{"Predpokladan\u00fd \u010das \u010d\u00edtania":"5 min\u00fat"},"schema":{"@context":"https:\/\/schema.org","@graph":[{"@type":"WebPage","@id":"https:\/\/lottomat.com\/sk\/vysledky\/powerball\/","url":"https:\/\/lottomat.com\/sk\/vysledky\/powerball\/","name":"V\u00fdsledky Powerball a V\u00fdhern\u00e9 \u010c\u00edsla \u2013 LottoMat Slovensko","isPartOf":{"@id":"https:\/\/lottomat.com\/sk\/#website"},"primaryImageOfPage":{"@id":"https:\/\/lottomat.com\/sk\/vysledky\/powerball\/#primaryimage"},"image":{"@id":"https:\/\/lottomat.com\/sk\/vysledky\/powerball\/#primaryimage"},"thumbnailUrl":"https:\/\/lottomat.com\/wp-content\/uploads\/2025\/10\/jackpot-and-prizes-300x300.webp","datePublished":"2025-04-07T19:23:03+00:00","dateModified":"2025-11-16T10:58:30+00:00","description":"Skontroluj najnov\u0161ie v\u00fdsledky Powerball a v\u00fdhern\u00e9 \u010d\u00edsla na LottoMat. Porovnaj svoje \u010d\u00edsla s ofici\u00e1lnymi v\u00fdsledkami \u017erebovania a zisti, \u010di si vyhral!","breadcrumb":{"@id":"https:\/\/lottomat.com\/sk\/vysledky\/powerball\/#breadcrumb"},"inLanguage":"sk-SK","potentialAction":[{"@type":"ReadAction","target":["https:\/\/lottomat.com\/sk\/vysledky\/powerball\/"]}]},{"@type":"ImageObject","inLanguage":"sk-SK","@id":"https:\/\/lottomat.com\/sk\/vysledky\/powerball\/#primaryimage","url":"https:\/\/lottomat.com\/wp-content\/uploads\/2025\/10\/jackpot-and-prizes-300x300.webp","contentUrl":"https:\/\/lottomat.com\/wp-content\/uploads\/2025\/10\/jackpot-and-prizes-300x300.webp"},{"@type":"BreadcrumbList","@id":"https:\/\/lottomat.com\/sk\/vysledky\/powerball\/#breadcrumb","itemListElement":[{"@type":"ListItem","position":1,"name":"Home","item":"https:\/\/lottomat.com\/sk\/"},{"@type":"ListItem","position":2,"name":"Najnov\u0161ie v\u00fdsledky lot\u00e9rie a v\u00fdhern\u00e9 \u010d\u00edsla","item":"https:\/\/lottomat.com\/sk\/vysledky\/"},{"@type":"ListItem","position":3,"name":"V\u00fdsledky Powerball a V\u00fdhern\u00e9 \u010c\u00edsla"}]},{"@type":"WebSite","@id":"https:\/\/lottomat.com\/sk\/#website","url":"https:\/\/lottomat.com\/sk\/","name":"Lottomat","description":"","potentialAction":[{"@type":"SearchAction","target":{"@type":"EntryPoint","urlTemplate":"https:\/\/lottomat.com\/sk\/?s={search_term_string}"},"query-input":{"@type":"PropertyValueSpecification","valueRequired":true,"valueName":"search_term_string"}}],"inLanguage":"sk-SK"}]}},"_links":{"self":[{"href":"https:\/\/lottomat.com\/sk\/wp-json\/wp\/v2\/pages\/237710","targetHints":{"allow":["GET"]}}],"collection":[{"href":"https:\/\/lottomat.com\/sk\/wp-json\/wp\/v2\/pages"}],"about":[{"href":"https:\/\/lottomat.com\/sk\/wp-json\/wp\/v2\/types\/page"}],"author":[{"embeddable":true,"href":"https:\/\/lottomat.com\/sk\/wp-json\/wp\/v2\/users\/1"}],"replies":[{"embeddable":true,"href":"https:\/\/lottomat.com\/sk\/wp-json\/wp\/v2\/comments?post=237710"}],"version-history":[{"count":4,"href":"https:\/\/lottomat.com\/sk\/wp-json\/wp\/v2\/pages\/237710\/revisions"}],"predecessor-version":[{"id":257501,"href":"https:\/\/lottomat.com\/sk\/wp-json\/wp\/v2\/pages\/237710\/revisions\/257501"}],"up":[{"embeddable":true,"href":"https:\/\/lottomat.com\/sk\/wp-json\/wp\/v2\/pages\/7454"}],"wp:attachment":[{"href":"https:\/\/lottomat.com\/sk\/wp-json\/wp\/v2\/media?parent=237710"}],"curies":[{"name":"wp","href":"https:\/\/api.w.org\/{rel}","templated":true}]}}