{"id":10627,"date":"2025-03-26T10:16:37","date_gmt":"2025-03-26T10:16:37","guid":{"rendered":"https:\/\/lottomat.net\/informacie-o-loterii\/informacie-o-powerball\/"},"modified":"2025-11-16T10:59:52","modified_gmt":"2025-11-16T10:59:52","slug":"powerball","status":"publish","type":"page","link":"https:\/\/lottomat.com\/sk\/loterie\/powerball\/","title":{"rendered":"Powerball V\u00fdhry, Pravidl\u00e1 a Jackpot"},"content":{"rendered":"\n\n<div class=\"kk-star-ratings kksr-auto kksr-align-left kksr-valign-top\"\n    data-payload='{&quot;align&quot;:&quot;left&quot;,&quot;id&quot;:&quot;10627&quot;,&quot;slug&quot;:&quot;default&quot;,&quot;valign&quot;:&quot;top&quot;,&quot;ignore&quot;:&quot;&quot;,&quot;reference&quot;:&quot;auto&quot;,&quot;class&quot;:&quot;&quot;,&quot;count&quot;:&quot;0&quot;,&quot;legendonly&quot;:&quot;&quot;,&quot;readonly&quot;:&quot;&quot;,&quot;score&quot;:&quot;0&quot;,&quot;starsonly&quot;:&quot;&quot;,&quot;best&quot;:&quot;5&quot;,&quot;gap&quot;:&quot;5&quot;,&quot;greet&quot;:&quot;Rate this page&quot;,&quot;legend&quot;:&quot;0\\\/5 - (0 votes)&quot;,&quot;size&quot;:&quot;30&quot;,&quot;title&quot;:&quot;Powerball V\u00fdhry, Pravidl\u00e1 a Jackpot&quot;,&quot;width&quot;:&quot;0&quot;,&quot;_legend&quot;:&quot;{score}\\\/{best} - ({count} {votes})&quot;,&quot;font_factor&quot;:&quot;1.25&quot;}'>\n            \n<div class=\"kksr-stars\">\n    \n<div class=\"kksr-stars-inactive\">\n            <div class=\"kksr-star\" data-star=\"1\" style=\"padding-right: 5px\">\n            \n\n<div class=\"kksr-icon\" style=\"width: 30px; height: 30px;\"><\/div>\n        <\/div>\n            <div class=\"kksr-star\" data-star=\"2\" style=\"padding-right: 5px\">\n            \n\n<div class=\"kksr-icon\" style=\"width: 30px; height: 30px;\"><\/div>\n        <\/div>\n            <div class=\"kksr-star\" data-star=\"3\" style=\"padding-right: 5px\">\n            \n\n<div class=\"kksr-icon\" style=\"width: 30px; height: 30px;\"><\/div>\n        <\/div>\n            <div class=\"kksr-star\" data-star=\"4\" style=\"padding-right: 5px\">\n            \n\n<div class=\"kksr-icon\" style=\"width: 30px; height: 30px;\"><\/div>\n        <\/div>\n            <div class=\"kksr-star\" data-star=\"5\" style=\"padding-right: 5px\">\n            \n\n<div class=\"kksr-icon\" style=\"width: 30px; height: 30px;\"><\/div>\n        <\/div>\n    <\/div>\n    \n<div class=\"kksr-stars-active\" style=\"width: 0px;\">\n            <div class=\"kksr-star\" style=\"padding-right: 5px\">\n            \n\n<div class=\"kksr-icon\" style=\"width: 30px; height: 30px;\"><\/div>\n        <\/div>\n            <div class=\"kksr-star\" style=\"padding-right: 5px\">\n            \n\n<div class=\"kksr-icon\" style=\"width: 30px; height: 30px;\"><\/div>\n        <\/div>\n            <div class=\"kksr-star\" style=\"padding-right: 5px\">\n            \n\n<div class=\"kksr-icon\" style=\"width: 30px; height: 30px;\"><\/div>\n        <\/div>\n            <div class=\"kksr-star\" style=\"padding-right: 5px\">\n            \n\n<div class=\"kksr-icon\" style=\"width: 30px; height: 30px;\"><\/div>\n        <\/div>\n            <div class=\"kksr-star\" style=\"padding-right: 5px\">\n            \n\n<div class=\"kksr-icon\" style=\"width: 30px; height: 30px;\"><\/div>\n        <\/div>\n    <\/div>\n<\/div>\n                \n\n<div class=\"kksr-legend\" style=\"font-size: 24px;\">\n            <span class=\"kksr-muted\">Rate this page<\/span>\n    <\/div>\n    <\/div>\n<p>Zistite viac o v\u00fdhrach Powerball, jackpote a pravidl\u00e1ch hry. Powerball Lotto \u2013 hra o \u0161\u0165astie alebo lot\u00e9ria je jednou z najpopul\u00e1rnej\u0161\u00edch foriem z\u00e1bavy v oblasti hazardu na svete. V\u00e4\u010d\u0161ina z n\u00e1s sa aspo\u0148 raz z\u00fa\u010dastnila \u017erebovania lot\u00e9rie. Lot\u00e9rie s\u00fa ve\u013emi jednoduch\u00e9 a vzru\u0161uj\u00face hry s jasn\u00fdmi pravidlami. Nie je na nich ni\u010d komplikovan\u00e9 a ka\u017ed\u00fd sa ve\u013emi r\u00fdchlo nau\u010d\u00ed pravidl\u00e1 akejko\u013evek lot\u00e9rie. Ak ste nad\u0161encom \u010d\u00edseln\u00fdch hier a st\u00e1le h\u013ead\u00e1te nov\u00fa a zauj\u00edmav\u00fa lot\u00e9riu na vysk\u00fa\u0161anie, mali by ste pokra\u010dova\u0165 v \u010d\u00edtan\u00ed tohto \u010dl\u00e1nku. Povieme v\u00e1m, \u010do je najsl\u00e1vnej\u0161ia Powerball lotto na svete, ako hra funguje, ak\u00e9 s\u00fa \u0161ance a rizik\u00e1 a ko\u013eko m\u00f4\u017eete vyhra\u0165 (Powerball v\u00fdhry a jackpot).<\/p>\n<h2><img loading=\"lazy\" decoding=\"async\" class=\"alignleft wp-image-252449\" src=\"https:\/\/lottomat.com\/wp-content\/uploads\/2025\/10\/Powerball-jackpot-300x300.webp\" alt=\"Powerball jackpot\" width=\"200\" height=\"200\" srcset=\"https:\/\/lottomat.com\/wp-content\/uploads\/2025\/10\/Powerball-jackpot-300x300.webp 300w, https:\/\/lottomat.com\/wp-content\/uploads\/2025\/10\/Powerball-jackpot-150x150.webp 150w, https:\/\/lottomat.com\/wp-content\/uploads\/2025\/10\/Powerball-jackpot-100x100.webp 100w, https:\/\/lottomat.com\/wp-content\/uploads\/2025\/10\/Powerball-jackpot.webp 400w\" sizes=\"auto, (max-width: 200px) 100vw, 200px\" \/>\u010co je lot\u00e9ria Powerball?<\/h2>\n<p>Powerball je americk\u00e1 lot\u00e9ria, ktor\u00e1 funguje od <strong>1988<\/strong>. Kedysi bola zn\u00e1ma ako Lotto America, ale v roku <strong>1992<\/strong> bola premenovan\u00e1 na dne\u0161n\u00fd Powerball. Americk\u00e1 Powerball je jednou z <a href=\"https:\/\/lottomat.com\/sk\/\">najpopul\u00e1rnej\u0161\u00edch lot\u00e9ri\u00ed na svete<\/a>; m\u00e1 lot\u00e9riov\u00e9 kancel\u00e1rie v USA a\u017e v <strong>45 \u0161t\u00e1toch<\/strong>, ako aj v District of Columbia, Portoriku a na Panensk\u00fdch ostrovoch. Je potrebn\u00e9 poznamena\u0165, \u017ee lot\u00e9ria bola priekopn\u00edkom syst\u00e9mu \u017erebovania z dvoch bubnov, \u010do umo\u017enilo vy\u0161\u0161ie v\u00fdhry. \u017drebovania Powerball lotto sa konaj\u00fa ka\u017ed\u00fd <strong>pondelok, stredu a sobotu o 22:59 EST<\/strong>. Zvy\u010dajne sa uskuto\u010d\u0148uj\u00fa v \u0161t\u00fadiu Florida Lottery. Ak ne\u017eijete alebo sa nenach\u00e1dzate v Spojen\u00fdch \u0161t\u00e1toch a nem\u00e1te mo\u017enos\u0165 <a href=\"https:\/\/lottomat.com\/sk\/hrat-loteriu\/powerball\/\">zak\u00fapi\u0165 si Powerball lotto ticket online<\/a>, sta\u010d\u00ed, ak pou\u017eijete na\u0161u <strong>webov\u00fa str\u00e1nku LottoMat<\/strong>. Tu m\u00f4\u017eete hra\u0165 Powerball lotto cez internet, \u010d\u00edta\u0165 zauj\u00edmav\u00e9 \u010dl\u00e1nky a <a href=\"https:\/\/lottomat.com\/sk\/vysledky-loterie\/powerball\/\">skontrolova\u0165 najnov\u0161ie v\u00fdsledky \u017erebovania Powerball<\/a>.<\/p>\n<h2>Ak\u00e9 s\u00fa pravidl\u00e1 hry Powerball?<\/h2>\n<p>Od vzniku lot\u00e9rie sa pravidl\u00e1 nieko\u013ekokr\u00e1t zmenili; zvy\u010dajne boli modernizovan\u00e9, aby hr\u00e1\u010dom umo\u017enili vyhra\u0165 vy\u0161\u0161ie finan\u010dn\u00e9 Powerball v\u00fdhry. Spo\u010diatku bolo potrebn\u00e9 vybra\u0165 sedem \u010d\u00edsel zo s\u00faboru 40. Potom bol pridan\u00fd v\u00fdber druh\u00e9ho bonusov\u00e9ho \u010d\u00edsla z men\u0161ieho s\u00faboru. Ve\u013ekos\u0165 s\u00faboru sa viackr\u00e1t menila, a\u017e nakoniec bolo rozhodnut\u00e9, \u017ee sa bude vybera\u0165 <strong>p\u00e4\u0165 \u010d\u00edsel zo 69 a jedno z 26<\/strong> takzvan\u00fdch Powerballs. Tieto pravidl\u00e1 platia dodnes. \u010c\u00edslo z hlavn\u00e9ho \u017erebovania m\u00f4\u017ee by\u0165 identick\u00e9 s druh\u00fdm.<\/p>\n<h2>Ak\u00e9 s\u00fa rizik\u00e1 a \u0161ance na v\u00fdhru Powerball v\u00fdhier?<\/h2>\n<p>Jedn\u00fdm slovom \u2013 ve\u013ek\u00e9. Pravdepodobnos\u0165 v\u00fdhry hlavnej ceny je <strong>1:292 mili\u00f3nov<\/strong>. \u0160anca na v\u00fdhru druhej \u00farovne je len <strong>1:11,5 mili\u00f3na<\/strong>, \u010do je obrovsk\u00fd rozdiel, a \u010falej sa \u0161ance e\u0161te zni\u017euj\u00fa. Pre porovnanie, \u0161anca na v\u00fdhru hlavnej ceny v po\u013eskom Lotto je 1:14 mili\u00f3nov. V Powerball lotto <strong>1 z ka\u017ed\u00fdch 25 odoslan\u00fdch tickets vyhr\u00e1va<\/strong>. Riziko teda nie je mal\u00e9, ale ani v\u00fdhry nie s\u00fa n\u00edzke; v skuto\u010dnosti patria medzi najvy\u0161\u0161ie na svete. Preto napriek n\u00edzkej pravdepodobnosti z\u00e1ujem o Powerball nekles\u00e1, ale ka\u017edoro\u010dne rastie. Minim\u00e1lna st\u00e1vka Powerball je <strong>5 dol\u00e1rov<\/strong>, \u010do je ve\u013emi atrakt\u00edvne pre v\u00e4\u010d\u0161inu hr\u00e1\u010dov, najm\u00e4 vzh\u013eadom na vysok\u00e9 v\u00fdhry.<\/p>\n<h2><img loading=\"lazy\" decoding=\"async\" class=\"wp-image-252479 alignright\" src=\"https:\/\/lottomat.com\/wp-content\/uploads\/2025\/10\/Powerball-prizes-300x300.webp\" alt=\"Powerball v\u00fdhry\" width=\"200\" height=\"200\" srcset=\"https:\/\/lottomat.com\/wp-content\/uploads\/2025\/10\/Powerball-prizes-300x300.webp 300w, https:\/\/lottomat.com\/wp-content\/uploads\/2025\/10\/Powerball-prizes-150x150.webp 150w, https:\/\/lottomat.com\/wp-content\/uploads\/2025\/10\/Powerball-prizes-100x100.webp 100w, https:\/\/lottomat.com\/wp-content\/uploads\/2025\/10\/Powerball-prizes.webp 400w\" sizes=\"auto, (max-width: 200px) 100vw, 200px\" \/><\/h2>\n<h2>Ak\u00e9 s\u00fa Powerball v\u00fdhry \u2013 ko\u013eko sa d\u00e1 vyhra\u0165?<\/h2>\n<p>Poveda\u0165, \u017ee Powerball pon\u00faka ve\u013emi vysok\u00e9 v\u00fdhry, je ako ni\u010d nepoveda\u0165. Hovor\u00edme o obrovsk\u00fdch sum\u00e1ch; \u0165a\u017eko si predstavi\u0165, \u010do by ste urobili s takou v\u00fdhrou. Ak vyhr\u00e1te, va\u0161e deti, vn\u00fa\u010dat\u00e1, pravn\u00fa\u010dat\u00e1 a prapravn\u00fa\u010dat\u00e1 u\u017e nikdy nebud\u00fa musie\u0165 pracova\u0165. Najni\u017e\u0161ia garantovan\u00e1 v\u00fdhra v Powerball je <strong>20 mili\u00f3nov dol\u00e1rov<\/strong>. Nehovoriac o tom, \u017ee priemern\u00e9 v\u00fdhry sa pohybuj\u00fa okolo 110\u2013120 mili\u00f3nov dol\u00e1rov. V\u00fdhry druhej \u00farovne vyzeraj\u00fa skromnej\u0161ie \u2013 \u201elen\u201c <strong>mili\u00f3n dol\u00e1rov<\/strong>. Av\u0161ak sta\u010d\u00ed trafi\u0165 p\u00e4\u0165 spr\u00e1vnych \u010d\u00edsel a stanete sa \u0161\u0165astn\u00fdm v\u00fdhercom. V\u0161etko sa v\u0161ak men\u00ed, ke\u010f d\u00f4jde k rolloveru. Ach \u00e1no! Rollover jackpot v Powerball je \u010dist\u00e9 \u0161ialenstvo.<\/p>\n<h2>Ak\u00e9 s\u00fa Powerball Rollovers?<\/h2>\n<p>To, \u010do odli\u0161uje Powerball od napr\u00edklad po\u013eskej lot\u00e9rie Lotto, s\u00fa obrovsk\u00e9 rollovery, ktor\u00e9 zr\u00fdch\u013euj\u00fa tep, a jackpoty, ktor\u00e9 s nimi prich\u00e1dzaj\u00fa, s\u00fa \u0161okuj\u00faco vysok\u00e9. Ako by sa em\u00f3cie nemali vystup\u0148ova\u0165, ke\u010f Powerball <strong>nem\u00e1 \u017eiadny horn\u00fd limit pre rollover<\/strong>? Znamen\u00e1 to, \u017ee ak maj\u00fa hr\u00e1\u010di \u0161\u0165astie a nieko\u013ekokr\u00e1t po sebe nikto nevyhr\u00e1 hlavn\u00fa cenu, fond sa akumuluje, a\u017e k\u00fdm sa nevy\u017erebuj\u00fa spr\u00e1vne \u010d\u00edsla. Rollover jackpot sa zvy\u010dajne del\u00ed medzi viacer\u00fdch hr\u00e1\u010dov, \u010do znamen\u00e1, \u017ee v\u00fdhra sa rozdel\u00ed pomerne. Ale nie raz v hist\u00f3rii Powerball sa stalo, \u017ee iba jedna osoba uh\u00e1dla v\u0161etky \u010d\u00edsla a vyhrala cel\u00fd jackpot pre seba.<\/p>\n<h2>Ak\u00e1 bola rekordn\u00e1 v\u00fdhra v lot\u00e9rii Powerball?<img loading=\"lazy\" decoding=\"async\" class=\"wp-image-252509 alignleft\" src=\"https:\/\/lottomat.com\/wp-content\/uploads\/2025\/10\/Powerball-rules-300x300.webp\" alt=\"Powerball pravidl\u00e1\" width=\"200\" height=\"200\" srcset=\"https:\/\/lottomat.com\/wp-content\/uploads\/2025\/10\/Powerball-rules-300x300.webp 300w, https:\/\/lottomat.com\/wp-content\/uploads\/2025\/10\/Powerball-rules-150x150.webp 150w, https:\/\/lottomat.com\/wp-content\/uploads\/2025\/10\/Powerball-rules-100x100.webp 100w, https:\/\/lottomat.com\/wp-content\/uploads\/2025\/10\/Powerball-rules.webp 400w\" sizes=\"auto, (max-width: 200px) 100vw, 200px\" \/><\/h2>\n<p>Rekordn\u00fd jackpot v hist\u00f3rii Powerball bol vyhran\u00fd <strong>7. novembra 2022<\/strong> a dosiahol neuverite\u013en\u00fdch <strong>2,04 miliardy dol\u00e1rov<\/strong> s hotovostnou hodnotou <strong>997,6 mili\u00f3na dol\u00e1rov<\/strong>. Tento jackpot zost\u00e1va najv\u00e4\u010d\u0161\u00edm, ak\u00fd bol kedy vo svete lot\u00e9ri\u00ed vyhran\u00fd. V\u00fdhern\u00fd ticket bol predan\u00fd v Kalifornii a n\u00e1rokoval si ho jeden v\u00fdherca. Druh\u00fd najv\u00e4\u010d\u0161\u00ed Powerball jackpot bol <strong>1,787 miliardy dol\u00e1rov<\/strong>, vyhran\u00fd v septembri 2025 prostredn\u00edctvom tickets predan\u00fdch v Missouri a Texase.<\/p>\n<h2>Kto m\u00f4\u017ee hra\u0165 Powerball a vyhra\u0165 Powerball v\u00fdhry?<\/h2>\n<p>Ka\u017ed\u00fd m\u00e1 \u0161ancu hra\u0165, pokia\u013e je plnolet\u00fd. E\u0161te doned\u00e1vna bol Powerball dostupn\u00fd iba Ameri\u010danom alebo t\u00fdm, ktor\u00ed sa nach\u00e1dzali na \u00fazem\u00ed Spojen\u00fdch \u0161t\u00e1tov a mohli vyu\u017ei\u0165 lot\u00e9riov\u00fa kancel\u00e1riu. Teraz je v\u0161etko inak. A to v\u0161etko v\u010faka internetov\u00fdm lot\u00e9ri\u00e1m a na\u0161ej <a href=\"https:\/\/lottomat.com\/sk\/\"><strong>webovej str\u00e1nke LottoMat<\/strong><\/a>. Nez\u00e1le\u017e\u00ed na tom, \u010di \u017eijete v Afrike, \u00c1zii alebo Eur\u00f3pe. Alebo \u010di sed\u00edte za stolom, le\u017e\u00edte v posteli, beh\u00e1te alebo relaxujete na dvore. M\u00f4\u017eete hra\u0165 Powerball a vyhra\u0165 Powerball jackpot kdeko\u013evek. Online lot\u00e9rie sa stali neuverite\u013ene popul\u00e1rnymi; v\u00e4\u010d\u0161ina hr\u00e1\u010dov pou\u017e\u00edva tento sp\u00f4sob, preto\u017ee je pohodln\u00fd. V\u0161etko, \u010do potrebujete, je <strong>pr\u00edstup na internet<\/strong>. To d\u00e1va hr\u00e1\u010dom ve\u013ek\u00fa slobodu po celom svete.<\/p>\n<h2>Ako hra\u0165 Powerball cez Internet?<\/h2>\n<p>Sta\u010d\u00ed sa prihl\u00e1si\u0165 na <strong>webov\u00fa str\u00e1nku LottoMat<\/strong> a vyplni\u0165 ticket svojimi ob\u013e\u00faben\u00fdmi \u010d\u00edslami. To je v\u0161etko. Potom \u010dak\u00e1te na \u017erebovanie a skontrolujete v\u00fdsledky Powerball. Tie s\u00fa tie\u017e \u013eahko dostupn\u00e9 na na\u0161ej str\u00e1nke. Hra Powerball cez internet je mimoriadne jednoduch\u00e1 a prin\u00e1\u0161a mno\u017estvo vzru\u0161enia.<\/p>\n<h2>Kedy sa konaj\u00fa \u017erebovania Powerball Lotto?<\/h2>\n<p>\u017drebovania Powerball sa konaj\u00fa <strong>trikr\u00e1t t\u00fd\u017edenne \u2013 v pondelok, stredu a sobotu<\/strong>. H\u013ead\u00e1te siln\u00e9 em\u00f3cie a fantastick\u00e9 v\u00fdhry? Hrajte Powerball lotto online \u2013 r\u00fdchlo, pohodlne a bez opustenia domova. Ve\u013ea \u0161\u0165astia!<\/p>\n<h2>Tabu\u013eka v\u00fdhier Powerball a \u0161anc\u00ed na v\u00fdhru<\/h2>\n","protected":false},"excerpt":{"rendered":"<p>Zistite viac o v\u00fdhrach Powerball, jackpote a pravidl\u00e1ch hry. Powerball Lotto \u2013 hra o \u0161\u0165astie alebo lot\u00e9ria je jednou z najpopul\u00e1rnej\u0161\u00edch foriem z\u00e1bavy v oblasti hazardu na svete. V\u00e4\u010d\u0161ina z n\u00e1s sa aspo\u0148 raz z\u00fa\u010dastnila \u017erebovania lot\u00e9rie. Lot\u00e9rie s\u00fa ve\u013emi jednoduch\u00e9 a vzru\u0161uj\u00face hry s jasn\u00fdmi pravidlami. Nie je na nich ni\u010d komplikovan\u00e9 a ka\u017ed\u00fd [&hellip;]<\/p>\n","protected":false},"author":1,"featured_media":0,"parent":6947,"menu_order":1,"comment_status":"closed","ping_status":"closed","template":"powerball-usa-info.php","meta":{"_et_pb_use_builder":"","_et_pb_old_content":"","_et_gb_content_width":"","exclude_from_search":false,"footnotes":""},"class_list":["post-10627","page","type-page","status-publish","hentry"],"yoast_head":"<!-- This site is optimized with the Yoast SEO plugin v23.8 - https:\/\/yoast.com\/wordpress\/plugins\/seo\/ -->\n<title>Powerball V\u00fdhry, Pravidl\u00e1 a Jackpot - LottoMat Slovensko<\/title>\n<meta name=\"description\" content=\"Skontrolujte v\u00fdhry Powerball, jackpot a pravidl\u00e1 hry Powerball. Zistite viac o svojich \u0161anciach na v\u00fdhru v tejto americkej lot\u00e9rii.\" \/>\n<meta name=\"robots\" content=\"index, follow, max-snippet:-1, max-image-preview:large, max-video-preview:-1\" \/>\n<link rel=\"canonical\" href=\"https:\/\/lottomat.com\/sk\/loterie\/powerball\/\" \/>\n<meta property=\"og:locale\" content=\"sk_SK\" \/>\n<meta property=\"og:type\" content=\"article\" \/>\n<meta property=\"og:title\" content=\"Powerball V\u00fdhry, Pravidl\u00e1 a Jackpot - LottoMat Slovensko\" \/>\n<meta property=\"og:description\" content=\"Skontrolujte v\u00fdhry Powerball, jackpot a pravidl\u00e1 hry Powerball. Zistite viac o svojich \u0161anciach na v\u00fdhru v tejto americkej lot\u00e9rii.\" \/>\n<meta property=\"og:url\" content=\"https:\/\/lottomat.com\/sk\/loterie\/powerball\/\" \/>\n<meta property=\"og:site_name\" content=\"Lottomat\" \/>\n<meta property=\"article:modified_time\" content=\"2025-11-16T10:59:52+00:00\" \/>\n<meta property=\"og:image\" content=\"https:\/\/lottomat.com\/wp-content\/uploads\/2025\/10\/Powerball-jackpot-300x300.webp\" \/>\n<meta name=\"twitter:card\" content=\"summary_large_image\" \/>\n<meta name=\"twitter:label1\" content=\"Predpokladan\u00fd \u010das \u010d\u00edtania\" \/>\n\t<meta name=\"twitter:data1\" content=\"5 min\u00fat\" \/>\n<script type=\"application\/ld+json\" class=\"yoast-schema-graph\">{\"@context\":\"https:\/\/schema.org\",\"@graph\":[{\"@type\":\"WebPage\",\"@id\":\"https:\/\/lottomat.com\/sk\/loterie\/powerball\/\",\"url\":\"https:\/\/lottomat.com\/sk\/loterie\/powerball\/\",\"name\":\"Powerball V\u00fdhry, Pravidl\u00e1 a Jackpot - LottoMat Slovensko\",\"isPartOf\":{\"@id\":\"https:\/\/lottomat.com\/sk\/#website\"},\"primaryImageOfPage\":{\"@id\":\"https:\/\/lottomat.com\/sk\/loterie\/powerball\/#primaryimage\"},\"image\":{\"@id\":\"https:\/\/lottomat.com\/sk\/loterie\/powerball\/#primaryimage\"},\"thumbnailUrl\":\"https:\/\/lottomat.com\/wp-content\/uploads\/2025\/10\/Powerball-jackpot-300x300.webp\",\"datePublished\":\"2025-03-26T10:16:37+00:00\",\"dateModified\":\"2025-11-16T10:59:52+00:00\",\"description\":\"Skontrolujte v\u00fdhry Powerball, jackpot a pravidl\u00e1 hry Powerball. Zistite viac o svojich \u0161anciach na v\u00fdhru v tejto americkej lot\u00e9rii.\",\"breadcrumb\":{\"@id\":\"https:\/\/lottomat.com\/sk\/loterie\/powerball\/#breadcrumb\"},\"inLanguage\":\"sk-SK\",\"potentialAction\":[{\"@type\":\"ReadAction\",\"target\":[\"https:\/\/lottomat.com\/sk\/loterie\/powerball\/\"]}]},{\"@type\":\"ImageObject\",\"inLanguage\":\"sk-SK\",\"@id\":\"https:\/\/lottomat.com\/sk\/loterie\/powerball\/#primaryimage\",\"url\":\"https:\/\/lottomat.com\/wp-content\/uploads\/2025\/10\/Powerball-jackpot-300x300.webp\",\"contentUrl\":\"https:\/\/lottomat.com\/wp-content\/uploads\/2025\/10\/Powerball-jackpot-300x300.webp\"},{\"@type\":\"BreadcrumbList\",\"@id\":\"https:\/\/lottomat.com\/sk\/loterie\/powerball\/#breadcrumb\",\"itemListElement\":[{\"@type\":\"ListItem\",\"position\":1,\"name\":\"Home\",\"item\":\"https:\/\/lottomat.com\/sk\/\"},{\"@type\":\"ListItem\",\"position\":2,\"name\":\"Pravidl\u00e1 lot\u00e9rie: V\u00fdhry, Jackpot a \u0160ance\",\"item\":\"https:\/\/lottomat.com\/sk\/loterie\/\"},{\"@type\":\"ListItem\",\"position\":3,\"name\":\"Powerball V\u00fdhry, Pravidl\u00e1 a Jackpot\"}]},{\"@type\":\"WebSite\",\"@id\":\"https:\/\/lottomat.com\/sk\/#website\",\"url\":\"https:\/\/lottomat.com\/sk\/\",\"name\":\"Lottomat\",\"description\":\"\",\"potentialAction\":[{\"@type\":\"SearchAction\",\"target\":{\"@type\":\"EntryPoint\",\"urlTemplate\":\"https:\/\/lottomat.com\/sk\/?s={search_term_string}\"},\"query-input\":{\"@type\":\"PropertyValueSpecification\",\"valueRequired\":true,\"valueName\":\"search_term_string\"}}],\"inLanguage\":\"sk-SK\"}]}<\/script>\n<!-- \/ Yoast SEO plugin. -->","yoast_head_json":{"title":"Powerball V\u00fdhry, Pravidl\u00e1 a Jackpot - LottoMat Slovensko","description":"Skontrolujte v\u00fdhry Powerball, jackpot a pravidl\u00e1 hry Powerball. Zistite viac o svojich \u0161anciach na v\u00fdhru v tejto americkej lot\u00e9rii.","robots":{"index":"index","follow":"follow","max-snippet":"max-snippet:-1","max-image-preview":"max-image-preview:large","max-video-preview":"max-video-preview:-1"},"canonical":"https:\/\/lottomat.com\/sk\/loterie\/powerball\/","og_locale":"sk_SK","og_type":"article","og_title":"Powerball V\u00fdhry, Pravidl\u00e1 a Jackpot - LottoMat Slovensko","og_description":"Skontrolujte v\u00fdhry Powerball, jackpot a pravidl\u00e1 hry Powerball. Zistite viac o svojich \u0161anciach na v\u00fdhru v tejto americkej lot\u00e9rii.","og_url":"https:\/\/lottomat.com\/sk\/loterie\/powerball\/","og_site_name":"Lottomat","article_modified_time":"2025-11-16T10:59:52+00:00","og_image":[{"url":"https:\/\/lottomat.com\/wp-content\/uploads\/2025\/10\/Powerball-jackpot-300x300.webp"}],"twitter_card":"summary_large_image","twitter_misc":{"Predpokladan\u00fd \u010das \u010d\u00edtania":"5 min\u00fat"},"schema":{"@context":"https:\/\/schema.org","@graph":[{"@type":"WebPage","@id":"https:\/\/lottomat.com\/sk\/loterie\/powerball\/","url":"https:\/\/lottomat.com\/sk\/loterie\/powerball\/","name":"Powerball V\u00fdhry, Pravidl\u00e1 a Jackpot - LottoMat Slovensko","isPartOf":{"@id":"https:\/\/lottomat.com\/sk\/#website"},"primaryImageOfPage":{"@id":"https:\/\/lottomat.com\/sk\/loterie\/powerball\/#primaryimage"},"image":{"@id":"https:\/\/lottomat.com\/sk\/loterie\/powerball\/#primaryimage"},"thumbnailUrl":"https:\/\/lottomat.com\/wp-content\/uploads\/2025\/10\/Powerball-jackpot-300x300.webp","datePublished":"2025-03-26T10:16:37+00:00","dateModified":"2025-11-16T10:59:52+00:00","description":"Skontrolujte v\u00fdhry Powerball, jackpot a pravidl\u00e1 hry Powerball. Zistite viac o svojich \u0161anciach na v\u00fdhru v tejto americkej lot\u00e9rii.","breadcrumb":{"@id":"https:\/\/lottomat.com\/sk\/loterie\/powerball\/#breadcrumb"},"inLanguage":"sk-SK","potentialAction":[{"@type":"ReadAction","target":["https:\/\/lottomat.com\/sk\/loterie\/powerball\/"]}]},{"@type":"ImageObject","inLanguage":"sk-SK","@id":"https:\/\/lottomat.com\/sk\/loterie\/powerball\/#primaryimage","url":"https:\/\/lottomat.com\/wp-content\/uploads\/2025\/10\/Powerball-jackpot-300x300.webp","contentUrl":"https:\/\/lottomat.com\/wp-content\/uploads\/2025\/10\/Powerball-jackpot-300x300.webp"},{"@type":"BreadcrumbList","@id":"https:\/\/lottomat.com\/sk\/loterie\/powerball\/#breadcrumb","itemListElement":[{"@type":"ListItem","position":1,"name":"Home","item":"https:\/\/lottomat.com\/sk\/"},{"@type":"ListItem","position":2,"name":"Pravidl\u00e1 lot\u00e9rie: V\u00fdhry, Jackpot a \u0160ance","item":"https:\/\/lottomat.com\/sk\/loterie\/"},{"@type":"ListItem","position":3,"name":"Powerball V\u00fdhry, Pravidl\u00e1 a Jackpot"}]},{"@type":"WebSite","@id":"https:\/\/lottomat.com\/sk\/#website","url":"https:\/\/lottomat.com\/sk\/","name":"Lottomat","description":"","potentialAction":[{"@type":"SearchAction","target":{"@type":"EntryPoint","urlTemplate":"https:\/\/lottomat.com\/sk\/?s={search_term_string}"},"query-input":{"@type":"PropertyValueSpecification","valueRequired":true,"valueName":"search_term_string"}}],"inLanguage":"sk-SK"}]}},"_links":{"self":[{"href":"https:\/\/lottomat.com\/sk\/wp-json\/wp\/v2\/pages\/10627","targetHints":{"allow":["GET"]}}],"collection":[{"href":"https:\/\/lottomat.com\/sk\/wp-json\/wp\/v2\/pages"}],"about":[{"href":"https:\/\/lottomat.com\/sk\/wp-json\/wp\/v2\/types\/page"}],"author":[{"embeddable":true,"href":"https:\/\/lottomat.com\/sk\/wp-json\/wp\/v2\/users\/1"}],"replies":[{"embeddable":true,"href":"https:\/\/lottomat.com\/sk\/wp-json\/wp\/v2\/comments?post=10627"}],"version-history":[{"count":4,"href":"https:\/\/lottomat.com\/sk\/wp-json\/wp\/v2\/pages\/10627\/revisions"}],"predecessor-version":[{"id":257502,"href":"https:\/\/lottomat.com\/sk\/wp-json\/wp\/v2\/pages\/10627\/revisions\/257502"}],"up":[{"embeddable":true,"href":"https:\/\/lottomat.com\/sk\/wp-json\/wp\/v2\/pages\/6947"}],"wp:attachment":[{"href":"https:\/\/lottomat.com\/sk\/wp-json\/wp\/v2\/media?parent=10627"}],"curies":[{"name":"wp","href":"https:\/\/api.w.org\/{rel}","templated":true}]}}