{"id":9473,"date":"2025-03-26T08:35:10","date_gmt":"2025-03-26T08:35:10","guid":{"rendered":"https:\/\/lottomat.net\/joaca-la-loto\/joaca-superenalotto-online\/"},"modified":"2026-03-01T20:52:23","modified_gmt":"2026-03-01T20:52:23","slug":"superenalotto","status":"publish","type":"page","link":"https:\/\/lottomat.com\/ro\/joaca\/superenalotto\/","title":{"rendered":"SuperEnalotto online &#8211; Bilete SuperEnalotto"},"content":{"rendered":"\n\n<div class=\"kk-star-ratings kksr-auto kksr-align-left kksr-valign-top\"\n    data-payload='{&quot;align&quot;:&quot;left&quot;,&quot;id&quot;:&quot;9473&quot;,&quot;slug&quot;:&quot;default&quot;,&quot;valign&quot;:&quot;top&quot;,&quot;ignore&quot;:&quot;&quot;,&quot;reference&quot;:&quot;auto&quot;,&quot;class&quot;:&quot;&quot;,&quot;count&quot;:&quot;0&quot;,&quot;legendonly&quot;:&quot;&quot;,&quot;readonly&quot;:&quot;&quot;,&quot;score&quot;:&quot;0&quot;,&quot;starsonly&quot;:&quot;&quot;,&quot;best&quot;:&quot;5&quot;,&quot;gap&quot;:&quot;5&quot;,&quot;greet&quot;:&quot;Rate this page&quot;,&quot;legend&quot;:&quot;0\\\/5 - (0 votes)&quot;,&quot;size&quot;:&quot;30&quot;,&quot;title&quot;:&quot;SuperEnalotto online - Bilete SuperEnalotto&quot;,&quot;width&quot;:&quot;0&quot;,&quot;_legend&quot;:&quot;{score}\\\/{best} - ({count} {votes})&quot;,&quot;font_factor&quot;:&quot;1.25&quot;}'>\n            \n<div class=\"kksr-stars\">\n    \n<div class=\"kksr-stars-inactive\">\n            <div class=\"kksr-star\" data-star=\"1\" style=\"padding-right: 5px\">\n            \n\n<div class=\"kksr-icon\" style=\"width: 30px; height: 30px;\"><\/div>\n        <\/div>\n            <div class=\"kksr-star\" data-star=\"2\" style=\"padding-right: 5px\">\n            \n\n<div class=\"kksr-icon\" style=\"width: 30px; height: 30px;\"><\/div>\n        <\/div>\n            <div class=\"kksr-star\" data-star=\"3\" style=\"padding-right: 5px\">\n            \n\n<div class=\"kksr-icon\" style=\"width: 30px; height: 30px;\"><\/div>\n        <\/div>\n            <div class=\"kksr-star\" data-star=\"4\" style=\"padding-right: 5px\">\n            \n\n<div class=\"kksr-icon\" style=\"width: 30px; height: 30px;\"><\/div>\n        <\/div>\n            <div class=\"kksr-star\" data-star=\"5\" style=\"padding-right: 5px\">\n            \n\n<div class=\"kksr-icon\" style=\"width: 30px; height: 30px;\"><\/div>\n        <\/div>\n    <\/div>\n    \n<div class=\"kksr-stars-active\" style=\"width: 0px;\">\n            <div class=\"kksr-star\" style=\"padding-right: 5px\">\n            \n\n<div class=\"kksr-icon\" style=\"width: 30px; height: 30px;\"><\/div>\n        <\/div>\n            <div class=\"kksr-star\" style=\"padding-right: 5px\">\n            \n\n<div class=\"kksr-icon\" style=\"width: 30px; height: 30px;\"><\/div>\n        <\/div>\n            <div class=\"kksr-star\" style=\"padding-right: 5px\">\n            \n\n<div class=\"kksr-icon\" style=\"width: 30px; height: 30px;\"><\/div>\n        <\/div>\n            <div class=\"kksr-star\" style=\"padding-right: 5px\">\n            \n\n<div class=\"kksr-icon\" style=\"width: 30px; height: 30px;\"><\/div>\n        <\/div>\n            <div class=\"kksr-star\" style=\"padding-right: 5px\">\n            \n\n<div class=\"kksr-icon\" style=\"width: 30px; height: 30px;\"><\/div>\n        <\/div>\n    <\/div>\n<\/div>\n                \n\n<div class=\"kksr-legend\" style=\"font-size: 24px;\">\n            <span class=\"kksr-muted\">Rate this page<\/span>\n    <\/div>\n    <\/div>\n<h2><img loading=\"lazy\" decoding=\"async\" class=\"alignleft wp-image-252554\" src=\"https:\/\/lottomat.com\/wp-content\/uploads\/2025\/10\/Italian-lottery-online-300x300.webp\" alt=\"Loteria italian\u0103 online\" width=\"200\" height=\"200\" srcset=\"https:\/\/lottomat.com\/wp-content\/uploads\/2025\/10\/Italian-lottery-online-300x300.webp 300w, https:\/\/lottomat.com\/wp-content\/uploads\/2025\/10\/Italian-lottery-online-150x150.webp 150w, https:\/\/lottomat.com\/wp-content\/uploads\/2025\/10\/Italian-lottery-online-100x100.webp 100w, https:\/\/lottomat.com\/wp-content\/uploads\/2025\/10\/Italian-lottery-online.webp 400w\" sizes=\"auto, (max-width: 200px) 100vw, 200px\" \/>Ce este SuperEnalotto?<\/h2>\n<p><strong>SuperEnalotto este cel mai popular \u0219i prestigios joc de loterie din Italia<\/strong>, renumit pentru oferirea unora dintre cele mai mari jackpot-uri din istoria loteriilor europene. Aceast\u0103 loterie italian\u0103 emblematic\u0103 \u00eei fascineaz\u0103 pe juc\u0103tori \u00eenc\u0103 din 1997 cu formatul s\u0103u unic \u0219i poten\u021bialul de premii excep\u021bional. <strong>Extragerea SuperEnalotto are loc de trei ori pe s\u0103pt\u0103m\u00e2n\u0103<\/strong> \u2013 mar\u021bi, joi \u0219i s\u00e2mb\u0103t\u0103 \u2013 oferind juc\u0103torilor multiple \u0219anse de a c\u00e2\u0219tiga sume care le pot schimba via\u021ba. Ceea ce diferen\u021biaz\u0103 aceast\u0103 loterie italian\u0103 este lipsa unui plafon pentru jackpot, ceea ce \u00eenseamn\u0103 c\u0103 premiile se acumuleaz\u0103 la nesf\u00e2r\u0219it p\u00e2n\u0103 c\u00e2nd cineva c\u00e2\u0219tig\u0103, ajung\u00e2nd adesea la sume astronomice care atrag aten\u021bia interna\u021bional\u0103. Vrei s\u0103 joci SuperEnalotto online? Hai s\u0103 afl\u0103m mai multe!<\/p>\n<h2><img loading=\"lazy\" decoding=\"async\" class=\"alignright wp-image-252584\" src=\"https:\/\/lottomat.com\/wp-content\/uploads\/2025\/10\/play-SuperEnalotto-300x300.webp\" alt=\"joac\u0103 SuperEnalotto\" width=\"200\" height=\"200\" srcset=\"https:\/\/lottomat.com\/wp-content\/uploads\/2025\/10\/play-SuperEnalotto-300x300.webp 300w, https:\/\/lottomat.com\/wp-content\/uploads\/2025\/10\/play-SuperEnalotto-150x150.webp 150w, https:\/\/lottomat.com\/wp-content\/uploads\/2025\/10\/play-SuperEnalotto-100x100.webp 100w, https:\/\/lottomat.com\/wp-content\/uploads\/2025\/10\/play-SuperEnalotto.webp 400w\" sizes=\"auto, (max-width: 200px) 100vw, 200px\" \/>Cum se joac\u0103 SuperEnalotto online?<\/h2>\n<p><strong>Jocul SuperEnalotto online prin LottoMat este extrem de convenabil \u0219i accesibil de oriunde \u00een lume, \u00een orice moment<\/strong>. Procesul este simplu \u0219i prietenos cu utilizatorii \u2013 trebuie doar s\u0103 te \u00eenregistrezi pe <a href=\"https:\/\/lottomat.com\/ro\/\">site-ul LottoMat<\/a>, s\u0103 \u00ee\u021bi alegi numerele norocoase \u0219i s\u0103 cumperi biletele online f\u0103r\u0103 s\u0103 pleci de acas\u0103. <strong>\u00ce\u021bi po\u021bi alege numerele manual, pe baza propriei strategii, sau po\u021bi folosi op\u021biunea Quick Pick pentru o selec\u021bie aleatorie<\/strong>. Aceast\u0103 flexibilitate permite at\u00e2t juc\u0103torilor strategici, c\u00e2t \u0219i celor care prefer\u0103 s\u0103 \u00ee\u0219i lase soarta la voia \u00eent\u00e2mpl\u0103rii s\u0103 se bucure de emo\u021bia celei mai mari loterii din Italia.<\/p>\n<p>Jocul online elimin\u0103 barierele geografice, f\u0103c\u00e2nd posibil\u0103 participarea juc\u0103torilor interna\u021bionali la unul dintre cele mai captivante jocuri de loterie din Europa.<\/p>\n<h2>Cum s\u0103 cumperi bilete SuperEnalotto online?<\/h2>\n<p><strong>Achizi\u021bionarea biletelor SuperEnalotto online necesit\u0103 folosirea metodei tale preferate de plat\u0103 prin platforma sigur\u0103 LottoMat<\/strong>. Toate biletele sunt disponibile pe site-ul LottoMat, asigur\u00e2nd c\u0103 nu ratezi nicio extragere. <strong>\u00ce\u021bi garant\u0103m autenticitatea particip\u0103rilor tale prin scanarea biletelor originale cump\u0103rate de agen\u021bii no\u0219tri autoriza\u021bi direct \u00een Italia<\/strong>. Acest proces asigur\u0103 c\u0103 <a href=\"https:\/\/lottomat.com\/ro\/joaca\/\">biletele tale de loterie online<\/a> sunt sus\u021binute de bilete fizice reale, achizi\u021bionate de la comercian\u021bi italieni autoriza\u021bi. Copiile digitale ale biletelor tale sunt stocate \u00een siguran\u021b\u0103 \u00een contul t\u0103u, oferindu-\u021bi transparen\u021b\u0103 complet\u0103 \u0219i siguran\u021b\u0103 pentru investi\u021biile tale \u00een loterie. Acest sistem combin\u0103 comoditatea jocului online cu fiabilitatea achizi\u021biei tradi\u021bionale de bilete.<\/p>\n<h2><img loading=\"lazy\" decoding=\"async\" class=\"alignleft wp-image-252614\" src=\"https:\/\/lottomat.com\/wp-content\/uploads\/2025\/10\/SuperEnalotto-online-300x300.webp\" alt=\"SuperEnalotto online\" width=\"200\" height=\"200\" srcset=\"https:\/\/lottomat.com\/wp-content\/uploads\/2025\/10\/SuperEnalotto-online-300x300.webp 300w, https:\/\/lottomat.com\/wp-content\/uploads\/2025\/10\/SuperEnalotto-online-150x150.webp 150w, https:\/\/lottomat.com\/wp-content\/uploads\/2025\/10\/SuperEnalotto-online-100x100.webp 100w, https:\/\/lottomat.com\/wp-content\/uploads\/2025\/10\/SuperEnalotto-online.webp 400w\" sizes=\"auto, (max-width: 200px) 100vw, 200px\" \/>Po\u021bi cump\u0103ra mai multe bilete SuperEnalotto?<\/h2>\n<p><strong>Da, \u00ee\u021bi po\u021bi cre\u0219te semnificativ \u0219ansele de c\u00e2\u0219tig cump\u0103r\u00e2nd mai multe bilete SuperEnalotto \u00eentr-o singur\u0103 tranzac\u021bie<\/strong>. LottoMat ofer\u0103 op\u021biunea convenabil\u0103 \u201emai multe linii\u201d, care \u00ee\u021bi permite s\u0103 cumperi p\u00e2n\u0103 la 20 de bilete SuperEnalotto odat\u0103. Aceast\u0103 caracteristic\u0103 este ideal\u0103 pentru juc\u0103torii care doresc s\u0103 \u00ee\u0219i maximizeze \u0219ansele de c\u00e2\u0219tig sau pentru sindicatele de loterie care vor s\u0103 \u00ee\u0219i combine resursele. <strong>Cump\u0103rarea mai multor bilete nu doar c\u0103 \u00ee\u021bi m\u0103re\u0219te \u0219ansele, dar \u00ee\u021bi face \u0219i mai u\u0219oar\u0103 gestionarea particip\u0103rilor<\/strong> \u00eentr-o singur\u0103 tranzac\u021bie simpl\u0103.<\/p>\n<h2>Po\u021bi cump\u0103ra bilete SuperEnalotto pentru mai multe extrageri?<\/h2>\n<p><strong>Absolut! LottoMat \u00ee\u021bi permite s\u0103 cumperi bilete SuperEnalotto pentru p\u00e2n\u0103 la 8 extrageri consecutive<\/strong>, asigur\u00e2ndu-te c\u0103 nu ratezi nicio \u0219ans\u0103 de c\u00e2\u0219tig. Aceast\u0103 op\u021biune de achizi\u021bie \u00een avans este ideal\u0103 pentru juc\u0103torii ocupa\u021bi care doresc s\u0103 participe constant, f\u0103r\u0103 s\u0103 \u00ee\u0219i aminteasc\u0103 de fiecare dat\u0103 s\u0103 cumpere bilete \u00eenaintea extragerii. <strong>Jocul la mai multe extrageri cu acelea\u0219i numere poate face parte dintr-o strategie pe termen lung<\/strong>, iar mul\u021bi juc\u0103tori prefer\u0103 aceast\u0103 abordare pentru comoditate \u0219i consecven\u021b\u0103.<\/p>\n<h2>Care este pre\u021bul biletelor SuperEnalotto online?<img loading=\"lazy\" decoding=\"async\" class=\"alignright wp-image-252644\" src=\"https:\/\/lottomat.com\/wp-content\/uploads\/2025\/10\/SuperEnalotto-tickets-300x300.webp\" alt=\"Bilete SuperEnalotto\" width=\"200\" height=\"200\" srcset=\"https:\/\/lottomat.com\/wp-content\/uploads\/2025\/10\/SuperEnalotto-tickets-300x300.webp 300w, https:\/\/lottomat.com\/wp-content\/uploads\/2025\/10\/SuperEnalotto-tickets-150x150.webp 150w, https:\/\/lottomat.com\/wp-content\/uploads\/2025\/10\/SuperEnalotto-tickets-100x100.webp 100w, https:\/\/lottomat.com\/wp-content\/uploads\/2025\/10\/SuperEnalotto-tickets.webp 400w\" sizes=\"auto, (max-width: 200px) 100vw, 200px\" \/><\/h2>\n<p><strong>Dup\u0103 selectarea num\u0103rului de linii dorit pe LottoMat, calculatorul nostru automat va afi\u0219a instant costul total al biletelor SuperEnalotto<\/strong>. Pre\u021bul este transparent \u0219i afi\u0219at clar \u00eenainte de finalizarea achizi\u021biei, asigur\u00e2ndu-te c\u0103 nu exist\u0103 taxe ascunse sau surprize. <strong>Sistemul nostru de pre\u021b ia \u00een considerare num\u0103rul de linii, extragerile \u0219i orice op\u021biuni suplimentare selectate<\/strong>, oferindu-\u021bi o defalcare complet\u0103 a investi\u021biei tale \u00een loterie. Aceast\u0103 func\u021bionalitate face ca planificarea bugetului pentru jocurile de loterie s\u0103 fie simpl\u0103 \u0219i direct\u0103.<\/p>\n<h2>Care sunt cele mai bune sfaturi pentru a juca SuperEnalotto online?<\/h2>\n<p><strong>Jocul de succes la SuperEnalotto combin\u0103 strategia cu practici responsabile de joc<\/strong>. Ia \u00een considerare folosirea unei combina\u021bii de numere \u201efierbin\u021bi\u201d (extrase frecvent) \u0219i \u201ereci\u201d (mai rar extrase), de\u0219i trebuie s\u0103 \u021bii minte c\u0103 fiecare extragere este independent\u0103 \u0219i aleatorie. <strong>Sistemele de participare \u00ee\u021bi pot cre\u0219te \u0219ansele de c\u00e2\u0219tig acoperind mai multe combina\u021bii de numere<\/strong>, \u00een timp ce jocul constant cu acelea\u0219i numere este preferat de mul\u021bi juc\u0103tori dedica\u021bi. Stabile\u0219te-\u021bi un buget confortabil \u0219i respect\u0103-l, trat\u00e2nd loteria ca pe o distrac\u021bie, nu ca pe o strategie de investi\u021bie. <strong>Profit\u0103 de op\u021biunile multi-extragere pentru a men\u021bine consecven\u021ba<\/strong> \u0219i ia \u00een considerare al\u0103turarea sau formarea unui sindicat pentru a combina resursele \u0219i a cre\u0219te \u0219ansele colective ale grupului t\u0103u.<\/p>\n<p>Mul\u021bi juc\u0103tori de succes urm\u0103resc <a href=\"https:\/\/lottomat.com\/ro\/rezultate\/superenalotto\/\">rezultatele extragerilor SuperEnalotto<\/a> \u0219i tiparele acestora, dar este important s\u0103 re\u021bii c\u0103 jocurile de loterie se bazeaz\u0103 \u00een cele din urm\u0103 pe \u0219ans\u0103. <strong>Cheia este s\u0103 joci responsabil, maximiz\u00e2nd \u00een acela\u0219i timp pl\u0103cerea acestui joc italian captivant<\/strong>.<\/p>\n<h2>Merit\u0103 s\u0103 joci SuperEnalotto online?<\/h2>\n<p><strong>Jocul SuperEnalotto online ofer\u0103 o valoare excep\u021bional\u0103 pentru pasiona\u021bii de loterie care caut\u0103 cele mai mari jackpot-uri din Europa<\/strong>. Comoditatea jocului online, combinat\u0103 cu poten\u021bialul nelimitat al jackpot-ului SuperEnalotto, \u00eel face o op\u021biune atractiv\u0103 pentru juc\u0103torii dedica\u021bi. <strong>Posibilitatea de a participa de oriunde \u00een lume, \u00een orice moment, f\u0103r\u0103 restric\u021bii geografice, adaug\u0103 o valoare imens\u0103<\/strong>. Cu trei extrageri pe s\u0103pt\u0103m\u00e2n\u0103 \u0219i unele dintre cele mai mari premii din istoria loteriilor, SuperEnalotto ofer\u0103 mai multe \u0219anse \u0219i recompense mai mari dec\u00e2t multe alte loterii europene. <strong>Combina\u021bia dintre accesibilitate, siguran\u021b\u0103 \u0219i poten\u021bial uria\u0219 de c\u00e2\u0219tig face ca jocul online la SuperEnalotto s\u0103 fie o alegere care merit\u0103 pentru juc\u0103torii pasiona\u021bi<\/strong>. Cite\u0219te mai multe despre <a href=\"https:\/\/lottomat.com\/ro\/informatie\/superenalotto\/\">premiile \u0219i jackpot-ul SuperEnalotto<\/a> pe site-ul nostru.<\/p>\n<h2>Biletele SuperEnalotto cump\u0103rate online prin LottoMat sunt sigure?<\/h2>\n<p><strong>Da, biletele SuperEnalotto achizi\u021bionate prin LottoMat sunt complet sigure<\/strong>. Garant\u0103m stocarea \u0219i gestionarea \u00een siguran\u021b\u0103 a tuturor biletelor tale prin sistemul nostru digital avansat. <strong>Fiecare bilet este scanat profesional \u0219i stocat \u00een contul t\u0103u personal<\/strong>, oferindu-\u021bi acces permanent la particip\u0103rile tale \u0219i elimin\u00e2nd riscul pierderii sau deterior\u0103rii biletelor fizice. Agen\u021bii no\u0219tri autoriza\u021bi cump\u0103r\u0103 biletele originale direct de la comercian\u021bi italieni autoriza\u021bi, asigur\u00e2nd autenticitate \u0219i legitimitate complet\u0103. <strong>M\u0103surile de securitate ale LottoMat includ tranzac\u021bii criptate, stocare sigur\u0103 a datelor \u0219i conformitate deplin\u0103 cu reglement\u0103rile<\/strong>, oferindu-\u021bi lini\u0219tea c\u0103 investi\u021biile tale \u00een loterie sunt protejate. C\u00e2\u0219tigurile tale sunt garantate \u0219i creditate automat \u00een contul t\u0103u, f\u0103c\u00e2nd \u00eentregul proces transparent \u0219i de \u00eencredere.<\/p>\n","protected":false},"excerpt":{"rendered":"<p>Ce este SuperEnalotto? SuperEnalotto este cel mai popular \u0219i prestigios joc de loterie din Italia, renumit pentru oferirea unora dintre cele mai mari jackpot-uri din istoria loteriilor europene. Aceast\u0103 loterie italian\u0103 emblematic\u0103 \u00eei fascineaz\u0103 pe juc\u0103tori \u00eenc\u0103 din 1997 cu formatul s\u0103u unic \u0219i poten\u021bialul de premii excep\u021bional. Extragerea SuperEnalotto are loc de trei ori [&hellip;]<\/p>\n","protected":false},"author":1,"featured_media":0,"parent":6792,"menu_order":5,"comment_status":"closed","ping_status":"closed","template":"superenalotto.php","meta":{"_et_pb_use_builder":"","_et_pb_old_content":"","_et_gb_content_width":"","exclude_from_search":false,"footnotes":""},"class_list":["post-9473","page","type-page","status-publish","hentry"],"yoast_head":"<!-- This site is optimized with the Yoast SEO plugin v23.8 - https:\/\/yoast.com\/wordpress\/plugins\/seo\/ -->\n<title>SuperEnalotto Online - Bilete SuperEnalotto - Lottomat<\/title>\n<meta name=\"description\" content=\"Joac\u0103 SuperEnalotto online \u0219i c\u00e2\u0219tig\u0103 o avere! Cump\u0103r\u0103 bilete SuperEnalotto la Lottomat \u0219i particip\u0103 la urm\u0103toarea extragere a loteriei italiene.\" \/>\n<meta name=\"robots\" content=\"index, follow, max-snippet:-1, max-image-preview:large, max-video-preview:-1\" \/>\n<link rel=\"canonical\" href=\"https:\/\/lottomat.com\/ro\/joaca\/superenalotto\/\" \/>\n<meta property=\"og:locale\" content=\"ro_RO\" \/>\n<meta property=\"og:type\" content=\"article\" \/>\n<meta property=\"og:title\" content=\"SuperEnalotto Online - Bilete SuperEnalotto - Lottomat\" \/>\n<meta property=\"og:description\" content=\"Joac\u0103 SuperEnalotto online \u0219i c\u00e2\u0219tig\u0103 o avere! Cump\u0103r\u0103 bilete SuperEnalotto la Lottomat \u0219i particip\u0103 la urm\u0103toarea extragere a loteriei italiene.\" \/>\n<meta property=\"og:url\" content=\"https:\/\/lottomat.com\/ro\/joaca\/superenalotto\/\" \/>\n<meta property=\"og:site_name\" content=\"Lottomat\" \/>\n<meta property=\"article:modified_time\" content=\"2026-03-01T20:52:23+00:00\" \/>\n<meta property=\"og:image\" content=\"https:\/\/lottomat.com\/wp-content\/uploads\/2025\/10\/Italian-lottery-online.webp\" \/>\n\t<meta property=\"og:image:width\" content=\"400\" \/>\n\t<meta property=\"og:image:height\" content=\"400\" \/>\n\t<meta property=\"og:image:type\" content=\"image\/webp\" \/>\n<meta name=\"twitter:card\" content=\"summary_large_image\" \/>\n<meta name=\"twitter:label1\" content=\"Timp estimat pentru citire\" \/>\n\t<meta name=\"twitter:data1\" content=\"6 minute\" \/>\n<script type=\"application\/ld+json\" class=\"yoast-schema-graph\">{\"@context\":\"https:\/\/schema.org\",\"@graph\":[{\"@type\":\"WebPage\",\"@id\":\"https:\/\/lottomat.com\/ro\/joaca\/superenalotto\/\",\"url\":\"https:\/\/lottomat.com\/ro\/joaca\/superenalotto\/\",\"name\":\"SuperEnalotto Online - Bilete SuperEnalotto - Lottomat\",\"isPartOf\":{\"@id\":\"https:\/\/lottomat.com\/ro\/#website\"},\"primaryImageOfPage\":{\"@id\":\"https:\/\/lottomat.com\/ro\/joaca\/superenalotto\/#primaryimage\"},\"image\":{\"@id\":\"https:\/\/lottomat.com\/ro\/joaca\/superenalotto\/#primaryimage\"},\"thumbnailUrl\":\"https:\/\/lottomat.com\/wp-content\/uploads\/2025\/10\/Italian-lottery-online-300x300.webp\",\"datePublished\":\"2025-03-26T08:35:10+00:00\",\"dateModified\":\"2026-03-01T20:52:23+00:00\",\"description\":\"Joac\u0103 SuperEnalotto online \u0219i c\u00e2\u0219tig\u0103 o avere! Cump\u0103r\u0103 bilete SuperEnalotto la Lottomat \u0219i particip\u0103 la urm\u0103toarea extragere a loteriei italiene.\",\"breadcrumb\":{\"@id\":\"https:\/\/lottomat.com\/ro\/joaca\/superenalotto\/#breadcrumb\"},\"inLanguage\":\"ro-RO\",\"potentialAction\":[{\"@type\":\"ReadAction\",\"target\":[\"https:\/\/lottomat.com\/ro\/joaca\/superenalotto\/\"]}]},{\"@type\":\"ImageObject\",\"inLanguage\":\"ro-RO\",\"@id\":\"https:\/\/lottomat.com\/ro\/joaca\/superenalotto\/#primaryimage\",\"url\":\"https:\/\/lottomat.com\/wp-content\/uploads\/2025\/10\/Italian-lottery-online-300x300.webp\",\"contentUrl\":\"https:\/\/lottomat.com\/wp-content\/uploads\/2025\/10\/Italian-lottery-online-300x300.webp\"},{\"@type\":\"BreadcrumbList\",\"@id\":\"https:\/\/lottomat.com\/ro\/joaca\/superenalotto\/#breadcrumb\",\"itemListElement\":[{\"@type\":\"ListItem\",\"position\":1,\"name\":\"Home\",\"item\":\"https:\/\/lottomat.com\/ro\/\"},{\"@type\":\"ListItem\",\"position\":2,\"name\":\"Joac\u0103 la Loterie\",\"item\":\"https:\/\/lottomat.com\/ro\/joaca\/\"},{\"@type\":\"ListItem\",\"position\":3,\"name\":\"SuperEnalotto online &#8211; Bilete SuperEnalotto\"}]},{\"@type\":\"WebSite\",\"@id\":\"https:\/\/lottomat.com\/ro\/#website\",\"url\":\"https:\/\/lottomat.com\/ro\/\",\"name\":\"Lottomat\",\"description\":\"\",\"potentialAction\":[{\"@type\":\"SearchAction\",\"target\":{\"@type\":\"EntryPoint\",\"urlTemplate\":\"https:\/\/lottomat.com\/ro\/?s={search_term_string}\"},\"query-input\":{\"@type\":\"PropertyValueSpecification\",\"valueRequired\":true,\"valueName\":\"search_term_string\"}}],\"inLanguage\":\"ro-RO\"}]}<\/script>\n<!-- \/ Yoast SEO plugin. -->","yoast_head_json":{"title":"SuperEnalotto Online - Bilete SuperEnalotto - Lottomat","description":"Joac\u0103 SuperEnalotto online \u0219i c\u00e2\u0219tig\u0103 o avere! Cump\u0103r\u0103 bilete SuperEnalotto la Lottomat \u0219i particip\u0103 la urm\u0103toarea extragere a loteriei italiene.","robots":{"index":"index","follow":"follow","max-snippet":"max-snippet:-1","max-image-preview":"max-image-preview:large","max-video-preview":"max-video-preview:-1"},"canonical":"https:\/\/lottomat.com\/ro\/joaca\/superenalotto\/","og_locale":"ro_RO","og_type":"article","og_title":"SuperEnalotto Online - Bilete SuperEnalotto - Lottomat","og_description":"Joac\u0103 SuperEnalotto online \u0219i c\u00e2\u0219tig\u0103 o avere! Cump\u0103r\u0103 bilete SuperEnalotto la Lottomat \u0219i particip\u0103 la urm\u0103toarea extragere a loteriei italiene.","og_url":"https:\/\/lottomat.com\/ro\/joaca\/superenalotto\/","og_site_name":"Lottomat","article_modified_time":"2026-03-01T20:52:23+00:00","og_image":[{"width":400,"height":400,"url":"https:\/\/lottomat.com\/wp-content\/uploads\/2025\/10\/Italian-lottery-online.webp","type":"image\/webp"}],"twitter_card":"summary_large_image","twitter_misc":{"Timp estimat pentru citire":"6 minute"},"schema":{"@context":"https:\/\/schema.org","@graph":[{"@type":"WebPage","@id":"https:\/\/lottomat.com\/ro\/joaca\/superenalotto\/","url":"https:\/\/lottomat.com\/ro\/joaca\/superenalotto\/","name":"SuperEnalotto Online - Bilete SuperEnalotto - Lottomat","isPartOf":{"@id":"https:\/\/lottomat.com\/ro\/#website"},"primaryImageOfPage":{"@id":"https:\/\/lottomat.com\/ro\/joaca\/superenalotto\/#primaryimage"},"image":{"@id":"https:\/\/lottomat.com\/ro\/joaca\/superenalotto\/#primaryimage"},"thumbnailUrl":"https:\/\/lottomat.com\/wp-content\/uploads\/2025\/10\/Italian-lottery-online-300x300.webp","datePublished":"2025-03-26T08:35:10+00:00","dateModified":"2026-03-01T20:52:23+00:00","description":"Joac\u0103 SuperEnalotto online \u0219i c\u00e2\u0219tig\u0103 o avere! Cump\u0103r\u0103 bilete SuperEnalotto la Lottomat \u0219i particip\u0103 la urm\u0103toarea extragere a loteriei italiene.","breadcrumb":{"@id":"https:\/\/lottomat.com\/ro\/joaca\/superenalotto\/#breadcrumb"},"inLanguage":"ro-RO","potentialAction":[{"@type":"ReadAction","target":["https:\/\/lottomat.com\/ro\/joaca\/superenalotto\/"]}]},{"@type":"ImageObject","inLanguage":"ro-RO","@id":"https:\/\/lottomat.com\/ro\/joaca\/superenalotto\/#primaryimage","url":"https:\/\/lottomat.com\/wp-content\/uploads\/2025\/10\/Italian-lottery-online-300x300.webp","contentUrl":"https:\/\/lottomat.com\/wp-content\/uploads\/2025\/10\/Italian-lottery-online-300x300.webp"},{"@type":"BreadcrumbList","@id":"https:\/\/lottomat.com\/ro\/joaca\/superenalotto\/#breadcrumb","itemListElement":[{"@type":"ListItem","position":1,"name":"Home","item":"https:\/\/lottomat.com\/ro\/"},{"@type":"ListItem","position":2,"name":"Joac\u0103 la Loterie","item":"https:\/\/lottomat.com\/ro\/joaca\/"},{"@type":"ListItem","position":3,"name":"SuperEnalotto online &#8211; Bilete SuperEnalotto"}]},{"@type":"WebSite","@id":"https:\/\/lottomat.com\/ro\/#website","url":"https:\/\/lottomat.com\/ro\/","name":"Lottomat","description":"","potentialAction":[{"@type":"SearchAction","target":{"@type":"EntryPoint","urlTemplate":"https:\/\/lottomat.com\/ro\/?s={search_term_string}"},"query-input":{"@type":"PropertyValueSpecification","valueRequired":true,"valueName":"search_term_string"}}],"inLanguage":"ro-RO"}]}},"_links":{"self":[{"href":"https:\/\/lottomat.com\/ro\/wp-json\/wp\/v2\/pages\/9473","targetHints":{"allow":["GET"]}}],"collection":[{"href":"https:\/\/lottomat.com\/ro\/wp-json\/wp\/v2\/pages"}],"about":[{"href":"https:\/\/lottomat.com\/ro\/wp-json\/wp\/v2\/types\/page"}],"author":[{"embeddable":true,"href":"https:\/\/lottomat.com\/ro\/wp-json\/wp\/v2\/users\/1"}],"replies":[{"embeddable":true,"href":"https:\/\/lottomat.com\/ro\/wp-json\/wp\/v2\/comments?post=9473"}],"version-history":[{"count":4,"href":"https:\/\/lottomat.com\/ro\/wp-json\/wp\/v2\/pages\/9473\/revisions"}],"predecessor-version":[{"id":272305,"href":"https:\/\/lottomat.com\/ro\/wp-json\/wp\/v2\/pages\/9473\/revisions\/272305"}],"up":[{"embeddable":true,"href":"https:\/\/lottomat.com\/ro\/wp-json\/wp\/v2\/pages\/6792"}],"wp:attachment":[{"href":"https:\/\/lottomat.com\/ro\/wp-json\/wp\/v2\/media?parent=9473"}],"curies":[{"name":"wp","href":"https:\/\/api.w.org\/{rel}","templated":true}]}}