{"id":8670,"date":"2025-03-26T07:54:05","date_gmt":"2025-03-26T07:54:05","guid":{"rendered":"https:\/\/lottomat.net\/joaca-la-loto\/joaca-mega-millions-online\/"},"modified":"2026-03-01T19:19:27","modified_gmt":"2026-03-01T19:19:27","slug":"mega-millions","status":"publish","type":"page","link":"https:\/\/lottomat.com\/ro\/joaca\/mega-millions\/","title":{"rendered":"Joac\u0103 Mega Millions online \u2013 Bilete Mega Millions"},"content":{"rendered":"\n\n<div class=\"kk-star-ratings kksr-auto kksr-align-left kksr-valign-top\"\n    data-payload='{&quot;align&quot;:&quot;left&quot;,&quot;id&quot;:&quot;8670&quot;,&quot;slug&quot;:&quot;default&quot;,&quot;valign&quot;:&quot;top&quot;,&quot;ignore&quot;:&quot;&quot;,&quot;reference&quot;:&quot;auto&quot;,&quot;class&quot;:&quot;&quot;,&quot;count&quot;:&quot;0&quot;,&quot;legendonly&quot;:&quot;&quot;,&quot;readonly&quot;:&quot;&quot;,&quot;score&quot;:&quot;0&quot;,&quot;starsonly&quot;:&quot;&quot;,&quot;best&quot;:&quot;5&quot;,&quot;gap&quot;:&quot;5&quot;,&quot;greet&quot;:&quot;Rate this page&quot;,&quot;legend&quot;:&quot;0\\\/5 - (0 votes)&quot;,&quot;size&quot;:&quot;30&quot;,&quot;title&quot;:&quot;Joac\u0103 Mega Millions online \u2013 Bilete Mega Millions&quot;,&quot;width&quot;:&quot;0&quot;,&quot;_legend&quot;:&quot;{score}\\\/{best} - ({count} {votes})&quot;,&quot;font_factor&quot;:&quot;1.25&quot;}'>\n            \n<div class=\"kksr-stars\">\n    \n<div class=\"kksr-stars-inactive\">\n            <div class=\"kksr-star\" data-star=\"1\" style=\"padding-right: 5px\">\n            \n\n<div class=\"kksr-icon\" style=\"width: 30px; height: 30px;\"><\/div>\n        <\/div>\n            <div class=\"kksr-star\" data-star=\"2\" style=\"padding-right: 5px\">\n            \n\n<div class=\"kksr-icon\" style=\"width: 30px; height: 30px;\"><\/div>\n        <\/div>\n            <div class=\"kksr-star\" data-star=\"3\" style=\"padding-right: 5px\">\n            \n\n<div class=\"kksr-icon\" style=\"width: 30px; height: 30px;\"><\/div>\n        <\/div>\n            <div class=\"kksr-star\" data-star=\"4\" style=\"padding-right: 5px\">\n            \n\n<div class=\"kksr-icon\" style=\"width: 30px; height: 30px;\"><\/div>\n        <\/div>\n            <div class=\"kksr-star\" data-star=\"5\" style=\"padding-right: 5px\">\n            \n\n<div class=\"kksr-icon\" style=\"width: 30px; height: 30px;\"><\/div>\n        <\/div>\n    <\/div>\n    \n<div class=\"kksr-stars-active\" style=\"width: 0px;\">\n            <div class=\"kksr-star\" style=\"padding-right: 5px\">\n            \n\n<div class=\"kksr-icon\" style=\"width: 30px; height: 30px;\"><\/div>\n        <\/div>\n            <div class=\"kksr-star\" style=\"padding-right: 5px\">\n            \n\n<div class=\"kksr-icon\" style=\"width: 30px; height: 30px;\"><\/div>\n        <\/div>\n            <div class=\"kksr-star\" style=\"padding-right: 5px\">\n            \n\n<div class=\"kksr-icon\" style=\"width: 30px; height: 30px;\"><\/div>\n        <\/div>\n            <div class=\"kksr-star\" style=\"padding-right: 5px\">\n            \n\n<div class=\"kksr-icon\" style=\"width: 30px; height: 30px;\"><\/div>\n        <\/div>\n            <div class=\"kksr-star\" style=\"padding-right: 5px\">\n            \n\n<div class=\"kksr-icon\" style=\"width: 30px; height: 30px;\"><\/div>\n        <\/div>\n    <\/div>\n<\/div>\n                \n\n<div class=\"kksr-legend\" style=\"font-size: 24px;\">\n            <span class=\"kksr-muted\">Rate this page<\/span>\n    <\/div>\n    <\/div>\n<h2>Cum Func\u021bioneaz\u0103 Loteria Mega Millions?<\/h2>\n<p>Loteria online Mega Millions este un joc de numere simplu, cu reguli u\u0219or de re\u021binut. Sarcina fiec\u0103rui juc\u0103tor este s\u0103 selecteze cinci numere principale din intervalul 1 p\u00e2n\u0103 la 70 \u0219i s\u0103 aleag\u0103 Mega Ball, care este un num\u0103r bonus unic din intervalul 1 p\u00e2n\u0103 la 24. Premiul principal este destinat c\u00e2\u0219tig\u0103torului al c\u0103rui bilet con\u021bine toate cele \u0219ase numere extrase, adic\u0103 cinci numere principale \u0219i un num\u0103r bonus. Merit\u0103 men\u021bionat c\u0103 <strong>Mega Millions este o loterie care are nu mai pu\u021bin de nou\u0103 categorii de premii<\/strong>, prin care fiecare juc\u0103tor poate primi o recompens\u0103 financiar\u0103. Mai mult, un bilet Mega Millions care are doar Mega Ball ales corect c\u00e2\u0219tig\u0103, de asemenea. A\u0219a cum am descris mai sus, Mega Millions este o loterie care ofer\u0103 \u0219anse reale de a c\u00e2\u0219tiga milioane de dolari. Cite\u0219te <a href=\"https:\/\/lottomat.com\/ro\/informatie\/mega-millions\/\">mai multe despre regulile Mega Millions<\/a> pe site-ul nostru \u0219i afl\u0103 detalii.<\/p>\n<h2><img loading=\"lazy\" decoding=\"async\" class=\"alignleft wp-image-251833\" src=\"https:\/\/lottomat.com\/wp-content\/uploads\/2025\/10\/play-Mega-Millions.webp\" alt=\"joac\u0103 Mega Millions\" width=\"200\" height=\"200\" srcset=\"https:\/\/lottomat.com\/wp-content\/uploads\/2025\/10\/play-Mega-Millions.webp 400w, https:\/\/lottomat.com\/wp-content\/uploads\/2025\/10\/play-Mega-Millions-300x300.webp 300w, https:\/\/lottomat.com\/wp-content\/uploads\/2025\/10\/play-Mega-Millions-150x150.webp 150w, https:\/\/lottomat.com\/wp-content\/uploads\/2025\/10\/play-Mega-Millions-100x100.webp 100w\" sizes=\"auto, (max-width: 200px) 100vw, 200px\" \/>C\u00e2t Po\u021bi C\u00e2\u0219tiga Datorit\u0103 Mega Millions Online?<\/h2>\n<p>Alegerea corect\u0103 a tuturor numerelor extrase garanteaz\u0103 c\u00e2\u0219tigarea premiului principal sau \u00eemp\u0103r\u021birea acestuia dac\u0103 exist\u0103 mai mul\u021bi c\u00e2\u0219tig\u0103tori. Dac\u0103 mai mul\u021bi juc\u0103tori aleg toate numerele extrase, premiul principal se \u00eemparte propor\u021bional \u00eentre to\u021bi participan\u021bii. Dac\u0103 nimere\u0219ti cinci numere principale, dar nu nimere\u0219ti Mega Ball, prime\u0219ti un <strong>premiu garantat de 1.000.000 $<\/strong> (da, nu \u021bi se pare; vorbim despre un milion de dolari pentru cinci numere ghicite corect!). Mega Millions este o loterie cu jackpoturi frecvente, care pot cre\u0219te la sume incredibile, astfel \u00eenc\u00e2t biletele c\u00e2\u0219tig\u0103toare aduc c\u00e2\u0219tiguri considerabile.<\/p>\n<p>Mega Millions ofer\u0103 juc\u0103torilor dou\u0103 op\u021biuni interesante. Din p\u0103cate, aceste op\u021biuni suplimentare, inclusiv posibilitatea de a cump\u0103ra un bilet mai ieftin doar pentru jackpot sau de a multiplica c\u00e2\u0219tigurile din categoriile inferioare, sunt disponibile doar cet\u0103\u021benilor anumitor state americane; \u00eens\u0103 premiul principal \u0219i celelalte categorii sunt disponibile pentru to\u021bi ceilal\u021bi juc\u0103tori.<\/p>\n<h2>Care Este Pre\u021bul unui Bilet Loterie Mega Millions Online?<\/h2>\n<p>Pentru a verifica costul unui singur bilet sau al unei cantit\u0103\u021bi mai mari, folose\u0219te site-ul Lottomat \u0219i op\u021biunea de a selecta numerele c\u00e2\u0219tig\u0103toare. Dup\u0103 completarea biletului, pre\u021bul s\u0103u va fi afi\u0219at sub bilete. <strong>Calculatorul va calcula automat valoarea pl\u0103\u021bii<\/strong> \u00een func\u021bie de num\u0103rul de bilete Mega Millions selectate. Pre\u021bul unui bilet include costul biletului, precum \u0219i toate taxele de comision aplicabile, \u0219i este final. Nu trebuie s\u0103 \u00ee\u021bi faci griji pentru altceva; a\u0219teapt\u0103 doar <a href=\"https:\/\/lottomat.com\/ro\/rezultate\/mega-millions\/\">rezultatele actuale ale extragerii Mega Millions<\/a>.<\/p>\n<h2>Cum s\u0103 Cumperi un Bilet Mega Millions Online?<img loading=\"lazy\" decoding=\"async\" class=\"alignright wp-image-251863\" src=\"https:\/\/lottomat.com\/wp-content\/uploads\/2025\/10\/Mega-Millions-tickets.webp\" alt=\"bilete Mega Millions\" width=\"200\" height=\"200\" srcset=\"https:\/\/lottomat.com\/wp-content\/uploads\/2025\/10\/Mega-Millions-tickets.webp 400w, https:\/\/lottomat.com\/wp-content\/uploads\/2025\/10\/Mega-Millions-tickets-300x300.webp 300w, https:\/\/lottomat.com\/wp-content\/uploads\/2025\/10\/Mega-Millions-tickets-150x150.webp 150w, https:\/\/lottomat.com\/wp-content\/uploads\/2025\/10\/Mega-Millions-tickets-100x100.webp 100w\" sizes=\"auto, (max-width: 200px) 100vw, 200px\" \/><\/h2>\n<p>La extragerile premiilor Mega Millions, nu este obligatoriu s\u0103 locuie\u0219ti \u00een Statele Unite, dar <strong>singura op\u021biune este s\u0103 cumperi un bilet Mega Millions online<\/strong>. Birourile fizice de loterie sunt disponibile doar \u00een SUA. Tot ce trebuie s\u0103 faci este s\u0103 completezi un bilet pe site-ul Lottomat \u0219i apoi s\u0103 \u00eel pl\u0103te\u0219ti (exist\u0103 mai multe metode de plat\u0103 disponibile). Milioane de dolari sunt la \u00eendem\u00e2na ta, f\u0103r\u0103 s\u0103 p\u0103r\u0103se\u0219ti casa, 24 de ore din 24, 7 zile pe s\u0103pt\u0103m\u00e2n\u0103. \u00cen zilele noastre, po\u021bi juca loteria Mega Millions online din confortul scaunului t\u0103u. Loteriile online sunt baza principal\u0103 a acestei afaceri \u00een prezent.<\/p>\n<h3>Programul Extragerilor \u0219i Rezultate<\/h3>\n<p>Biletul t\u0103u va participa la loteria american\u0103, iar dac\u0103 vei c\u00e2\u0219tiga, premiul va fi trimis integral sau \u00een rate, \u00een func\u021bie de op\u021biunea aleas\u0103. <strong>Extragerile au loc miercurea \u0219i s\u00e2mb\u0103ta<\/strong>, iar <a href=\"https:\/\/lottomat.com\/ro\/rezultate\/\">rezultatele actuale ale extragerilor<\/a> pot fi consultate pe site-ul Lottomat. Intr\u0103 \u00een op\u021biunea Joac\u0103 \u0219i vezi c\u00e2t de u\u0219or este s\u0103 cumperi un bilet de loterie online. Tot ce \u00ee\u021bi trebuie pentru a c\u00e2\u0219tiga este norocul!<\/p>\n<h2>Cum s\u0103 Joci Loteria Mega Millions Online?<\/h2>\n<p>Datorit\u0103 site-ului nostru, nu trebuie s\u0103 mergi \u00een SUA pentru a cump\u0103ra un bilet Mega Millions. Tot ce trebuie s\u0103 faci este s\u0103 selectezi cinci numere principale din intervalul 1 p\u00e2n\u0103 la 70 \u0219i un num\u0103r suplimentar Mega Ball din intervalul 1 p\u00e2n\u0103 la 24. Po\u021bi folosi \u0219i op\u021biunea aleatorie, unde numerele sunt selectate la \u00eent\u00e2mplare. Pentru a c\u00e2\u0219tiga premiul principal, trebuie s\u0103 ghice\u0219ti corect toate numerele extrase. Cu c\u00e2t nimere\u0219ti mai pu\u021bine numere, cu at\u00e2t c\u00e2\u0219tigurile vor fi mai mici. <strong>Selecteaz\u0103 cinci numere principale din intervalul 1 p\u00e2n\u0103 la 70 \u0219i un num\u0103r unic numit Mega Ball din 1 p\u00e2n\u0103 la 24.<\/strong> Alege-\u021bi numerele \u0219i joac\u0103 pentru milioane chiar ast\u0103zi!<\/p>\n<h2><img loading=\"lazy\" decoding=\"async\" class=\"alignleft wp-image-251893\" src=\"https:\/\/lottomat.com\/wp-content\/uploads\/2025\/10\/buy-Mega-Millions-tickets.webp\" alt=\"cump\u0103r\u0103 bilete Mega Millions\" width=\"200\" height=\"200\" srcset=\"https:\/\/lottomat.com\/wp-content\/uploads\/2025\/10\/buy-Mega-Millions-tickets.webp 400w, https:\/\/lottomat.com\/wp-content\/uploads\/2025\/10\/buy-Mega-Millions-tickets-300x300.webp 300w, https:\/\/lottomat.com\/wp-content\/uploads\/2025\/10\/buy-Mega-Millions-tickets-150x150.webp 150w, https:\/\/lottomat.com\/wp-content\/uploads\/2025\/10\/buy-Mega-Millions-tickets-100x100.webp 100w\" sizes=\"auto, (max-width: 200px) 100vw, 200px\" \/>Care Sunt Cele Mai Bune Sfaturi pentru a Juca Mega Millions Online \u0219i a C\u00e2\u0219tiga?<\/h2>\n<p>A juca inteligent este cheia pentru a-\u021bi maximiza experien\u021ba la loterie, gestion\u00e2ndu-\u021bi \u00een acela\u0219i timp bugetul eficient. Iat\u0103 c\u00e2teva strategii dovedite care \u00ee\u021bi pot cre\u0219te \u0219ansele de c\u00e2\u0219tig.<\/p>\n<h3>Strategia Jocului \u00een Grup<\/h3>\n<p>Ce se poate face pentru a evita s\u0103 cheltui o avere pe joc \u0219i totu\u0219i s\u0103 participi la loterie cu un num\u0103r semnificativ de bilete? Este simplu \u2013 <strong>joac\u0103 doar c\u00e2nd exist\u0103 rollover \u0219i invit\u0103-\u021bi prietenii sau familia s\u0103 participe<\/strong>. Este cea mai bun\u0103 modalitate de a c\u00e2\u0219tiga, \u00eemp\u0103r\u021bind costul biletelor Mega Millions \u00eentre participan\u021bii din familie. Aminte\u0219te-\u021bi c\u0103 \u0219ansele de a c\u00e2\u0219tiga cresc odat\u0103 cu num\u0103rul de bilete cump\u0103rate.<\/p>\n<h3>Metode de Alegere a Numerelor<\/h3>\n<p>Modul \u00een care alegi numerele depinde doar de tine. Po\u021bi folosi op\u021biunea aleatorie pentru a completa biletul Mega Millions cu numere la \u00eent\u00e2mplare sau \u00ee\u021bi po\u021bi folosi numerele norocoase. Dac\u0103 vrei \u2013 po\u021bi consulta \u0219i rezultatele extragerilor anterioare pentru a identifica cele mai frecvent \u0219i cel mai rar extrase numere la Mega Millions \u0219i a-\u021bi dezvolta propria strategie de joc. <a href=\"https:\/\/lottomat.com\/ro\/joaca\/\">Cump\u0103r\u0103 un bilet de loterie<\/a> \u0219i \u00ee\u021bi dorim mult noroc!<\/p>\n<h2>Po\u021bi Cump\u0103ra Mai Multe Bilete Mega Millions Online?<\/h2>\n<p>Da, profit\u0103 de op\u021biunea <strong>&#8222;Mai multe linii&#8221; \u0219i selecteaz\u0103 c\u00e2te linii dore\u0219ti<\/strong>. Aceast\u0103 func\u021bie \u00ee\u021bi permite s\u0103 \u00ee\u021bi cre\u0219ti \u0219ansele de c\u00e2\u0219tig prin achizi\u021bionarea mai multor bilete \u00eentr-o singur\u0103 tranzac\u021bie. Cu c\u00e2t joci mai multe linii, cu at\u00e2t \u0219ansele de a prinde combina\u021bia c\u00e2\u0219tig\u0103toare sunt mai mari.<\/p>\n<h2>Po\u021bi Cump\u0103ra Bilete Mega Millions Online pentru Mai Multe Extrageri?<img loading=\"lazy\" decoding=\"async\" class=\"alignright wp-image-251923\" src=\"https:\/\/lottomat.com\/wp-content\/uploads\/2025\/10\/Mega-Millions-online.webp\" alt=\"Mega Millions online\" width=\"200\" height=\"200\" srcset=\"https:\/\/lottomat.com\/wp-content\/uploads\/2025\/10\/Mega-Millions-online.webp 400w, https:\/\/lottomat.com\/wp-content\/uploads\/2025\/10\/Mega-Millions-online-300x300.webp 300w, https:\/\/lottomat.com\/wp-content\/uploads\/2025\/10\/Mega-Millions-online-150x150.webp 150w, https:\/\/lottomat.com\/wp-content\/uploads\/2025\/10\/Mega-Millions-online-100x100.webp 100w\" sizes=\"auto, (max-width: 200px) 100vw, 200px\" \/><\/h2>\n<p>Da, pe Lottomat po\u021bi <strong>cump\u0103ra bilete pentru p\u00e2n\u0103 la 8 extrageri \u00een avans<\/strong>. Aceast\u0103 func\u021bie convenabil\u0103 \u00eenseamn\u0103 c\u0103 nu trebuie s\u0103 \u00ee\u021bi aminte\u0219ti s\u0103 cumperi bilete pentru fiecare extragere individual\u0103. \u00ce\u021bi po\u021bi seta numerele o dat\u0103 \u0219i le la\u0219i s\u0103 ruleze automat pentru extragerile consecutive. Aceast\u0103 op\u021biune de cump\u0103rare \u00een avans este perfect\u0103 pentru juc\u0103torii care au numere preferate \u0219i vor s\u0103 se asigure c\u0103 nu rateaz\u0103 nicio extragere.<\/p>\n<h2>Este Sigur s\u0103 Joci Mega Millions Online?<\/h2>\n<p>A juca pe site-ul Lottomat este <strong>complet sigur \u0219i securizat<\/strong>. Scan\u0103m toate biletele \u0219i avem mare grij\u0103 de clien\u021bii no\u0219tri, asigur\u00e2ndu-ne c\u0103 informa\u021biile tale personale \u0219i financiare sunt protejate cu cele mai \u00eenalte standarde de securitate. Platforma noastr\u0103 folose\u0219te tehnologie avansat\u0103 de criptare pentru a proteja toate tranzac\u021biile \u0219i achizi\u021biile de bilete. Totu\u0219i, este important s\u0103 \u00ee\u021bi aminte\u0219ti c\u0103 <strong>a juca Mega Millions trebuie tratat ca divertisment \u0219i distrac\u021bie<\/strong>. Nu ar trebui niciodat\u0103 s\u0103 ri\u0219ti bani pe care nu \u00ee\u021bi permi\u021bi s\u0103 \u00eei pierzi. Joac\u0103 mereu responsabil \u0219i \u00een limitele tale, trat\u00e2nd biletele de loterie ca pe o form\u0103 de divertisment, nu ca pe o strategie de investi\u021bie.<\/p>\n","protected":false},"excerpt":{"rendered":"<p>Cum Func\u021bioneaz\u0103 Loteria Mega Millions? Loteria online Mega Millions este un joc de numere simplu, cu reguli u\u0219or de re\u021binut. Sarcina fiec\u0103rui juc\u0103tor este s\u0103 selecteze cinci numere principale din intervalul 1 p\u00e2n\u0103 la 70 \u0219i s\u0103 aleag\u0103 Mega Ball, care este un num\u0103r bonus unic din intervalul 1 p\u00e2n\u0103 la 24. Premiul principal este [&hellip;]<\/p>\n","protected":false},"author":1,"featured_media":0,"parent":6792,"menu_order":2,"comment_status":"closed","ping_status":"closed","template":"megamillion.php","meta":{"_et_pb_use_builder":"","_et_pb_old_content":"","_et_gb_content_width":"","exclude_from_search":false,"footnotes":""},"class_list":["post-8670","page","type-page","status-publish","hentry"],"yoast_head":"<!-- This site is optimized with the Yoast SEO plugin v23.8 - https:\/\/yoast.com\/wordpress\/plugins\/seo\/ -->\n<title>Bilete Loterie Mega Millions - Joac\u0103 Mega Millions online - Lottomat<\/title>\n<meta name=\"description\" content=\"Joac\u0103 Mega Millions online pe Lottomat \u0219i c\u00e2\u0219tig\u0103! Cump\u0103r\u0103 bilete online azi, al\u0103tur\u0103-te distrac\u021biei \u0219i love\u0219te jackpotul!\" \/>\n<meta name=\"robots\" content=\"index, follow, max-snippet:-1, max-image-preview:large, max-video-preview:-1\" \/>\n<link rel=\"canonical\" href=\"https:\/\/lottomat.com\/ro\/joaca\/mega-millions\/\" \/>\n<meta property=\"og:locale\" content=\"ro_RO\" \/>\n<meta property=\"og:type\" content=\"article\" \/>\n<meta property=\"og:title\" content=\"Bilete Loterie Mega Millions - Joac\u0103 Mega Millions online - Lottomat\" \/>\n<meta property=\"og:description\" content=\"Joac\u0103 Mega Millions online pe Lottomat \u0219i c\u00e2\u0219tig\u0103! Cump\u0103r\u0103 bilete online azi, al\u0103tur\u0103-te distrac\u021biei \u0219i love\u0219te jackpotul!\" \/>\n<meta property=\"og:url\" content=\"https:\/\/lottomat.com\/ro\/joaca\/mega-millions\/\" \/>\n<meta property=\"og:site_name\" content=\"Lottomat\" \/>\n<meta property=\"article:modified_time\" content=\"2026-03-01T19:19:27+00:00\" \/>\n<meta property=\"og:image\" content=\"https:\/\/lottomat.com\/wp-content\/uploads\/2025\/10\/play-Mega-Millions.webp\" \/>\n\t<meta property=\"og:image:width\" content=\"400\" \/>\n\t<meta property=\"og:image:height\" content=\"400\" \/>\n\t<meta property=\"og:image:type\" content=\"image\/webp\" \/>\n<meta name=\"twitter:card\" content=\"summary_large_image\" \/>\n<meta name=\"twitter:label1\" content=\"Timp estimat pentru citire\" \/>\n\t<meta name=\"twitter:data1\" content=\"6 minute\" \/>\n<script type=\"application\/ld+json\" class=\"yoast-schema-graph\">{\"@context\":\"https:\/\/schema.org\",\"@graph\":[{\"@type\":\"WebPage\",\"@id\":\"https:\/\/lottomat.com\/ro\/joaca\/mega-millions\/\",\"url\":\"https:\/\/lottomat.com\/ro\/joaca\/mega-millions\/\",\"name\":\"Bilete Loterie Mega Millions - Joac\u0103 Mega Millions online - Lottomat\",\"isPartOf\":{\"@id\":\"https:\/\/lottomat.com\/ro\/#website\"},\"primaryImageOfPage\":{\"@id\":\"https:\/\/lottomat.com\/ro\/joaca\/mega-millions\/#primaryimage\"},\"image\":{\"@id\":\"https:\/\/lottomat.com\/ro\/joaca\/mega-millions\/#primaryimage\"},\"thumbnailUrl\":\"https:\/\/lottomat.com\/wp-content\/uploads\/2025\/10\/play-Mega-Millions.webp\",\"datePublished\":\"2025-03-26T07:54:05+00:00\",\"dateModified\":\"2026-03-01T19:19:27+00:00\",\"description\":\"Joac\u0103 Mega Millions online pe Lottomat \u0219i c\u00e2\u0219tig\u0103! Cump\u0103r\u0103 bilete online azi, al\u0103tur\u0103-te distrac\u021biei \u0219i love\u0219te jackpotul!\",\"breadcrumb\":{\"@id\":\"https:\/\/lottomat.com\/ro\/joaca\/mega-millions\/#breadcrumb\"},\"inLanguage\":\"ro-RO\",\"potentialAction\":[{\"@type\":\"ReadAction\",\"target\":[\"https:\/\/lottomat.com\/ro\/joaca\/mega-millions\/\"]}]},{\"@type\":\"ImageObject\",\"inLanguage\":\"ro-RO\",\"@id\":\"https:\/\/lottomat.com\/ro\/joaca\/mega-millions\/#primaryimage\",\"url\":\"https:\/\/lottomat.com\/wp-content\/uploads\/2025\/10\/play-Mega-Millions.webp\",\"contentUrl\":\"https:\/\/lottomat.com\/wp-content\/uploads\/2025\/10\/play-Mega-Millions.webp\"},{\"@type\":\"BreadcrumbList\",\"@id\":\"https:\/\/lottomat.com\/ro\/joaca\/mega-millions\/#breadcrumb\",\"itemListElement\":[{\"@type\":\"ListItem\",\"position\":1,\"name\":\"Home\",\"item\":\"https:\/\/lottomat.com\/ro\/\"},{\"@type\":\"ListItem\",\"position\":2,\"name\":\"Joac\u0103 la Loterie\",\"item\":\"https:\/\/lottomat.com\/ro\/joaca\/\"},{\"@type\":\"ListItem\",\"position\":3,\"name\":\"Joac\u0103 Mega Millions online \u2013 Bilete Mega Millions\"}]},{\"@type\":\"WebSite\",\"@id\":\"https:\/\/lottomat.com\/ro\/#website\",\"url\":\"https:\/\/lottomat.com\/ro\/\",\"name\":\"Lottomat\",\"description\":\"\",\"potentialAction\":[{\"@type\":\"SearchAction\",\"target\":{\"@type\":\"EntryPoint\",\"urlTemplate\":\"https:\/\/lottomat.com\/ro\/?s={search_term_string}\"},\"query-input\":{\"@type\":\"PropertyValueSpecification\",\"valueRequired\":true,\"valueName\":\"search_term_string\"}}],\"inLanguage\":\"ro-RO\"}]}<\/script>\n<!-- \/ Yoast SEO plugin. -->","yoast_head_json":{"title":"Bilete Loterie Mega Millions - Joac\u0103 Mega Millions online - Lottomat","description":"Joac\u0103 Mega Millions online pe Lottomat \u0219i c\u00e2\u0219tig\u0103! Cump\u0103r\u0103 bilete online azi, al\u0103tur\u0103-te distrac\u021biei \u0219i love\u0219te jackpotul!","robots":{"index":"index","follow":"follow","max-snippet":"max-snippet:-1","max-image-preview":"max-image-preview:large","max-video-preview":"max-video-preview:-1"},"canonical":"https:\/\/lottomat.com\/ro\/joaca\/mega-millions\/","og_locale":"ro_RO","og_type":"article","og_title":"Bilete Loterie Mega Millions - Joac\u0103 Mega Millions online - Lottomat","og_description":"Joac\u0103 Mega Millions online pe Lottomat \u0219i c\u00e2\u0219tig\u0103! Cump\u0103r\u0103 bilete online azi, al\u0103tur\u0103-te distrac\u021biei \u0219i love\u0219te jackpotul!","og_url":"https:\/\/lottomat.com\/ro\/joaca\/mega-millions\/","og_site_name":"Lottomat","article_modified_time":"2026-03-01T19:19:27+00:00","og_image":[{"width":400,"height":400,"url":"https:\/\/lottomat.com\/wp-content\/uploads\/2025\/10\/play-Mega-Millions.webp","type":"image\/webp"}],"twitter_card":"summary_large_image","twitter_misc":{"Timp estimat pentru citire":"6 minute"},"schema":{"@context":"https:\/\/schema.org","@graph":[{"@type":"WebPage","@id":"https:\/\/lottomat.com\/ro\/joaca\/mega-millions\/","url":"https:\/\/lottomat.com\/ro\/joaca\/mega-millions\/","name":"Bilete Loterie Mega Millions - Joac\u0103 Mega Millions online - Lottomat","isPartOf":{"@id":"https:\/\/lottomat.com\/ro\/#website"},"primaryImageOfPage":{"@id":"https:\/\/lottomat.com\/ro\/joaca\/mega-millions\/#primaryimage"},"image":{"@id":"https:\/\/lottomat.com\/ro\/joaca\/mega-millions\/#primaryimage"},"thumbnailUrl":"https:\/\/lottomat.com\/wp-content\/uploads\/2025\/10\/play-Mega-Millions.webp","datePublished":"2025-03-26T07:54:05+00:00","dateModified":"2026-03-01T19:19:27+00:00","description":"Joac\u0103 Mega Millions online pe Lottomat \u0219i c\u00e2\u0219tig\u0103! Cump\u0103r\u0103 bilete online azi, al\u0103tur\u0103-te distrac\u021biei \u0219i love\u0219te jackpotul!","breadcrumb":{"@id":"https:\/\/lottomat.com\/ro\/joaca\/mega-millions\/#breadcrumb"},"inLanguage":"ro-RO","potentialAction":[{"@type":"ReadAction","target":["https:\/\/lottomat.com\/ro\/joaca\/mega-millions\/"]}]},{"@type":"ImageObject","inLanguage":"ro-RO","@id":"https:\/\/lottomat.com\/ro\/joaca\/mega-millions\/#primaryimage","url":"https:\/\/lottomat.com\/wp-content\/uploads\/2025\/10\/play-Mega-Millions.webp","contentUrl":"https:\/\/lottomat.com\/wp-content\/uploads\/2025\/10\/play-Mega-Millions.webp"},{"@type":"BreadcrumbList","@id":"https:\/\/lottomat.com\/ro\/joaca\/mega-millions\/#breadcrumb","itemListElement":[{"@type":"ListItem","position":1,"name":"Home","item":"https:\/\/lottomat.com\/ro\/"},{"@type":"ListItem","position":2,"name":"Joac\u0103 la Loterie","item":"https:\/\/lottomat.com\/ro\/joaca\/"},{"@type":"ListItem","position":3,"name":"Joac\u0103 Mega Millions online \u2013 Bilete Mega Millions"}]},{"@type":"WebSite","@id":"https:\/\/lottomat.com\/ro\/#website","url":"https:\/\/lottomat.com\/ro\/","name":"Lottomat","description":"","potentialAction":[{"@type":"SearchAction","target":{"@type":"EntryPoint","urlTemplate":"https:\/\/lottomat.com\/ro\/?s={search_term_string}"},"query-input":{"@type":"PropertyValueSpecification","valueRequired":true,"valueName":"search_term_string"}}],"inLanguage":"ro-RO"}]}},"_links":{"self":[{"href":"https:\/\/lottomat.com\/ro\/wp-json\/wp\/v2\/pages\/8670","targetHints":{"allow":["GET"]}}],"collection":[{"href":"https:\/\/lottomat.com\/ro\/wp-json\/wp\/v2\/pages"}],"about":[{"href":"https:\/\/lottomat.com\/ro\/wp-json\/wp\/v2\/types\/page"}],"author":[{"embeddable":true,"href":"https:\/\/lottomat.com\/ro\/wp-json\/wp\/v2\/users\/1"}],"replies":[{"embeddable":true,"href":"https:\/\/lottomat.com\/ro\/wp-json\/wp\/v2\/comments?post=8670"}],"version-history":[{"count":5,"href":"https:\/\/lottomat.com\/ro\/wp-json\/wp\/v2\/pages\/8670\/revisions"}],"predecessor-version":[{"id":272269,"href":"https:\/\/lottomat.com\/ro\/wp-json\/wp\/v2\/pages\/8670\/revisions\/272269"}],"up":[{"embeddable":true,"href":"https:\/\/lottomat.com\/ro\/wp-json\/wp\/v2\/pages\/6792"}],"wp:attachment":[{"href":"https:\/\/lottomat.com\/ro\/wp-json\/wp\/v2\/media?parent=8670"}],"curies":[{"name":"wp","href":"https:\/\/api.w.org\/{rel}","templated":true}]}}