{"id":8441,"date":"2025-03-26T07:52:23","date_gmt":"2025-03-26T07:52:23","guid":{"rendered":"https:\/\/lottomat.net\/joaca-la-loto\/joaca-powerball-online\/"},"modified":"2026-03-01T18:34:22","modified_gmt":"2026-03-01T18:34:22","slug":"powerball","status":"publish","type":"page","link":"https:\/\/lottomat.com\/ro\/joaca\/powerball\/","title":{"rendered":"Joac\u0103 Powerball Online &#8211; Bilete Powerball"},"content":{"rendered":"\n\n<div class=\"kk-star-ratings kksr-auto kksr-align-left kksr-valign-top\"\n    data-payload='{&quot;align&quot;:&quot;left&quot;,&quot;id&quot;:&quot;8441&quot;,&quot;slug&quot;:&quot;default&quot;,&quot;valign&quot;:&quot;top&quot;,&quot;ignore&quot;:&quot;&quot;,&quot;reference&quot;:&quot;auto&quot;,&quot;class&quot;:&quot;&quot;,&quot;count&quot;:&quot;0&quot;,&quot;legendonly&quot;:&quot;&quot;,&quot;readonly&quot;:&quot;&quot;,&quot;score&quot;:&quot;0&quot;,&quot;starsonly&quot;:&quot;&quot;,&quot;best&quot;:&quot;5&quot;,&quot;gap&quot;:&quot;5&quot;,&quot;greet&quot;:&quot;Rate this page&quot;,&quot;legend&quot;:&quot;0\\\/5 - (0 votes)&quot;,&quot;size&quot;:&quot;30&quot;,&quot;title&quot;:&quot;Joac\u0103 Powerball Online - Bilete Powerball&quot;,&quot;width&quot;:&quot;0&quot;,&quot;_legend&quot;:&quot;{score}\\\/{best} - ({count} {votes})&quot;,&quot;font_factor&quot;:&quot;1.25&quot;}'>\n            \n<div class=\"kksr-stars\">\n    \n<div class=\"kksr-stars-inactive\">\n            <div class=\"kksr-star\" data-star=\"1\" style=\"padding-right: 5px\">\n            \n\n<div class=\"kksr-icon\" style=\"width: 30px; height: 30px;\"><\/div>\n        <\/div>\n            <div class=\"kksr-star\" data-star=\"2\" style=\"padding-right: 5px\">\n            \n\n<div class=\"kksr-icon\" style=\"width: 30px; height: 30px;\"><\/div>\n        <\/div>\n            <div class=\"kksr-star\" data-star=\"3\" style=\"padding-right: 5px\">\n            \n\n<div class=\"kksr-icon\" style=\"width: 30px; height: 30px;\"><\/div>\n        <\/div>\n            <div class=\"kksr-star\" data-star=\"4\" style=\"padding-right: 5px\">\n            \n\n<div class=\"kksr-icon\" style=\"width: 30px; height: 30px;\"><\/div>\n        <\/div>\n            <div class=\"kksr-star\" data-star=\"5\" style=\"padding-right: 5px\">\n            \n\n<div class=\"kksr-icon\" style=\"width: 30px; height: 30px;\"><\/div>\n        <\/div>\n    <\/div>\n    \n<div class=\"kksr-stars-active\" style=\"width: 0px;\">\n            <div class=\"kksr-star\" style=\"padding-right: 5px\">\n            \n\n<div class=\"kksr-icon\" style=\"width: 30px; height: 30px;\"><\/div>\n        <\/div>\n            <div class=\"kksr-star\" style=\"padding-right: 5px\">\n            \n\n<div class=\"kksr-icon\" style=\"width: 30px; height: 30px;\"><\/div>\n        <\/div>\n            <div class=\"kksr-star\" style=\"padding-right: 5px\">\n            \n\n<div class=\"kksr-icon\" style=\"width: 30px; height: 30px;\"><\/div>\n        <\/div>\n            <div class=\"kksr-star\" style=\"padding-right: 5px\">\n            \n\n<div class=\"kksr-icon\" style=\"width: 30px; height: 30px;\"><\/div>\n        <\/div>\n            <div class=\"kksr-star\" style=\"padding-right: 5px\">\n            \n\n<div class=\"kksr-icon\" style=\"width: 30px; height: 30px;\"><\/div>\n        <\/div>\n    <\/div>\n<\/div>\n                \n\n<div class=\"kksr-legend\" style=\"font-size: 24px;\">\n            <span class=\"kksr-muted\">Rate this page<\/span>\n    <\/div>\n    <\/div>\n<h2><img loading=\"lazy\" decoding=\"async\" class=\"alignleft wp-image-252142\" src=\"https:\/\/lottomat.com\/wp-content\/uploads\/2025\/10\/play-Powerball-150x150.webp\" alt=\"joac\u0103 Powerball\" width=\"200\" height=\"200\" srcset=\"https:\/\/lottomat.com\/wp-content\/uploads\/2025\/10\/play-Powerball-150x150.webp 150w, https:\/\/lottomat.com\/wp-content\/uploads\/2025\/10\/play-Powerball-300x300.webp 300w, https:\/\/lottomat.com\/wp-content\/uploads\/2025\/10\/play-Powerball-100x100.webp 100w, https:\/\/lottomat.com\/wp-content\/uploads\/2025\/10\/play-Powerball.webp 400w\" sizes=\"auto, (max-width: 200px) 100vw, 200px\" \/>Ce este loteria Powerball?<\/h2>\n<p>S\u0103 \u00eencepem cu regulile celebrei loterii, care sunt foarte simple, \u0219i cu siguran\u021b\u0103 vei \u00eenv\u0103\u021ba rapid cum s\u0103 joci Powerball online. Jocul const\u0103 \u00een alegerea a cinci numere din intervalul 1 p\u00e2n\u0103 la 69 \u0219i a unui num\u0103r suplimentar, numit Power Ball, dintr-un set de numere de la 1 la 26. Dac\u0103 toate numerele c\u00e2\u0219tig\u0103toare sunt selectate, juc\u0103torul c\u00e2\u0219tig\u0103 premiul principal garantat, dar \u021bine minte c\u0103 exist\u0103 <strong>9 niveluri de c\u00e2\u0219tig<\/strong>. Un premiu este c\u00e2\u0219tigat \u0219i de un juc\u0103tor care selecteaz\u0103 corect doar num\u0103rul suplimentar Power Ball, adic\u0103 num\u0103rul bonus. \u00cen loteria Powerball online, exist\u0103 \u0219i o solu\u021bie interesant\u0103 pentru juc\u0103tori. Se nume\u0219te <strong>Power Play<\/strong> \u0219i este o op\u021biune suplimentar\u0103 care permite multiplicarea c\u00e2\u0219tigurilor, \u00een afara premiului principal. Totu\u0219i, este disponibil\u0103 doar pe teritoriul Statelor Unite atunci c\u00e2nd cumperi un bilet personal de la o agen\u021bie Powerball.<\/p>\n<p>Un juc\u0103tor care nimere\u0219te toate numerele extrase c\u00e2\u0219tig\u0103 premiul principal, dar dac\u0103 nu alege corect num\u0103rul bonus Powerball, prime\u0219te premiul garantat de <strong>1.000.000 de dolari<\/strong>. Cu alte cuvinte, cine nimere\u0219te cele 5 numere principale prime\u0219te un milion de dolari. Click \u0219i cite\u0219te <a href=\"https:\/\/lottomat.com\/ro\/informatie\/powerball\/\">mai multe despre regulile \u0219i premiile Powerball<\/a> pe site-ul nostru. Desigur, ca \u0219i \u00een alte <a href=\"https:\/\/lottomat.com\/ro\/\">loterii de top din lume<\/a>, exist\u0103 report atunci c\u00e2nd nu exist\u0103 c\u00e2\u0219tig\u0103tori, ceea ce duce la \u0219ansa de a c\u00e2\u0219tiga sume uria\u0219e de bani, \u0219i \u00een dolari. Powerball a devenit celebru pentru biletele c\u00e2\u0219tig\u0103toare care s-au transformat \u00een milioane de dolari. Cel mai mare c\u00e2\u0219tig din report \u00een loteria american\u0103 a avut loc pe <strong>7 noiembrie 2022<\/strong> \u0219i s-a ridicat la <strong>2,04 miliarde de dolari<\/strong>, cu o valoare \u00een numerar de <strong>997,6 milioane de dolari<\/strong>.<\/p>\n<h2>Cum s\u0103 cumperi bilete Powerball?<img loading=\"lazy\" decoding=\"async\" class=\"alignright wp-image-252172\" src=\"https:\/\/lottomat.com\/wp-content\/uploads\/2025\/10\/Powerball-lottery-tickets-300x300.webp\" alt=\"bilete loterie Powerball\" width=\"200\" height=\"200\" srcset=\"https:\/\/lottomat.com\/wp-content\/uploads\/2025\/10\/Powerball-lottery-tickets-300x300.webp 300w, https:\/\/lottomat.com\/wp-content\/uploads\/2025\/10\/Powerball-lottery-tickets-150x150.webp 150w, https:\/\/lottomat.com\/wp-content\/uploads\/2025\/10\/Powerball-lottery-tickets-100x100.webp 100w, https:\/\/lottomat.com\/wp-content\/uploads\/2025\/10\/Powerball-lottery-tickets.webp 400w\" sizes=\"auto, (max-width: 200px) 100vw, 200px\" \/><\/h2>\n<p>Datorit\u0103 schimb\u0103rilor din regulile Powerball, nu trebuie s\u0103 fii cet\u0103\u021bean al Statelor Unite sau s\u0103 te afli pe teritoriul acestora. Po\u021bi participa la <strong>loteria Powerball online folosind site-ul LottoMat<\/strong>. Este foarte convenabil \u0219i po\u021bi cump\u0103ra bilete Powerball la orice or\u0103, zi \u0219i noapte, \u0219apte zile pe s\u0103pt\u0103m\u00e2n\u0103. Tot ce trebuie s\u0103 faci este s\u0103 alegi op\u021biunea Joac\u0103 de pe site-ul LottoMat \u0219i s\u0103 completezi num\u0103rul dorit de bilete. Apoi, trebuie doar s\u0103 ai r\u0103bdare \u0219i s\u0103 a\u0219tep\u021bi extragerea, care are loc \u00een fiecare <strong>mar\u021bi, joi \u0219i duminic\u0103 la 02:59 UTC<\/strong>. Site-ul LottoMat garanteaz\u0103 c\u0103 biletul de loterie este valid \u0219i particip\u0103 la tragerea premiilor Powerball. Po\u021bi face achizi\u021bia folosind computerul sau telefonul mobil de <strong>oriunde din lume \u0219i oric\u00e2nd<\/strong>. Tot ce trebuie s\u0103 faci este s\u0103 \u00ee\u021bi creezi un cont sigur de utilizator, s\u0103 cumperi un bilet \u0219i s\u0103 a\u0219tep\u021bi c\u00e2\u0219tigul!<\/p>\n<h2>Care este pre\u021bul unui bilet la loteria online Powerball?<\/h2>\n<p>Pentru a calcula costul unui bilet, trebuie doar s\u0103 completezi unul sau mai multe bilete pe site-ul LottoMat. Dup\u0103 alegerea numerelor, <strong>pre\u021bul va fi vizibil sub toate biletele<\/strong>. Dup\u0103 completarea a mai mult de un bilet, calculatorul va calcula suma total\u0103, care reprezint\u0103 pre\u021bul final. Acesta include pre\u021bul tuturor biletelor Powerball \u0219i comisioanele aferente.<\/p>\n<h2><img loading=\"lazy\" decoding=\"async\" class=\"alignleft wp-image-252202\" src=\"https:\/\/lottomat.com\/wp-content\/uploads\/2025\/10\/Powerball-online-tickets-300x300.webp\" alt=\"bilete Powerball online\" width=\"200\" height=\"200\" srcset=\"https:\/\/lottomat.com\/wp-content\/uploads\/2025\/10\/Powerball-online-tickets-300x300.webp 300w, https:\/\/lottomat.com\/wp-content\/uploads\/2025\/10\/Powerball-online-tickets-150x150.webp 150w, https:\/\/lottomat.com\/wp-content\/uploads\/2025\/10\/Powerball-online-tickets-100x100.webp 100w, https:\/\/lottomat.com\/wp-content\/uploads\/2025\/10\/Powerball-online-tickets.webp 400w\" sizes=\"auto, (max-width: 200px) 100vw, 200px\" \/><\/h2>\n<h2>Cum s\u0103 joci Powerball online?<\/h2>\n<p>Datorit\u0103 site-ului nostru, cea mai popular\u0103 loterie din lume este acum disponibil\u0103 f\u0103r\u0103 s\u0103 p\u0103r\u0103se\u0219ti casa. Pentru a juca Powerball online, alege <strong>cinci numere principale \u00eentre 1 \u0219i 69 plus un num\u0103r suplimentar Power Ball \u00eentre 1 \u0219i 26<\/strong>. Po\u021bi alege numerele manual sau po\u021bi folosi <strong>op\u021biunea Alegere Rapid\u0103 pentru selec\u021bie aleatorie<\/strong>. At\u00e2t de simplu! Jocul prin LottoMat este complet sigur \u0219i protejat. <strong>Noi scan\u0103m toate biletele achizi\u021bionate pentru a ne asigura de validitatea lor \u0219i pentru lini\u0219tea ta.<\/strong> Cu LottoMat, po\u021bi juca Powerball online de oriunde \u00een lume \u2013 tot ce \u00ee\u021bi trebuie este <strong>acces la internet \u0219i posibilitatea de plat\u0103 online.<\/strong> Aceast\u0103 accesibilitate global\u0103 face mai u\u0219oar\u0103 ca niciodat\u0103 participarea la una dintre cele mai interesante loterii din lume.<\/p>\n<h2>Pot cump\u0103ra mai multe bilete Powerball online?<\/h2>\n<p><strong>Da, cu siguran\u021b\u0103 po\u021bi achizi\u021biona mai multe bilete Powerball online<\/strong> pentru a-\u021bi cre\u0219te \u0219ansele de c\u00e2\u0219tig. Selecteaz\u0103 pur \u0219i simplu <strong>op\u021biunea &#8222;mai multe linii&#8221;<\/strong> atunci c\u00e2nd joci \u0219i alege c\u00e2te linii dore\u0219ti. Fiecare linie suplimentar\u0103 reprezint\u0103 o alt\u0103 \u0219ans\u0103 de a c\u00e2\u0219tiga jackpotul sau oricare dintre premiile secundare. Cu c\u00e2t cumperi mai multe bilete, cu at\u00e2t cresc \u0219ansele tale de a potrivi numerele c\u00e2\u0219tig\u0103toare.<\/p>\n<h2>Pot cump\u0103ra bilete Powerball online pentru mai multe extrageri?<img loading=\"lazy\" decoding=\"async\" class=\"alignright wp-image-252232\" src=\"https:\/\/lottomat.com\/wp-content\/uploads\/2025\/10\/Powerball-online-300x300.webp\" alt=\"Powerball online\" width=\"200\" height=\"200\" srcset=\"https:\/\/lottomat.com\/wp-content\/uploads\/2025\/10\/Powerball-online-300x300.webp 300w, https:\/\/lottomat.com\/wp-content\/uploads\/2025\/10\/Powerball-online-150x150.webp 150w, https:\/\/lottomat.com\/wp-content\/uploads\/2025\/10\/Powerball-online-100x100.webp 100w, https:\/\/lottomat.com\/wp-content\/uploads\/2025\/10\/Powerball-online.webp 400w\" sizes=\"auto, (max-width: 200px) 100vw, 200px\" \/><\/h2>\n<p>Absolut! Pe LottoMat, po\u021bi <strong>cump\u0103ra bilete Powerball pentru p\u00e2n\u0103 la 8 extrageri consecutive<\/strong> \u00een avans. Aceast\u0103 func\u021bie convenabil\u0103 \u00eenseamn\u0103 c\u0103 nu trebuie s\u0103 \u00ee\u021bi aminte\u0219ti s\u0103 cumperi bilete pentru fiecare extragere individual\u0103 \u2013 numerele tale vor fi introduse automat \u00een mai multe extrageri viitoare. Aceast\u0103 op\u021biune de achizi\u021bie \u00een avans \u00ee\u021bi garanteaz\u0103 <strong>c\u0103 nu vei rata nicio extragere<\/strong> \u0219i \u00ee\u021bi ofer\u0103 participare constant\u0103 la loterie pe parcursul mai multor s\u0103pt\u0103m\u00e2ni.<\/p>\n<h2>Cum s\u0103 verifici rezultatele loteriei online Powerball?<\/h2>\n<p>Po\u021bi verifica cu u\u0219urin\u021b\u0103 at\u00e2t <a href=\"https:\/\/lottomat.com\/ro\/rezultate\/powerball\/\">ultimele rezultate Powerball, c\u00e2t \u0219i pe cele arhivate<\/a> direct pe site-ul LottoMat. Pagina noastr\u0103 de rezultate este actualizat\u0103 imediat dup\u0103 fiecare extragere, oferindu-\u021bi <strong>numere c\u00e2\u0219tig\u0103toare corecte \u0219i la zi.<\/strong> Fie c\u0103 vrei s\u0103 verifici extragerile recente sau s\u0103 consul\u021bi rezultate mai vechi, toate informa\u021biile sunt disponibile la \u00eendem\u00e2na ta. Aceast\u0103 func\u021bie convenabil\u0103 \u00ee\u021bi permite s\u0103 verifici rapid dac\u0103 numerele tale au c\u00e2\u0219tigat, f\u0103r\u0103 a c\u0103uta \u00een mai multe surse.<\/p>\n<h2><img loading=\"lazy\" decoding=\"async\" class=\"alignleft wp-image-252262\" src=\"https:\/\/lottomat.com\/wp-content\/uploads\/2025\/10\/Powerball-tickets-300x300.webp\" alt=\"bilete Powerball\" width=\"200\" height=\"200\" srcset=\"https:\/\/lottomat.com\/wp-content\/uploads\/2025\/10\/Powerball-tickets-300x300.webp 300w, https:\/\/lottomat.com\/wp-content\/uploads\/2025\/10\/Powerball-tickets-150x150.webp 150w, https:\/\/lottomat.com\/wp-content\/uploads\/2025\/10\/Powerball-tickets-100x100.webp 100w, https:\/\/lottomat.com\/wp-content\/uploads\/2025\/10\/Powerball-tickets.webp 400w\" sizes=\"auto, (max-width: 200px) 100vw, 200px\" \/>Scaneaz\u0103 LottoMat biletele Powerball online?<\/h2>\n<p><strong>Da, absolut!<\/strong> Agen\u021bii no\u0219tri autoriza\u021bi cump\u0103r\u0103 fizic bilete Powerball de la loca\u021bii oficiale \u0219i licen\u021biate \u00een numele t\u0103u. <strong>Noi scan\u0103m \u0219i stoc\u0103m biletele originale \u00een siguran\u021b\u0103<\/strong> pentru a asigura transparen\u021b\u0103 \u0219i securitate complet\u0103 pentru juc\u0103torii no\u0219tri. Asta \u00eenseamn\u0103 c\u0103 ai dovada achizi\u021biei biletului \u0219i po\u021bi fi sigur c\u0103 participarea ta este valid\u0103 pentru extragerea oficial\u0103 Powerball. Biletele originale sunt p\u0103strate \u00een siguran\u021b\u0103 \u00een facilit\u0103\u021bile noastre securizate, oferindu-\u021bi lini\u0219te \u00een privin\u021ba investi\u021biei tale.<\/p>\n<h2>Care sunt cele mai bune sfaturi Powerball online?<\/h2>\n<p>Joac\u0103, mai ales atunci c\u00e2nd exist\u0103 un report. <strong>Powerball are cele mai mari reporturi din lume,<\/strong> \u0219i chiar \u0219i cu un singur bilet ai \u0219ansa de a c\u00e2\u0219tiga. Cel mai mare jackpot a ajuns la <strong>2,04 miliarde de dolari!<\/strong> Po\u021bi folosi \u0219i cele mai frecvent extrase numere, pe care le g\u0103se\u0219ti pe <a href=\"https:\/\/lottomat.com\/ro\/rezultate\/\">pagina de rezultate ale extragerilor<\/a>. Aceasta con\u021bine at\u00e2t rezultate curente, c\u00e2t \u0219i arhivate. Aminte\u0219te-\u021bi c\u0103 <strong>jocul Powerball online ar trebui s\u0103 fie o form\u0103 de divertisment,<\/strong> a\u0219a c\u0103 este important s\u0103 joci responsabil \u0219i cu discern\u0103m\u00e2nt. Stabile\u0219te-\u021bi un buget \u0219i respect\u0103-l, trat\u00e2nd biletele de loterie ca pe o activitate distractiv\u0103, nu ca pe o strategie de investi\u021bie.<\/p>\n<h3>Sfaturi care \u00ee\u021bi pot cre\u0219te \u0219ansele de c\u00e2\u0219tig<\/h3>\n<p>Cump\u0103rarea a mai mult de un bilet Powerball \u00eenseamn\u0103 c\u0103 fiecare bilet suplimentar \u00ee\u021bi ofer\u0103 \u0219anse mai mari de a nimeri numerele extrase. Asigur\u0103-te c\u0103 numerele pe care le alegi sunt variate, deoarece plaja este mare, a\u0219a c\u0103 nu te limita doar la date de na\u0219tere, care \u00ee\u021bi reduc semnificativ op\u021biunile. Pentru a reduce costul <a href=\"https:\/\/lottomat.com\/ro\/joaca\/\">cump\u0103r\u0103rii de bilete de loterie online<\/a>, po\u021bi invita persoanele dragi s\u0103 joace, ceea ce garanteaz\u0103 \u0219anse mai mari de c\u00e2\u0219tig. Costurile biletelor pot fi \u00eemp\u0103r\u021bite \u00eentre mai multe persoane, ceea ce le face mai accesibile pentru to\u021bi cei implica\u021bi. Joac\u0103 atunci c\u00e2nd exist\u0103 <a href=\"https:\/\/lottomat.com\/ro\/informatie\/\">cele mai mari reporturi la loterie<\/a>, pentru c\u0103 tot jocul Powerball \u00eenseamn\u0103 \u0219ansa de a c\u00e2\u0219tiga! <strong>Po\u021bi achizi\u021biona un bilet c\u00e2\u0219tig\u0103tor oric\u00e2nd \u0219i s\u0103 devii milionar!<\/strong><\/p>\n","protected":false},"excerpt":{"rendered":"<p>Ce este loteria Powerball? S\u0103 \u00eencepem cu regulile celebrei loterii, care sunt foarte simple, \u0219i cu siguran\u021b\u0103 vei \u00eenv\u0103\u021ba rapid cum s\u0103 joci Powerball online. Jocul const\u0103 \u00een alegerea a cinci numere din intervalul 1 p\u00e2n\u0103 la 69 \u0219i a unui num\u0103r suplimentar, numit Power Ball, dintr-un set de numere de la 1 la 26. [&hellip;]<\/p>\n","protected":false},"author":1,"featured_media":0,"parent":6792,"menu_order":1,"comment_status":"closed","ping_status":"closed","template":"powerball-usa.php","meta":{"_et_pb_use_builder":"","_et_pb_old_content":"","_et_gb_content_width":"","exclude_from_search":false,"footnotes":""},"class_list":["post-8441","page","type-page","status-publish","hentry"],"yoast_head":"<!-- This site is optimized with the Yoast SEO plugin v23.8 - https:\/\/yoast.com\/wordpress\/plugins\/seo\/ -->\n<title>Joac\u0103 Powerball Online - Bilete Powerball - Lottomat Rom\u00e2nia<\/title>\n<meta name=\"description\" content=\"Vrei s\u0103 joci la loteria Powerball online? Afl\u0103 cum s\u0103 joci Powerball \u0219i devino milionar! Cump\u0103r\u0103 bilete Powerball online oric\u00e2nd!\" \/>\n<meta name=\"robots\" content=\"index, follow, max-snippet:-1, max-image-preview:large, max-video-preview:-1\" \/>\n<link rel=\"canonical\" href=\"https:\/\/lottomat.com\/ro\/joaca\/powerball\/\" \/>\n<meta property=\"og:locale\" content=\"ro_RO\" \/>\n<meta property=\"og:type\" content=\"article\" \/>\n<meta property=\"og:title\" content=\"Joac\u0103 Powerball Online - Bilete Powerball - Lottomat Rom\u00e2nia\" \/>\n<meta property=\"og:description\" content=\"Vrei s\u0103 joci la loteria Powerball online? Afl\u0103 cum s\u0103 joci Powerball \u0219i devino milionar! Cump\u0103r\u0103 bilete Powerball online oric\u00e2nd!\" \/>\n<meta property=\"og:url\" content=\"https:\/\/lottomat.com\/ro\/joaca\/powerball\/\" \/>\n<meta property=\"og:site_name\" content=\"Lottomat\" \/>\n<meta property=\"article:modified_time\" content=\"2026-03-01T18:34:22+00:00\" \/>\n<meta property=\"og:image\" content=\"https:\/\/lottomat.com\/wp-content\/uploads\/2025\/10\/play-Powerball.webp\" \/>\n\t<meta property=\"og:image:width\" content=\"400\" \/>\n\t<meta property=\"og:image:height\" content=\"400\" \/>\n\t<meta property=\"og:image:type\" content=\"image\/webp\" \/>\n<meta name=\"twitter:card\" content=\"summary_large_image\" \/>\n<meta name=\"twitter:label1\" content=\"Timp estimat pentru citire\" \/>\n\t<meta name=\"twitter:data1\" content=\"7 minute\" \/>\n<script type=\"application\/ld+json\" class=\"yoast-schema-graph\">{\"@context\":\"https:\/\/schema.org\",\"@graph\":[{\"@type\":\"WebPage\",\"@id\":\"https:\/\/lottomat.com\/ro\/joaca\/powerball\/\",\"url\":\"https:\/\/lottomat.com\/ro\/joaca\/powerball\/\",\"name\":\"Joac\u0103 Powerball Online - Bilete Powerball - Lottomat Rom\u00e2nia\",\"isPartOf\":{\"@id\":\"https:\/\/lottomat.com\/ro\/#website\"},\"primaryImageOfPage\":{\"@id\":\"https:\/\/lottomat.com\/ro\/joaca\/powerball\/#primaryimage\"},\"image\":{\"@id\":\"https:\/\/lottomat.com\/ro\/joaca\/powerball\/#primaryimage\"},\"thumbnailUrl\":\"https:\/\/lottomat.com\/wp-content\/uploads\/2025\/10\/play-Powerball-150x150.webp\",\"datePublished\":\"2025-03-26T07:52:23+00:00\",\"dateModified\":\"2026-03-01T18:34:22+00:00\",\"description\":\"Vrei s\u0103 joci la loteria Powerball online? Afl\u0103 cum s\u0103 joci Powerball \u0219i devino milionar! Cump\u0103r\u0103 bilete Powerball online oric\u00e2nd!\",\"breadcrumb\":{\"@id\":\"https:\/\/lottomat.com\/ro\/joaca\/powerball\/#breadcrumb\"},\"inLanguage\":\"ro-RO\",\"potentialAction\":[{\"@type\":\"ReadAction\",\"target\":[\"https:\/\/lottomat.com\/ro\/joaca\/powerball\/\"]}]},{\"@type\":\"ImageObject\",\"inLanguage\":\"ro-RO\",\"@id\":\"https:\/\/lottomat.com\/ro\/joaca\/powerball\/#primaryimage\",\"url\":\"https:\/\/lottomat.com\/wp-content\/uploads\/2025\/10\/play-Powerball-150x150.webp\",\"contentUrl\":\"https:\/\/lottomat.com\/wp-content\/uploads\/2025\/10\/play-Powerball-150x150.webp\"},{\"@type\":\"BreadcrumbList\",\"@id\":\"https:\/\/lottomat.com\/ro\/joaca\/powerball\/#breadcrumb\",\"itemListElement\":[{\"@type\":\"ListItem\",\"position\":1,\"name\":\"Home\",\"item\":\"https:\/\/lottomat.com\/ro\/\"},{\"@type\":\"ListItem\",\"position\":2,\"name\":\"Joac\u0103 la Loterie\",\"item\":\"https:\/\/lottomat.com\/ro\/joaca\/\"},{\"@type\":\"ListItem\",\"position\":3,\"name\":\"Joac\u0103 Powerball Online &#8211; Bilete Powerball\"}]},{\"@type\":\"WebSite\",\"@id\":\"https:\/\/lottomat.com\/ro\/#website\",\"url\":\"https:\/\/lottomat.com\/ro\/\",\"name\":\"Lottomat\",\"description\":\"\",\"potentialAction\":[{\"@type\":\"SearchAction\",\"target\":{\"@type\":\"EntryPoint\",\"urlTemplate\":\"https:\/\/lottomat.com\/ro\/?s={search_term_string}\"},\"query-input\":{\"@type\":\"PropertyValueSpecification\",\"valueRequired\":true,\"valueName\":\"search_term_string\"}}],\"inLanguage\":\"ro-RO\"}]}<\/script>\n<!-- \/ Yoast SEO plugin. -->","yoast_head_json":{"title":"Joac\u0103 Powerball Online - Bilete Powerball - Lottomat Rom\u00e2nia","description":"Vrei s\u0103 joci la loteria Powerball online? Afl\u0103 cum s\u0103 joci Powerball \u0219i devino milionar! Cump\u0103r\u0103 bilete Powerball online oric\u00e2nd!","robots":{"index":"index","follow":"follow","max-snippet":"max-snippet:-1","max-image-preview":"max-image-preview:large","max-video-preview":"max-video-preview:-1"},"canonical":"https:\/\/lottomat.com\/ro\/joaca\/powerball\/","og_locale":"ro_RO","og_type":"article","og_title":"Joac\u0103 Powerball Online - Bilete Powerball - Lottomat Rom\u00e2nia","og_description":"Vrei s\u0103 joci la loteria Powerball online? Afl\u0103 cum s\u0103 joci Powerball \u0219i devino milionar! Cump\u0103r\u0103 bilete Powerball online oric\u00e2nd!","og_url":"https:\/\/lottomat.com\/ro\/joaca\/powerball\/","og_site_name":"Lottomat","article_modified_time":"2026-03-01T18:34:22+00:00","og_image":[{"width":400,"height":400,"url":"https:\/\/lottomat.com\/wp-content\/uploads\/2025\/10\/play-Powerball.webp","type":"image\/webp"}],"twitter_card":"summary_large_image","twitter_misc":{"Timp estimat pentru citire":"7 minute"},"schema":{"@context":"https:\/\/schema.org","@graph":[{"@type":"WebPage","@id":"https:\/\/lottomat.com\/ro\/joaca\/powerball\/","url":"https:\/\/lottomat.com\/ro\/joaca\/powerball\/","name":"Joac\u0103 Powerball Online - Bilete Powerball - Lottomat Rom\u00e2nia","isPartOf":{"@id":"https:\/\/lottomat.com\/ro\/#website"},"primaryImageOfPage":{"@id":"https:\/\/lottomat.com\/ro\/joaca\/powerball\/#primaryimage"},"image":{"@id":"https:\/\/lottomat.com\/ro\/joaca\/powerball\/#primaryimage"},"thumbnailUrl":"https:\/\/lottomat.com\/wp-content\/uploads\/2025\/10\/play-Powerball-150x150.webp","datePublished":"2025-03-26T07:52:23+00:00","dateModified":"2026-03-01T18:34:22+00:00","description":"Vrei s\u0103 joci la loteria Powerball online? Afl\u0103 cum s\u0103 joci Powerball \u0219i devino milionar! Cump\u0103r\u0103 bilete Powerball online oric\u00e2nd!","breadcrumb":{"@id":"https:\/\/lottomat.com\/ro\/joaca\/powerball\/#breadcrumb"},"inLanguage":"ro-RO","potentialAction":[{"@type":"ReadAction","target":["https:\/\/lottomat.com\/ro\/joaca\/powerball\/"]}]},{"@type":"ImageObject","inLanguage":"ro-RO","@id":"https:\/\/lottomat.com\/ro\/joaca\/powerball\/#primaryimage","url":"https:\/\/lottomat.com\/wp-content\/uploads\/2025\/10\/play-Powerball-150x150.webp","contentUrl":"https:\/\/lottomat.com\/wp-content\/uploads\/2025\/10\/play-Powerball-150x150.webp"},{"@type":"BreadcrumbList","@id":"https:\/\/lottomat.com\/ro\/joaca\/powerball\/#breadcrumb","itemListElement":[{"@type":"ListItem","position":1,"name":"Home","item":"https:\/\/lottomat.com\/ro\/"},{"@type":"ListItem","position":2,"name":"Joac\u0103 la Loterie","item":"https:\/\/lottomat.com\/ro\/joaca\/"},{"@type":"ListItem","position":3,"name":"Joac\u0103 Powerball Online &#8211; Bilete Powerball"}]},{"@type":"WebSite","@id":"https:\/\/lottomat.com\/ro\/#website","url":"https:\/\/lottomat.com\/ro\/","name":"Lottomat","description":"","potentialAction":[{"@type":"SearchAction","target":{"@type":"EntryPoint","urlTemplate":"https:\/\/lottomat.com\/ro\/?s={search_term_string}"},"query-input":{"@type":"PropertyValueSpecification","valueRequired":true,"valueName":"search_term_string"}}],"inLanguage":"ro-RO"}]}},"_links":{"self":[{"href":"https:\/\/lottomat.com\/ro\/wp-json\/wp\/v2\/pages\/8441","targetHints":{"allow":["GET"]}}],"collection":[{"href":"https:\/\/lottomat.com\/ro\/wp-json\/wp\/v2\/pages"}],"about":[{"href":"https:\/\/lottomat.com\/ro\/wp-json\/wp\/v2\/types\/page"}],"author":[{"embeddable":true,"href":"https:\/\/lottomat.com\/ro\/wp-json\/wp\/v2\/users\/1"}],"replies":[{"embeddable":true,"href":"https:\/\/lottomat.com\/ro\/wp-json\/wp\/v2\/comments?post=8441"}],"version-history":[{"count":4,"href":"https:\/\/lottomat.com\/ro\/wp-json\/wp\/v2\/pages\/8441\/revisions"}],"predecessor-version":[{"id":272257,"href":"https:\/\/lottomat.com\/ro\/wp-json\/wp\/v2\/pages\/8441\/revisions\/272257"}],"up":[{"embeddable":true,"href":"https:\/\/lottomat.com\/ro\/wp-json\/wp\/v2\/pages\/6792"}],"wp:attachment":[{"href":"https:\/\/lottomat.com\/ro\/wp-json\/wp\/v2\/media?parent=8441"}],"curies":[{"name":"wp","href":"https:\/\/api.w.org\/{rel}","templated":true}]}}