{"id":6427,"date":"2025-03-26T07:12:15","date_gmt":"2025-03-26T07:12:15","guid":{"rendered":"https:\/\/lottomat.net\/acasa-cele-mai-mari-loterii-din-lume-intr-un-singur-loc\/"},"modified":"2026-02-13T11:11:21","modified_gmt":"2026-02-13T11:11:21","slug":"acasa-cele-mai-mari-loterii-din-lume-intr-un-singur-loc","status":"publish","type":"page","link":"https:\/\/lottomat.com\/ro\/","title":{"rendered":"Lottomat &#8211; cele mai mari loterii din lume \u00eentr-un singur loc"},"content":{"rendered":"\n\n<div class=\"kk-star-ratings kksr-auto kksr-align-left kksr-valign-top\"\n    data-payload='{&quot;align&quot;:&quot;left&quot;,&quot;id&quot;:&quot;6427&quot;,&quot;slug&quot;:&quot;default&quot;,&quot;valign&quot;:&quot;top&quot;,&quot;ignore&quot;:&quot;&quot;,&quot;reference&quot;:&quot;auto&quot;,&quot;class&quot;:&quot;&quot;,&quot;count&quot;:&quot;0&quot;,&quot;legendonly&quot;:&quot;&quot;,&quot;readonly&quot;:&quot;&quot;,&quot;score&quot;:&quot;0&quot;,&quot;starsonly&quot;:&quot;&quot;,&quot;best&quot;:&quot;5&quot;,&quot;gap&quot;:&quot;5&quot;,&quot;greet&quot;:&quot;Rate this page&quot;,&quot;legend&quot;:&quot;0\\\/5 - (0 votes)&quot;,&quot;size&quot;:&quot;30&quot;,&quot;title&quot;:&quot;Lottomat - cele mai mari loterii din lume \u00eentr-un singur loc&quot;,&quot;width&quot;:&quot;0&quot;,&quot;_legend&quot;:&quot;{score}\\\/{best} - ({count} {votes})&quot;,&quot;font_factor&quot;:&quot;1.25&quot;}'>\n            \n<div class=\"kksr-stars\">\n    \n<div class=\"kksr-stars-inactive\">\n            <div class=\"kksr-star\" data-star=\"1\" style=\"padding-right: 5px\">\n            \n\n<div class=\"kksr-icon\" style=\"width: 30px; height: 30px;\"><\/div>\n        <\/div>\n            <div class=\"kksr-star\" data-star=\"2\" style=\"padding-right: 5px\">\n            \n\n<div class=\"kksr-icon\" style=\"width: 30px; height: 30px;\"><\/div>\n        <\/div>\n            <div class=\"kksr-star\" data-star=\"3\" style=\"padding-right: 5px\">\n            \n\n<div class=\"kksr-icon\" style=\"width: 30px; height: 30px;\"><\/div>\n        <\/div>\n            <div class=\"kksr-star\" data-star=\"4\" style=\"padding-right: 5px\">\n            \n\n<div class=\"kksr-icon\" style=\"width: 30px; height: 30px;\"><\/div>\n        <\/div>\n            <div class=\"kksr-star\" data-star=\"5\" style=\"padding-right: 5px\">\n            \n\n<div class=\"kksr-icon\" style=\"width: 30px; height: 30px;\"><\/div>\n        <\/div>\n    <\/div>\n    \n<div class=\"kksr-stars-active\" style=\"width: 0px;\">\n            <div class=\"kksr-star\" style=\"padding-right: 5px\">\n            \n\n<div class=\"kksr-icon\" style=\"width: 30px; height: 30px;\"><\/div>\n        <\/div>\n            <div class=\"kksr-star\" style=\"padding-right: 5px\">\n            \n\n<div class=\"kksr-icon\" style=\"width: 30px; height: 30px;\"><\/div>\n        <\/div>\n            <div class=\"kksr-star\" style=\"padding-right: 5px\">\n            \n\n<div class=\"kksr-icon\" style=\"width: 30px; height: 30px;\"><\/div>\n        <\/div>\n            <div class=\"kksr-star\" style=\"padding-right: 5px\">\n            \n\n<div class=\"kksr-icon\" style=\"width: 30px; height: 30px;\"><\/div>\n        <\/div>\n            <div class=\"kksr-star\" style=\"padding-right: 5px\">\n            \n\n<div class=\"kksr-icon\" style=\"width: 30px; height: 30px;\"><\/div>\n        <\/div>\n    <\/div>\n<\/div>\n                \n\n<div class=\"kksr-legend\" style=\"font-size: 24px;\">\n            <span class=\"kksr-muted\">Rate this page<\/span>\n    <\/div>\n    <\/div>\n<h2 style=\"text-align: left;\"><img loading=\"lazy\" decoding=\"async\" class=\"alignleft wp-image-1091\" src=\"https:\/\/lottomat.com\/wp-content\/uploads\/2025\/03\/play-lotteries-available-in-other-countries-300x300.png\" alt=\"joac\u0103 la loteriile disponibile \u00een alte \u021b\u0103ri\" width=\"130\" height=\"130\" srcset=\"https:\/\/lottomat.com\/wp-content\/uploads\/2025\/03\/play-lotteries-available-in-other-countries-300x300.png 300w, https:\/\/lottomat.com\/wp-content\/uploads\/2025\/03\/play-lotteries-available-in-other-countries-150x150.png 150w, https:\/\/lottomat.com\/wp-content\/uploads\/2025\/03\/play-lotteries-available-in-other-countries-100x100.png 100w, https:\/\/lottomat.com\/wp-content\/uploads\/2025\/03\/play-lotteries-available-in-other-countries.png 400w\" sizes=\"auto, (max-width: 130px) 100vw, 130px\" \/>Pot juca la loteriile disponibile \u00een alte \u021b\u0103ri?<\/h2>\n<p>Da, Da, Da! R\u0103spunsul la cea mai frecvent\u0103 \u00eentrebare adresat\u0103 de juc\u0103torii no\u0219tri este da &#8211; po\u021bi juca la cele mai mari loterii din lume indiferent de \u021bara ta de re\u0219edin\u021b\u0103. Pe site-ul Lottomat, cele mai mari loterii \u00ee\u021bi sunt disponibile f\u0103r\u0103 s\u0103 fie nevoie s\u0103 vizitezi niciun birou de loterie, inclusiv cel mai apropiat din \u021bara ta de re\u0219edin\u021b\u0103. La Lottomat, vei g\u0103si loterii care garanteaz\u0103 cele mai mari c\u00e2\u0219tiguri, printre care SuperEnalotto, la care pentru a c\u00e2\u0219tiga premiul principal, trebuie s\u0103 ghice\u0219ti corect 6 numere din 90. Exist\u0103, de asemenea, Eurojackpot \u0219i EuroMillions, care sunt cele mai importante loterii europene; pentru a c\u00e2\u0219tiga, trebuie doar s\u0103 alegi cinci numere din 50. Cu noi, po\u021bi juca \u0219i la French Lotto, UK Lotto sau la dou\u0103 loterii spaniole fantastice, El Gordo \u0219i La Primitiva, oferind o \u0219ans\u0103 mare de c\u00e2\u0219tig. \u00cen portofoliul nostru, vei g\u0103si \u0219i cele mai mari loterii americane, inclusiv Powerball, Mega Millions \u0219i multe alte op\u021biuni atractive, care \u00ee\u021bi ofer\u0103 posibilitatea de a-\u021bi cre\u0219te \u0219ansele de c\u00e2\u0219tig.<\/p>\n<hr \/>\n<h2><img loading=\"lazy\" decoding=\"async\" class=\"alignleft wp-image-21538 lazy loaded\" src=\"https:\/\/lottomat.net\/wp-content\/uploads\/2020\/06\/euro-jackpot-2.png\" alt=\"euro jackpot\" width=\"130\" height=\"130\" data-src=\"https:\/\/lottomat.net\/wp-content\/uploads\/2020\/06\/euro-jackpot-2.png\" data-was-processed=\"true\" srcset=\"https:\/\/lottomat.com\/wp-content\/uploads\/2020\/06\/euro-jackpot-2.png 400w, https:\/\/lottomat.com\/wp-content\/uploads\/2020\/06\/euro-jackpot-2-300x300.png 300w, https:\/\/lottomat.com\/wp-content\/uploads\/2020\/06\/euro-jackpot-2-150x150.png 150w, https:\/\/lottomat.com\/wp-content\/uploads\/2020\/06\/euro-jackpot-2-100x100.png 100w\" sizes=\"auto, (max-width: 130px) 100vw, 130px\" \/>Cum pot cump\u0103ra biletele?<\/h2>\n<p>Cump\u0103rarea biletelor de loterie online este extrem de simpl\u0103, rapid\u0103 \u0219i, mai presus de toate, sigur\u0103. Tot ce trebuie s\u0103 faci este s\u0103 alegi o loterie, s\u0103 selectezi numerele, s\u0103 completezi o \u00eenregistrare simpl\u0103, s\u0103 pl\u0103te\u0219ti cuponul \u0219i s\u0103 verifici c\u0103 ai selectat corect dup\u0103 extragere.<\/p>\n<hr \/>\n<h2><img loading=\"lazy\" decoding=\"async\" class=\"alignleft wp-image-21566 lazy loaded\" src=\"https:\/\/lottomat.net\/wp-content\/uploads\/2020\/06\/Euro-Million.png\" alt=\"Euro Million\" width=\"130\" height=\"130\" data-src=\"https:\/\/lottomat.net\/wp-content\/uploads\/2020\/06\/Euro-Million.png\" data-was-processed=\"true\" srcset=\"https:\/\/lottomat.com\/wp-content\/uploads\/2020\/06\/Euro-Million.png 400w, https:\/\/lottomat.com\/wp-content\/uploads\/2020\/06\/Euro-Million-300x300.png 300w, https:\/\/lottomat.com\/wp-content\/uploads\/2020\/06\/Euro-Million-150x150.png 150w, https:\/\/lottomat.com\/wp-content\/uploads\/2020\/06\/Euro-Million-100x100.png 100w\" sizes=\"auto, (max-width: 130px) 100vw, 130px\" \/>Ce se \u00eent\u00e2mpl\u0103 dup\u0103 ce comand cuponul online?<\/h2>\n<p>Unul dintre reprezentan\u021bii no\u0219tri va achizi\u021biona un cupon oficial \u00een numele t\u0103u conform numerelor pe care le-ai ales. Cuponul t\u0103u va fi depozitat \u00een seif p\u00e2n\u0103 la extragere, iar numerele pe care le-ai selectat vor fi pe contul t\u0103u de utilizator de pe site-ul nostru. \u00cen plus, atunci c\u00e2nd faci o achizi\u021bie, Lottomat te va notifica \u0219i prin e-mail cu privire la suma cheltuit\u0103 pentru achizi\u021bia biletelor, metoda de plat\u0103 \u0219i numerele pe care le-ai ales. De asemenea, o scanare a cuponului achizi\u021bionat va fi plasat\u0103 pe contul t\u0103u.<\/p>\n<hr \/>\n<h2><img loading=\"lazy\" decoding=\"async\" class=\"alignleft wp-image-21594 lazy loaded\" src=\"https:\/\/lottomat.net\/wp-content\/uploads\/2020\/06\/Euro-Millions.png\" alt=\"Euro Millions\" width=\"122\" height=\"122\" data-src=\"https:\/\/lottomat.net\/wp-content\/uploads\/2020\/06\/Euro-Millions.png\" data-was-processed=\"true\" srcset=\"https:\/\/lottomat.com\/wp-content\/uploads\/2020\/06\/Euro-Millions.png 400w, https:\/\/lottomat.com\/wp-content\/uploads\/2020\/06\/Euro-Millions-300x300.png 300w, https:\/\/lottomat.com\/wp-content\/uploads\/2020\/06\/Euro-Millions-150x150.png 150w, https:\/\/lottomat.com\/wp-content\/uploads\/2020\/06\/Euro-Millions-100x100.png 100w\" sizes=\"auto, (max-width: 122px) 100vw, 122px\" \/>Cum s\u0103 nu ratez jackpot-urile?<\/h2>\n<p>Lottomat te va \u021bine la curent cu privire la jackpot-urile viitoare. Vei primi un e-mail \u00een avans pentru a te reaminti de extragerea viitoare \u0219i vei putea s\u0103-\u021bi planifici programul de joc folosind op\u021biunea de abonament.<\/p>\n<p>&nbsp;<\/p>\n<hr \/>\n<h2><img loading=\"lazy\" decoding=\"async\" class=\"alignleft wp-image-21622 lazy loaded\" src=\"https:\/\/lottomat.net\/wp-content\/uploads\/2020\/06\/mega-millions.png\" alt=\"mega millions\" width=\"130\" height=\"130\" data-src=\"https:\/\/lottomat.net\/wp-content\/uploads\/2020\/06\/mega-millions.png\" data-was-processed=\"true\" srcset=\"https:\/\/lottomat.com\/wp-content\/uploads\/2020\/06\/mega-millions.png 400w, https:\/\/lottomat.com\/wp-content\/uploads\/2020\/06\/mega-millions-300x300.png 300w, https:\/\/lottomat.com\/wp-content\/uploads\/2020\/06\/mega-millions-150x150.png 150w, https:\/\/lottomat.com\/wp-content\/uploads\/2020\/06\/mega-millions-100x100.png 100w\" sizes=\"auto, (max-width: 130px) 100vw, 130px\" \/>Ce se \u00eent\u00e2mpl\u0103 dac\u0103 c\u00e2\u0219tig?<\/h2>\n<p>De asemenea, \u00een acest moment, Lottomat \u00ee\u021bi faciliteaz\u0103 colectarea c\u00e2\u0219tigurilor. Toate c\u00e2\u0219tigurile tale, p\u00e2n\u0103 la 2.500 EUR, sunt creditate automat pe contul t\u0103u din sistemul nostru imediat dup\u0103 extragere \u0219i pot fi utilizate pentru achizi\u021biile tale ulterioare sau solicitate ca retragere din contul t\u0103u. Faci toate acestea online &#8211; comod \u0219i \u00een siguran\u021b\u0103. \u00cen cazul premiilor importante, Lottomat te va ajuta s\u0103 selectezi cea mai convenabil\u0103 form\u0103 de primire a premiului. Premiile mari sunt de obicei depuse \u00een contul bancar pe care \u00eel specifici \u0219i, \u00een unele cazuri, pot necesita prezen\u021ba ta pentru a revendica c\u00e2\u0219tigurile. Vom aranja \u0219i acest lucru astfel \u00eenc\u00e2t s\u0103 te po\u021bi bucura pe deplin de c\u00e2\u0219tiguri, a\u0219a cum au f\u0103cut-o mul\u021bi dintre c\u00e2\u0219tig\u0103torii no\u0219tri actuali.<\/p>\n<hr \/>\n<h2><img loading=\"lazy\" decoding=\"async\" class=\"alignleft wp-image-21650 lazy loaded\" src=\"https:\/\/lottomat.net\/wp-content\/uploads\/2020\/06\/online-lotto.png\" alt=\"loto online\" width=\"130\" height=\"130\" data-src=\"https:\/\/lottomat.net\/wp-content\/uploads\/2020\/06\/online-lotto.png\" data-was-processed=\"true\" srcset=\"https:\/\/lottomat.com\/wp-content\/uploads\/2020\/06\/online-lotto.png 400w, https:\/\/lottomat.com\/wp-content\/uploads\/2020\/06\/online-lotto-300x300.png 300w, https:\/\/lottomat.com\/wp-content\/uploads\/2020\/06\/online-lotto-150x150.png 150w, https:\/\/lottomat.com\/wp-content\/uploads\/2020\/06\/online-lotto-100x100.png 100w\" sizes=\"auto, (max-width: 130px) 100vw, 130px\" \/>Exist\u0103 metode pentru a c\u00e2\u0219tiga?<\/h2>\n<p>Vrem s\u0103 te asigur\u0103m c\u0103 nu cunoa\u0219tem astfel de metode. Loteriile, ca majoritatea jocurilor cu numere, se bazeaz\u0103 pe \u00eent\u00e2mplare. Probabil ai auzit c\u0103 cineva a descoperit un sistem pentru jocul Loto sau un alt joc de noroc. \u00cen ciuda dovezilor care sugereaz\u0103 c\u0103 anumite numere sunt extrase mai des dec\u00e2t altele, exper\u021bii sunt de acord c\u0103 nu exist\u0103 un sistem dovedit. Acesta este paradoxul Loto. Toat\u0103 lumea are acelea\u0219i \u0219anse aici, deci poate chiar ast\u0103zi setul t\u0103u de numere va c\u00e2\u0219tiga. A\u0219adar, hai s\u0103 juc\u0103m sistematic, pentru c\u0103 norocul poate z\u00e2mbi oric\u00e2nd. C\u00e2\u0219tig\u0103torii no\u0219tri actuali sugereaz\u0103 c\u0103 regularitatea \u0219i jocul constant sunt cheile c\u0103tre c\u00e2\u0219tig.<\/p>\n<hr \/>\n<h2 style=\"text-align: center;\"><span style=\"color: #00b3ff;\">Cu noi, po\u021bi juca 24\/7, 365 de zile pe an.<\/span><\/h2>\n","protected":false},"excerpt":{"rendered":"<p>Pot juca la loteriile disponibile \u00een alte \u021b\u0103ri? Da, Da, Da! R\u0103spunsul la cea mai frecvent\u0103 \u00eentrebare adresat\u0103 de juc\u0103torii no\u0219tri este da &#8211; po\u021bi juca la cele mai mari loterii din lume indiferent de \u021bara ta de re\u0219edin\u021b\u0103. Pe site-ul Lottomat, cele mai mari loterii \u00ee\u021bi sunt disponibile f\u0103r\u0103 s\u0103 fie nevoie s\u0103 vizitezi [&hellip;]<\/p>\n","protected":false},"author":1,"featured_media":0,"parent":0,"menu_order":1,"comment_status":"closed","ping_status":"closed","template":"lotto.php","meta":{"_et_pb_use_builder":"","_et_pb_old_content":"","_et_gb_content_width":"","exclude_from_search":false,"footnotes":""},"class_list":["post-6427","page","type-page","status-publish","hentry"],"yoast_head":"<!-- This site is optimized with the Yoast SEO plugin v23.8 - https:\/\/yoast.com\/wordpress\/plugins\/seo\/ -->\n<title>Bilete Loto Online \u2013 Rezultate &amp; Numere C\u00e2\u0219tig\u0103toare - Lottomat<\/title>\n<meta name=\"description\" content=\"Lottomat ofer\u0103 cele mai mari loterii din lume cu cele mai bune jackpoturi. Joac\u0103 online \u0219i c\u00e2\u0219tig\u0103! Cump\u0103r\u0103 bilete \u0219i verific\u0103 rezultatele.\" \/>\n<meta name=\"robots\" content=\"index, follow, max-snippet:-1, max-image-preview:large, max-video-preview:-1\" \/>\n<link rel=\"canonical\" href=\"https:\/\/lottomat.com\/ro\/\" \/>\n<meta property=\"og:locale\" content=\"ro_RO\" \/>\n<meta property=\"og:type\" content=\"article\" \/>\n<meta property=\"og:title\" content=\"Bilete Loto Online \u2013 Rezultate &amp; Numere C\u00e2\u0219tig\u0103toare - Lottomat\" \/>\n<meta property=\"og:description\" content=\"Lottomat ofer\u0103 cele mai mari loterii din lume cu cele mai bune jackpoturi. Joac\u0103 online \u0219i c\u00e2\u0219tig\u0103! Cump\u0103r\u0103 bilete \u0219i verific\u0103 rezultatele.\" \/>\n<meta property=\"og:url\" content=\"https:\/\/lottomat.com\/ro\/\" \/>\n<meta property=\"og:site_name\" content=\"Lottomat\" \/>\n<meta property=\"article:modified_time\" content=\"2026-02-13T11:11:21+00:00\" \/>\n<meta property=\"og:image\" content=\"https:\/\/lottomat.com\/wp-content\/uploads\/2025\/03\/play-lotteries-available-in-other-countries-300x300.png\" \/>\n<meta name=\"twitter:card\" content=\"summary_large_image\" \/>\n<meta name=\"twitter:label1\" content=\"Timp estimat pentru citire\" \/>\n\t<meta name=\"twitter:data1\" content=\"4 minute\" \/>\n<script type=\"application\/ld+json\" class=\"yoast-schema-graph\">{\"@context\":\"https:\/\/schema.org\",\"@graph\":[{\"@type\":\"WebPage\",\"@id\":\"https:\/\/lottomat.com\/ro\/\",\"url\":\"https:\/\/lottomat.com\/ro\/\",\"name\":\"Bilete Loto Online \u2013 Rezultate & Numere C\u00e2\u0219tig\u0103toare - Lottomat\",\"isPartOf\":{\"@id\":\"https:\/\/lottomat.com\/ro\/#website\"},\"primaryImageOfPage\":{\"@id\":\"https:\/\/lottomat.com\/ro\/#primaryimage\"},\"image\":{\"@id\":\"https:\/\/lottomat.com\/ro\/#primaryimage\"},\"thumbnailUrl\":\"https:\/\/lottomat.com\/wp-content\/uploads\/2025\/03\/play-lotteries-available-in-other-countries-300x300.png\",\"datePublished\":\"2025-03-26T07:12:15+00:00\",\"dateModified\":\"2026-02-13T11:11:21+00:00\",\"description\":\"Lottomat ofer\u0103 cele mai mari loterii din lume cu cele mai bune jackpoturi. Joac\u0103 online \u0219i c\u00e2\u0219tig\u0103! Cump\u0103r\u0103 bilete \u0219i verific\u0103 rezultatele.\",\"breadcrumb\":{\"@id\":\"https:\/\/lottomat.com\/ro\/#breadcrumb\"},\"inLanguage\":\"ro-RO\",\"potentialAction\":[{\"@type\":\"ReadAction\",\"target\":[\"https:\/\/lottomat.com\/ro\/\"]}]},{\"@type\":\"ImageObject\",\"inLanguage\":\"ro-RO\",\"@id\":\"https:\/\/lottomat.com\/ro\/#primaryimage\",\"url\":\"https:\/\/lottomat.com\/wp-content\/uploads\/2025\/03\/play-lotteries-available-in-other-countries-300x300.png\",\"contentUrl\":\"https:\/\/lottomat.com\/wp-content\/uploads\/2025\/03\/play-lotteries-available-in-other-countries-300x300.png\"},{\"@type\":\"BreadcrumbList\",\"@id\":\"https:\/\/lottomat.com\/ro\/#breadcrumb\",\"itemListElement\":[{\"@type\":\"ListItem\",\"position\":1,\"name\":\"Home\",\"item\":\"https:\/\/lottomat.com\/ro\/\"},{\"@type\":\"ListItem\",\"position\":2,\"name\":\"Lottomat &#8211; cele mai mari loterii din lume \u00eentr-un singur loc\"}]},{\"@type\":\"WebSite\",\"@id\":\"https:\/\/lottomat.com\/ro\/#website\",\"url\":\"https:\/\/lottomat.com\/ro\/\",\"name\":\"Lottomat\",\"description\":\"\",\"potentialAction\":[{\"@type\":\"SearchAction\",\"target\":{\"@type\":\"EntryPoint\",\"urlTemplate\":\"https:\/\/lottomat.com\/ro\/?s={search_term_string}\"},\"query-input\":{\"@type\":\"PropertyValueSpecification\",\"valueRequired\":true,\"valueName\":\"search_term_string\"}}],\"inLanguage\":\"ro-RO\"}]}<\/script>\n<!-- \/ Yoast SEO plugin. -->","yoast_head_json":{"title":"Bilete Loto Online \u2013 Rezultate & Numere C\u00e2\u0219tig\u0103toare - Lottomat","description":"Lottomat ofer\u0103 cele mai mari loterii din lume cu cele mai bune jackpoturi. Joac\u0103 online \u0219i c\u00e2\u0219tig\u0103! Cump\u0103r\u0103 bilete \u0219i verific\u0103 rezultatele.","robots":{"index":"index","follow":"follow","max-snippet":"max-snippet:-1","max-image-preview":"max-image-preview:large","max-video-preview":"max-video-preview:-1"},"canonical":"https:\/\/lottomat.com\/ro\/","og_locale":"ro_RO","og_type":"article","og_title":"Bilete Loto Online \u2013 Rezultate & Numere C\u00e2\u0219tig\u0103toare - Lottomat","og_description":"Lottomat ofer\u0103 cele mai mari loterii din lume cu cele mai bune jackpoturi. Joac\u0103 online \u0219i c\u00e2\u0219tig\u0103! Cump\u0103r\u0103 bilete \u0219i verific\u0103 rezultatele.","og_url":"https:\/\/lottomat.com\/ro\/","og_site_name":"Lottomat","article_modified_time":"2026-02-13T11:11:21+00:00","og_image":[{"url":"https:\/\/lottomat.com\/wp-content\/uploads\/2025\/03\/play-lotteries-available-in-other-countries-300x300.png"}],"twitter_card":"summary_large_image","twitter_misc":{"Timp estimat pentru citire":"4 minute"},"schema":{"@context":"https:\/\/schema.org","@graph":[{"@type":"WebPage","@id":"https:\/\/lottomat.com\/ro\/","url":"https:\/\/lottomat.com\/ro\/","name":"Bilete Loto Online \u2013 Rezultate & Numere C\u00e2\u0219tig\u0103toare - Lottomat","isPartOf":{"@id":"https:\/\/lottomat.com\/ro\/#website"},"primaryImageOfPage":{"@id":"https:\/\/lottomat.com\/ro\/#primaryimage"},"image":{"@id":"https:\/\/lottomat.com\/ro\/#primaryimage"},"thumbnailUrl":"https:\/\/lottomat.com\/wp-content\/uploads\/2025\/03\/play-lotteries-available-in-other-countries-300x300.png","datePublished":"2025-03-26T07:12:15+00:00","dateModified":"2026-02-13T11:11:21+00:00","description":"Lottomat ofer\u0103 cele mai mari loterii din lume cu cele mai bune jackpoturi. Joac\u0103 online \u0219i c\u00e2\u0219tig\u0103! Cump\u0103r\u0103 bilete \u0219i verific\u0103 rezultatele.","breadcrumb":{"@id":"https:\/\/lottomat.com\/ro\/#breadcrumb"},"inLanguage":"ro-RO","potentialAction":[{"@type":"ReadAction","target":["https:\/\/lottomat.com\/ro\/"]}]},{"@type":"ImageObject","inLanguage":"ro-RO","@id":"https:\/\/lottomat.com\/ro\/#primaryimage","url":"https:\/\/lottomat.com\/wp-content\/uploads\/2025\/03\/play-lotteries-available-in-other-countries-300x300.png","contentUrl":"https:\/\/lottomat.com\/wp-content\/uploads\/2025\/03\/play-lotteries-available-in-other-countries-300x300.png"},{"@type":"BreadcrumbList","@id":"https:\/\/lottomat.com\/ro\/#breadcrumb","itemListElement":[{"@type":"ListItem","position":1,"name":"Home","item":"https:\/\/lottomat.com\/ro\/"},{"@type":"ListItem","position":2,"name":"Lottomat &#8211; cele mai mari loterii din lume \u00eentr-un singur loc"}]},{"@type":"WebSite","@id":"https:\/\/lottomat.com\/ro\/#website","url":"https:\/\/lottomat.com\/ro\/","name":"Lottomat","description":"","potentialAction":[{"@type":"SearchAction","target":{"@type":"EntryPoint","urlTemplate":"https:\/\/lottomat.com\/ro\/?s={search_term_string}"},"query-input":{"@type":"PropertyValueSpecification","valueRequired":true,"valueName":"search_term_string"}}],"inLanguage":"ro-RO"}]}},"_links":{"self":[{"href":"https:\/\/lottomat.com\/ro\/wp-json\/wp\/v2\/pages\/6427","targetHints":{"allow":["GET"]}}],"collection":[{"href":"https:\/\/lottomat.com\/ro\/wp-json\/wp\/v2\/pages"}],"about":[{"href":"https:\/\/lottomat.com\/ro\/wp-json\/wp\/v2\/types\/page"}],"author":[{"embeddable":true,"href":"https:\/\/lottomat.com\/ro\/wp-json\/wp\/v2\/users\/1"}],"replies":[{"embeddable":true,"href":"https:\/\/lottomat.com\/ro\/wp-json\/wp\/v2\/comments?post=6427"}],"version-history":[{"count":1,"href":"https:\/\/lottomat.com\/ro\/wp-json\/wp\/v2\/pages\/6427\/revisions"}],"predecessor-version":[{"id":270974,"href":"https:\/\/lottomat.com\/ro\/wp-json\/wp\/v2\/pages\/6427\/revisions\/270974"}],"wp:attachment":[{"href":"https:\/\/lottomat.com\/ro\/wp-json\/wp\/v2\/media?parent=6427"}],"curies":[{"name":"wp","href":"https:\/\/api.w.org\/{rel}","templated":true}]}}