{"id":249506,"date":"2025-08-06T14:32:38","date_gmt":"2025-08-06T14:32:38","guid":{"rendered":"https:\/\/lottomat.com\/?page_id=249506"},"modified":"2025-08-12T15:45:28","modified_gmt":"2025-08-12T15:45:28","slug":"french-keno","status":"publish","type":"page","link":"https:\/\/lottomat.com\/ro\/rezultate\/french-keno\/","title":{"rendered":"Rezultatele Keno Francez &#8211; Numere C\u00e2\u0219tig\u0103toare la Keno Francez"},"content":{"rendered":"\n\n<div class=\"kk-star-ratings kksr-auto kksr-align-left kksr-valign-top\"\n    data-payload='{&quot;align&quot;:&quot;left&quot;,&quot;id&quot;:&quot;249506&quot;,&quot;slug&quot;:&quot;default&quot;,&quot;valign&quot;:&quot;top&quot;,&quot;ignore&quot;:&quot;&quot;,&quot;reference&quot;:&quot;auto&quot;,&quot;class&quot;:&quot;&quot;,&quot;count&quot;:&quot;0&quot;,&quot;legendonly&quot;:&quot;&quot;,&quot;readonly&quot;:&quot;&quot;,&quot;score&quot;:&quot;0&quot;,&quot;starsonly&quot;:&quot;&quot;,&quot;best&quot;:&quot;5&quot;,&quot;gap&quot;:&quot;5&quot;,&quot;greet&quot;:&quot;Rate this page&quot;,&quot;legend&quot;:&quot;0\\\/5 - (0 votes)&quot;,&quot;size&quot;:&quot;30&quot;,&quot;title&quot;:&quot;Rezultatele Keno Francez - Numere C\u00e2\u0219tig\u0103toare la Keno Francez&quot;,&quot;width&quot;:&quot;0&quot;,&quot;_legend&quot;:&quot;{score}\\\/{best} - ({count} {votes})&quot;,&quot;font_factor&quot;:&quot;1.25&quot;}'>\n            \n<div class=\"kksr-stars\">\n    \n<div class=\"kksr-stars-inactive\">\n            <div class=\"kksr-star\" data-star=\"1\" style=\"padding-right: 5px\">\n            \n\n<div class=\"kksr-icon\" style=\"width: 30px; height: 30px;\"><\/div>\n        <\/div>\n            <div class=\"kksr-star\" data-star=\"2\" style=\"padding-right: 5px\">\n            \n\n<div class=\"kksr-icon\" style=\"width: 30px; height: 30px;\"><\/div>\n        <\/div>\n            <div class=\"kksr-star\" data-star=\"3\" style=\"padding-right: 5px\">\n            \n\n<div class=\"kksr-icon\" style=\"width: 30px; height: 30px;\"><\/div>\n        <\/div>\n            <div class=\"kksr-star\" data-star=\"4\" style=\"padding-right: 5px\">\n            \n\n<div class=\"kksr-icon\" style=\"width: 30px; height: 30px;\"><\/div>\n        <\/div>\n            <div class=\"kksr-star\" data-star=\"5\" style=\"padding-right: 5px\">\n            \n\n<div class=\"kksr-icon\" style=\"width: 30px; height: 30px;\"><\/div>\n        <\/div>\n    <\/div>\n    \n<div class=\"kksr-stars-active\" style=\"width: 0px;\">\n            <div class=\"kksr-star\" style=\"padding-right: 5px\">\n            \n\n<div class=\"kksr-icon\" style=\"width: 30px; height: 30px;\"><\/div>\n        <\/div>\n            <div class=\"kksr-star\" style=\"padding-right: 5px\">\n            \n\n<div class=\"kksr-icon\" style=\"width: 30px; height: 30px;\"><\/div>\n        <\/div>\n            <div class=\"kksr-star\" style=\"padding-right: 5px\">\n            \n\n<div class=\"kksr-icon\" style=\"width: 30px; height: 30px;\"><\/div>\n        <\/div>\n            <div class=\"kksr-star\" style=\"padding-right: 5px\">\n            \n\n<div class=\"kksr-icon\" style=\"width: 30px; height: 30px;\"><\/div>\n        <\/div>\n            <div class=\"kksr-star\" style=\"padding-right: 5px\">\n            \n\n<div class=\"kksr-icon\" style=\"width: 30px; height: 30px;\"><\/div>\n        <\/div>\n    <\/div>\n<\/div>\n                \n\n<div class=\"kksr-legend\" style=\"font-size: 24px;\">\n            <span class=\"kksr-muted\">Rate this page<\/span>\n    <\/div>\n    <\/div>\n<h2><a href=\"https:\/\/lottomat.com\/ro\/joaca\/\"><img loading=\"lazy\" decoding=\"async\" class=\"aligncenter wp-image-249397 size-full\" src=\"https:\/\/lottomat.com\/wp-content\/uploads\/2025\/08\/Romanian.png\" alt=\"Rezultatele Keno Francez\" width=\"1140\" height=\"179\" srcset=\"https:\/\/lottomat.com\/wp-content\/uploads\/2025\/08\/Romanian.png 1140w, https:\/\/lottomat.com\/wp-content\/uploads\/2025\/08\/Romanian-980x154.png 980w, https:\/\/lottomat.com\/wp-content\/uploads\/2025\/08\/Romanian-480x75.png 480w\" sizes=\"auto, (min-width: 0px) and (max-width: 480px) 480px, (min-width: 481px) and (max-width: 980px) 980px, (min-width: 981px) 1140px, 100vw\" \/><\/a><\/h2>\r\n<h2 class=\"wp-block-heading\">Cum verifici rezultatele Keno de ast\u0103zi \u00een Fran\u021ba?<\/h2>\r\n<!-- \/wp:post-content -->\r\n\r\n<!-- wp:paragraph -->\r\n\r\nMii de oameni a\u0219teapt\u0103 cu ner\u0103bdare rezultatele Keno Francez \u00een fiecare zi. \u00cen Fran\u021ba, exist\u0103 mai multe moduri de a verifica aceste rezultate. \u00cen primul r\u00e2nd, ziarele locale public\u0103 zilnic numerele c\u00e2\u0219tig\u0103toare la Keno Francez. \u00cen plus, punctele locale de v\u00e2nzare a biletelor afi\u0219eaz\u0103 \u0219i ele rezultatele dup\u0103 fiecare extragere. Iar canalele de social media precum Twitter \u0219i Facebook \u00ee\u0219i informeaz\u0103 des abona\u021bii cu <strong>cele mai recente rezultate Keno Francez<\/strong>.\r\n\r\n<!-- \/wp:paragraph -->\r\n\r\n<!-- wp:heading -->\r\n<h2 class=\"wp-block-heading\">Verific\u0103 numerele c\u00e2\u0219tig\u0103toare de ast\u0103zi la Keno Francez pe Lottomat!<img loading=\"lazy\" decoding=\"async\" class=\"alignright wp-image-5808\" src=\"https:\/\/lottomat.com\/wp-content\/uploads\/2025\/03\/Mega-Millions-drawings.png\" alt=\"numere c\u00e2\u0219tig\u0103toare de ast\u0103zi la Keno Francez\" width=\"130\" height=\"130\" srcset=\"https:\/\/lottomat.com\/wp-content\/uploads\/2025\/03\/Mega-Millions-drawings.png 400w, https:\/\/lottomat.com\/wp-content\/uploads\/2025\/03\/Mega-Millions-drawings-300x300.png 300w, https:\/\/lottomat.com\/wp-content\/uploads\/2025\/03\/Mega-Millions-drawings-150x150.png 150w, https:\/\/lottomat.com\/wp-content\/uploads\/2025\/03\/Mega-Millions-drawings-100x100.png 100w\" sizes=\"auto, (max-width: 130px) 100vw, 130px\" \/><\/h2>\r\n<!-- \/wp:heading -->\r\n\r\n<!-- wp:paragraph -->\r\n\r\n<a href=\"https:\/\/lottomat.com\/ro\/\">Lottomat<\/a> se diferen\u021biaz\u0103 ca o alternativ\u0103 modern\u0103 la metodele tradi\u021bionale de chio\u0219c ale FDJ. Incomparabil ca vitez\u0103 \u0219i u\u0219urin\u021b\u0103 \u00een utilizare, acest site web este accesibil tuturor (desigur, adul\u021bilor), fie c\u0103 e\u0219ti \u00een Fran\u021ba sau \u00een alt\u0103 parte.\r\n\r\n<!-- \/wp:paragraph -->\r\n\r\n<!-- wp:paragraph -->\r\n\r\nOb\u021bine instantaneu cele mai noi rezultate la Keno Francez \u0219i compar\u0103 numerele tale cu <a href=\"https:\/\/lottomat.com\/ro\/keno-rezultate\/\">numerele c\u00e2\u0219tig\u0103toare la Keno<\/a>.\r\n\r\n<!-- \/wp:paragraph -->\r\n\r\n<!-- wp:heading -->\r\n<h2 class=\"wp-block-heading\">C\u00e2nd are loc extragerea Keno Francez?<\/h2>\r\n<!-- \/wp:heading -->\r\n\r\n<!-- wp:paragraph -->\r\n\r\nKeno se extrage de dou\u0103 ori pe zi, \u00een fiecare zi. Aceast\u0103 frecven\u021b\u0103 asigur\u0103 o nou\u0103 \u0219ans\u0103 de a intra \u00een cercul c\u00e2\u0219tig\u0103torilor Keno Francez la fiecare oportunitate.\r\n\r\n<!-- \/wp:paragraph -->\r\n\r\n<!-- wp:heading -->\r\n<h2 class=\"wp-block-heading\"><img loading=\"lazy\" decoding=\"async\" class=\"alignleft wp-image-5866\" src=\"https:\/\/lottomat.com\/wp-content\/uploads\/2025\/03\/Prizes-in-Mega-Millions.png\" alt=\"Rezultate Keno Francez\" width=\"130\" height=\"130\" srcset=\"https:\/\/lottomat.com\/wp-content\/uploads\/2025\/03\/Prizes-in-Mega-Millions.png 400w, https:\/\/lottomat.com\/wp-content\/uploads\/2025\/03\/Prizes-in-Mega-Millions-300x300.png 300w, https:\/\/lottomat.com\/wp-content\/uploads\/2025\/03\/Prizes-in-Mega-Millions-150x150.png 150w, https:\/\/lottomat.com\/wp-content\/uploads\/2025\/03\/Prizes-in-Mega-Millions-100x100.png 100w\" sizes=\"auto, (max-width: 130px) 100vw, 130px\" \/>Rezultate Keno Francez \u0219i Arhiva Numerelor C\u00e2\u0219tig\u0103toare<\/h2>\r\n<!-- \/wp:heading -->\r\n\r\n<!-- wp:paragraph -->\r\n\r\nDe-a lungul istoriei sale \u00eendelungate, Keno Francez a cunoscut mii de extrageri \u0219i o <strong>multitudine de numere c\u00e2\u0219tig\u0103toare la Keno Francez<\/strong>.\r\n\r\n<!-- \/wp:paragraph -->\r\n\r\n<!-- wp:paragraph -->\r\n\r\nPentru juc\u0103torii pasiona\u021bi, Lottomat a devenit un punct de referin\u021b\u0103 indispensabil, oferind acces la rezultatele Keno Francez din extragerile anterioare. Cu doar c\u00e2teva clickuri, po\u021bi explora arhiva \u0219i descoperi numerele extrase la o anumit\u0103 dat\u0103.\r\n\r\n<!-- \/wp:paragraph -->\r\n\r\n<!-- wp:paragraph -->\r\n\r\nA\u0219adar, fie c\u0103 e\u0219ti un juc\u0103tor regulat care dore\u0219te s\u0103-\u0219i ajusteze strategia, fie c\u0103 vrei doar s\u0103 afli dac\u0103 numerele tale preferate au mai c\u00e2\u0219tigat vreodat\u0103, Lottomat este instrumentul perfect pentru tine.\r\n\r\n<!-- \/wp:paragraph -->\r\n\r\n<!-- wp:heading -->\r\n<h2 class=\"wp-block-heading\">Keno Francez: C\u00e2\u0219tig\u0103tori &amp; Premii<\/h2>\r\n<!-- \/wp:heading -->\r\n\r\n<!-- wp:paragraph -->\r\n\r\nEmo\u021bia Keno-ului st\u0103 \u00een anticiparea numerelor c\u00e2\u0219tig\u0103toare la Keno Francez \u0219i posibilitatea de a c\u00e2\u0219tiga unul dintre multele premii puse la b\u0103taie.\r\n\r\n<!-- \/wp:paragraph -->\r\n\r\n<!-- wp:paragraph -->\r\n\r\nFiecare extragere este un dans al numerelor, unde unii au norocul s\u0103 fie \u00eencorona\u021bi drept c\u00e2\u0219tig\u0103tori la Keno Francez. Premiile variaz\u0103 de la sume modeste la c\u00e2\u0219tiguri care \u00ee\u021bi pot schimba via\u021ba.\r\n\r\n<!-- \/wp:paragraph -->\r\n\r\n<!-- wp:paragraph -->\r\n\r\n<strong>Verific\u00e2nd rezultatele Keno Francez<\/strong>, po\u021bi vedea gama de c\u00e2\u0219tiguri posibile, de la cele modeste la cele impresionante. Dup\u0103 cum \u00ee\u021bi va spune orice c\u00e2\u0219tig\u0103tor, fiecare bilet cump\u0103rat este o nou\u0103 oportunitate, o nou\u0103 \u0219ans\u0103 de a-\u021bi transforma visurile \u00een realitate. Dac\u0103 vrei s\u0103 afli mai multe \u2013 <a href=\"https:\/\/lottomat.com\/ro\/informatie\/french-keno\/\">verific\u0103 premiile la Keno Francez<\/a> pe site-ul nostru.\r\n\r\n<!-- \/wp:paragraph -->\r\n\r\n<!-- wp:heading -->\r\n<h2 class=\"wp-block-heading\">Numere c\u00e2\u0219tig\u0103toare la Keno Francez<img loading=\"lazy\" decoding=\"async\" class=\"alignright wp-image-5895\" src=\"https:\/\/lottomat.com\/wp-content\/uploads\/2025\/03\/Who-can-play-in-Mega-Millions-online.png\" alt=\"numere c\u00e2\u0219tig\u0103toare la Keno Francez\" width=\"130\" height=\"130\" srcset=\"https:\/\/lottomat.com\/wp-content\/uploads\/2025\/03\/Who-can-play-in-Mega-Millions-online.png 400w, https:\/\/lottomat.com\/wp-content\/uploads\/2025\/03\/Who-can-play-in-Mega-Millions-online-300x300.png 300w, https:\/\/lottomat.com\/wp-content\/uploads\/2025\/03\/Who-can-play-in-Mega-Millions-online-150x150.png 150w, https:\/\/lottomat.com\/wp-content\/uploads\/2025\/03\/Who-can-play-in-Mega-Millions-online-100x100.png 100w\" sizes=\"auto, (max-width: 130px) 100vw, 130px\" \/><\/h2>\r\n<!-- \/wp:heading -->\r\n\r\n<!-- wp:paragraph -->\r\n\r\nRezultatele la Keno Francez pot schimba vie\u021bi, iar totul depinde de numerele pe care le alegi. De aceea, este esen\u021bial s\u0103 analizezi cu aten\u021bie fiecare num\u0103r.\r\n\r\n<!-- \/wp:paragraph -->\r\n\r\n<!-- wp:paragraph -->\r\n\r\nMul\u021bi juc\u0103tori au propriile rutine, aleg\u00e2nd numere bazate pe date semnificative, \u00een timp ce al\u021bii se bazeaz\u0103 pe statistici, analiz\u00e2nd cele mai frecvent sau mai rar extrase numere.\r\n\r\n<!-- \/wp:paragraph -->\r\n\r\n<!-- wp:paragraph -->\r\n\r\nOrice strategie ai avea, nu uita c\u0103 oricare num\u0103r are \u0219ansa s\u0103 fie printre numerele c\u00e2\u0219tig\u0103toare la Keno Francez \u0219i c\u0103 un singur num\u0103r poate face diferen\u021ba dintre o zi obi\u0219nuit\u0103 \u0219i una extraordinar\u0103.\r\n\r\n<!-- \/wp:paragraph -->\r\n\r\n<!-- wp:heading {\"level\":3} -->\r\n<h3 class=\"wp-block-heading\">Keno Francez &#8211; Cele mai frecvent extrase numere<\/h3>\r\n<!-- \/wp:heading -->\r\n\r\n<!-- wp:paragraph -->\r\n\r\nC\u00e2nd analiz\u0103m <strong>arhiva rezultatelor Keno Francez<\/strong>, unele numere par s\u0103 apar\u0103 ceva mai des dec\u00e2t altele. Acestea sunt cele mai frecvent extrase numere c\u00e2\u0219tig\u0103toare la Keno Francez:\r\n\r\n<!-- \/wp:paragraph -->\r\n\r\n<!-- wp:list -->\r\n<ul>\r\n \t<li style=\"list-style-type: none;\">\r\n<ul><!-- wp:list-item -->\r\n \t<li>Num\u0103rul 10 se remarc\u0103 \u00een frunte, fiind extras impresionant de 302 ori.<\/li>\r\n<\/ul>\r\n<\/li>\r\n<\/ul>\r\n<!-- \/wp:list-item -->\r\n\r\n<!-- wp:list-item -->\r\n<ul>\r\n \t<li style=\"list-style-type: none;\">\r\n<ul>\r\n \t<li>Imediat dup\u0103, num\u0103rul 53 a fost extras de 301 ori, plas\u00e2ndu-l printre favorite.<\/li>\r\n<\/ul>\r\n<\/li>\r\n<\/ul>\r\n<!-- \/wp:list-item -->\r\n\r\n<!-- wp:list-item -->\r\n<ul>\r\n \t<li style=\"list-style-type: none;\">\r\n<ul>\r\n \t<li>Num\u0103rul 5 nu este departe, cu 289 de apari\u021bii.<\/li>\r\n<\/ul>\r\n<\/li>\r\n<\/ul>\r\n<!-- \/wp:list-item -->\r\n\r\n<!-- wp:list-item -->\r\n<ul>\r\n \t<li style=\"list-style-type: none;\">\r\n<ul>\r\n \t<li>Numerele 37 \u0219i 33 au demonstrat \u0219i ele popularitatea, cu 283, respectiv 281 de extrageri.<\/li>\r\n<\/ul>\r\n<\/li>\r\n<\/ul>\r\n<!-- \/wp:list-item -->\r\n\r\n<!-- wp:list-item -->\r\n<ul>\r\n \t<li style=\"list-style-type: none;\">\r\n<ul>\r\n \t<li>Numerele 34 \u0219i 25 completeaz\u0103 lista cu 279, respectiv 275 de extrageri.<\/li>\r\n<\/ul>\r\n<\/li>\r\n<\/ul>\r\n<!-- \/wp:list-item --><!-- \/wp:list -->\r\n\r\n<!-- wp:paragraph -->\r\n\r\nInteresant este c\u0103, de\u0219i apar des, aceste numere nu garanteaz\u0103 c\u00e2\u0219tiguri viitoare. Cu toate acestea, fac parte integrant\u0103 din lunga istorie a rezultatelor Keno Francez.\r\n\r\n<!-- \/wp:paragraph -->\r\n\r\n<!-- wp:heading {\"level\":3} -->\r\n<h3 class=\"wp-block-heading\">Keno Francez &#8211; Cele mai rar extrase numere<\/h3>\r\n<!-- \/wp:heading -->\r\n\r\n<!-- wp:paragraph -->\r\n\r\n\u00cen acela\u0219i mod, anumite numere par s\u0103 fie mai pu\u021bin norocoase la extrageri. Iat\u0103 care sunt numerele cel mai rar extrase ca numere c\u00e2\u0219tig\u0103toare la Keno Francez:\r\n\r\n<!-- \/wp:paragraph -->\r\n\r\n<!-- wp:list -->\r\n<ul>\r\n \t<li style=\"list-style-type: none;\">\r\n<ul><!-- wp:list-item -->\r\n \t<li>Num\u0103rul 26 conduce aceast\u0103 list\u0103, fiind extras doar de 218 ori.<\/li>\r\n<\/ul>\r\n<\/li>\r\n<\/ul>\r\n<!-- \/wp:list-item -->\r\n\r\n<!-- wp:list-item -->\r\n<ul>\r\n \t<li style=\"list-style-type: none;\">\r\n<ul>\r\n \t<li>Urmat \u00eendeaproape de 21, care a fost extras de 220 de ori.<\/li>\r\n<\/ul>\r\n<\/li>\r\n<\/ul>\r\n<!-- \/wp:list-item -->\r\n\r\n<!-- wp:list-item -->\r\n<ul>\r\n \t<li style=\"list-style-type: none;\">\r\n<ul>\r\n \t<li>Numerele 55, 15 \u0219i 22 au fost \u0219i ele mai pu\u021bin norocoase, cu 222, 228 \u0219i 235 de extrageri.<\/li>\r\n<\/ul>\r\n<\/li>\r\n<\/ul>\r\n<!-- \/wp:list-item -->\r\n\r\n<!-- wp:list-item -->\r\n<ul>\r\n \t<li style=\"list-style-type: none;\">\r\n<ul>\r\n \t<li>\u00cen final, numerele 48 \u0219i 44 \u00eenchid lista cu 240 \u0219i 243 de apari\u021bii.<\/li>\r\n<\/ul>\r\n<\/li>\r\n<\/ul>\r\n<!-- \/wp:list-item --><!-- \/wp:list -->\r\n\r\n<!-- wp:paragraph -->\r\n\r\nDin nou, este important s\u0103 \u021bii cont c\u0103 Keno este un joc de noroc. De\u0219i aceste statistici sunt interesante, nu ar trebui s\u0103-\u021bi influen\u021beze excesiv strategia de joc sau alegerea numerelor. Fiecare extragere ofer\u0103 o nou\u0103 \u0219ans\u0103 de a vedea oricare dintre c\u00e2\u0219tig\u0103torii Keno Francez.\r\n\r\n<!-- \/wp:paragraph -->\r\n\r\n<!-- wp:paragraph -->\r\n\r\nAminte\u0219te-\u021bi mereu c\u0103 jocurile de noroc trebuie s\u0103 fie o distrac\u021bie. Rezultatele Keno Francez \u00ee\u021bi pot aduce bucurie \u0219i emo\u021bie, dar joac\u0103 \u00eentotdeauna responsabil.\r\n\r\n<!-- \/wp:paragraph -->\r\n\r\n<!-- wp:paragraph -->\r\n\r\nVrei s\u0103 joci? Clic \u0219i cump\u0103r\u0103 <a href=\"https:\/\/lottomat.com\/ro\/joaca\/french-keno\/\">biletele Keno Francez online<\/a> oric\u00e2nd dore\u0219ti\r\n\r\n<!-- \/wp:paragraph -->","protected":false},"excerpt":{"rendered":"<p>Cum verifici rezultatele Keno de ast\u0103zi \u00een Fran\u021ba? Mii de oameni a\u0219teapt\u0103 cu ner\u0103bdare rezultatele Keno Francez \u00een fiecare zi. \u00cen Fran\u021ba, exist\u0103 mai multe moduri de a verifica aceste rezultate. \u00cen primul r\u00e2nd, ziarele locale public\u0103 zilnic numerele c\u00e2\u0219tig\u0103toare la Keno Francez. \u00cen plus, punctele locale de v\u00e2nzare a biletelor afi\u0219eaz\u0103 \u0219i ele rezultatele [&hellip;]<\/p>\n","protected":false},"author":2,"featured_media":0,"parent":7448,"menu_order":0,"comment_status":"closed","ping_status":"closed","template":"","meta":{"_et_pb_use_builder":"","_et_pb_old_content":"","_et_gb_content_width":"","exclude_from_search":false,"footnotes":""},"class_list":["post-249506","page","type-page","status-publish","hentry"],"yoast_head":"<!-- This site is optimized with the Yoast SEO plugin v23.8 - https:\/\/yoast.com\/wordpress\/plugins\/seo\/ -->\n<title>Rezultatele Keno Francez - Numere C\u00e2\u0219tig\u0103toare la Keno Francez<\/title>\n<meta name=\"description\" content=\"Verific\u0103 cele mai recente rezultate la Keno Francez. Aici po\u021bi compara numerele tale cu numerele c\u00e2\u0219tig\u0103toare oficiale ale Keno Francez.\" \/>\n<meta name=\"robots\" content=\"index, follow, max-snippet:-1, max-image-preview:large, max-video-preview:-1\" \/>\n<link rel=\"canonical\" href=\"https:\/\/lottomat.com\/ro\/rezultate\/french-keno\/\" \/>\n<meta property=\"og:locale\" content=\"ro_RO\" \/>\n<meta property=\"og:type\" content=\"article\" \/>\n<meta property=\"og:title\" content=\"Rezultatele Keno Francez - Numere C\u00e2\u0219tig\u0103toare la Keno Francez\" \/>\n<meta property=\"og:description\" content=\"Verific\u0103 cele mai recente rezultate la Keno Francez. Aici po\u021bi compara numerele tale cu numerele c\u00e2\u0219tig\u0103toare oficiale ale Keno Francez.\" \/>\n<meta property=\"og:url\" content=\"https:\/\/lottomat.com\/ro\/rezultate\/french-keno\/\" \/>\n<meta property=\"og:site_name\" content=\"Lottomat\" \/>\n<meta property=\"article:modified_time\" content=\"2025-08-12T15:45:28+00:00\" \/>\n<meta property=\"og:image\" content=\"https:\/\/lottomat.com\/wp-content\/uploads\/2025\/08\/Romanian.png\" \/>\n<meta name=\"twitter:card\" content=\"summary_large_image\" \/>\n<meta name=\"twitter:label1\" content=\"Timp estimat pentru citire\" \/>\n\t<meta name=\"twitter:data1\" content=\"5 minute\" \/>\n<script type=\"application\/ld+json\" class=\"yoast-schema-graph\">{\"@context\":\"https:\/\/schema.org\",\"@graph\":[{\"@type\":\"WebPage\",\"@id\":\"https:\/\/lottomat.com\/ro\/rezultate\/french-keno\/\",\"url\":\"https:\/\/lottomat.com\/ro\/rezultate\/french-keno\/\",\"name\":\"Rezultatele Keno Francez - Numere C\u00e2\u0219tig\u0103toare la Keno Francez\",\"isPartOf\":{\"@id\":\"https:\/\/lottomat.com\/ro\/#website\"},\"primaryImageOfPage\":{\"@id\":\"https:\/\/lottomat.com\/ro\/rezultate\/french-keno\/#primaryimage\"},\"image\":{\"@id\":\"https:\/\/lottomat.com\/ro\/rezultate\/french-keno\/#primaryimage\"},\"thumbnailUrl\":\"https:\/\/lottomat.com\/wp-content\/uploads\/2025\/08\/Romanian.png\",\"datePublished\":\"2025-08-06T14:32:38+00:00\",\"dateModified\":\"2025-08-12T15:45:28+00:00\",\"description\":\"Verific\u0103 cele mai recente rezultate la Keno Francez. Aici po\u021bi compara numerele tale cu numerele c\u00e2\u0219tig\u0103toare oficiale ale Keno Francez.\",\"breadcrumb\":{\"@id\":\"https:\/\/lottomat.com\/ro\/rezultate\/french-keno\/#breadcrumb\"},\"inLanguage\":\"ro-RO\",\"potentialAction\":[{\"@type\":\"ReadAction\",\"target\":[\"https:\/\/lottomat.com\/ro\/rezultate\/french-keno\/\"]}]},{\"@type\":\"ImageObject\",\"inLanguage\":\"ro-RO\",\"@id\":\"https:\/\/lottomat.com\/ro\/rezultate\/french-keno\/#primaryimage\",\"url\":\"https:\/\/lottomat.com\/wp-content\/uploads\/2025\/08\/Romanian.png\",\"contentUrl\":\"https:\/\/lottomat.com\/wp-content\/uploads\/2025\/08\/Romanian.png\"},{\"@type\":\"BreadcrumbList\",\"@id\":\"https:\/\/lottomat.com\/ro\/rezultate\/french-keno\/#breadcrumb\",\"itemListElement\":[{\"@type\":\"ListItem\",\"position\":1,\"name\":\"Home\",\"item\":\"https:\/\/lottomat.com\/ro\/\"},{\"@type\":\"ListItem\",\"position\":2,\"name\":\"Rezultate la loterie &#038; Numere c\u00e2\u0219tig\u0103toare la loto\",\"item\":\"https:\/\/lottomat.com\/ro\/rezultate\/\"},{\"@type\":\"ListItem\",\"position\":3,\"name\":\"Rezultatele Keno Francez &#8211; Numere C\u00e2\u0219tig\u0103toare la Keno Francez\"}]},{\"@type\":\"WebSite\",\"@id\":\"https:\/\/lottomat.com\/ro\/#website\",\"url\":\"https:\/\/lottomat.com\/ro\/\",\"name\":\"Lottomat\",\"description\":\"\",\"potentialAction\":[{\"@type\":\"SearchAction\",\"target\":{\"@type\":\"EntryPoint\",\"urlTemplate\":\"https:\/\/lottomat.com\/ro\/?s={search_term_string}\"},\"query-input\":{\"@type\":\"PropertyValueSpecification\",\"valueRequired\":true,\"valueName\":\"search_term_string\"}}],\"inLanguage\":\"ro-RO\"}]}<\/script>\n<!-- \/ Yoast SEO plugin. -->","yoast_head_json":{"title":"Rezultatele Keno Francez - Numere C\u00e2\u0219tig\u0103toare la Keno Francez","description":"Verific\u0103 cele mai recente rezultate la Keno Francez. Aici po\u021bi compara numerele tale cu numerele c\u00e2\u0219tig\u0103toare oficiale ale Keno Francez.","robots":{"index":"index","follow":"follow","max-snippet":"max-snippet:-1","max-image-preview":"max-image-preview:large","max-video-preview":"max-video-preview:-1"},"canonical":"https:\/\/lottomat.com\/ro\/rezultate\/french-keno\/","og_locale":"ro_RO","og_type":"article","og_title":"Rezultatele Keno Francez - Numere C\u00e2\u0219tig\u0103toare la Keno Francez","og_description":"Verific\u0103 cele mai recente rezultate la Keno Francez. Aici po\u021bi compara numerele tale cu numerele c\u00e2\u0219tig\u0103toare oficiale ale Keno Francez.","og_url":"https:\/\/lottomat.com\/ro\/rezultate\/french-keno\/","og_site_name":"Lottomat","article_modified_time":"2025-08-12T15:45:28+00:00","og_image":[{"url":"https:\/\/lottomat.com\/wp-content\/uploads\/2025\/08\/Romanian.png"}],"twitter_card":"summary_large_image","twitter_misc":{"Timp estimat pentru citire":"5 minute"},"schema":{"@context":"https:\/\/schema.org","@graph":[{"@type":"WebPage","@id":"https:\/\/lottomat.com\/ro\/rezultate\/french-keno\/","url":"https:\/\/lottomat.com\/ro\/rezultate\/french-keno\/","name":"Rezultatele Keno Francez - Numere C\u00e2\u0219tig\u0103toare la Keno Francez","isPartOf":{"@id":"https:\/\/lottomat.com\/ro\/#website"},"primaryImageOfPage":{"@id":"https:\/\/lottomat.com\/ro\/rezultate\/french-keno\/#primaryimage"},"image":{"@id":"https:\/\/lottomat.com\/ro\/rezultate\/french-keno\/#primaryimage"},"thumbnailUrl":"https:\/\/lottomat.com\/wp-content\/uploads\/2025\/08\/Romanian.png","datePublished":"2025-08-06T14:32:38+00:00","dateModified":"2025-08-12T15:45:28+00:00","description":"Verific\u0103 cele mai recente rezultate la Keno Francez. Aici po\u021bi compara numerele tale cu numerele c\u00e2\u0219tig\u0103toare oficiale ale Keno Francez.","breadcrumb":{"@id":"https:\/\/lottomat.com\/ro\/rezultate\/french-keno\/#breadcrumb"},"inLanguage":"ro-RO","potentialAction":[{"@type":"ReadAction","target":["https:\/\/lottomat.com\/ro\/rezultate\/french-keno\/"]}]},{"@type":"ImageObject","inLanguage":"ro-RO","@id":"https:\/\/lottomat.com\/ro\/rezultate\/french-keno\/#primaryimage","url":"https:\/\/lottomat.com\/wp-content\/uploads\/2025\/08\/Romanian.png","contentUrl":"https:\/\/lottomat.com\/wp-content\/uploads\/2025\/08\/Romanian.png"},{"@type":"BreadcrumbList","@id":"https:\/\/lottomat.com\/ro\/rezultate\/french-keno\/#breadcrumb","itemListElement":[{"@type":"ListItem","position":1,"name":"Home","item":"https:\/\/lottomat.com\/ro\/"},{"@type":"ListItem","position":2,"name":"Rezultate la loterie &#038; Numere c\u00e2\u0219tig\u0103toare la loto","item":"https:\/\/lottomat.com\/ro\/rezultate\/"},{"@type":"ListItem","position":3,"name":"Rezultatele Keno Francez &#8211; Numere C\u00e2\u0219tig\u0103toare la Keno Francez"}]},{"@type":"WebSite","@id":"https:\/\/lottomat.com\/ro\/#website","url":"https:\/\/lottomat.com\/ro\/","name":"Lottomat","description":"","potentialAction":[{"@type":"SearchAction","target":{"@type":"EntryPoint","urlTemplate":"https:\/\/lottomat.com\/ro\/?s={search_term_string}"},"query-input":{"@type":"PropertyValueSpecification","valueRequired":true,"valueName":"search_term_string"}}],"inLanguage":"ro-RO"}]}},"_links":{"self":[{"href":"https:\/\/lottomat.com\/ro\/wp-json\/wp\/v2\/pages\/249506","targetHints":{"allow":["GET"]}}],"collection":[{"href":"https:\/\/lottomat.com\/ro\/wp-json\/wp\/v2\/pages"}],"about":[{"href":"https:\/\/lottomat.com\/ro\/wp-json\/wp\/v2\/types\/page"}],"author":[{"embeddable":true,"href":"https:\/\/lottomat.com\/ro\/wp-json\/wp\/v2\/users\/2"}],"replies":[{"embeddable":true,"href":"https:\/\/lottomat.com\/ro\/wp-json\/wp\/v2\/comments?post=249506"}],"version-history":[{"count":0,"href":"https:\/\/lottomat.com\/ro\/wp-json\/wp\/v2\/pages\/249506\/revisions"}],"up":[{"embeddable":true,"href":"https:\/\/lottomat.com\/ro\/wp-json\/wp\/v2\/pages\/7448"}],"wp:attachment":[{"href":"https:\/\/lottomat.com\/ro\/wp-json\/wp\/v2\/media?parent=249506"}],"curies":[{"name":"wp","href":"https:\/\/api.w.org\/{rel}","templated":true}]}}