{"id":249504,"date":"2025-08-06T14:44:29","date_gmt":"2025-08-06T14:44:29","guid":{"rendered":"https:\/\/lottomat.com\/?page_id=249504"},"modified":"2025-08-12T15:39:22","modified_gmt":"2025-08-12T15:39:22","slug":"french-keno","status":"publish","type":"page","link":"https:\/\/lottomat.com\/ro\/informatie\/french-keno\/","title":{"rendered":"Premii Keno Francez &#8211; Reguli Keno Fran\u021ba"},"content":{"rendered":"\n\n<div class=\"kk-star-ratings kksr-auto kksr-align-left kksr-valign-top\"\n    data-payload='{&quot;align&quot;:&quot;left&quot;,&quot;id&quot;:&quot;249504&quot;,&quot;slug&quot;:&quot;default&quot;,&quot;valign&quot;:&quot;top&quot;,&quot;ignore&quot;:&quot;&quot;,&quot;reference&quot;:&quot;auto&quot;,&quot;class&quot;:&quot;&quot;,&quot;count&quot;:&quot;0&quot;,&quot;legendonly&quot;:&quot;&quot;,&quot;readonly&quot;:&quot;&quot;,&quot;score&quot;:&quot;0&quot;,&quot;starsonly&quot;:&quot;&quot;,&quot;best&quot;:&quot;5&quot;,&quot;gap&quot;:&quot;5&quot;,&quot;greet&quot;:&quot;Rate this page&quot;,&quot;legend&quot;:&quot;0\\\/5 - (0 votes)&quot;,&quot;size&quot;:&quot;30&quot;,&quot;title&quot;:&quot;Premii Keno Francez - Reguli Keno Fran\u021ba&quot;,&quot;width&quot;:&quot;0&quot;,&quot;_legend&quot;:&quot;{score}\\\/{best} - ({count} {votes})&quot;,&quot;font_factor&quot;:&quot;1.25&quot;}'>\n            \n<div class=\"kksr-stars\">\n    \n<div class=\"kksr-stars-inactive\">\n            <div class=\"kksr-star\" data-star=\"1\" style=\"padding-right: 5px\">\n            \n\n<div class=\"kksr-icon\" style=\"width: 30px; height: 30px;\"><\/div>\n        <\/div>\n            <div class=\"kksr-star\" data-star=\"2\" style=\"padding-right: 5px\">\n            \n\n<div class=\"kksr-icon\" style=\"width: 30px; height: 30px;\"><\/div>\n        <\/div>\n            <div class=\"kksr-star\" data-star=\"3\" style=\"padding-right: 5px\">\n            \n\n<div class=\"kksr-icon\" style=\"width: 30px; height: 30px;\"><\/div>\n        <\/div>\n            <div class=\"kksr-star\" data-star=\"4\" style=\"padding-right: 5px\">\n            \n\n<div class=\"kksr-icon\" style=\"width: 30px; height: 30px;\"><\/div>\n        <\/div>\n            <div class=\"kksr-star\" data-star=\"5\" style=\"padding-right: 5px\">\n            \n\n<div class=\"kksr-icon\" style=\"width: 30px; height: 30px;\"><\/div>\n        <\/div>\n    <\/div>\n    \n<div class=\"kksr-stars-active\" style=\"width: 0px;\">\n            <div class=\"kksr-star\" style=\"padding-right: 5px\">\n            \n\n<div class=\"kksr-icon\" style=\"width: 30px; height: 30px;\"><\/div>\n        <\/div>\n            <div class=\"kksr-star\" style=\"padding-right: 5px\">\n            \n\n<div class=\"kksr-icon\" style=\"width: 30px; height: 30px;\"><\/div>\n        <\/div>\n            <div class=\"kksr-star\" style=\"padding-right: 5px\">\n            \n\n<div class=\"kksr-icon\" style=\"width: 30px; height: 30px;\"><\/div>\n        <\/div>\n            <div class=\"kksr-star\" style=\"padding-right: 5px\">\n            \n\n<div class=\"kksr-icon\" style=\"width: 30px; height: 30px;\"><\/div>\n        <\/div>\n            <div class=\"kksr-star\" style=\"padding-right: 5px\">\n            \n\n<div class=\"kksr-icon\" style=\"width: 30px; height: 30px;\"><\/div>\n        <\/div>\n    <\/div>\n<\/div>\n                \n\n<div class=\"kksr-legend\" style=\"font-size: 24px;\">\n            <span class=\"kksr-muted\">Rate this page<\/span>\n    <\/div>\n    <\/div>\n<a href=\"https:\/\/lottomat.com\/ro\/joaca\/\"><img loading=\"lazy\" decoding=\"async\" class=\"aligncenter wp-image-249397 size-full\" src=\"https:\/\/lottomat.com\/wp-content\/uploads\/2025\/08\/Romanian.png\" alt=\"Reguli Keno Francez\" width=\"1140\" height=\"179\" srcset=\"https:\/\/lottomat.com\/wp-content\/uploads\/2025\/08\/Romanian.png 1140w, https:\/\/lottomat.com\/wp-content\/uploads\/2025\/08\/Romanian-980x154.png 980w, https:\/\/lottomat.com\/wp-content\/uploads\/2025\/08\/Romanian-480x75.png 480w\" sizes=\"auto, (min-width: 0px) and (max-width: 480px) 480px, (min-width: 481px) and (max-width: 980px) 980px, (min-width: 981px) 1140px, 100vw\" \/><\/a><h2 class=\"wp-block-heading\">Premii \u0219i Reguli Keno Francez<\/h2>Av\u00e2nd r\u0103d\u0103cini \u00een istoria bogat\u0103 a Chinei antice, premiul Keno Francez a c\u0103l\u0103torit peste continente pentru a-\u0219i g\u0103si \u00een cele din urm\u0103 locul \u00een Fran\u021ba. Nu doar c\u0103 a supravie\u021buit aici, ci a evoluat spectaculos, c\u00e2\u0219tig\u00e2nd treptat popularitate \u00een r\u00e2ndul pasiona\u021bilor de jocuri de noroc.De-a lungul anilor, recompensele generoase oferite de Keno au atras un num\u0103r tot mai mare de participan\u021bi. Pentru mul\u021bi c\u00e2\u0219tig\u0103tori ai Keno Francez, acest joc a devenit mult mai mult dec\u00e2t o simpl\u0103 surs\u0103 de divertisment, transform\u00e2ndu-le radical via\u021ba de zi cu zi.<h2 class=\"wp-block-heading\"><img loading=\"lazy\" decoding=\"async\" class=\"alignleft wp-image-5218\" src=\"https:\/\/lottomat.com\/wp-content\/uploads\/2025\/03\/Frequent-Draws-for-More-Chances-to-Win.png\" alt=\"Reguli Keno Francez\" width=\"130\" height=\"130\" srcset=\"https:\/\/lottomat.com\/wp-content\/uploads\/2025\/03\/Frequent-Draws-for-More-Chances-to-Win.png 400w, https:\/\/lottomat.com\/wp-content\/uploads\/2025\/03\/Frequent-Draws-for-More-Chances-to-Win-300x300.png 300w, https:\/\/lottomat.com\/wp-content\/uploads\/2025\/03\/Frequent-Draws-for-More-Chances-to-Win-150x150.png 150w, https:\/\/lottomat.com\/wp-content\/uploads\/2025\/03\/Frequent-Draws-for-More-Chances-to-Win-100x100.png 100w\" sizes=\"auto, (max-width: 130px) 100vw, 130px\" \/>Elemente de baz\u0103 ale regulilor Keno Francez<\/h2>A\u0219a cum este oferit de <a href=\"https:\/\/lottomat.com\/ro\/\">Lottomat<\/a> \u0219i \u00een conformitate cu <em>Fran\u00e7aise des Jeux<\/em>, regulile Keno Francez sunt relativ simple, dar ofer\u0103 o multitudine de posibilit\u0103\u021bi pentru juc\u0103tori.Juc\u0103torii care doresc s\u0103 revendice premiile Keno Francez trebuie mai \u00eent\u00e2i s\u0103 aleag\u0103 \u00eentre 2 \u0219i 10 numere de pe o gril\u0103 de 70 de numere.Pariorii \u00ee\u0219i pot alege, de asemenea, miza: 1 \u20ac, 2 \u20ac, 3 \u20ac, 5 \u20ac sau 10 \u20ac.Pentru a spori c\u00e2\u0219tigurile poten\u021biale, se poate bifa op\u021biunea Multiplicator. Folosind aceast\u0103 func\u021bie, \u00ee\u021bi po\u021bi multiplica premiul cu 2, 3 sau chiar 5, dar re\u021bine c\u0103 miza se dubleaz\u0103. La fiecare extragere, 20 de numere c\u00e2\u0219tig\u0103toare sunt selectate dintre cele 70, iar un num\u0103r Multiplicator (x2, x3 sau x5) este, de asemenea, tras la sor\u021bi.Premiile depind de c\u00e2te numere au fost selectate corect, de miza ini\u021bial\u0103 \u0219i dac\u0103 a fost sau nu folosit\u0103 op\u021biunea Multiplicator.<h2 class=\"wp-block-heading\">Procedura de revendicare a premiilor Keno Francez<\/h2>C\u00e2\u0219tig\u0103torii premiilor Keno Francez au un termen limit\u0103 specific pentru a-\u0219i revendica premiile. Aceast\u0103 informa\u021bie esen\u021bial\u0103 este men\u021bionat\u0103 adesea pe biletul de joc sau pe site-ul oficial. Iar acest termen este de 30 de zile.\u00cen general, regulile Keno Francez prev\u0103d c\u0103 premiile sub o anumit\u0103 sum\u0103 sunt depuse automat \u00een contul juc\u0103torului, \u00een timp ce pentru c\u00e2\u0219tigurile mai mari pot fi necesare etape suplimentare.<h2 class=\"wp-block-heading\">Premii \u0219i detalii despre Jackpot-ul Keno Francez<img loading=\"lazy\" decoding=\"async\" class=\"alignright wp-image-5336\" src=\"https:\/\/lottomat.com\/wp-content\/uploads\/2025\/03\/The-British-Thunderball-Lottery.png\" alt=\"Premii Keno Francez\" width=\"130\" height=\"130\" srcset=\"https:\/\/lottomat.com\/wp-content\/uploads\/2025\/03\/The-British-Thunderball-Lottery.png 400w, https:\/\/lottomat.com\/wp-content\/uploads\/2025\/03\/The-British-Thunderball-Lottery-300x300.png 300w, https:\/\/lottomat.com\/wp-content\/uploads\/2025\/03\/The-British-Thunderball-Lottery-150x150.png 150w, https:\/\/lottomat.com\/wp-content\/uploads\/2025\/03\/The-British-Thunderball-Lottery-100x100.png 100w\" sizes=\"auto, (max-width: 130px) 100vw, 130px\" \/><\/h2>Datorit\u0103 regulilor sale flexibile, Keno Francez ofer\u0103 o varietate de premii. Premiile Keno Francez sunt bazate pe num\u0103rul de numere bifate \u0219i pe c\u00e2te dintre acestea sunt ghicite corect.De exemplu, pentru 9 sau 10 numere bifate, juc\u0103torii pot revendica un \u201ec\u00e2\u0219tig pe via\u021b\u0103\u201d de p\u00e2n\u0103 la 2 milioane de euro cash sau 100.000 \u20ac pe an, pe via\u021b\u0103. Iar cu func\u021bia noastr\u0103 \u201eMultiplicator de c\u00e2\u0219tig\u201d, aceast\u0103 sum\u0103 poate fi multiplicat\u0103 de p\u00e2n\u0103 la 5 ori! Cu alte cuvinte, un juc\u0103tor norocos ar putea c\u00e2\u0219tiga p\u00e2n\u0103 la 10 milioane de euro cash sau 500.000 \u20ac pe an, pe via\u021b\u0103. Acest tip de structur\u0103 a premiilor la Keno Francez face ca fiecare extragere s\u0103 fie palpitant\u0103 \u0219i ofer\u0103 juc\u0103torilor multiple oportunit\u0103\u021bi de c\u00e2\u0219tig.<h2 class=\"wp-block-heading\">Cei mai mari c\u00e2\u0219tig\u0103tori la Keno Francez: pove\u0219ti inspira\u021bionale<\/h2>Pentru mul\u021bi francezi, c\u00e2\u0219tigarea jackpotului la Keno este un vis devenit realitate. Unii c\u00e2\u0219tig\u0103tori ai Keno Francez au devenit celebri datorit\u0103 c\u00e2\u0219tigurilor fenomenale care le-au dat via\u021ba peste cap. Pove\u0219tile lor de succes, pres\u0103rate cu noroc \u0219i vise \u00eemplinite, inspir\u0103 mii de al\u021bi juc\u0103tori s\u0103-\u0219i \u00eencerce norocul, cu speran\u021ba de a se al\u0103tura listei celor mai mari c\u00e2\u0219tig\u0103tori din Fran\u021ba la Keno.Cum verifici numerele c\u00e2\u0219tig\u0103toare? Trebuie doar s\u0103 consul\u021bi <a href=\"https:\/\/lottomat.com\/ro\/rezultate\/french-keno\/\">cele mai recente rezultate Keno Francez<\/a> pe site-ul nostru.<h2 class=\"wp-block-heading\">\u0218anse de c\u00e2\u0219tig la Keno Francez<\/h2>Toat\u0103 lumea viseaz\u0103 s\u0103 c\u00e2\u0219tige prestigioasele premii Keno Francez, dar care sunt \u0219ansele tale? Probabilit\u0103\u021bile statistice variaz\u0103 \u00een func\u021bie de c\u00e2te numere ai bifat \u0219i miza plasat\u0103. S\u0103 nu uit\u0103m \u00eens\u0103 c\u0103, de\u0219i Keno are reguli clare \u0219i trageri transparente conform regulilor Keno Francez, este \u00eenainte de toate un joc de noroc. Totu\u0219i, atrac\u021bia premiilor poten\u021biale \u0219i emo\u021bia jocului fac ca acesta s\u0103 r\u0103m\u00e2n\u0103 popular \u00een r\u00e2ndul multor pasiona\u021bi de loterie.<h2 class=\"wp-block-heading\"><img loading=\"lazy\" decoding=\"async\" class=\"alignleft wp-image-5481\" src=\"https:\/\/lottomat.com\/wp-content\/uploads\/2025\/03\/Consistent-Play-Consistent-Chances.png\" alt=\"\u0218anse de c\u00e2\u0219tig la Keno Francez\" width=\"130\" height=\"130\" srcset=\"https:\/\/lottomat.com\/wp-content\/uploads\/2025\/03\/Consistent-Play-Consistent-Chances.png 400w, https:\/\/lottomat.com\/wp-content\/uploads\/2025\/03\/Consistent-Play-Consistent-Chances-300x300.png 300w, https:\/\/lottomat.com\/wp-content\/uploads\/2025\/03\/Consistent-Play-Consistent-Chances-150x150.png 150w, https:\/\/lottomat.com\/wp-content\/uploads\/2025\/03\/Consistent-Play-Consistent-Chances-100x100.png 100w\" sizes=\"auto, (max-width: 130px) 100vw, 130px\" \/>Sfaturi practice pentru a-\u021bi cre\u0219te \u0219ansele<\/h2>Chiar dac\u0103 rezultatul jocului depinde \u00een mare parte de noroc, unii entuzia\u0219ti ai Keno Francez cred \u00een strategii pentru a-\u0219i optimiza \u0219ansele. Unii recomand\u0103 s\u0103 analizezi extragerile anterioare, consider\u00e2nd c\u0103 anumite numere sunt \u201efierbin\u021bi\u201d sau \u201ereci\u201d, \u00een timp ce al\u021bii prefer\u0103 s\u0103 se bazeze pe noroc \u0219i s\u0103 varieze alegerile de fiecare dat\u0103. Alte sfaturi des \u00eent\u00e2lnite la c\u00e2\u0219tig\u0103torii Keno Francez includ jocul regulat, \u00een\u021belegerea complet\u0103 a regulilor \u0219i men\u021binerea consecven\u021bei \u00een alegeri.<h2 class=\"wp-block-heading\">Concluzie<\/h2>Keno Francez este mult mai mult dec\u00e2t un simplu joc. Pentru mul\u021bi oameni din Fran\u021ba, \u00eenseamn\u0103 ritual, obicei \u0219i uneori, \u00eempotriva tuturor a\u0219tept\u0103rilor, un bilet spre o via\u021b\u0103 cu totul nou\u0103. A\u0219adar, tuturor celor care viseaz\u0103 la premiile fabuloase ale Keno Francez: s\u0103 ave\u021bi noroc!Dac\u0103 vrei s\u0103 joci \u2013 selecteaz\u0103-\u021bi numerele \u0219i cump\u0103r\u0103 <a href=\"https:\/\/lottomat.com\/ro\/joaca\/french-keno\/\">bilete Keno Francez online<\/a> pe site-ul nostru.","protected":false},"excerpt":{"rendered":"<p>Premii \u0219i Reguli Keno Francez Av\u00e2nd r\u0103d\u0103cini \u00een istoria bogat\u0103 a Chinei antice, premiul Keno Francez a c\u0103l\u0103torit peste continente pentru a-\u0219i g\u0103si \u00een cele din urm\u0103 locul \u00een Fran\u021ba. Nu doar c\u0103 a supravie\u021buit aici, ci a evoluat spectaculos, c\u00e2\u0219tig\u00e2nd treptat popularitate \u00een r\u00e2ndul pasiona\u021bilor de jocuri de noroc.De-a lungul anilor, recompensele generoase oferite [&hellip;]<\/p>\n","protected":false},"author":2,"featured_media":0,"parent":6914,"menu_order":0,"comment_status":"closed","ping_status":"closed","template":"","meta":{"_et_pb_use_builder":"","_et_pb_old_content":"","_et_gb_content_width":"","exclude_from_search":false,"footnotes":""},"class_list":["post-249504","page","type-page","status-publish","hentry"],"yoast_head":"<!-- This site is optimized with the Yoast SEO plugin v23.8 - https:\/\/yoast.com\/wordpress\/plugins\/seo\/ -->\n<title>Premii Keno Francez - Reguli Keno Fran\u021ba \u2013 Lottomat<\/title>\n<meta name=\"description\" content=\"Verific\u0103 regulile Keno Francez \u0219i afl\u0103 mai multe despre premiile Keno Francez. Cite\u0219te cu aten\u021bie \u0219i vezi c\u00e2t po\u021bi c\u00e2\u0219tiga la tragere.\" \/>\n<meta name=\"robots\" content=\"index, follow, max-snippet:-1, max-image-preview:large, max-video-preview:-1\" \/>\n<link rel=\"canonical\" href=\"https:\/\/lottomat.com\/ro\/informatie\/french-keno\/\" \/>\n<meta property=\"og:locale\" content=\"ro_RO\" \/>\n<meta property=\"og:type\" content=\"article\" \/>\n<meta property=\"og:title\" content=\"Premii Keno Francez - Reguli Keno Fran\u021ba \u2013 Lottomat\" \/>\n<meta property=\"og:description\" content=\"Verific\u0103 regulile Keno Francez \u0219i afl\u0103 mai multe despre premiile Keno Francez. Cite\u0219te cu aten\u021bie \u0219i vezi c\u00e2t po\u021bi c\u00e2\u0219tiga la tragere.\" \/>\n<meta property=\"og:url\" content=\"https:\/\/lottomat.com\/ro\/informatie\/french-keno\/\" \/>\n<meta property=\"og:site_name\" content=\"Lottomat\" \/>\n<meta property=\"article:modified_time\" content=\"2025-08-12T15:39:22+00:00\" \/>\n<meta property=\"og:image\" content=\"https:\/\/lottomat.com\/wp-content\/uploads\/2025\/08\/Romanian.png\" \/>\n<meta name=\"twitter:card\" content=\"summary_large_image\" \/>\n<meta name=\"twitter:label1\" content=\"Timp estimat pentru citire\" \/>\n\t<meta name=\"twitter:data1\" content=\"5 minute\" \/>\n<script type=\"application\/ld+json\" class=\"yoast-schema-graph\">{\"@context\":\"https:\/\/schema.org\",\"@graph\":[{\"@type\":\"WebPage\",\"@id\":\"https:\/\/lottomat.com\/ro\/informatie\/french-keno\/\",\"url\":\"https:\/\/lottomat.com\/ro\/informatie\/french-keno\/\",\"name\":\"Premii Keno Francez - Reguli Keno Fran\u021ba \u2013 Lottomat\",\"isPartOf\":{\"@id\":\"https:\/\/lottomat.com\/ro\/#website\"},\"primaryImageOfPage\":{\"@id\":\"https:\/\/lottomat.com\/ro\/informatie\/french-keno\/#primaryimage\"},\"image\":{\"@id\":\"https:\/\/lottomat.com\/ro\/informatie\/french-keno\/#primaryimage\"},\"thumbnailUrl\":\"https:\/\/lottomat.com\/wp-content\/uploads\/2025\/08\/Romanian.png\",\"datePublished\":\"2025-08-06T14:44:29+00:00\",\"dateModified\":\"2025-08-12T15:39:22+00:00\",\"description\":\"Verific\u0103 regulile Keno Francez \u0219i afl\u0103 mai multe despre premiile Keno Francez. Cite\u0219te cu aten\u021bie \u0219i vezi c\u00e2t po\u021bi c\u00e2\u0219tiga la tragere.\",\"breadcrumb\":{\"@id\":\"https:\/\/lottomat.com\/ro\/informatie\/french-keno\/#breadcrumb\"},\"inLanguage\":\"ro-RO\",\"potentialAction\":[{\"@type\":\"ReadAction\",\"target\":[\"https:\/\/lottomat.com\/ro\/informatie\/french-keno\/\"]}]},{\"@type\":\"ImageObject\",\"inLanguage\":\"ro-RO\",\"@id\":\"https:\/\/lottomat.com\/ro\/informatie\/french-keno\/#primaryimage\",\"url\":\"https:\/\/lottomat.com\/wp-content\/uploads\/2025\/08\/Romanian.png\",\"contentUrl\":\"https:\/\/lottomat.com\/wp-content\/uploads\/2025\/08\/Romanian.png\"},{\"@type\":\"BreadcrumbList\",\"@id\":\"https:\/\/lottomat.com\/ro\/informatie\/french-keno\/#breadcrumb\",\"itemListElement\":[{\"@type\":\"ListItem\",\"position\":1,\"name\":\"Home\",\"item\":\"https:\/\/lottomat.com\/ro\/\"},{\"@type\":\"ListItem\",\"position\":2,\"name\":\"Reguli Loterie: Premii, Jackpot \u0219i \u0218anse\",\"item\":\"https:\/\/lottomat.com\/ro\/informatie\/\"},{\"@type\":\"ListItem\",\"position\":3,\"name\":\"Premii Keno Francez &#8211; Reguli Keno Fran\u021ba\"}]},{\"@type\":\"WebSite\",\"@id\":\"https:\/\/lottomat.com\/ro\/#website\",\"url\":\"https:\/\/lottomat.com\/ro\/\",\"name\":\"Lottomat\",\"description\":\"\",\"potentialAction\":[{\"@type\":\"SearchAction\",\"target\":{\"@type\":\"EntryPoint\",\"urlTemplate\":\"https:\/\/lottomat.com\/ro\/?s={search_term_string}\"},\"query-input\":{\"@type\":\"PropertyValueSpecification\",\"valueRequired\":true,\"valueName\":\"search_term_string\"}}],\"inLanguage\":\"ro-RO\"}]}<\/script>\n<!-- \/ Yoast SEO plugin. -->","yoast_head_json":{"title":"Premii Keno Francez - Reguli Keno Fran\u021ba \u2013 Lottomat","description":"Verific\u0103 regulile Keno Francez \u0219i afl\u0103 mai multe despre premiile Keno Francez. Cite\u0219te cu aten\u021bie \u0219i vezi c\u00e2t po\u021bi c\u00e2\u0219tiga la tragere.","robots":{"index":"index","follow":"follow","max-snippet":"max-snippet:-1","max-image-preview":"max-image-preview:large","max-video-preview":"max-video-preview:-1"},"canonical":"https:\/\/lottomat.com\/ro\/informatie\/french-keno\/","og_locale":"ro_RO","og_type":"article","og_title":"Premii Keno Francez - Reguli Keno Fran\u021ba \u2013 Lottomat","og_description":"Verific\u0103 regulile Keno Francez \u0219i afl\u0103 mai multe despre premiile Keno Francez. Cite\u0219te cu aten\u021bie \u0219i vezi c\u00e2t po\u021bi c\u00e2\u0219tiga la tragere.","og_url":"https:\/\/lottomat.com\/ro\/informatie\/french-keno\/","og_site_name":"Lottomat","article_modified_time":"2025-08-12T15:39:22+00:00","og_image":[{"url":"https:\/\/lottomat.com\/wp-content\/uploads\/2025\/08\/Romanian.png"}],"twitter_card":"summary_large_image","twitter_misc":{"Timp estimat pentru citire":"5 minute"},"schema":{"@context":"https:\/\/schema.org","@graph":[{"@type":"WebPage","@id":"https:\/\/lottomat.com\/ro\/informatie\/french-keno\/","url":"https:\/\/lottomat.com\/ro\/informatie\/french-keno\/","name":"Premii Keno Francez - Reguli Keno Fran\u021ba \u2013 Lottomat","isPartOf":{"@id":"https:\/\/lottomat.com\/ro\/#website"},"primaryImageOfPage":{"@id":"https:\/\/lottomat.com\/ro\/informatie\/french-keno\/#primaryimage"},"image":{"@id":"https:\/\/lottomat.com\/ro\/informatie\/french-keno\/#primaryimage"},"thumbnailUrl":"https:\/\/lottomat.com\/wp-content\/uploads\/2025\/08\/Romanian.png","datePublished":"2025-08-06T14:44:29+00:00","dateModified":"2025-08-12T15:39:22+00:00","description":"Verific\u0103 regulile Keno Francez \u0219i afl\u0103 mai multe despre premiile Keno Francez. Cite\u0219te cu aten\u021bie \u0219i vezi c\u00e2t po\u021bi c\u00e2\u0219tiga la tragere.","breadcrumb":{"@id":"https:\/\/lottomat.com\/ro\/informatie\/french-keno\/#breadcrumb"},"inLanguage":"ro-RO","potentialAction":[{"@type":"ReadAction","target":["https:\/\/lottomat.com\/ro\/informatie\/french-keno\/"]}]},{"@type":"ImageObject","inLanguage":"ro-RO","@id":"https:\/\/lottomat.com\/ro\/informatie\/french-keno\/#primaryimage","url":"https:\/\/lottomat.com\/wp-content\/uploads\/2025\/08\/Romanian.png","contentUrl":"https:\/\/lottomat.com\/wp-content\/uploads\/2025\/08\/Romanian.png"},{"@type":"BreadcrumbList","@id":"https:\/\/lottomat.com\/ro\/informatie\/french-keno\/#breadcrumb","itemListElement":[{"@type":"ListItem","position":1,"name":"Home","item":"https:\/\/lottomat.com\/ro\/"},{"@type":"ListItem","position":2,"name":"Reguli Loterie: Premii, Jackpot \u0219i \u0218anse","item":"https:\/\/lottomat.com\/ro\/informatie\/"},{"@type":"ListItem","position":3,"name":"Premii Keno Francez &#8211; Reguli Keno Fran\u021ba"}]},{"@type":"WebSite","@id":"https:\/\/lottomat.com\/ro\/#website","url":"https:\/\/lottomat.com\/ro\/","name":"Lottomat","description":"","potentialAction":[{"@type":"SearchAction","target":{"@type":"EntryPoint","urlTemplate":"https:\/\/lottomat.com\/ro\/?s={search_term_string}"},"query-input":{"@type":"PropertyValueSpecification","valueRequired":true,"valueName":"search_term_string"}}],"inLanguage":"ro-RO"}]}},"_links":{"self":[{"href":"https:\/\/lottomat.com\/ro\/wp-json\/wp\/v2\/pages\/249504","targetHints":{"allow":["GET"]}}],"collection":[{"href":"https:\/\/lottomat.com\/ro\/wp-json\/wp\/v2\/pages"}],"about":[{"href":"https:\/\/lottomat.com\/ro\/wp-json\/wp\/v2\/types\/page"}],"author":[{"embeddable":true,"href":"https:\/\/lottomat.com\/ro\/wp-json\/wp\/v2\/users\/2"}],"replies":[{"embeddable":true,"href":"https:\/\/lottomat.com\/ro\/wp-json\/wp\/v2\/comments?post=249504"}],"version-history":[{"count":0,"href":"https:\/\/lottomat.com\/ro\/wp-json\/wp\/v2\/pages\/249504\/revisions"}],"up":[{"embeddable":true,"href":"https:\/\/lottomat.com\/ro\/wp-json\/wp\/v2\/pages\/6914"}],"wp:attachment":[{"href":"https:\/\/lottomat.com\/ro\/wp-json\/wp\/v2\/media?parent=249504"}],"curies":[{"name":"wp","href":"https:\/\/api.w.org\/{rel}","templated":true}]}}