{"id":249496,"date":"2025-08-06T14:20:57","date_gmt":"2025-08-06T14:20:57","guid":{"rendered":"https:\/\/lottomat.com\/?page_id=249496"},"modified":"2025-08-12T15:17:53","modified_gmt":"2025-08-12T15:17:53","slug":"french-keno","status":"publish","type":"page","link":"https:\/\/lottomat.com\/ro\/joaca\/french-keno\/","title":{"rendered":"Joac\u0103 Keno Francez Online (Keno Fran\u021ba)"},"content":{"rendered":"\n\n<div class=\"kk-star-ratings kksr-auto kksr-align-left kksr-valign-top\"\n    data-payload='{&quot;align&quot;:&quot;left&quot;,&quot;id&quot;:&quot;249496&quot;,&quot;slug&quot;:&quot;default&quot;,&quot;valign&quot;:&quot;top&quot;,&quot;ignore&quot;:&quot;&quot;,&quot;reference&quot;:&quot;auto&quot;,&quot;class&quot;:&quot;&quot;,&quot;count&quot;:&quot;0&quot;,&quot;legendonly&quot;:&quot;&quot;,&quot;readonly&quot;:&quot;&quot;,&quot;score&quot;:&quot;0&quot;,&quot;starsonly&quot;:&quot;&quot;,&quot;best&quot;:&quot;5&quot;,&quot;gap&quot;:&quot;5&quot;,&quot;greet&quot;:&quot;Rate this page&quot;,&quot;legend&quot;:&quot;0\\\/5 - (0 votes)&quot;,&quot;size&quot;:&quot;30&quot;,&quot;title&quot;:&quot;Joac\u0103 Keno Francez Online (Keno Fran\u021ba)&quot;,&quot;width&quot;:&quot;0&quot;,&quot;_legend&quot;:&quot;{score}\\\/{best} - ({count} {votes})&quot;,&quot;font_factor&quot;:&quot;1.25&quot;}'>\n            \n<div class=\"kksr-stars\">\n    \n<div class=\"kksr-stars-inactive\">\n            <div class=\"kksr-star\" data-star=\"1\" style=\"padding-right: 5px\">\n            \n\n<div class=\"kksr-icon\" style=\"width: 30px; height: 30px;\"><\/div>\n        <\/div>\n            <div class=\"kksr-star\" data-star=\"2\" style=\"padding-right: 5px\">\n            \n\n<div class=\"kksr-icon\" style=\"width: 30px; height: 30px;\"><\/div>\n        <\/div>\n            <div class=\"kksr-star\" data-star=\"3\" style=\"padding-right: 5px\">\n            \n\n<div class=\"kksr-icon\" style=\"width: 30px; height: 30px;\"><\/div>\n        <\/div>\n            <div class=\"kksr-star\" data-star=\"4\" style=\"padding-right: 5px\">\n            \n\n<div class=\"kksr-icon\" style=\"width: 30px; height: 30px;\"><\/div>\n        <\/div>\n            <div class=\"kksr-star\" data-star=\"5\" style=\"padding-right: 5px\">\n            \n\n<div class=\"kksr-icon\" style=\"width: 30px; height: 30px;\"><\/div>\n        <\/div>\n    <\/div>\n    \n<div class=\"kksr-stars-active\" style=\"width: 0px;\">\n            <div class=\"kksr-star\" style=\"padding-right: 5px\">\n            \n\n<div class=\"kksr-icon\" style=\"width: 30px; height: 30px;\"><\/div>\n        <\/div>\n            <div class=\"kksr-star\" style=\"padding-right: 5px\">\n            \n\n<div class=\"kksr-icon\" style=\"width: 30px; height: 30px;\"><\/div>\n        <\/div>\n            <div class=\"kksr-star\" style=\"padding-right: 5px\">\n            \n\n<div class=\"kksr-icon\" style=\"width: 30px; height: 30px;\"><\/div>\n        <\/div>\n            <div class=\"kksr-star\" style=\"padding-right: 5px\">\n            \n\n<div class=\"kksr-icon\" style=\"width: 30px; height: 30px;\"><\/div>\n        <\/div>\n            <div class=\"kksr-star\" style=\"padding-right: 5px\">\n            \n\n<div class=\"kksr-icon\" style=\"width: 30px; height: 30px;\"><\/div>\n        <\/div>\n    <\/div>\n<\/div>\n                \n\n<div class=\"kksr-legend\" style=\"font-size: 24px;\">\n            <span class=\"kksr-muted\">Rate this page<\/span>\n    <\/div>\n    <\/div>\n<h2><a href=\"https:\/\/lottomat.com\/ro\/joaca\/\"><img loading=\"lazy\" decoding=\"async\" class=\"aligncenter wp-image-249397 size-full\" src=\"https:\/\/lottomat.com\/wp-content\/uploads\/2025\/08\/Romanian.png\" alt=\"Keno Francez Online\" width=\"1140\" height=\"179\" srcset=\"https:\/\/lottomat.com\/wp-content\/uploads\/2025\/08\/Romanian.png 1140w, https:\/\/lottomat.com\/wp-content\/uploads\/2025\/08\/Romanian-980x154.png 980w, https:\/\/lottomat.com\/wp-content\/uploads\/2025\/08\/Romanian-480x75.png 480w\" sizes=\"auto, (min-width: 0px) and (max-width: 480px) 480px, (min-width: 481px) and (max-width: 980px) 980px, (min-width: 981px) 1140px, 100vw\" \/><\/a><\/h2>\n<h2>Cum s\u0103 joci Keno Francez?<img loading=\"lazy\" decoding=\"async\" class=\"alignright wp-image-6205\" src=\"https:\/\/lottomat.com\/wp-content\/uploads\/2025\/03\/The-Magic-Numbers.png\" alt=\"Cum s\u0103 joci Keno Francez\" width=\"130\" height=\"130\" srcset=\"https:\/\/lottomat.com\/wp-content\/uploads\/2025\/03\/The-Magic-Numbers.png 400w, https:\/\/lottomat.com\/wp-content\/uploads\/2025\/03\/The-Magic-Numbers-300x300.png 300w, https:\/\/lottomat.com\/wp-content\/uploads\/2025\/03\/The-Magic-Numbers-150x150.png 150w, https:\/\/lottomat.com\/wp-content\/uploads\/2025\/03\/The-Magic-Numbers-100x100.png 100w\" sizes=\"auto, (max-width: 130px) 100vw, 130px\" \/><\/h2>\n<p>Keno Francez, un joc captivant de loterie direct din inima Europei, atrage juc\u0103torii cu recompense tentante \u0219i reguli simple. Odat\u0103 cu apari\u021bia internetului, Keno Francez online permite juc\u0103torilor din \u00eentreaga lume s\u0103 participe. Indiferent unde locuie\u0219ti, <strong>po\u021bi juca Keno Francez online oric\u00e2nd \u0219i de oriunde de pe aceast\u0103 planet\u0103<\/strong>!<\/p>\n<h3>Joac\u0103 Keno tradi\u021bional \u00een Fran\u021ba<\/h3>\n<p>Metoda tradi\u021bional\u0103 de joc r\u0103m\u00e2ne o op\u021biune pentru cei care locuiesc sau viziteaz\u0103 Fran\u021ba. Ca \u0219i \u00een trecut, juc\u0103torii pot merge la distribuitorii autoriza\u021bi FDJ \u0219i pot cump\u0103ra biletele Keno Francez \u00een format de h\u00e2rtie. S\u0103 ai acel bilet Keno Francez proasp\u0103t tip\u0103rit \u00een m\u00e2n\u0103 este o senza\u021bie pl\u0103cut\u0103, plin\u0103 de nostalgie.<\/p>\n<h3>Joac\u0103 Keno Francez online<\/h3>\n<p>De ce s\u0103 te limitezi? Keno Francez online ofer\u0103 o experien\u021b\u0103 fluid\u0103 \u0219i interactiv\u0103. Nu mai trebuie s\u0103 a\u0219tep\u021bi la coad\u0103, nu mai exist\u0103 timp pierdut \u0219i nu mai exist\u0103 riscul de a pierde biletul Keno Francez. <strong>Po\u021bi cump\u0103ra rapid bilete Keno Francez online<\/strong> \u00een doar c\u00e2teva click-uri \u0219i a\u0219tep\u021bi cu sufletul la gur\u0103 tragerea.<\/p>\n<h2>Bilete Keno Francez<\/h2>\n<p><strong>Cump\u0103rarea biletelor Keno Francez online<\/strong> ofer\u0103 flexibilitate. Indiferent dac\u0103 ai anumite numere preferate sau preferi s\u0103 la\u0219i norocul s\u0103 decid\u0103, ambele variante sunt posibile. Juc\u0103torii pot alege numerele manual sau pot folosi func\u021bia \u201eSelec\u021bie rapid\u0103\u201d pentru o alegere la \u00eent\u00e2mplare.<\/p>\n<p>Cu c\u00e2t cumperi mai multe bilete Keno Francez, <a href=\"https:\/\/lottomat.com\/ro\/informatie\/\">\u0219ansele tale de a c\u00e2\u0219tiga la loterie<\/a> cresc considerabil. Prin achizi\u021bia online, biletele tale sunt p\u0103strate \u00een siguran\u021b\u0103.<\/p>\n<h2><img loading=\"lazy\" decoding=\"async\" class=\"alignleft wp-image-6321\" src=\"https:\/\/lottomat.com\/wp-content\/uploads\/2025\/03\/world-of-New-York-Lotto.png\" alt=\"Reguli Keno Francez\" width=\"130\" height=\"130\" srcset=\"https:\/\/lottomat.com\/wp-content\/uploads\/2025\/03\/world-of-New-York-Lotto.png 400w, https:\/\/lottomat.com\/wp-content\/uploads\/2025\/03\/world-of-New-York-Lotto-300x300.png 300w, https:\/\/lottomat.com\/wp-content\/uploads\/2025\/03\/world-of-New-York-Lotto-150x150.png 150w, https:\/\/lottomat.com\/wp-content\/uploads\/2025\/03\/world-of-New-York-Lotto-100x100.png 100w\" sizes=\"auto, (max-width: 130px) 100vw, 130px\" \/>Reguli Keno Francez<\/h2>\n<p>Totul este foarte simplu. Juc\u0103torii aleg \u00een general un set de numere dintr-un interval dat, iar dac\u0103 aceste numere coincid cu cele extrase, c\u00e2\u0219tig\u0103!<\/p>\n<p>Iat\u0103 cum func\u021bioneaz\u0103:<\/p>\n<ul>\n<li><strong>Alegerea numerelor:<\/strong> Fiecare juc\u0103tor alege o serie de numere, de obicei \u00eentre 1 \u0219i 70. \u00cen func\u021bie de regulile Keno Francez online, po\u021bi selecta \u00eentre 1 \u0219i 10 numere pe biletul t\u0103u Keno Francez.<\/li>\n<li><strong>Extragerea numerelor:<\/strong> Se extrag maximum 20 de numere la fiecare sesiune. Aceste numere sunt alese aleatoriu din intervalul disponibil.<\/li>\n<li><strong>Compararea numerelor:<\/strong> Dup\u0103 extragere, juc\u0103torii compar\u0103 numerele alese cu cele extrase. Cu c\u00e2t ai mai multe potriviri, cu at\u00e2t c\u00e2\u0219tigul cre\u0219te.<\/li>\n<li><strong>Multiplicatori:<\/strong> Keno Francez devine \u0219i mai palpitant c\u00e2nd folose\u0219ti multiplicatorii. Ace\u0219tia pot cre\u0219te considerabil c\u00e2\u0219tigurile. De exemplu, cu un multiplicator de 10, dac\u0103 ai ales corect 10 numere, po\u021bi c\u00e2\u0219tiga un jackpot de 2.000.000 \u20ac!<\/li>\n<li><strong>C\u00e2\u0219tiguri \u0219i distribu\u021bii:<\/strong> Pl\u0103\u021bile sunt de obicei determinate de num\u0103rul de numere ghicite corect \u0219i de suma pariat\u0103. Cu c\u00e2t pariezi pe mai multe numere \u0219i alegi mai multe, cu at\u00e2t c\u00e2\u0219tigul poten\u021bial este mai mare. Dar cre\u0219te \u0219i riscul, fiindc\u0103 este mai greu s\u0103 nimere\u0219ti multe numere.<\/li>\n<li><strong>Utilizarea uneltelor:<\/strong> Pentru cei care prefer\u0103 s\u0103 lase norocul s\u0103 decid\u0103, func\u021bia Quick Pick selecteaz\u0103 automat numerele pentru tine.<\/li>\n<\/ul>\n<p>\u00cen\u021belegerea acestor reguli este esen\u021bial\u0103 pentru orice juc\u0103tor care vrea s\u0103 \u00ee\u0219i maximizeze \u0219ansele de c\u00e2\u0219tig \u0219i s\u0103 se bucure la maximum de experien\u021ba biletelor Keno Francez online.<\/p>\n<h2>Premii Keno Francez<\/h2>\n<p>Farmecul Keno Francez const\u0103 \u00een jackpot-ul s\u0103u fabulos. Cu multiplicatori \u0219i un premiu impresionant de 2.000.000 \u20ac pentru c\u00e2\u0219tig\u0103torul absolut (cu multiplicator de 10, 10 numere alese \u0219i toate 10 ghicite corect), miza este mare! Vezi <a href=\"https:\/\/lottomat.com\/ro\/informatie\/finnish-keno\/\">tabelul de premii Keno Francez aici<\/a> pentru detalii complete.<\/p>\n<h2>Cum verifici rezultatele Keno Francez?<\/h2>\n<p>Juc\u0103torii offline pot merge la cel mai apropiat punct de v\u00e2nzare sau pot urm\u0103ri canalele TV dedicate care transmit rezultatele. Alte surse de \u00eencredere pentru actualiz\u0103ri sunt platformele de social media \u0219i site-ul oficial al organizatorului loteriei. Totu\u0219i, de ce s\u0103 pierzi timpul cu surse diferite c\u00e2nd Lottomat le adun\u0103 pe toate pentru tine? Dac\u0103 joci Keno Francez online, Lottomat afi\u0219eaz\u0103 rapid rezultatele dup\u0103 tragere. Doar apas\u0103 \u0219i <a href=\"https:\/\/lottomat.com\/ro\/rezultate\/french-keno\/\">vezi cele mai noi rezultate Keno Francez aici<\/a>.<\/p>\n<h2>Keno Francez online \u2013 Sfaturi pentru juc\u0103tori<img loading=\"lazy\" decoding=\"async\" class=\"alignright wp-image-6234\" src=\"https:\/\/lottomat.com\/wp-content\/uploads\/2025\/03\/The-New-York-Lotto.png\" alt=\"Keno Francez online\" width=\"130\" height=\"130\" srcset=\"https:\/\/lottomat.com\/wp-content\/uploads\/2025\/03\/The-New-York-Lotto.png 400w, https:\/\/lottomat.com\/wp-content\/uploads\/2025\/03\/The-New-York-Lotto-300x300.png 300w, https:\/\/lottomat.com\/wp-content\/uploads\/2025\/03\/The-New-York-Lotto-150x150.png 150w, https:\/\/lottomat.com\/wp-content\/uploads\/2025\/03\/The-New-York-Lotto-100x100.png 100w\" sizes=\"auto, (max-width: 130px) 100vw, 130px\" \/><\/h2>\n<p><strong>Maximizeaz\u0103-\u021bi \u0219ansele cu aceste sfaturi de la exper\u021bi:<\/strong><\/p>\n<ul>\n<li><strong>Cump\u0103rare \u00een cantit\u0103\u021bi mari:<\/strong> Cump\u0103r\u0103 mai multe bilete Keno Francez. Cu c\u00e2t ai mai multe, cu at\u00e2t \u0219ansele cresc.<\/li>\n<li><strong>Joc \u00een grup:<\/strong> F\u0103 echip\u0103 cu prieteni \u0219i familie. Unindu-v\u0103 resursele, pute\u021bi cump\u0103ra mai multe bilete \u0219i v\u0103 cre\u0219te\u021bi considerabil \u0219ansele de reu\u0219it\u0103.<\/li>\n<li><strong>Diversific\u0103 metodele: <\/strong>Combin\u0103 func\u021bia \u201eSelec\u021bie rapid\u0103\u201d cu numerele tale preferate. Diversific\u0103 modul de joc!<\/li>\n<li><strong>Fii consecvent:<\/strong> Jocul regulat \u00ee\u021bi poate spori \u0219ansele.<\/li>\n<\/ul>\n<p>Acum c\u0103 e\u0219ti bine informat, intr\u0103 \u00een lumea palpitant\u0103 a Keno Francez online \u0219i fie ca norocul s\u0103 fie de partea ta!<\/p>\n<p>Desigur, po\u021bi <a href=\"https:\/\/lottomat.com\/ro\/keno\/\">verifica lista complet\u0103 de Keno online<\/a> pe Lottomat \u0219i po\u021bi juca orice dore\u0219ti!<\/p>\n","protected":false},"excerpt":{"rendered":"<p>Cum s\u0103 joci Keno Francez? Keno Francez, un joc captivant de loterie direct din inima Europei, atrage juc\u0103torii cu recompense tentante \u0219i reguli simple. Odat\u0103 cu apari\u021bia internetului, Keno Francez online permite juc\u0103torilor din \u00eentreaga lume s\u0103 participe. Indiferent unde locuie\u0219ti, po\u021bi juca Keno Francez online oric\u00e2nd \u0219i de oriunde de pe aceast\u0103 planet\u0103! Joac\u0103 [&hellip;]<\/p>\n","protected":false},"author":2,"featured_media":0,"parent":6792,"menu_order":0,"comment_status":"closed","ping_status":"closed","template":"","meta":{"_et_pb_use_builder":"","_et_pb_old_content":"","_et_gb_content_width":"","exclude_from_search":false,"footnotes":""},"class_list":["post-249496","page","type-page","status-publish","hentry"],"yoast_head":"<!-- This site is optimized with the Yoast SEO plugin v23.8 - https:\/\/yoast.com\/wordpress\/plugins\/seo\/ -->\n<title>Joac\u0103 Keno Francez Online (Keno Fran\u021ba) - Lottomat<\/title>\n<meta name=\"description\" content=\"Selecteaz\u0103-\u021bi numerele \u0219i cump\u0103r\u0103 biletele Keno Francez online. Po\u021bi face asta din confortul casei tale! Joac\u0103 Keno Francez ast\u0103zi!\" \/>\n<meta name=\"robots\" content=\"index, follow, max-snippet:-1, max-image-preview:large, max-video-preview:-1\" \/>\n<link rel=\"canonical\" href=\"https:\/\/lottomat.com\/ro\/joaca\/french-keno\/\" \/>\n<meta property=\"og:locale\" content=\"ro_RO\" \/>\n<meta property=\"og:type\" content=\"article\" \/>\n<meta property=\"og:title\" content=\"Joac\u0103 Keno Francez Online (Keno Fran\u021ba) - Lottomat\" \/>\n<meta property=\"og:description\" content=\"Selecteaz\u0103-\u021bi numerele \u0219i cump\u0103r\u0103 biletele Keno Francez online. Po\u021bi face asta din confortul casei tale! Joac\u0103 Keno Francez ast\u0103zi!\" \/>\n<meta property=\"og:url\" content=\"https:\/\/lottomat.com\/ro\/joaca\/french-keno\/\" \/>\n<meta property=\"og:site_name\" content=\"Lottomat\" \/>\n<meta property=\"article:modified_time\" content=\"2025-08-12T15:17:53+00:00\" \/>\n<meta property=\"og:image\" content=\"https:\/\/lottomat.com\/wp-content\/uploads\/2025\/08\/Romanian.png\" \/>\n<meta name=\"twitter:card\" content=\"summary_large_image\" \/>\n<meta name=\"twitter:label1\" content=\"Timp estimat pentru citire\" \/>\n\t<meta name=\"twitter:data1\" content=\"4 minute\" \/>\n<script type=\"application\/ld+json\" class=\"yoast-schema-graph\">{\"@context\":\"https:\/\/schema.org\",\"@graph\":[{\"@type\":\"WebPage\",\"@id\":\"https:\/\/lottomat.com\/ro\/joaca\/french-keno\/\",\"url\":\"https:\/\/lottomat.com\/ro\/joaca\/french-keno\/\",\"name\":\"Joac\u0103 Keno Francez Online (Keno Fran\u021ba) - Lottomat\",\"isPartOf\":{\"@id\":\"https:\/\/lottomat.com\/ro\/#website\"},\"primaryImageOfPage\":{\"@id\":\"https:\/\/lottomat.com\/ro\/joaca\/french-keno\/#primaryimage\"},\"image\":{\"@id\":\"https:\/\/lottomat.com\/ro\/joaca\/french-keno\/#primaryimage\"},\"thumbnailUrl\":\"https:\/\/lottomat.com\/wp-content\/uploads\/2025\/08\/Romanian.png\",\"datePublished\":\"2025-08-06T14:20:57+00:00\",\"dateModified\":\"2025-08-12T15:17:53+00:00\",\"description\":\"Selecteaz\u0103-\u021bi numerele \u0219i cump\u0103r\u0103 biletele Keno Francez online. Po\u021bi face asta din confortul casei tale! Joac\u0103 Keno Francez ast\u0103zi!\",\"breadcrumb\":{\"@id\":\"https:\/\/lottomat.com\/ro\/joaca\/french-keno\/#breadcrumb\"},\"inLanguage\":\"ro-RO\",\"potentialAction\":[{\"@type\":\"ReadAction\",\"target\":[\"https:\/\/lottomat.com\/ro\/joaca\/french-keno\/\"]}]},{\"@type\":\"ImageObject\",\"inLanguage\":\"ro-RO\",\"@id\":\"https:\/\/lottomat.com\/ro\/joaca\/french-keno\/#primaryimage\",\"url\":\"https:\/\/lottomat.com\/wp-content\/uploads\/2025\/08\/Romanian.png\",\"contentUrl\":\"https:\/\/lottomat.com\/wp-content\/uploads\/2025\/08\/Romanian.png\"},{\"@type\":\"BreadcrumbList\",\"@id\":\"https:\/\/lottomat.com\/ro\/joaca\/french-keno\/#breadcrumb\",\"itemListElement\":[{\"@type\":\"ListItem\",\"position\":1,\"name\":\"Home\",\"item\":\"https:\/\/lottomat.com\/ro\/\"},{\"@type\":\"ListItem\",\"position\":2,\"name\":\"Joac\u0103 la Loterie\",\"item\":\"https:\/\/lottomat.com\/ro\/joaca\/\"},{\"@type\":\"ListItem\",\"position\":3,\"name\":\"Joac\u0103 Keno Francez Online (Keno Fran\u021ba)\"}]},{\"@type\":\"WebSite\",\"@id\":\"https:\/\/lottomat.com\/ro\/#website\",\"url\":\"https:\/\/lottomat.com\/ro\/\",\"name\":\"Lottomat\",\"description\":\"\",\"potentialAction\":[{\"@type\":\"SearchAction\",\"target\":{\"@type\":\"EntryPoint\",\"urlTemplate\":\"https:\/\/lottomat.com\/ro\/?s={search_term_string}\"},\"query-input\":{\"@type\":\"PropertyValueSpecification\",\"valueRequired\":true,\"valueName\":\"search_term_string\"}}],\"inLanguage\":\"ro-RO\"}]}<\/script>\n<!-- \/ Yoast SEO plugin. -->","yoast_head_json":{"title":"Joac\u0103 Keno Francez Online (Keno Fran\u021ba) - Lottomat","description":"Selecteaz\u0103-\u021bi numerele \u0219i cump\u0103r\u0103 biletele Keno Francez online. Po\u021bi face asta din confortul casei tale! Joac\u0103 Keno Francez ast\u0103zi!","robots":{"index":"index","follow":"follow","max-snippet":"max-snippet:-1","max-image-preview":"max-image-preview:large","max-video-preview":"max-video-preview:-1"},"canonical":"https:\/\/lottomat.com\/ro\/joaca\/french-keno\/","og_locale":"ro_RO","og_type":"article","og_title":"Joac\u0103 Keno Francez Online (Keno Fran\u021ba) - Lottomat","og_description":"Selecteaz\u0103-\u021bi numerele \u0219i cump\u0103r\u0103 biletele Keno Francez online. Po\u021bi face asta din confortul casei tale! Joac\u0103 Keno Francez ast\u0103zi!","og_url":"https:\/\/lottomat.com\/ro\/joaca\/french-keno\/","og_site_name":"Lottomat","article_modified_time":"2025-08-12T15:17:53+00:00","og_image":[{"url":"https:\/\/lottomat.com\/wp-content\/uploads\/2025\/08\/Romanian.png"}],"twitter_card":"summary_large_image","twitter_misc":{"Timp estimat pentru citire":"4 minute"},"schema":{"@context":"https:\/\/schema.org","@graph":[{"@type":"WebPage","@id":"https:\/\/lottomat.com\/ro\/joaca\/french-keno\/","url":"https:\/\/lottomat.com\/ro\/joaca\/french-keno\/","name":"Joac\u0103 Keno Francez Online (Keno Fran\u021ba) - Lottomat","isPartOf":{"@id":"https:\/\/lottomat.com\/ro\/#website"},"primaryImageOfPage":{"@id":"https:\/\/lottomat.com\/ro\/joaca\/french-keno\/#primaryimage"},"image":{"@id":"https:\/\/lottomat.com\/ro\/joaca\/french-keno\/#primaryimage"},"thumbnailUrl":"https:\/\/lottomat.com\/wp-content\/uploads\/2025\/08\/Romanian.png","datePublished":"2025-08-06T14:20:57+00:00","dateModified":"2025-08-12T15:17:53+00:00","description":"Selecteaz\u0103-\u021bi numerele \u0219i cump\u0103r\u0103 biletele Keno Francez online. Po\u021bi face asta din confortul casei tale! Joac\u0103 Keno Francez ast\u0103zi!","breadcrumb":{"@id":"https:\/\/lottomat.com\/ro\/joaca\/french-keno\/#breadcrumb"},"inLanguage":"ro-RO","potentialAction":[{"@type":"ReadAction","target":["https:\/\/lottomat.com\/ro\/joaca\/french-keno\/"]}]},{"@type":"ImageObject","inLanguage":"ro-RO","@id":"https:\/\/lottomat.com\/ro\/joaca\/french-keno\/#primaryimage","url":"https:\/\/lottomat.com\/wp-content\/uploads\/2025\/08\/Romanian.png","contentUrl":"https:\/\/lottomat.com\/wp-content\/uploads\/2025\/08\/Romanian.png"},{"@type":"BreadcrumbList","@id":"https:\/\/lottomat.com\/ro\/joaca\/french-keno\/#breadcrumb","itemListElement":[{"@type":"ListItem","position":1,"name":"Home","item":"https:\/\/lottomat.com\/ro\/"},{"@type":"ListItem","position":2,"name":"Joac\u0103 la Loterie","item":"https:\/\/lottomat.com\/ro\/joaca\/"},{"@type":"ListItem","position":3,"name":"Joac\u0103 Keno Francez Online (Keno Fran\u021ba)"}]},{"@type":"WebSite","@id":"https:\/\/lottomat.com\/ro\/#website","url":"https:\/\/lottomat.com\/ro\/","name":"Lottomat","description":"","potentialAction":[{"@type":"SearchAction","target":{"@type":"EntryPoint","urlTemplate":"https:\/\/lottomat.com\/ro\/?s={search_term_string}"},"query-input":{"@type":"PropertyValueSpecification","valueRequired":true,"valueName":"search_term_string"}}],"inLanguage":"ro-RO"}]}},"_links":{"self":[{"href":"https:\/\/lottomat.com\/ro\/wp-json\/wp\/v2\/pages\/249496","targetHints":{"allow":["GET"]}}],"collection":[{"href":"https:\/\/lottomat.com\/ro\/wp-json\/wp\/v2\/pages"}],"about":[{"href":"https:\/\/lottomat.com\/ro\/wp-json\/wp\/v2\/types\/page"}],"author":[{"embeddable":true,"href":"https:\/\/lottomat.com\/ro\/wp-json\/wp\/v2\/users\/2"}],"replies":[{"embeddable":true,"href":"https:\/\/lottomat.com\/ro\/wp-json\/wp\/v2\/comments?post=249496"}],"version-history":[{"count":0,"href":"https:\/\/lottomat.com\/ro\/wp-json\/wp\/v2\/pages\/249496\/revisions"}],"up":[{"embeddable":true,"href":"https:\/\/lottomat.com\/ro\/wp-json\/wp\/v2\/pages\/6792"}],"wp:attachment":[{"href":"https:\/\/lottomat.com\/ro\/wp-json\/wp\/v2\/media?parent=249496"}],"curies":[{"name":"wp","href":"https:\/\/api.w.org\/{rel}","templated":true}]}}