{"id":249471,"date":"2025-08-06T09:10:11","date_gmt":"2025-08-06T09:10:11","guid":{"rendered":"https:\/\/lottomat.com\/?page_id=249471"},"modified":"2025-08-12T09:39:15","modified_gmt":"2025-08-12T09:39:15","slug":"finnish-keno","status":"publish","type":"page","link":"https:\/\/lottomat.com\/ro\/joaca\/finnish-keno\/","title":{"rendered":"Joac\u0103 Keno finlandez online (Keno Finlanda)"},"content":{"rendered":"\n\n<div class=\"kk-star-ratings kksr-auto kksr-align-left kksr-valign-top\"\n    data-payload='{&quot;align&quot;:&quot;left&quot;,&quot;id&quot;:&quot;249471&quot;,&quot;slug&quot;:&quot;default&quot;,&quot;valign&quot;:&quot;top&quot;,&quot;ignore&quot;:&quot;&quot;,&quot;reference&quot;:&quot;auto&quot;,&quot;class&quot;:&quot;&quot;,&quot;count&quot;:&quot;0&quot;,&quot;legendonly&quot;:&quot;&quot;,&quot;readonly&quot;:&quot;&quot;,&quot;score&quot;:&quot;0&quot;,&quot;starsonly&quot;:&quot;&quot;,&quot;best&quot;:&quot;5&quot;,&quot;gap&quot;:&quot;5&quot;,&quot;greet&quot;:&quot;Rate this page&quot;,&quot;legend&quot;:&quot;0\\\/5 - (0 votes)&quot;,&quot;size&quot;:&quot;30&quot;,&quot;title&quot;:&quot;Joac\u0103 Keno finlandez online (Keno Finlanda)&quot;,&quot;width&quot;:&quot;0&quot;,&quot;_legend&quot;:&quot;{score}\\\/{best} - ({count} {votes})&quot;,&quot;font_factor&quot;:&quot;1.25&quot;}'>\n            \n<div class=\"kksr-stars\">\n    \n<div class=\"kksr-stars-inactive\">\n            <div class=\"kksr-star\" data-star=\"1\" style=\"padding-right: 5px\">\n            \n\n<div class=\"kksr-icon\" style=\"width: 30px; height: 30px;\"><\/div>\n        <\/div>\n            <div class=\"kksr-star\" data-star=\"2\" style=\"padding-right: 5px\">\n            \n\n<div class=\"kksr-icon\" style=\"width: 30px; height: 30px;\"><\/div>\n        <\/div>\n            <div class=\"kksr-star\" data-star=\"3\" style=\"padding-right: 5px\">\n            \n\n<div class=\"kksr-icon\" style=\"width: 30px; height: 30px;\"><\/div>\n        <\/div>\n            <div class=\"kksr-star\" data-star=\"4\" style=\"padding-right: 5px\">\n            \n\n<div class=\"kksr-icon\" style=\"width: 30px; height: 30px;\"><\/div>\n        <\/div>\n            <div class=\"kksr-star\" data-star=\"5\" style=\"padding-right: 5px\">\n            \n\n<div class=\"kksr-icon\" style=\"width: 30px; height: 30px;\"><\/div>\n        <\/div>\n    <\/div>\n    \n<div class=\"kksr-stars-active\" style=\"width: 0px;\">\n            <div class=\"kksr-star\" style=\"padding-right: 5px\">\n            \n\n<div class=\"kksr-icon\" style=\"width: 30px; height: 30px;\"><\/div>\n        <\/div>\n            <div class=\"kksr-star\" style=\"padding-right: 5px\">\n            \n\n<div class=\"kksr-icon\" style=\"width: 30px; height: 30px;\"><\/div>\n        <\/div>\n            <div class=\"kksr-star\" style=\"padding-right: 5px\">\n            \n\n<div class=\"kksr-icon\" style=\"width: 30px; height: 30px;\"><\/div>\n        <\/div>\n            <div class=\"kksr-star\" style=\"padding-right: 5px\">\n            \n\n<div class=\"kksr-icon\" style=\"width: 30px; height: 30px;\"><\/div>\n        <\/div>\n            <div class=\"kksr-star\" style=\"padding-right: 5px\">\n            \n\n<div class=\"kksr-icon\" style=\"width: 30px; height: 30px;\"><\/div>\n        <\/div>\n    <\/div>\n<\/div>\n                \n\n<div class=\"kksr-legend\" style=\"font-size: 24px;\">\n            <span class=\"kksr-muted\">Rate this page<\/span>\n    <\/div>\n    <\/div>\n<h2><a href=\"https:\/\/lottomat.com\/ro\/joaca\/\"><img loading=\"lazy\" decoding=\"async\" class=\"aligncenter wp-image-249397 size-full\" src=\"https:\/\/lottomat.com\/wp-content\/uploads\/2025\/08\/Romanian.png\" alt=\"Keno finlandez online\" width=\"1140\" height=\"179\" srcset=\"https:\/\/lottomat.com\/wp-content\/uploads\/2025\/08\/Romanian.png 1140w, https:\/\/lottomat.com\/wp-content\/uploads\/2025\/08\/Romanian-980x154.png 980w, https:\/\/lottomat.com\/wp-content\/uploads\/2025\/08\/Romanian-480x75.png 480w\" sizes=\"auto, (min-width: 0px) and (max-width: 480px) 480px, (min-width: 481px) and (max-width: 980px) 980px, (min-width: 981px) 1140px, 100vw\" \/><\/a><\/h2>\r\n<h2>Cum se joac\u0103 Keno finlandez?<\/h2>\r\n<p><strong>Keno finlandez poate fi jucat \u00een dou\u0103 moduri diferite:<\/strong><\/p>\r\n<h3>Keno online \u00een Finlanda<\/h3>\r\n<p>Prima variant\u0103 este cea tradi\u021bional\u0103 \u0219i presupune achizi\u021bionarea unui bilet Keno de la un punct de v\u00e2nzare fizic, cum ar fi chio\u0219curi, magazine sau puncte de jocuri Veikkaus. Aceasta este o metod\u0103 familiar\u0103 pentru mul\u021bi juc\u0103tori. Biletul Keno se completeaz\u0103 prin selectarea numerelor dorite \u0219i a\u0219teptarea extragerii. Este o op\u021biune popular\u0103 pentru cei care se bucur\u0103 s\u0103 completeze un bilet fizic \u0219i tr\u0103iesc emo\u021bia a\u0219tept\u0103rii rezultatelor.<\/p>\r\n<h3>Keno finlandez online<\/h3>\r\n<p>A doua variant\u0103 este s\u0103 joci Keno finlandez online. Acest lucru \u00ee\u021bi permite s\u0103 joci oric\u00e2nd \u0219i oriunde, at\u00e2ta timp c\u00e2t ai conexiune la internet. Jocul online ofer\u0103 comoditate \u0219i rapiditate, pentru c\u0103 po\u021bi participa de pe computer sau dispozitiv mobil. Po\u021bi alege propriile numere sau po\u021bi folosi instrumentul Quick Pick, care le selecteaz\u0103 automat pentru tine. <a href=\"https:\/\/lottomat.com\/ro\/joaca\/\">Jocul la loterie online<\/a> aduce multe avantaje. Po\u021bi participa la jocuri indiferent unde te afli \u0219i nu trebuie s\u0103-\u021bi faci griji pentru p\u0103strarea biletelor fizice. De asemenea, po\u021bi <a href=\"https:\/\/lottomat.com\/ro\/rezultate\/\">verifica cele mai recente rezultate la loterie<\/a> u\u0219or \u0219i rapid, direct online.<\/p><p style=\"text-align: center;\"><strong>Indiferent dac\u0103 alegi biletul tradi\u021bional la loterie sau jocul online, Keno finlandez este captivant \u0219i \u00ee\u021bi ofer\u0103 \u0219ansa de a c\u00e2\u0219tiga premii uimitoare!<\/strong><\/p>\r\n<h2><img loading=\"lazy\" decoding=\"async\" class=\"alignleft wp-image-6234\" src=\"https:\/\/lottomat.com\/wp-content\/uploads\/2025\/03\/The-New-York-Lotto-150x150.png\" alt=\"Bilete Keno finlandez\" width=\"130\" height=\"130\" srcset=\"https:\/\/lottomat.com\/wp-content\/uploads\/2025\/03\/The-New-York-Lotto-150x150.png 150w, https:\/\/lottomat.com\/wp-content\/uploads\/2025\/03\/The-New-York-Lotto-300x300.png 300w, https:\/\/lottomat.com\/wp-content\/uploads\/2025\/03\/The-New-York-Lotto-100x100.png 100w, https:\/\/lottomat.com\/wp-content\/uploads\/2025\/03\/The-New-York-Lotto.png 400w\" sizes=\"auto, (max-width: 130px) 100vw, 130px\" \/>Bilete Keno finlandez<\/h2>\r\n<p>La Keno finlandez, juc\u0103torii au posibilitatea de a cump\u0103ra mai multe bilete. Juc\u0103torul poate completa biletul cu numerele alese sau poate utiliza instrumentul Quick Pick, care selecteaz\u0103 automat numerele. Este important de re\u021binut c\u0103, cu c\u00e2t juc\u0103torul cump\u0103r\u0103 mai multe bilete, cu at\u00e2t are mai multe \u0219anse de c\u00e2\u0219tig. \u00cen plus, dorim s\u0103 te asigur\u0103m c\u0103 p\u0103str\u0103m \u00eentotdeauna biletele \u00een siguran\u021b\u0103. Juc\u0103torii nu trebuie s\u0103-\u0219i fac\u0103 griji c\u0103 biletul se va pierde \u2013 po\u021bi avea \u00eencredere c\u0103 va fi p\u0103strat \u00een siguran\u021b\u0103. Acest lucru ofer\u0103 lini\u0219te \u0219i siguran\u021b\u0103 participan\u021bilor.<\/p>\r\n<h2>Regulile Keno finlandez<\/h2>\r\n<p>La Keno finlandez, un juc\u0103tor particip\u0103 aleg\u00e2nd \u00eentre dou\u0103 \u0219i zece numere, din intervalul 1 p\u00e2n\u0103 la 70. De exemplu, un juc\u0103tor poate alege 2, 5 sau chiar 10 numere, \u00een func\u021bie de preferin\u021bele \u0219i strategia sa. Dup\u0103 aceea, juc\u0103torul plaseaz\u0103 un pariu, care determin\u0103 valoarea premiului. Extragerea Keno are loc prin selectarea aleatorie a 20 de numere dintr-un total de 70. Scopul juc\u0103torului este s\u0103 nimereasc\u0103 c\u00e2t mai multe dintre numerele alese la extragere. Valoarea c\u00e2\u0219tigului depinde de c\u00e2te numere corecte a reu\u0219it s\u0103 nimereasc\u0103 juc\u0103torul. Keno are diferite categorii de premii care determin\u0103 valoarea c\u00e2\u0219tigurilor. Cu c\u00e2t juc\u0103torul potrive\u0219te mai multe numere, cu at\u00e2t premiul este mai mare.<\/p>\r\n<h2>Premii Keno finlandez<\/h2>\r\n<p>La Keno finlandez, exist\u0103 \u0219ansa de a c\u00e2\u0219tiga diferite premii, \u00een func\u021bie de c\u00e2te numere corecte ai din selec\u021bia ta. Suma exact\u0103 a premiului depinde \u0219i de valoarea pariului. Cel mai mare premiu posibil la Keno finlandez poate ajunge p\u00e2n\u0103 la 2.000.000 de euro. Aceast\u0103 sum\u0103 impresionant\u0103 poate fi c\u00e2\u0219tigat\u0103 atunci c\u00e2nd un juc\u0103tor alege 10 numere, le nimere\u0219te pe toate \u0219i utilizeaz\u0103 un multiplica tor de 10. Este o ocazie deosebit de atractiv\u0103 pentru cei care viseaz\u0103 la c\u00e2\u0219tiguri uria\u0219e la Keno. Keno finlandez le ofer\u0103 juc\u0103torilor oportunitatea de a visa la c\u00e2\u0219tiguri mari \u0219i de a tr\u0103i emo\u021bia extragerilor. Mult noroc la joc!<\/p>\r\n<h2>Cum verifici rezultatele Keno finlandez?<img loading=\"lazy\" decoding=\"async\" class=\"alignright wp-image-3950\" src=\"https:\/\/lottomat.com\/wp-content\/uploads\/2025\/03\/the-Most-Popular-Numbers-150x150.png\" alt=\"Rezultate Keno finlandez\" width=\"130\" height=\"130\" srcset=\"https:\/\/lottomat.com\/wp-content\/uploads\/2025\/03\/the-Most-Popular-Numbers-150x150.png 150w, https:\/\/lottomat.com\/wp-content\/uploads\/2025\/03\/the-Most-Popular-Numbers-300x300.png 300w, https:\/\/lottomat.com\/wp-content\/uploads\/2025\/03\/the-Most-Popular-Numbers-100x100.png 100w, https:\/\/lottomat.com\/wp-content\/uploads\/2025\/03\/the-Most-Popular-Numbers.png 400w\" sizes=\"auto, (max-width: 130px) 100vw, 130px\" \/><\/h2>\r\n<p>Dup\u0103 ce ai participat la o extragere plin\u0103 de emo\u021bie, este important s\u0103 \u0219tii cum s\u0103 <a href=\"https:\/\/lottomat.com\/ro\/keno-rezultate\/\">verifici rezultatele Keno<\/a> \u0219i s\u0103 afli dac\u0103 ai c\u00e2\u0219tigat.<\/p>\r\n<h3>Metoda tradi\u021bional\u0103: la cel mai apropiat punct de v\u00e2nzare<\/h3>\r\n<p>Una dintre cele mai comune metode de <a href=\"https:\/\/lottomat.com\/ro\/rezultate\/finnish-keno\/\">a verifica rezultatele Keno finlandez<\/a> este s\u0103 vizitezi cel mai apropiat punct de v\u00e2nzare Veikkaus. Rezultatele celor mai recente extrageri sunt de obicei afi\u0219ate la punctul de v\u00e2nzare, iar tu le po\u021bi compara cu numerele tale. Vizita la punctul de v\u00e2nzare \u00ee\u021bi ofer\u0103 \u0219i ocazia de a tr\u0103i emo\u021bia extragerii al\u0103turi de al\u021bi juc\u0103tori.<\/p>\r\n<h3>Televiziune \u0219i re\u021bele sociale<\/h3>\r\n<p>O alt\u0103 <strong>modalitate comod\u0103 de a verifica rezultatele Keno<\/strong> este s\u0103 urm\u0103re\u0219ti extragerile la televizor sau pe re\u021belele sociale. De multe ori, numerele Keno sunt anun\u021bate la TV imediat dup\u0103 extragere, iar organiza\u021biile oficiale de loterie public\u0103 rezultatele \u0219i pe canalele lor de social media. Este o metod\u0103 rapid\u0103 de a afla dac\u0103 ai c\u00e2\u0219tigat.<\/p>\r\n<h3>Site-ul oficial<\/h3>\r\n<p>Site-ul oficial al organiza\u021biei de loterie este <strong>o surs\u0103 de \u00eencredere pentru verificarea rezultatelor Keno<\/strong>. Po\u021bi accesa site-ul oric\u00e2nd \u0219i po\u021bi verifica cele mai recente rezultate. Pe site vei g\u0103si \u0219i informa\u021bii suplimentare despre diferite categorii de premii \u0219i recompense.<\/p>\r\n<h3>Website-ul Lottomat: verificare u\u0219oar\u0103 \u0219i rapid\u0103 a rezultatelor<\/h3>\r\n<p>Una dintre cele mai comode metode de a verifica rezultatele Keno este s\u0103 folose\u0219ti <a href=\"https:\/\/lottomat.com\/ro\/\">site-ul Lottomat<\/a>. Aici po\u021bi verifica numerele din acela\u0219i loc unde ai cump\u0103rat biletele \u0219i ai jucat Keno. Lottomat public\u0103 imediat rezultatele dup\u0103 extragere, astfel \u00eenc\u00e2t po\u021bi fi sigur c\u0103 ai mereu cele mai noi informa\u021bii. Acest lucru face din Lottomat o surs\u0103 100% de \u00eencredere pentru rezultatele Keno.<\/p>\r\n<h2><img loading=\"lazy\" decoding=\"async\" class=\"alignleft wp-image-4008\" src=\"https:\/\/lottomat.com\/wp-content\/uploads\/2025\/03\/Why-Play-Set-for-Life-150x150.png\" alt=\"Keno finlandez online\" width=\"130\" height=\"130\" srcset=\"https:\/\/lottomat.com\/wp-content\/uploads\/2025\/03\/Why-Play-Set-for-Life-150x150.png 150w, https:\/\/lottomat.com\/wp-content\/uploads\/2025\/03\/Why-Play-Set-for-Life-300x300.png 300w, https:\/\/lottomat.com\/wp-content\/uploads\/2025\/03\/Why-Play-Set-for-Life-100x100.png 100w, https:\/\/lottomat.com\/wp-content\/uploads\/2025\/03\/Why-Play-Set-for-Life.png 400w\" sizes=\"auto, (max-width: 130px) 100vw, 130px\" \/>Keno finlandez online &#8211; Sfaturi pentru juc\u0103tori<\/h2>\r\n<p>Jocul Keno finlandez online ofer\u0103 o experien\u021b\u0103 de joc incitant\u0103, iar exist\u0103 c\u00e2teva sfaturi pe care juc\u0103torii le pot folosi pentru a-\u0219i cre\u0219te <a href=\"https:\/\/lottomat.com\/ro\/informatie\/\">\u0219ansele de a c\u00e2\u0219tiga la loterie<\/a>:<\/p>\r\n<p>\u2022 <strong>Cump\u0103r\u0103 mai multe bilete<\/strong>: Prin achizi\u021bionarea mai multor bilete Keno finlandez, \u00ee\u021bi cre\u0219ti \u0219ansele de c\u00e2\u0219tig. Fiecare bilet este o nou\u0103 oportunitate de a ghici corect<\/p>\r\n<p>\u2022 <strong>Joac\u0103 \u00eempreun\u0103 cu prietenii \u0219i familia<\/strong>: O experien\u021b\u0103 de joc \u00eemp\u0103rt\u0103\u0219it\u0103 al\u0103turi de prieteni \u0219i familie adaug\u0103 un plus de distrac\u021bie \u0219i emo\u021bie. Pute\u021bi alege numerele \u00eempreun\u0103 \u0219i v\u0103 pute\u021bi bucura de euforia c\u00e2\u0219tigului<\/p>\r\n<p>\u2022 <strong>Folose\u0219te Quick Pick \u0219i propriile numere<\/strong>: Po\u021bi folosi Quick Pick, care selecteaz\u0103 automat numerele pentru tine. Alternativ, po\u021bi alege propriile numere norocoase dac\u0103 preferi s\u0103 te bazezi pe intui\u021bie<\/p>\r\n<p>\u2022 <strong>Ia \u00een considerare utilizarea unui multiplicator<\/strong>: Folosirea unui multiplicator poate cre\u0219te valoarea poten\u021bial\u0103 a premiului. Totu\u0219i, re\u021bine c\u0103 un multiplicator mai mare \u00eenseamn\u0103 \u0219i un pariu mai mare<\/p>\r\n<p>\u2022 <strong>Joac\u0103 responsabil<\/strong>: Nu uita s\u0103-\u021bi stabile\u0219ti un buget pentru joc \u0219i s\u0103-l respec\u021bi. Jocul este, \u00een primul r\u00e2nd, pentru distrac\u021bie, a\u0219a c\u0103 nu risca mai mult dec\u00e2t \u00ee\u021bi permi\u021bi s\u0103 pierzi<\/p>\r\n<p>\u2022<strong> Urm\u0103re\u0219te statisticile<\/strong>: Pentru unii juc\u0103tori, poate fi util s\u0103 urm\u0103reasc\u0103 rezultatele \u0219i statisticile extragerilor anterioare. Acest lucru te poate ajuta s\u0103 identifici ce numere au ap\u0103rut mai des<\/p>\r\n<p>\u2022 <strong>Bucur\u0103-te de joc<\/strong>: \u021aine minte c\u0103 jocul Keno este \u00eenainte de toate pentru divertisment. Bucur\u0103-te de emo\u021bie \u0219i de \u0219ansa de a c\u00e2\u0219tiga, dar nu uita s\u0103 te distrezi<\/p>\r\n<p>\u2022 <strong>Verific\u0103 rezultatele dintr-o surs\u0103 de \u00eencredere<\/strong>: Dup\u0103 extragere, verific\u0103 \u00eentotdeauna rezultatele dintr-o surs\u0103 sigur\u0103. Site-ul Lottomat ofer\u0103 cele mai noi informa\u021bii imediat.<\/p>\r\n<p><strong>Jocul Keno finlandez online poate fi o modalitate distractiv\u0103 \u0219i palpitant\u0103 de a-\u021bi petrece timpul<\/strong>. Totu\u0219i, nu uita s\u0103 joci responsabil \u0219i s\u0103 te bucuri de experien\u021ba de joc. Mult noroc la extrageri!<\/p>","protected":false},"excerpt":{"rendered":"<p>Cum se joac\u0103 Keno finlandez? Keno finlandez poate fi jucat \u00een dou\u0103 moduri diferite: Keno online \u00een Finlanda Prima variant\u0103 este cea tradi\u021bional\u0103 \u0219i presupune achizi\u021bionarea unui bilet Keno de la un punct de v\u00e2nzare fizic, cum ar fi chio\u0219curi, magazine sau puncte de jocuri Veikkaus. Aceasta este o metod\u0103 familiar\u0103 pentru mul\u021bi juc\u0103tori. Biletul [&hellip;]<\/p>\n","protected":false},"author":2,"featured_media":0,"parent":6792,"menu_order":0,"comment_status":"closed","ping_status":"closed","template":"","meta":{"_et_pb_use_builder":"","_et_pb_old_content":"","_et_gb_content_width":"","exclude_from_search":false,"footnotes":""},"class_list":["post-249471","page","type-page","status-publish","hentry"],"yoast_head":"<!-- This site is optimized with the Yoast SEO plugin v23.8 - https:\/\/yoast.com\/wordpress\/plugins\/seo\/ -->\n<title>Keno finlandez online - Bilete Keno Finlanda - Lottomat<\/title>\n<meta name=\"description\" content=\"Vrei s\u0103 joci Keno finlandez online? Aici po\u021bi cump\u0103ra bilete Keno Finlanda online pentru extragerea urm\u0103toare! E\u0219ti preg\u0103tit pentru asta?&quot;\" \/>\n<meta name=\"robots\" content=\"index, follow, max-snippet:-1, max-image-preview:large, max-video-preview:-1\" \/>\n<link rel=\"canonical\" href=\"https:\/\/lottomat.com\/ro\/joaca\/finnish-keno\/\" \/>\n<meta property=\"og:locale\" content=\"ro_RO\" \/>\n<meta property=\"og:type\" content=\"article\" \/>\n<meta property=\"og:title\" content=\"Keno finlandez online - Bilete Keno Finlanda - Lottomat\" \/>\n<meta property=\"og:description\" content=\"Vrei s\u0103 joci Keno finlandez online? Aici po\u021bi cump\u0103ra bilete Keno Finlanda online pentru extragerea urm\u0103toare! E\u0219ti preg\u0103tit pentru asta?&quot;\" \/>\n<meta property=\"og:url\" content=\"https:\/\/lottomat.com\/ro\/joaca\/finnish-keno\/\" \/>\n<meta property=\"og:site_name\" content=\"Lottomat\" \/>\n<meta property=\"article:modified_time\" content=\"2025-08-12T09:39:15+00:00\" \/>\n<meta property=\"og:image\" content=\"https:\/\/lottomat.com\/wp-content\/uploads\/2025\/08\/Romanian.png\" \/>\n<meta name=\"twitter:card\" content=\"summary_large_image\" \/>\n<meta name=\"twitter:label1\" content=\"Timp estimat pentru citire\" \/>\n\t<meta name=\"twitter:data1\" content=\"6 minute\" \/>\n<script type=\"application\/ld+json\" class=\"yoast-schema-graph\">{\"@context\":\"https:\/\/schema.org\",\"@graph\":[{\"@type\":\"WebPage\",\"@id\":\"https:\/\/lottomat.com\/ro\/joaca\/finnish-keno\/\",\"url\":\"https:\/\/lottomat.com\/ro\/joaca\/finnish-keno\/\",\"name\":\"Keno finlandez online - Bilete Keno Finlanda - Lottomat\",\"isPartOf\":{\"@id\":\"https:\/\/lottomat.com\/ro\/#website\"},\"primaryImageOfPage\":{\"@id\":\"https:\/\/lottomat.com\/ro\/joaca\/finnish-keno\/#primaryimage\"},\"image\":{\"@id\":\"https:\/\/lottomat.com\/ro\/joaca\/finnish-keno\/#primaryimage\"},\"thumbnailUrl\":\"https:\/\/lottomat.com\/wp-content\/uploads\/2025\/08\/Romanian.png\",\"datePublished\":\"2025-08-06T09:10:11+00:00\",\"dateModified\":\"2025-08-12T09:39:15+00:00\",\"description\":\"Vrei s\u0103 joci Keno finlandez online? Aici po\u021bi cump\u0103ra bilete Keno Finlanda online pentru extragerea urm\u0103toare! E\u0219ti preg\u0103tit pentru asta?\\\"\",\"breadcrumb\":{\"@id\":\"https:\/\/lottomat.com\/ro\/joaca\/finnish-keno\/#breadcrumb\"},\"inLanguage\":\"ro-RO\",\"potentialAction\":[{\"@type\":\"ReadAction\",\"target\":[\"https:\/\/lottomat.com\/ro\/joaca\/finnish-keno\/\"]}]},{\"@type\":\"ImageObject\",\"inLanguage\":\"ro-RO\",\"@id\":\"https:\/\/lottomat.com\/ro\/joaca\/finnish-keno\/#primaryimage\",\"url\":\"https:\/\/lottomat.com\/wp-content\/uploads\/2025\/08\/Romanian.png\",\"contentUrl\":\"https:\/\/lottomat.com\/wp-content\/uploads\/2025\/08\/Romanian.png\"},{\"@type\":\"BreadcrumbList\",\"@id\":\"https:\/\/lottomat.com\/ro\/joaca\/finnish-keno\/#breadcrumb\",\"itemListElement\":[{\"@type\":\"ListItem\",\"position\":1,\"name\":\"Home\",\"item\":\"https:\/\/lottomat.com\/ro\/\"},{\"@type\":\"ListItem\",\"position\":2,\"name\":\"Joac\u0103 la Loterie\",\"item\":\"https:\/\/lottomat.com\/ro\/joaca\/\"},{\"@type\":\"ListItem\",\"position\":3,\"name\":\"Joac\u0103 Keno finlandez online (Keno Finlanda)\"}]},{\"@type\":\"WebSite\",\"@id\":\"https:\/\/lottomat.com\/ro\/#website\",\"url\":\"https:\/\/lottomat.com\/ro\/\",\"name\":\"Lottomat\",\"description\":\"\",\"potentialAction\":[{\"@type\":\"SearchAction\",\"target\":{\"@type\":\"EntryPoint\",\"urlTemplate\":\"https:\/\/lottomat.com\/ro\/?s={search_term_string}\"},\"query-input\":{\"@type\":\"PropertyValueSpecification\",\"valueRequired\":true,\"valueName\":\"search_term_string\"}}],\"inLanguage\":\"ro-RO\"}]}<\/script>\n<!-- \/ Yoast SEO plugin. -->","yoast_head_json":{"title":"Keno finlandez online - Bilete Keno Finlanda - Lottomat","description":"Vrei s\u0103 joci Keno finlandez online? Aici po\u021bi cump\u0103ra bilete Keno Finlanda online pentru extragerea urm\u0103toare! E\u0219ti preg\u0103tit pentru asta?\"","robots":{"index":"index","follow":"follow","max-snippet":"max-snippet:-1","max-image-preview":"max-image-preview:large","max-video-preview":"max-video-preview:-1"},"canonical":"https:\/\/lottomat.com\/ro\/joaca\/finnish-keno\/","og_locale":"ro_RO","og_type":"article","og_title":"Keno finlandez online - Bilete Keno Finlanda - Lottomat","og_description":"Vrei s\u0103 joci Keno finlandez online? Aici po\u021bi cump\u0103ra bilete Keno Finlanda online pentru extragerea urm\u0103toare! E\u0219ti preg\u0103tit pentru asta?\"","og_url":"https:\/\/lottomat.com\/ro\/joaca\/finnish-keno\/","og_site_name":"Lottomat","article_modified_time":"2025-08-12T09:39:15+00:00","og_image":[{"url":"https:\/\/lottomat.com\/wp-content\/uploads\/2025\/08\/Romanian.png"}],"twitter_card":"summary_large_image","twitter_misc":{"Timp estimat pentru citire":"6 minute"},"schema":{"@context":"https:\/\/schema.org","@graph":[{"@type":"WebPage","@id":"https:\/\/lottomat.com\/ro\/joaca\/finnish-keno\/","url":"https:\/\/lottomat.com\/ro\/joaca\/finnish-keno\/","name":"Keno finlandez online - Bilete Keno Finlanda - Lottomat","isPartOf":{"@id":"https:\/\/lottomat.com\/ro\/#website"},"primaryImageOfPage":{"@id":"https:\/\/lottomat.com\/ro\/joaca\/finnish-keno\/#primaryimage"},"image":{"@id":"https:\/\/lottomat.com\/ro\/joaca\/finnish-keno\/#primaryimage"},"thumbnailUrl":"https:\/\/lottomat.com\/wp-content\/uploads\/2025\/08\/Romanian.png","datePublished":"2025-08-06T09:10:11+00:00","dateModified":"2025-08-12T09:39:15+00:00","description":"Vrei s\u0103 joci Keno finlandez online? Aici po\u021bi cump\u0103ra bilete Keno Finlanda online pentru extragerea urm\u0103toare! E\u0219ti preg\u0103tit pentru asta?\"","breadcrumb":{"@id":"https:\/\/lottomat.com\/ro\/joaca\/finnish-keno\/#breadcrumb"},"inLanguage":"ro-RO","potentialAction":[{"@type":"ReadAction","target":["https:\/\/lottomat.com\/ro\/joaca\/finnish-keno\/"]}]},{"@type":"ImageObject","inLanguage":"ro-RO","@id":"https:\/\/lottomat.com\/ro\/joaca\/finnish-keno\/#primaryimage","url":"https:\/\/lottomat.com\/wp-content\/uploads\/2025\/08\/Romanian.png","contentUrl":"https:\/\/lottomat.com\/wp-content\/uploads\/2025\/08\/Romanian.png"},{"@type":"BreadcrumbList","@id":"https:\/\/lottomat.com\/ro\/joaca\/finnish-keno\/#breadcrumb","itemListElement":[{"@type":"ListItem","position":1,"name":"Home","item":"https:\/\/lottomat.com\/ro\/"},{"@type":"ListItem","position":2,"name":"Joac\u0103 la Loterie","item":"https:\/\/lottomat.com\/ro\/joaca\/"},{"@type":"ListItem","position":3,"name":"Joac\u0103 Keno finlandez online (Keno Finlanda)"}]},{"@type":"WebSite","@id":"https:\/\/lottomat.com\/ro\/#website","url":"https:\/\/lottomat.com\/ro\/","name":"Lottomat","description":"","potentialAction":[{"@type":"SearchAction","target":{"@type":"EntryPoint","urlTemplate":"https:\/\/lottomat.com\/ro\/?s={search_term_string}"},"query-input":{"@type":"PropertyValueSpecification","valueRequired":true,"valueName":"search_term_string"}}],"inLanguage":"ro-RO"}]}},"_links":{"self":[{"href":"https:\/\/lottomat.com\/ro\/wp-json\/wp\/v2\/pages\/249471","targetHints":{"allow":["GET"]}}],"collection":[{"href":"https:\/\/lottomat.com\/ro\/wp-json\/wp\/v2\/pages"}],"about":[{"href":"https:\/\/lottomat.com\/ro\/wp-json\/wp\/v2\/types\/page"}],"author":[{"embeddable":true,"href":"https:\/\/lottomat.com\/ro\/wp-json\/wp\/v2\/users\/2"}],"replies":[{"embeddable":true,"href":"https:\/\/lottomat.com\/ro\/wp-json\/wp\/v2\/comments?post=249471"}],"version-history":[{"count":0,"href":"https:\/\/lottomat.com\/ro\/wp-json\/wp\/v2\/pages\/249471\/revisions"}],"up":[{"embeddable":true,"href":"https:\/\/lottomat.com\/ro\/wp-json\/wp\/v2\/pages\/6792"}],"wp:attachment":[{"href":"https:\/\/lottomat.com\/ro\/wp-json\/wp\/v2\/media?parent=249471"}],"curies":[{"name":"wp","href":"https:\/\/api.w.org\/{rel}","templated":true}]}}