{"id":249468,"date":"2025-08-08T09:25:32","date_gmt":"2025-08-08T09:25:32","guid":{"rendered":"https:\/\/lottomat.com\/?page_id=249468"},"modified":"2025-08-12T09:29:18","modified_gmt":"2025-08-12T09:29:18","slug":"czech-keno","status":"publish","type":"page","link":"https:\/\/lottomat.com\/ro\/rezultate\/czech-keno\/","title":{"rendered":"Rezultate Czech Keno &#8211; Numere C\u00e2\u0219tig\u0103toare Keno Cehia"},"content":{"rendered":"\n\n<div class=\"kk-star-ratings kksr-auto kksr-align-left kksr-valign-top\"\n    data-payload='{&quot;align&quot;:&quot;left&quot;,&quot;id&quot;:&quot;249468&quot;,&quot;slug&quot;:&quot;default&quot;,&quot;valign&quot;:&quot;top&quot;,&quot;ignore&quot;:&quot;&quot;,&quot;reference&quot;:&quot;auto&quot;,&quot;class&quot;:&quot;&quot;,&quot;count&quot;:&quot;0&quot;,&quot;legendonly&quot;:&quot;&quot;,&quot;readonly&quot;:&quot;&quot;,&quot;score&quot;:&quot;0&quot;,&quot;starsonly&quot;:&quot;&quot;,&quot;best&quot;:&quot;5&quot;,&quot;gap&quot;:&quot;5&quot;,&quot;greet&quot;:&quot;Rate this page&quot;,&quot;legend&quot;:&quot;0\\\/5 - (0 votes)&quot;,&quot;size&quot;:&quot;30&quot;,&quot;title&quot;:&quot;Rezultate Czech Keno - Numere C\u00e2\u0219tig\u0103toare Keno Cehia&quot;,&quot;width&quot;:&quot;0&quot;,&quot;_legend&quot;:&quot;{score}\\\/{best} - ({count} {votes})&quot;,&quot;font_factor&quot;:&quot;1.25&quot;}'>\n            \n<div class=\"kksr-stars\">\n    \n<div class=\"kksr-stars-inactive\">\n            <div class=\"kksr-star\" data-star=\"1\" style=\"padding-right: 5px\">\n            \n\n<div class=\"kksr-icon\" style=\"width: 30px; height: 30px;\"><\/div>\n        <\/div>\n            <div class=\"kksr-star\" data-star=\"2\" style=\"padding-right: 5px\">\n            \n\n<div class=\"kksr-icon\" style=\"width: 30px; height: 30px;\"><\/div>\n        <\/div>\n            <div class=\"kksr-star\" data-star=\"3\" style=\"padding-right: 5px\">\n            \n\n<div class=\"kksr-icon\" style=\"width: 30px; height: 30px;\"><\/div>\n        <\/div>\n            <div class=\"kksr-star\" data-star=\"4\" style=\"padding-right: 5px\">\n            \n\n<div class=\"kksr-icon\" style=\"width: 30px; height: 30px;\"><\/div>\n        <\/div>\n            <div class=\"kksr-star\" data-star=\"5\" style=\"padding-right: 5px\">\n            \n\n<div class=\"kksr-icon\" style=\"width: 30px; height: 30px;\"><\/div>\n        <\/div>\n    <\/div>\n    \n<div class=\"kksr-stars-active\" style=\"width: 0px;\">\n            <div class=\"kksr-star\" style=\"padding-right: 5px\">\n            \n\n<div class=\"kksr-icon\" style=\"width: 30px; height: 30px;\"><\/div>\n        <\/div>\n            <div class=\"kksr-star\" style=\"padding-right: 5px\">\n            \n\n<div class=\"kksr-icon\" style=\"width: 30px; height: 30px;\"><\/div>\n        <\/div>\n            <div class=\"kksr-star\" style=\"padding-right: 5px\">\n            \n\n<div class=\"kksr-icon\" style=\"width: 30px; height: 30px;\"><\/div>\n        <\/div>\n            <div class=\"kksr-star\" style=\"padding-right: 5px\">\n            \n\n<div class=\"kksr-icon\" style=\"width: 30px; height: 30px;\"><\/div>\n        <\/div>\n            <div class=\"kksr-star\" style=\"padding-right: 5px\">\n            \n\n<div class=\"kksr-icon\" style=\"width: 30px; height: 30px;\"><\/div>\n        <\/div>\n    <\/div>\n<\/div>\n                \n\n<div class=\"kksr-legend\" style=\"font-size: 24px;\">\n            <span class=\"kksr-muted\">Rate this page<\/span>\n    <\/div>\n    <\/div>\n<h2><a href=\"https:\/\/lottomat.com\/ro\/joaca\/\"><img loading=\"lazy\" decoding=\"async\" class=\"aligncenter wp-image-249397 size-full\" src=\"https:\/\/lottomat.com\/wp-content\/uploads\/2025\/08\/Romanian.png\" alt=\"Rezultate Czech Keno\" width=\"1140\" height=\"179\" srcset=\"https:\/\/lottomat.com\/wp-content\/uploads\/2025\/08\/Romanian.png 1140w, https:\/\/lottomat.com\/wp-content\/uploads\/2025\/08\/Romanian-980x154.png 980w, https:\/\/lottomat.com\/wp-content\/uploads\/2025\/08\/Romanian-480x75.png 480w\" sizes=\"auto, (min-width: 0px) and (max-width: 480px) 480px, (min-width: 481px) and (max-width: 980px) 980px, (min-width: 981px) 1140px, 100vw\" \/><\/a><\/h2>\n<h2>Cum s\u0103 verifici rezultatele Keno de azi \u00een Cehia?<\/h2>\n<p><img loading=\"lazy\" decoding=\"async\" class=\"alignleft wp-image-5895\" src=\"https:\/\/lottomat.com\/wp-content\/uploads\/2025\/03\/Who-can-play-in-Mega-Millions-online.png\" alt=\"Rezultate Czech Keno\" width=\"130\" height=\"130\" srcset=\"https:\/\/lottomat.com\/wp-content\/uploads\/2025\/03\/Who-can-play-in-Mega-Millions-online.png 400w, https:\/\/lottomat.com\/wp-content\/uploads\/2025\/03\/Who-can-play-in-Mega-Millions-online-300x300.png 300w, https:\/\/lottomat.com\/wp-content\/uploads\/2025\/03\/Who-can-play-in-Mega-Millions-online-150x150.png 150w, https:\/\/lottomat.com\/wp-content\/uploads\/2025\/03\/Who-can-play-in-Mega-Millions-online-100x100.png 100w\" sizes=\"auto, (max-width: 130px) 100vw, 130px\" \/>Czech Keno este un joc popular care atrage pasiona\u021bii de loterie prin tragerile sale frecvente \u0219i \u0219ansele palpitante de c\u00e2\u0219tig. Dac\u0103 e\u0219ti ner\u0103bd\u0103tor s\u0103 afli <strong>rezultatele Czech Keno<\/strong>, exist\u0103 mai multe modalit\u0103\u021bi convenabile de a r\u0103m\u00e2ne la curent. Local, juc\u0103torii din Cehia pot vizita agen\u021biile autorizate de loterie, unde rezultatele sunt afi\u0219ate de obicei la scurt timp dup\u0103 fiecare extragere. Pentru cei care prefer\u0103 accesul digital, site-ul oficial al loteriei cehe ofer\u0103 actualiz\u0103ri prompte cu cele mai recente rezultate. \u00cen plus, re\u021belele de socializare reprezint\u0103 o alt\u0103 cale de a verifica rezultatele, asigur\u00e2ndu-te c\u0103 po\u021bi r\u0103m\u00e2ne informat oriunde te-ai afla.<\/p>\n<h2>Verific\u0103 numerele c\u00e2\u0219tig\u0103toare de azi la Czech Keno pe Lottomat!<\/h2>\n<p>Pentru cele mai exacte \u0219i <strong>actualizate numere c\u00e2\u0219tig\u0103toare Czech Keno<\/strong>, nu trebuie s\u0103 cau\u021bi mai departe de Lottomat. Ne m\u00e2ndrim c\u0103 livr\u0103m <a href=\"https:\/\/lottomat.com\/ro\/keno-rezultate\/\">cele mai recente rezultate Keno<\/a>, preluate direct de pe site-ul oficial al loteriei cehe. Asta \u00eenseamn\u0103 c\u0103 po\u021bi avea \u00eencredere \u00een acurate\u021bea \u0219i promptitudinea informa\u021biilor pe care le prime\u0219ti. Fie c\u0103 verifici rezultatele unei extrageri recente sau \u00ee\u021bi planifici urm\u0103toarea participare, Lottomat este partenerul t\u0103u de \u00eencredere \u00een lumea Czech Keno.<\/p>\n<h2>C\u00e2nd au loc extragerile cu rezultatele Czech Keno?<\/h2>\n<p><strong>Extragerea Czech Keno are loc la fiecare 5 minute<\/strong>, oferind nenum\u0103rate oportunit\u0103\u021bi de a juca \u0219i c\u00e2\u0219tiga pe tot parcursul zilei. Extragerile au loc \u00eentre 00:05 \u0219i 23:55 GMT+0200, asigur\u00e2ndu-se c\u0103, indiferent de programul t\u0103u, exist\u0103 mereu \u0219ansa de a participa. Aceast\u0103 frecven\u021b\u0103 ridicat\u0103 a extragerilor este unul dintre aspectele care fac Czech Keno at\u00e2t de captivant \u0219i accesibil pentru juc\u0103tori din \u00eentreaga lume.<\/p>\n<h2>Arhiv\u0103 rezultate Keno \u0219i numere c\u00e2\u0219tig\u0103toare<\/h2>\n<p>Pe Lottomat, oferim mai mult dec\u00e2t cele mai recente numere; punem la dispozi\u021bie o <strong>arhiv\u0103 cuprinz\u0103toare de rezultate Czech Keno din trecut<\/strong>. Aceast\u0103 resurs\u0103 valoroas\u0103 \u00ee\u021bi permite s\u0103 consul\u021bi date istorice \u0219i s\u0103 analizezi tendin\u021be care te pot ajuta la urm\u0103toarele tale alegeri. Studiind extragerile anterioare, po\u021bi identifica modele sau numere care apar frecvent, oferindu-\u021bi posibilitatea s\u0103 ai un avantaj la urm\u0103torul joc.<img loading=\"lazy\" decoding=\"async\" class=\"alignright wp-image-5692\" src=\"https:\/\/lottomat.com\/wp-content\/uploads\/2025\/03\/What-is-Mega-Millions-online.png\" alt=\"Extragere Czech Keno\" width=\"130\" height=\"130\" srcset=\"https:\/\/lottomat.com\/wp-content\/uploads\/2025\/03\/What-is-Mega-Millions-online.png 400w, https:\/\/lottomat.com\/wp-content\/uploads\/2025\/03\/What-is-Mega-Millions-online-300x300.png 300w, https:\/\/lottomat.com\/wp-content\/uploads\/2025\/03\/What-is-Mega-Millions-online-150x150.png 150w, https:\/\/lottomat.com\/wp-content\/uploads\/2025\/03\/What-is-Mega-Millions-online-100x100.png 100w\" sizes=\"auto, (max-width: 130px) 100vw, 130px\" \/><\/p>\n<h2>Numere C\u00e2\u0219tig\u0103toare Czech Keno<\/h2>\n<p>O strategie popular\u0103 printre juc\u0103torii de loterie este analiza numerelor calde \u0219i reci. Numerele calde sunt acelea care au fost extrase frecvent \u00een ultimele trageri, \u00een timp ce numerele reci apar mai rar.<\/p>\n<p>Unii juc\u0103tori cred c\u0103 numerele calde au mai multe \u0219anse s\u0103 fie extrase din nou, \u00een timp ce al\u021bii prefer\u0103 numerele reci, a\u0219tept\u00e2ndu-se ca ele s\u0103 revin\u0103 \u00een joc. Indiferent de strategia ta, \u00een\u021belegerea acestor tendin\u021be poate fi o modalitate distractiv\u0103 \u0219i interesant\u0103 de abordare a jocului Czech Keno.<\/p>\n<h3>Rezultate Keno Cehia \u2013 Cele mai frecvent extrase numere<\/h3>\n<p>Pe baza datelor istorice, urm\u0103toarele numere au fost identificate ca fiind cele mai frecvent extrase la Czech Keno:<\/p>\n<ul>\n<li><strong>Num\u0103rul 14<\/strong>: Cunoscut pentru prezen\u021ba sa repetat\u0103, acest num\u0103r este preferat de mul\u021bi juc\u0103tori.<\/li>\n<li><strong>Num\u0103rul 27<\/strong>: Considerat adesea un num\u0103r norocos datorit\u0103 apari\u021biilor frecvente.<\/li>\n<li><strong>Num\u0103rul 33<\/strong>: Acest num\u0103r a ap\u0103rut constant \u00een numeroase extrageri.<\/li>\n<li><strong>Num\u0103rul 7<\/strong>: Un num\u0103r universal norocos, apare regulat \u0219i la Czech Keno.<\/li>\n<li><strong>Num\u0103rul 42<\/strong>: Un alt vizitator frecvent \u00een lumea rezultatelor Czech Keno.<\/li>\n<li><strong>Num\u0103rul 19<\/strong>: Popular pentru constan\u021ba cu care apare \u00een extrageri.<\/li>\n<li><strong>Num\u0103rul 22<\/strong>: Cunoscut pentru echilibru \u0219i apari\u021bii dese.<\/li>\n<li><strong>Num\u0103rul 5<\/strong>: Preferat de cei care aleg numere pe baza frecven\u021bei.<\/li>\n<li><strong>Num\u0103rul 48<\/strong>: Are reputa\u021bia de a fi extras adesea.<\/li>\n<li><strong>Num\u0103rul 31<\/strong>: Completeaz\u0103 lista numerelor frecvent extrase, fiind un candidat puternic pentru urm\u0103toarea ta participare.<\/li>\n<\/ul>\n<p><img loading=\"lazy\" decoding=\"async\" class=\"alignleft wp-image-5574\" src=\"https:\/\/lottomat.com\/wp-content\/uploads\/2025\/03\/How-to-purchase-a-Mega-Millions-ticket.png\" alt=\"Rezultate Keno Cehia\" width=\"130\" height=\"130\" srcset=\"https:\/\/lottomat.com\/wp-content\/uploads\/2025\/03\/How-to-purchase-a-Mega-Millions-ticket.png 400w, https:\/\/lottomat.com\/wp-content\/uploads\/2025\/03\/How-to-purchase-a-Mega-Millions-ticket-300x300.png 300w, https:\/\/lottomat.com\/wp-content\/uploads\/2025\/03\/How-to-purchase-a-Mega-Millions-ticket-150x150.png 150w, https:\/\/lottomat.com\/wp-content\/uploads\/2025\/03\/How-to-purchase-a-Mega-Millions-ticket-100x100.png 100w\" sizes=\"auto, (max-width: 130px) 100vw, 130px\" \/><\/p>\n<h3>Rezultate Keno Cehia \u2013 Cele mai rar extrase numere<\/h3>\n<p>Pe de alt\u0103 parte, unele numere sunt extrase mai rar. Iat\u0103 zece numere care au ap\u0103rut mai pu\u021bin frecvent la Czech Keno:<\/p>\n<ul>\n<li><strong>Num\u0103rul 3<\/strong>: Se vede rar, fiind o alegere deosebit\u0103.<\/li>\n<li><strong>Num\u0103rul 29<\/strong>: Un num\u0103r mai pu\u021bin \u00eent\u00e2lnit \u00een extragerile recente.<\/li>\n<li><strong>Num\u0103rul 50<\/strong>: Nu a ap\u0103rut la fel de des ca altele.<\/li>\n<li><strong>Num\u0103rul 11<\/strong>: Surprinz\u0103tor de rar, \u00een ciuda simplit\u0103\u021bii sale.<\/li>\n<li><strong>Num\u0103rul 37<\/strong>: Unul dintre numerele mai pu\u021bin frecvente.<\/li>\n<li><strong>Num\u0103rul 9<\/strong>: Remarcabil de absent \u00een multe extrageri.<\/li>\n<li><strong>Num\u0103rul 45<\/strong>: Un num\u0103r care prefer\u0103 s\u0103 stea \u00een umbr\u0103.<\/li>\n<li><strong>Num\u0103rul 26<\/strong>: Apare rar \u00een extrageri.<\/li>\n<li><strong>Num\u0103rul 18<\/strong>: Cunoscut pentru istoria sa de apari\u021bii pu\u021bine.<\/li>\n<li><strong>Num\u0103rul 39<\/strong>: \u00cencheie lista noastr\u0103 a numerelor cel mai rar extrase.<\/li>\n<\/ul>\n<h2>Joac\u0103 online!<\/h2>\n<p>De ce s\u0103 nu \u00eencerci norocul \u0219i s\u0103 <a href=\"https:\/\/lottomat.com\/ro\/joaca\/czech-keno\/\">joci Czech Keno online<\/a>? Lottomat face participarea u\u0219oar\u0103 \u0219i comod\u0103, oriunde te-ai afla \u00een lume. Ai acces la rezultate \u00een timp real, date istorice \u0219i posibilitatea de a juca \u00een ritmul t\u0103u, iar jocul online aduce un suflu modern acestui joc clasic. Al\u0103tur\u0103-te emo\u021biei \u0219i vezi dac\u0103 po\u021bi alege ast\u0103zi urm\u0103toarele numere c\u00e2\u0219tig\u0103toare!<\/p>\n","protected":false},"excerpt":{"rendered":"<p>Cum s\u0103 verifici rezultatele Keno de azi \u00een Cehia? Czech Keno este un joc popular care atrage pasiona\u021bii de loterie prin tragerile sale frecvente \u0219i \u0219ansele palpitante de c\u00e2\u0219tig. Dac\u0103 e\u0219ti ner\u0103bd\u0103tor s\u0103 afli rezultatele Czech Keno, exist\u0103 mai multe modalit\u0103\u021bi convenabile de a r\u0103m\u00e2ne la curent. Local, juc\u0103torii din Cehia pot vizita agen\u021biile autorizate [&hellip;]<\/p>\n","protected":false},"author":2,"featured_media":0,"parent":7448,"menu_order":0,"comment_status":"closed","ping_status":"closed","template":"","meta":{"_et_pb_use_builder":"","_et_pb_old_content":"","_et_gb_content_width":"","exclude_from_search":false,"footnotes":""},"class_list":["post-249468","page","type-page","status-publish","hentry"],"yoast_head":"<!-- This site is optimized with the Yoast SEO plugin v23.8 - https:\/\/yoast.com\/wordpress\/plugins\/seo\/ -->\n<title>Rezultate Czech Keno - Numere C\u00e2\u0219tig\u0103toare Keno Cehia<\/title>\n<meta name=\"description\" content=\"Verific\u0103 cele mai recente rezultate Czech Keno. Pe site-ul nostru po\u021bi verifica cele mai noi numere c\u00e2\u0219tig\u0103toare Keno Cehia.\" \/>\n<meta name=\"robots\" content=\"index, follow, max-snippet:-1, max-image-preview:large, max-video-preview:-1\" \/>\n<link rel=\"canonical\" href=\"https:\/\/lottomat.com\/ro\/rezultate\/czech-keno\/\" \/>\n<meta property=\"og:locale\" content=\"ro_RO\" \/>\n<meta property=\"og:type\" content=\"article\" \/>\n<meta property=\"og:title\" content=\"Rezultate Czech Keno - Numere C\u00e2\u0219tig\u0103toare Keno Cehia\" \/>\n<meta property=\"og:description\" content=\"Verific\u0103 cele mai recente rezultate Czech Keno. Pe site-ul nostru po\u021bi verifica cele mai noi numere c\u00e2\u0219tig\u0103toare Keno Cehia.\" \/>\n<meta property=\"og:url\" content=\"https:\/\/lottomat.com\/ro\/rezultate\/czech-keno\/\" \/>\n<meta property=\"og:site_name\" content=\"Lottomat\" \/>\n<meta property=\"article:modified_time\" content=\"2025-08-12T09:29:18+00:00\" \/>\n<meta property=\"og:image\" content=\"https:\/\/lottomat.com\/wp-content\/uploads\/2025\/08\/Romanian.png\" \/>\n<meta name=\"twitter:card\" content=\"summary_large_image\" \/>\n<meta name=\"twitter:label1\" content=\"Timp estimat pentru citire\" \/>\n\t<meta name=\"twitter:data1\" content=\"5 minute\" \/>\n<script type=\"application\/ld+json\" class=\"yoast-schema-graph\">{\"@context\":\"https:\/\/schema.org\",\"@graph\":[{\"@type\":\"WebPage\",\"@id\":\"https:\/\/lottomat.com\/ro\/rezultate\/czech-keno\/\",\"url\":\"https:\/\/lottomat.com\/ro\/rezultate\/czech-keno\/\",\"name\":\"Rezultate Czech Keno - Numere C\u00e2\u0219tig\u0103toare Keno Cehia\",\"isPartOf\":{\"@id\":\"https:\/\/lottomat.com\/ro\/#website\"},\"primaryImageOfPage\":{\"@id\":\"https:\/\/lottomat.com\/ro\/rezultate\/czech-keno\/#primaryimage\"},\"image\":{\"@id\":\"https:\/\/lottomat.com\/ro\/rezultate\/czech-keno\/#primaryimage\"},\"thumbnailUrl\":\"https:\/\/lottomat.com\/wp-content\/uploads\/2025\/08\/Romanian.png\",\"datePublished\":\"2025-08-08T09:25:32+00:00\",\"dateModified\":\"2025-08-12T09:29:18+00:00\",\"description\":\"Verific\u0103 cele mai recente rezultate Czech Keno. Pe site-ul nostru po\u021bi verifica cele mai noi numere c\u00e2\u0219tig\u0103toare Keno Cehia.\",\"breadcrumb\":{\"@id\":\"https:\/\/lottomat.com\/ro\/rezultate\/czech-keno\/#breadcrumb\"},\"inLanguage\":\"ro-RO\",\"potentialAction\":[{\"@type\":\"ReadAction\",\"target\":[\"https:\/\/lottomat.com\/ro\/rezultate\/czech-keno\/\"]}]},{\"@type\":\"ImageObject\",\"inLanguage\":\"ro-RO\",\"@id\":\"https:\/\/lottomat.com\/ro\/rezultate\/czech-keno\/#primaryimage\",\"url\":\"https:\/\/lottomat.com\/wp-content\/uploads\/2025\/08\/Romanian.png\",\"contentUrl\":\"https:\/\/lottomat.com\/wp-content\/uploads\/2025\/08\/Romanian.png\"},{\"@type\":\"BreadcrumbList\",\"@id\":\"https:\/\/lottomat.com\/ro\/rezultate\/czech-keno\/#breadcrumb\",\"itemListElement\":[{\"@type\":\"ListItem\",\"position\":1,\"name\":\"Home\",\"item\":\"https:\/\/lottomat.com\/ro\/\"},{\"@type\":\"ListItem\",\"position\":2,\"name\":\"Rezultate la loterie &#038; Numere c\u00e2\u0219tig\u0103toare la loto\",\"item\":\"https:\/\/lottomat.com\/ro\/rezultate\/\"},{\"@type\":\"ListItem\",\"position\":3,\"name\":\"Rezultate Czech Keno &#8211; Numere C\u00e2\u0219tig\u0103toare Keno Cehia\"}]},{\"@type\":\"WebSite\",\"@id\":\"https:\/\/lottomat.com\/ro\/#website\",\"url\":\"https:\/\/lottomat.com\/ro\/\",\"name\":\"Lottomat\",\"description\":\"\",\"potentialAction\":[{\"@type\":\"SearchAction\",\"target\":{\"@type\":\"EntryPoint\",\"urlTemplate\":\"https:\/\/lottomat.com\/ro\/?s={search_term_string}\"},\"query-input\":{\"@type\":\"PropertyValueSpecification\",\"valueRequired\":true,\"valueName\":\"search_term_string\"}}],\"inLanguage\":\"ro-RO\"}]}<\/script>\n<!-- \/ Yoast SEO plugin. -->","yoast_head_json":{"title":"Rezultate Czech Keno - Numere C\u00e2\u0219tig\u0103toare Keno Cehia","description":"Verific\u0103 cele mai recente rezultate Czech Keno. Pe site-ul nostru po\u021bi verifica cele mai noi numere c\u00e2\u0219tig\u0103toare Keno Cehia.","robots":{"index":"index","follow":"follow","max-snippet":"max-snippet:-1","max-image-preview":"max-image-preview:large","max-video-preview":"max-video-preview:-1"},"canonical":"https:\/\/lottomat.com\/ro\/rezultate\/czech-keno\/","og_locale":"ro_RO","og_type":"article","og_title":"Rezultate Czech Keno - Numere C\u00e2\u0219tig\u0103toare Keno Cehia","og_description":"Verific\u0103 cele mai recente rezultate Czech Keno. Pe site-ul nostru po\u021bi verifica cele mai noi numere c\u00e2\u0219tig\u0103toare Keno Cehia.","og_url":"https:\/\/lottomat.com\/ro\/rezultate\/czech-keno\/","og_site_name":"Lottomat","article_modified_time":"2025-08-12T09:29:18+00:00","og_image":[{"url":"https:\/\/lottomat.com\/wp-content\/uploads\/2025\/08\/Romanian.png"}],"twitter_card":"summary_large_image","twitter_misc":{"Timp estimat pentru citire":"5 minute"},"schema":{"@context":"https:\/\/schema.org","@graph":[{"@type":"WebPage","@id":"https:\/\/lottomat.com\/ro\/rezultate\/czech-keno\/","url":"https:\/\/lottomat.com\/ro\/rezultate\/czech-keno\/","name":"Rezultate Czech Keno - Numere C\u00e2\u0219tig\u0103toare Keno Cehia","isPartOf":{"@id":"https:\/\/lottomat.com\/ro\/#website"},"primaryImageOfPage":{"@id":"https:\/\/lottomat.com\/ro\/rezultate\/czech-keno\/#primaryimage"},"image":{"@id":"https:\/\/lottomat.com\/ro\/rezultate\/czech-keno\/#primaryimage"},"thumbnailUrl":"https:\/\/lottomat.com\/wp-content\/uploads\/2025\/08\/Romanian.png","datePublished":"2025-08-08T09:25:32+00:00","dateModified":"2025-08-12T09:29:18+00:00","description":"Verific\u0103 cele mai recente rezultate Czech Keno. Pe site-ul nostru po\u021bi verifica cele mai noi numere c\u00e2\u0219tig\u0103toare Keno Cehia.","breadcrumb":{"@id":"https:\/\/lottomat.com\/ro\/rezultate\/czech-keno\/#breadcrumb"},"inLanguage":"ro-RO","potentialAction":[{"@type":"ReadAction","target":["https:\/\/lottomat.com\/ro\/rezultate\/czech-keno\/"]}]},{"@type":"ImageObject","inLanguage":"ro-RO","@id":"https:\/\/lottomat.com\/ro\/rezultate\/czech-keno\/#primaryimage","url":"https:\/\/lottomat.com\/wp-content\/uploads\/2025\/08\/Romanian.png","contentUrl":"https:\/\/lottomat.com\/wp-content\/uploads\/2025\/08\/Romanian.png"},{"@type":"BreadcrumbList","@id":"https:\/\/lottomat.com\/ro\/rezultate\/czech-keno\/#breadcrumb","itemListElement":[{"@type":"ListItem","position":1,"name":"Home","item":"https:\/\/lottomat.com\/ro\/"},{"@type":"ListItem","position":2,"name":"Rezultate la loterie &#038; Numere c\u00e2\u0219tig\u0103toare la loto","item":"https:\/\/lottomat.com\/ro\/rezultate\/"},{"@type":"ListItem","position":3,"name":"Rezultate Czech Keno &#8211; Numere C\u00e2\u0219tig\u0103toare Keno Cehia"}]},{"@type":"WebSite","@id":"https:\/\/lottomat.com\/ro\/#website","url":"https:\/\/lottomat.com\/ro\/","name":"Lottomat","description":"","potentialAction":[{"@type":"SearchAction","target":{"@type":"EntryPoint","urlTemplate":"https:\/\/lottomat.com\/ro\/?s={search_term_string}"},"query-input":{"@type":"PropertyValueSpecification","valueRequired":true,"valueName":"search_term_string"}}],"inLanguage":"ro-RO"}]}},"_links":{"self":[{"href":"https:\/\/lottomat.com\/ro\/wp-json\/wp\/v2\/pages\/249468","targetHints":{"allow":["GET"]}}],"collection":[{"href":"https:\/\/lottomat.com\/ro\/wp-json\/wp\/v2\/pages"}],"about":[{"href":"https:\/\/lottomat.com\/ro\/wp-json\/wp\/v2\/types\/page"}],"author":[{"embeddable":true,"href":"https:\/\/lottomat.com\/ro\/wp-json\/wp\/v2\/users\/2"}],"replies":[{"embeddable":true,"href":"https:\/\/lottomat.com\/ro\/wp-json\/wp\/v2\/comments?post=249468"}],"version-history":[{"count":0,"href":"https:\/\/lottomat.com\/ro\/wp-json\/wp\/v2\/pages\/249468\/revisions"}],"up":[{"embeddable":true,"href":"https:\/\/lottomat.com\/ro\/wp-json\/wp\/v2\/pages\/7448"}],"wp:attachment":[{"href":"https:\/\/lottomat.com\/ro\/wp-json\/wp\/v2\/media?parent=249468"}],"curies":[{"name":"wp","href":"https:\/\/api.w.org\/{rel}","templated":true}]}}