{"id":249465,"date":"2025-08-08T09:35:16","date_gmt":"2025-08-08T09:35:16","guid":{"rendered":"https:\/\/lottomat.com\/?page_id=249465"},"modified":"2025-08-12T09:21:04","modified_gmt":"2025-08-12T09:21:04","slug":"czech-keno","status":"publish","type":"page","link":"https:\/\/lottomat.com\/ro\/informatie\/czech-keno\/","title":{"rendered":"Premii Czech Keno &#8211; Reguli Keno Cehia"},"content":{"rendered":"\n\n<div class=\"kk-star-ratings kksr-auto kksr-align-left kksr-valign-top\"\n    data-payload='{&quot;align&quot;:&quot;left&quot;,&quot;id&quot;:&quot;249465&quot;,&quot;slug&quot;:&quot;default&quot;,&quot;valign&quot;:&quot;top&quot;,&quot;ignore&quot;:&quot;&quot;,&quot;reference&quot;:&quot;auto&quot;,&quot;class&quot;:&quot;&quot;,&quot;count&quot;:&quot;0&quot;,&quot;legendonly&quot;:&quot;&quot;,&quot;readonly&quot;:&quot;&quot;,&quot;score&quot;:&quot;0&quot;,&quot;starsonly&quot;:&quot;&quot;,&quot;best&quot;:&quot;5&quot;,&quot;gap&quot;:&quot;5&quot;,&quot;greet&quot;:&quot;Rate this page&quot;,&quot;legend&quot;:&quot;0\\\/5 - (0 votes)&quot;,&quot;size&quot;:&quot;30&quot;,&quot;title&quot;:&quot;Premii Czech Keno - Reguli Keno Cehia&quot;,&quot;width&quot;:&quot;0&quot;,&quot;_legend&quot;:&quot;{score}\\\/{best} - ({count} {votes})&quot;,&quot;font_factor&quot;:&quot;1.25&quot;}'>\n            \n<div class=\"kksr-stars\">\n    \n<div class=\"kksr-stars-inactive\">\n            <div class=\"kksr-star\" data-star=\"1\" style=\"padding-right: 5px\">\n            \n\n<div class=\"kksr-icon\" style=\"width: 30px; height: 30px;\"><\/div>\n        <\/div>\n            <div class=\"kksr-star\" data-star=\"2\" style=\"padding-right: 5px\">\n            \n\n<div class=\"kksr-icon\" style=\"width: 30px; height: 30px;\"><\/div>\n        <\/div>\n            <div class=\"kksr-star\" data-star=\"3\" style=\"padding-right: 5px\">\n            \n\n<div class=\"kksr-icon\" style=\"width: 30px; height: 30px;\"><\/div>\n        <\/div>\n            <div class=\"kksr-star\" data-star=\"4\" style=\"padding-right: 5px\">\n            \n\n<div class=\"kksr-icon\" style=\"width: 30px; height: 30px;\"><\/div>\n        <\/div>\n            <div class=\"kksr-star\" data-star=\"5\" style=\"padding-right: 5px\">\n            \n\n<div class=\"kksr-icon\" style=\"width: 30px; height: 30px;\"><\/div>\n        <\/div>\n    <\/div>\n    \n<div class=\"kksr-stars-active\" style=\"width: 0px;\">\n            <div class=\"kksr-star\" style=\"padding-right: 5px\">\n            \n\n<div class=\"kksr-icon\" style=\"width: 30px; height: 30px;\"><\/div>\n        <\/div>\n            <div class=\"kksr-star\" style=\"padding-right: 5px\">\n            \n\n<div class=\"kksr-icon\" style=\"width: 30px; height: 30px;\"><\/div>\n        <\/div>\n            <div class=\"kksr-star\" style=\"padding-right: 5px\">\n            \n\n<div class=\"kksr-icon\" style=\"width: 30px; height: 30px;\"><\/div>\n        <\/div>\n            <div class=\"kksr-star\" style=\"padding-right: 5px\">\n            \n\n<div class=\"kksr-icon\" style=\"width: 30px; height: 30px;\"><\/div>\n        <\/div>\n            <div class=\"kksr-star\" style=\"padding-right: 5px\">\n            \n\n<div class=\"kksr-icon\" style=\"width: 30px; height: 30px;\"><\/div>\n        <\/div>\n    <\/div>\n<\/div>\n                \n\n<div class=\"kksr-legend\" style=\"font-size: 24px;\">\n            <span class=\"kksr-muted\">Rate this page<\/span>\n    <\/div>\n    <\/div>\n<p><a href=\"https:\/\/lottomat.com\/ro\/joaca\/\"><img loading=\"lazy\" decoding=\"async\" class=\"aligncenter wp-image-249397 size-full\" src=\"https:\/\/lottomat.com\/wp-content\/uploads\/2025\/08\/Romanian.png\" alt=\"Premii Czech Keno\" width=\"1140\" height=\"179\" srcset=\"https:\/\/lottomat.com\/wp-content\/uploads\/2025\/08\/Romanian.png 1140w, https:\/\/lottomat.com\/wp-content\/uploads\/2025\/08\/Romanian-980x154.png 980w, https:\/\/lottomat.com\/wp-content\/uploads\/2025\/08\/Romanian-480x75.png 480w\" sizes=\"auto, (min-width: 0px) and (max-width: 480px) 480px, (min-width: 481px) and (max-width: 980px) 980px, (min-width: 981px) 1140px, 100vw\" \/><\/a><\/p>\n<p><strong>E\u0219ti ner\u0103bd\u0103tor s\u0103 c\u00e2\u0219tigi ni\u0219te premii interesante la Czech Keno?<\/strong> Hai s\u0103 descoperim \u00eempreun\u0103 aceast\u0103 experien\u021b\u0103 palpitant\u0103 a loteriei! Organizat\u0103 de SAZKA a.s., Czech Keno este un joc de loterie \u00eendr\u0103git care a cucerit inimile a milioane de oameni \u00een Republica Ceh\u0103. De la lansarea sa \u00een 2002, a devenit nelipsit din via\u021ba pasiona\u021bilor de loterie, atr\u0103g\u00e2nd mul\u021bimi la fiecare extragere. \u00cen mod tradi\u021bional, \u00ee\u021bi puteai achizi\u021biona biletele Czech Keno de la oricare dintre cele 7.500 de puncte de v\u00e2nzare autorizate de SAZKA a.s. din toat\u0103 \u021bara. Dar asta nu este tot \u2013 fanii Czech Keno se pot bucura \u0219i de confortul jocului online, prin site-ul sau aplica\u021bia organizatorului, ceea ce face participarea mai u\u0219oar\u0103 ca niciodat\u0103.<\/p>\n<p>Chiar dac\u0103 nu te afli \u00een Republica Ceh\u0103, nu trebuie s\u0103 ratezi distrac\u021bia! Datorit\u0103 Lottomat, <a href=\"https:\/\/lottomat.com\/ro\/joaca\/czech-keno\/\">po\u021bi participa la Czech Keno online<\/a> de oriunde din lume. Creeaz\u0103-\u021bi pur \u0219i simplu un cont pe site-ul nostru \u0219i vei fi gata s\u0103 <strong>intri \u00een urm\u0103toarea extragere Keno Cehia<\/strong>. Preg\u0103te\u0219te-te s\u0103 sim\u021bi fiorul jocului \u0219i vezi dac\u0103 po\u021bi ghici numerele c\u00e2\u0219tig\u0103toare!<img loading=\"lazy\" decoding=\"async\" class=\"alignright wp-image-8208\" src=\"https:\/\/lottomat.com\/wp-content\/uploads\/2025\/04\/Playing-the-New-York-Lottery.png\" alt=\"Premii Czech Keno\" width=\"130\" height=\"130\" srcset=\"https:\/\/lottomat.com\/wp-content\/uploads\/2025\/04\/Playing-the-New-York-Lottery.png 400w, https:\/\/lottomat.com\/wp-content\/uploads\/2025\/04\/Playing-the-New-York-Lottery-300x300.png 300w, https:\/\/lottomat.com\/wp-content\/uploads\/2025\/04\/Playing-the-New-York-Lottery-150x150.png 150w, https:\/\/lottomat.com\/wp-content\/uploads\/2025\/04\/Playing-the-New-York-Lottery-100x100.png 100w\" sizes=\"auto, (max-width: 130px) 100vw, 130px\" \/><\/p>\n<h2>Reguli Czech Keno<\/h2>\n<p>Dac\u0103 ai cel pu\u021bin 18 ani, e\u0219ti eligibil s\u0103 participi. Trebuie doar s\u0103 alegi \u00eentre 2 \u0219i 7 numere din intervalul 1 la 60. Po\u021bi s\u0103-\u021bi selectezi manual numerele sau s\u0103 folose\u0219ti op\u021biunea \u201eSelec\u021bie rapid\u0103\u201d (\u201cQuick Pick\u201d) pentru un plus de surpriz\u0103 la jocul t\u0103u.<\/p>\n<p>\u00cen plus, ia \u00een considerare utilizarea func\u021biei \u201eMultiplicator\u201d, care \u00ee\u021bi poate cre\u0219te semnificativ poten\u021bialul de c\u00e2\u0219tig. Pe Lottomat, oferim multiplicatori de la 1 la 10, ceea ce \u00ee\u021bi ofer\u0103 flexibilitate s\u0103 ridici miza. Dup\u0103 extragere, <a href=\"https:\/\/lottomat.com\/ro\/rezultate\/czech-keno\/\">verific\u0103 rezultatele Czech Keno<\/a> pe site-ul nostru pentru a vedea dac\u0103 numerele tale coincid cu cele c\u00e2\u0219tig\u0103toare.<\/p>\n<h2>Revendicarea premiilor Czech Keno \u00een Cehia<\/h2>\n<p>Dup\u0103 ce ai c\u00e2\u0219tigat, <strong>revendicarea premiilor Czech Keno<\/strong> este floare la ureche. Ai la dispozi\u021bie nu mai pu\u021bin de 365 de zile de la data extragerii pentru a-\u021bi ridica premiul, a\u0219a c\u0103 nu e nicio grab\u0103. Pentru premii de p\u00e2n\u0103 la 1.000 CZK, mergi la orice punct de v\u00e2nzare SAZKA pentru plata imediat\u0103.<\/p>\n<p>Dac\u0103 premiul t\u0103u ajunge p\u00e2n\u0103 la 50.000 CZK, este recomandat s\u0103 anun\u021bi punctul de v\u00e2nzare \u00eenainte, pentru a fi sigur c\u0103 au suficien\u021bi bani lichizi disponibili. Pentru c\u00e2\u0219tiguri de p\u00e2n\u0103 la 250.000 CZK, po\u021bi solicita plata f\u0103r\u0103 numerar la anumite puncte SAZKA, dar aceasta poate dura 2-3 s\u0103pt\u0103m\u00e2ni. Retragerile \u00een numerar pentru aceast\u0103 sum\u0103 sunt disponibile \u00een anumite loca\u021bii sau la sediul central SAZKA din Praga.<\/p>\n<p>Dac\u0103 ai c\u00e2\u0219tigat peste 250.000 CZK, felicit\u0103ri! Contacteaz\u0103 linia de asisten\u021b\u0103 clien\u021bi SAZKA la 266 121 212 pentru a stabili detaliile primirii premiului.<\/p>\n<h3>Revendicarea premiilor Czech Keno la Lottomat<\/h3>\n<p><img loading=\"lazy\" decoding=\"async\" class=\"alignleft wp-image-6176\" src=\"https:\/\/lottomat.com\/wp-content\/uploads\/2025\/03\/New-York-Lotto-Results.png\" alt=\"Premii Keno Cehia\" width=\"130\" height=\"130\" srcset=\"https:\/\/lottomat.com\/wp-content\/uploads\/2025\/03\/New-York-Lotto-Results.png 400w, https:\/\/lottomat.com\/wp-content\/uploads\/2025\/03\/New-York-Lotto-Results-300x300.png 300w, https:\/\/lottomat.com\/wp-content\/uploads\/2025\/03\/New-York-Lotto-Results-150x150.png 150w, https:\/\/lottomat.com\/wp-content\/uploads\/2025\/03\/New-York-Lotto-Results-100x100.png 100w\" sizes=\"auto, (max-width: 130px) 100vw, 130px\" \/>Pentru cei care joac\u0103 Czech Keno prin <a href=\"https:\/\/lottomat.com\/ro\/\">Lottomat<\/a>, revendicarea c\u00e2\u0219tigurilor este un proces f\u0103r\u0103 complica\u021bii. Premiile de p\u00e2n\u0103 la 2.500 $ sunt creditate automat \u00een contul t\u0103u Lottomat. Po\u021bi apoi s\u0103 retragi aceast\u0103 sum\u0103 \u00een contul t\u0103u bancar sau s\u0103 o folose\u0219ti pentru a juca \u00een continuare pe platforma noastr\u0103.<\/p>\n<p>Pentru premiile mai mari, oferim un proces personalizat de revendicare. Echipa noastr\u0103 te va ghida pas cu pas, asigur\u00e2ndu-se c\u0103 plata este sigur\u0103 \u0219i rapid\u0103, astfel \u00eenc\u00e2t s\u0103 te po\u021bi bucura de c\u00e2\u0219tiguri f\u0103r\u0103 griji.<\/p>\n<h2>Premii Czech Keno<\/h2>\n<p>Czech Keno nu ofer\u0103 doar simplitate, ci \u0219i premii atr\u0103g\u0103toare. Structura premiilor este g\u00e2ndit\u0103 s\u0103 r\u0103spl\u0103teasc\u0103 juc\u0103torii la diferite niveluri, ceea ce face ca fiecare extragere s\u0103 fie o \u0219ans\u0103 plin\u0103 de suspans. C\u00e2\u0219tigurile tale depind de doi factori principali: num\u0103rul de numere selectate care coincid cu cele extrase \u0219i multiplicatorul ales. Iat\u0103 cum func\u021bioneaz\u0103:<\/p>\n<ul>\n<li><strong>Num\u0103r de potriviri:<\/strong> Cu c\u00e2t nimere\u0219ti mai multe numere, cu at\u00e2t premiul este mai mare.<\/li>\n<li><strong>Multiplicator:<\/strong> Alegerea op\u021biunii de multiplicare \u00ee\u021bi poate cre\u0219te considerabil c\u00e2\u0219tigul.<\/li>\n<\/ul>\n<p><strong>Pentru a-\u021bi oferi o imagine mai clar\u0103, iat\u0103 cum s-ar putea prezenta c\u00e2\u0219tigurile tale:<\/strong><\/p>\n<ul>\n<li>Nimere\u0219te 7 numere cu un multiplicator de 1: C\u00e2\u0219tigi 5.000 \u20ac<\/li>\n<li>Nimere\u0219te 7 numere cu un multiplicator de 5: C\u00e2\u0219tigi 25.000 \u20ac<\/li>\n<li>Nimere\u0219te 7 numere cu un multiplicator de 10: C\u00e2\u0219tigi 50.000 \u20ac<\/li>\n<\/ul>\n<p>Dup\u0103 cum vezi, folosirea multiplicatorului \u00ee\u021bi poate cre\u0219te dramatic c\u00e2\u0219tigurile, ad\u0103ug\u00e2nd un plus de emo\u021bie jocului.<\/p>\n<h2>Cum s\u0103 \u00ee\u021bi cre\u0219ti \u0219ansele de c\u00e2\u0219tig?<\/h2>\n<p>De\u0219i c\u00e2\u0219tigul la Czech Keno \u021bine \u00een mare m\u0103sur\u0103 de noroc, exist\u0103 c\u00e2teva strategii pe care le po\u021bi folosi pentru a-\u021bi spori \u0219ansele. \u00cen primul r\u00e2nd, \u00eencearc\u0103 s\u0103 combini numerele \u201efierbin\u021bi\u201d cu cele \u201ereci\u201d. Numerele fierbin\u021bi apar frecvent la extrageri, \u00een timp ce cele reci sunt mai rare. Combinarea lor \u00ee\u021bi poate diversifica variantele.<img loading=\"lazy\" decoding=\"async\" class=\"alignright wp-image-8237\" src=\"https:\/\/lottomat.com\/wp-content\/uploads\/2025\/04\/Play-the-New-York-Lottery.png\" alt=\"Reguli Keno Cehia\" width=\"130\" height=\"130\" srcset=\"https:\/\/lottomat.com\/wp-content\/uploads\/2025\/04\/Play-the-New-York-Lottery.png 400w, https:\/\/lottomat.com\/wp-content\/uploads\/2025\/04\/Play-the-New-York-Lottery-300x300.png 300w, https:\/\/lottomat.com\/wp-content\/uploads\/2025\/04\/Play-the-New-York-Lottery-150x150.png 150w, https:\/\/lottomat.com\/wp-content\/uploads\/2025\/04\/Play-the-New-York-Lottery-100x100.png 100w\" sizes=\"auto, (max-width: 130px) 100vw, 130px\" \/><\/p>\n<p>Jocul constant \u00ee\u021bi poate spori \u0219ansele \u00een timp, a\u0219a c\u0103 ia \u00een considerare achizi\u021bionarea de bilete pentru mai multe extrageri (\u201cmore lines\u201d), pentru a-\u021bi p\u0103stra numerele \u00een joc la mai multe trageri.<\/p>\n<p>\u00cen cele din urm\u0103, folose\u0219te multiplicatorul cu \u00een\u021belepciune. De\u0219i \u00ee\u021bi m\u0103re\u0219te miza, multiplicatorul poate cre\u0219te semnificativ \u0219i premiile. Alege un nivel care se potrive\u0219te bugetului \u0219i gradului t\u0103u de risc.<\/p>\n<p>Cu aceste sfaturi, <strong>e\u0219ti gata s\u0103 p\u0103trunzi \u00een lumea Czech Keno<\/strong>. De ce s\u0103 nu \u00ee\u021bi \u00eencerci norocul online pe Lottomat? Este simplu, comod \u0219i cine \u0219tie \u2013 poate chiar ast\u0103zi este ziua ta norocoas\u0103!<\/p>\n","protected":false},"excerpt":{"rendered":"<p>E\u0219ti ner\u0103bd\u0103tor s\u0103 c\u00e2\u0219tigi ni\u0219te premii interesante la Czech Keno? Hai s\u0103 descoperim \u00eempreun\u0103 aceast\u0103 experien\u021b\u0103 palpitant\u0103 a loteriei! Organizat\u0103 de SAZKA a.s., Czech Keno este un joc de loterie \u00eendr\u0103git care a cucerit inimile a milioane de oameni \u00een Republica Ceh\u0103. De la lansarea sa \u00een 2002, a devenit nelipsit din via\u021ba pasiona\u021bilor de [&hellip;]<\/p>\n","protected":false},"author":2,"featured_media":0,"parent":6914,"menu_order":0,"comment_status":"closed","ping_status":"closed","template":"","meta":{"_et_pb_use_builder":"","_et_pb_old_content":"","_et_gb_content_width":"","exclude_from_search":false,"footnotes":""},"class_list":["post-249465","page","type-page","status-publish","hentry"],"yoast_head":"<!-- This site is optimized with the Yoast SEO plugin v23.8 - https:\/\/yoast.com\/wordpress\/plugins\/seo\/ -->\n<title>Premii Czech Keno - Reguli Keno Cehia \u2013 Lottomat<\/title>\n<meta name=\"description\" content=\"Reguli Czech Keno - afl\u0103 cum s\u0103 joci la aceast\u0103 loterie. Aici po\u021bi descoperi \u0219i mai multe despre premiile Czech Keno.\" \/>\n<meta name=\"robots\" content=\"index, follow, max-snippet:-1, max-image-preview:large, max-video-preview:-1\" \/>\n<link rel=\"canonical\" href=\"https:\/\/lottomat.com\/ro\/informatie\/czech-keno\/\" \/>\n<meta property=\"og:locale\" content=\"ro_RO\" \/>\n<meta property=\"og:type\" content=\"article\" \/>\n<meta property=\"og:title\" content=\"Premii Czech Keno - Reguli Keno Cehia \u2013 Lottomat\" \/>\n<meta property=\"og:description\" content=\"Reguli Czech Keno - afl\u0103 cum s\u0103 joci la aceast\u0103 loterie. Aici po\u021bi descoperi \u0219i mai multe despre premiile Czech Keno.\" \/>\n<meta property=\"og:url\" content=\"https:\/\/lottomat.com\/ro\/informatie\/czech-keno\/\" \/>\n<meta property=\"og:site_name\" content=\"Lottomat\" \/>\n<meta property=\"article:modified_time\" content=\"2025-08-12T09:21:04+00:00\" \/>\n<meta property=\"og:image\" content=\"https:\/\/lottomat.com\/wp-content\/uploads\/2025\/08\/Romanian.png\" \/>\n<meta name=\"twitter:card\" content=\"summary_large_image\" \/>\n<meta name=\"twitter:label1\" content=\"Timp estimat pentru citire\" \/>\n\t<meta name=\"twitter:data1\" content=\"5 minute\" \/>\n<script type=\"application\/ld+json\" class=\"yoast-schema-graph\">{\"@context\":\"https:\/\/schema.org\",\"@graph\":[{\"@type\":\"WebPage\",\"@id\":\"https:\/\/lottomat.com\/ro\/informatie\/czech-keno\/\",\"url\":\"https:\/\/lottomat.com\/ro\/informatie\/czech-keno\/\",\"name\":\"Premii Czech Keno - Reguli Keno Cehia \u2013 Lottomat\",\"isPartOf\":{\"@id\":\"https:\/\/lottomat.com\/ro\/#website\"},\"primaryImageOfPage\":{\"@id\":\"https:\/\/lottomat.com\/ro\/informatie\/czech-keno\/#primaryimage\"},\"image\":{\"@id\":\"https:\/\/lottomat.com\/ro\/informatie\/czech-keno\/#primaryimage\"},\"thumbnailUrl\":\"https:\/\/lottomat.com\/wp-content\/uploads\/2025\/08\/Romanian.png\",\"datePublished\":\"2025-08-08T09:35:16+00:00\",\"dateModified\":\"2025-08-12T09:21:04+00:00\",\"description\":\"Reguli Czech Keno - afl\u0103 cum s\u0103 joci la aceast\u0103 loterie. Aici po\u021bi descoperi \u0219i mai multe despre premiile Czech Keno.\",\"breadcrumb\":{\"@id\":\"https:\/\/lottomat.com\/ro\/informatie\/czech-keno\/#breadcrumb\"},\"inLanguage\":\"ro-RO\",\"potentialAction\":[{\"@type\":\"ReadAction\",\"target\":[\"https:\/\/lottomat.com\/ro\/informatie\/czech-keno\/\"]}]},{\"@type\":\"ImageObject\",\"inLanguage\":\"ro-RO\",\"@id\":\"https:\/\/lottomat.com\/ro\/informatie\/czech-keno\/#primaryimage\",\"url\":\"https:\/\/lottomat.com\/wp-content\/uploads\/2025\/08\/Romanian.png\",\"contentUrl\":\"https:\/\/lottomat.com\/wp-content\/uploads\/2025\/08\/Romanian.png\"},{\"@type\":\"BreadcrumbList\",\"@id\":\"https:\/\/lottomat.com\/ro\/informatie\/czech-keno\/#breadcrumb\",\"itemListElement\":[{\"@type\":\"ListItem\",\"position\":1,\"name\":\"Home\",\"item\":\"https:\/\/lottomat.com\/ro\/\"},{\"@type\":\"ListItem\",\"position\":2,\"name\":\"Reguli Loterie: Premii, Jackpot \u0219i \u0218anse\",\"item\":\"https:\/\/lottomat.com\/ro\/informatie\/\"},{\"@type\":\"ListItem\",\"position\":3,\"name\":\"Premii Czech Keno &#8211; Reguli Keno Cehia\"}]},{\"@type\":\"WebSite\",\"@id\":\"https:\/\/lottomat.com\/ro\/#website\",\"url\":\"https:\/\/lottomat.com\/ro\/\",\"name\":\"Lottomat\",\"description\":\"\",\"potentialAction\":[{\"@type\":\"SearchAction\",\"target\":{\"@type\":\"EntryPoint\",\"urlTemplate\":\"https:\/\/lottomat.com\/ro\/?s={search_term_string}\"},\"query-input\":{\"@type\":\"PropertyValueSpecification\",\"valueRequired\":true,\"valueName\":\"search_term_string\"}}],\"inLanguage\":\"ro-RO\"}]}<\/script>\n<!-- \/ Yoast SEO plugin. -->","yoast_head_json":{"title":"Premii Czech Keno - Reguli Keno Cehia \u2013 Lottomat","description":"Reguli Czech Keno - afl\u0103 cum s\u0103 joci la aceast\u0103 loterie. Aici po\u021bi descoperi \u0219i mai multe despre premiile Czech Keno.","robots":{"index":"index","follow":"follow","max-snippet":"max-snippet:-1","max-image-preview":"max-image-preview:large","max-video-preview":"max-video-preview:-1"},"canonical":"https:\/\/lottomat.com\/ro\/informatie\/czech-keno\/","og_locale":"ro_RO","og_type":"article","og_title":"Premii Czech Keno - Reguli Keno Cehia \u2013 Lottomat","og_description":"Reguli Czech Keno - afl\u0103 cum s\u0103 joci la aceast\u0103 loterie. Aici po\u021bi descoperi \u0219i mai multe despre premiile Czech Keno.","og_url":"https:\/\/lottomat.com\/ro\/informatie\/czech-keno\/","og_site_name":"Lottomat","article_modified_time":"2025-08-12T09:21:04+00:00","og_image":[{"url":"https:\/\/lottomat.com\/wp-content\/uploads\/2025\/08\/Romanian.png"}],"twitter_card":"summary_large_image","twitter_misc":{"Timp estimat pentru citire":"5 minute"},"schema":{"@context":"https:\/\/schema.org","@graph":[{"@type":"WebPage","@id":"https:\/\/lottomat.com\/ro\/informatie\/czech-keno\/","url":"https:\/\/lottomat.com\/ro\/informatie\/czech-keno\/","name":"Premii Czech Keno - Reguli Keno Cehia \u2013 Lottomat","isPartOf":{"@id":"https:\/\/lottomat.com\/ro\/#website"},"primaryImageOfPage":{"@id":"https:\/\/lottomat.com\/ro\/informatie\/czech-keno\/#primaryimage"},"image":{"@id":"https:\/\/lottomat.com\/ro\/informatie\/czech-keno\/#primaryimage"},"thumbnailUrl":"https:\/\/lottomat.com\/wp-content\/uploads\/2025\/08\/Romanian.png","datePublished":"2025-08-08T09:35:16+00:00","dateModified":"2025-08-12T09:21:04+00:00","description":"Reguli Czech Keno - afl\u0103 cum s\u0103 joci la aceast\u0103 loterie. Aici po\u021bi descoperi \u0219i mai multe despre premiile Czech Keno.","breadcrumb":{"@id":"https:\/\/lottomat.com\/ro\/informatie\/czech-keno\/#breadcrumb"},"inLanguage":"ro-RO","potentialAction":[{"@type":"ReadAction","target":["https:\/\/lottomat.com\/ro\/informatie\/czech-keno\/"]}]},{"@type":"ImageObject","inLanguage":"ro-RO","@id":"https:\/\/lottomat.com\/ro\/informatie\/czech-keno\/#primaryimage","url":"https:\/\/lottomat.com\/wp-content\/uploads\/2025\/08\/Romanian.png","contentUrl":"https:\/\/lottomat.com\/wp-content\/uploads\/2025\/08\/Romanian.png"},{"@type":"BreadcrumbList","@id":"https:\/\/lottomat.com\/ro\/informatie\/czech-keno\/#breadcrumb","itemListElement":[{"@type":"ListItem","position":1,"name":"Home","item":"https:\/\/lottomat.com\/ro\/"},{"@type":"ListItem","position":2,"name":"Reguli Loterie: Premii, Jackpot \u0219i \u0218anse","item":"https:\/\/lottomat.com\/ro\/informatie\/"},{"@type":"ListItem","position":3,"name":"Premii Czech Keno &#8211; Reguli Keno Cehia"}]},{"@type":"WebSite","@id":"https:\/\/lottomat.com\/ro\/#website","url":"https:\/\/lottomat.com\/ro\/","name":"Lottomat","description":"","potentialAction":[{"@type":"SearchAction","target":{"@type":"EntryPoint","urlTemplate":"https:\/\/lottomat.com\/ro\/?s={search_term_string}"},"query-input":{"@type":"PropertyValueSpecification","valueRequired":true,"valueName":"search_term_string"}}],"inLanguage":"ro-RO"}]}},"_links":{"self":[{"href":"https:\/\/lottomat.com\/ro\/wp-json\/wp\/v2\/pages\/249465","targetHints":{"allow":["GET"]}}],"collection":[{"href":"https:\/\/lottomat.com\/ro\/wp-json\/wp\/v2\/pages"}],"about":[{"href":"https:\/\/lottomat.com\/ro\/wp-json\/wp\/v2\/types\/page"}],"author":[{"embeddable":true,"href":"https:\/\/lottomat.com\/ro\/wp-json\/wp\/v2\/users\/2"}],"replies":[{"embeddable":true,"href":"https:\/\/lottomat.com\/ro\/wp-json\/wp\/v2\/comments?post=249465"}],"version-history":[{"count":0,"href":"https:\/\/lottomat.com\/ro\/wp-json\/wp\/v2\/pages\/249465\/revisions"}],"up":[{"embeddable":true,"href":"https:\/\/lottomat.com\/ro\/wp-json\/wp\/v2\/pages\/6914"}],"wp:attachment":[{"href":"https:\/\/lottomat.com\/ro\/wp-json\/wp\/v2\/media?parent=249465"}],"curies":[{"name":"wp","href":"https:\/\/api.w.org\/{rel}","templated":true}]}}