{"id":249463,"date":"2025-08-08T09:14:32","date_gmt":"2025-08-08T09:14:32","guid":{"rendered":"https:\/\/lottomat.com\/?page_id=249463"},"modified":"2025-08-12T09:10:26","modified_gmt":"2025-08-12T09:10:26","slug":"czech-keno","status":"publish","type":"page","link":"https:\/\/lottomat.com\/ro\/joaca\/czech-keno\/","title":{"rendered":"Joac\u0103 Keno Ceh Online (Keno Cehia)"},"content":{"rendered":"\n\n<div class=\"kk-star-ratings kksr-auto kksr-align-left kksr-valign-top\"\n    data-payload='{&quot;align&quot;:&quot;left&quot;,&quot;id&quot;:&quot;249463&quot;,&quot;slug&quot;:&quot;default&quot;,&quot;valign&quot;:&quot;top&quot;,&quot;ignore&quot;:&quot;&quot;,&quot;reference&quot;:&quot;auto&quot;,&quot;class&quot;:&quot;&quot;,&quot;count&quot;:&quot;0&quot;,&quot;legendonly&quot;:&quot;&quot;,&quot;readonly&quot;:&quot;&quot;,&quot;score&quot;:&quot;0&quot;,&quot;starsonly&quot;:&quot;&quot;,&quot;best&quot;:&quot;5&quot;,&quot;gap&quot;:&quot;5&quot;,&quot;greet&quot;:&quot;Rate this page&quot;,&quot;legend&quot;:&quot;0\\\/5 - (0 votes)&quot;,&quot;size&quot;:&quot;30&quot;,&quot;title&quot;:&quot;Joac\u0103 Keno Ceh Online (Keno Cehia)&quot;,&quot;width&quot;:&quot;0&quot;,&quot;_legend&quot;:&quot;{score}\\\/{best} - ({count} {votes})&quot;,&quot;font_factor&quot;:&quot;1.25&quot;}'>\n            \n<div class=\"kksr-stars\">\n    \n<div class=\"kksr-stars-inactive\">\n            <div class=\"kksr-star\" data-star=\"1\" style=\"padding-right: 5px\">\n            \n\n<div class=\"kksr-icon\" style=\"width: 30px; height: 30px;\"><\/div>\n        <\/div>\n            <div class=\"kksr-star\" data-star=\"2\" style=\"padding-right: 5px\">\n            \n\n<div class=\"kksr-icon\" style=\"width: 30px; height: 30px;\"><\/div>\n        <\/div>\n            <div class=\"kksr-star\" data-star=\"3\" style=\"padding-right: 5px\">\n            \n\n<div class=\"kksr-icon\" style=\"width: 30px; height: 30px;\"><\/div>\n        <\/div>\n            <div class=\"kksr-star\" data-star=\"4\" style=\"padding-right: 5px\">\n            \n\n<div class=\"kksr-icon\" style=\"width: 30px; height: 30px;\"><\/div>\n        <\/div>\n            <div class=\"kksr-star\" data-star=\"5\" style=\"padding-right: 5px\">\n            \n\n<div class=\"kksr-icon\" style=\"width: 30px; height: 30px;\"><\/div>\n        <\/div>\n    <\/div>\n    \n<div class=\"kksr-stars-active\" style=\"width: 0px;\">\n            <div class=\"kksr-star\" style=\"padding-right: 5px\">\n            \n\n<div class=\"kksr-icon\" style=\"width: 30px; height: 30px;\"><\/div>\n        <\/div>\n            <div class=\"kksr-star\" style=\"padding-right: 5px\">\n            \n\n<div class=\"kksr-icon\" style=\"width: 30px; height: 30px;\"><\/div>\n        <\/div>\n            <div class=\"kksr-star\" style=\"padding-right: 5px\">\n            \n\n<div class=\"kksr-icon\" style=\"width: 30px; height: 30px;\"><\/div>\n        <\/div>\n            <div class=\"kksr-star\" style=\"padding-right: 5px\">\n            \n\n<div class=\"kksr-icon\" style=\"width: 30px; height: 30px;\"><\/div>\n        <\/div>\n            <div class=\"kksr-star\" style=\"padding-right: 5px\">\n            \n\n<div class=\"kksr-icon\" style=\"width: 30px; height: 30px;\"><\/div>\n        <\/div>\n    <\/div>\n<\/div>\n                \n\n<div class=\"kksr-legend\" style=\"font-size: 24px;\">\n            <span class=\"kksr-muted\">Rate this page<\/span>\n    <\/div>\n    <\/div>\n<p><a href=\"https:\/\/lottomat.com\/ro\/joaca\/\"><img loading=\"lazy\" decoding=\"async\" class=\"aligncenter wp-image-249397 size-full\" src=\"https:\/\/lottomat.com\/wp-content\/uploads\/2025\/08\/Romanian.png\" alt=\"Keno Ceh Online\" width=\"1140\" height=\"179\" srcset=\"https:\/\/lottomat.com\/wp-content\/uploads\/2025\/08\/Romanian.png 1140w, https:\/\/lottomat.com\/wp-content\/uploads\/2025\/08\/Romanian-980x154.png 980w, https:\/\/lottomat.com\/wp-content\/uploads\/2025\/08\/Romanian-480x75.png 480w\" sizes=\"auto, (min-width: 0px) and (max-width: 480px) 480px, (min-width: 481px) and (max-width: 980px) 980px, (min-width: 981px) 1140px, 100vw\" \/><\/a><\/p>\n<p>Keno Ceh este un joc de loterie palpitant \u0219i u\u0219or de jucat, care a cucerit juc\u0103tori at\u00e2t offline, c\u00e2t \u0219i online. Indiferent dac\u0103 e\u0219ti un pasionat experimentat de loterie sau un \u00eencep\u0103tor \u00een c\u0103utare de distrac\u021bie, Keno Ceh ofer\u0103 o experien\u021b\u0103 captivant\u0103 cu poten\u021bial de c\u00e2\u0219tiguri substan\u021biale. Haide s\u0103 descoperim \u00eempreun\u0103 cum po\u021bi s\u0103 te bucuri de acest joc fascinant \u0219i de ce <strong>juc\u00e2nd Keno Ceh online pe Lottomat<\/strong> ar putea fi op\u021biunea perfect\u0103 pentru tine.<\/p>\n<h2>Cum s\u0103 joci Keno Ceh?<\/h2>\n<p>Jocul de Keno Ceh este la fel de simplu pe c\u00e2t este de pl\u0103cut. Po\u021bi participa folosind bilete tradi\u021bionale pe h\u00e2rtie sau po\u021bi alege comoditatea jocului online. Ambele variante \u00ee\u021bi ofer\u0103 o experien\u021b\u0103 f\u0103r\u0103 cusur, permi\u021b\u00e2ndu-\u021bi s\u0103 intri rapid \u00een atmosfera de entuziasm a Keno Ceh.<img loading=\"lazy\" decoding=\"async\" class=\"alignright wp-image-6234\" src=\"https:\/\/lottomat.com\/wp-content\/uploads\/2025\/03\/The-New-York-Lotto.png\" alt=\"joac\u0103 Keno Ceh online\" width=\"130\" height=\"130\" srcset=\"https:\/\/lottomat.com\/wp-content\/uploads\/2025\/03\/The-New-York-Lotto.png 400w, https:\/\/lottomat.com\/wp-content\/uploads\/2025\/03\/The-New-York-Lotto-300x300.png 300w, https:\/\/lottomat.com\/wp-content\/uploads\/2025\/03\/The-New-York-Lotto-150x150.png 150w, https:\/\/lottomat.com\/wp-content\/uploads\/2025\/03\/The-New-York-Lotto-100x100.png 100w\" sizes=\"auto, (max-width: 130px) 100vw, 130px\" \/><\/p>\n<h3>Keno \u00een Cehia<\/h3>\n<p>\u00cen Republica Ceh\u0103, Keno are o tradi\u021bie \u00eendelungat\u0103, cu bilete pe h\u00e2rtie disponibile la numero\u0219i comercian\u021bi autoriza\u021bi. Aceste bilete fizice ofer\u0103 juc\u0103torilor o leg\u0103tur\u0103 tangibil\u0103 cu jocul, pe m\u0103sur\u0103 ce \u00ee\u0219i completeaz\u0103 selec\u021biile \u0219i a\u0219teapt\u0103 cu ner\u0103bdare rezultatele extragerii. Emo\u021bia de a \u021bine un bilet \u00een m\u00e2n\u0103 adaug\u0103 un farmec aparte experien\u021bei Keno Ceh.<\/p>\n<h3>Joac\u0103 Keno Ceh Online<\/h3>\n<p>Pentru cei care prefer\u0103 comoditatea \u0219i flexibilitatea jocului digital, <strong>Keno Ceh online este alegerea ideal\u0103<\/strong>. Pe Lottomat, po\u021bi participa la joc de oriunde din lume unde site-ul nostru este accesibil. Indiferent dac\u0103 te relaxezi pe o plaj\u0103 \u00een Brazilia, explorezi savanele din Zambia sau te bucuri de peisajul urban din Canada, <strong>Keno Ceh online este la doar un click distan\u021b\u0103<\/strong>.<\/p>\n<p><a href=\"https:\/\/lottomat.com\/ro\/keno\/\">Jocul de Keno online<\/a> vine \u0219i cu avantajul suplimentar al op\u021biunii Quick Pick (\u201eSelectare Rapid\u0103\u201d), care permite sistemului s\u0103 aleag\u0103 aleatoriu numerele pentru tine. Aceast\u0103 func\u021bie este perfect\u0103 pentru cei care prefer\u0103 spontaneitatea sau vor s\u0103 economiseasc\u0103 timp.<\/p>\n<h2>Bilete Keno Ceh Online<\/h2>\n<p><img loading=\"lazy\" decoding=\"async\" class=\"alignleft wp-image-6321\" src=\"https:\/\/lottomat.com\/wp-content\/uploads\/2025\/03\/world-of-New-York-Lotto.png\" alt=\"Keno Ceh online\" width=\"130\" height=\"130\" srcset=\"https:\/\/lottomat.com\/wp-content\/uploads\/2025\/03\/world-of-New-York-Lotto.png 400w, https:\/\/lottomat.com\/wp-content\/uploads\/2025\/03\/world-of-New-York-Lotto-300x300.png 300w, https:\/\/lottomat.com\/wp-content\/uploads\/2025\/03\/world-of-New-York-Lotto-150x150.png 150w, https:\/\/lottomat.com\/wp-content\/uploads\/2025\/03\/world-of-New-York-Lotto-100x100.png 100w\" sizes=\"auto, (max-width: 130px) 100vw, 130px\" \/>Lottomat \u00ee\u021bi ofer\u0103 diverse op\u021biuni c\u00e2nd vine vorba de achizi\u021bionarea <strong>biletelor Keno Ceh online<\/strong>. Po\u021bi alege \u00eentre bilete individuale pentru o singur\u0103 extragere sau bilete multi-extragere, care acoper\u0103 p\u00e2n\u0103 la 15 extrageri. Alegerea biletelor multi-extragere nu doar c\u0103 \u00ee\u021bi cre\u0219te \u0219ansele de c\u00e2\u0219tig, dar vine \u0219i cu bonusuri \u0219i reduceri atractive. De exemplu, dac\u0103 achizi\u021bionezi bilete pentru 15 extrageri, beneficiezi de o reducere generoas\u0103 de 12%.<\/p>\n<p>Stai lini\u0219tit, biletele tale sunt p\u0103strate \u00een siguran\u021b\u0103 \u0219i po\u021bi accesa oric\u00e2nd istoricul achizi\u021biilor prin contul t\u0103u de juc\u0103tor.<\/p>\n<h2>Regulile Keno \u00een Cehia<\/h2>\n<p>Regulile Keno Ceh sunt simple \u0219i u\u0219or de \u00een\u021beles. Juc\u0103torii pot selecta \u00eentre 2 \u0219i 7 numere dintr-un interval de la 1 la 60. Cu c\u00e2t potrive\u0219ti mai multe numere \u0219i cu c\u00e2t miza este mai mare, cu at\u00e2t c\u00e2\u0219tigurile poten\u021biale cresc. Cu miza maxim\u0103, <strong>po\u021bi c\u00e2\u0219tiga p\u00e2n\u0103 la 50.000 \u20ac<\/strong> dac\u0103 alegi 7 numere.<\/p>\n<p>Re\u021bine c\u0103 Keno Ceh este destinat adul\u021bilor, a\u0219adar asigur\u0103-te c\u0103 ai cel pu\u021bin 18 ani pentru a participa.<\/p>\n<h2>C\u00e2nd po\u021bi juca Keno Ceh?<\/h2>\n<p>Extragerile Keno Ceh au loc la fiecare 5 minute, \u00eentre 00:05 \u0219i 23:55 GMT+0200. Acest program frecvent de extrageri \u00ee\u021bi ofer\u0103 numeroase oportunit\u0103\u021bi pe parcursul zilei de a-\u021bi \u00eencerca norocul \u0219i, poate, de a da lovitura.<\/p>\n<h2>Cum verifici rezultatele extragerii Keno Ceh?<img loading=\"lazy\" decoding=\"async\" class=\"alignright wp-image-8179\" src=\"https:\/\/lottomat.com\/wp-content\/uploads\/2025\/04\/New-York-Lottery.png\" alt=\"bilete Keno Ceh\" width=\"130\" height=\"130\" srcset=\"https:\/\/lottomat.com\/wp-content\/uploads\/2025\/04\/New-York-Lottery.png 400w, https:\/\/lottomat.com\/wp-content\/uploads\/2025\/04\/New-York-Lottery-300x300.png 300w, https:\/\/lottomat.com\/wp-content\/uploads\/2025\/04\/New-York-Lottery-150x150.png 150w, https:\/\/lottomat.com\/wp-content\/uploads\/2025\/04\/New-York-Lottery-100x100.png 100w\" sizes=\"auto, (max-width: 130px) 100vw, 130px\" \/><\/h2>\n<p>Verificarea <a href=\"https:\/\/lottomat.com\/ro\/rezultate\/czech-keno\/\">rezultatelor extragerii Keno Ceh<\/a> este floare la ureche cu Lottomat. Trebuie doar s\u0103 accesezi site-ul nostru pentru a vedea cele mai recente rezultate. Aceast\u0103 func\u021bie practic\u0103 te asigur\u0103 c\u0103 nu ratezi niciodat\u0103 un c\u00e2\u0219tig, \u021bin\u00e2ndu-te mereu la curent \u0219i preg\u0103tit pentru urm\u0103torul joc.<\/p>\n<h2>C\u00e2t po\u021bi c\u00e2\u0219tiga?<\/h2>\n<p>Keno Ceh ofer\u0103 \u0219ansa de a c\u00e2\u0219tiga premii substan\u021biale. Aleg\u00e2nd op\u021biunea Multiplicator x10 \u0219i prezic\u00e2nd corect 7 numere, po\u021bi c\u00e2\u0219tiga p\u00e2n\u0103 la 50.000 \u20ac. Dac\u0103 alegi Multiplicator x1 \u0219i nimere\u0219ti 7 numere, <strong>premiul maxim este de 5.000 \u20ac<\/strong>. Jocul are mai multe categorii de premii, \u00een func\u021bie de multiplicatorul selectat \u0219i de num\u0103rul de numere alese, oferindu-le juc\u0103torilor multiple \u0219anse de c\u00e2\u0219tig.<\/p>\n<p>Dac\u0103 vrei s\u0103 afli mai multe \u2013 <a href=\"https:\/\/lottomat.com\/ro\/informatie\/czech-keno\/\">vezi premiile Keno Ceh<\/a>.<\/p>\n<h2>SFATURI pentru juc\u0103tori<\/h2>\n<p><img loading=\"lazy\" decoding=\"async\" class=\"alignleft wp-image-6176\" src=\"https:\/\/lottomat.com\/wp-content\/uploads\/2025\/03\/New-York-Lotto-Results.png\" alt=\"Joac\u0103 keno Cehia\" width=\"130\" height=\"130\" srcset=\"https:\/\/lottomat.com\/wp-content\/uploads\/2025\/03\/New-York-Lotto-Results.png 400w, https:\/\/lottomat.com\/wp-content\/uploads\/2025\/03\/New-York-Lotto-Results-300x300.png 300w, https:\/\/lottomat.com\/wp-content\/uploads\/2025\/03\/New-York-Lotto-Results-150x150.png 150w, https:\/\/lottomat.com\/wp-content\/uploads\/2025\/03\/New-York-Lotto-Results-100x100.png 100w\" sizes=\"auto, (max-width: 130px) 100vw, 130px\" \/><\/p>\n<p>Pentru a-\u021bi \u00eembun\u0103t\u0103\u021bi experien\u021ba la Keno Ceh \u0219i a-\u021bi cre\u0219te \u0219ansele de c\u00e2\u0219tig, \u021bine cont de aceste sfaturi utile:<\/p>\n<ul>\n<li><strong>Combin\u0103 numerele:<\/strong> \u00cen loc s\u0103 te limitezi la modele de numere obi\u0219nuite, \u00eencearc\u0103 o combina\u021bie de numere mari \u0219i mici pentru a-\u021bi diversifica selec\u021biile.<\/li>\n<li><strong>Folose\u0219te cu \u00een\u021belepciune Selectarea Rapid\u0103:<\/strong> Dac\u0103 nu \u0219tii ce numere s\u0103 alegi, op\u021biunea Quick Pick (\u201eSelectare Rapid\u0103\u201d) \u00ee\u021bi ofer\u0103 o selec\u021bie aleatorie \u0219i impar\u021bial\u0103.<\/li>\n<li><strong>Gestioneaz\u0103-\u021bi bugetul:<\/strong> Stabile\u0219te-\u021bi un buget pentru jocul de Keno \u0219i respect\u0103-l. Astfel, vei p\u0103stra distrac\u021bia \u0219i entuziasmul f\u0103r\u0103 s\u0103 dep\u0103\u0219e\u0219ti limitele.<\/li>\n<li><strong>Fii informat:<\/strong> Verific\u0103 regulat rezultatele extragerilor \u0219i fii la curent cu orice modific\u0103ri ale regulilor jocului sau ale structurii premiilor.<\/li>\n<\/ul>\n<p>Juc\u00e2nd Keno Ceh online pe <a href=\"https:\/\/lottomat.com\/ro\/\">Lottomat<\/a> beneficiezi nu doar de comoditate \u0219i accesibilitate global\u0103, ci \u0219i de o lume plin\u0103 de distrac\u021bie \u0219i poten\u021biale recompense. Plonjeaz\u0103 \u00een universul palpitant al Keno Ceh chiar azi \u0219i vezi dac\u0103 norocul e de partea ta!<\/p>\n","protected":false},"excerpt":{"rendered":"<p>Keno Ceh este un joc de loterie palpitant \u0219i u\u0219or de jucat, care a cucerit juc\u0103tori at\u00e2t offline, c\u00e2t \u0219i online. Indiferent dac\u0103 e\u0219ti un pasionat experimentat de loterie sau un \u00eencep\u0103tor \u00een c\u0103utare de distrac\u021bie, Keno Ceh ofer\u0103 o experien\u021b\u0103 captivant\u0103 cu poten\u021bial de c\u00e2\u0219tiguri substan\u021biale. Haide s\u0103 descoperim \u00eempreun\u0103 cum po\u021bi s\u0103 te [&hellip;]<\/p>\n","protected":false},"author":2,"featured_media":0,"parent":6792,"menu_order":0,"comment_status":"closed","ping_status":"closed","template":"","meta":{"_et_pb_use_builder":"","_et_pb_old_content":"","_et_gb_content_width":"","exclude_from_search":false,"footnotes":""},"class_list":["post-249463","page","type-page","status-publish","hentry"],"yoast_head":"<!-- This site is optimized with the Yoast SEO plugin v23.8 - https:\/\/yoast.com\/wordpress\/plugins\/seo\/ -->\n<title>Keno Ceh Online (Keno Cehia) - Bilete Keno \u2013 Lottomat<\/title>\n<meta name=\"description\" content=\"Vrei s\u0103 joci Keno Ceh online? Po\u021bi selecta \u00eentre 2 \u0219i 7 numere din intervalul 1 - 60 \u0219i po\u021bi cump\u0103ra bilete Keno Ceh.\" \/>\n<meta name=\"robots\" content=\"index, follow, max-snippet:-1, max-image-preview:large, max-video-preview:-1\" \/>\n<link rel=\"canonical\" href=\"https:\/\/lottomat.com\/ro\/joaca\/czech-keno\/\" \/>\n<meta property=\"og:locale\" content=\"ro_RO\" \/>\n<meta property=\"og:type\" content=\"article\" \/>\n<meta property=\"og:title\" content=\"Keno Ceh Online (Keno Cehia) - Bilete Keno \u2013 Lottomat\" \/>\n<meta property=\"og:description\" content=\"Vrei s\u0103 joci Keno Ceh online? Po\u021bi selecta \u00eentre 2 \u0219i 7 numere din intervalul 1 - 60 \u0219i po\u021bi cump\u0103ra bilete Keno Ceh.\" \/>\n<meta property=\"og:url\" content=\"https:\/\/lottomat.com\/ro\/joaca\/czech-keno\/\" \/>\n<meta property=\"og:site_name\" content=\"Lottomat\" \/>\n<meta property=\"article:modified_time\" content=\"2025-08-12T09:10:26+00:00\" \/>\n<meta property=\"og:image\" content=\"https:\/\/lottomat.com\/wp-content\/uploads\/2025\/08\/Romanian.png\" \/>\n<meta name=\"twitter:card\" content=\"summary_large_image\" \/>\n<meta name=\"twitter:label1\" content=\"Timp estimat pentru citire\" \/>\n\t<meta name=\"twitter:data1\" content=\"5 minute\" \/>\n<script type=\"application\/ld+json\" class=\"yoast-schema-graph\">{\"@context\":\"https:\/\/schema.org\",\"@graph\":[{\"@type\":\"WebPage\",\"@id\":\"https:\/\/lottomat.com\/ro\/joaca\/czech-keno\/\",\"url\":\"https:\/\/lottomat.com\/ro\/joaca\/czech-keno\/\",\"name\":\"Keno Ceh Online (Keno Cehia) - Bilete Keno \u2013 Lottomat\",\"isPartOf\":{\"@id\":\"https:\/\/lottomat.com\/ro\/#website\"},\"primaryImageOfPage\":{\"@id\":\"https:\/\/lottomat.com\/ro\/joaca\/czech-keno\/#primaryimage\"},\"image\":{\"@id\":\"https:\/\/lottomat.com\/ro\/joaca\/czech-keno\/#primaryimage\"},\"thumbnailUrl\":\"https:\/\/lottomat.com\/wp-content\/uploads\/2025\/08\/Romanian.png\",\"datePublished\":\"2025-08-08T09:14:32+00:00\",\"dateModified\":\"2025-08-12T09:10:26+00:00\",\"description\":\"Vrei s\u0103 joci Keno Ceh online? Po\u021bi selecta \u00eentre 2 \u0219i 7 numere din intervalul 1 - 60 \u0219i po\u021bi cump\u0103ra bilete Keno Ceh.\",\"breadcrumb\":{\"@id\":\"https:\/\/lottomat.com\/ro\/joaca\/czech-keno\/#breadcrumb\"},\"inLanguage\":\"ro-RO\",\"potentialAction\":[{\"@type\":\"ReadAction\",\"target\":[\"https:\/\/lottomat.com\/ro\/joaca\/czech-keno\/\"]}]},{\"@type\":\"ImageObject\",\"inLanguage\":\"ro-RO\",\"@id\":\"https:\/\/lottomat.com\/ro\/joaca\/czech-keno\/#primaryimage\",\"url\":\"https:\/\/lottomat.com\/wp-content\/uploads\/2025\/08\/Romanian.png\",\"contentUrl\":\"https:\/\/lottomat.com\/wp-content\/uploads\/2025\/08\/Romanian.png\"},{\"@type\":\"BreadcrumbList\",\"@id\":\"https:\/\/lottomat.com\/ro\/joaca\/czech-keno\/#breadcrumb\",\"itemListElement\":[{\"@type\":\"ListItem\",\"position\":1,\"name\":\"Home\",\"item\":\"https:\/\/lottomat.com\/ro\/\"},{\"@type\":\"ListItem\",\"position\":2,\"name\":\"Joac\u0103 la Loterie\",\"item\":\"https:\/\/lottomat.com\/ro\/joaca\/\"},{\"@type\":\"ListItem\",\"position\":3,\"name\":\"Joac\u0103 Keno Ceh Online (Keno Cehia)\"}]},{\"@type\":\"WebSite\",\"@id\":\"https:\/\/lottomat.com\/ro\/#website\",\"url\":\"https:\/\/lottomat.com\/ro\/\",\"name\":\"Lottomat\",\"description\":\"\",\"potentialAction\":[{\"@type\":\"SearchAction\",\"target\":{\"@type\":\"EntryPoint\",\"urlTemplate\":\"https:\/\/lottomat.com\/ro\/?s={search_term_string}\"},\"query-input\":{\"@type\":\"PropertyValueSpecification\",\"valueRequired\":true,\"valueName\":\"search_term_string\"}}],\"inLanguage\":\"ro-RO\"}]}<\/script>\n<!-- \/ Yoast SEO plugin. -->","yoast_head_json":{"title":"Keno Ceh Online (Keno Cehia) - Bilete Keno \u2013 Lottomat","description":"Vrei s\u0103 joci Keno Ceh online? Po\u021bi selecta \u00eentre 2 \u0219i 7 numere din intervalul 1 - 60 \u0219i po\u021bi cump\u0103ra bilete Keno Ceh.","robots":{"index":"index","follow":"follow","max-snippet":"max-snippet:-1","max-image-preview":"max-image-preview:large","max-video-preview":"max-video-preview:-1"},"canonical":"https:\/\/lottomat.com\/ro\/joaca\/czech-keno\/","og_locale":"ro_RO","og_type":"article","og_title":"Keno Ceh Online (Keno Cehia) - Bilete Keno \u2013 Lottomat","og_description":"Vrei s\u0103 joci Keno Ceh online? Po\u021bi selecta \u00eentre 2 \u0219i 7 numere din intervalul 1 - 60 \u0219i po\u021bi cump\u0103ra bilete Keno Ceh.","og_url":"https:\/\/lottomat.com\/ro\/joaca\/czech-keno\/","og_site_name":"Lottomat","article_modified_time":"2025-08-12T09:10:26+00:00","og_image":[{"url":"https:\/\/lottomat.com\/wp-content\/uploads\/2025\/08\/Romanian.png"}],"twitter_card":"summary_large_image","twitter_misc":{"Timp estimat pentru citire":"5 minute"},"schema":{"@context":"https:\/\/schema.org","@graph":[{"@type":"WebPage","@id":"https:\/\/lottomat.com\/ro\/joaca\/czech-keno\/","url":"https:\/\/lottomat.com\/ro\/joaca\/czech-keno\/","name":"Keno Ceh Online (Keno Cehia) - Bilete Keno \u2013 Lottomat","isPartOf":{"@id":"https:\/\/lottomat.com\/ro\/#website"},"primaryImageOfPage":{"@id":"https:\/\/lottomat.com\/ro\/joaca\/czech-keno\/#primaryimage"},"image":{"@id":"https:\/\/lottomat.com\/ro\/joaca\/czech-keno\/#primaryimage"},"thumbnailUrl":"https:\/\/lottomat.com\/wp-content\/uploads\/2025\/08\/Romanian.png","datePublished":"2025-08-08T09:14:32+00:00","dateModified":"2025-08-12T09:10:26+00:00","description":"Vrei s\u0103 joci Keno Ceh online? Po\u021bi selecta \u00eentre 2 \u0219i 7 numere din intervalul 1 - 60 \u0219i po\u021bi cump\u0103ra bilete Keno Ceh.","breadcrumb":{"@id":"https:\/\/lottomat.com\/ro\/joaca\/czech-keno\/#breadcrumb"},"inLanguage":"ro-RO","potentialAction":[{"@type":"ReadAction","target":["https:\/\/lottomat.com\/ro\/joaca\/czech-keno\/"]}]},{"@type":"ImageObject","inLanguage":"ro-RO","@id":"https:\/\/lottomat.com\/ro\/joaca\/czech-keno\/#primaryimage","url":"https:\/\/lottomat.com\/wp-content\/uploads\/2025\/08\/Romanian.png","contentUrl":"https:\/\/lottomat.com\/wp-content\/uploads\/2025\/08\/Romanian.png"},{"@type":"BreadcrumbList","@id":"https:\/\/lottomat.com\/ro\/joaca\/czech-keno\/#breadcrumb","itemListElement":[{"@type":"ListItem","position":1,"name":"Home","item":"https:\/\/lottomat.com\/ro\/"},{"@type":"ListItem","position":2,"name":"Joac\u0103 la Loterie","item":"https:\/\/lottomat.com\/ro\/joaca\/"},{"@type":"ListItem","position":3,"name":"Joac\u0103 Keno Ceh Online (Keno Cehia)"}]},{"@type":"WebSite","@id":"https:\/\/lottomat.com\/ro\/#website","url":"https:\/\/lottomat.com\/ro\/","name":"Lottomat","description":"","potentialAction":[{"@type":"SearchAction","target":{"@type":"EntryPoint","urlTemplate":"https:\/\/lottomat.com\/ro\/?s={search_term_string}"},"query-input":{"@type":"PropertyValueSpecification","valueRequired":true,"valueName":"search_term_string"}}],"inLanguage":"ro-RO"}]}},"_links":{"self":[{"href":"https:\/\/lottomat.com\/ro\/wp-json\/wp\/v2\/pages\/249463","targetHints":{"allow":["GET"]}}],"collection":[{"href":"https:\/\/lottomat.com\/ro\/wp-json\/wp\/v2\/pages"}],"about":[{"href":"https:\/\/lottomat.com\/ro\/wp-json\/wp\/v2\/types\/page"}],"author":[{"embeddable":true,"href":"https:\/\/lottomat.com\/ro\/wp-json\/wp\/v2\/users\/2"}],"replies":[{"embeddable":true,"href":"https:\/\/lottomat.com\/ro\/wp-json\/wp\/v2\/comments?post=249463"}],"version-history":[{"count":0,"href":"https:\/\/lottomat.com\/ro\/wp-json\/wp\/v2\/pages\/249463\/revisions"}],"up":[{"embeddable":true,"href":"https:\/\/lottomat.com\/ro\/wp-json\/wp\/v2\/pages\/6792"}],"wp:attachment":[{"href":"https:\/\/lottomat.com\/ro\/wp-json\/wp\/v2\/media?parent=249463"}],"curies":[{"name":"wp","href":"https:\/\/api.w.org\/{rel}","templated":true}]}}