{"id":249460,"date":"2025-08-12T08:54:02","date_gmt":"2025-08-12T08:54:02","guid":{"rendered":"https:\/\/lottomat.com\/?page_id=249460"},"modified":"2025-08-12T08:57:59","modified_gmt":"2025-08-12T08:57:59","slug":"belgian-keno","status":"publish","type":"page","link":"https:\/\/lottomat.com\/ro\/joaca\/belgian-keno\/","title":{"rendered":"Joac\u0103 Keno Belgian Online"},"content":{"rendered":"\n\n<div class=\"kk-star-ratings kksr-auto kksr-align-left kksr-valign-top\"\n    data-payload='{&quot;align&quot;:&quot;left&quot;,&quot;id&quot;:&quot;249460&quot;,&quot;slug&quot;:&quot;default&quot;,&quot;valign&quot;:&quot;top&quot;,&quot;ignore&quot;:&quot;&quot;,&quot;reference&quot;:&quot;auto&quot;,&quot;class&quot;:&quot;&quot;,&quot;count&quot;:&quot;0&quot;,&quot;legendonly&quot;:&quot;&quot;,&quot;readonly&quot;:&quot;&quot;,&quot;score&quot;:&quot;0&quot;,&quot;starsonly&quot;:&quot;&quot;,&quot;best&quot;:&quot;5&quot;,&quot;gap&quot;:&quot;5&quot;,&quot;greet&quot;:&quot;Rate this page&quot;,&quot;legend&quot;:&quot;0\\\/5 - (0 votes)&quot;,&quot;size&quot;:&quot;30&quot;,&quot;title&quot;:&quot;Joac\u0103 Keno Belgian Online&quot;,&quot;width&quot;:&quot;0&quot;,&quot;_legend&quot;:&quot;{score}\\\/{best} - ({count} {votes})&quot;,&quot;font_factor&quot;:&quot;1.25&quot;}'>\n            \n<div class=\"kksr-stars\">\n    \n<div class=\"kksr-stars-inactive\">\n            <div class=\"kksr-star\" data-star=\"1\" style=\"padding-right: 5px\">\n            \n\n<div class=\"kksr-icon\" style=\"width: 30px; height: 30px;\"><\/div>\n        <\/div>\n            <div class=\"kksr-star\" data-star=\"2\" style=\"padding-right: 5px\">\n            \n\n<div class=\"kksr-icon\" style=\"width: 30px; height: 30px;\"><\/div>\n        <\/div>\n            <div class=\"kksr-star\" data-star=\"3\" style=\"padding-right: 5px\">\n            \n\n<div class=\"kksr-icon\" style=\"width: 30px; height: 30px;\"><\/div>\n        <\/div>\n            <div class=\"kksr-star\" data-star=\"4\" style=\"padding-right: 5px\">\n            \n\n<div class=\"kksr-icon\" style=\"width: 30px; height: 30px;\"><\/div>\n        <\/div>\n            <div class=\"kksr-star\" data-star=\"5\" style=\"padding-right: 5px\">\n            \n\n<div class=\"kksr-icon\" style=\"width: 30px; height: 30px;\"><\/div>\n        <\/div>\n    <\/div>\n    \n<div class=\"kksr-stars-active\" style=\"width: 0px;\">\n            <div class=\"kksr-star\" style=\"padding-right: 5px\">\n            \n\n<div class=\"kksr-icon\" style=\"width: 30px; height: 30px;\"><\/div>\n        <\/div>\n            <div class=\"kksr-star\" style=\"padding-right: 5px\">\n            \n\n<div class=\"kksr-icon\" style=\"width: 30px; height: 30px;\"><\/div>\n        <\/div>\n            <div class=\"kksr-star\" style=\"padding-right: 5px\">\n            \n\n<div class=\"kksr-icon\" style=\"width: 30px; height: 30px;\"><\/div>\n        <\/div>\n            <div class=\"kksr-star\" style=\"padding-right: 5px\">\n            \n\n<div class=\"kksr-icon\" style=\"width: 30px; height: 30px;\"><\/div>\n        <\/div>\n            <div class=\"kksr-star\" style=\"padding-right: 5px\">\n            \n\n<div class=\"kksr-icon\" style=\"width: 30px; height: 30px;\"><\/div>\n        <\/div>\n    <\/div>\n<\/div>\n                \n\n<div class=\"kksr-legend\" style=\"font-size: 24px;\">\n            <span class=\"kksr-muted\">Rate this page<\/span>\n    <\/div>\n    <\/div>\n<h2><a href=\"https:\/\/lottomat.com\/ro\/joaca\/\"><img loading=\"lazy\" decoding=\"async\" class=\"aligncenter wp-image-249397 size-full\" src=\"https:\/\/lottomat.com\/wp-content\/uploads\/2025\/08\/Romanian.png\" alt=\"Joac\u0103 Belgian Keno Online\" width=\"1140\" height=\"179\" srcset=\"https:\/\/lottomat.com\/wp-content\/uploads\/2025\/08\/Romanian.png 1140w, https:\/\/lottomat.com\/wp-content\/uploads\/2025\/08\/Romanian-980x154.png 980w, https:\/\/lottomat.com\/wp-content\/uploads\/2025\/08\/Romanian-480x75.png 480w\" sizes=\"auto, (min-width: 0px) and (max-width: 480px) 480px, (min-width: 481px) and (max-width: 980px) 980px, (min-width: 981px) 1140px, 100vw\" \/><\/a><\/h2>\n<h2>Cum s\u0103 joci Belgian Keno?<\/h2>\n<p>Keno Belgian online este simplu \u0219i u\u0219or de \u00een\u021beles, ceea ce \u00eel face accesibil at\u00e2t pentru juc\u0103torii noi, c\u00e2t \u0219i pentru cei cu experien\u021b\u0103. Jocul \u00ee\u021bi permite s\u0103 alegi numere dintr-un interval de la 1 la 70. Po\u021bi selecta \u00eentre 2 \u0219i 10 numere, iar cu c\u00e2t potrive\u0219ti mai multe numere cu cele extrase, cu at\u00e2t c\u00e2\u0219tigurile poten\u021biale sunt mai mari.<img loading=\"lazy\" decoding=\"async\" class=\"alignright wp-image-3979\" src=\"https:\/\/lottomat.com\/wp-content\/uploads\/2025\/03\/Record-Breaking-Wins-1.png\" alt=\"Keno Belgian online\" width=\"130\" height=\"130\" srcset=\"https:\/\/lottomat.com\/wp-content\/uploads\/2025\/03\/Record-Breaking-Wins-1.png 400w, https:\/\/lottomat.com\/wp-content\/uploads\/2025\/03\/Record-Breaking-Wins-1-300x300.png 300w, https:\/\/lottomat.com\/wp-content\/uploads\/2025\/03\/Record-Breaking-Wins-1-150x150.png 150w, https:\/\/lottomat.com\/wp-content\/uploads\/2025\/03\/Record-Breaking-Wins-1-100x100.png 100w\" sizes=\"auto, (max-width: 130px) 100vw, 130px\" \/><\/p>\n<p>Po\u021bi <strong>s\u0103 te bucuri de Belgian Keno<\/strong> at\u00e2t online, c\u00e2t \u0219i offline, \u00een toat\u0103 Belgia. Aceast\u0103 flexibilitate \u00ee\u021bi permite s\u0103 alegi modul de joc \u00een func\u021bie de preferin\u021bele \u0219i confortul t\u0103u.<\/p>\n<h3>Joac\u0103 Belgian Keno Offline \u00een Belgia<\/h3>\n<p>Dac\u0103 preferi varianta tradi\u021bional\u0103, <strong>po\u021bi juca Belgian Keno offline<\/strong> cump\u0103r\u00e2nd bilete de la distribuitori autoriza\u021bi din \u00eentreaga Belgia. Ace\u0219tia includ magazine de proximitate, supermarketuri \u0219i puncte de v\u00e2nzare dedicate loteriei. Procesul este simplu: selectezi numerele sau alegi op\u021biunea Quick Pick, unde sistemul alege aleatoriu numere pentru tine.<\/p>\n<p>Dup\u0103 ce ai cump\u0103rat biletul, trebuie s\u0103 a\u0219tep\u021bi urm\u0103toarea extragere pentru a vedea dac\u0103 numerele tale coincid cu cele extrase. Extragerile au loc, de obicei, de mai multe ori pe s\u0103pt\u0103m\u00e2n\u0103, oferind multe oportunit\u0103\u021bi de joc.<\/p>\n<h3>Joac\u0103 Belgian Keno Online pe Lottomat<\/h3>\n<p>Pentru cei care apreciaz\u0103 comoditatea de a juca de acas\u0103 sau din mers, Lottomat ofer\u0103 o platform\u0103 excelent\u0103 pentru <strong>jocul Belgian Keno online<\/strong>. Site-ul nostru este u\u0219or de folosit \u0219i permite juc\u0103torilor s\u0103 selecteze cu u\u0219urin\u021b\u0103 numerele \u0219i s\u0103 <a href=\"https:\/\/lottomat.com\/ro\/keno\/\">cumpere bilete Keno online<\/a> \u00een doar c\u00e2teva clickuri.<\/p>\n<p>Juc\u00e2nd online po\u021bi, de asemenea, s\u0103 verifici rapid \u0219i u\u0219or rezultatele, f\u0103r\u0103 a mai fi nevoie s\u0103 mergi la un distribuitor. Lottomat asigur\u0103 o experien\u021b\u0103 f\u0103r\u0103 probleme, cu tranzac\u021bii sigure \u0219i servicii prompte pentru clien\u021bi.<\/p>\n<h2>Bilete Belgian Keno<\/h2>\n<p><img loading=\"lazy\" decoding=\"async\" class=\"alignleft wp-image-3774\" src=\"https:\/\/lottomat.com\/wp-content\/uploads\/2025\/03\/How-to-Play-Set-For-Life-Lotto.png\" alt=\"Bilete Belgian Keno\" width=\"130\" height=\"130\" srcset=\"https:\/\/lottomat.com\/wp-content\/uploads\/2025\/03\/How-to-Play-Set-For-Life-Lotto.png 400w, https:\/\/lottomat.com\/wp-content\/uploads\/2025\/03\/How-to-Play-Set-For-Life-Lotto-300x300.png 300w, https:\/\/lottomat.com\/wp-content\/uploads\/2025\/03\/How-to-Play-Set-For-Life-Lotto-150x150.png 150w, https:\/\/lottomat.com\/wp-content\/uploads\/2025\/03\/How-to-Play-Set-For-Life-Lotto-100x100.png 100w\" sizes=\"auto, (max-width: 130px) 100vw, 130px\" \/>C\u00e2nd achizi\u021bionezi <strong>bilete pentru Belgian Keno<\/strong> pe Lottomat, ai la dispozi\u021bie op\u021biuni care se potrivesc diferitelor preferin\u021be. Po\u021bi cump\u0103ra bilete simple pentru extrageri individuale sau po\u021bi opta pentru bilete multi-extragere, care \u00ee\u021bi permit s\u0103 participi la p\u00e2n\u0103 la 15 extrageri consecutive. Aceast\u0103 func\u021bionalitate este deosebit de convenabil\u0103 pentru cei care doresc s\u0103 fie implica\u021bi \u00een joc pe termen lung, f\u0103r\u0103 s\u0103-\u0219i aminteasc\u0103 s\u0103 cumpere bilete pentru fiecare extragere.<\/p>\n<h2>Regulile Keno \u00een Belgia<\/h2>\n<p>S\u0103 cuno\u0219ti regulile Keno este esen\u021bial pentru o experien\u021b\u0103 de joc pl\u0103cut\u0103. Iat\u0103 c\u00e2teva puncte cheie:<\/p>\n<ul>\n<li>Juc\u0103torii trebuie s\u0103 aleag\u0103 \u00eentre 2 \u0219i 10 numere dintr-un total de 70.<\/li>\n<li>Cu c\u00e2t potrive\u0219ti mai multe numere cu cele extrase, cu at\u00e2t premiul este mai mare.<\/li>\n<li>Premiile variaz\u0103 \u00een func\u021bie de c\u00e2te numere sunt potrivite \u0219i de suma mizat\u0103.<\/li>\n<li>Juc\u0103torii pot alege numerele sau pot folosi op\u021biunea Quick Pick.<\/li>\n<li>Extragerile au loc regulat, de obicei de c\u00e2teva ori pe s\u0103pt\u0103m\u00e2n\u0103.<\/li>\n<\/ul>\n<p>Familiarizarea cu aceste reguli \u00ee\u021bi va \u00eembun\u0103t\u0103\u021bi \u00een\u021belegerea modului de func\u021bionare a jocului \u0219i \u00ee\u021bi va cre\u0219te \u0219ansele de c\u00e2\u0219tig.<\/p>\n<h2>Cum verifici rezultatele Belgian Keno?<\/h2>\n<p>Dup\u0103 ce ai participat la o extragere, verificarea rezultatelor este foarte simpl\u0103. Po\u021bi <a href=\"https:\/\/lottomat.com\/ro\/rezultate\/belgian-keno\/\">g\u0103si cele mai recente rezultate Belgian Keno<\/a> pe site-ul Lottomat. Site-ul ofer\u0103 informa\u021bii actualizate despre numerele c\u00e2\u0219tig\u0103toare \u0219i despre valorile premiilor. Aceast\u0103 func\u021bie \u00ee\u021bi permite s\u0103 verifici rapid biletele, f\u0103r\u0103 niciun efort.<img loading=\"lazy\" decoding=\"async\" class=\"alignright wp-image-4066\" src=\"https:\/\/lottomat.com\/wp-content\/uploads\/2025\/03\/Playing-and-Winning.png\" alt=\"Sfaturi pentru jocul Belgian Keno\" width=\"130\" height=\"130\" srcset=\"https:\/\/lottomat.com\/wp-content\/uploads\/2025\/03\/Playing-and-Winning.png 400w, https:\/\/lottomat.com\/wp-content\/uploads\/2025\/03\/Playing-and-Winning-300x300.png 300w, https:\/\/lottomat.com\/wp-content\/uploads\/2025\/03\/Playing-and-Winning-150x150.png 150w, https:\/\/lottomat.com\/wp-content\/uploads\/2025\/03\/Playing-and-Winning-100x100.png 100w\" sizes=\"auto, (max-width: 130px) 100vw, 130px\" \/><\/p>\n<p>De asemenea, mul\u021bi distribuitori afi\u0219eaz\u0103 rezultatele la scurt timp dup\u0103 fiecare extragere, a\u0219a c\u0103 dac\u0103 ai jucat offline, po\u021bi verifica \u0219i acolo.<\/p>\n<h2>Sfaturi pentru jocul Belgian Keno<\/h2>\n<p>Pentru a-\u021bi cre\u0219te \u0219ansele de c\u00e2\u0219tig la Belgian Keno, ia \u00een considerare aceste sfaturi utile:<\/p>\n<ul>\n<li><strong>Joac\u0103 \u00een mod constant:<\/strong> Participarea regulat\u0103 \u00ee\u021bi cre\u0219te \u0219ansele de a prinde combina\u021bii c\u00e2\u0219tig\u0103toare \u00een timp.<\/li>\n<li><strong>Combin\u0103 numerele:<\/strong> \u00cen loc s\u0103 alegi doar numere consecutive sau s\u0103 te limitezi la preferin\u021bele personale, \u00eencearc\u0103 s\u0103 combini numere mari \u0219i mici pentru \u0219anse mai bune.<\/li>\n<li><strong>Profit\u0103 de biletele multi-extragere:<\/strong> Dac\u0103 pl\u0103nuie\u0219ti s\u0103 joci des, ia \u00een considerare achizi\u021bia biletelor multi-extragere. Astfel economise\u0219ti timp \u0219i te asiguri c\u0103 nu ratezi nicio extragere.<\/li>\n<li><strong>Fii informat:<\/strong> Urm\u0103re\u0219te tendin\u021bele numerelor c\u00e2\u0219tig\u0103toare; chiar dac\u0103 rezultatele trecute nu garanteaz\u0103 rezultate viitoare, unii juc\u0103tori g\u0103sesc utile anumite modele.<\/li>\n<\/ul>\n<h2>Premii Keno \u00een Belgia<\/h2>\n<p><a href=\"https:\/\/lottomat.com\/ro\/informatie\/belgian-keno\/\">Belgian Keno ofer\u0103 o gam\u0103 larg\u0103 de premii<\/a>, ceea ce \u00eel face un joc captivant pentru juc\u0103tori. Av\u00e2nd op\u021biunea de a alege \u00eentre 2 \u0219i 10 numere dintr-un total de 70, cu c\u00e2t potrive\u0219ti mai multe numere, cu at\u00e2t c\u00e2\u0219tigul poten\u021bial este mai mare. <strong>Juc\u0103torii pot c\u00e2\u0219tiga p\u00e2n\u0103 la 2,5 milioane \u20ac<\/strong> la o singur\u0103 extragere, \u00een func\u021bie de c\u00e2te numere sunt alese corect. \u00cen plus, exist\u0103 mai multe categorii de premii, astfel \u00eenc\u00e2t po\u021bi c\u00e2\u0219tiga \u0219i sume mai mici chiar dac\u0103 nu potrive\u0219ti toate numerele.<\/p>\n<h2>De ce s\u0103 joci Keno din Belgia online?<\/h2>\n<p><img loading=\"lazy\" decoding=\"async\" class=\"alignleft wp-image-4241\" src=\"https:\/\/lottomat.com\/wp-content\/uploads\/2025\/03\/Most-Frequently-Drawn-Numbers-1.png\" alt=\"Keno din Belgia online\" width=\"130\" height=\"130\" srcset=\"https:\/\/lottomat.com\/wp-content\/uploads\/2025\/03\/Most-Frequently-Drawn-Numbers-1.png 400w, https:\/\/lottomat.com\/wp-content\/uploads\/2025\/03\/Most-Frequently-Drawn-Numbers-1-300x300.png 300w, https:\/\/lottomat.com\/wp-content\/uploads\/2025\/03\/Most-Frequently-Drawn-Numbers-1-150x150.png 150w, https:\/\/lottomat.com\/wp-content\/uploads\/2025\/03\/Most-Frequently-Drawn-Numbers-1-100x100.png 100w\" sizes=\"auto, (max-width: 130px) 100vw, 130px\" \/>Jocul Belgian Keno online ofer\u0103 numeroase avantaje:<\/p>\n<ul>\n<li><strong>Confort:<\/strong> Po\u021bi juca oric\u00e2nd \u0219i oriunde, f\u0103r\u0103 s\u0103 fie nevoie s\u0103 mergi la un distribuitor.<\/li>\n<li><strong>Rezultate rapide:<\/strong> Verifici instant rezultatele pe Lottomat, f\u0103r\u0103 a a\u0219tepta.<\/li>\n<li><strong>Tranzac\u021bii sigure:<\/strong> Platforme online precum Lottomat ofer\u0103 op\u021biuni de plat\u0103 sigure, pentru lini\u0219tea ta.<\/li>\n<li><strong>Promo\u021bii:<\/strong> Platformele online au adesea promo\u021bii care pot \u00eembun\u0103t\u0103\u021bi experien\u021ba de joc sau pot oferi \u0219anse suplimentare de c\u00e2\u0219tig.<\/li>\n<\/ul>\n<p>Indiferent dac\u0103 alegi s\u0103 joci offline sau online pe Lottomat, <strong>Belgian Keno ofer\u0103 o experien\u021b\u0103 de joc captivant\u0103<\/strong>, plin\u0103 de oportunit\u0103\u021bi de distrac\u021bie \u0219i c\u00e2\u0219tiguri poten\u021biale. Cu reguli simple \u0219i un joc atractiv, nu e de mirare c\u0103 acest joc tip loterie continu\u0103 s\u0103 atrag\u0103 juc\u0103tori din toat\u0103 Belgia. A\u0219a c\u0103 adun\u0103-\u021bi numerele norocoase \u0219i preg\u0103te\u0219te-te pentru o aventur\u0103 palpitant\u0103 \u00een lumea Belgian Keno!<\/p>\n","protected":false},"excerpt":{"rendered":"<p>Cum s\u0103 joci Belgian Keno? Keno Belgian online este simplu \u0219i u\u0219or de \u00een\u021beles, ceea ce \u00eel face accesibil at\u00e2t pentru juc\u0103torii noi, c\u00e2t \u0219i pentru cei cu experien\u021b\u0103. Jocul \u00ee\u021bi permite s\u0103 alegi numere dintr-un interval de la 1 la 70. Po\u021bi selecta \u00eentre 2 \u0219i 10 numere, iar cu c\u00e2t potrive\u0219ti mai multe [&hellip;]<\/p>\n","protected":false},"author":2,"featured_media":0,"parent":6792,"menu_order":0,"comment_status":"closed","ping_status":"closed","template":"","meta":{"_et_pb_use_builder":"","_et_pb_old_content":"","_et_gb_content_width":"","exclude_from_search":false,"footnotes":""},"class_list":["post-249460","page","type-page","status-publish","hentry"],"yoast_head":"<!-- This site is optimized with the Yoast SEO plugin v23.8 - https:\/\/yoast.com\/wordpress\/plugins\/seo\/ -->\n<title>Keno Belgian Online - Cump\u0103r\u0103 Bilete Keno Belgian - Lottomat<\/title>\n<meta name=\"description\" content=\"Keno Belgian online ofer\u0103 jocuri captivante cu op\u021biuni flexibile. Cump\u0103r\u0103 bilete Keno Belgian online pentru urm\u0103toarea extragere!\" \/>\n<meta name=\"robots\" content=\"index, follow, max-snippet:-1, max-image-preview:large, max-video-preview:-1\" \/>\n<link rel=\"canonical\" href=\"https:\/\/lottomat.com\/ro\/joaca\/belgian-keno\/\" \/>\n<meta property=\"og:locale\" content=\"ro_RO\" \/>\n<meta property=\"og:type\" content=\"article\" \/>\n<meta property=\"og:title\" content=\"Keno Belgian Online - Cump\u0103r\u0103 Bilete Keno Belgian - Lottomat\" \/>\n<meta property=\"og:description\" content=\"Keno Belgian online ofer\u0103 jocuri captivante cu op\u021biuni flexibile. Cump\u0103r\u0103 bilete Keno Belgian online pentru urm\u0103toarea extragere!\" \/>\n<meta property=\"og:url\" content=\"https:\/\/lottomat.com\/ro\/joaca\/belgian-keno\/\" \/>\n<meta property=\"og:site_name\" content=\"Lottomat\" \/>\n<meta property=\"article:modified_time\" content=\"2025-08-12T08:57:59+00:00\" \/>\n<meta property=\"og:image\" content=\"https:\/\/lottomat.com\/wp-content\/uploads\/2025\/08\/Romanian.png\" \/>\n<meta name=\"twitter:card\" content=\"summary_large_image\" \/>\n<meta name=\"twitter:label1\" content=\"Timp estimat pentru citire\" \/>\n\t<meta name=\"twitter:data1\" content=\"5 minute\" \/>\n<script type=\"application\/ld+json\" class=\"yoast-schema-graph\">{\"@context\":\"https:\/\/schema.org\",\"@graph\":[{\"@type\":\"WebPage\",\"@id\":\"https:\/\/lottomat.com\/ro\/joaca\/belgian-keno\/\",\"url\":\"https:\/\/lottomat.com\/ro\/joaca\/belgian-keno\/\",\"name\":\"Keno Belgian Online - Cump\u0103r\u0103 Bilete Keno Belgian - Lottomat\",\"isPartOf\":{\"@id\":\"https:\/\/lottomat.com\/ro\/#website\"},\"primaryImageOfPage\":{\"@id\":\"https:\/\/lottomat.com\/ro\/joaca\/belgian-keno\/#primaryimage\"},\"image\":{\"@id\":\"https:\/\/lottomat.com\/ro\/joaca\/belgian-keno\/#primaryimage\"},\"thumbnailUrl\":\"https:\/\/lottomat.com\/wp-content\/uploads\/2025\/08\/Romanian.png\",\"datePublished\":\"2025-08-12T08:54:02+00:00\",\"dateModified\":\"2025-08-12T08:57:59+00:00\",\"description\":\"Keno Belgian online ofer\u0103 jocuri captivante cu op\u021biuni flexibile. Cump\u0103r\u0103 bilete Keno Belgian online pentru urm\u0103toarea extragere!\",\"breadcrumb\":{\"@id\":\"https:\/\/lottomat.com\/ro\/joaca\/belgian-keno\/#breadcrumb\"},\"inLanguage\":\"ro-RO\",\"potentialAction\":[{\"@type\":\"ReadAction\",\"target\":[\"https:\/\/lottomat.com\/ro\/joaca\/belgian-keno\/\"]}]},{\"@type\":\"ImageObject\",\"inLanguage\":\"ro-RO\",\"@id\":\"https:\/\/lottomat.com\/ro\/joaca\/belgian-keno\/#primaryimage\",\"url\":\"https:\/\/lottomat.com\/wp-content\/uploads\/2025\/08\/Romanian.png\",\"contentUrl\":\"https:\/\/lottomat.com\/wp-content\/uploads\/2025\/08\/Romanian.png\"},{\"@type\":\"BreadcrumbList\",\"@id\":\"https:\/\/lottomat.com\/ro\/joaca\/belgian-keno\/#breadcrumb\",\"itemListElement\":[{\"@type\":\"ListItem\",\"position\":1,\"name\":\"Home\",\"item\":\"https:\/\/lottomat.com\/ro\/\"},{\"@type\":\"ListItem\",\"position\":2,\"name\":\"Joac\u0103 la Loterie\",\"item\":\"https:\/\/lottomat.com\/ro\/joaca\/\"},{\"@type\":\"ListItem\",\"position\":3,\"name\":\"Joac\u0103 Keno Belgian Online\"}]},{\"@type\":\"WebSite\",\"@id\":\"https:\/\/lottomat.com\/ro\/#website\",\"url\":\"https:\/\/lottomat.com\/ro\/\",\"name\":\"Lottomat\",\"description\":\"\",\"potentialAction\":[{\"@type\":\"SearchAction\",\"target\":{\"@type\":\"EntryPoint\",\"urlTemplate\":\"https:\/\/lottomat.com\/ro\/?s={search_term_string}\"},\"query-input\":{\"@type\":\"PropertyValueSpecification\",\"valueRequired\":true,\"valueName\":\"search_term_string\"}}],\"inLanguage\":\"ro-RO\"}]}<\/script>\n<!-- \/ Yoast SEO plugin. -->","yoast_head_json":{"title":"Keno Belgian Online - Cump\u0103r\u0103 Bilete Keno Belgian - Lottomat","description":"Keno Belgian online ofer\u0103 jocuri captivante cu op\u021biuni flexibile. Cump\u0103r\u0103 bilete Keno Belgian online pentru urm\u0103toarea extragere!","robots":{"index":"index","follow":"follow","max-snippet":"max-snippet:-1","max-image-preview":"max-image-preview:large","max-video-preview":"max-video-preview:-1"},"canonical":"https:\/\/lottomat.com\/ro\/joaca\/belgian-keno\/","og_locale":"ro_RO","og_type":"article","og_title":"Keno Belgian Online - Cump\u0103r\u0103 Bilete Keno Belgian - Lottomat","og_description":"Keno Belgian online ofer\u0103 jocuri captivante cu op\u021biuni flexibile. Cump\u0103r\u0103 bilete Keno Belgian online pentru urm\u0103toarea extragere!","og_url":"https:\/\/lottomat.com\/ro\/joaca\/belgian-keno\/","og_site_name":"Lottomat","article_modified_time":"2025-08-12T08:57:59+00:00","og_image":[{"url":"https:\/\/lottomat.com\/wp-content\/uploads\/2025\/08\/Romanian.png"}],"twitter_card":"summary_large_image","twitter_misc":{"Timp estimat pentru citire":"5 minute"},"schema":{"@context":"https:\/\/schema.org","@graph":[{"@type":"WebPage","@id":"https:\/\/lottomat.com\/ro\/joaca\/belgian-keno\/","url":"https:\/\/lottomat.com\/ro\/joaca\/belgian-keno\/","name":"Keno Belgian Online - Cump\u0103r\u0103 Bilete Keno Belgian - Lottomat","isPartOf":{"@id":"https:\/\/lottomat.com\/ro\/#website"},"primaryImageOfPage":{"@id":"https:\/\/lottomat.com\/ro\/joaca\/belgian-keno\/#primaryimage"},"image":{"@id":"https:\/\/lottomat.com\/ro\/joaca\/belgian-keno\/#primaryimage"},"thumbnailUrl":"https:\/\/lottomat.com\/wp-content\/uploads\/2025\/08\/Romanian.png","datePublished":"2025-08-12T08:54:02+00:00","dateModified":"2025-08-12T08:57:59+00:00","description":"Keno Belgian online ofer\u0103 jocuri captivante cu op\u021biuni flexibile. Cump\u0103r\u0103 bilete Keno Belgian online pentru urm\u0103toarea extragere!","breadcrumb":{"@id":"https:\/\/lottomat.com\/ro\/joaca\/belgian-keno\/#breadcrumb"},"inLanguage":"ro-RO","potentialAction":[{"@type":"ReadAction","target":["https:\/\/lottomat.com\/ro\/joaca\/belgian-keno\/"]}]},{"@type":"ImageObject","inLanguage":"ro-RO","@id":"https:\/\/lottomat.com\/ro\/joaca\/belgian-keno\/#primaryimage","url":"https:\/\/lottomat.com\/wp-content\/uploads\/2025\/08\/Romanian.png","contentUrl":"https:\/\/lottomat.com\/wp-content\/uploads\/2025\/08\/Romanian.png"},{"@type":"BreadcrumbList","@id":"https:\/\/lottomat.com\/ro\/joaca\/belgian-keno\/#breadcrumb","itemListElement":[{"@type":"ListItem","position":1,"name":"Home","item":"https:\/\/lottomat.com\/ro\/"},{"@type":"ListItem","position":2,"name":"Joac\u0103 la Loterie","item":"https:\/\/lottomat.com\/ro\/joaca\/"},{"@type":"ListItem","position":3,"name":"Joac\u0103 Keno Belgian Online"}]},{"@type":"WebSite","@id":"https:\/\/lottomat.com\/ro\/#website","url":"https:\/\/lottomat.com\/ro\/","name":"Lottomat","description":"","potentialAction":[{"@type":"SearchAction","target":{"@type":"EntryPoint","urlTemplate":"https:\/\/lottomat.com\/ro\/?s={search_term_string}"},"query-input":{"@type":"PropertyValueSpecification","valueRequired":true,"valueName":"search_term_string"}}],"inLanguage":"ro-RO"}]}},"_links":{"self":[{"href":"https:\/\/lottomat.com\/ro\/wp-json\/wp\/v2\/pages\/249460","targetHints":{"allow":["GET"]}}],"collection":[{"href":"https:\/\/lottomat.com\/ro\/wp-json\/wp\/v2\/pages"}],"about":[{"href":"https:\/\/lottomat.com\/ro\/wp-json\/wp\/v2\/types\/page"}],"author":[{"embeddable":true,"href":"https:\/\/lottomat.com\/ro\/wp-json\/wp\/v2\/users\/2"}],"replies":[{"embeddable":true,"href":"https:\/\/lottomat.com\/ro\/wp-json\/wp\/v2\/comments?post=249460"}],"version-history":[{"count":0,"href":"https:\/\/lottomat.com\/ro\/wp-json\/wp\/v2\/pages\/249460\/revisions"}],"up":[{"embeddable":true,"href":"https:\/\/lottomat.com\/ro\/wp-json\/wp\/v2\/pages\/6792"}],"wp:attachment":[{"href":"https:\/\/lottomat.com\/ro\/wp-json\/wp\/v2\/media?parent=249460"}],"curies":[{"name":"wp","href":"https:\/\/api.w.org\/{rel}","templated":true}]}}