{"id":249450,"date":"2025-08-08T10:08:46","date_gmt":"2025-08-08T10:08:46","guid":{"rendered":"https:\/\/lottomat.com\/?page_id=249450"},"modified":"2025-08-12T08:12:14","modified_gmt":"2025-08-12T08:12:14","slug":"belgian-keno","status":"publish","type":"page","link":"https:\/\/lottomat.com\/ro\/informatie\/belgian-keno\/","title":{"rendered":"Premii &#038; Reguli Belgian Keno (Keno 20\/70 Belgia)"},"content":{"rendered":"\n\n<div class=\"kk-star-ratings kksr-auto kksr-align-left kksr-valign-top\"\n    data-payload='{&quot;align&quot;:&quot;left&quot;,&quot;id&quot;:&quot;249450&quot;,&quot;slug&quot;:&quot;default&quot;,&quot;valign&quot;:&quot;top&quot;,&quot;ignore&quot;:&quot;&quot;,&quot;reference&quot;:&quot;auto&quot;,&quot;class&quot;:&quot;&quot;,&quot;count&quot;:&quot;0&quot;,&quot;legendonly&quot;:&quot;&quot;,&quot;readonly&quot;:&quot;&quot;,&quot;score&quot;:&quot;0&quot;,&quot;starsonly&quot;:&quot;&quot;,&quot;best&quot;:&quot;5&quot;,&quot;gap&quot;:&quot;5&quot;,&quot;greet&quot;:&quot;Rate this page&quot;,&quot;legend&quot;:&quot;0\\\/5 - (0 votes)&quot;,&quot;size&quot;:&quot;30&quot;,&quot;title&quot;:&quot;Premii \\u0026amp; Reguli Belgian Keno (Keno 20\\\/70 Belgia)&quot;,&quot;width&quot;:&quot;0&quot;,&quot;_legend&quot;:&quot;{score}\\\/{best} - ({count} {votes})&quot;,&quot;font_factor&quot;:&quot;1.25&quot;}'>\n            \n<div class=\"kksr-stars\">\n    \n<div class=\"kksr-stars-inactive\">\n            <div class=\"kksr-star\" data-star=\"1\" style=\"padding-right: 5px\">\n            \n\n<div class=\"kksr-icon\" style=\"width: 30px; height: 30px;\"><\/div>\n        <\/div>\n            <div class=\"kksr-star\" data-star=\"2\" style=\"padding-right: 5px\">\n            \n\n<div class=\"kksr-icon\" style=\"width: 30px; height: 30px;\"><\/div>\n        <\/div>\n            <div class=\"kksr-star\" data-star=\"3\" style=\"padding-right: 5px\">\n            \n\n<div class=\"kksr-icon\" style=\"width: 30px; height: 30px;\"><\/div>\n        <\/div>\n            <div class=\"kksr-star\" data-star=\"4\" style=\"padding-right: 5px\">\n            \n\n<div class=\"kksr-icon\" style=\"width: 30px; height: 30px;\"><\/div>\n        <\/div>\n            <div class=\"kksr-star\" data-star=\"5\" style=\"padding-right: 5px\">\n            \n\n<div class=\"kksr-icon\" style=\"width: 30px; height: 30px;\"><\/div>\n        <\/div>\n    <\/div>\n    \n<div class=\"kksr-stars-active\" style=\"width: 0px;\">\n            <div class=\"kksr-star\" style=\"padding-right: 5px\">\n            \n\n<div class=\"kksr-icon\" style=\"width: 30px; height: 30px;\"><\/div>\n        <\/div>\n            <div class=\"kksr-star\" style=\"padding-right: 5px\">\n            \n\n<div class=\"kksr-icon\" style=\"width: 30px; height: 30px;\"><\/div>\n        <\/div>\n            <div class=\"kksr-star\" style=\"padding-right: 5px\">\n            \n\n<div class=\"kksr-icon\" style=\"width: 30px; height: 30px;\"><\/div>\n        <\/div>\n            <div class=\"kksr-star\" style=\"padding-right: 5px\">\n            \n\n<div class=\"kksr-icon\" style=\"width: 30px; height: 30px;\"><\/div>\n        <\/div>\n            <div class=\"kksr-star\" style=\"padding-right: 5px\">\n            \n\n<div class=\"kksr-icon\" style=\"width: 30px; height: 30px;\"><\/div>\n        <\/div>\n    <\/div>\n<\/div>\n                \n\n<div class=\"kksr-legend\" style=\"font-size: 24px;\">\n            <span class=\"kksr-muted\">Rate this page<\/span>\n    <\/div>\n    <\/div>\n<p><a href=\"https:\/\/lottomat.com\/ro\/joaca\/\"><img loading=\"lazy\" decoding=\"async\" class=\"aligncenter wp-image-249397 size-full\" src=\"https:\/\/lottomat.com\/wp-content\/uploads\/2025\/08\/Romanian.png\" alt=\"Reguli Belgian Keno\" width=\"1140\" height=\"179\" srcset=\"https:\/\/lottomat.com\/wp-content\/uploads\/2025\/08\/Romanian.png 1140w, https:\/\/lottomat.com\/wp-content\/uploads\/2025\/08\/Romanian-980x154.png 980w, https:\/\/lottomat.com\/wp-content\/uploads\/2025\/08\/Romanian-480x75.png 480w\" sizes=\"auto, (min-width: 0px) and (max-width: 480px) 480px, (min-width: 481px) and (max-width: 980px) 980px, (min-width: 981px) 1140px, 100vw\" \/><\/a><\/p>\n<p>Descoper\u0103 emo\u021bia jocului Belgian Keno \u0219i <strong>c\u00e2\u0219tig\u0103 cele mai bune premii Belgian Keno chiar ast\u0103zi<\/strong>! De la lansarea sa \u00een 1995, Loteria Na\u021bional\u0103 a Belgiei a captivat juc\u0103torii cu palpitantul joc Keno 20\/70. Acest fenomen loteristic a devenit o prezen\u021b\u0103 constant\u0103 \u00een peisajul jocurilor de noroc din Belgia, cu extrageri desf\u0103\u0219urate de mai multe ori pe s\u0103pt\u0103m\u00e2n\u0103 \u00een inima Bruxellesului. De\u0219i biletele tradi\u021bionale pe h\u00e2rtie sunt disponibile pe scar\u0103 larg\u0103 \u00een numeroase loca\u021bii din Belgia, suntem m\u00e2ndri s\u0103 oferim o variant\u0103 modern\u0103 a acestui joc clasic. Platforma noastr\u0103 aduce <a href=\"https:\/\/lottomat.com\/play\/belgian-keno\/\">Belgian Keno online<\/a> la \u00eendem\u00e2na ta, permi\u021b\u00e2ndu-\u021bi s\u0103 participi din confortul propriei case.<\/p>\n<p><img loading=\"lazy\" decoding=\"async\" class=\"alignleft wp-image-2765\" src=\"https:\/\/lottomat.com\/wp-content\/uploads\/2025\/03\/When-Are-the-Draws.png\" alt=\"reguli Belgian Keno\" width=\"130\" height=\"130\" srcset=\"https:\/\/lottomat.com\/wp-content\/uploads\/2025\/03\/When-Are-the-Draws.png 400w, https:\/\/lottomat.com\/wp-content\/uploads\/2025\/03\/When-Are-the-Draws-300x300.png 300w, https:\/\/lottomat.com\/wp-content\/uploads\/2025\/03\/When-Are-the-Draws-150x150.png 150w, https:\/\/lottomat.com\/wp-content\/uploads\/2025\/03\/When-Are-the-Draws-100x100.png 100w\" sizes=\"auto, (max-width: 130px) 100vw, 130px\" \/><\/p>\n<p>Cu Belgian Keno online, <strong>nu joci doar un joc \u2013 deschizi poarta c\u0103tre c\u00e2\u0219tiguri care \u00ee\u021bi pot schimba via\u021ba<\/strong>. Imagineaz\u0103-\u021bi emo\u021bia de a revendica un premiu care poate ajunge la uimitoarea sum\u0103 de 2.500.000 \u20ac!<\/p>\n<p>Nu rata aceast\u0103 oportunitate de a-\u021bi \u00eencerca norocul \u0219i, poate, de a-\u021bi transforma via\u021ba. Belgian Keno ofer\u0103 o experien\u021b\u0103 de joc palpitant\u0103, cu \u0219anse reale la premii substan\u021biale. \u00cencepe-\u021bi aventura Keno ast\u0103zi \u0219i vezi unde te pot duce numerele tale norocoase!<\/p>\n<h2>Reguli Belgian Keno<\/h2>\n<p>Jocul urmeaz\u0103 un format unic, \u00een care juc\u0103torii aleg \u00eentre 2 \u0219i 10 numere dintr-un total de 70. La fiecare extragere, sunt selectate aleatoriu 20 de numere. Extragerile au loc de mai multe ori pe s\u0103pt\u0103m\u00e2n\u0103, dup\u0103 urm\u0103torul program:<\/p>\n<ul>\n<li>Luni, mar\u021bi, joi \u0219i vineri: 20:00 GMT+2<\/li>\n<li>Miercuri \u0219i s\u00e2mb\u0103t\u0103: 19:00 GMT+2<\/li>\n<li>Duminic\u0103: 13:00 GMT+2<\/li>\n<\/ul>\n<p>Una dintre caracteristicile distincte ale jocului este op\u021biunea \u201eMultiplicator\u201d, care permite juc\u0103torilor s\u0103 \u00ee\u0219i m\u0103reasc\u0103 poten\u021bialul c\u00e2\u0219tig\u0103tor aleg\u00e2nd un multiplicator \u00eentre x1 \u0219i x10.<\/p>\n<h2>Revendicarea premiilor Belgian Keno la Lottomat<\/h2>\n<p>Lottomat ofer\u0103 o platform\u0103 comod\u0103 pentru a juca \u0219i a <a href=\"https:\/\/lottomat.com\/ro\/rezultate\/belgian-keno\/\">verifica rezultatele Belgian Keno<\/a> online. Pentru premiile de p\u00e2n\u0103 la 2.500 \u20ac, c\u00e2\u0219tigurile sunt creditate automat \u00een contul juc\u0103torului. Astfel, ai acces imediat la c\u00e2\u0219tigurile mai mici, f\u0103r\u0103 pa\u0219i suplimentari.<\/p>\n<p>Pentru premiile mai mari, Lottomat pune la dispozi\u021bie un proces personalizat de revendicare. Website-ul colaboreaz\u0103 direct cu c\u00e2\u0219tig\u0103torii, ghid\u00e2ndu-i prin fiecare pas necesar \u2013 de la verificare, p\u00e2n\u0103 la transferul final al fondurilor. Aceast\u0103 abordare garanteaz\u0103 c\u0103 premiile consistente sunt gestionate \u00een siguran\u021b\u0103 \u0219i eficient.<img loading=\"lazy\" decoding=\"async\" class=\"alignright wp-image-5305\" src=\"https:\/\/lottomat.com\/wp-content\/uploads\/2025\/03\/Winning-big-on-the-Thunderball-Lottery.png\" alt=\"premii Belgian Keno\" width=\"130\" height=\"130\" srcset=\"https:\/\/lottomat.com\/wp-content\/uploads\/2025\/03\/Winning-big-on-the-Thunderball-Lottery.png 400w, https:\/\/lottomat.com\/wp-content\/uploads\/2025\/03\/Winning-big-on-the-Thunderball-Lottery-300x300.png 300w, https:\/\/lottomat.com\/wp-content\/uploads\/2025\/03\/Winning-big-on-the-Thunderball-Lottery-150x150.png 150w, https:\/\/lottomat.com\/wp-content\/uploads\/2025\/03\/Winning-big-on-the-Thunderball-Lottery-100x100.png 100w\" sizes=\"auto, (max-width: 130px) 100vw, 130px\" \/><\/p>\n<h2>Premii Belgian Keno<\/h2>\n<p>C\u00e2\u0219tigurile poten\u021biale la Belgian Keno pot fi considerabile, cu <strong>jackpoturi care pot ajunge la 2.500.000 \u20ac<\/strong>, \u00een func\u021bie de num\u0103rul de potriviri \u0219i multiplicatorul ales. Structura premiilor este flexibil\u0103, oferind diverse scenarii de c\u00e2\u0219tig \u00een func\u021bie de num\u0103rul de numere selectate \u0219i potrivite.<\/p>\n<p>De exemplu, dac\u0103 un juc\u0103tor selecteaz\u0103 10 numere \u0219i le potrive\u0219te pe toate cu un multiplicator x10, c\u00e2\u0219tigul s\u0103u va fi semnificativ mai mare dec\u00e2t dac\u0103 ar fi ales mai pu\u021bine numere.<\/p>\n<h2>Sfaturi pentru a-\u021bi cre\u0219te \u0219ansele de a c\u00e2\u0219tiga la Belgian Keno<\/h2>\n<p>De\u0219i Belgian Keno este \u00een principal un joc de noroc, juc\u0103torii pot lua \u00een considerare aceste strategii pentru a-\u0219i \u00eembun\u0103t\u0103\u021bi \u0219ansele:<\/p>\n<ol>\n<li>Alege \u00eentre 4 \u0219i 8 numere, deoarece aceast\u0103 gam\u0103 ofer\u0103 un echilibru \u00eentre \u0219ansele de c\u00e2\u0219tig \u0219i valoarea premiilor poten\u021biale.<\/li>\n<li>Ia \u00een calcul utilizarea op\u021biunii Multiplicator pentru a-\u021bi cre\u0219te c\u00e2\u0219tigurile, dar \u021bine cont de costul suplimentar.<\/li>\n<li>Joac\u0103 regulat, dar responsabil, stabilind un buget pentru activit\u0103\u021bile tale Keno.<\/li>\n<li>Studiaz\u0103 tabelul de plat\u0103 al jocului \u0219i alege variante cu premii mai avantajoase.<\/li>\n<\/ol>\n<h2>Joac\u0103 online acum!<\/h2>\n<p><img loading=\"lazy\" decoding=\"async\" class=\"alignleft wp-image-5336\" src=\"https:\/\/lottomat.com\/wp-content\/uploads\/2025\/03\/The-British-Thunderball-Lottery.png\" alt=\"Keno Belgia 20\/70\" width=\"130\" height=\"130\" srcset=\"https:\/\/lottomat.com\/wp-content\/uploads\/2025\/03\/The-British-Thunderball-Lottery.png 400w, https:\/\/lottomat.com\/wp-content\/uploads\/2025\/03\/The-British-Thunderball-Lottery-300x300.png 300w, https:\/\/lottomat.com\/wp-content\/uploads\/2025\/03\/The-British-Thunderball-Lottery-150x150.png 150w, https:\/\/lottomat.com\/wp-content\/uploads\/2025\/03\/The-British-Thunderball-Lottery-100x100.png 100w\" sizes=\"auto, (max-width: 130px) 100vw, 130px\" \/>Jocul Belgian Keno online ofer\u0103 comoditate \u0219i accesibilitate. Platforme precum <a href=\"https:\/\/lottomat.com\/ro\/\">Lottomat<\/a> pun la dispozi\u021bie o interfa\u021b\u0103 prietenoas\u0103 pentru selectarea numerelor, <a href=\"https:\/\/lottomat.com\/ro\/keno\/\">achizi\u021bionarea biletelor Keno online<\/a> \u0219i verificarea rezultatelor. Juc\u00e2nd online, te po\u021bi bucura de joc din confortul casei tale, cu avantajul verific\u0103rii automate a rezultatelor \u0219i a credit\u0103rii premiilor mai mici direct \u00een contul t\u0103u.<\/p>\n<p>Aminte\u0219te-\u021bi c\u0103, de\u0219i strategiile pot \u00eembun\u0103t\u0103\u021bi experien\u021ba de joc, Keno r\u0103m\u00e2ne un joc de noroc. <strong>Joac\u0103 \u00eentotdeauna responsabil<\/strong> \u0219i \u00een limitele posibilit\u0103\u021bilor tale, pun\u00e2nd accent pe distrac\u021bie, nu pe a\u0219teptarea unor c\u00e2\u0219tiguri garantate.<\/p>\n","protected":false},"excerpt":{"rendered":"<p>Descoper\u0103 emo\u021bia jocului Belgian Keno \u0219i c\u00e2\u0219tig\u0103 cele mai bune premii Belgian Keno chiar ast\u0103zi! De la lansarea sa \u00een 1995, Loteria Na\u021bional\u0103 a Belgiei a captivat juc\u0103torii cu palpitantul joc Keno 20\/70. Acest fenomen loteristic a devenit o prezen\u021b\u0103 constant\u0103 \u00een peisajul jocurilor de noroc din Belgia, cu extrageri desf\u0103\u0219urate de mai multe ori [&hellip;]<\/p>\n","protected":false},"author":2,"featured_media":0,"parent":6914,"menu_order":0,"comment_status":"closed","ping_status":"closed","template":"","meta":{"_et_pb_use_builder":"","_et_pb_old_content":"","_et_gb_content_width":"","exclude_from_search":false,"footnotes":""},"class_list":["post-249450","page","type-page","status-publish","hentry"],"yoast_head":"<!-- This site is optimized with the Yoast SEO plugin v23.8 - https:\/\/yoast.com\/wordpress\/plugins\/seo\/ -->\n<title>Premii &amp; Reguli Belgian Keno (Keno 20\/70 Belgia) - Lottomat<\/title>\n<meta name=\"description\" content=\"Descoper\u0103 premiile \u0219i regulile Belgian Keno! Afl\u0103 regulile jocului, structura premiilor, c\u00e2\u0219tig\u0103 p\u00e2n\u0103 la 2,5 milioane \u20ac cu Lottomat.\" \/>\n<meta name=\"robots\" content=\"index, follow, max-snippet:-1, max-image-preview:large, max-video-preview:-1\" \/>\n<link rel=\"canonical\" href=\"https:\/\/lottomat.com\/ro\/informatie\/belgian-keno\/\" \/>\n<meta property=\"og:locale\" content=\"ro_RO\" \/>\n<meta property=\"og:type\" content=\"article\" \/>\n<meta property=\"og:title\" content=\"Premii &amp; Reguli Belgian Keno (Keno 20\/70 Belgia) - Lottomat\" \/>\n<meta property=\"og:description\" content=\"Descoper\u0103 premiile \u0219i regulile Belgian Keno! Afl\u0103 regulile jocului, structura premiilor, c\u00e2\u0219tig\u0103 p\u00e2n\u0103 la 2,5 milioane \u20ac cu Lottomat.\" \/>\n<meta property=\"og:url\" content=\"https:\/\/lottomat.com\/ro\/informatie\/belgian-keno\/\" \/>\n<meta property=\"og:site_name\" content=\"Lottomat\" \/>\n<meta property=\"article:modified_time\" content=\"2025-08-12T08:12:14+00:00\" \/>\n<meta property=\"og:image\" content=\"https:\/\/lottomat.com\/wp-content\/uploads\/2025\/08\/Romanian.png\" \/>\n<meta name=\"twitter:card\" content=\"summary_large_image\" \/>\n<meta name=\"twitter:label1\" content=\"Timp estimat pentru citire\" \/>\n\t<meta name=\"twitter:data1\" content=\"4 minute\" \/>\n<script type=\"application\/ld+json\" class=\"yoast-schema-graph\">{\"@context\":\"https:\/\/schema.org\",\"@graph\":[{\"@type\":\"WebPage\",\"@id\":\"https:\/\/lottomat.com\/ro\/informatie\/belgian-keno\/\",\"url\":\"https:\/\/lottomat.com\/ro\/informatie\/belgian-keno\/\",\"name\":\"Premii & Reguli Belgian Keno (Keno 20\/70 Belgia) - Lottomat\",\"isPartOf\":{\"@id\":\"https:\/\/lottomat.com\/ro\/#website\"},\"primaryImageOfPage\":{\"@id\":\"https:\/\/lottomat.com\/ro\/informatie\/belgian-keno\/#primaryimage\"},\"image\":{\"@id\":\"https:\/\/lottomat.com\/ro\/informatie\/belgian-keno\/#primaryimage\"},\"thumbnailUrl\":\"https:\/\/lottomat.com\/wp-content\/uploads\/2025\/08\/Romanian.png\",\"datePublished\":\"2025-08-08T10:08:46+00:00\",\"dateModified\":\"2025-08-12T08:12:14+00:00\",\"description\":\"Descoper\u0103 premiile \u0219i regulile Belgian Keno! Afl\u0103 regulile jocului, structura premiilor, c\u00e2\u0219tig\u0103 p\u00e2n\u0103 la 2,5 milioane \u20ac cu Lottomat.\",\"breadcrumb\":{\"@id\":\"https:\/\/lottomat.com\/ro\/informatie\/belgian-keno\/#breadcrumb\"},\"inLanguage\":\"ro-RO\",\"potentialAction\":[{\"@type\":\"ReadAction\",\"target\":[\"https:\/\/lottomat.com\/ro\/informatie\/belgian-keno\/\"]}]},{\"@type\":\"ImageObject\",\"inLanguage\":\"ro-RO\",\"@id\":\"https:\/\/lottomat.com\/ro\/informatie\/belgian-keno\/#primaryimage\",\"url\":\"https:\/\/lottomat.com\/wp-content\/uploads\/2025\/08\/Romanian.png\",\"contentUrl\":\"https:\/\/lottomat.com\/wp-content\/uploads\/2025\/08\/Romanian.png\"},{\"@type\":\"BreadcrumbList\",\"@id\":\"https:\/\/lottomat.com\/ro\/informatie\/belgian-keno\/#breadcrumb\",\"itemListElement\":[{\"@type\":\"ListItem\",\"position\":1,\"name\":\"Home\",\"item\":\"https:\/\/lottomat.com\/ro\/\"},{\"@type\":\"ListItem\",\"position\":2,\"name\":\"Reguli Loterie: Premii, Jackpot \u0219i \u0218anse\",\"item\":\"https:\/\/lottomat.com\/ro\/informatie\/\"},{\"@type\":\"ListItem\",\"position\":3,\"name\":\"Premii &#038; Reguli Belgian Keno (Keno 20\/70 Belgia)\"}]},{\"@type\":\"WebSite\",\"@id\":\"https:\/\/lottomat.com\/ro\/#website\",\"url\":\"https:\/\/lottomat.com\/ro\/\",\"name\":\"Lottomat\",\"description\":\"\",\"potentialAction\":[{\"@type\":\"SearchAction\",\"target\":{\"@type\":\"EntryPoint\",\"urlTemplate\":\"https:\/\/lottomat.com\/ro\/?s={search_term_string}\"},\"query-input\":{\"@type\":\"PropertyValueSpecification\",\"valueRequired\":true,\"valueName\":\"search_term_string\"}}],\"inLanguage\":\"ro-RO\"}]}<\/script>\n<!-- \/ Yoast SEO plugin. -->","yoast_head_json":{"title":"Premii & Reguli Belgian Keno (Keno 20\/70 Belgia) - Lottomat","description":"Descoper\u0103 premiile \u0219i regulile Belgian Keno! Afl\u0103 regulile jocului, structura premiilor, c\u00e2\u0219tig\u0103 p\u00e2n\u0103 la 2,5 milioane \u20ac cu Lottomat.","robots":{"index":"index","follow":"follow","max-snippet":"max-snippet:-1","max-image-preview":"max-image-preview:large","max-video-preview":"max-video-preview:-1"},"canonical":"https:\/\/lottomat.com\/ro\/informatie\/belgian-keno\/","og_locale":"ro_RO","og_type":"article","og_title":"Premii & Reguli Belgian Keno (Keno 20\/70 Belgia) - Lottomat","og_description":"Descoper\u0103 premiile \u0219i regulile Belgian Keno! Afl\u0103 regulile jocului, structura premiilor, c\u00e2\u0219tig\u0103 p\u00e2n\u0103 la 2,5 milioane \u20ac cu Lottomat.","og_url":"https:\/\/lottomat.com\/ro\/informatie\/belgian-keno\/","og_site_name":"Lottomat","article_modified_time":"2025-08-12T08:12:14+00:00","og_image":[{"url":"https:\/\/lottomat.com\/wp-content\/uploads\/2025\/08\/Romanian.png"}],"twitter_card":"summary_large_image","twitter_misc":{"Timp estimat pentru citire":"4 minute"},"schema":{"@context":"https:\/\/schema.org","@graph":[{"@type":"WebPage","@id":"https:\/\/lottomat.com\/ro\/informatie\/belgian-keno\/","url":"https:\/\/lottomat.com\/ro\/informatie\/belgian-keno\/","name":"Premii & Reguli Belgian Keno (Keno 20\/70 Belgia) - Lottomat","isPartOf":{"@id":"https:\/\/lottomat.com\/ro\/#website"},"primaryImageOfPage":{"@id":"https:\/\/lottomat.com\/ro\/informatie\/belgian-keno\/#primaryimage"},"image":{"@id":"https:\/\/lottomat.com\/ro\/informatie\/belgian-keno\/#primaryimage"},"thumbnailUrl":"https:\/\/lottomat.com\/wp-content\/uploads\/2025\/08\/Romanian.png","datePublished":"2025-08-08T10:08:46+00:00","dateModified":"2025-08-12T08:12:14+00:00","description":"Descoper\u0103 premiile \u0219i regulile Belgian Keno! Afl\u0103 regulile jocului, structura premiilor, c\u00e2\u0219tig\u0103 p\u00e2n\u0103 la 2,5 milioane \u20ac cu Lottomat.","breadcrumb":{"@id":"https:\/\/lottomat.com\/ro\/informatie\/belgian-keno\/#breadcrumb"},"inLanguage":"ro-RO","potentialAction":[{"@type":"ReadAction","target":["https:\/\/lottomat.com\/ro\/informatie\/belgian-keno\/"]}]},{"@type":"ImageObject","inLanguage":"ro-RO","@id":"https:\/\/lottomat.com\/ro\/informatie\/belgian-keno\/#primaryimage","url":"https:\/\/lottomat.com\/wp-content\/uploads\/2025\/08\/Romanian.png","contentUrl":"https:\/\/lottomat.com\/wp-content\/uploads\/2025\/08\/Romanian.png"},{"@type":"BreadcrumbList","@id":"https:\/\/lottomat.com\/ro\/informatie\/belgian-keno\/#breadcrumb","itemListElement":[{"@type":"ListItem","position":1,"name":"Home","item":"https:\/\/lottomat.com\/ro\/"},{"@type":"ListItem","position":2,"name":"Reguli Loterie: Premii, Jackpot \u0219i \u0218anse","item":"https:\/\/lottomat.com\/ro\/informatie\/"},{"@type":"ListItem","position":3,"name":"Premii &#038; Reguli Belgian Keno (Keno 20\/70 Belgia)"}]},{"@type":"WebSite","@id":"https:\/\/lottomat.com\/ro\/#website","url":"https:\/\/lottomat.com\/ro\/","name":"Lottomat","description":"","potentialAction":[{"@type":"SearchAction","target":{"@type":"EntryPoint","urlTemplate":"https:\/\/lottomat.com\/ro\/?s={search_term_string}"},"query-input":{"@type":"PropertyValueSpecification","valueRequired":true,"valueName":"search_term_string"}}],"inLanguage":"ro-RO"}]}},"_links":{"self":[{"href":"https:\/\/lottomat.com\/ro\/wp-json\/wp\/v2\/pages\/249450","targetHints":{"allow":["GET"]}}],"collection":[{"href":"https:\/\/lottomat.com\/ro\/wp-json\/wp\/v2\/pages"}],"about":[{"href":"https:\/\/lottomat.com\/ro\/wp-json\/wp\/v2\/types\/page"}],"author":[{"embeddable":true,"href":"https:\/\/lottomat.com\/ro\/wp-json\/wp\/v2\/users\/2"}],"replies":[{"embeddable":true,"href":"https:\/\/lottomat.com\/ro\/wp-json\/wp\/v2\/comments?post=249450"}],"version-history":[{"count":0,"href":"https:\/\/lottomat.com\/ro\/wp-json\/wp\/v2\/pages\/249450\/revisions"}],"up":[{"embeddable":true,"href":"https:\/\/lottomat.com\/ro\/wp-json\/wp\/v2\/pages\/6914"}],"wp:attachment":[{"href":"https:\/\/lottomat.com\/ro\/wp-json\/wp\/v2\/media?parent=249450"}],"curies":[{"name":"wp","href":"https:\/\/api.w.org\/{rel}","templated":true}]}}