{"id":249447,"date":"2025-08-08T09:59:33","date_gmt":"2025-08-08T09:59:33","guid":{"rendered":"https:\/\/lottomat.com\/?page_id=249447"},"modified":"2025-08-12T08:06:49","modified_gmt":"2025-08-12T08:06:49","slug":"belgian-keno","status":"publish","type":"page","link":"https:\/\/lottomat.com\/ro\/rezultate\/belgian-keno\/","title":{"rendered":"Rezultate Belgian Keno &#038; Numere C\u00e2\u0219tig\u0103toare"},"content":{"rendered":"\n\n<div class=\"kk-star-ratings kksr-auto kksr-align-left kksr-valign-top\"\n    data-payload='{&quot;align&quot;:&quot;left&quot;,&quot;id&quot;:&quot;249447&quot;,&quot;slug&quot;:&quot;default&quot;,&quot;valign&quot;:&quot;top&quot;,&quot;ignore&quot;:&quot;&quot;,&quot;reference&quot;:&quot;auto&quot;,&quot;class&quot;:&quot;&quot;,&quot;count&quot;:&quot;0&quot;,&quot;legendonly&quot;:&quot;&quot;,&quot;readonly&quot;:&quot;&quot;,&quot;score&quot;:&quot;0&quot;,&quot;starsonly&quot;:&quot;&quot;,&quot;best&quot;:&quot;5&quot;,&quot;gap&quot;:&quot;5&quot;,&quot;greet&quot;:&quot;Rate this page&quot;,&quot;legend&quot;:&quot;0\\\/5 - (0 votes)&quot;,&quot;size&quot;:&quot;30&quot;,&quot;title&quot;:&quot;Rezultate Belgian Keno \\u0026amp; Numere C\u00e2\u0219tig\u0103toare&quot;,&quot;width&quot;:&quot;0&quot;,&quot;_legend&quot;:&quot;{score}\\\/{best} - ({count} {votes})&quot;,&quot;font_factor&quot;:&quot;1.25&quot;}'>\n            \n<div class=\"kksr-stars\">\n    \n<div class=\"kksr-stars-inactive\">\n            <div class=\"kksr-star\" data-star=\"1\" style=\"padding-right: 5px\">\n            \n\n<div class=\"kksr-icon\" style=\"width: 30px; height: 30px;\"><\/div>\n        <\/div>\n            <div class=\"kksr-star\" data-star=\"2\" style=\"padding-right: 5px\">\n            \n\n<div class=\"kksr-icon\" style=\"width: 30px; height: 30px;\"><\/div>\n        <\/div>\n            <div class=\"kksr-star\" data-star=\"3\" style=\"padding-right: 5px\">\n            \n\n<div class=\"kksr-icon\" style=\"width: 30px; height: 30px;\"><\/div>\n        <\/div>\n            <div class=\"kksr-star\" data-star=\"4\" style=\"padding-right: 5px\">\n            \n\n<div class=\"kksr-icon\" style=\"width: 30px; height: 30px;\"><\/div>\n        <\/div>\n            <div class=\"kksr-star\" data-star=\"5\" style=\"padding-right: 5px\">\n            \n\n<div class=\"kksr-icon\" style=\"width: 30px; height: 30px;\"><\/div>\n        <\/div>\n    <\/div>\n    \n<div class=\"kksr-stars-active\" style=\"width: 0px;\">\n            <div class=\"kksr-star\" style=\"padding-right: 5px\">\n            \n\n<div class=\"kksr-icon\" style=\"width: 30px; height: 30px;\"><\/div>\n        <\/div>\n            <div class=\"kksr-star\" style=\"padding-right: 5px\">\n            \n\n<div class=\"kksr-icon\" style=\"width: 30px; height: 30px;\"><\/div>\n        <\/div>\n            <div class=\"kksr-star\" style=\"padding-right: 5px\">\n            \n\n<div class=\"kksr-icon\" style=\"width: 30px; height: 30px;\"><\/div>\n        <\/div>\n            <div class=\"kksr-star\" style=\"padding-right: 5px\">\n            \n\n<div class=\"kksr-icon\" style=\"width: 30px; height: 30px;\"><\/div>\n        <\/div>\n            <div class=\"kksr-star\" style=\"padding-right: 5px\">\n            \n\n<div class=\"kksr-icon\" style=\"width: 30px; height: 30px;\"><\/div>\n        <\/div>\n    <\/div>\n<\/div>\n                \n\n<div class=\"kksr-legend\" style=\"font-size: 24px;\">\n            <span class=\"kksr-muted\">Rate this page<\/span>\n    <\/div>\n    <\/div>\n<h2><a href=\"https:\/\/lottomat.com\/ro\/joaca\/\"><img loading=\"lazy\" decoding=\"async\" class=\"aligncenter wp-image-249397 size-full\" src=\"https:\/\/lottomat.com\/wp-content\/uploads\/2025\/08\/Romanian.png\" alt=\"Rezultate Belgian Keno\" width=\"1140\" height=\"179\" srcset=\"https:\/\/lottomat.com\/wp-content\/uploads\/2025\/08\/Romanian.png 1140w, https:\/\/lottomat.com\/wp-content\/uploads\/2025\/08\/Romanian-980x154.png 980w, https:\/\/lottomat.com\/wp-content\/uploads\/2025\/08\/Romanian-480x75.png 480w\" sizes=\"auto, (min-width: 0px) and (max-width: 480px) 480px, (min-width: 481px) and (max-width: 980px) 980px, (min-width: 981px) 1140px, 100vw\" \/><\/a><\/h2>\n<h2>Cum verifici rezultatele Keno de azi \u00een Belgia?<\/h2>\n<p>Pentru a <strong>r\u0103m\u00e2ne la curent cu cele mai noi rezultate Belgian Keno<\/strong>, juc\u0103torii pot accesa cu u\u0219urin\u021b\u0103 informa\u021biile prin diverse platforme. Cea mai de \u00eencredere surs\u0103 este site-ul oficial al Loteriei Na\u021bionale din Belgia, unde po\u021bi g\u0103si numerele c\u00e2\u0219tig\u0103toare la scurt timp dup\u0103 fiecare extragere. \u00cen plus, multe aplica\u021bii \u0219i site-uri de loterie ofer\u0103 actualiz\u0103ri \u00een timp real, asigur\u00e2ndu-se c\u0103 juc\u0103torii pot verifica rapid \u0219i comod biletele lor.<\/p>\n<h3><img loading=\"lazy\" decoding=\"async\" class=\"alignleft wp-image-5808\" src=\"https:\/\/lottomat.com\/wp-content\/uploads\/2025\/03\/Mega-Millions-drawings.png\" alt=\"Rezultate Belgian Keno\" width=\"130\" height=\"130\" srcset=\"https:\/\/lottomat.com\/wp-content\/uploads\/2025\/03\/Mega-Millions-drawings.png 400w, https:\/\/lottomat.com\/wp-content\/uploads\/2025\/03\/Mega-Millions-drawings-300x300.png 300w, https:\/\/lottomat.com\/wp-content\/uploads\/2025\/03\/Mega-Millions-drawings-150x150.png 150w, https:\/\/lottomat.com\/wp-content\/uploads\/2025\/03\/Mega-Millions-drawings-100x100.png 100w\" sizes=\"auto, (max-width: 130px) 100vw, 130px\" \/>Verific\u0103 numerele c\u00e2\u0219tig\u0103toare Belgian Keno de ast\u0103zi pe Lottomat!<\/h3>\n<p>Lottomat este platforma de \u00eencredere pentru <strong>verificarea numerelor c\u00e2\u0219tig\u0103toare Belgian Keno de ast\u0103zi<\/strong>. Site-ul afi\u0219eaz\u0103 cele mai recente rezultate, \u00eempreun\u0103 cu informa\u021bii detaliate despre extragere. Vizit\u00e2nd Lottomat, juc\u0103torii pot confirma dac\u0103 numerele selectate de ei sunt c\u00e2\u0219tig\u0103toare \u0219i pot accesa rezultatele anterioare pentru analize suplimentare.<\/p>\n<h2>C\u00e2nd au loc extragerile cu rezultatele Belgian Keno?<\/h2>\n<p>Extragerile Belgian Keno au loc zilnic, pe tot parcursul s\u0103pt\u0103m\u00e2nii, oferind numeroase oportunit\u0103\u021bi pentru juc\u0103tori. Programul extragerilor este urm\u0103torul:<\/p>\n<ul>\n<li><strong>Luni, Miercuri, Joi, S\u00e2mb\u0103t\u0103:<\/strong> Extragere la ora 19:00<\/li>\n<li><strong>Mar\u021bi \u0219i Vineri:<\/strong> Extragere la ora 20:00<\/li>\n<li><strong>Duminic\u0103:<\/strong> Extragere la ora 13:00<\/li>\n<\/ul>\n<p>Rezultatele sunt publicate de obicei la scurt timp dup\u0103 fiecare extragere, permi\u021b\u00e2nd juc\u0103torilor s\u0103 \u00ee\u0219i verifice biletele aproape imediat.<\/p>\n<h2>Arhiv\u0103 cu rezultate Belgian Keno \u0219i numere c\u00e2\u0219tig\u0103toare<\/h2>\n<p>Pentru cei care apreciaz\u0103 analiza tendin\u021belor \u0219i a tiparelor numerelor c\u00e2\u0219tig\u0103toare, Lottomat p\u0103streaz\u0103 \u0219i o <a href=\"https:\/\/lottomat.com\/ro\/keno-rezultate\/\">arhiv\u0103 cu rezultate Keno anterioare<\/a>. Aceast\u0103 arhiv\u0103 le permite juc\u0103torilor s\u0103 revad\u0103 extragerile trecute pentru a vedea care numere au fost extrase cel mai frecvent. Accesarea acestor date istorice poate fi util\u0103 pentru cei care doresc s\u0103 \u00ee\u0219i construiasc\u0103 o strategie de selec\u021bie a numerelor bazat\u0103 pe rezultate anterioare.<\/p>\n<h2>Numere C\u00e2\u0219tig\u0103toare Belgian Keno<\/h2>\n<p>Juc\u0103torii analizeaz\u0103 adesea numerele c\u00e2\u0219tig\u0103toare \u00een \u00eencercarea de a descoperi tipare sau strategii ce le-ar putea cre\u0219te \u0219ansele de c\u00e2\u0219tig. Mul\u021bi entuzia\u0219ti se concentreaz\u0103 pe &#8222;numerele fierbin\u021bi&#8221; \u0219i &#8222;numerele reci&#8221; \u2013 numerele fierbin\u021bi sunt cele care au fost extrase frecvent \u00een ultimele jocuri, \u00een timp ce numerele reci au fost extrase mai rar. Studiind aceste tendin\u021be, juc\u0103torii sper\u0103 s\u0103 fac\u0103 alegeri mai inspirate la urm\u0103toarele extrageri.<img loading=\"lazy\" decoding=\"async\" class=\"alignright wp-image-5779\" src=\"https:\/\/lottomat.com\/wp-content\/uploads\/2025\/03\/jackpots-in-Mega-Millions.png\" alt=\"Numere C\u00e2\u0219tig\u0103toare Belgian Keno\" width=\"130\" height=\"130\" srcset=\"https:\/\/lottomat.com\/wp-content\/uploads\/2025\/03\/jackpots-in-Mega-Millions.png 400w, https:\/\/lottomat.com\/wp-content\/uploads\/2025\/03\/jackpots-in-Mega-Millions-300x300.png 300w, https:\/\/lottomat.com\/wp-content\/uploads\/2025\/03\/jackpots-in-Mega-Millions-150x150.png 150w, https:\/\/lottomat.com\/wp-content\/uploads\/2025\/03\/jackpots-in-Mega-Millions-100x100.png 100w\" sizes=\"auto, (max-width: 130px) 100vw, 130px\" \/><\/p>\n<h3>Rezultate Keno Belgia \u2013 Cele mai frecvent extrase numere<\/h3>\n<p>Cunoa\u0219terea numerelor care apar cel mai des poate oferi un avantaj celor care vor s\u0103 \u00ee\u0219i m\u0103reasc\u0103 \u0219ansele de c\u00e2\u0219tig.<\/p>\n<p><strong>Iat\u0103 cinci dintre cele mai frecvent extrase numere \u00een jocurile Belgian Keno recente:<\/strong><\/p>\n<ol>\n<li><strong>18<\/strong><\/li>\n<li><strong>6<\/strong><\/li>\n<li><strong>15<\/strong><\/li>\n<li><strong>60<\/strong><\/li>\n<li><strong>51<\/strong><\/li>\n<\/ol>\n<p>Juc\u0103torii urm\u0103resc adesea aceste \u201enumere fierbin\u021bi\u201d pentru a le include \u00een selec\u021biile lor, crez\u00e2nd c\u0103 ar putea ap\u0103rea \u0219i la extragerile viitoare.<\/p>\n<h3>Rezultate Keno Belgia \u2013 Cele mai rar extrase numere<\/h3>\n<p>Pe de alt\u0103 parte, unii juc\u0103tori aleg s\u0103 se concentreze pe \u201enumerele reci\u201d \u2013 cele care au fost extrase mai rar.<\/p>\n<p><strong>Iat\u0103 cinci dintre cele mai rar extrase numere \u00een ultimele jocuri:<\/strong><\/p>\n<ol>\n<li><strong>22<\/strong><\/li>\n<li><strong>40<\/strong><\/li>\n<li><strong>43<\/strong><\/li>\n<li><strong>18<\/strong><\/li>\n<li><strong>4<\/strong><\/li>\n<\/ol>\n<p>Teoria din spatele acestei strategii este c\u0103 numerele reci ar putea fi \u201erestante\u201d \u0219i ar putea ie\u0219i dup\u0103 o absen\u021b\u0103 \u00eendelungat\u0103 din rezultate. Indiferent dac\u0103 preferi numerele fierbin\u021bi sau reci, analiza rezultatelor anterioare poate ad\u0103uga un plus de interes jocului t\u0103u.<\/p>\n<h2><img loading=\"lazy\" decoding=\"async\" class=\"alignleft wp-image-5866\" src=\"https:\/\/lottomat.com\/wp-content\/uploads\/2025\/03\/Prizes-in-Mega-Millions.png\" alt=\"Rezultate Keno Belgia\" width=\"130\" height=\"130\" srcset=\"https:\/\/lottomat.com\/wp-content\/uploads\/2025\/03\/Prizes-in-Mega-Millions.png 400w, https:\/\/lottomat.com\/wp-content\/uploads\/2025\/03\/Prizes-in-Mega-Millions-300x300.png 300w, https:\/\/lottomat.com\/wp-content\/uploads\/2025\/03\/Prizes-in-Mega-Millions-150x150.png 150w, https:\/\/lottomat.com\/wp-content\/uploads\/2025\/03\/Prizes-in-Mega-Millions-100x100.png 100w\" sizes=\"auto, (max-width: 130px) 100vw, 130px\" \/>Este posibil s\u0103 prezici numerele c\u00e2\u0219tig\u0103toare la Keno?<\/h2>\n<p>De\u0219i mul\u021bi juc\u0103tori \u00eencearc\u0103 s\u0103 prezic\u0103 numerele c\u00e2\u0219tig\u0103toare analiz\u00e2nd datele istorice \u0219i tendin\u021bele, este important de re\u021binut c\u0103 Keno este, \u00een cele din urm\u0103, un joc de noroc. Fiecare extragere este independent\u0103 de cele anterioare; prin urmare, nicio metod\u0103 nu poate garanta un c\u00e2\u0219tig. Totu\u0219i, folosirea strategiilor bazate pe numere fierbin\u021bi \u0219i reci poate face jocul mai captivant \u0219i mai distractiv.<\/p>\n<p>Verificarea rezultatelor Belgian Keno este o parte esen\u021bial\u0103 a particip\u0103rii la acest joc palpitant. Cu extrageri zilnice \u0219i acces rapid la numerele c\u00e2\u0219tig\u0103toare prin platforme precum <a href=\"https:\/\/lottomat.com\/ro\/\">Lottomat<\/a>, juc\u0103torii pot fi mereu la curent cu \u0219ansele lor de c\u00e2\u0219tig. Fie c\u0103 alegi s\u0103 analizezi numerele fierbin\u021bi \u0219i reci, fie c\u0103 te la\u0219i purtat de emo\u021biile jocului, Belgian Keno ofer\u0103 o experien\u021b\u0103 deosebit\u0103, cu multe ocazii de distrac\u021bie \u0219i c\u00e2\u0219tiguri poten\u021biale. A\u0219a c\u0103 adun\u0103-\u021bi numerele norocoase \u0219i intr\u0103 \u0219i tu \u00een joc!<\/p>\n<p>Nu-\u021bi pierde timpul \u0219i <a href=\"https:\/\/lottomat.com\/play\/belgian-keno\/\">cump\u0103r\u0103 bilete Belgian Keno online<\/a> pe site-ul nostru. Este simplu \u0219i distractiv!<\/p>\n","protected":false},"excerpt":{"rendered":"<p>Cum verifici rezultatele Keno de azi \u00een Belgia? Pentru a r\u0103m\u00e2ne la curent cu cele mai noi rezultate Belgian Keno, juc\u0103torii pot accesa cu u\u0219urin\u021b\u0103 informa\u021biile prin diverse platforme. Cea mai de \u00eencredere surs\u0103 este site-ul oficial al Loteriei Na\u021bionale din Belgia, unde po\u021bi g\u0103si numerele c\u00e2\u0219tig\u0103toare la scurt timp dup\u0103 fiecare extragere. \u00cen plus, [&hellip;]<\/p>\n","protected":false},"author":2,"featured_media":0,"parent":7448,"menu_order":0,"comment_status":"closed","ping_status":"closed","template":"","meta":{"_et_pb_use_builder":"","_et_pb_old_content":"","_et_gb_content_width":"","exclude_from_search":false,"footnotes":""},"class_list":["post-249447","page","type-page","status-publish","hentry"],"yoast_head":"<!-- This site is optimized with the Yoast SEO plugin v23.8 - https:\/\/yoast.com\/wordpress\/plugins\/seo\/ -->\n<title>Rezultate Belgian Keno &amp; Numere C\u00e2\u0219tig\u0103toare - Lottomat<\/title>\n<meta name=\"description\" content=\"Verific\u0103 cele mai recente rezultate Belgian Keno. Compar\u0103-\u021bi numerele cu numerele c\u00e2\u0219tig\u0103toare oficiale la Keno Belgia.\" \/>\n<meta name=\"robots\" content=\"index, follow, max-snippet:-1, max-image-preview:large, max-video-preview:-1\" \/>\n<link rel=\"canonical\" href=\"https:\/\/lottomat.com\/ro\/rezultate\/belgian-keno\/\" \/>\n<meta property=\"og:locale\" content=\"ro_RO\" \/>\n<meta property=\"og:type\" content=\"article\" \/>\n<meta property=\"og:title\" content=\"Rezultate Belgian Keno &amp; Numere C\u00e2\u0219tig\u0103toare - Lottomat\" \/>\n<meta property=\"og:description\" content=\"Verific\u0103 cele mai recente rezultate Belgian Keno. Compar\u0103-\u021bi numerele cu numerele c\u00e2\u0219tig\u0103toare oficiale la Keno Belgia.\" \/>\n<meta property=\"og:url\" content=\"https:\/\/lottomat.com\/ro\/rezultate\/belgian-keno\/\" \/>\n<meta property=\"og:site_name\" content=\"Lottomat\" \/>\n<meta property=\"article:modified_time\" content=\"2025-08-12T08:06:49+00:00\" \/>\n<meta property=\"og:image\" content=\"https:\/\/lottomat.com\/wp-content\/uploads\/2025\/08\/Romanian.png\" \/>\n<meta name=\"twitter:card\" content=\"summary_large_image\" \/>\n<meta name=\"twitter:label1\" content=\"Timp estimat pentru citire\" \/>\n\t<meta name=\"twitter:data1\" content=\"4 minute\" \/>\n<script type=\"application\/ld+json\" class=\"yoast-schema-graph\">{\"@context\":\"https:\/\/schema.org\",\"@graph\":[{\"@type\":\"WebPage\",\"@id\":\"https:\/\/lottomat.com\/ro\/rezultate\/belgian-keno\/\",\"url\":\"https:\/\/lottomat.com\/ro\/rezultate\/belgian-keno\/\",\"name\":\"Rezultate Belgian Keno & Numere C\u00e2\u0219tig\u0103toare - Lottomat\",\"isPartOf\":{\"@id\":\"https:\/\/lottomat.com\/ro\/#website\"},\"primaryImageOfPage\":{\"@id\":\"https:\/\/lottomat.com\/ro\/rezultate\/belgian-keno\/#primaryimage\"},\"image\":{\"@id\":\"https:\/\/lottomat.com\/ro\/rezultate\/belgian-keno\/#primaryimage\"},\"thumbnailUrl\":\"https:\/\/lottomat.com\/wp-content\/uploads\/2025\/08\/Romanian.png\",\"datePublished\":\"2025-08-08T09:59:33+00:00\",\"dateModified\":\"2025-08-12T08:06:49+00:00\",\"description\":\"Verific\u0103 cele mai recente rezultate Belgian Keno. Compar\u0103-\u021bi numerele cu numerele c\u00e2\u0219tig\u0103toare oficiale la Keno Belgia.\",\"breadcrumb\":{\"@id\":\"https:\/\/lottomat.com\/ro\/rezultate\/belgian-keno\/#breadcrumb\"},\"inLanguage\":\"ro-RO\",\"potentialAction\":[{\"@type\":\"ReadAction\",\"target\":[\"https:\/\/lottomat.com\/ro\/rezultate\/belgian-keno\/\"]}]},{\"@type\":\"ImageObject\",\"inLanguage\":\"ro-RO\",\"@id\":\"https:\/\/lottomat.com\/ro\/rezultate\/belgian-keno\/#primaryimage\",\"url\":\"https:\/\/lottomat.com\/wp-content\/uploads\/2025\/08\/Romanian.png\",\"contentUrl\":\"https:\/\/lottomat.com\/wp-content\/uploads\/2025\/08\/Romanian.png\"},{\"@type\":\"BreadcrumbList\",\"@id\":\"https:\/\/lottomat.com\/ro\/rezultate\/belgian-keno\/#breadcrumb\",\"itemListElement\":[{\"@type\":\"ListItem\",\"position\":1,\"name\":\"Home\",\"item\":\"https:\/\/lottomat.com\/ro\/\"},{\"@type\":\"ListItem\",\"position\":2,\"name\":\"Rezultate la loterie &#038; Numere c\u00e2\u0219tig\u0103toare la loto\",\"item\":\"https:\/\/lottomat.com\/ro\/rezultate\/\"},{\"@type\":\"ListItem\",\"position\":3,\"name\":\"Rezultate Belgian Keno &#038; Numere C\u00e2\u0219tig\u0103toare\"}]},{\"@type\":\"WebSite\",\"@id\":\"https:\/\/lottomat.com\/ro\/#website\",\"url\":\"https:\/\/lottomat.com\/ro\/\",\"name\":\"Lottomat\",\"description\":\"\",\"potentialAction\":[{\"@type\":\"SearchAction\",\"target\":{\"@type\":\"EntryPoint\",\"urlTemplate\":\"https:\/\/lottomat.com\/ro\/?s={search_term_string}\"},\"query-input\":{\"@type\":\"PropertyValueSpecification\",\"valueRequired\":true,\"valueName\":\"search_term_string\"}}],\"inLanguage\":\"ro-RO\"}]}<\/script>\n<!-- \/ Yoast SEO plugin. -->","yoast_head_json":{"title":"Rezultate Belgian Keno & Numere C\u00e2\u0219tig\u0103toare - Lottomat","description":"Verific\u0103 cele mai recente rezultate Belgian Keno. Compar\u0103-\u021bi numerele cu numerele c\u00e2\u0219tig\u0103toare oficiale la Keno Belgia.","robots":{"index":"index","follow":"follow","max-snippet":"max-snippet:-1","max-image-preview":"max-image-preview:large","max-video-preview":"max-video-preview:-1"},"canonical":"https:\/\/lottomat.com\/ro\/rezultate\/belgian-keno\/","og_locale":"ro_RO","og_type":"article","og_title":"Rezultate Belgian Keno & Numere C\u00e2\u0219tig\u0103toare - Lottomat","og_description":"Verific\u0103 cele mai recente rezultate Belgian Keno. Compar\u0103-\u021bi numerele cu numerele c\u00e2\u0219tig\u0103toare oficiale la Keno Belgia.","og_url":"https:\/\/lottomat.com\/ro\/rezultate\/belgian-keno\/","og_site_name":"Lottomat","article_modified_time":"2025-08-12T08:06:49+00:00","og_image":[{"url":"https:\/\/lottomat.com\/wp-content\/uploads\/2025\/08\/Romanian.png"}],"twitter_card":"summary_large_image","twitter_misc":{"Timp estimat pentru citire":"4 minute"},"schema":{"@context":"https:\/\/schema.org","@graph":[{"@type":"WebPage","@id":"https:\/\/lottomat.com\/ro\/rezultate\/belgian-keno\/","url":"https:\/\/lottomat.com\/ro\/rezultate\/belgian-keno\/","name":"Rezultate Belgian Keno & Numere C\u00e2\u0219tig\u0103toare - Lottomat","isPartOf":{"@id":"https:\/\/lottomat.com\/ro\/#website"},"primaryImageOfPage":{"@id":"https:\/\/lottomat.com\/ro\/rezultate\/belgian-keno\/#primaryimage"},"image":{"@id":"https:\/\/lottomat.com\/ro\/rezultate\/belgian-keno\/#primaryimage"},"thumbnailUrl":"https:\/\/lottomat.com\/wp-content\/uploads\/2025\/08\/Romanian.png","datePublished":"2025-08-08T09:59:33+00:00","dateModified":"2025-08-12T08:06:49+00:00","description":"Verific\u0103 cele mai recente rezultate Belgian Keno. Compar\u0103-\u021bi numerele cu numerele c\u00e2\u0219tig\u0103toare oficiale la Keno Belgia.","breadcrumb":{"@id":"https:\/\/lottomat.com\/ro\/rezultate\/belgian-keno\/#breadcrumb"},"inLanguage":"ro-RO","potentialAction":[{"@type":"ReadAction","target":["https:\/\/lottomat.com\/ro\/rezultate\/belgian-keno\/"]}]},{"@type":"ImageObject","inLanguage":"ro-RO","@id":"https:\/\/lottomat.com\/ro\/rezultate\/belgian-keno\/#primaryimage","url":"https:\/\/lottomat.com\/wp-content\/uploads\/2025\/08\/Romanian.png","contentUrl":"https:\/\/lottomat.com\/wp-content\/uploads\/2025\/08\/Romanian.png"},{"@type":"BreadcrumbList","@id":"https:\/\/lottomat.com\/ro\/rezultate\/belgian-keno\/#breadcrumb","itemListElement":[{"@type":"ListItem","position":1,"name":"Home","item":"https:\/\/lottomat.com\/ro\/"},{"@type":"ListItem","position":2,"name":"Rezultate la loterie &#038; Numere c\u00e2\u0219tig\u0103toare la loto","item":"https:\/\/lottomat.com\/ro\/rezultate\/"},{"@type":"ListItem","position":3,"name":"Rezultate Belgian Keno &#038; Numere C\u00e2\u0219tig\u0103toare"}]},{"@type":"WebSite","@id":"https:\/\/lottomat.com\/ro\/#website","url":"https:\/\/lottomat.com\/ro\/","name":"Lottomat","description":"","potentialAction":[{"@type":"SearchAction","target":{"@type":"EntryPoint","urlTemplate":"https:\/\/lottomat.com\/ro\/?s={search_term_string}"},"query-input":{"@type":"PropertyValueSpecification","valueRequired":true,"valueName":"search_term_string"}}],"inLanguage":"ro-RO"}]}},"_links":{"self":[{"href":"https:\/\/lottomat.com\/ro\/wp-json\/wp\/v2\/pages\/249447","targetHints":{"allow":["GET"]}}],"collection":[{"href":"https:\/\/lottomat.com\/ro\/wp-json\/wp\/v2\/pages"}],"about":[{"href":"https:\/\/lottomat.com\/ro\/wp-json\/wp\/v2\/types\/page"}],"author":[{"embeddable":true,"href":"https:\/\/lottomat.com\/ro\/wp-json\/wp\/v2\/users\/2"}],"replies":[{"embeddable":true,"href":"https:\/\/lottomat.com\/ro\/wp-json\/wp\/v2\/comments?post=249447"}],"version-history":[{"count":0,"href":"https:\/\/lottomat.com\/ro\/wp-json\/wp\/v2\/pages\/249447\/revisions"}],"up":[{"embeddable":true,"href":"https:\/\/lottomat.com\/ro\/wp-json\/wp\/v2\/pages\/7448"}],"wp:attachment":[{"href":"https:\/\/lottomat.com\/ro\/wp-json\/wp\/v2\/media?parent=249447"}],"curies":[{"name":"wp","href":"https:\/\/api.w.org\/{rel}","templated":true}]}}