{"id":249437,"date":"2025-08-04T08:48:13","date_gmt":"2025-08-04T08:48:13","guid":{"rendered":"https:\/\/lottomat.com\/?page_id=249437"},"modified":"2025-08-12T07:46:25","modified_gmt":"2025-08-12T07:46:25","slug":"keno-loterii","status":"publish","type":"page","link":"https:\/\/lottomat.com\/ro\/keno-loterii\/","title":{"rendered":"Premii \u0219i Jackpot Keno \u2013 Reguli Keno"},"content":{"rendered":"\n\n<div class=\"kk-star-ratings kksr-auto kksr-align-left kksr-valign-top\"\n    data-payload='{&quot;align&quot;:&quot;left&quot;,&quot;id&quot;:&quot;249437&quot;,&quot;slug&quot;:&quot;default&quot;,&quot;valign&quot;:&quot;top&quot;,&quot;ignore&quot;:&quot;&quot;,&quot;reference&quot;:&quot;auto&quot;,&quot;class&quot;:&quot;&quot;,&quot;count&quot;:&quot;0&quot;,&quot;legendonly&quot;:&quot;&quot;,&quot;readonly&quot;:&quot;&quot;,&quot;score&quot;:&quot;0&quot;,&quot;starsonly&quot;:&quot;&quot;,&quot;best&quot;:&quot;5&quot;,&quot;gap&quot;:&quot;5&quot;,&quot;greet&quot;:&quot;Rate this page&quot;,&quot;legend&quot;:&quot;0\\\/5 - (0 votes)&quot;,&quot;size&quot;:&quot;30&quot;,&quot;title&quot;:&quot;Premii \u0219i Jackpot Keno \u2013 Reguli Keno&quot;,&quot;width&quot;:&quot;0&quot;,&quot;_legend&quot;:&quot;{score}\\\/{best} - ({count} {votes})&quot;,&quot;font_factor&quot;:&quot;1.25&quot;}'>\n            \n<div class=\"kksr-stars\">\n    \n<div class=\"kksr-stars-inactive\">\n            <div class=\"kksr-star\" data-star=\"1\" style=\"padding-right: 5px\">\n            \n\n<div class=\"kksr-icon\" style=\"width: 30px; height: 30px;\"><\/div>\n        <\/div>\n            <div class=\"kksr-star\" data-star=\"2\" style=\"padding-right: 5px\">\n            \n\n<div class=\"kksr-icon\" style=\"width: 30px; height: 30px;\"><\/div>\n        <\/div>\n            <div class=\"kksr-star\" data-star=\"3\" style=\"padding-right: 5px\">\n            \n\n<div class=\"kksr-icon\" style=\"width: 30px; height: 30px;\"><\/div>\n        <\/div>\n            <div class=\"kksr-star\" data-star=\"4\" style=\"padding-right: 5px\">\n            \n\n<div class=\"kksr-icon\" style=\"width: 30px; height: 30px;\"><\/div>\n        <\/div>\n            <div class=\"kksr-star\" data-star=\"5\" style=\"padding-right: 5px\">\n            \n\n<div class=\"kksr-icon\" style=\"width: 30px; height: 30px;\"><\/div>\n        <\/div>\n    <\/div>\n    \n<div class=\"kksr-stars-active\" style=\"width: 0px;\">\n            <div class=\"kksr-star\" style=\"padding-right: 5px\">\n            \n\n<div class=\"kksr-icon\" style=\"width: 30px; height: 30px;\"><\/div>\n        <\/div>\n            <div class=\"kksr-star\" style=\"padding-right: 5px\">\n            \n\n<div class=\"kksr-icon\" style=\"width: 30px; height: 30px;\"><\/div>\n        <\/div>\n            <div class=\"kksr-star\" style=\"padding-right: 5px\">\n            \n\n<div class=\"kksr-icon\" style=\"width: 30px; height: 30px;\"><\/div>\n        <\/div>\n            <div class=\"kksr-star\" style=\"padding-right: 5px\">\n            \n\n<div class=\"kksr-icon\" style=\"width: 30px; height: 30px;\"><\/div>\n        <\/div>\n            <div class=\"kksr-star\" style=\"padding-right: 5px\">\n            \n\n<div class=\"kksr-icon\" style=\"width: 30px; height: 30px;\"><\/div>\n        <\/div>\n    <\/div>\n<\/div>\n                \n\n<div class=\"kksr-legend\" style=\"font-size: 24px;\">\n            <span class=\"kksr-muted\">Rate this page<\/span>\n    <\/div>\n    <\/div>\n<p><a href=\"https:\/\/lottomat.com\/ro\/joaca\/\"><img loading=\"lazy\" decoding=\"async\" class=\"aligncenter wp-image-249397 size-full\" src=\"https:\/\/lottomat.com\/wp-content\/uploads\/2025\/08\/Romanian.png\" alt=\"Reguli Keno\" width=\"1140\" height=\"179\" srcset=\"https:\/\/lottomat.com\/wp-content\/uploads\/2025\/08\/Romanian.png 1140w, https:\/\/lottomat.com\/wp-content\/uploads\/2025\/08\/Romanian-980x154.png 980w, https:\/\/lottomat.com\/wp-content\/uploads\/2025\/08\/Romanian-480x75.png 480w\" sizes=\"auto, (min-width: 0px) and (max-width: 480px) 480px, (min-width: 481px) and (max-width: 980px) 980px, (min-width: 981px) 1140px, 100vw\" \/><\/a><br \/>Pe site-ul Lottomat, po\u021bi juca pentru premii Keno foarte atractive. Alege una dintre loteriile noastre Keno sau joac\u0103-le pe toate! Fiecare are propriile reguli unice \u0219i ofer\u0103 recompense diferite. Afl\u0103 caracteristicile lor \u0219i <a href=\"https:\/\/lottomat.com\/ro\/keno\/\">joac\u0103 Keno online pe site-ul nostru<\/a>. Dac\u0103 <a href=\"https:\/\/lottomat.com\/ro\/keno-rezultate\/\">ultimele rezultate Keno<\/a> \u00ee\u021bi sunt favorabile \u2013 premiile vor fi ale tale!<\/p>\r\n<!-- \/wp:post-content -->\r\n\r\n<!-- wp:paragraph -->\r\n<p>Tabelul de mai jos prezint\u0103 informa\u021bii-cheie despre regulile Keno \u0219i c\u00e2\u0219tigurile maxime. Apas\u0103 s\u0103geata de l\u00e2ng\u0103 \u201eJackpot estimat\u201d pentru a sorta premiile Keno de la cele mai mari la cele mai mici sau invers.<\/p>\r\n<!-- \/wp:paragraph -->\r\n\r\n<!-- wp:more \/-->\r\n\r\n<!-- wp:heading -->\r\n<h2 class=\"wp-block-heading\"><img loading=\"lazy\" decoding=\"async\" class=\"alignleft wp-image-5128\" src=\"https:\/\/lottomat.com\/wp-content\/uploads\/2025\/03\/Historical-Draws-and-Thunderball-Results-150x150.png\" alt=\"Reguli Keno\" width=\"130\" height=\"130\" srcset=\"https:\/\/lottomat.com\/wp-content\/uploads\/2025\/03\/Historical-Draws-and-Thunderball-Results-150x150.png 150w, https:\/\/lottomat.com\/wp-content\/uploads\/2025\/03\/Historical-Draws-and-Thunderball-Results-300x300.png 300w, https:\/\/lottomat.com\/wp-content\/uploads\/2025\/03\/Historical-Draws-and-Thunderball-Results-100x100.png 100w, https:\/\/lottomat.com\/wp-content\/uploads\/2025\/03\/Historical-Draws-and-Thunderball-Results.png 400w\" sizes=\"auto, (max-width: 130px) 100vw, 130px\" \/>O privire detaliat\u0103 asupra Keno: Premii, Reguli<\/h2>\r\n<!-- \/wp:heading -->\r\n\r\n<!-- wp:paragraph -->\r\n<p>Keno este un joc de loterie palpitant, care \u00eenc\u00e2nt\u0103 juc\u0103torii din \u00eentreaga lume de secole. Regulile sale simple, \u0219ansa unor premii generoase \u0219i emo\u021bia extragerii numerelor fac din Keno o alegere popular\u0103 printre pasiona\u021bii de loterie. Aici vom explora regulile generale Keno, regulile specifice diferitelor jocuri Keno, ghidul de plat\u0103 a premiilor \u0219i premiile atractive care pot fi c\u00e2\u0219tigate.<\/p>\r\n<h2>Reguli Keno: Elemente de baz\u0103<\/h2>\r\n<p>Keno este un joc de tip loterie \u00een care juc\u0103torii aleg numere dintr-un interval specificat \u0219i sper\u0103 ca numerele alese s\u0103 coincid\u0103 cu cele extrase la \u00eent\u00e2mplare. Iat\u0103 un ghid pas cu pas pentru a \u00een\u021belege regulile generale Keno:<\/p>\r\n<!-- \/wp:paragraph -->\r\n\r\n<!-- wp:image {\"align\":\"left\",\"id\":186847,\"width\":130,\"height\":130,\"sizeSlug\":\"full\",\"linkDestination\":\"none\"} -->\r\n<figure class=\"wp-block-image alignleft size-full is-resized\"><\/figure>\r\n<!-- \/wp:image -->\r\n\r\n<!-- wp:heading \/-->\r\n\r\n<!-- wp:paragraph \/-->\r\n\r\n<!-- wp:list -->\r\n<ul>\r\n<li style=\"list-style-type: none;\">\r\n<ul><!-- wp:list-item -->\r\n<li><strong>Alege Numerele Tale \u2013 <\/strong>Juc\u0103torii selecteaz\u0103 un set de numere dintr-un interval, de obicei de la 1 la 80. \u00cen func\u021bie de jocul Keno, po\u021bi alege \u00eentre 1 \u0219i 20 de numere.<\/li>\r\n<li><strong>Alege op\u021biunea Multiplicator \u2013 <\/strong>Dac\u0103 vrei s\u0103 c\u00e2\u0219tigi mai mult, po\u021bi folosi op\u021biunea Multiplicator. Cu c\u00e2t multiplicatorul este mai mare, cu at\u00e2t c\u00e2\u0219tigul cre\u0219te.<\/li>\r\n<li><strong>A\u0219teapt\u0103 Extragerea \u2013 <\/strong>La o extragere Keno, 20 de numere sunt selectate la \u00eent\u00e2mplare dintr-un total de 70\/80\/90. Aceste numere sunt extrase fie cu ajutorul unui generator aleator de numere, fie cu o ma\u0219in\u0103 tradi\u021bional\u0103 cu bile.<\/li>\r\n<li><strong>Verific\u0103 Numerele Potrivite \u2013 <\/strong>Dup\u0103 extragere, compar\u0103 numerele extrase cu cele selectate de tine. Cu c\u00e2t potrive\u0219ti mai multe numere, cu at\u00e2t premiul t\u0103u este mai mare.<\/li>\r\n<\/ul>\r\n<\/li>\r\n<\/ul>\r\n<h2>Reguli Specifice Jocurilor Keno<img loading=\"lazy\" decoding=\"async\" class=\"alignright wp-image-5336\" src=\"https:\/\/lottomat.com\/wp-content\/uploads\/2025\/03\/The-British-Thunderball-Lottery-150x150.png\" alt=\"Reguli joc Keno\" width=\"130\" height=\"130\" srcset=\"https:\/\/lottomat.com\/wp-content\/uploads\/2025\/03\/The-British-Thunderball-Lottery-150x150.png 150w, https:\/\/lottomat.com\/wp-content\/uploads\/2025\/03\/The-British-Thunderball-Lottery-300x300.png 300w, https:\/\/lottomat.com\/wp-content\/uploads\/2025\/03\/The-British-Thunderball-Lottery-100x100.png 100w, https:\/\/lottomat.com\/wp-content\/uploads\/2025\/03\/The-British-Thunderball-Lottery.png 400w\" sizes=\"auto, (max-width: 130px) 100vw, 130px\" \/><\/h2>\r\n<p>Fiecare joc Keno are propriile reguli specifice, \u00een special privind num\u0103rul de numere pe care le po\u021bi alege. Iat\u0103 c\u00e2teva exemple:<\/p>\r\n<h3>Reguli Keno Ungaria<\/h3>\r\n<p>La Keno Ungaria, juc\u0103torii pot alege \u00eentre 1 \u0219i 10 numere dintr-un total de 80. Aceast\u0103 flexibilitate permite strategii \u0219i mize variate. Dac\u0103 vrei s\u0103 afli mai multe \u2013 <a href=\"https:\/\/lottomat.com\/lotteries\/hungarian-keno\/\">verific\u0103 premiile \u0219i regulile Keno Ungaria<\/a>.<\/p>\r\n<h3>Reguli Keno Slovacia<\/h3>\r\n<p>La Keno Slovacia, juc\u0103torii aleg \u00eentre 1 \u0219i 7 numere dintr-un total de 80. Intervalul mai mic de selec\u021bie poate face jocul mai rapid \u0219i mai dinamic. Apas\u0103 aici \u0219i afl\u0103 mai multe despre premiile \u0219i regulile Keno Slovacia pe site-ul nostru.<\/p>\r\n<h3>Op\u021biunea Multiplicator<\/h3>\r\n<p>Pe l\u00e2ng\u0103 selectarea numerelor, multe jocuri Keno ofer\u0103 op\u021biunea de multiplicator. Aceast\u0103 func\u021bie permite juc\u0103torilor s\u0103 \u00ee\u0219i m\u0103reasc\u0103 poten\u021bialul c\u00e2\u0219tig printr-un factor specificat. De exemplu, unele loterii ofer\u0103 multiplicatori de la 1 la 10, iar altele de la 1 la 5. Alegerea unui multiplicator mai mare poate cre\u0219te semnificativ c\u00e2\u0219tigurile, ad\u0103ug\u00e2nd un plus de adrenalin\u0103 jocului.<\/p>\r\n<h2>Ghidul de plat\u0103 a premiilor Keno<\/h2>\r\n<p>C\u00e2nd joci Keno, este esen\u021bial s\u0103 \u00een\u021belegi regulile de plat\u0103 a premiilor. Aceste reguli pot varia \u00een func\u021bie de faptul c\u0103 joci Keno fizic sau online.<\/p>\r\n<h3>Plata premiilor la Keno tradi\u021bional<\/h3>\r\n<p>Pentru juc\u0103torii care particip\u0103 la jocurile Keno tradi\u021bionale, este important s\u0103 verifici regulile de plat\u0103 a premiilor din \u021bara \u00een care joci. Acest lucru conteaz\u0103 \u00een special pentru termenele limit\u0103 de revendicare a premiilor \u0219i eventualele taxe aplicabile c\u00e2\u0219tigurilor.<\/p>\r\n<h3>Plata premiilor Keno pe Lottomat<\/h3>\r\n<p>Juc\u00e2nd Keno online pe Lottomat ai parte de o modalitate comod\u0103 \u0219i sigur\u0103 de a te bucura de joc. Iat\u0103 regulile de plat\u0103 pe Lottomat:<\/p>\r\n<ul>\r\n<li><strong>C\u00e2\u0219tiguri de p\u00e2n\u0103 la 2.500 USD: <\/strong>Acestea sunt virate automat \u00een contul t\u0103u Lottomat la cursul de schimb actual.<\/li>\r\n<li><strong>C\u00e2\u0219tiguri peste 2.500 USD:<\/strong> Acestea sunt gestionate individual. Poate fi nevoie s\u0103 prezin\u021bi documente suplimentare sau chiar s\u0103 te prezin\u021bi personal pentru a-\u021bi ridica premiul. LottoPark te va informa cu privire la toate procedurile necesare, iar tu \u00ee\u021bi asumi s\u0103 completezi orice ac\u021biune cerut\u0103, s\u0103 depui documente sau s\u0103 semnezi acorduri pentru a-\u021bi revendica c\u00e2\u0219tigurile.<\/li>\r\n<\/ul>\r\n<h2>Premii Keno: Recompense atractive te a\u0219teapt\u0103<\/h2>\r\n<p>Loteriile Keno ofer\u0103 premii tentante, cu \u0219ansa unor c\u00e2\u0219tiguri substan\u021biale. Suma pe care o po\u021bi c\u00e2\u0219tiga depinde de mai mul\u021bi factori:<\/p>\r\n<ul>\r\n<li><strong>Num\u0103rul de potriviri <\/strong>Cu c\u00e2t potrive\u0219ti mai multe numere, cu at\u00e2t premiul este mai mare. De exemplu, dac\u0103 potrive\u0219ti 10 din 20 de numere extrase, po\u021bi primi un premiu considerabil, \u00een timp ce potrivirea unui num\u0103r mai mic de numere aduce c\u00e2\u0219tiguri mai mici.<\/li>\r\n<li><strong>Op\u021biunea Multiplicator <\/strong>A\u0219a cum am men\u021bionat mai devreme, op\u021biunea de multiplicator \u00ee\u021bi poate cre\u0219te semnificativ c\u00e2\u0219tigurile. Alegerea unui multiplicator mai mare m\u0103re\u0219te poten\u021bialul premiu \u0219i face jocul \u0219i mai palpitant.<\/li>\r\n<\/ul>\r\n<p>De exemplu, dac\u0103 vrei s\u0103 c\u00e2\u0219tigi 5.000.000 \u20ac la loteria Keno Italia, trebuie s\u0103 alegi corect toate cele 10 numere \u0219i s\u0103 optezi pentru un Multiplicator x 5. Pentru a afla mai multe, <a href=\"https:\/\/lottomat.com\/lotteries\/italian-keno\/\">verific\u0103 premiile Keno Italia<\/a> \u0219i regulile.<\/p>\r\n<!-- \/wp:list-item -->\r\n\r\n<!-- wp:heading -->\r\n<h2 class=\"wp-block-heading\"><img loading=\"lazy\" decoding=\"async\" class=\"alignleft wp-image-5305\" src=\"https:\/\/lottomat.com\/wp-content\/uploads\/2025\/03\/Winning-big-on-the-Thunderball-Lottery-150x150.png\" alt=\"Premii Keno\" width=\"130\" height=\"130\" srcset=\"https:\/\/lottomat.com\/wp-content\/uploads\/2025\/03\/Winning-big-on-the-Thunderball-Lottery-150x150.png 150w, https:\/\/lottomat.com\/wp-content\/uploads\/2025\/03\/Winning-big-on-the-Thunderball-Lottery-300x300.png 300w, https:\/\/lottomat.com\/wp-content\/uploads\/2025\/03\/Winning-big-on-the-Thunderball-Lottery-100x100.png 100w, https:\/\/lottomat.com\/wp-content\/uploads\/2025\/03\/Winning-big-on-the-Thunderball-Lottery.png 400w\" sizes=\"auto, (max-width: 130px) 100vw, 130px\" \/>Joac\u0103 online!<\/h2>\r\n<!-- \/wp:heading -->\r\n\r\n<!-- wp:paragraph -->\r\n<p>Keno este un joc de noroc ce ofer\u0103 simplitate, suspans \u0219i \u0219ansa unor premii generoase. Fie c\u0103 te atrag regulile simple sau recompensele tentante, Keno \u00ee\u021bi ofer\u0103 o experien\u021b\u0103 de joc captivant\u0103. Juc\u00e2nd Keno online pe Lottomat beneficiezi de confort \u0219i securitate, fiind mai u\u0219or ca oric\u00e2nd s\u0103 participi la acest joc de loterie atemporal. Viziteaz\u0103 <a href=\"https:\/\/lottomat.com\/ro\/\">Lottomat<\/a> \u0219i \u00eencearc\u0103-\u021bi norocul la Keno chiar azi!<\/p><!-- \/wp:paragraph -->","protected":false},"excerpt":{"rendered":"<p>Pe site-ul Lottomat, po\u021bi juca pentru premii Keno foarte atractive. Alege una dintre loteriile noastre Keno sau joac\u0103-le pe toate! Fiecare are propriile reguli unice \u0219i ofer\u0103 recompense diferite. Afl\u0103 caracteristicile lor \u0219i joac\u0103 Keno online pe site-ul nostru. Dac\u0103 ultimele rezultate Keno \u00ee\u021bi sunt favorabile \u2013 premiile vor fi ale tale! Tabelul de mai [&hellip;]<\/p>\n","protected":false},"author":2,"featured_media":0,"parent":0,"menu_order":0,"comment_status":"closed","ping_status":"closed","template":"","meta":{"_et_pb_use_builder":"","_et_pb_old_content":"","_et_gb_content_width":"","exclude_from_search":false,"footnotes":""},"class_list":["post-249437","page","type-page","status-publish","hentry"],"yoast_head":"<!-- This site is optimized with the Yoast SEO plugin v23.8 - https:\/\/yoast.com\/wordpress\/plugins\/seo\/ -->\n<title>Premii \u0219i Jackpot Keno \u2013 Reguli Keno - Lottomat<\/title>\n<meta name=\"description\" content=\"Verific\u0103 premiile \u0219i jackpotul Keno. Afl\u0103 totul despre regulile jocului. Verific\u0103 c\u00e2t po\u021bi c\u00e2\u0219tiga datorit\u0103 loteriilor Keno.\" \/>\n<meta name=\"robots\" content=\"index, follow, max-snippet:-1, max-image-preview:large, max-video-preview:-1\" \/>\n<link rel=\"canonical\" href=\"https:\/\/lottomat.com\/ro\/keno-loterii\/\" \/>\n<meta property=\"og:locale\" content=\"ro_RO\" \/>\n<meta property=\"og:type\" content=\"article\" \/>\n<meta property=\"og:title\" content=\"Premii \u0219i Jackpot Keno \u2013 Reguli Keno - Lottomat\" \/>\n<meta property=\"og:description\" content=\"Verific\u0103 premiile \u0219i jackpotul Keno. Afl\u0103 totul despre regulile jocului. Verific\u0103 c\u00e2t po\u021bi c\u00e2\u0219tiga datorit\u0103 loteriilor Keno.\" \/>\n<meta property=\"og:url\" content=\"https:\/\/lottomat.com\/ro\/keno-loterii\/\" \/>\n<meta property=\"og:site_name\" content=\"Lottomat\" \/>\n<meta property=\"article:modified_time\" content=\"2025-08-12T07:46:25+00:00\" \/>\n<meta property=\"og:image\" content=\"https:\/\/lottomat.com\/wp-content\/uploads\/2025\/08\/Romanian.png\" \/>\n<meta name=\"twitter:card\" content=\"summary_large_image\" \/>\n<meta name=\"twitter:label1\" content=\"Timp estimat pentru citire\" \/>\n\t<meta name=\"twitter:data1\" content=\"5 minute\" \/>\n<script type=\"application\/ld+json\" class=\"yoast-schema-graph\">{\"@context\":\"https:\/\/schema.org\",\"@graph\":[{\"@type\":\"WebPage\",\"@id\":\"https:\/\/lottomat.com\/ro\/keno-loterii\/\",\"url\":\"https:\/\/lottomat.com\/ro\/keno-loterii\/\",\"name\":\"Premii \u0219i Jackpot Keno \u2013 Reguli Keno - Lottomat\",\"isPartOf\":{\"@id\":\"https:\/\/lottomat.com\/ro\/#website\"},\"primaryImageOfPage\":{\"@id\":\"https:\/\/lottomat.com\/ro\/keno-loterii\/#primaryimage\"},\"image\":{\"@id\":\"https:\/\/lottomat.com\/ro\/keno-loterii\/#primaryimage\"},\"thumbnailUrl\":\"https:\/\/lottomat.com\/wp-content\/uploads\/2025\/08\/Romanian.png\",\"datePublished\":\"2025-08-04T08:48:13+00:00\",\"dateModified\":\"2025-08-12T07:46:25+00:00\",\"description\":\"Verific\u0103 premiile \u0219i jackpotul Keno. Afl\u0103 totul despre regulile jocului. Verific\u0103 c\u00e2t po\u021bi c\u00e2\u0219tiga datorit\u0103 loteriilor Keno.\",\"breadcrumb\":{\"@id\":\"https:\/\/lottomat.com\/ro\/keno-loterii\/#breadcrumb\"},\"inLanguage\":\"ro-RO\",\"potentialAction\":[{\"@type\":\"ReadAction\",\"target\":[\"https:\/\/lottomat.com\/ro\/keno-loterii\/\"]}]},{\"@type\":\"ImageObject\",\"inLanguage\":\"ro-RO\",\"@id\":\"https:\/\/lottomat.com\/ro\/keno-loterii\/#primaryimage\",\"url\":\"https:\/\/lottomat.com\/wp-content\/uploads\/2025\/08\/Romanian.png\",\"contentUrl\":\"https:\/\/lottomat.com\/wp-content\/uploads\/2025\/08\/Romanian.png\"},{\"@type\":\"BreadcrumbList\",\"@id\":\"https:\/\/lottomat.com\/ro\/keno-loterii\/#breadcrumb\",\"itemListElement\":[{\"@type\":\"ListItem\",\"position\":1,\"name\":\"Home\",\"item\":\"https:\/\/lottomat.com\/ro\/\"},{\"@type\":\"ListItem\",\"position\":2,\"name\":\"Premii \u0219i Jackpot Keno \u2013 Reguli Keno\"}]},{\"@type\":\"WebSite\",\"@id\":\"https:\/\/lottomat.com\/ro\/#website\",\"url\":\"https:\/\/lottomat.com\/ro\/\",\"name\":\"Lottomat\",\"description\":\"\",\"potentialAction\":[{\"@type\":\"SearchAction\",\"target\":{\"@type\":\"EntryPoint\",\"urlTemplate\":\"https:\/\/lottomat.com\/ro\/?s={search_term_string}\"},\"query-input\":{\"@type\":\"PropertyValueSpecification\",\"valueRequired\":true,\"valueName\":\"search_term_string\"}}],\"inLanguage\":\"ro-RO\"}]}<\/script>\n<!-- \/ Yoast SEO plugin. -->","yoast_head_json":{"title":"Premii \u0219i Jackpot Keno \u2013 Reguli Keno - Lottomat","description":"Verific\u0103 premiile \u0219i jackpotul Keno. Afl\u0103 totul despre regulile jocului. Verific\u0103 c\u00e2t po\u021bi c\u00e2\u0219tiga datorit\u0103 loteriilor Keno.","robots":{"index":"index","follow":"follow","max-snippet":"max-snippet:-1","max-image-preview":"max-image-preview:large","max-video-preview":"max-video-preview:-1"},"canonical":"https:\/\/lottomat.com\/ro\/keno-loterii\/","og_locale":"ro_RO","og_type":"article","og_title":"Premii \u0219i Jackpot Keno \u2013 Reguli Keno - Lottomat","og_description":"Verific\u0103 premiile \u0219i jackpotul Keno. Afl\u0103 totul despre regulile jocului. Verific\u0103 c\u00e2t po\u021bi c\u00e2\u0219tiga datorit\u0103 loteriilor Keno.","og_url":"https:\/\/lottomat.com\/ro\/keno-loterii\/","og_site_name":"Lottomat","article_modified_time":"2025-08-12T07:46:25+00:00","og_image":[{"url":"https:\/\/lottomat.com\/wp-content\/uploads\/2025\/08\/Romanian.png"}],"twitter_card":"summary_large_image","twitter_misc":{"Timp estimat pentru citire":"5 minute"},"schema":{"@context":"https:\/\/schema.org","@graph":[{"@type":"WebPage","@id":"https:\/\/lottomat.com\/ro\/keno-loterii\/","url":"https:\/\/lottomat.com\/ro\/keno-loterii\/","name":"Premii \u0219i Jackpot Keno \u2013 Reguli Keno - Lottomat","isPartOf":{"@id":"https:\/\/lottomat.com\/ro\/#website"},"primaryImageOfPage":{"@id":"https:\/\/lottomat.com\/ro\/keno-loterii\/#primaryimage"},"image":{"@id":"https:\/\/lottomat.com\/ro\/keno-loterii\/#primaryimage"},"thumbnailUrl":"https:\/\/lottomat.com\/wp-content\/uploads\/2025\/08\/Romanian.png","datePublished":"2025-08-04T08:48:13+00:00","dateModified":"2025-08-12T07:46:25+00:00","description":"Verific\u0103 premiile \u0219i jackpotul Keno. Afl\u0103 totul despre regulile jocului. Verific\u0103 c\u00e2t po\u021bi c\u00e2\u0219tiga datorit\u0103 loteriilor Keno.","breadcrumb":{"@id":"https:\/\/lottomat.com\/ro\/keno-loterii\/#breadcrumb"},"inLanguage":"ro-RO","potentialAction":[{"@type":"ReadAction","target":["https:\/\/lottomat.com\/ro\/keno-loterii\/"]}]},{"@type":"ImageObject","inLanguage":"ro-RO","@id":"https:\/\/lottomat.com\/ro\/keno-loterii\/#primaryimage","url":"https:\/\/lottomat.com\/wp-content\/uploads\/2025\/08\/Romanian.png","contentUrl":"https:\/\/lottomat.com\/wp-content\/uploads\/2025\/08\/Romanian.png"},{"@type":"BreadcrumbList","@id":"https:\/\/lottomat.com\/ro\/keno-loterii\/#breadcrumb","itemListElement":[{"@type":"ListItem","position":1,"name":"Home","item":"https:\/\/lottomat.com\/ro\/"},{"@type":"ListItem","position":2,"name":"Premii \u0219i Jackpot Keno \u2013 Reguli Keno"}]},{"@type":"WebSite","@id":"https:\/\/lottomat.com\/ro\/#website","url":"https:\/\/lottomat.com\/ro\/","name":"Lottomat","description":"","potentialAction":[{"@type":"SearchAction","target":{"@type":"EntryPoint","urlTemplate":"https:\/\/lottomat.com\/ro\/?s={search_term_string}"},"query-input":{"@type":"PropertyValueSpecification","valueRequired":true,"valueName":"search_term_string"}}],"inLanguage":"ro-RO"}]}},"_links":{"self":[{"href":"https:\/\/lottomat.com\/ro\/wp-json\/wp\/v2\/pages\/249437","targetHints":{"allow":["GET"]}}],"collection":[{"href":"https:\/\/lottomat.com\/ro\/wp-json\/wp\/v2\/pages"}],"about":[{"href":"https:\/\/lottomat.com\/ro\/wp-json\/wp\/v2\/types\/page"}],"author":[{"embeddable":true,"href":"https:\/\/lottomat.com\/ro\/wp-json\/wp\/v2\/users\/2"}],"replies":[{"embeddable":true,"href":"https:\/\/lottomat.com\/ro\/wp-json\/wp\/v2\/comments?post=249437"}],"version-history":[{"count":0,"href":"https:\/\/lottomat.com\/ro\/wp-json\/wp\/v2\/pages\/249437\/revisions"}],"wp:attachment":[{"href":"https:\/\/lottomat.com\/ro\/wp-json\/wp\/v2\/media?parent=249437"}],"curies":[{"name":"wp","href":"https:\/\/api.w.org\/{rel}","templated":true}]}}