{"id":249432,"date":"2025-08-04T09:28:04","date_gmt":"2025-08-04T09:28:04","guid":{"rendered":"https:\/\/lottomat.com\/?page_id=249432"},"modified":"2025-08-12T07:27:26","modified_gmt":"2025-08-12T07:27:26","slug":"keno-rezultate","status":"publish","type":"page","link":"https:\/\/lottomat.com\/ro\/keno-rezultate\/","title":{"rendered":"Rezultate Keno &#038; Numere C\u00e2\u0219tig\u0103toare"},"content":{"rendered":"\n\n<div class=\"kk-star-ratings kksr-auto kksr-align-left kksr-valign-top\"\n    data-payload='{&quot;align&quot;:&quot;left&quot;,&quot;id&quot;:&quot;249432&quot;,&quot;slug&quot;:&quot;default&quot;,&quot;valign&quot;:&quot;top&quot;,&quot;ignore&quot;:&quot;&quot;,&quot;reference&quot;:&quot;auto&quot;,&quot;class&quot;:&quot;&quot;,&quot;count&quot;:&quot;0&quot;,&quot;legendonly&quot;:&quot;&quot;,&quot;readonly&quot;:&quot;&quot;,&quot;score&quot;:&quot;0&quot;,&quot;starsonly&quot;:&quot;&quot;,&quot;best&quot;:&quot;5&quot;,&quot;gap&quot;:&quot;5&quot;,&quot;greet&quot;:&quot;Rate this page&quot;,&quot;legend&quot;:&quot;0\\\/5 - (0 votes)&quot;,&quot;size&quot;:&quot;30&quot;,&quot;title&quot;:&quot;Rezultate Keno \\u0026amp; Numere C\u00e2\u0219tig\u0103toare&quot;,&quot;width&quot;:&quot;0&quot;,&quot;_legend&quot;:&quot;{score}\\\/{best} - ({count} {votes})&quot;,&quot;font_factor&quot;:&quot;1.25&quot;}'>\n            \n<div class=\"kksr-stars\">\n    \n<div class=\"kksr-stars-inactive\">\n            <div class=\"kksr-star\" data-star=\"1\" style=\"padding-right: 5px\">\n            \n\n<div class=\"kksr-icon\" style=\"width: 30px; height: 30px;\"><\/div>\n        <\/div>\n            <div class=\"kksr-star\" data-star=\"2\" style=\"padding-right: 5px\">\n            \n\n<div class=\"kksr-icon\" style=\"width: 30px; height: 30px;\"><\/div>\n        <\/div>\n            <div class=\"kksr-star\" data-star=\"3\" style=\"padding-right: 5px\">\n            \n\n<div class=\"kksr-icon\" style=\"width: 30px; height: 30px;\"><\/div>\n        <\/div>\n            <div class=\"kksr-star\" data-star=\"4\" style=\"padding-right: 5px\">\n            \n\n<div class=\"kksr-icon\" style=\"width: 30px; height: 30px;\"><\/div>\n        <\/div>\n            <div class=\"kksr-star\" data-star=\"5\" style=\"padding-right: 5px\">\n            \n\n<div class=\"kksr-icon\" style=\"width: 30px; height: 30px;\"><\/div>\n        <\/div>\n    <\/div>\n    \n<div class=\"kksr-stars-active\" style=\"width: 0px;\">\n            <div class=\"kksr-star\" style=\"padding-right: 5px\">\n            \n\n<div class=\"kksr-icon\" style=\"width: 30px; height: 30px;\"><\/div>\n        <\/div>\n            <div class=\"kksr-star\" style=\"padding-right: 5px\">\n            \n\n<div class=\"kksr-icon\" style=\"width: 30px; height: 30px;\"><\/div>\n        <\/div>\n            <div class=\"kksr-star\" style=\"padding-right: 5px\">\n            \n\n<div class=\"kksr-icon\" style=\"width: 30px; height: 30px;\"><\/div>\n        <\/div>\n            <div class=\"kksr-star\" style=\"padding-right: 5px\">\n            \n\n<div class=\"kksr-icon\" style=\"width: 30px; height: 30px;\"><\/div>\n        <\/div>\n            <div class=\"kksr-star\" style=\"padding-right: 5px\">\n            \n\n<div class=\"kksr-icon\" style=\"width: 30px; height: 30px;\"><\/div>\n        <\/div>\n    <\/div>\n<\/div>\n                \n\n<div class=\"kksr-legend\" style=\"font-size: 24px;\">\n            <span class=\"kksr-muted\">Rate this page<\/span>\n    <\/div>\n    <\/div>\n<p><a href=\"https:\/\/lottomat.com\/ro\/joaca\/\"><img loading=\"lazy\" decoding=\"async\" class=\"aligncenter wp-image-249397 size-full\" src=\"https:\/\/lottomat.com\/wp-content\/uploads\/2025\/08\/Romanian.png\" alt=\"Rezultate Keno\" width=\"1140\" height=\"179\" srcset=\"https:\/\/lottomat.com\/wp-content\/uploads\/2025\/08\/Romanian.png 1140w, https:\/\/lottomat.com\/wp-content\/uploads\/2025\/08\/Romanian-980x154.png 980w, https:\/\/lottomat.com\/wp-content\/uploads\/2025\/08\/Romanian-480x75.png 480w\" sizes=\"auto, (min-width: 0px) and (max-width: 480px) 480px, (min-width: 481px) and (max-width: 980px) 980px, (min-width: 981px) 1140px, 100vw\" \/><\/a><\/p>\n<h2>Verific\u0103 Rezultatele Keno &amp; Numerele C\u00e2\u0219tig\u0103toare la Lottomat<\/h2>\n<p>Keno este un joc care a captivat juc\u0103torii din \u00eentreaga lume prin simplitatea sa \u0219i emo\u021bia c\u00e2\u0219tigurilor ce \u00ee\u021bi pot schimba via\u021ba. Indiferent dac\u0103 joci Keno Francez, Keno Polonez, Keno Finlandez, Keno Grecesc, Keno Slovac sau Keno Maghiar, verificarea rezultatelor este o parte esen\u021bial\u0103 a experien\u021bei. Aici te vom ghida cu tot ce trebuie s\u0103 \u0219tii despre rezultatele Keno \u0219i numerele c\u00e2\u0219tig\u0103toare, de la elementele de baz\u0103 p\u00e2n\u0103 la accesarea rezultatelor istorice.<\/p>\n<h2><img loading=\"lazy\" decoding=\"async\" class=\"alignleft wp-image-5808\" src=\"https:\/\/lottomat.com\/wp-content\/uploads\/2025\/03\/Mega-Millions-drawings-150x150.png\" alt=\"Numere Keno\" width=\"130\" height=\"130\" srcset=\"https:\/\/lottomat.com\/wp-content\/uploads\/2025\/03\/Mega-Millions-drawings-150x150.png 150w, https:\/\/lottomat.com\/wp-content\/uploads\/2025\/03\/Mega-Millions-drawings-300x300.png 300w, https:\/\/lottomat.com\/wp-content\/uploads\/2025\/03\/Mega-Millions-drawings-100x100.png 100w, https:\/\/lottomat.com\/wp-content\/uploads\/2025\/03\/Mega-Millions-drawings.png 400w\" sizes=\"auto, (max-width: 130px) 100vw, 130px\" \/>Introducere \u00een Numerele Keno: \u00cen\u021belegerea Elementelor de Baz\u0103<\/h2>\n<p>Keno este un joc asem\u0103n\u0103tor loteriei, unde juc\u0103torii aleg numere dintr-o gam\u0103 prestabilit\u0103, de obicei \u00eentre 1 \u0219i 70 sau 80. \u00cen func\u021bie de varianta Keno, po\u021bi selecta un num\u0103r diferit de alegeri, de regul\u0103 \u00eentre 1 \u0219i 10 sau 1 \u0219i 20. La fiecare extragere, o serie de numere c\u00e2\u0219tig\u0103toare sunt alese aleatoriu. Cu c\u00e2t potrive\u0219ti mai multe numere, cu at\u00e2t premiul este mai mare.<\/p>\n<p>\u00cen\u021belegerea elementelor de baz\u0103 despre numerele c\u00e2\u0219tig\u0103toare Keno \u0219i rezultate este esen\u021bial\u0103 pentru orice juc\u0103tor. Fiecare joc Keno urmeaz\u0103 principii similare, dar pot exista mici diferen\u021be \u00een reguli \u0219i structura premiilor. De exemplu, Keno Francez poate avea categorii de premii diferite fa\u021b\u0103 de <a href=\"https:\/\/lottomat.com\/lotteries\/polish-keno\/\">premiile Keno Polonez<\/a> sau <a href=\"https:\/\/lottomat.com\/ro\/informatie\/249500-2\/\">premiile Keno Finlandez<\/a>. S\u0103 \u0219tii cum s\u0103 interpretezi rezultatele poate face o diferen\u021b\u0103 semnificativ\u0103 \u00een strategia ta de joc \u0219i \u00een pl\u0103cerea general\u0103 a jocului.<\/p>\n<h2>Cum s\u0103 Verifici Numerele C\u00e2\u0219tig\u0103toare &amp; Rezultatele Keno Online<\/h2>\n<p>Verificarea rezultatelor Keno online este simpl\u0103 \u0219i comod\u0103. Site-ul nostru ofer\u0103 rezultate actualizate pentru diverse jocuri Keno, precum <a href=\"https:\/\/lottomat.com\/results\/greek-keno\/\">rezultatele Keno Grecesc<\/a>, numerele c\u00e2\u0219tig\u0103toare Keno Slovac, rezultatele Keno Leton \u0219i multe altele. Iat\u0103 cum po\u021bi verifica u\u0219or rezultatele tale:<\/p>\n<ul>\n<li style=\"list-style-type: none;\">\n<ul>\n<li><strong>Viziteaz\u0103 Site-ul Nostru:<\/strong> Intr\u0103 pe pagina noastr\u0103 cu rezultate Keno.<\/li>\n<\/ul>\n<\/li>\n<\/ul>\n<ul>\n<li style=\"list-style-type: none;\">\n<ul>\n<li><strong>Selecteaz\u0103 Jocul T\u0103u de Keno:<\/strong> Alege jocul Keno pe care l-ai jucat, de exemplu <a href=\"https:\/\/lottomat.com\/ro\/joaca\/french-keno\/\">Keno Francez online<\/a> sau Keno Grecesc.<\/li>\n<\/ul>\n<\/li>\n<\/ul>\n<ul>\n<li style=\"list-style-type: none;\">\n<ul>\n<li><strong>G\u0103se\u0219te Extragerea Recent\u0103:<\/strong> Caut\u0103 data celei mai recente extrageri \u0219i d\u0103 click pe ea.<\/li>\n<\/ul>\n<\/li>\n<\/ul>\n<ul>\n<li style=\"list-style-type: none;\">\n<ul>\n<li><strong>Verific\u0103 Numerele Tale:<\/strong> Compar\u0103 numerele de pe biletul t\u0103u cu numerele c\u00e2\u0219tig\u0103toare afi\u0219ate.<\/li>\n<\/ul>\n<\/li>\n<\/ul>\n<p>Platforma noastr\u0103 este conceput\u0103 pentru a fi u\u0219or de utilizat, asigur\u00e2ndu-te c\u0103 po\u021bi g\u0103si rapid \u0219i eficient rezultatele de care ai nevoie. \u00cen plus, po\u021bi filtra rezultatele dup\u0103 dat\u0103, astfel \u00eenc\u00e2t s\u0103 g\u0103se\u0219ti u\u0219or extragerile Keno dorite.<\/p>\n<h2 class=\"wp-block-heading\">Numere C\u00e2\u0219tig\u0103toare Keno Arhivate<img loading=\"lazy\" decoding=\"async\" class=\"alignright wp-image-5721\" src=\"https:\/\/lottomat.com\/wp-content\/uploads\/2025\/03\/story-of-the-Mega-Millions-lotto-150x150.png\" alt=\"Numere C\u00e2\u0219tig\u0103toare Keno Arhivate\" width=\"130\" height=\"130\" srcset=\"https:\/\/lottomat.com\/wp-content\/uploads\/2025\/03\/story-of-the-Mega-Millions-lotto-150x150.png 150w, https:\/\/lottomat.com\/wp-content\/uploads\/2025\/03\/story-of-the-Mega-Millions-lotto-300x300.png 300w, https:\/\/lottomat.com\/wp-content\/uploads\/2025\/03\/story-of-the-Mega-Millions-lotto-100x100.png 100w, https:\/\/lottomat.com\/wp-content\/uploads\/2025\/03\/story-of-the-Mega-Millions-lotto.png 400w\" sizes=\"auto, (max-width: 130px) 100vw, 130px\" \/><\/h2>\n<p>Numerele \u0219i rezultatele Keno arhivate sunt o resurs\u0103 de nepre\u021buit pentru juc\u0103torii care doresc s\u0103 aprofundeze jocul. Dac\u0103 ai ratat o extragere, po\u021bi verifica u\u0219or rezultatele trecute pentru a vedea dac\u0103 numerele tale au fost c\u00e2\u0219tig\u0103toare. De exemplu, po\u021bi <a href=\"https:\/\/lottomat.com\/results\/hungarian-keno\/\">verifica rezultatele Keno Maghiar<\/a> din trecut.<\/p>\n<p>De asemenea, datele istorice pot fi folosite pentru a-\u021bi crea propriile statistici \u0219i pentru a-\u021bi dezvolta strategii de joc. Analiz\u00e2nd tendin\u021bele \u0219i tiparele extragerilor anterioare, po\u021bi lua decizii mai informate \u00een jocurile viitoare.<\/p>\n<p>Accesarea numerelor c\u00e2\u0219tig\u0103toare Keno arhivate pe site-ul nostru este foarte simpl\u0103 \u2013 trebuie doar s\u0103 accesezi arhiva de rezultate. Apas\u0103 butonul \u201erezultate\u201d din tabelul de mai sus pentru jocul care te intereseaz\u0103. Selecteaz\u0103 intervalul de date dorit \u0219i consult\u0103 numerele c\u00e2\u0219tig\u0103toare. Aceast\u0103 func\u021bie te ajut\u0103 s\u0103 fii mereu informat \u0219i strategic \u00een jocul t\u0103u Keno.<\/p>\n<h2>Numere Fierbin\u021bi &amp; Reci la Keno<\/h2>\n<p>Numerele fierbin\u021bi \u0219i reci la Keno se refer\u0103 la frecven\u021ba cu care anumite numere sunt extrase. Numerele fierbin\u021bi sunt cele care apar cel mai des \u00een extragerile recente, \u00een timp ce numerele reci sunt cele care apar mai rar. Unii juc\u0103tori folosesc aceste informa\u021bii pentru a-\u0219i alege numerele, crez\u00e2nd c\u0103 numerele fierbin\u021bi vor ap\u0103rea din nou, \u00een timp ce al\u021bii prefer\u0103 s\u0103 mizeze pe numere reci, a\u0219tept\u00e2ndu-se ca acestea s\u0103 revin\u0103 \u00een joc.<\/p>\n<p>Pentru fiecare din jocurile Keno disponibile pe site-ul nostru, oferim informa\u021bii despre cele mai frecvent \u0219i mai pu\u021bin frecvent extrase numere. Po\u021bi folosi, de asemenea, arhiva de numere c\u00e2\u0219tig\u0103toare Keno men\u021bionat\u0103 anterior pentru a-\u021bi crea propriile statistici \u0219i pentru a urm\u0103ri numerele fierbin\u021bi \u0219i reci pe o anumit\u0103 perioad\u0103, cum ar fi ultimul an sau ultima lun\u0103.<\/p>\n<h2><img loading=\"lazy\" decoding=\"async\" class=\"alignleft wp-image-5895\" src=\"https:\/\/lottomat.com\/wp-content\/uploads\/2025\/03\/Who-can-play-in-Mega-Millions-online-150x150.png\" alt=\"Joac\u0103 Keno la Lottomat\" width=\"130\" height=\"130\" srcset=\"https:\/\/lottomat.com\/wp-content\/uploads\/2025\/03\/Who-can-play-in-Mega-Millions-online-150x150.png 150w, https:\/\/lottomat.com\/wp-content\/uploads\/2025\/03\/Who-can-play-in-Mega-Millions-online-300x300.png 300w, https:\/\/lottomat.com\/wp-content\/uploads\/2025\/03\/Who-can-play-in-Mega-Millions-online-100x100.png 100w, https:\/\/lottomat.com\/wp-content\/uploads\/2025\/03\/Who-can-play-in-Mega-Millions-online.png 400w\" sizes=\"auto, (max-width: 130px) 100vw, 130px\" \/>Joac\u0103 Keno la Lottomat<\/h2>\n<p>Rezultatele extragerilor Keno sunt foarte importante pentru juc\u0103tori, la fel ca \u0219i posibilitatea de a juca la orice or\u0103 din zi sau din noapte. De aceea am creat Lottomat \u2013 ca s\u0103 po\u021bi juca Keno online, s\u0103 <a href=\"https:\/\/lottomat.com\/ro\/keno-loterii\/\">c\u00e2\u0219tigi premii atractive la Keno<\/a> \u0219i s\u0103 verifici u\u0219or cele mai noi numere Keno, totul \u00eentr-un singur loc. Dac\u0103 vrei ca \u00eentr-o zi s\u0103 verifici numerele c\u00e2\u0219tig\u0103toare \u0219i s\u0103 afli c\u0103 ai c\u00e2\u0219tigat o sum\u0103 mare \u2013 joac\u0103 Keno pe site-ul nostru, urm\u0103re\u0219te rezultatele \u0219i \u021bine pumnii pentru un rezultat norocos!<\/p>\n<p>Po\u021bi consulta \u0219i <a href=\"https:\/\/lottomat.com\/ro\/joaca\/\">lista complet\u0103 a loteriilor online<\/a> disponibile pe site-ul nostru. Spor la joc!<\/p>\n","protected":false},"excerpt":{"rendered":"<p>Verific\u0103 Rezultatele Keno &amp; Numerele C\u00e2\u0219tig\u0103toare la Lottomat Keno este un joc care a captivat juc\u0103torii din \u00eentreaga lume prin simplitatea sa \u0219i emo\u021bia c\u00e2\u0219tigurilor ce \u00ee\u021bi pot schimba via\u021ba. Indiferent dac\u0103 joci Keno Francez, Keno Polonez, Keno Finlandez, Keno Grecesc, Keno Slovac sau Keno Maghiar, verificarea rezultatelor este o parte esen\u021bial\u0103 a experien\u021bei. Aici [&hellip;]<\/p>\n","protected":false},"author":2,"featured_media":0,"parent":0,"menu_order":0,"comment_status":"closed","ping_status":"closed","template":"","meta":{"_et_pb_use_builder":"","_et_pb_old_content":"","_et_gb_content_width":"","exclude_from_search":false,"footnotes":""},"class_list":["post-249432","page","type-page","status-publish","hentry"],"yoast_head":"<!-- This site is optimized with the Yoast SEO plugin v23.8 - https:\/\/yoast.com\/wordpress\/plugins\/seo\/ -->\n<title>Rezultate Keno &amp; Numere C\u00e2\u0219tig\u0103toare Keno - Lottomat<\/title>\n<meta name=\"description\" content=\"Verific\u0103 cele mai recente rezultate Keno pe site-ul nostru. Compar\u0103 numerele tale cu numerele c\u00e2\u0219tig\u0103toare oficiale ale loteriilor Keno.\" \/>\n<meta name=\"robots\" content=\"index, follow, max-snippet:-1, max-image-preview:large, max-video-preview:-1\" \/>\n<link rel=\"canonical\" href=\"https:\/\/lottomat.com\/ro\/keno-rezultate\/\" \/>\n<meta property=\"og:locale\" content=\"ro_RO\" \/>\n<meta property=\"og:type\" content=\"article\" \/>\n<meta property=\"og:title\" content=\"Rezultate Keno &amp; Numere C\u00e2\u0219tig\u0103toare Keno - Lottomat\" \/>\n<meta property=\"og:description\" content=\"Verific\u0103 cele mai recente rezultate Keno pe site-ul nostru. Compar\u0103 numerele tale cu numerele c\u00e2\u0219tig\u0103toare oficiale ale loteriilor Keno.\" \/>\n<meta property=\"og:url\" content=\"https:\/\/lottomat.com\/ro\/keno-rezultate\/\" \/>\n<meta property=\"og:site_name\" content=\"Lottomat\" \/>\n<meta property=\"article:modified_time\" content=\"2025-08-12T07:27:26+00:00\" \/>\n<meta property=\"og:image\" content=\"https:\/\/lottomat.com\/wp-content\/uploads\/2025\/08\/Romanian.png\" \/>\n<meta name=\"twitter:card\" content=\"summary_large_image\" \/>\n<meta name=\"twitter:label1\" content=\"Timp estimat pentru citire\" \/>\n\t<meta name=\"twitter:data1\" content=\"5 minute\" \/>\n<script type=\"application\/ld+json\" class=\"yoast-schema-graph\">{\"@context\":\"https:\/\/schema.org\",\"@graph\":[{\"@type\":\"WebPage\",\"@id\":\"https:\/\/lottomat.com\/ro\/keno-rezultate\/\",\"url\":\"https:\/\/lottomat.com\/ro\/keno-rezultate\/\",\"name\":\"Rezultate Keno & Numere C\u00e2\u0219tig\u0103toare Keno - Lottomat\",\"isPartOf\":{\"@id\":\"https:\/\/lottomat.com\/ro\/#website\"},\"primaryImageOfPage\":{\"@id\":\"https:\/\/lottomat.com\/ro\/keno-rezultate\/#primaryimage\"},\"image\":{\"@id\":\"https:\/\/lottomat.com\/ro\/keno-rezultate\/#primaryimage\"},\"thumbnailUrl\":\"https:\/\/lottomat.com\/wp-content\/uploads\/2025\/08\/Romanian.png\",\"datePublished\":\"2025-08-04T09:28:04+00:00\",\"dateModified\":\"2025-08-12T07:27:26+00:00\",\"description\":\"Verific\u0103 cele mai recente rezultate Keno pe site-ul nostru. Compar\u0103 numerele tale cu numerele c\u00e2\u0219tig\u0103toare oficiale ale loteriilor Keno.\",\"breadcrumb\":{\"@id\":\"https:\/\/lottomat.com\/ro\/keno-rezultate\/#breadcrumb\"},\"inLanguage\":\"ro-RO\",\"potentialAction\":[{\"@type\":\"ReadAction\",\"target\":[\"https:\/\/lottomat.com\/ro\/keno-rezultate\/\"]}]},{\"@type\":\"ImageObject\",\"inLanguage\":\"ro-RO\",\"@id\":\"https:\/\/lottomat.com\/ro\/keno-rezultate\/#primaryimage\",\"url\":\"https:\/\/lottomat.com\/wp-content\/uploads\/2025\/08\/Romanian.png\",\"contentUrl\":\"https:\/\/lottomat.com\/wp-content\/uploads\/2025\/08\/Romanian.png\"},{\"@type\":\"BreadcrumbList\",\"@id\":\"https:\/\/lottomat.com\/ro\/keno-rezultate\/#breadcrumb\",\"itemListElement\":[{\"@type\":\"ListItem\",\"position\":1,\"name\":\"Home\",\"item\":\"https:\/\/lottomat.com\/ro\/\"},{\"@type\":\"ListItem\",\"position\":2,\"name\":\"Rezultate Keno &#038; Numere C\u00e2\u0219tig\u0103toare\"}]},{\"@type\":\"WebSite\",\"@id\":\"https:\/\/lottomat.com\/ro\/#website\",\"url\":\"https:\/\/lottomat.com\/ro\/\",\"name\":\"Lottomat\",\"description\":\"\",\"potentialAction\":[{\"@type\":\"SearchAction\",\"target\":{\"@type\":\"EntryPoint\",\"urlTemplate\":\"https:\/\/lottomat.com\/ro\/?s={search_term_string}\"},\"query-input\":{\"@type\":\"PropertyValueSpecification\",\"valueRequired\":true,\"valueName\":\"search_term_string\"}}],\"inLanguage\":\"ro-RO\"}]}<\/script>\n<!-- \/ Yoast SEO plugin. -->","yoast_head_json":{"title":"Rezultate Keno & Numere C\u00e2\u0219tig\u0103toare Keno - Lottomat","description":"Verific\u0103 cele mai recente rezultate Keno pe site-ul nostru. Compar\u0103 numerele tale cu numerele c\u00e2\u0219tig\u0103toare oficiale ale loteriilor Keno.","robots":{"index":"index","follow":"follow","max-snippet":"max-snippet:-1","max-image-preview":"max-image-preview:large","max-video-preview":"max-video-preview:-1"},"canonical":"https:\/\/lottomat.com\/ro\/keno-rezultate\/","og_locale":"ro_RO","og_type":"article","og_title":"Rezultate Keno & Numere C\u00e2\u0219tig\u0103toare Keno - Lottomat","og_description":"Verific\u0103 cele mai recente rezultate Keno pe site-ul nostru. Compar\u0103 numerele tale cu numerele c\u00e2\u0219tig\u0103toare oficiale ale loteriilor Keno.","og_url":"https:\/\/lottomat.com\/ro\/keno-rezultate\/","og_site_name":"Lottomat","article_modified_time":"2025-08-12T07:27:26+00:00","og_image":[{"url":"https:\/\/lottomat.com\/wp-content\/uploads\/2025\/08\/Romanian.png"}],"twitter_card":"summary_large_image","twitter_misc":{"Timp estimat pentru citire":"5 minute"},"schema":{"@context":"https:\/\/schema.org","@graph":[{"@type":"WebPage","@id":"https:\/\/lottomat.com\/ro\/keno-rezultate\/","url":"https:\/\/lottomat.com\/ro\/keno-rezultate\/","name":"Rezultate Keno & Numere C\u00e2\u0219tig\u0103toare Keno - Lottomat","isPartOf":{"@id":"https:\/\/lottomat.com\/ro\/#website"},"primaryImageOfPage":{"@id":"https:\/\/lottomat.com\/ro\/keno-rezultate\/#primaryimage"},"image":{"@id":"https:\/\/lottomat.com\/ro\/keno-rezultate\/#primaryimage"},"thumbnailUrl":"https:\/\/lottomat.com\/wp-content\/uploads\/2025\/08\/Romanian.png","datePublished":"2025-08-04T09:28:04+00:00","dateModified":"2025-08-12T07:27:26+00:00","description":"Verific\u0103 cele mai recente rezultate Keno pe site-ul nostru. Compar\u0103 numerele tale cu numerele c\u00e2\u0219tig\u0103toare oficiale ale loteriilor Keno.","breadcrumb":{"@id":"https:\/\/lottomat.com\/ro\/keno-rezultate\/#breadcrumb"},"inLanguage":"ro-RO","potentialAction":[{"@type":"ReadAction","target":["https:\/\/lottomat.com\/ro\/keno-rezultate\/"]}]},{"@type":"ImageObject","inLanguage":"ro-RO","@id":"https:\/\/lottomat.com\/ro\/keno-rezultate\/#primaryimage","url":"https:\/\/lottomat.com\/wp-content\/uploads\/2025\/08\/Romanian.png","contentUrl":"https:\/\/lottomat.com\/wp-content\/uploads\/2025\/08\/Romanian.png"},{"@type":"BreadcrumbList","@id":"https:\/\/lottomat.com\/ro\/keno-rezultate\/#breadcrumb","itemListElement":[{"@type":"ListItem","position":1,"name":"Home","item":"https:\/\/lottomat.com\/ro\/"},{"@type":"ListItem","position":2,"name":"Rezultate Keno &#038; Numere C\u00e2\u0219tig\u0103toare"}]},{"@type":"WebSite","@id":"https:\/\/lottomat.com\/ro\/#website","url":"https:\/\/lottomat.com\/ro\/","name":"Lottomat","description":"","potentialAction":[{"@type":"SearchAction","target":{"@type":"EntryPoint","urlTemplate":"https:\/\/lottomat.com\/ro\/?s={search_term_string}"},"query-input":{"@type":"PropertyValueSpecification","valueRequired":true,"valueName":"search_term_string"}}],"inLanguage":"ro-RO"}]}},"_links":{"self":[{"href":"https:\/\/lottomat.com\/ro\/wp-json\/wp\/v2\/pages\/249432","targetHints":{"allow":["GET"]}}],"collection":[{"href":"https:\/\/lottomat.com\/ro\/wp-json\/wp\/v2\/pages"}],"about":[{"href":"https:\/\/lottomat.com\/ro\/wp-json\/wp\/v2\/types\/page"}],"author":[{"embeddable":true,"href":"https:\/\/lottomat.com\/ro\/wp-json\/wp\/v2\/users\/2"}],"replies":[{"embeddable":true,"href":"https:\/\/lottomat.com\/ro\/wp-json\/wp\/v2\/comments?post=249432"}],"version-history":[{"count":0,"href":"https:\/\/lottomat.com\/ro\/wp-json\/wp\/v2\/pages\/249432\/revisions"}],"wp:attachment":[{"href":"https:\/\/lottomat.com\/ro\/wp-json\/wp\/v2\/media?parent=249432"}],"curies":[{"name":"wp","href":"https:\/\/api.w.org\/{rel}","templated":true}]}}