{"id":249395,"date":"2025-08-04T08:32:07","date_gmt":"2025-08-04T08:32:07","guid":{"rendered":"https:\/\/lottomat.com\/?page_id=249395"},"modified":"2025-08-12T07:44:48","modified_gmt":"2025-08-12T07:44:48","slug":"keno","status":"publish","type":"page","link":"https:\/\/lottomat.com\/ro\/keno\/","title":{"rendered":"Joac\u0103 Keno Online pe Lottomat"},"content":{"rendered":"\n\n<div class=\"kk-star-ratings kksr-auto kksr-align-left kksr-valign-top\"\n    data-payload='{&quot;align&quot;:&quot;left&quot;,&quot;id&quot;:&quot;249395&quot;,&quot;slug&quot;:&quot;default&quot;,&quot;valign&quot;:&quot;top&quot;,&quot;ignore&quot;:&quot;&quot;,&quot;reference&quot;:&quot;auto&quot;,&quot;class&quot;:&quot;&quot;,&quot;count&quot;:&quot;0&quot;,&quot;legendonly&quot;:&quot;&quot;,&quot;readonly&quot;:&quot;&quot;,&quot;score&quot;:&quot;0&quot;,&quot;starsonly&quot;:&quot;&quot;,&quot;best&quot;:&quot;5&quot;,&quot;gap&quot;:&quot;5&quot;,&quot;greet&quot;:&quot;Rate this page&quot;,&quot;legend&quot;:&quot;0\\\/5 - (0 votes)&quot;,&quot;size&quot;:&quot;30&quot;,&quot;title&quot;:&quot;Joac\u0103 Keno Online pe Lottomat&quot;,&quot;width&quot;:&quot;0&quot;,&quot;_legend&quot;:&quot;{score}\\\/{best} - ({count} {votes})&quot;,&quot;font_factor&quot;:&quot;1.25&quot;}'>\n            \n<div class=\"kksr-stars\">\n    \n<div class=\"kksr-stars-inactive\">\n            <div class=\"kksr-star\" data-star=\"1\" style=\"padding-right: 5px\">\n            \n\n<div class=\"kksr-icon\" style=\"width: 30px; height: 30px;\"><\/div>\n        <\/div>\n            <div class=\"kksr-star\" data-star=\"2\" style=\"padding-right: 5px\">\n            \n\n<div class=\"kksr-icon\" style=\"width: 30px; height: 30px;\"><\/div>\n        <\/div>\n            <div class=\"kksr-star\" data-star=\"3\" style=\"padding-right: 5px\">\n            \n\n<div class=\"kksr-icon\" style=\"width: 30px; height: 30px;\"><\/div>\n        <\/div>\n            <div class=\"kksr-star\" data-star=\"4\" style=\"padding-right: 5px\">\n            \n\n<div class=\"kksr-icon\" style=\"width: 30px; height: 30px;\"><\/div>\n        <\/div>\n            <div class=\"kksr-star\" data-star=\"5\" style=\"padding-right: 5px\">\n            \n\n<div class=\"kksr-icon\" style=\"width: 30px; height: 30px;\"><\/div>\n        <\/div>\n    <\/div>\n    \n<div class=\"kksr-stars-active\" style=\"width: 0px;\">\n            <div class=\"kksr-star\" style=\"padding-right: 5px\">\n            \n\n<div class=\"kksr-icon\" style=\"width: 30px; height: 30px;\"><\/div>\n        <\/div>\n            <div class=\"kksr-star\" style=\"padding-right: 5px\">\n            \n\n<div class=\"kksr-icon\" style=\"width: 30px; height: 30px;\"><\/div>\n        <\/div>\n            <div class=\"kksr-star\" style=\"padding-right: 5px\">\n            \n\n<div class=\"kksr-icon\" style=\"width: 30px; height: 30px;\"><\/div>\n        <\/div>\n            <div class=\"kksr-star\" style=\"padding-right: 5px\">\n            \n\n<div class=\"kksr-icon\" style=\"width: 30px; height: 30px;\"><\/div>\n        <\/div>\n            <div class=\"kksr-star\" style=\"padding-right: 5px\">\n            \n\n<div class=\"kksr-icon\" style=\"width: 30px; height: 30px;\"><\/div>\n        <\/div>\n    <\/div>\n<\/div>\n                \n\n<div class=\"kksr-legend\" style=\"font-size: 24px;\">\n            <span class=\"kksr-muted\">Rate this page<\/span>\n    <\/div>\n    <\/div>\n<h1><a href=\"https:\/\/lottomat.com\/ro\/joaca\/\"><img loading=\"lazy\" decoding=\"async\" class=\"aligncenter wp-image-249397 size-full\" src=\"https:\/\/lottomat.com\/wp-content\/uploads\/2025\/08\/Romanian.png\" alt=\"keno online\" width=\"1140\" height=\"179\" srcset=\"https:\/\/lottomat.com\/wp-content\/uploads\/2025\/08\/Romanian.png 1140w, https:\/\/lottomat.com\/wp-content\/uploads\/2025\/08\/Romanian-980x154.png 980w, https:\/\/lottomat.com\/wp-content\/uploads\/2025\/08\/Romanian-480x75.png 480w\" sizes=\"auto, (min-width: 0px) and (max-width: 480px) 480px, (min-width: 481px) and (max-width: 980px) 980px, (min-width: 981px) 1140px, 100vw\" \/><\/a><\/h1>\r\n<p>Keno, un joc de noroc care a fascinat juc\u0103tori din \u00eentreaga lume, continu\u0103 s\u0103 fie unul dintre preferatele pasiona\u021bilor de loterie. Originar din cazinouri, Keno a dep\u0103\u0219it grani\u021bele tradi\u021bionale \u0219i a g\u0103sit un loc \u00een inimile multora prin loteriile na\u021bionale \u0219i platformele online. De la cazinourile aglomerate din Las Vegas p\u00e2n\u0103 la confortul propriei case, Keno ofer\u0103 emo\u021bie \u0219i \u0219ansa unor c\u00e2\u0219tiguri substan\u021biale. Ast\u0103zi, po\u021bi participa la diverse loterii Keno, precum Keno Grecesc sau Keno Finlandez, \u0219i te po\u021bi bucura de adrenalina jocului oriunde te-ai afla.<\/p>\r\n<h2>Joac\u0103 Keno de oriunde din lume, \u00een confortul casei tale!<\/h2>\r\n<p>Datorit\u0103 apari\u021biei jocurilor online, acum po\u021bi juca loterii Keno din diferite \u021b\u0103ri la orice or\u0103 dore\u0219ti. Site-ul nostru prezint\u0103 cele mai bune loterii Keno cu cele mai atractive premii. Fie c\u0103 e\u0219ti un juc\u0103tor din Rom\u00e2nia care vrea s\u0103 <a href=\"https:\/\/lottomat.com\/ro\/joaca\/finnish-keno\/\">\u00eencerce Keno Finlandez online<\/a> sau cineva interesat de <a href=\"https:\/\/lottomat.com\/play\/greek-keno\/\">Keno Grecesc online<\/a>, este posibil s\u0103 joci aceste jocuri palpitante pe platforma noastr\u0103.<\/p>\r\n<h2><img loading=\"lazy\" decoding=\"async\" class=\"alignleft wp-image-6321\" src=\"https:\/\/lottomat.com\/wp-content\/uploads\/2025\/03\/world-of-New-York-Lotto-150x150.png\" alt=\"Cum s\u0103 joci Keno online\" width=\"130\" height=\"130\" srcset=\"https:\/\/lottomat.com\/wp-content\/uploads\/2025\/03\/world-of-New-York-Lotto-150x150.png 150w, https:\/\/lottomat.com\/wp-content\/uploads\/2025\/03\/world-of-New-York-Lotto-300x300.png 300w, https:\/\/lottomat.com\/wp-content\/uploads\/2025\/03\/world-of-New-York-Lotto-100x100.png 100w, https:\/\/lottomat.com\/wp-content\/uploads\/2025\/03\/world-of-New-York-Lotto.png 400w\" sizes=\"auto, (max-width: 130px) 100vw, 130px\" \/>Cum s\u0103 joci Keno online pe site-ul nostru?<\/h2>\r\n<p>S\u0103 \u00eencepi cu Keno pe Lottomat este u\u0219or \u0219i intuitiv. Mai \u00eent\u00e2i, trebuie s\u0103 \u00ee\u021bi creezi un cont pe site-ul nostru, care este foarte prietenos cu utilizatorii. Dup\u0103 \u00eenregistrare, po\u021bi explora gama noastr\u0103 variat\u0103 de jocuri Keno, aleg\u00e2nd unul sau mai multe pentru a-\u021bi \u00eencerca norocul. Platforma noastr\u0103 modern\u0103 asigur\u0103 o experien\u021b\u0103 f\u0103r\u0103 cusur, indiferent dac\u0103 folose\u0219ti calculatorul, smartphone-ul sau orice alt dispozitiv mobil.<\/p><p>\u00ce\u021bi oferim comoditatea de a cump\u0103ra bilete Keno pentru extragerea urm\u0103toare, dar \u0219i &#8222;bilete pentru mai multe extrageri&#8221;, care \u00ee\u021bi permit s\u0103 achizi\u021bionezi particip\u0103ri pentru mai multe, chiar \u0219i p\u00e2n\u0103 la 100 de extrageri consecutive ale unei anumite loterii. Selecteaz\u0103-\u021bi numerele norocoase manual sau prin op\u021biunea noastr\u0103 Quick Pick, decide c\u00e2te linii vrei s\u0103 joci, cump\u0103r\u0103 biletele Keno online \u0219i apoi tot ce trebuie s\u0103 faci este s\u0103 a\u0219tep\u021bi rezultatele extragerii, care vor fi publicate pe site-ul nostru. Doar d\u0103 click \u0219i <a href=\"https:\/\/lottomat.com\/ro\/249432-2\/\">verific\u0103 ultimele rezultate Keno \u0219i numerele c\u00e2\u0219tig\u0103toare<\/a> oric\u00e2nd!<\/p><figure class=\"wp-block-image alignleft size-full is-resized\"><\/figure>\r\n<!-- \/wp:post-content -->\r\n\r\n<!-- wp:heading {\"level\":3} -->\r\n<h3 class=\"wp-block-heading\">Bilete Keno Online<\/h3>\r\n<!-- wp:paragraph -->\r\n<p>Cump\u0103rarea biletelor Keno online prin Lottomat asigur\u0103 stocarea lor \u00een siguran\u021b\u0103 \u00een contul t\u0103u de juc\u0103tor, elimin\u00e2nd riscul de a le pierde. Po\u021bi accesa biletele tale oric\u00e2nd, \u00een sec\u021biunea &#8222;Biletele mele&#8221;. Alege s\u0103 cumperi bilete pentru extragerea imediat urm\u0103toare sau opteaz\u0103 pentru &#8222;bilete pentru mai multe extrageri&#8221; ca s\u0103 participi la mai multe extrageri consecutive. Procesul intuitiv \u00ee\u021bi permite s\u0103 selectezi jocul Keno preferat, s\u0103 alegi numerele dorite \u0219i s\u0103 finalizezi achizi\u021bia \u00een siguran\u021b\u0103. Bucur\u0103-te de comoditate \u0219i lini\u0219te sufleteasc\u0103 cu Lottomat \u0219i nu rata niciodat\u0103 ocazia de a juca \u0219i c\u00e2\u0219tiga.<\/p>\r\n<!-- \/wp:paragraph -->\r\n\r\n<!-- wp:heading -->\r\n<h2 class=\"wp-block-heading\">TOP Loterii Keno Online de jucat<img loading=\"lazy\" decoding=\"async\" class=\"alignright wp-image-6205\" src=\"https:\/\/lottomat.com\/wp-content\/uploads\/2025\/03\/The-Magic-Numbers-150x150.png\" alt=\"TOP Keno Online\" width=\"130\" height=\"130\" srcset=\"https:\/\/lottomat.com\/wp-content\/uploads\/2025\/03\/The-Magic-Numbers-150x150.png 150w, https:\/\/lottomat.com\/wp-content\/uploads\/2025\/03\/The-Magic-Numbers-300x300.png 300w, https:\/\/lottomat.com\/wp-content\/uploads\/2025\/03\/The-Magic-Numbers-100x100.png 100w, https:\/\/lottomat.com\/wp-content\/uploads\/2025\/03\/The-Magic-Numbers.png 400w\" sizes=\"auto, (max-width: 130px) 100vw, 130px\" \/><\/h2>\r\n<!-- \/wp:heading -->\r\n\r\n<!-- wp:paragraph -->\r\n<p>C\u00e2nd vine vorba de Keno, varietatea de op\u021biuni disponibile online este cu adev\u0103rat remarcabil\u0103. Fiecare loterie Keno ofer\u0103 propriile caracteristici unice, structuri de premii \u0219i frecven\u021be ale extragerilor, adaptate diferitelor preferin\u021be \u0219i stiluri de joc. Aici \u00ee\u021bi prezent\u0103m c\u00e2teva dintre cele mai bune loterii Keno pe care le po\u021bi juca pe Lottomat, fiecare oferind o \u0219ans\u0103 palpitant\u0103 de a c\u00e2\u0219tiga pe m\u0103sur\u0103.<\/p>\r\n<!-- \/wp:paragraph -->\r\n\r\n<!-- wp:heading {\"level\":3} -->\r\n<h3 class=\"wp-block-heading\">Keno Francez<\/h3>\r\n<!-- \/wp:heading -->\r\n\r\n<!-- wp:paragraph -->\r\n<p>Keno Francez este o variant\u0103 foarte \u00eendr\u0103git\u0103, care ofer\u0103 juc\u0103torilor \u0219ansa de a c\u00e2\u0219tiga premii impresionante de dou\u0103 ori pe zi. Formatul jocului este simplu, permi\u021b\u00e2nd juc\u0103torilor s\u0103 aleag\u0103 \u00eentre 2 \u0219i 10 numere dintr-un total de 70. Cu extrageri regulate \u0219i jackpoturi atractive, Keno Francez promite emo\u021bie \u0219i recompense. Dac\u0103 vrei s\u0103 joci \u2013 apas\u0103 aici \u0219i <a href=\"https:\/\/lottomat.com\/ro\/joaca\/french-keno\/\">joac\u0103 Keno Francez online<\/a>!<\/p>\r\n<h3>Keno Grecesc<\/h3>\r\n<p>Keno Grecesc este extrem de popular datorit\u0103 extragerilor frecvente, ce au loc la fiecare cinci minute, oferind numeroase \u0219anse de c\u00e2\u0219tig pe parcursul zilei. Juc\u0103torii selecteaz\u0103 p\u00e2n\u0103 la 12 numere dintr-un total de 80, iar frecven\u021ba mare a extragerilor \u00eenseamn\u0103 c\u0103 \u00eentotdeauna exist\u0103 o \u0219ans\u0103 s\u0103 \u00ee\u021bi \u00eencerci norocul. <a href=\"https:\/\/lottomat.com\/lotteries\/greek-keno\/\">Verific\u0103 premiile \u0219i regulile Keno Grecesc<\/a> pentru mai multe detalii.<\/p>\r\n<h3>Keno Slovac<\/h3>\r\n<p>Keno Slovac aduce un plus de originalitate cu extragerile sale zilnice \u0219i formatul simplu. Extragerea are loc la fiecare 2 minute! Juc\u0103torii pot alege p\u00e2n\u0103 la 7 numere dintr-un total de 80. Simplitatea jocului \u0219i frecven\u021ba extragerilor \u00eel fac s\u0103 fie un favorit printre pasiona\u021bii de Keno. Al\u0103tur\u0103-te lor \u0219i joac\u0103 Keno Slovac online pe Lottomat.<\/p>\r\n<h3>Keno Finlandez<\/h3>\r\n<p>Keno Finlandez este cunoscut pentru structura generoas\u0103 a premiilor \u0219i extragerile zilnice. Juc\u0103torii aleg p\u00e2n\u0103 la 10 numere dintr-un total de 70, iar caracterul simplu al jocului, combinat cu \u0219ansa unor c\u00e2\u0219tiguri substan\u021biale, \u00eel face o alegere popular\u0103.<\/p>\r\n<h3>Keno Italian<\/h3>\r\n<p>Keno Italian, cunoscut drept &#8222;Keno Italia&#8221;, are o istorie bogat\u0103 \u0219i o experien\u021b\u0103 de joc intuitiv\u0103. Juc\u0103torii selecteaz\u0103 p\u00e2n\u0103 la 10 numere dintr-un total de 90, iar extragerile zilnice ofer\u0103 numeroase \u0219anse de c\u00e2\u0219tig. Longevitatea \u0219i simplitatea jocului continu\u0103 s\u0103 atrag\u0103 o comunitate loial\u0103. Vrei s\u0103 <a href=\"https:\/\/lottomat.com\/play\/italian-keno\/\">joci Keno Italian online<\/a>? Al\u0103tur\u0103-te nou\u0103!<\/p>\r\n<h3>Keno Maghiar<\/h3>\r\n<p>Keno Maghiar, cu extragerile sale zilnice, ofer\u0103 juc\u0103torilor \u0219ansa de a c\u00e2\u0219tiga premii importante. Juc\u0103torii pot selecta p\u00e2n\u0103 la 10 numere dintr-un total de 80, iar extragerile regulate asigur\u0103 c\u0103 \u00eentotdeauna ai o oportunitate s\u0103-\u021bi testezi norocul. \u00cenregistreaz\u0103-te pe site-ul nostru \u0219i <a href=\"https:\/\/lottomat.com\/play\/hungarian-keno\/\">joac\u0103 Keno Maghiar online<\/a> oric\u00e2nd!<\/p>\r\n<!-- \/wp:paragraph -->\r\n\r\n<!-- wp:image {\"align\":\"left\",\"id\":186644,\"width\":130,\"height\":130,\"sizeSlug\":\"full\",\"linkDestination\":\"none\"} -->\r\n<figure class=\"wp-block-image alignleft size-full is-resized\"><\/figure>\r\n<!-- \/wp:image -->\r\n\r\n<!-- wp:heading {\"level\":3} \/-->\r\n\r\n<!-- wp:paragraph \/-->\r\n\r\n<!-- wp:heading {\"level\":3} \/-->\r\n\r\n<!-- wp:paragraph \/-->\r\n\r\n<!-- wp:heading {\"level\":3} \/-->\r\n\r\n<!-- wp:image {\"align\":\"left\",\"id\":186708,\"width\":130,\"height\":130,\"sizeSlug\":\"full\",\"linkDestination\":\"none\"} -->\r\n<figure class=\"wp-block-image alignleft size-full is-resized\"><\/figure>\r\n<!-- \/wp:image -->\r\n\r\n<!-- wp:heading {\"level\":3} \/-->\r\n\r\n<!-- wp:paragraph \/-->\r\n\r\n<!-- wp:heading {\"level\":3} \/-->\r\n\r\n<!-- wp:paragraph -->\r\n<h2><img loading=\"lazy\" decoding=\"async\" class=\"alignleft wp-image-8208\" src=\"https:\/\/lottomat.com\/wp-content\/uploads\/2025\/04\/Playing-the-New-York-Lottery-150x150.png\" alt=\"Joac\u0103 Keno Online\" width=\"130\" height=\"130\" srcset=\"https:\/\/lottomat.com\/wp-content\/uploads\/2025\/04\/Playing-the-New-York-Lottery-150x150.png 150w, https:\/\/lottomat.com\/wp-content\/uploads\/2025\/04\/Playing-the-New-York-Lottery-300x300.png 300w, https:\/\/lottomat.com\/wp-content\/uploads\/2025\/04\/Playing-the-New-York-Lottery-100x100.png 100w, https:\/\/lottomat.com\/wp-content\/uploads\/2025\/04\/Playing-the-New-York-Lottery.png 400w\" sizes=\"auto, (max-width: 130px) 100vw, 130px\" \/>Joac\u0103 Keno Online &amp; Distraz\u0103-te!<\/h2>\r\n<p>Juc\u00e2nd Keno online pe Lottomat, po\u021bi experimenta emo\u021bia acestui joc clasic din confortul casei tale, oric\u00e2nd dore\u0219ti. Cu o varietate de loterii Keno interna\u021bionale disponibile pe platforma noastr\u0103, po\u021bi explora diferite versiuni \u0219i s\u0103 o alegi pe cea care \u021bi se potrive\u0219te cel mai bine. Fie c\u0103 e\u0219ti un juc\u0103tor cu experien\u021b\u0103 sau nou \u00een lumea Keno, Lottomat \u00ee\u021bi ofer\u0103 o modalitate comod\u0103 \u0219i palpitant\u0103 de a te bucura de acest joc atemporal. \u00censcrie-te ast\u0103zi, alege-\u021bi numerele norocoase \u0219i po\u021bi deveni urm\u0103torul c\u00e2\u0219tig\u0103tor la una dintre multele noastre loterii Keno online!<\/p>\r\n<!-- \/wp:paragraph -->\r\n\r\n<!-- wp:image {\"align\":\"left\",\"id\":186676,\"width\":130,\"height\":130,\"sizeSlug\":\"full\",\"linkDestination\":\"none\"} -->\r\n<figure class=\"wp-block-image alignleft size-full is-resized\"><\/figure>\r\n<!-- \/wp:image -->\r\n\r\n<!-- wp:heading \/-->","protected":false},"excerpt":{"rendered":"<p>Keno, un joc de noroc care a fascinat juc\u0103tori din \u00eentreaga lume, continu\u0103 s\u0103 fie unul dintre preferatele pasiona\u021bilor de loterie. Originar din cazinouri, Keno a dep\u0103\u0219it grani\u021bele tradi\u021bionale \u0219i a g\u0103sit un loc \u00een inimile multora prin loteriile na\u021bionale \u0219i platformele online. De la cazinourile aglomerate din Las Vegas p\u00e2n\u0103 la confortul propriei case, [&hellip;]<\/p>\n","protected":false},"author":2,"featured_media":0,"parent":0,"menu_order":0,"comment_status":"closed","ping_status":"closed","template":"","meta":{"_et_pb_use_builder":"","_et_pb_old_content":"","_et_gb_content_width":"","exclude_from_search":false,"footnotes":""},"class_list":["post-249395","page","type-page","status-publish","hentry"],"yoast_head":"<!-- This site is optimized with the Yoast SEO plugin v23.8 - https:\/\/yoast.com\/wordpress\/plugins\/seo\/ -->\n<title>Joac\u0103 Keno Online - Cump\u0103r\u0103 Bilete Keno - Lottomat<\/title>\n<meta name=\"description\" content=\"Joac\u0103 Keno online! Vezi cele mai bune loterii Keno online pe site-ul nostru. Cump\u0103r\u0103 bilete Keno pentru urm\u0103toarea extragere!\" \/>\n<meta name=\"robots\" content=\"index, follow, max-snippet:-1, max-image-preview:large, max-video-preview:-1\" \/>\n<link rel=\"canonical\" href=\"https:\/\/lottomat.com\/ro\/keno\/\" \/>\n<meta property=\"og:locale\" content=\"ro_RO\" \/>\n<meta property=\"og:type\" content=\"article\" \/>\n<meta property=\"og:title\" content=\"Joac\u0103 Keno Online - Cump\u0103r\u0103 Bilete Keno - Lottomat\" \/>\n<meta property=\"og:description\" content=\"Joac\u0103 Keno online! Vezi cele mai bune loterii Keno online pe site-ul nostru. Cump\u0103r\u0103 bilete Keno pentru urm\u0103toarea extragere!\" \/>\n<meta property=\"og:url\" content=\"https:\/\/lottomat.com\/ro\/keno\/\" \/>\n<meta property=\"og:site_name\" content=\"Lottomat\" \/>\n<meta property=\"article:modified_time\" content=\"2025-08-12T07:44:48+00:00\" \/>\n<meta property=\"og:image\" content=\"https:\/\/lottomat.com\/wp-content\/uploads\/2025\/08\/Romanian.png\" \/>\n<meta name=\"twitter:card\" content=\"summary_large_image\" \/>\n<meta name=\"twitter:label1\" content=\"Timp estimat pentru citire\" \/>\n\t<meta name=\"twitter:data1\" content=\"5 minute\" \/>\n<script type=\"application\/ld+json\" class=\"yoast-schema-graph\">{\"@context\":\"https:\/\/schema.org\",\"@graph\":[{\"@type\":\"WebPage\",\"@id\":\"https:\/\/lottomat.com\/ro\/keno\/\",\"url\":\"https:\/\/lottomat.com\/ro\/keno\/\",\"name\":\"Joac\u0103 Keno Online - Cump\u0103r\u0103 Bilete Keno - Lottomat\",\"isPartOf\":{\"@id\":\"https:\/\/lottomat.com\/ro\/#website\"},\"primaryImageOfPage\":{\"@id\":\"https:\/\/lottomat.com\/ro\/keno\/#primaryimage\"},\"image\":{\"@id\":\"https:\/\/lottomat.com\/ro\/keno\/#primaryimage\"},\"thumbnailUrl\":\"https:\/\/lottomat.com\/wp-content\/uploads\/2025\/08\/Romanian.png\",\"datePublished\":\"2025-08-04T08:32:07+00:00\",\"dateModified\":\"2025-08-12T07:44:48+00:00\",\"description\":\"Joac\u0103 Keno online! Vezi cele mai bune loterii Keno online pe site-ul nostru. Cump\u0103r\u0103 bilete Keno pentru urm\u0103toarea extragere!\",\"breadcrumb\":{\"@id\":\"https:\/\/lottomat.com\/ro\/keno\/#breadcrumb\"},\"inLanguage\":\"ro-RO\",\"potentialAction\":[{\"@type\":\"ReadAction\",\"target\":[\"https:\/\/lottomat.com\/ro\/keno\/\"]}]},{\"@type\":\"ImageObject\",\"inLanguage\":\"ro-RO\",\"@id\":\"https:\/\/lottomat.com\/ro\/keno\/#primaryimage\",\"url\":\"https:\/\/lottomat.com\/wp-content\/uploads\/2025\/08\/Romanian.png\",\"contentUrl\":\"https:\/\/lottomat.com\/wp-content\/uploads\/2025\/08\/Romanian.png\"},{\"@type\":\"BreadcrumbList\",\"@id\":\"https:\/\/lottomat.com\/ro\/keno\/#breadcrumb\",\"itemListElement\":[{\"@type\":\"ListItem\",\"position\":1,\"name\":\"Home\",\"item\":\"https:\/\/lottomat.com\/ro\/\"},{\"@type\":\"ListItem\",\"position\":2,\"name\":\"Joac\u0103 Keno Online pe Lottomat\"}]},{\"@type\":\"WebSite\",\"@id\":\"https:\/\/lottomat.com\/ro\/#website\",\"url\":\"https:\/\/lottomat.com\/ro\/\",\"name\":\"Lottomat\",\"description\":\"\",\"potentialAction\":[{\"@type\":\"SearchAction\",\"target\":{\"@type\":\"EntryPoint\",\"urlTemplate\":\"https:\/\/lottomat.com\/ro\/?s={search_term_string}\"},\"query-input\":{\"@type\":\"PropertyValueSpecification\",\"valueRequired\":true,\"valueName\":\"search_term_string\"}}],\"inLanguage\":\"ro-RO\"}]}<\/script>\n<!-- \/ Yoast SEO plugin. -->","yoast_head_json":{"title":"Joac\u0103 Keno Online - Cump\u0103r\u0103 Bilete Keno - Lottomat","description":"Joac\u0103 Keno online! Vezi cele mai bune loterii Keno online pe site-ul nostru. Cump\u0103r\u0103 bilete Keno pentru urm\u0103toarea extragere!","robots":{"index":"index","follow":"follow","max-snippet":"max-snippet:-1","max-image-preview":"max-image-preview:large","max-video-preview":"max-video-preview:-1"},"canonical":"https:\/\/lottomat.com\/ro\/keno\/","og_locale":"ro_RO","og_type":"article","og_title":"Joac\u0103 Keno Online - Cump\u0103r\u0103 Bilete Keno - Lottomat","og_description":"Joac\u0103 Keno online! Vezi cele mai bune loterii Keno online pe site-ul nostru. Cump\u0103r\u0103 bilete Keno pentru urm\u0103toarea extragere!","og_url":"https:\/\/lottomat.com\/ro\/keno\/","og_site_name":"Lottomat","article_modified_time":"2025-08-12T07:44:48+00:00","og_image":[{"url":"https:\/\/lottomat.com\/wp-content\/uploads\/2025\/08\/Romanian.png"}],"twitter_card":"summary_large_image","twitter_misc":{"Timp estimat pentru citire":"5 minute"},"schema":{"@context":"https:\/\/schema.org","@graph":[{"@type":"WebPage","@id":"https:\/\/lottomat.com\/ro\/keno\/","url":"https:\/\/lottomat.com\/ro\/keno\/","name":"Joac\u0103 Keno Online - Cump\u0103r\u0103 Bilete Keno - Lottomat","isPartOf":{"@id":"https:\/\/lottomat.com\/ro\/#website"},"primaryImageOfPage":{"@id":"https:\/\/lottomat.com\/ro\/keno\/#primaryimage"},"image":{"@id":"https:\/\/lottomat.com\/ro\/keno\/#primaryimage"},"thumbnailUrl":"https:\/\/lottomat.com\/wp-content\/uploads\/2025\/08\/Romanian.png","datePublished":"2025-08-04T08:32:07+00:00","dateModified":"2025-08-12T07:44:48+00:00","description":"Joac\u0103 Keno online! Vezi cele mai bune loterii Keno online pe site-ul nostru. Cump\u0103r\u0103 bilete Keno pentru urm\u0103toarea extragere!","breadcrumb":{"@id":"https:\/\/lottomat.com\/ro\/keno\/#breadcrumb"},"inLanguage":"ro-RO","potentialAction":[{"@type":"ReadAction","target":["https:\/\/lottomat.com\/ro\/keno\/"]}]},{"@type":"ImageObject","inLanguage":"ro-RO","@id":"https:\/\/lottomat.com\/ro\/keno\/#primaryimage","url":"https:\/\/lottomat.com\/wp-content\/uploads\/2025\/08\/Romanian.png","contentUrl":"https:\/\/lottomat.com\/wp-content\/uploads\/2025\/08\/Romanian.png"},{"@type":"BreadcrumbList","@id":"https:\/\/lottomat.com\/ro\/keno\/#breadcrumb","itemListElement":[{"@type":"ListItem","position":1,"name":"Home","item":"https:\/\/lottomat.com\/ro\/"},{"@type":"ListItem","position":2,"name":"Joac\u0103 Keno Online pe Lottomat"}]},{"@type":"WebSite","@id":"https:\/\/lottomat.com\/ro\/#website","url":"https:\/\/lottomat.com\/ro\/","name":"Lottomat","description":"","potentialAction":[{"@type":"SearchAction","target":{"@type":"EntryPoint","urlTemplate":"https:\/\/lottomat.com\/ro\/?s={search_term_string}"},"query-input":{"@type":"PropertyValueSpecification","valueRequired":true,"valueName":"search_term_string"}}],"inLanguage":"ro-RO"}]}},"_links":{"self":[{"href":"https:\/\/lottomat.com\/ro\/wp-json\/wp\/v2\/pages\/249395","targetHints":{"allow":["GET"]}}],"collection":[{"href":"https:\/\/lottomat.com\/ro\/wp-json\/wp\/v2\/pages"}],"about":[{"href":"https:\/\/lottomat.com\/ro\/wp-json\/wp\/v2\/types\/page"}],"author":[{"embeddable":true,"href":"https:\/\/lottomat.com\/ro\/wp-json\/wp\/v2\/users\/2"}],"replies":[{"embeddable":true,"href":"https:\/\/lottomat.com\/ro\/wp-json\/wp\/v2\/comments?post=249395"}],"version-history":[{"count":0,"href":"https:\/\/lottomat.com\/ro\/wp-json\/wp\/v2\/pages\/249395\/revisions"}],"wp:attachment":[{"href":"https:\/\/lottomat.com\/ro\/wp-json\/wp\/v2\/media?parent=249395"}],"curies":[{"name":"wp","href":"https:\/\/api.w.org\/{rel}","templated":true}]}}