{"id":247535,"date":"2025-05-18T16:34:38","date_gmt":"2025-05-18T16:34:38","guid":{"rendered":"https:\/\/lottomat.com\/?page_id=247535"},"modified":"2026-03-01T20:11:53","modified_gmt":"2026-03-01T20:11:53","slug":"euromillions-eu","status":"publish","type":"page","link":"https:\/\/lottomat.com\/ro\/rezultate\/euromillions-eu\/","title":{"rendered":"Rezultate EuroMillions Austria \u2013 numerele c\u00e2\u0219tig\u0103toare EuroMillions UE"},"content":{"rendered":"\n\n<div class=\"kk-star-ratings kksr-auto kksr-align-left kksr-valign-top\"\n    data-payload='{&quot;align&quot;:&quot;left&quot;,&quot;id&quot;:&quot;247535&quot;,&quot;slug&quot;:&quot;default&quot;,&quot;valign&quot;:&quot;top&quot;,&quot;ignore&quot;:&quot;&quot;,&quot;reference&quot;:&quot;auto&quot;,&quot;class&quot;:&quot;&quot;,&quot;count&quot;:&quot;0&quot;,&quot;legendonly&quot;:&quot;&quot;,&quot;readonly&quot;:&quot;&quot;,&quot;score&quot;:&quot;0&quot;,&quot;starsonly&quot;:&quot;&quot;,&quot;best&quot;:&quot;5&quot;,&quot;gap&quot;:&quot;5&quot;,&quot;greet&quot;:&quot;Rate this page&quot;,&quot;legend&quot;:&quot;0\\\/5 - (0 votes)&quot;,&quot;size&quot;:&quot;30&quot;,&quot;title&quot;:&quot;Rezultate EuroMillions Austria \u2013 numerele c\u00e2\u0219tig\u0103toare EuroMillions UE&quot;,&quot;width&quot;:&quot;0&quot;,&quot;_legend&quot;:&quot;{score}\\\/{best} - ({count} {votes})&quot;,&quot;font_factor&quot;:&quot;1.25&quot;}'>\n            \n<div class=\"kksr-stars\">\n    \n<div class=\"kksr-stars-inactive\">\n            <div class=\"kksr-star\" data-star=\"1\" style=\"padding-right: 5px\">\n            \n\n<div class=\"kksr-icon\" style=\"width: 30px; height: 30px;\"><\/div>\n        <\/div>\n            <div class=\"kksr-star\" data-star=\"2\" style=\"padding-right: 5px\">\n            \n\n<div class=\"kksr-icon\" style=\"width: 30px; height: 30px;\"><\/div>\n        <\/div>\n            <div class=\"kksr-star\" data-star=\"3\" style=\"padding-right: 5px\">\n            \n\n<div class=\"kksr-icon\" style=\"width: 30px; height: 30px;\"><\/div>\n        <\/div>\n            <div class=\"kksr-star\" data-star=\"4\" style=\"padding-right: 5px\">\n            \n\n<div class=\"kksr-icon\" style=\"width: 30px; height: 30px;\"><\/div>\n        <\/div>\n            <div class=\"kksr-star\" data-star=\"5\" style=\"padding-right: 5px\">\n            \n\n<div class=\"kksr-icon\" style=\"width: 30px; height: 30px;\"><\/div>\n        <\/div>\n    <\/div>\n    \n<div class=\"kksr-stars-active\" style=\"width: 0px;\">\n            <div class=\"kksr-star\" style=\"padding-right: 5px\">\n            \n\n<div class=\"kksr-icon\" style=\"width: 30px; height: 30px;\"><\/div>\n        <\/div>\n            <div class=\"kksr-star\" style=\"padding-right: 5px\">\n            \n\n<div class=\"kksr-icon\" style=\"width: 30px; height: 30px;\"><\/div>\n        <\/div>\n            <div class=\"kksr-star\" style=\"padding-right: 5px\">\n            \n\n<div class=\"kksr-icon\" style=\"width: 30px; height: 30px;\"><\/div>\n        <\/div>\n            <div class=\"kksr-star\" style=\"padding-right: 5px\">\n            \n\n<div class=\"kksr-icon\" style=\"width: 30px; height: 30px;\"><\/div>\n        <\/div>\n            <div class=\"kksr-star\" style=\"padding-right: 5px\">\n            \n\n<div class=\"kksr-icon\" style=\"width: 30px; height: 30px;\"><\/div>\n        <\/div>\n    <\/div>\n<\/div>\n                \n\n<div class=\"kksr-legend\" style=\"font-size: 24px;\">\n            <span class=\"kksr-muted\">Rate this page<\/span>\n    <\/div>\n    <\/div>\n<h2>Descoperi\u021bi emo\u021bia rezultatelor EuroMillions Austria<img loading=\"lazy\" decoding=\"async\" class=\"alignright wp-image-268309\" src=\"https:\/\/lottomat.com\/wp-content\/uploads\/2026\/01\/Austrian-EuroMillions-draw.webp\" alt=\"Extragerea EuroMillions din Austria\" width=\"200\" height=\"200\" srcset=\"https:\/\/lottomat.com\/wp-content\/uploads\/2026\/01\/Austrian-EuroMillions-draw.webp 400w, https:\/\/lottomat.com\/wp-content\/uploads\/2026\/01\/Austrian-EuroMillions-draw-300x300.webp 300w, https:\/\/lottomat.com\/wp-content\/uploads\/2026\/01\/Austrian-EuroMillions-draw-150x150.webp 150w, https:\/\/lottomat.com\/wp-content\/uploads\/2026\/01\/Austrian-EuroMillions-draw-100x100.webp 100w\" sizes=\"auto, (max-width: 200px) 100vw, 200px\" \/><\/h2>\n<p>Dac\u0103 a\u021bi visat vreodat\u0103 s\u0103 v\u0103 schimba\u021bi via\u021ba peste noapte, EuroMillions Austria este loteria care transform\u0103 visele \u00een realitate. Cu extragerile sale palpitante, jackpoturile care schimb\u0103 vie\u021bi \u0219i pove\u0219tile unor c\u00e2\u0219tig\u0103tori incredibili, EuroMillions Austria capteaz\u0103 imagina\u021bia a milioane de oameni din \u00eentreaga Europ\u0103 \u00een fiecare s\u0103pt\u0103m\u00e2n\u0103. Indiferent dac\u0103 sunte\u021bi un juc\u0103tor experimentat sau doar v\u0103 g\u00e2ndi\u021bi s\u0103 cump\u0103ra\u021bi primul bilet, citirea despre rezultate \u0219i posibilit\u0103\u021bi poate aprinde un sentiment de entuziasm \u0219i speran\u021b\u0103. Haide\u021bi s\u0103 p\u0103trundem \u00een lumea rezultatelor EuroMillions Austria, s\u0103 explor\u0103m cele mai mari c\u00e2\u0219tiguri \u0219i s\u0103 vedem c\u00e2t de des z\u00e2mbe\u0219te norocul juc\u0103torilor noroco\u0219i!<\/p>\n<h2>C\u00e2\u0219tiguri record: face\u021bi cuno\u0219tin\u021b\u0103 cu cei mai mari c\u00e2\u0219tig\u0103tori EuroMillions Austria<\/h2>\n<p>C\u00e2nd vine vorba de jackpoturi uluitoare, EuroMillions Austria a scris cu siguran\u021b\u0103 istorie. Aceast\u0103 loterie, ca parte a consor\u021biului EuroMillions, ofer\u0103 \u00een mod regulat premii care pot atinge sume extraordinare, uneori dep\u0103\u0219ind 100 de milioane de euro. De-a lungul anilor, \u00een Austria au avut loc c\u00e2\u0219tiguri remarcabile, care au schimbat pentru totdeauna vie\u021bile celor care de\u021bineau biletele norocoase.<img loading=\"lazy\" decoding=\"async\" class=\"alignleft wp-image-268340\" src=\"https:\/\/lottomat.com\/wp-content\/uploads\/2026\/01\/Austrian-EuroMillions-numbers.webp\" alt=\"Numerele EuroMillions Austria\" width=\"200\" height=\"200\" srcset=\"https:\/\/lottomat.com\/wp-content\/uploads\/2026\/01\/Austrian-EuroMillions-numbers.webp 400w, https:\/\/lottomat.com\/wp-content\/uploads\/2026\/01\/Austrian-EuroMillions-numbers-300x300.webp 300w, https:\/\/lottomat.com\/wp-content\/uploads\/2026\/01\/Austrian-EuroMillions-numbers-150x150.webp 150w, https:\/\/lottomat.com\/wp-content\/uploads\/2026\/01\/Austrian-EuroMillions-numbers-100x100.webp 100w\" sizes=\"auto, (max-width: 200px) 100vw, 200px\" \/><\/p>\n<p>Unul dintre cele mai faimoase c\u00e2\u0219tiguri din Austria a avut loc \u00een august 2020, c\u00e2nd un grup de colegi din Viena a c\u00e2\u0219tigat incredibila sum\u0103 de 45 de milioane de euro. Povestea lor a devenit o senza\u021bie \u00een \u00eentreaga \u021bar\u0103 \u2013 prietenii \u0219i familia au s\u0103rb\u0103torit, iar c\u00e2\u0219tig\u0103torii abia \u00ee\u0219i puteau crede norocul. Nu a fost doar o victorie pentru un singur individ, ci pentru o echip\u0103 ale c\u0103rei vie\u021bi s-au transformat \u00eempreun\u0103.<\/p>\n<p>Un alt moment de neuitat a avut loc \u00een 2018, c\u00e2nd un juc\u0103tor din Salzburg a nimerit toate cele cinci numere principale \u0219i ambele Lucky Stars, asigur\u00e2ndu-\u0219i un jackpot de 30 de milioane de euro. C\u00e2\u0219tig\u0103torul a ales s\u0103 r\u0103m\u00e2n\u0103 anonim, \u00eens\u0103 presa local\u0103 a relatat despre un val de entuziasm \u00een Salzburg, ora\u0219ul frem\u0103t\u00e2nd de specula\u021bii \u0219i bucurie la aflarea ve\u0219tii.<\/p>\n<p>De\u0219i acestea sunt printre cele mai mari c\u00e2\u0219tiguri, ele sunt departe de a fi singurele pove\u0219ti de noroc. \u00cen toat\u0103 Austria, de la Graz la Innsbruck, EuroMillions a creat noi milionari, fiecare cu propria poveste unic\u0103 despre cum un singur bilet a schimbat totul.<\/p>\n<h2>C\u00e2t de des au loc c\u00e2\u0219tiguri EuroMillions Austria?<\/h2>\n<p>Unul dintre cele mai captivante aspecte ale EuroMillions Austria este frecven\u021ba cu care sunt c\u00e2\u0219tigate <a href=\"https:\/\/lottomat.com\/ro\/informatie\/euromillions\/\">premii EuroMillions Austria care schimb\u0103 vie\u021bi<\/a>. Cu dou\u0103 extrageri pe s\u0103pt\u0103m\u00e2n\u0103 \u2013 mar\u021bea \u0219i vinerea \u2013 oportunit\u0103\u021bile de c\u00e2\u0219tig sunt numeroase. De fapt, statisticile arat\u0103 c\u0103 juc\u0103torii austrieci revendic\u0103 \u00een mod regulat premii importante, at\u00e2t la nivel de jackpot, c\u00e2t \u0219i \u00een categoriile secundare de c\u00e2\u0219tig.<\/p>\n<p>\u0218ansele de a c\u00e2\u0219tiga orice premiu la EuroMillions sunt \u00eencurajatoare, de 1 la 13, ceea ce \u00eenseamn\u0103 c\u0103 aproape fiecare extragere aduce un nou val de c\u00e2\u0219tig\u0103tori. \u00cen Austria, sute de mii de juc\u0103tori primesc premii \u00een fiecare an, variind de la sume mai mici de bani p\u00e2n\u0103 la jackpoturi de mai multe milioane de euro.<img loading=\"lazy\" decoding=\"async\" class=\"alignright wp-image-268370\" src=\"https:\/\/lottomat.com\/wp-content\/uploads\/2026\/01\/EuroMillions-Austria-draw.webp\" alt=\"Rezultate EuroMillions Austria\" width=\"200\" height=\"200\" srcset=\"https:\/\/lottomat.com\/wp-content\/uploads\/2026\/01\/EuroMillions-Austria-draw.webp 400w, https:\/\/lottomat.com\/wp-content\/uploads\/2026\/01\/EuroMillions-Austria-draw-300x300.webp 300w, https:\/\/lottomat.com\/wp-content\/uploads\/2026\/01\/EuroMillions-Austria-draw-150x150.webp 150w, https:\/\/lottomat.com\/wp-content\/uploads\/2026\/01\/EuroMillions-Austria-draw-100x100.webp 100w\" sizes=\"auto, (max-width: 200px) 100vw, 200px\" \/><\/p>\n<p>\u0218i mai palpitant este faptul c\u0103 EuroMillions Austria are adesea report, m\u0103rind jackpotul cu fiecare extragere p\u00e2n\u0103 c\u00e2nd cineva nimere\u0219te toate numerele. Acest lucru poate duce la cre\u0219teri semnificative ale v\u00e2nz\u0103rilor de bilete \u0219i la un sentiment palpabil de a\u0219teptare \u00een \u00eentreaga \u021bar\u0103, pe m\u0103sur\u0103 ce jackpotul cre\u0219te tot mai mult.<\/p>\n<p>Nu doar persoanele individuale c\u00e2\u0219tig\u0103. Sindicatele \u2013 grupuri de prieteni, familii sau colegi \u2013 se asociaz\u0103 frecvent pentru a cump\u0103ra \u00eempreun\u0103 bilete EuroMillions Austria, sporindu-\u0219i \u0219ansele de c\u00e2\u0219tig \u0219i, \u00een multe cazuri, \u00eemp\u0103r\u021bind bucuria unui premiu important.<\/p>\n<h2>Bucuria \u0219i posibilit\u0103\u021bile unui c\u00e2\u0219tig EuroMillions<\/h2>\n<p>Imagina\u021bi-v\u0103 c\u0103 v\u0103 trezi\u021bi \u0219i descoperi\u021bi c\u0103 sunte\u021bi cel mai nou milionar al Austriei. Posibilit\u0103\u021bile sunt infinite: s\u0103 c\u0103l\u0103tori\u021bi \u00een jurul lumii, s\u0103 cump\u0103ra\u021bi casa visurilor, s\u0103 v\u0103 sprijini\u021bi pe cei dragi sau s\u0103 investi\u021bi \u00eentr-un proiect de pasiune la care a\u021bi visat dintotdeauna. Pentru mul\u021bi c\u00e2\u0219tig\u0103tori EuroMillions Austria, realitatea unui mare c\u00e2\u0219tig este chiar mai bun\u0103 dec\u00e2t \u0219i-au imaginat.<\/p>\n<p>Abund\u0103 pove\u0219tile despre c\u00e2\u0219tig\u0103tori care \u0219i-au folosit noua avere pentru a face o diferen\u021b\u0103 \u2013 nu doar \u00een propriile vie\u021bi, ci \u0219i \u00een comunit\u0103\u021bile lor. Unii au donat organiza\u021biilor caritabile locale, au \u00eenceput afaceri care au creat locuri de munc\u0103 sau \u0219i-au \u00eemplinit visele de-o via\u021b\u0103. Fie c\u0103 este vorba de o aventur\u0103 spontan\u0103 sau de o pensionare atent planificat\u0103, libertatea care vine odat\u0103 cu un c\u00e2\u0219tig EuroMillions este cu adev\u0103rat remarcabil\u0103.<\/p>\n<p>\u00cen fiecare mar\u021bi \u0219i vineri, atunci c\u00e2nd sunt anun\u021bate rezultatele, mii de austrieci tr\u0103iesc un fior de anticipa\u021bie. Verificarea numerelor, imaginarea a ceea ce a\u021bi face dac\u0103 a\u021bi c\u00e2\u0219tiga \u0219i \u00eemp\u0103rt\u0103\u0219irea entuziasmului cu prietenii \u0219i familia \u2013 toate acestea fac parte din magia care face EuroMillions Austria at\u00e2t de special.<\/p>\n<h2>Verificarea rezultatelor EuroMillions Austria: primul pas c\u0103tre o via\u021b\u0103 nou\u0103<\/h2>\n<p><img loading=\"lazy\" decoding=\"async\" class=\"alignleft wp-image-268401\" src=\"https:\/\/lottomat.com\/wp-content\/uploads\/2026\/01\/EuroMillions-Austria-results.webp\" alt=\"Rezultatele EuroMillions Austria\" width=\"200\" height=\"200\" srcset=\"https:\/\/lottomat.com\/wp-content\/uploads\/2026\/01\/EuroMillions-Austria-results.webp 400w, https:\/\/lottomat.com\/wp-content\/uploads\/2026\/01\/EuroMillions-Austria-results-300x300.webp 300w, https:\/\/lottomat.com\/wp-content\/uploads\/2026\/01\/EuroMillions-Austria-results-150x150.webp 150w, https:\/\/lottomat.com\/wp-content\/uploads\/2026\/01\/EuroMillions-Austria-results-100x100.webp 100w\" sizes=\"auto, (max-width: 200px) 100vw, 200px\" \/>Men\u021binerea la curent cu cele mai recente rezultate EuroMillions Austria este esen\u021bial\u0103 pentru fiecare juc\u0103tor. <a href=\"https:\/\/lottomat.com\/ro\/rezultate\/\">Rezultatele oficiale ale loteriei<\/a> sunt publicate la scurt timp dup\u0103 fiecare extragere, iar verificarea lor nu a fost niciodat\u0103 mai simpl\u0103 \u2013 fie online, prin aplica\u021bii oficiale sau la retailerul local de loterie. C\u00e2nd sunt dezv\u0103luite numerele c\u00e2\u0219tig\u0103toare, inimile bat mai tare \u0219i speran\u021bele cresc, \u00een timp ce juc\u0103torii din \u00eentreaga Austrie a\u0219teapt\u0103 s\u0103 vad\u0103 dac\u0103 sunt urm\u0103torii noroco\u0219i.<\/p>\n<p>Dac\u0103 v\u0103 afla\u021bi \u00een posesia unui bilet c\u00e2\u0219tig\u0103tor, procesul este simplu. Premiile mari pot fi revendicate la sediul Austrian Lotteries, cu suport complet pentru a v\u0103 ghida la fiecare pas. Chiar \u0219i dac\u0103 c\u00e2\u0219tiga\u021bi un premiu mai mic, v\u0103 pute\u021bi \u00eencasa c\u00e2\u0219tigul la comercian\u021bii autoriza\u021bi, f\u0103c\u00e2nd fiecare victorie accesibil\u0103 \u0219i sigur\u0103.<\/p>\n<p>Nu uita\u021bi, fiecare extragere EuroMillions Austria aduce noi posibilit\u0103\u021bi. Chiar dac\u0103 nu c\u00e2\u0219tiga\u021bi jackpotul, exist\u0103 dou\u0103sprezece categorii diferite de premii, ceea ce \u00eenseamn\u0103 c\u0103 mii de austrieci se bucur\u0103 de c\u00e2\u0219tiguri \u2013 mari \u0219i mici \u2013 \u00een fiecare s\u0103pt\u0103m\u00e2n\u0103.<\/p>\n<hr \/>\n<p>EuroMillions Austria este mai mult dec\u00e2t un simplu joc \u2013 este o poart\u0103 c\u0103tre vise, emo\u021bie \u0219i \u0219ansa de a tr\u0103i via\u021ba \u00eentr-un mod cu totul nou. Cu fiecare extragere, se scriu pove\u0219ti noi, iar noi c\u00e2\u0219tig\u0103tori p\u0103\u0219esc \u00een lumina reflectoarelor. Ve\u021bi fi voi urm\u0103torii care li se vor al\u0103tura? <a href=\"https:\/\/lottomat.com\/ro\/joaca\/euromillions-eu\/\">Joac\u0103 EuroMillions Austria online<\/a>, verific\u0103 cele mai recente rezultate EuroMillions Austria \u0219i \u00eendr\u0103zne\u0219te s\u0103 visezi m\u0103re\u021b!<\/p>\n","protected":false},"excerpt":{"rendered":"<p>Descoperi\u021bi emo\u021bia rezultatelor EuroMillions Austria Dac\u0103 a\u021bi visat vreodat\u0103 s\u0103 v\u0103 schimba\u021bi via\u021ba peste noapte, EuroMillions Austria este loteria care transform\u0103 visele \u00een realitate. Cu extragerile sale palpitante, jackpoturile care schimb\u0103 vie\u021bi \u0219i pove\u0219tile unor c\u00e2\u0219tig\u0103tori incredibili, EuroMillions Austria capteaz\u0103 imagina\u021bia a milioane de oameni din \u00eentreaga Europ\u0103 \u00een fiecare s\u0103pt\u0103m\u00e2n\u0103. Indiferent dac\u0103 sunte\u021bi un [&hellip;]<\/p>\n","protected":false},"author":2,"featured_media":0,"parent":7448,"menu_order":0,"comment_status":"closed","ping_status":"closed","template":"euromillions-results.php","meta":{"_et_pb_use_builder":"","_et_pb_old_content":"","_et_gb_content_width":"","exclude_from_search":false,"footnotes":""},"class_list":["post-247535","page","type-page","status-publish","hentry"],"yoast_head":"<!-- This site is optimized with the Yoast SEO plugin v23.8 - https:\/\/yoast.com\/wordpress\/plugins\/seo\/ -->\n<title>Rezultate EuroMillions Austria \u0219i numere c\u00e2\u0219tig\u0103toare \u2013 Lottomat<\/title>\n<meta name=\"description\" content=\"Verifica\u021bi cele mai recente rezultate EuroMillions Austria \u0219i numerele c\u00e2\u0219tig\u0103toare. Afla\u021bi mai multe despre rezultatele oficiale ale extragerii.\" \/>\n<meta name=\"robots\" content=\"index, follow, max-snippet:-1, max-image-preview:large, max-video-preview:-1\" \/>\n<link rel=\"canonical\" href=\"https:\/\/lottomat.com\/ro\/rezultate\/euromillions-eu\/\" \/>\n<meta property=\"og:locale\" content=\"ro_RO\" \/>\n<meta property=\"og:type\" content=\"article\" \/>\n<meta property=\"og:title\" content=\"Rezultate EuroMillions Austria \u0219i numere c\u00e2\u0219tig\u0103toare \u2013 Lottomat\" \/>\n<meta property=\"og:description\" content=\"Verifica\u021bi cele mai recente rezultate EuroMillions Austria \u0219i numerele c\u00e2\u0219tig\u0103toare. Afla\u021bi mai multe despre rezultatele oficiale ale extragerii.\" \/>\n<meta property=\"og:url\" content=\"https:\/\/lottomat.com\/ro\/rezultate\/euromillions-eu\/\" \/>\n<meta property=\"og:site_name\" content=\"Lottomat\" \/>\n<meta property=\"article:modified_time\" content=\"2026-03-01T20:11:53+00:00\" \/>\n<meta property=\"og:image\" content=\"https:\/\/lottomat.com\/wp-content\/uploads\/2026\/01\/Austrian-EuroMillions-draw.webp\" \/>\n\t<meta property=\"og:image:width\" content=\"400\" \/>\n\t<meta property=\"og:image:height\" content=\"400\" \/>\n\t<meta property=\"og:image:type\" content=\"image\/webp\" \/>\n<meta name=\"twitter:card\" content=\"summary_large_image\" \/>\n<meta name=\"twitter:label1\" content=\"Timp estimat pentru citire\" \/>\n\t<meta name=\"twitter:data1\" content=\"6 minute\" \/>\n<script type=\"application\/ld+json\" class=\"yoast-schema-graph\">{\"@context\":\"https:\/\/schema.org\",\"@graph\":[{\"@type\":\"WebPage\",\"@id\":\"https:\/\/lottomat.com\/ro\/rezultate\/euromillions-eu\/\",\"url\":\"https:\/\/lottomat.com\/ro\/rezultate\/euromillions-eu\/\",\"name\":\"Rezultate EuroMillions Austria \u0219i numere c\u00e2\u0219tig\u0103toare \u2013 Lottomat\",\"isPartOf\":{\"@id\":\"https:\/\/lottomat.com\/ro\/#website\"},\"primaryImageOfPage\":{\"@id\":\"https:\/\/lottomat.com\/ro\/rezultate\/euromillions-eu\/#primaryimage\"},\"image\":{\"@id\":\"https:\/\/lottomat.com\/ro\/rezultate\/euromillions-eu\/#primaryimage\"},\"thumbnailUrl\":\"https:\/\/lottomat.com\/wp-content\/uploads\/2026\/01\/Austrian-EuroMillions-draw.webp\",\"datePublished\":\"2025-05-18T16:34:38+00:00\",\"dateModified\":\"2026-03-01T20:11:53+00:00\",\"description\":\"Verifica\u021bi cele mai recente rezultate EuroMillions Austria \u0219i numerele c\u00e2\u0219tig\u0103toare. Afla\u021bi mai multe despre rezultatele oficiale ale extragerii.\",\"breadcrumb\":{\"@id\":\"https:\/\/lottomat.com\/ro\/rezultate\/euromillions-eu\/#breadcrumb\"},\"inLanguage\":\"ro-RO\",\"potentialAction\":[{\"@type\":\"ReadAction\",\"target\":[\"https:\/\/lottomat.com\/ro\/rezultate\/euromillions-eu\/\"]}]},{\"@type\":\"ImageObject\",\"inLanguage\":\"ro-RO\",\"@id\":\"https:\/\/lottomat.com\/ro\/rezultate\/euromillions-eu\/#primaryimage\",\"url\":\"https:\/\/lottomat.com\/wp-content\/uploads\/2026\/01\/Austrian-EuroMillions-draw.webp\",\"contentUrl\":\"https:\/\/lottomat.com\/wp-content\/uploads\/2026\/01\/Austrian-EuroMillions-draw.webp\"},{\"@type\":\"BreadcrumbList\",\"@id\":\"https:\/\/lottomat.com\/ro\/rezultate\/euromillions-eu\/#breadcrumb\",\"itemListElement\":[{\"@type\":\"ListItem\",\"position\":1,\"name\":\"Home\",\"item\":\"https:\/\/lottomat.com\/ro\/\"},{\"@type\":\"ListItem\",\"position\":2,\"name\":\"Rezultate la loterie &#038; Numere c\u00e2\u0219tig\u0103toare la loto\",\"item\":\"https:\/\/lottomat.com\/ro\/rezultate\/\"},{\"@type\":\"ListItem\",\"position\":3,\"name\":\"Rezultate EuroMillions Austria \u2013 numerele c\u00e2\u0219tig\u0103toare EuroMillions UE\"}]},{\"@type\":\"WebSite\",\"@id\":\"https:\/\/lottomat.com\/ro\/#website\",\"url\":\"https:\/\/lottomat.com\/ro\/\",\"name\":\"Lottomat\",\"description\":\"\",\"potentialAction\":[{\"@type\":\"SearchAction\",\"target\":{\"@type\":\"EntryPoint\",\"urlTemplate\":\"https:\/\/lottomat.com\/ro\/?s={search_term_string}\"},\"query-input\":{\"@type\":\"PropertyValueSpecification\",\"valueRequired\":true,\"valueName\":\"search_term_string\"}}],\"inLanguage\":\"ro-RO\"}]}<\/script>\n<!-- \/ Yoast SEO plugin. -->","yoast_head_json":{"title":"Rezultate EuroMillions Austria \u0219i numere c\u00e2\u0219tig\u0103toare \u2013 Lottomat","description":"Verifica\u021bi cele mai recente rezultate EuroMillions Austria \u0219i numerele c\u00e2\u0219tig\u0103toare. Afla\u021bi mai multe despre rezultatele oficiale ale extragerii.","robots":{"index":"index","follow":"follow","max-snippet":"max-snippet:-1","max-image-preview":"max-image-preview:large","max-video-preview":"max-video-preview:-1"},"canonical":"https:\/\/lottomat.com\/ro\/rezultate\/euromillions-eu\/","og_locale":"ro_RO","og_type":"article","og_title":"Rezultate EuroMillions Austria \u0219i numere c\u00e2\u0219tig\u0103toare \u2013 Lottomat","og_description":"Verifica\u021bi cele mai recente rezultate EuroMillions Austria \u0219i numerele c\u00e2\u0219tig\u0103toare. Afla\u021bi mai multe despre rezultatele oficiale ale extragerii.","og_url":"https:\/\/lottomat.com\/ro\/rezultate\/euromillions-eu\/","og_site_name":"Lottomat","article_modified_time":"2026-03-01T20:11:53+00:00","og_image":[{"width":400,"height":400,"url":"https:\/\/lottomat.com\/wp-content\/uploads\/2026\/01\/Austrian-EuroMillions-draw.webp","type":"image\/webp"}],"twitter_card":"summary_large_image","twitter_misc":{"Timp estimat pentru citire":"6 minute"},"schema":{"@context":"https:\/\/schema.org","@graph":[{"@type":"WebPage","@id":"https:\/\/lottomat.com\/ro\/rezultate\/euromillions-eu\/","url":"https:\/\/lottomat.com\/ro\/rezultate\/euromillions-eu\/","name":"Rezultate EuroMillions Austria \u0219i numere c\u00e2\u0219tig\u0103toare \u2013 Lottomat","isPartOf":{"@id":"https:\/\/lottomat.com\/ro\/#website"},"primaryImageOfPage":{"@id":"https:\/\/lottomat.com\/ro\/rezultate\/euromillions-eu\/#primaryimage"},"image":{"@id":"https:\/\/lottomat.com\/ro\/rezultate\/euromillions-eu\/#primaryimage"},"thumbnailUrl":"https:\/\/lottomat.com\/wp-content\/uploads\/2026\/01\/Austrian-EuroMillions-draw.webp","datePublished":"2025-05-18T16:34:38+00:00","dateModified":"2026-03-01T20:11:53+00:00","description":"Verifica\u021bi cele mai recente rezultate EuroMillions Austria \u0219i numerele c\u00e2\u0219tig\u0103toare. Afla\u021bi mai multe despre rezultatele oficiale ale extragerii.","breadcrumb":{"@id":"https:\/\/lottomat.com\/ro\/rezultate\/euromillions-eu\/#breadcrumb"},"inLanguage":"ro-RO","potentialAction":[{"@type":"ReadAction","target":["https:\/\/lottomat.com\/ro\/rezultate\/euromillions-eu\/"]}]},{"@type":"ImageObject","inLanguage":"ro-RO","@id":"https:\/\/lottomat.com\/ro\/rezultate\/euromillions-eu\/#primaryimage","url":"https:\/\/lottomat.com\/wp-content\/uploads\/2026\/01\/Austrian-EuroMillions-draw.webp","contentUrl":"https:\/\/lottomat.com\/wp-content\/uploads\/2026\/01\/Austrian-EuroMillions-draw.webp"},{"@type":"BreadcrumbList","@id":"https:\/\/lottomat.com\/ro\/rezultate\/euromillions-eu\/#breadcrumb","itemListElement":[{"@type":"ListItem","position":1,"name":"Home","item":"https:\/\/lottomat.com\/ro\/"},{"@type":"ListItem","position":2,"name":"Rezultate la loterie &#038; Numere c\u00e2\u0219tig\u0103toare la loto","item":"https:\/\/lottomat.com\/ro\/rezultate\/"},{"@type":"ListItem","position":3,"name":"Rezultate EuroMillions Austria \u2013 numerele c\u00e2\u0219tig\u0103toare EuroMillions UE"}]},{"@type":"WebSite","@id":"https:\/\/lottomat.com\/ro\/#website","url":"https:\/\/lottomat.com\/ro\/","name":"Lottomat","description":"","potentialAction":[{"@type":"SearchAction","target":{"@type":"EntryPoint","urlTemplate":"https:\/\/lottomat.com\/ro\/?s={search_term_string}"},"query-input":{"@type":"PropertyValueSpecification","valueRequired":true,"valueName":"search_term_string"}}],"inLanguage":"ro-RO"}]}},"_links":{"self":[{"href":"https:\/\/lottomat.com\/ro\/wp-json\/wp\/v2\/pages\/247535","targetHints":{"allow":["GET"]}}],"collection":[{"href":"https:\/\/lottomat.com\/ro\/wp-json\/wp\/v2\/pages"}],"about":[{"href":"https:\/\/lottomat.com\/ro\/wp-json\/wp\/v2\/types\/page"}],"author":[{"embeddable":true,"href":"https:\/\/lottomat.com\/ro\/wp-json\/wp\/v2\/users\/2"}],"replies":[{"embeddable":true,"href":"https:\/\/lottomat.com\/ro\/wp-json\/wp\/v2\/comments?post=247535"}],"version-history":[{"count":4,"href":"https:\/\/lottomat.com\/ro\/wp-json\/wp\/v2\/pages\/247535\/revisions"}],"predecessor-version":[{"id":272292,"href":"https:\/\/lottomat.com\/ro\/wp-json\/wp\/v2\/pages\/247535\/revisions\/272292"}],"up":[{"embeddable":true,"href":"https:\/\/lottomat.com\/ro\/wp-json\/wp\/v2\/pages\/7448"}],"wp:attachment":[{"href":"https:\/\/lottomat.com\/ro\/wp-json\/wp\/v2\/media?parent=247535"}],"curies":[{"name":"wp","href":"https:\/\/api.w.org\/{rel}","templated":true}]}}