{"id":247531,"date":"2025-05-18T16:33:53","date_gmt":"2025-05-18T16:33:53","guid":{"rendered":"https:\/\/lottomat.com\/?page_id=247531"},"modified":"2026-03-01T20:24:44","modified_gmt":"2026-03-01T20:24:44","slug":"euromillions-eu","status":"publish","type":"page","link":"https:\/\/lottomat.com\/ro\/informatie\/euromillions-eu\/","title":{"rendered":"Reguli EuroMillions Austria: Premii \u0219i Jackpot"},"content":{"rendered":"\n\n<div class=\"kk-star-ratings kksr-auto kksr-align-left kksr-valign-top\"\n    data-payload='{&quot;align&quot;:&quot;left&quot;,&quot;id&quot;:&quot;247531&quot;,&quot;slug&quot;:&quot;default&quot;,&quot;valign&quot;:&quot;top&quot;,&quot;ignore&quot;:&quot;&quot;,&quot;reference&quot;:&quot;auto&quot;,&quot;class&quot;:&quot;&quot;,&quot;count&quot;:&quot;0&quot;,&quot;legendonly&quot;:&quot;&quot;,&quot;readonly&quot;:&quot;&quot;,&quot;score&quot;:&quot;0&quot;,&quot;starsonly&quot;:&quot;&quot;,&quot;best&quot;:&quot;5&quot;,&quot;gap&quot;:&quot;5&quot;,&quot;greet&quot;:&quot;Rate this page&quot;,&quot;legend&quot;:&quot;0\\\/5 - (0 votes)&quot;,&quot;size&quot;:&quot;30&quot;,&quot;title&quot;:&quot;Reguli EuroMillions Austria: Premii \u0219i Jackpot&quot;,&quot;width&quot;:&quot;0&quot;,&quot;_legend&quot;:&quot;{score}\\\/{best} - ({count} {votes})&quot;,&quot;font_factor&quot;:&quot;1.25&quot;}'>\n            \n<div class=\"kksr-stars\">\n    \n<div class=\"kksr-stars-inactive\">\n            <div class=\"kksr-star\" data-star=\"1\" style=\"padding-right: 5px\">\n            \n\n<div class=\"kksr-icon\" style=\"width: 30px; height: 30px;\"><\/div>\n        <\/div>\n            <div class=\"kksr-star\" data-star=\"2\" style=\"padding-right: 5px\">\n            \n\n<div class=\"kksr-icon\" style=\"width: 30px; height: 30px;\"><\/div>\n        <\/div>\n            <div class=\"kksr-star\" data-star=\"3\" style=\"padding-right: 5px\">\n            \n\n<div class=\"kksr-icon\" style=\"width: 30px; height: 30px;\"><\/div>\n        <\/div>\n            <div class=\"kksr-star\" data-star=\"4\" style=\"padding-right: 5px\">\n            \n\n<div class=\"kksr-icon\" style=\"width: 30px; height: 30px;\"><\/div>\n        <\/div>\n            <div class=\"kksr-star\" data-star=\"5\" style=\"padding-right: 5px\">\n            \n\n<div class=\"kksr-icon\" style=\"width: 30px; height: 30px;\"><\/div>\n        <\/div>\n    <\/div>\n    \n<div class=\"kksr-stars-active\" style=\"width: 0px;\">\n            <div class=\"kksr-star\" style=\"padding-right: 5px\">\n            \n\n<div class=\"kksr-icon\" style=\"width: 30px; height: 30px;\"><\/div>\n        <\/div>\n            <div class=\"kksr-star\" style=\"padding-right: 5px\">\n            \n\n<div class=\"kksr-icon\" style=\"width: 30px; height: 30px;\"><\/div>\n        <\/div>\n            <div class=\"kksr-star\" style=\"padding-right: 5px\">\n            \n\n<div class=\"kksr-icon\" style=\"width: 30px; height: 30px;\"><\/div>\n        <\/div>\n            <div class=\"kksr-star\" style=\"padding-right: 5px\">\n            \n\n<div class=\"kksr-icon\" style=\"width: 30px; height: 30px;\"><\/div>\n        <\/div>\n            <div class=\"kksr-star\" style=\"padding-right: 5px\">\n            \n\n<div class=\"kksr-icon\" style=\"width: 30px; height: 30px;\"><\/div>\n        <\/div>\n    <\/div>\n<\/div>\n                \n\n<div class=\"kksr-legend\" style=\"font-size: 24px;\">\n            <span class=\"kksr-muted\">Rate this page<\/span>\n    <\/div>\n    <\/div>\n<h2>Descoper\u0103 emo\u021bia EuroMillions Austria \u2013 poarta ta c\u0103tre c\u00e2\u0219tiguri care \u00ee\u021bi pot schimba via\u021ba!<\/h2>\n<p><img loading=\"lazy\" decoding=\"async\" class=\"alignleft wp-image-268187\" src=\"https:\/\/lottomat.com\/wp-content\/uploads\/2026\/01\/Austrian-EuroMillions-prizes.webp\" alt=\"Premiile EuroMillions Austria\" width=\"200\" height=\"200\" srcset=\"https:\/\/lottomat.com\/wp-content\/uploads\/2026\/01\/Austrian-EuroMillions-prizes.webp 400w, https:\/\/lottomat.com\/wp-content\/uploads\/2026\/01\/Austrian-EuroMillions-prizes-300x300.webp 300w, https:\/\/lottomat.com\/wp-content\/uploads\/2026\/01\/Austrian-EuroMillions-prizes-150x150.webp 150w, https:\/\/lottomat.com\/wp-content\/uploads\/2026\/01\/Austrian-EuroMillions-prizes-100x100.webp 100w\" sizes=\"auto, (max-width: 200px) 100vw, 200px\" \/>Imagineaz\u0103-\u021bi c\u0103 te treze\u0219ti m\u00e2ine \u0219i \u00ee\u021bi dai seama c\u0103 visele tale pot deveni, \u00een sf\u00e2r\u0219it, realitate \u2013 o cas\u0103 luxoas\u0103, vacan\u021be exotice, siguran\u021b\u0103 financiar\u0103 pentru cei dragi \u0219i libertatea de a tr\u0103i via\u021ba dup\u0103 propriile reguli. Cu EuroMillions Austria, cunoscut oficial ca EuroMillions EU, acest vis poate deveni realitatea ta! Fiind una dintre cele mai populare \u0219i palpitante loterii din Europa, EuroMillions Austria \u00ee\u021bi ofer\u0103 o \u0219ans\u0103 unic\u0103 de a c\u00e2\u0219tiga jackpoturi uluitoare \u0219i de a face parte dintr-o experien\u021b\u0103 captivant\u0103, care \u00ee\u021bi poate schimba via\u021ba. Hai s\u0103 descoperim tot ce trebuie s\u0103 \u0219tii despre aceast\u0103 loterie incredibil\u0103 \u0219i ce o diferen\u021biaz\u0103 de varianta din Marea Britanie. Afl\u0103 mai multe despre reguli EuroMillions Austria, iar apoi&#8230; <a href=\"https:\/\/lottomat.com\/ro\/joaca\/euromillions-eu\/\">joac\u0103 EuroMillions Austria online<\/a> la Lottomat!<\/p>\n<h2>Ce este EuroMillions Austria (EuroMillions EU)?<\/h2>\n<p>EuroMillions Austria reprezint\u0103 participarea Austriei la faimoasa loterie EuroMillions, o loterie european\u0103 transna\u021bional\u0103 care reune\u0219te juc\u0103tori din Austria, Spania, Fran\u021ba, Belgia, Irlanda, Luxemburg, Portugalia \u0219i Elve\u021bia. Lansat\u0103 \u00een 2004, EuroMillions a devenit rapid un fenomen pe \u00eentreg continentul, datorit\u0103 jackpoturilor sale uria\u0219e \u0219i mecanismului de joc simplu \u0219i captivant.<\/p>\n<p>Pentru a juca EuroMillions Austria, participan\u021bii aleg cinci numere principale de la 1 la 50 \u0219i dou\u0103 numere Lucky Star de la 1 la 12. Tragerile au loc \u00een fiecare mar\u021bi \u0219i vineri seara, la Paris, iar emo\u021bia este la cote maxime, pe m\u0103sur\u0103 ce milioane de europeni \u00ee\u0219i \u021bin respira\u021bia, sper\u00e2nd s\u0103 le ias\u0103 numerele!<\/p>\n<h2>Cum func\u021bioneaz\u0103 EuroMillions Austria? Reguli EuroMillions Austria<img loading=\"lazy\" decoding=\"async\" class=\"alignright wp-image-268217\" src=\"https:\/\/lottomat.com\/wp-content\/uploads\/2026\/01\/Austrian-EuroMillions-rules.webp\" alt=\"Reguli EuroMillions Austria\" width=\"200\" height=\"200\" srcset=\"https:\/\/lottomat.com\/wp-content\/uploads\/2026\/01\/Austrian-EuroMillions-rules.webp 400w, https:\/\/lottomat.com\/wp-content\/uploads\/2026\/01\/Austrian-EuroMillions-rules-300x300.webp 300w, https:\/\/lottomat.com\/wp-content\/uploads\/2026\/01\/Austrian-EuroMillions-rules-150x150.webp 150w, https:\/\/lottomat.com\/wp-content\/uploads\/2026\/01\/Austrian-EuroMillions-rules-100x100.webp 100w\" sizes=\"auto, (max-width: 200px) 100vw, 200px\" \/><\/h2>\n<p>\u00cenceperea este u\u0219oar\u0103 \u0219i accesibil\u0103 pentru toat\u0103 lumea. <a href=\"https:\/\/lottomat.com\/ro\/joaca\/\">Po\u021bi cump\u0103ra biletele de loterie<\/a> de la punctele de v\u00e2nzare autorizate din Austria sau po\u021bi juca online, din confortul propriei locuin\u021be. Jackpotul minim \u00eencepe de la impresionanta sum\u0103 de 17 milioane \u20ac, \u00eens\u0103, prin reporturi succesive, poate ajunge p\u00e2n\u0103 la incredibila valoare de 240 de milioane \u20ac! Exist\u0103 13 categorii diferite de premii, ceea ce \u00eenseamn\u0103 c\u0103 ai multiple \u0219anse de c\u00e2\u0219tig, chiar dac\u0103 nu nimere\u0219ti jackpotul.<\/p>\n<p>C\u00e2nd joci EuroMillions Austria, nu participi doar la o loterie \u2013 te al\u0103turi unei comunit\u0103\u021bi de vis\u0103tori, cu to\u021bii sper\u00e2nd la acel moment magic \u00een care via\u021ba lor se va schimba pentru totdeauna. Fie c\u0103 ob\u021bii un premiu mai mic sau c\u00e2\u0219tigi jackpotul record, fiecare bilet poart\u0103 promisiunea unui m\u00e2ine mai luminos.<\/p>\n<h2>EuroMillions Austria vs EuroMillions UK \u2013 Diferen\u021be cheie<\/h2>\n<p><img loading=\"lazy\" decoding=\"async\" class=\"alignleft wp-image-268247\" src=\"https:\/\/lottomat.com\/wp-content\/uploads\/2026\/01\/EuroMillions-Austria-jackpot.webp\" alt=\"Jackpotul EuroMillions Austria\" width=\"200\" height=\"200\" srcset=\"https:\/\/lottomat.com\/wp-content\/uploads\/2026\/01\/EuroMillions-Austria-jackpot.webp 400w, https:\/\/lottomat.com\/wp-content\/uploads\/2026\/01\/EuroMillions-Austria-jackpot-300x300.webp 300w, https:\/\/lottomat.com\/wp-content\/uploads\/2026\/01\/EuroMillions-Austria-jackpot-150x150.webp 150w, https:\/\/lottomat.com\/wp-content\/uploads\/2026\/01\/EuroMillions-Austria-jackpot-100x100.webp 100w\" sizes=\"auto, (max-width: 200px) 100vw, 200px\" \/>De\u0219i at\u00e2t Austria, c\u00e2t \u0219i Regatul Unit particip\u0103 la EuroMillions, exist\u0103 c\u00e2teva diferen\u021be importante de care trebuie s\u0103 \u021bii cont:<\/p>\n<ol>\n<li><strong>Pre\u021bul biletului<\/strong>: \u00cen Austria, un singur <a href=\"https:\/\/lottomat.com\/ro\/joaca\/euromillions-eu\/\">bilet EuroMillions Austria<\/a> este pl\u0103tit \u00een euro. \u00cen Regatul Unit, pre\u021bul biletului este calculat \u00een lire sterline \u0219i este u\u0219or mai mare dec\u00e2t \u00een Austria, deoarece include participarea la jocul UK Millionaire Maker, care garanteaz\u0103 cel pu\u021bin un milionar britanic la fiecare extragere.<\/li>\n<li><strong>Moned\u0103 \u0219i premii<\/strong>: Premiile EuroMillions Austria sunt pl\u0103tite \u00een euro, \u00een timp ce juc\u0103torii din UK \u00ee\u0219i primesc c\u00e2\u0219tigurile \u00een lire sterline. Valoarea premiilor secundare poate varia u\u0219or din cauza cursului de schimb.<\/li>\n<li><strong>Jocuri suplimentare<\/strong>: Juc\u0103torii austrieci pot participa la \u201e\u00d6sterreich Bonus\u201d \u2013 o extragere suplimentar\u0103 exclusiv\u0103, care \u00ee\u021bi ofer\u0103 \u0219i mai multe \u0219anse de c\u00e2\u0219tig. Echivalentul din UK este Millionaire Maker, inclus automat cu fiecare bilet.<\/li>\n<li><strong>Impozitare<\/strong>: \u00cen Austria, c\u00e2\u0219tigurile la loterie sunt neimpozabile, a\u0219a c\u0103 p\u0103strezi fiecare cent din premiu! \u00cen Regatul Unit, c\u00e2\u0219tigurile la loterie sunt, de asemenea, \u00een prezent neimpozabile, \u00eens\u0103 este bine s\u0103 verifici mereu cele mai recente reglement\u0103ri.<\/li>\n<\/ol>\n<h2>De ce s\u0103 joci EuroMillions Austria? Magia c\u00e2\u0219tigurilor care \u00ee\u021bi schimb\u0103 via\u021ba<\/h2>\n<p>EuroMillions Austria nu \u00eenseamn\u0103 doar sume mari de bani \u2013 \u00eenseamn\u0103 speran\u021b\u0103, emo\u021bie \u0219i fiorul posibilit\u0103\u021bii. Fiecare extragere este o nou\u0103 oportunitate de a-\u021bi schimba via\u021ba, de a-\u021bi r\u0103sf\u0103\u021ba familia, de a sus\u021bine cauze caritabile sau de a porni \u00een aventuri grandioase la care ai visat mereu. Pove\u0219tile oamenilor obi\u0219nui\u021bi care devin milionari peste noapte sunt reale \u0219i inspira\u021bionale \u2013 ai putea fi chiar tu urm\u0103torul!<img loading=\"lazy\" decoding=\"async\" class=\"alignright wp-image-268278\" src=\"https:\/\/lottomat.com\/wp-content\/uploads\/2026\/01\/EuroMillions-Austria-rules.webp\" alt=\"Regulile EuroMillions Austria\" width=\"200\" height=\"200\" srcset=\"https:\/\/lottomat.com\/wp-content\/uploads\/2026\/01\/EuroMillions-Austria-rules.webp 400w, https:\/\/lottomat.com\/wp-content\/uploads\/2026\/01\/EuroMillions-Austria-rules-300x300.webp 300w, https:\/\/lottomat.com\/wp-content\/uploads\/2026\/01\/EuroMillions-Austria-rules-150x150.webp 150w, https:\/\/lottomat.com\/wp-content\/uploads\/2026\/01\/EuroMillions-Austria-rules-100x100.webp 100w\" sizes=\"auto, (max-width: 200px) 100vw, 200px\" \/><\/p>\n<p>Ce mai a\u0219tep\u021bi? Urm\u0103toarea extragere EuroMillions Austria ar putea fi biletul t\u0103u c\u0103tre un viitor plin de bucurie, lux \u0219i posibilit\u0103\u021bi nelimitate. Cump\u0103r\u0103-\u021bi biletul, viseaz\u0103 m\u0103re\u021b \u0219i las\u0103-te purtat de emo\u021bie \u2013 pentru c\u0103, al\u0103turi de EuroMillions Austria, orice este posibil!<\/p>\n<p><strong>Al\u0103tur\u0103-te emo\u021biei chiar ast\u0103zi \u2013 \u0219i las\u0103-\u021bi visele s\u0103 prind\u0103 aripi cu EuroMillions Austria! Verific\u0103 <a href=\"https:\/\/lottomat.com\/ro\/rezultate\/euromillions-eu\/\">numerele c\u00e2\u0219tig\u0103toare EuroMillions Austria<\/a>.<\/strong><\/p>\n","protected":false},"excerpt":{"rendered":"<p>Descoper\u0103 emo\u021bia EuroMillions Austria \u2013 poarta ta c\u0103tre c\u00e2\u0219tiguri care \u00ee\u021bi pot schimba via\u021ba! Imagineaz\u0103-\u021bi c\u0103 te treze\u0219ti m\u00e2ine \u0219i \u00ee\u021bi dai seama c\u0103 visele tale pot deveni, \u00een sf\u00e2r\u0219it, realitate \u2013 o cas\u0103 luxoas\u0103, vacan\u021be exotice, siguran\u021b\u0103 financiar\u0103 pentru cei dragi \u0219i libertatea de a tr\u0103i via\u021ba dup\u0103 propriile reguli. Cu EuroMillions Austria, cunoscut [&hellip;]<\/p>\n","protected":false},"author":2,"featured_media":0,"parent":6914,"menu_order":0,"comment_status":"closed","ping_status":"closed","template":"euromillions-at-info.php","meta":{"_et_pb_use_builder":"","_et_pb_old_content":"","_et_gb_content_width":"","exclude_from_search":false,"footnotes":""},"class_list":["post-247531","page","type-page","status-publish","hentry"],"yoast_head":"<!-- This site is optimized with the Yoast SEO plugin v23.8 - https:\/\/yoast.com\/wordpress\/plugins\/seo\/ -->\n<title>Reguli EuroMillions Austria: Premii \u0219i Jackpot \u2013 Lottomat<\/title>\n<meta name=\"description\" content=\"Afl\u0103 mai multe despre regulile de joc EuroMillions Austria. Aici po\u021bi verifica premiile \u0219i jackpotul EuroMillions Austria. Verific\u0103-\u021bi \u0219ansele.\" \/>\n<meta name=\"robots\" content=\"index, follow, max-snippet:-1, max-image-preview:large, max-video-preview:-1\" \/>\n<link rel=\"canonical\" href=\"https:\/\/lottomat.com\/ro\/informatie\/euromillions-eu\/\" \/>\n<meta property=\"og:locale\" content=\"ro_RO\" \/>\n<meta property=\"og:type\" content=\"article\" \/>\n<meta property=\"og:title\" content=\"Reguli EuroMillions Austria: Premii \u0219i Jackpot \u2013 Lottomat\" \/>\n<meta property=\"og:description\" content=\"Afl\u0103 mai multe despre regulile de joc EuroMillions Austria. Aici po\u021bi verifica premiile \u0219i jackpotul EuroMillions Austria. Verific\u0103-\u021bi \u0219ansele.\" \/>\n<meta property=\"og:url\" content=\"https:\/\/lottomat.com\/ro\/informatie\/euromillions-eu\/\" \/>\n<meta property=\"og:site_name\" content=\"Lottomat\" \/>\n<meta property=\"article:modified_time\" content=\"2026-03-01T20:24:44+00:00\" \/>\n<meta property=\"og:image\" content=\"https:\/\/lottomat.com\/wp-content\/uploads\/2026\/01\/Austrian-EuroMillions-prizes.webp\" \/>\n\t<meta property=\"og:image:width\" content=\"400\" \/>\n\t<meta property=\"og:image:height\" content=\"400\" \/>\n\t<meta property=\"og:image:type\" content=\"image\/webp\" \/>\n<meta name=\"twitter:card\" content=\"summary_large_image\" \/>\n<meta name=\"twitter:label1\" content=\"Timp estimat pentru citire\" \/>\n\t<meta name=\"twitter:data1\" content=\"4 minute\" \/>\n<script type=\"application\/ld+json\" class=\"yoast-schema-graph\">{\"@context\":\"https:\/\/schema.org\",\"@graph\":[{\"@type\":\"WebPage\",\"@id\":\"https:\/\/lottomat.com\/ro\/informatie\/euromillions-eu\/\",\"url\":\"https:\/\/lottomat.com\/ro\/informatie\/euromillions-eu\/\",\"name\":\"Reguli EuroMillions Austria: Premii \u0219i Jackpot \u2013 Lottomat\",\"isPartOf\":{\"@id\":\"https:\/\/lottomat.com\/ro\/#website\"},\"primaryImageOfPage\":{\"@id\":\"https:\/\/lottomat.com\/ro\/informatie\/euromillions-eu\/#primaryimage\"},\"image\":{\"@id\":\"https:\/\/lottomat.com\/ro\/informatie\/euromillions-eu\/#primaryimage\"},\"thumbnailUrl\":\"https:\/\/lottomat.com\/wp-content\/uploads\/2026\/01\/Austrian-EuroMillions-prizes.webp\",\"datePublished\":\"2025-05-18T16:33:53+00:00\",\"dateModified\":\"2026-03-01T20:24:44+00:00\",\"description\":\"Afl\u0103 mai multe despre regulile de joc EuroMillions Austria. Aici po\u021bi verifica premiile \u0219i jackpotul EuroMillions Austria. Verific\u0103-\u021bi \u0219ansele.\",\"breadcrumb\":{\"@id\":\"https:\/\/lottomat.com\/ro\/informatie\/euromillions-eu\/#breadcrumb\"},\"inLanguage\":\"ro-RO\",\"potentialAction\":[{\"@type\":\"ReadAction\",\"target\":[\"https:\/\/lottomat.com\/ro\/informatie\/euromillions-eu\/\"]}]},{\"@type\":\"ImageObject\",\"inLanguage\":\"ro-RO\",\"@id\":\"https:\/\/lottomat.com\/ro\/informatie\/euromillions-eu\/#primaryimage\",\"url\":\"https:\/\/lottomat.com\/wp-content\/uploads\/2026\/01\/Austrian-EuroMillions-prizes.webp\",\"contentUrl\":\"https:\/\/lottomat.com\/wp-content\/uploads\/2026\/01\/Austrian-EuroMillions-prizes.webp\"},{\"@type\":\"BreadcrumbList\",\"@id\":\"https:\/\/lottomat.com\/ro\/informatie\/euromillions-eu\/#breadcrumb\",\"itemListElement\":[{\"@type\":\"ListItem\",\"position\":1,\"name\":\"Home\",\"item\":\"https:\/\/lottomat.com\/ro\/\"},{\"@type\":\"ListItem\",\"position\":2,\"name\":\"Reguli Loterie: Premii, Jackpot \u0219i \u0218anse\",\"item\":\"https:\/\/lottomat.com\/ro\/informatie\/\"},{\"@type\":\"ListItem\",\"position\":3,\"name\":\"Reguli EuroMillions Austria: Premii \u0219i Jackpot\"}]},{\"@type\":\"WebSite\",\"@id\":\"https:\/\/lottomat.com\/ro\/#website\",\"url\":\"https:\/\/lottomat.com\/ro\/\",\"name\":\"Lottomat\",\"description\":\"\",\"potentialAction\":[{\"@type\":\"SearchAction\",\"target\":{\"@type\":\"EntryPoint\",\"urlTemplate\":\"https:\/\/lottomat.com\/ro\/?s={search_term_string}\"},\"query-input\":{\"@type\":\"PropertyValueSpecification\",\"valueRequired\":true,\"valueName\":\"search_term_string\"}}],\"inLanguage\":\"ro-RO\"}]}<\/script>\n<!-- \/ Yoast SEO plugin. -->","yoast_head_json":{"title":"Reguli EuroMillions Austria: Premii \u0219i Jackpot \u2013 Lottomat","description":"Afl\u0103 mai multe despre regulile de joc EuroMillions Austria. Aici po\u021bi verifica premiile \u0219i jackpotul EuroMillions Austria. Verific\u0103-\u021bi \u0219ansele.","robots":{"index":"index","follow":"follow","max-snippet":"max-snippet:-1","max-image-preview":"max-image-preview:large","max-video-preview":"max-video-preview:-1"},"canonical":"https:\/\/lottomat.com\/ro\/informatie\/euromillions-eu\/","og_locale":"ro_RO","og_type":"article","og_title":"Reguli EuroMillions Austria: Premii \u0219i Jackpot \u2013 Lottomat","og_description":"Afl\u0103 mai multe despre regulile de joc EuroMillions Austria. Aici po\u021bi verifica premiile \u0219i jackpotul EuroMillions Austria. Verific\u0103-\u021bi \u0219ansele.","og_url":"https:\/\/lottomat.com\/ro\/informatie\/euromillions-eu\/","og_site_name":"Lottomat","article_modified_time":"2026-03-01T20:24:44+00:00","og_image":[{"width":400,"height":400,"url":"https:\/\/lottomat.com\/wp-content\/uploads\/2026\/01\/Austrian-EuroMillions-prizes.webp","type":"image\/webp"}],"twitter_card":"summary_large_image","twitter_misc":{"Timp estimat pentru citire":"4 minute"},"schema":{"@context":"https:\/\/schema.org","@graph":[{"@type":"WebPage","@id":"https:\/\/lottomat.com\/ro\/informatie\/euromillions-eu\/","url":"https:\/\/lottomat.com\/ro\/informatie\/euromillions-eu\/","name":"Reguli EuroMillions Austria: Premii \u0219i Jackpot \u2013 Lottomat","isPartOf":{"@id":"https:\/\/lottomat.com\/ro\/#website"},"primaryImageOfPage":{"@id":"https:\/\/lottomat.com\/ro\/informatie\/euromillions-eu\/#primaryimage"},"image":{"@id":"https:\/\/lottomat.com\/ro\/informatie\/euromillions-eu\/#primaryimage"},"thumbnailUrl":"https:\/\/lottomat.com\/wp-content\/uploads\/2026\/01\/Austrian-EuroMillions-prizes.webp","datePublished":"2025-05-18T16:33:53+00:00","dateModified":"2026-03-01T20:24:44+00:00","description":"Afl\u0103 mai multe despre regulile de joc EuroMillions Austria. Aici po\u021bi verifica premiile \u0219i jackpotul EuroMillions Austria. Verific\u0103-\u021bi \u0219ansele.","breadcrumb":{"@id":"https:\/\/lottomat.com\/ro\/informatie\/euromillions-eu\/#breadcrumb"},"inLanguage":"ro-RO","potentialAction":[{"@type":"ReadAction","target":["https:\/\/lottomat.com\/ro\/informatie\/euromillions-eu\/"]}]},{"@type":"ImageObject","inLanguage":"ro-RO","@id":"https:\/\/lottomat.com\/ro\/informatie\/euromillions-eu\/#primaryimage","url":"https:\/\/lottomat.com\/wp-content\/uploads\/2026\/01\/Austrian-EuroMillions-prizes.webp","contentUrl":"https:\/\/lottomat.com\/wp-content\/uploads\/2026\/01\/Austrian-EuroMillions-prizes.webp"},{"@type":"BreadcrumbList","@id":"https:\/\/lottomat.com\/ro\/informatie\/euromillions-eu\/#breadcrumb","itemListElement":[{"@type":"ListItem","position":1,"name":"Home","item":"https:\/\/lottomat.com\/ro\/"},{"@type":"ListItem","position":2,"name":"Reguli Loterie: Premii, Jackpot \u0219i \u0218anse","item":"https:\/\/lottomat.com\/ro\/informatie\/"},{"@type":"ListItem","position":3,"name":"Reguli EuroMillions Austria: Premii \u0219i Jackpot"}]},{"@type":"WebSite","@id":"https:\/\/lottomat.com\/ro\/#website","url":"https:\/\/lottomat.com\/ro\/","name":"Lottomat","description":"","potentialAction":[{"@type":"SearchAction","target":{"@type":"EntryPoint","urlTemplate":"https:\/\/lottomat.com\/ro\/?s={search_term_string}"},"query-input":{"@type":"PropertyValueSpecification","valueRequired":true,"valueName":"search_term_string"}}],"inLanguage":"ro-RO"}]}},"_links":{"self":[{"href":"https:\/\/lottomat.com\/ro\/wp-json\/wp\/v2\/pages\/247531","targetHints":{"allow":["GET"]}}],"collection":[{"href":"https:\/\/lottomat.com\/ro\/wp-json\/wp\/v2\/pages"}],"about":[{"href":"https:\/\/lottomat.com\/ro\/wp-json\/wp\/v2\/types\/page"}],"author":[{"embeddable":true,"href":"https:\/\/lottomat.com\/ro\/wp-json\/wp\/v2\/users\/2"}],"replies":[{"embeddable":true,"href":"https:\/\/lottomat.com\/ro\/wp-json\/wp\/v2\/comments?post=247531"}],"version-history":[{"count":5,"href":"https:\/\/lottomat.com\/ro\/wp-json\/wp\/v2\/pages\/247531\/revisions"}],"predecessor-version":[{"id":272296,"href":"https:\/\/lottomat.com\/ro\/wp-json\/wp\/v2\/pages\/247531\/revisions\/272296"}],"up":[{"embeddable":true,"href":"https:\/\/lottomat.com\/ro\/wp-json\/wp\/v2\/pages\/6914"}],"wp:attachment":[{"href":"https:\/\/lottomat.com\/ro\/wp-json\/wp\/v2\/media?parent=247531"}],"curies":[{"name":"wp","href":"https:\/\/api.w.org\/{rel}","templated":true}]}}