{"id":247528,"date":"2025-05-18T16:39:08","date_gmt":"2025-05-18T16:39:08","guid":{"rendered":"https:\/\/lottomat.com\/joaca\/euromillions-eu-euromillions-austria\/"},"modified":"2026-03-01T19:59:27","modified_gmt":"2026-03-01T19:59:27","slug":"euromillions-eu","status":"publish","type":"page","link":"https:\/\/lottomat.com\/ro\/joaca\/euromillions-eu\/","title":{"rendered":"Euromillions EU Online &#8211; bilete EuroMillions Austria"},"content":{"rendered":"\n\n<div class=\"kk-star-ratings kksr-auto kksr-align-left kksr-valign-top\"\n    data-payload='{&quot;align&quot;:&quot;left&quot;,&quot;id&quot;:&quot;247528&quot;,&quot;slug&quot;:&quot;default&quot;,&quot;valign&quot;:&quot;top&quot;,&quot;ignore&quot;:&quot;&quot;,&quot;reference&quot;:&quot;auto&quot;,&quot;class&quot;:&quot;&quot;,&quot;count&quot;:&quot;0&quot;,&quot;legendonly&quot;:&quot;&quot;,&quot;readonly&quot;:&quot;&quot;,&quot;score&quot;:&quot;0&quot;,&quot;starsonly&quot;:&quot;&quot;,&quot;best&quot;:&quot;5&quot;,&quot;gap&quot;:&quot;5&quot;,&quot;greet&quot;:&quot;Rate this page&quot;,&quot;legend&quot;:&quot;0\\\/5 - (0 votes)&quot;,&quot;size&quot;:&quot;30&quot;,&quot;title&quot;:&quot;Euromillions EU Online - bilete EuroMillions Austria&quot;,&quot;width&quot;:&quot;0&quot;,&quot;_legend&quot;:&quot;{score}\\\/{best} - ({count} {votes})&quot;,&quot;font_factor&quot;:&quot;1.25&quot;}'>\n            \n<div class=\"kksr-stars\">\n    \n<div class=\"kksr-stars-inactive\">\n            <div class=\"kksr-star\" data-star=\"1\" style=\"padding-right: 5px\">\n            \n\n<div class=\"kksr-icon\" style=\"width: 30px; height: 30px;\"><\/div>\n        <\/div>\n            <div class=\"kksr-star\" data-star=\"2\" style=\"padding-right: 5px\">\n            \n\n<div class=\"kksr-icon\" style=\"width: 30px; height: 30px;\"><\/div>\n        <\/div>\n            <div class=\"kksr-star\" data-star=\"3\" style=\"padding-right: 5px\">\n            \n\n<div class=\"kksr-icon\" style=\"width: 30px; height: 30px;\"><\/div>\n        <\/div>\n            <div class=\"kksr-star\" data-star=\"4\" style=\"padding-right: 5px\">\n            \n\n<div class=\"kksr-icon\" style=\"width: 30px; height: 30px;\"><\/div>\n        <\/div>\n            <div class=\"kksr-star\" data-star=\"5\" style=\"padding-right: 5px\">\n            \n\n<div class=\"kksr-icon\" style=\"width: 30px; height: 30px;\"><\/div>\n        <\/div>\n    <\/div>\n    \n<div class=\"kksr-stars-active\" style=\"width: 0px;\">\n            <div class=\"kksr-star\" style=\"padding-right: 5px\">\n            \n\n<div class=\"kksr-icon\" style=\"width: 30px; height: 30px;\"><\/div>\n        <\/div>\n            <div class=\"kksr-star\" style=\"padding-right: 5px\">\n            \n\n<div class=\"kksr-icon\" style=\"width: 30px; height: 30px;\"><\/div>\n        <\/div>\n            <div class=\"kksr-star\" style=\"padding-right: 5px\">\n            \n\n<div class=\"kksr-icon\" style=\"width: 30px; height: 30px;\"><\/div>\n        <\/div>\n            <div class=\"kksr-star\" style=\"padding-right: 5px\">\n            \n\n<div class=\"kksr-icon\" style=\"width: 30px; height: 30px;\"><\/div>\n        <\/div>\n            <div class=\"kksr-star\" style=\"padding-right: 5px\">\n            \n\n<div class=\"kksr-icon\" style=\"width: 30px; height: 30px;\"><\/div>\n        <\/div>\n    <\/div>\n<\/div>\n                \n\n<div class=\"kksr-legend\" style=\"font-size: 24px;\">\n            <span class=\"kksr-muted\">Rate this page<\/span>\n    <\/div>\n    <\/div>\n<h2>Descoper\u0103 emo\u021bia Euromillions EU \u2013 calea austriac\u0103 c\u0103tre c\u00e2\u0219tiguri mari<\/h2>\n<p><img loading=\"lazy\" decoding=\"async\" class=\"alignright wp-image-268063\" src=\"https:\/\/lottomat.com\/wp-content\/uploads\/2026\/01\/Austrian-EuroMillions.webp\" alt=\"EuroMillions Austria\" width=\"200\" height=\"200\" srcset=\"https:\/\/lottomat.com\/wp-content\/uploads\/2026\/01\/Austrian-EuroMillions.webp 400w, https:\/\/lottomat.com\/wp-content\/uploads\/2026\/01\/Austrian-EuroMillions-300x300.webp 300w, https:\/\/lottomat.com\/wp-content\/uploads\/2026\/01\/Austrian-EuroMillions-150x150.webp 150w, https:\/\/lottomat.com\/wp-content\/uploads\/2026\/01\/Austrian-EuroMillions-100x100.webp 100w\" sizes=\"auto, (max-width: 200px) 100vw, 200px\" \/><\/p>\n<p>Imagineaz\u0103-\u021bi c\u0103 te treze\u0219ti \u00eentr-o via\u021b\u0103 \u00een care toate visele tale sunt la \u00eendem\u00e2n\u0103, \u00een care numerele pe care le-ai ales asear\u0103 \u021bi-au transformat pentru totdeauna viitorul. Aceasta este emo\u021bia care \u00eei a\u0219teapt\u0103 pe to\u021bi participan\u021bii la <strong>Euromillions EU<\/strong>, cunoscut \u0219i ca <strong>EuroMillions Austria<\/strong>. Cu jackpoturi care aprind imagina\u021bia \u0219i cu entuziasmul a milioane de juc\u0103tori, aceast\u0103 loterie este biletul t\u0103u c\u0103tre o lume plin\u0103 de posibilit\u0103\u021bi.<\/p>\n<p>Euromillions EU nu este doar o alt\u0103 loterie \u2013 este o experien\u021b\u0103 care une\u0219te juc\u0103tori din \u00eentreaga Europ\u0103 \u00een speran\u021ba comun\u0103 de a da lovitura cea mare. Anticiparea, fream\u0103tul serii de extragere \u0219i \u0219ansa de a te al\u0103tura celor mai mari c\u00e2\u0219tig\u0103tori ai Europei \u2013 totul \u00eencepe cu un singur bilet.<\/p>\n<h2>Ce face EuroMillions Austria unic?<\/h2>\n<p>Dac\u0103 e\u0219ti familiarizat cu fenomenul global EuroMillions, s-ar putea s\u0103 te \u00eentrebi ce diferen\u021biaz\u0103 versiunea EU \u2013 \u00een special EuroMillions Austria \u2013 de varianta din Regatul Unit. R\u0103spunsul st\u0103 \u00een detalii, iar pentru pasiona\u021bii de loterie, aceste detalii conteaz\u0103.<\/p>\n<p><img loading=\"lazy\" decoding=\"async\" class=\"alignleft wp-image-268094\" src=\"https:\/\/lottomat.com\/wp-content\/uploads\/2026\/01\/EuroMillions-Austria-online.webp\" alt=\"EuroMillions Austria online\" width=\"200\" height=\"200\" srcset=\"https:\/\/lottomat.com\/wp-content\/uploads\/2026\/01\/EuroMillions-Austria-online.webp 400w, https:\/\/lottomat.com\/wp-content\/uploads\/2026\/01\/EuroMillions-Austria-online-300x300.webp 300w, https:\/\/lottomat.com\/wp-content\/uploads\/2026\/01\/EuroMillions-Austria-online-150x150.webp 150w, https:\/\/lottomat.com\/wp-content\/uploads\/2026\/01\/EuroMillions-Austria-online-100x100.webp 100w\" sizes=\"auto, (max-width: 200px) 100vw, 200px\" \/>Euromillions EU urmeaz\u0103 <a href=\"https:\/\/lottomat.com\/ro\/informatie\/euromillions\/\">formatul clasic EuroMillions<\/a>, \u00eens\u0103 biletele sunt cump\u0103rate, iar c\u00e2\u0219tigurile sunt pl\u0103tite conform regulilor \u0219i sistemului de taxare din Austria. Acest lucru \u00eenseamn\u0103 adesea structuri de plat\u0103 diferite \u0219i, uneori, condi\u021bii fiscale mai avantajoase pentru c\u00e2\u0219tig\u0103tori, \u00een func\u021bie de \u021bara de re\u0219edin\u021b\u0103. Spre deosebire de versiunea din Regatul Unit, unde biletele sunt cump\u0103rate \u00een lire sterline \u0219i sunt supuse reglement\u0103rilor britanice, EuroMillions Austria func\u021bioneaz\u0103 \u00een euro \u0219i respect\u0103 legisla\u021bia austriac\u0103 privind jocurile de noroc. Acest lucru poate face diferen\u021ba nu doar \u00een modul \u00een care joci, ci \u0219i \u00een suma pe care o vei \u00eencasa \u00een final dac\u0103 vei c\u00e2\u0219tiga.<\/p>\n<p>O alt\u0103 diferen\u021b\u0103 notabil\u0103 este gama de jocuri suplimentare \u0219i tombole care \u00eenso\u021besc uneori extragerile EuroMillions UK, cum ar fi UK Millionaire Maker. De\u0219i acestea sunt disponibile exclusiv participan\u021bilor din Regatul Unit, jocul prin Euromillions EU te face parte dintr-o experien\u021b\u0103 de loterie cu adev\u0103rat paneuropean\u0103, \u00eemp\u0103rt\u0103\u0219ind emo\u021bia cu juc\u0103tori din Austria, Spania, Fran\u021ba, Portugalia, Belgia, Irlanda, Luxemburg \u0219i Elve\u021bia. Sentimentul de comunitate \u0219i amploarea jocului transform\u0103 fiecare extragere \u00eentr-un eveniment cu adev\u0103rat interna\u021bional.<\/p>\n<h2>Ritmul emo\u021biei \u2013 c\u00e2nd au loc extragerile?<\/h2>\n<p>Euromillions EU men\u021bine emo\u021bia vie prin dou\u0103 extrageri \u00een fiecare s\u0103pt\u0103m\u00e2n\u0103, care au loc \u00een fiecare mar\u021bi \u0219i vineri seara. Acest ritm regulat \u00eenseamn\u0103 c\u0103 oportunitatea de a-\u021bi schimba via\u021ba nu este niciodat\u0103 departe \u2013 doar c\u00e2teva zile despart fiecare \u0219ans\u0103 de a deveni urm\u0103torul mare c\u00e2\u0219tig\u0103tor al Europei. Anticiparea cre\u0219te pe parcursul s\u0103pt\u0103m\u00e2nii, iar fiecare extragere este un nou \u00eenceput, o nou\u0103 \u0219ans\u0103 la noroc care ar putea fi chiar dup\u0103 col\u021b.<\/p>\n<p>Exist\u0103 o magie aparte \u00een a \u0219ti c\u0103, de dou\u0103 ori pe s\u0103pt\u0103m\u00e2n\u0103, cineva, undeva \u00een Europa, \u00ee\u0219i va vedea numerele extrase. De ce nu ai fi tu acela? Cu extrageri at\u00e2t de frecvente, Euromillions EU ofer\u0103 numeroase oportunit\u0103\u021bi de a juca, a visa \u0219i a c\u00e2\u0219tiga.<\/p>\n<h2>De ce s\u0103 joci EuroMillions Austria? Bucuria de a urm\u0103ri vise mari<\/h2>\n<p>Adev\u0103rata atrac\u021bie a Euromillions EU const\u0103 \u00een posibilit\u0103\u021bile care \u00ee\u021bi pot schimba via\u021ba. Jackpoturile ating frecvent sume ame\u021bitoare, uneori dep\u0103\u0219ind 200 de milioane de euro. Imagineaz\u0103-\u021bi ce ai putea face cu un asemenea c\u00e2\u0219tig \u2013 fie c\u0103 este vorba de a c\u0103l\u0103tori \u00een jurul lumii, de a-\u021bi cump\u0103ra casa visurilor, de a-\u021bi asigura viitorul familiei sau de a sus\u021bine cauzele care \u00ee\u021bi sunt cele mai dragi. Orizontul se l\u0103rge\u0219te, iar singura limit\u0103 este imagina\u021bia ta.<\/p>\n<p>\u00cens\u0103 dincolo de c\u00e2\u0219tigurile uria\u0219e, exist\u0103 ceva profund satisf\u0103c\u0103tor \u00een a face parte dintr-o loterie at\u00e2t de legendar\u0103. Fiecare bilet este o promisiune a speran\u021bei, o mic\u0103 investi\u021bie \u00een credin\u021ba c\u0103 norocul \u00ee\u021bi poate sur\u00e2de data viitoare. Anticiparea extragerii, momentul \u00een care sunt anun\u021bate numerele tale \u0219i valul de adrenalin\u0103 care urmeaz\u0103 \u2013 este o experien\u021b\u0103 care aduce emo\u021bie \u00een via\u021ba de zi cu zi.<img loading=\"lazy\" decoding=\"async\" class=\"alignright wp-image-268125\" src=\"https:\/\/lottomat.com\/wp-content\/uploads\/2026\/01\/EuroMillions-Austria-tickets.webp\" alt=\"bilete EuroMillions Austria\" width=\"200\" height=\"200\" srcset=\"https:\/\/lottomat.com\/wp-content\/uploads\/2026\/01\/EuroMillions-Austria-tickets.webp 400w, https:\/\/lottomat.com\/wp-content\/uploads\/2026\/01\/EuroMillions-Austria-tickets-300x300.webp 300w, https:\/\/lottomat.com\/wp-content\/uploads\/2026\/01\/EuroMillions-Austria-tickets-150x150.webp 150w, https:\/\/lottomat.com\/wp-content\/uploads\/2026\/01\/EuroMillions-Austria-tickets-100x100.webp 100w\" sizes=\"auto, (max-width: 200px) 100vw, 200px\" \/><\/p>\n<p>Pentru a \u00eembr\u0103\u021bi\u0219a cu adev\u0103rat stilul de via\u021b\u0103 al loteriilor, consecven\u021ba este esen\u021bial\u0103. Cei mai de succes juc\u0103tori \u0219tiu c\u0103 jocul regulat este secretul cre\u0219terii \u0219anselor tale. Fiecare extragere ratat\u0103 este o oportunitate pierdut\u0103, a\u0219a c\u0103 f\u0103 din asta un obicei \u2013 cump\u0103r\u0103-\u021bi biletele, alege numerele, a\u0219teapt\u0103 <a href=\"https:\/\/lottomat.com\/ro\/rezultate\/euromillions-eu\/\">rezultatele oficiale EuroMillions Austria<\/a> \u0219i r\u0103m\u00e2i \u00een joc. La urma urmei, nu po\u021bi c\u00e2\u0219tiga dac\u0103 nu joci, iar niciodat\u0103 nu \u0219tii c\u00e2nd va veni ziua ta norocoas\u0103.<\/p>\n<h2>Mai mult dec\u00e2t Euromillions \u2013 lumea te a\u0219teapt\u0103 la Lottomat<\/h2>\n<p>De\u0219i Euromillions EU \u0219i varianta sa din Regatul Unit se num\u0103r\u0103 printre <a href=\"https:\/\/lottomat.com\/ro\/joaca\/\">cele mai populare loterii din Europa<\/a>, acestea sunt doar \u00eenceputul a tot ceea ce este posibil la Lottomat. Platforma noastr\u0103 aduce \u00eentreaga lume a loteriilor la \u00eendem\u00e2na ta \u2013 de la impun\u0103torul Powerball \u0219i <a href=\"https:\/\/lottomat.com\/ro\/joaca\/mega-millions\/\">Mega Millions<\/a> din Statele Unite, p\u00e2n\u0103 la <a href=\"https:\/\/lottomat.com\/ro\/joaca\/superenalotto\/\">SuperEnalotto<\/a> din Italia, El Gordo din Spania \u0219i multe altele. Fiecare loterie ofer\u0103 propriul s\u0103u caracter, propriile \u0219anse \u0219i dimensiuni ale jackpoturilor, oferindu-\u021bi nenum\u0103rate moduri de a juca \u0219i de a c\u00e2\u0219tiga.<\/p>\n<p>Jocul la mai multe loterii este o strategie adoptat\u0103 de mul\u021bi juc\u0103tori experimenta\u021bi. R\u0103sp\u00e2ndindu-\u021bi pariurile \u00een diferite jocuri, nu doar c\u0103 \u00ee\u021bi l\u0103rge\u0219ti orizonturile, dar \u00ee\u021bi cre\u0219ti semnificativ \u0219i \u0219ansele de a ob\u021bine un c\u00e2\u0219tig mare. Fiecare bilet este o nou\u0103 oportunitate, fiecare extragere este o nou\u0103 aventur\u0103. La Lottomat, ai libertatea de a explora, de a experimenta \u0219i de a g\u0103si jocurile care \u00ee\u021bi aprind entuziasmul.<\/p>\n<p>Lumea loteriilor este plin\u0103 de pove\u0219ti \u2013 despre oameni obi\u0219nui\u021bi ale c\u0103ror vie\u021bi s-au schimbat \u00eentr-o clip\u0103, despre vise \u00eemplinite \u0219i destine rescrise. Cu fiecare bilet pe care \u00eel cumperi, te al\u0103turi acestei comunit\u0103\u021bi globale de vis\u0103tori \u0219i c\u00e2\u0219tig\u0103tori. Urm\u0103toarea poveste ar putea fi a ta.<\/p>\n<h2>C\u0103l\u0103toria ta c\u0103tre noroc \u00eencepe aici<\/h2>\n<p><img loading=\"lazy\" decoding=\"async\" class=\"alignleft wp-image-268155\" src=\"https:\/\/lottomat.com\/wp-content\/uploads\/2026\/01\/play-EuroMillions-Austria.webp\" alt=\"joac\u0103 EuroMillions Austria\" width=\"200\" height=\"200\" srcset=\"https:\/\/lottomat.com\/wp-content\/uploads\/2026\/01\/play-EuroMillions-Austria.webp 400w, https:\/\/lottomat.com\/wp-content\/uploads\/2026\/01\/play-EuroMillions-Austria-300x300.webp 300w, https:\/\/lottomat.com\/wp-content\/uploads\/2026\/01\/play-EuroMillions-Austria-150x150.webp 150w, https:\/\/lottomat.com\/wp-content\/uploads\/2026\/01\/play-EuroMillions-Austria-100x100.webp 100w\" sizes=\"auto, (max-width: 200px) 100vw, 200px\" \/>Euromillions EU este mai mult dec\u00e2t un joc \u2013 este o poart\u0103 c\u0103tre un viitor mai luminos. Emo\u021bia anticip\u0103rii, bucuria posibilit\u0103\u021bilor \u0219i \u0219ansa de a deveni unul dintre cei mai mari c\u00e2\u0219tig\u0103tori ai Europei sunt toate la \u00eendem\u00e2na ta. Fie c\u0103 joci pentru prima dat\u0103 sau e\u0219ti un fan experimentat al loteriilor, nu exist\u0103 un moment mai bun pentru a te implica.<\/p>\n<p>Aminte\u0219te-\u021bi, cheia c\u00e2\u0219tigului este participarea. Cu c\u00e2t joci mai mult, cu at\u00e2t cresc \u0219ansele de a te al\u0103tura grupului norocos al celor ale c\u0103ror vie\u021bi au fost transformate de un singur bilet. Nu l\u0103sa s\u0103 treac\u0103 \u00eenc\u0103 o extragere pe l\u00e2ng\u0103 tine \u2013 profit\u0103 de \u0219ansa ta, \u00eembr\u0103\u021bi\u0219eaz\u0103 emo\u021bia \u0219i las\u0103 Euromillions EU s\u0103 \u00ee\u021bi deschid\u0103 por\u021bile vie\u021bii la care ai visat dintotdeauna.<\/p>\n<p>Iar dac\u0103 vrei s\u0103 \u00ee\u021bi amplifici \u0219i mai mult \u0219ansele, exploreaz\u0103 selec\u021bia bogat\u0103 de loterii interna\u021bionale de la Lottomat. Fiecare joc este o nou\u0103 posibilitate, un nou orizont \u0219i un nou motiv de a crede c\u0103 norocul \u00eei favorizeaz\u0103 pe cei curajo\u0219i. Aventura ta \u00eencepe acum \u2013 e\u0219ti preg\u0103tit s\u0103 joci?<\/p>\n","protected":false},"excerpt":{"rendered":"<p>Descoper\u0103 emo\u021bia Euromillions EU \u2013 calea austriac\u0103 c\u0103tre c\u00e2\u0219tiguri mari Imagineaz\u0103-\u021bi c\u0103 te treze\u0219ti \u00eentr-o via\u021b\u0103 \u00een care toate visele tale sunt la \u00eendem\u00e2n\u0103, \u00een care numerele pe care le-ai ales asear\u0103 \u021bi-au transformat pentru totdeauna viitorul. Aceasta este emo\u021bia care \u00eei a\u0219teapt\u0103 pe to\u021bi participan\u021bii la Euromillions EU, cunoscut \u0219i ca EuroMillions Austria. Cu [&hellip;]<\/p>\n","protected":false},"author":7,"featured_media":0,"parent":6792,"menu_order":0,"comment_status":"closed","ping_status":"closed","template":"euromillions-at.php","meta":{"_et_pb_use_builder":"","_et_pb_old_content":"","_et_gb_content_width":"","exclude_from_search":false,"footnotes":""},"class_list":["post-247528","page","type-page","status-publish","hentry"],"yoast_head":"<!-- This site is optimized with the Yoast SEO plugin v23.8 - https:\/\/yoast.com\/wordpress\/plugins\/seo\/ -->\n<title>EuroMillions Austria Online \u2013 Cump\u0103r\u0103 bilete \u2013 Lottomat<\/title>\n<meta name=\"description\" content=\"Joac\u0103 EuroMillions Austria online la Lottomat. Aici po\u021bi cump\u0103ra bilete EuroMillions Austria online pentru urm\u0103toarea extragere.\" \/>\n<meta name=\"robots\" content=\"index, follow, max-snippet:-1, max-image-preview:large, max-video-preview:-1\" \/>\n<link rel=\"canonical\" href=\"https:\/\/lottomat.com\/ro\/joaca\/euromillions-eu\/\" \/>\n<meta property=\"og:locale\" content=\"ro_RO\" \/>\n<meta property=\"og:type\" content=\"article\" \/>\n<meta property=\"og:title\" content=\"EuroMillions Austria Online \u2013 Cump\u0103r\u0103 bilete \u2013 Lottomat\" \/>\n<meta property=\"og:description\" content=\"Joac\u0103 EuroMillions Austria online la Lottomat. Aici po\u021bi cump\u0103ra bilete EuroMillions Austria online pentru urm\u0103toarea extragere.\" \/>\n<meta property=\"og:url\" content=\"https:\/\/lottomat.com\/ro\/joaca\/euromillions-eu\/\" \/>\n<meta property=\"og:site_name\" content=\"Lottomat\" \/>\n<meta property=\"article:modified_time\" content=\"2026-03-01T19:59:27+00:00\" \/>\n<meta property=\"og:image\" content=\"https:\/\/lottomat.com\/wp-content\/uploads\/2026\/01\/Austrian-EuroMillions.webp\" \/>\n\t<meta property=\"og:image:width\" content=\"400\" \/>\n\t<meta property=\"og:image:height\" content=\"400\" \/>\n\t<meta property=\"og:image:type\" content=\"image\/webp\" \/>\n<meta name=\"twitter:card\" content=\"summary_large_image\" \/>\n<meta name=\"twitter:label1\" content=\"Timp estimat pentru citire\" \/>\n\t<meta name=\"twitter:data1\" content=\"6 minute\" \/>\n<script type=\"application\/ld+json\" class=\"yoast-schema-graph\">{\"@context\":\"https:\/\/schema.org\",\"@graph\":[{\"@type\":\"WebPage\",\"@id\":\"https:\/\/lottomat.com\/ro\/joaca\/euromillions-eu\/\",\"url\":\"https:\/\/lottomat.com\/ro\/joaca\/euromillions-eu\/\",\"name\":\"EuroMillions Austria Online \u2013 Cump\u0103r\u0103 bilete \u2013 Lottomat\",\"isPartOf\":{\"@id\":\"https:\/\/lottomat.com\/ro\/#website\"},\"primaryImageOfPage\":{\"@id\":\"https:\/\/lottomat.com\/ro\/joaca\/euromillions-eu\/#primaryimage\"},\"image\":{\"@id\":\"https:\/\/lottomat.com\/ro\/joaca\/euromillions-eu\/#primaryimage\"},\"thumbnailUrl\":\"https:\/\/lottomat.com\/wp-content\/uploads\/2026\/01\/Austrian-EuroMillions.webp\",\"datePublished\":\"2025-05-18T16:39:08+00:00\",\"dateModified\":\"2026-03-01T19:59:27+00:00\",\"description\":\"Joac\u0103 EuroMillions Austria online la Lottomat. Aici po\u021bi cump\u0103ra bilete EuroMillions Austria online pentru urm\u0103toarea extragere.\",\"breadcrumb\":{\"@id\":\"https:\/\/lottomat.com\/ro\/joaca\/euromillions-eu\/#breadcrumb\"},\"inLanguage\":\"ro-RO\",\"potentialAction\":[{\"@type\":\"ReadAction\",\"target\":[\"https:\/\/lottomat.com\/ro\/joaca\/euromillions-eu\/\"]}]},{\"@type\":\"ImageObject\",\"inLanguage\":\"ro-RO\",\"@id\":\"https:\/\/lottomat.com\/ro\/joaca\/euromillions-eu\/#primaryimage\",\"url\":\"https:\/\/lottomat.com\/wp-content\/uploads\/2026\/01\/Austrian-EuroMillions.webp\",\"contentUrl\":\"https:\/\/lottomat.com\/wp-content\/uploads\/2026\/01\/Austrian-EuroMillions.webp\"},{\"@type\":\"BreadcrumbList\",\"@id\":\"https:\/\/lottomat.com\/ro\/joaca\/euromillions-eu\/#breadcrumb\",\"itemListElement\":[{\"@type\":\"ListItem\",\"position\":1,\"name\":\"Home\",\"item\":\"https:\/\/lottomat.com\/ro\/\"},{\"@type\":\"ListItem\",\"position\":2,\"name\":\"Joac\u0103 la Loterie\",\"item\":\"https:\/\/lottomat.com\/ro\/joaca\/\"},{\"@type\":\"ListItem\",\"position\":3,\"name\":\"Euromillions EU Online &#8211; bilete EuroMillions Austria\"}]},{\"@type\":\"WebSite\",\"@id\":\"https:\/\/lottomat.com\/ro\/#website\",\"url\":\"https:\/\/lottomat.com\/ro\/\",\"name\":\"Lottomat\",\"description\":\"\",\"potentialAction\":[{\"@type\":\"SearchAction\",\"target\":{\"@type\":\"EntryPoint\",\"urlTemplate\":\"https:\/\/lottomat.com\/ro\/?s={search_term_string}\"},\"query-input\":{\"@type\":\"PropertyValueSpecification\",\"valueRequired\":true,\"valueName\":\"search_term_string\"}}],\"inLanguage\":\"ro-RO\"}]}<\/script>\n<!-- \/ Yoast SEO plugin. -->","yoast_head_json":{"title":"EuroMillions Austria Online \u2013 Cump\u0103r\u0103 bilete \u2013 Lottomat","description":"Joac\u0103 EuroMillions Austria online la Lottomat. Aici po\u021bi cump\u0103ra bilete EuroMillions Austria online pentru urm\u0103toarea extragere.","robots":{"index":"index","follow":"follow","max-snippet":"max-snippet:-1","max-image-preview":"max-image-preview:large","max-video-preview":"max-video-preview:-1"},"canonical":"https:\/\/lottomat.com\/ro\/joaca\/euromillions-eu\/","og_locale":"ro_RO","og_type":"article","og_title":"EuroMillions Austria Online \u2013 Cump\u0103r\u0103 bilete \u2013 Lottomat","og_description":"Joac\u0103 EuroMillions Austria online la Lottomat. Aici po\u021bi cump\u0103ra bilete EuroMillions Austria online pentru urm\u0103toarea extragere.","og_url":"https:\/\/lottomat.com\/ro\/joaca\/euromillions-eu\/","og_site_name":"Lottomat","article_modified_time":"2026-03-01T19:59:27+00:00","og_image":[{"width":400,"height":400,"url":"https:\/\/lottomat.com\/wp-content\/uploads\/2026\/01\/Austrian-EuroMillions.webp","type":"image\/webp"}],"twitter_card":"summary_large_image","twitter_misc":{"Timp estimat pentru citire":"6 minute"},"schema":{"@context":"https:\/\/schema.org","@graph":[{"@type":"WebPage","@id":"https:\/\/lottomat.com\/ro\/joaca\/euromillions-eu\/","url":"https:\/\/lottomat.com\/ro\/joaca\/euromillions-eu\/","name":"EuroMillions Austria Online \u2013 Cump\u0103r\u0103 bilete \u2013 Lottomat","isPartOf":{"@id":"https:\/\/lottomat.com\/ro\/#website"},"primaryImageOfPage":{"@id":"https:\/\/lottomat.com\/ro\/joaca\/euromillions-eu\/#primaryimage"},"image":{"@id":"https:\/\/lottomat.com\/ro\/joaca\/euromillions-eu\/#primaryimage"},"thumbnailUrl":"https:\/\/lottomat.com\/wp-content\/uploads\/2026\/01\/Austrian-EuroMillions.webp","datePublished":"2025-05-18T16:39:08+00:00","dateModified":"2026-03-01T19:59:27+00:00","description":"Joac\u0103 EuroMillions Austria online la Lottomat. Aici po\u021bi cump\u0103ra bilete EuroMillions Austria online pentru urm\u0103toarea extragere.","breadcrumb":{"@id":"https:\/\/lottomat.com\/ro\/joaca\/euromillions-eu\/#breadcrumb"},"inLanguage":"ro-RO","potentialAction":[{"@type":"ReadAction","target":["https:\/\/lottomat.com\/ro\/joaca\/euromillions-eu\/"]}]},{"@type":"ImageObject","inLanguage":"ro-RO","@id":"https:\/\/lottomat.com\/ro\/joaca\/euromillions-eu\/#primaryimage","url":"https:\/\/lottomat.com\/wp-content\/uploads\/2026\/01\/Austrian-EuroMillions.webp","contentUrl":"https:\/\/lottomat.com\/wp-content\/uploads\/2026\/01\/Austrian-EuroMillions.webp"},{"@type":"BreadcrumbList","@id":"https:\/\/lottomat.com\/ro\/joaca\/euromillions-eu\/#breadcrumb","itemListElement":[{"@type":"ListItem","position":1,"name":"Home","item":"https:\/\/lottomat.com\/ro\/"},{"@type":"ListItem","position":2,"name":"Joac\u0103 la Loterie","item":"https:\/\/lottomat.com\/ro\/joaca\/"},{"@type":"ListItem","position":3,"name":"Euromillions EU Online &#8211; bilete EuroMillions Austria"}]},{"@type":"WebSite","@id":"https:\/\/lottomat.com\/ro\/#website","url":"https:\/\/lottomat.com\/ro\/","name":"Lottomat","description":"","potentialAction":[{"@type":"SearchAction","target":{"@type":"EntryPoint","urlTemplate":"https:\/\/lottomat.com\/ro\/?s={search_term_string}"},"query-input":{"@type":"PropertyValueSpecification","valueRequired":true,"valueName":"search_term_string"}}],"inLanguage":"ro-RO"}]}},"_links":{"self":[{"href":"https:\/\/lottomat.com\/ro\/wp-json\/wp\/v2\/pages\/247528","targetHints":{"allow":["GET"]}}],"collection":[{"href":"https:\/\/lottomat.com\/ro\/wp-json\/wp\/v2\/pages"}],"about":[{"href":"https:\/\/lottomat.com\/ro\/wp-json\/wp\/v2\/types\/page"}],"author":[{"embeddable":true,"href":"https:\/\/lottomat.com\/ro\/wp-json\/wp\/v2\/users\/7"}],"replies":[{"embeddable":true,"href":"https:\/\/lottomat.com\/ro\/wp-json\/wp\/v2\/comments?post=247528"}],"version-history":[{"count":8,"href":"https:\/\/lottomat.com\/ro\/wp-json\/wp\/v2\/pages\/247528\/revisions"}],"predecessor-version":[{"id":272291,"href":"https:\/\/lottomat.com\/ro\/wp-json\/wp\/v2\/pages\/247528\/revisions\/272291"}],"up":[{"embeddable":true,"href":"https:\/\/lottomat.com\/ro\/wp-json\/wp\/v2\/pages\/6792"}],"wp:attachment":[{"href":"https:\/\/lottomat.com\/ro\/wp-json\/wp\/v2\/media?parent=247528"}],"curies":[{"name":"wp","href":"https:\/\/api.w.org\/{rel}","templated":true}]}}