{"id":238193,"date":"2025-04-07T19:25:51","date_gmt":"2025-04-07T19:25:51","guid":{"rendered":"https:\/\/lottomat.net\/rezultatele-loteriei\/rezultatele-superenalotto\/"},"modified":"2026-03-01T21:01:05","modified_gmt":"2026-03-01T21:01:05","slug":"superenalotto","status":"publish","type":"page","link":"https:\/\/lottomat.com\/ro\/rezultate\/superenalotto\/","title":{"rendered":"Rezultatele SuperEnalotto &#038; Numerele C\u00e2\u0219tig\u0103toare"},"content":{"rendered":"\n\n<div class=\"kk-star-ratings kksr-auto kksr-align-left kksr-valign-top\"\n    data-payload='{&quot;align&quot;:&quot;left&quot;,&quot;id&quot;:&quot;238193&quot;,&quot;slug&quot;:&quot;default&quot;,&quot;valign&quot;:&quot;top&quot;,&quot;ignore&quot;:&quot;&quot;,&quot;reference&quot;:&quot;auto&quot;,&quot;class&quot;:&quot;&quot;,&quot;count&quot;:&quot;0&quot;,&quot;legendonly&quot;:&quot;&quot;,&quot;readonly&quot;:&quot;&quot;,&quot;score&quot;:&quot;0&quot;,&quot;starsonly&quot;:&quot;&quot;,&quot;best&quot;:&quot;5&quot;,&quot;gap&quot;:&quot;5&quot;,&quot;greet&quot;:&quot;Rate this page&quot;,&quot;legend&quot;:&quot;0\\\/5 - (0 votes)&quot;,&quot;size&quot;:&quot;30&quot;,&quot;title&quot;:&quot;Rezultatele SuperEnalotto \\u0026amp; Numerele C\u00e2\u0219tig\u0103toare&quot;,&quot;width&quot;:&quot;0&quot;,&quot;_legend&quot;:&quot;{score}\\\/{best} - ({count} {votes})&quot;,&quot;font_factor&quot;:&quot;1.25&quot;}'>\n            \n<div class=\"kksr-stars\">\n    \n<div class=\"kksr-stars-inactive\">\n            <div class=\"kksr-star\" data-star=\"1\" style=\"padding-right: 5px\">\n            \n\n<div class=\"kksr-icon\" style=\"width: 30px; height: 30px;\"><\/div>\n        <\/div>\n            <div class=\"kksr-star\" data-star=\"2\" style=\"padding-right: 5px\">\n            \n\n<div class=\"kksr-icon\" style=\"width: 30px; height: 30px;\"><\/div>\n        <\/div>\n            <div class=\"kksr-star\" data-star=\"3\" style=\"padding-right: 5px\">\n            \n\n<div class=\"kksr-icon\" style=\"width: 30px; height: 30px;\"><\/div>\n        <\/div>\n            <div class=\"kksr-star\" data-star=\"4\" style=\"padding-right: 5px\">\n            \n\n<div class=\"kksr-icon\" style=\"width: 30px; height: 30px;\"><\/div>\n        <\/div>\n            <div class=\"kksr-star\" data-star=\"5\" style=\"padding-right: 5px\">\n            \n\n<div class=\"kksr-icon\" style=\"width: 30px; height: 30px;\"><\/div>\n        <\/div>\n    <\/div>\n    \n<div class=\"kksr-stars-active\" style=\"width: 0px;\">\n            <div class=\"kksr-star\" style=\"padding-right: 5px\">\n            \n\n<div class=\"kksr-icon\" style=\"width: 30px; height: 30px;\"><\/div>\n        <\/div>\n            <div class=\"kksr-star\" style=\"padding-right: 5px\">\n            \n\n<div class=\"kksr-icon\" style=\"width: 30px; height: 30px;\"><\/div>\n        <\/div>\n            <div class=\"kksr-star\" style=\"padding-right: 5px\">\n            \n\n<div class=\"kksr-icon\" style=\"width: 30px; height: 30px;\"><\/div>\n        <\/div>\n            <div class=\"kksr-star\" style=\"padding-right: 5px\">\n            \n\n<div class=\"kksr-icon\" style=\"width: 30px; height: 30px;\"><\/div>\n        <\/div>\n            <div class=\"kksr-star\" style=\"padding-right: 5px\">\n            \n\n<div class=\"kksr-icon\" style=\"width: 30px; height: 30px;\"><\/div>\n        <\/div>\n    <\/div>\n<\/div>\n                \n\n<div class=\"kksr-legend\" style=\"font-size: 24px;\">\n            <span class=\"kksr-muted\">Rate this page<\/span>\n    <\/div>\n    <\/div>\n<p>Aflarea rezultatelor SuperEnalotto pentru fiecare extragere la care particip\u0103 biletele tale va fi cu siguran\u021b\u0103 o adev\u0103rat\u0103 pl\u0103cere, mai ales atunci c\u00e2nd se dovede\u0219te c\u0103 ai ales numerele norocoase. Caut\u0103 rapid \u0219i simplu pe <a href=\"https:\/\/lottomat.com\/ro\/\">site-ul LottoMat<\/a> dac\u0103 ai reu\u0219it s\u0103 te al\u0103turi milionarilor, deoarece public\u0103m rezultatele imediat dup\u0103 extragere \u0219i acestea provin din anun\u021bul oficial al organizatorului loteriei SuperEnalotto. Se poate spune c\u0103 <a href=\"https:\/\/lottomat.com\/ro\/rezultate\/\">rezultatele noastre la loterie<\/a> sunt mereu fierbin\u021bi ca p\u00e2inea scoas\u0103 din cuptor.<\/p>\n<h2><img loading=\"lazy\" decoding=\"async\" class=\"alignleft wp-image-252676\" src=\"https:\/\/lottomat.com\/wp-content\/uploads\/2025\/10\/Italian-lottery-numbers-300x300.webp\" alt=\"numerele loteriei italiene\" width=\"200\" height=\"200\" srcset=\"https:\/\/lottomat.com\/wp-content\/uploads\/2025\/10\/Italian-lottery-numbers-300x300.webp 300w, https:\/\/lottomat.com\/wp-content\/uploads\/2025\/10\/Italian-lottery-numbers-150x150.webp 150w, https:\/\/lottomat.com\/wp-content\/uploads\/2025\/10\/Italian-lottery-numbers-100x100.webp 100w, https:\/\/lottomat.com\/wp-content\/uploads\/2025\/10\/Italian-lottery-numbers.webp 400w\" sizes=\"auto, (max-width: 200px) 100vw, 200px\" \/>Cum s\u0103 Verifici Rezultatele Curente SuperEnalotto?<\/h2>\n<p>Chiar este floare la ureche \u0219i incredibil de rapid. <strong>Rezultatele ultimei extrageri se afl\u0103 \u00eentotdeauna \u00een partea de sus a paginii.<\/strong> Totu\u0219i, te-ar putea deruta num\u0103rul bonus, a\u0219a-numitul Jolly, prezent \u00een rezultate, dar noi primim rezultatele direct de la organizator, imediat dup\u0103 extragere, a\u0219a c\u0103 acest mic num\u0103r suplimentar, care poate fi ales doar de italieni la agen\u021biile loto din \u00eentreaga \u021bar\u0103, apare \u0219i el acolo. Asta \u00eenseamn\u0103 c\u0103 trebuie s\u0103 te concentrezi doar pe rezultatele numerelor principale, deoarece nu participi la extragerea Jolly. <strong>Rezultatele pe site-ul LottoMat sunt afi\u0219ate \u00eentr-un tabel prietenos cu utilizatorul, iar citirea lor este foarte simpl\u0103.<\/strong><\/p>\n<h2>Cum s\u0103 Verifici Rezultatele Arhivate SuperEnalotto?<\/h2>\n<p>Pe site-ul LottoMat \u00ee\u021bi oferim posibilitatea de a r\u0103sfoi rezultatele mai vechi. Chiar l\u00e2ng\u0103 numerele extrase recent se afl\u0103 data ultimei extrageri. <strong>Dac\u0103 dai click pe acea dat\u0103, va ap\u0103rea un calendar cu extragerile arhivate.<\/strong> Tot ce trebuie s\u0103 faci este s\u0103 alegi data care te intereseaz\u0103 \u0219i s\u0103 consul\u021bi rezultatele extragerii SuperEnalotto din trecut. Colect\u0103m datele pentru ultimele 12 luni \u0219i po\u021bi avea \u00eencredere c\u0103 acestea sunt gestionate corect \u0219i, mai ales, sunt veridice.<\/p>\n<h2>Cum s\u0103 Folose\u0219ti Numerele C\u00e2\u0219tig\u0103toare Arhivate SuperEnalotto?<img loading=\"lazy\" decoding=\"async\" class=\"alignright wp-image-252707\" src=\"https:\/\/lottomat.com\/wp-content\/uploads\/2025\/10\/Italian-lottery-results-300x300.webp\" alt=\"rezultatele SuperEnalotto\" width=\"200\" height=\"200\" srcset=\"https:\/\/lottomat.com\/wp-content\/uploads\/2025\/10\/Italian-lottery-results-300x300.webp 300w, https:\/\/lottomat.com\/wp-content\/uploads\/2025\/10\/Italian-lottery-results-150x150.webp 150w, https:\/\/lottomat.com\/wp-content\/uploads\/2025\/10\/Italian-lottery-results-100x100.webp 100w, https:\/\/lottomat.com\/wp-content\/uploads\/2025\/10\/Italian-lottery-results.webp 400w\" sizes=\"auto, (max-width: 200px) 100vw, 200px\" \/><\/h2>\n<p>\u0218tii de ce sunt utile extragerile arhivate? Exist\u0103 de fapt trei motive principale. <strong>\u00cen primul r\u00e2nd, \u00ee\u021bi permit s\u0103 creezi propria strategie unic\u0103<\/strong> prin care verifici numerele extrase recent \u0219i \u00ee\u021bi define\u0219ti \u0219ansele de c\u00e2\u0219tig la extragere. \u00cen al doilea r\u00e2nd, po\u021bi verifica dac\u0103 a existat vreodat\u0103 \u201e\u0219eptica norocoas\u0103\u201d, dac\u0103 va exista un jackpot \u0219i, \u00een plus, care a fost cel mai mare premiu recent, astfel \u00eenc\u00e2t s\u0103 \u00ee\u021bi calculezi profitul poten\u021bial dintr-o loterie c\u00e2\u0219tigat\u0103.<\/p>\n<p>\u00cen al treilea r\u00e2nd, po\u021bi vedea c\u00e2\u021bi c\u00e2\u0219tig\u0103tori a avut SuperEnalotto \u0219i ce premii au ob\u021binut, chiar dac\u0103 nu au ghicit toate numerele extrase, iar c\u00e2\u0219tig\u0103tori sunt \u00eentotdeauna sute de mii! Tot ce \u00ee\u021bi r\u0103m\u00e2ne de f\u0103cut este s\u0103 cumperi biletele \u0219i s\u0103 \u00ee\u021bi schimbi radical via\u021ba! \u0218i nu uita, fiecare bilet te aduce mai aproape de c\u00e2\u0219tigul la <a href=\"https:\/\/lottomat.com\/ro\/joaca\/superenalotto\/\">SuperEnalotto online<\/a>.<\/p>\n<h2>Care Sunt Cele Mai Des Extrase Numere la SuperEnalotto?<\/h2>\n<p>Conform analizei statistice a extragerilor SuperEnalotto din 1997 p\u00e2n\u0103 \u00een prezent, <strong>cele 10 numere extrase cel mai frecvent includ 90, 85, 77, 86, 82, 55, 88, 80, 87 \u0219i 79.<\/strong> Aceste numere sunt adesea numite \u201enumere fierbin\u021bi\u201d \u00een cercurile loteriei datorit\u0103 apari\u021biilor lor frecvente \u00een combina\u021biile c\u00e2\u0219tig\u0103toare. Num\u0103rul 90 ocup\u0103 primul loc, fiind extras de sute de ori de-a lungul istoriei jocului. Juc\u0103torii folosesc adesea aceste date statistice pentru a-\u0219i ajusta strategiile de alegere a numerelor, de\u0219i este important de re\u021binut c\u0103 fiecare extragere este independent\u0103 \u0219i rezultatele trecute nu influen\u021beaz\u0103 extragerile viitoare.<\/p>\n<h2><img loading=\"lazy\" decoding=\"async\" class=\"alignleft wp-image-252737\" src=\"https:\/\/lottomat.com\/wp-content\/uploads\/2025\/10\/SuperEnalotto-results-300x300.webp\" alt=\"rezultatele SuperEnalotto\" width=\"200\" height=\"200\" srcset=\"https:\/\/lottomat.com\/wp-content\/uploads\/2025\/10\/SuperEnalotto-results-300x300.webp 300w, https:\/\/lottomat.com\/wp-content\/uploads\/2025\/10\/SuperEnalotto-results-150x150.webp 150w, https:\/\/lottomat.com\/wp-content\/uploads\/2025\/10\/SuperEnalotto-results-100x100.webp 100w, https:\/\/lottomat.com\/wp-content\/uploads\/2025\/10\/SuperEnalotto-results.webp 400w\" sizes=\"auto, (max-width: 200px) 100vw, 200px\" \/>Care Sunt Cele Mai Rar Extrase Numere la SuperEnalotto?<\/h2>\n<p>La polul opus, SuperEnalotto are mai multe \u201enumere reci\u201d care apar mai rar \u00een extrageri. <strong>Cele 10 numere extrase cel mai rar includ, de obicei, numere mici precum 1, 2, 3, 4, 5, 6, 7, 8, 9 \u0219i 10<\/strong>, de\u0219i acest lucru poate varia \u00een func\u021bie de perioada analizat\u0103. Aceste numere reci nu au ap\u0103rut at\u00e2t de des \u00een combina\u021biile c\u00e2\u0219tig\u0103toare comparativ cu \u201efra\u021bii\u201d lor fierbin\u021bi. Unii pasiona\u021bi de loterie cred c\u0103 numerele reci \u201esunt pe drum\u201d \u0219i urmeaz\u0103 s\u0103 fie extrase, \u00een timp ce al\u021bii prefer\u0103 s\u0103 r\u0103m\u00e2n\u0103 la numerele fierbin\u021bi, care \u0219i-au dovedit frecven\u021ba. \u00cen\u021belegerea modelelor numerelor fierbin\u021bi \u0219i reci \u00eei poate ajuta pe juc\u0103tori s\u0103 \u00ee\u0219i dezvolte propriile strategii de joc.<\/p>\n<h2>Pot Fi Prezise Rezultatele SuperEnalotto?<\/h2>\n<p>\u00cen ciuda analizei statistice detaliate disponibile pentru SuperEnalotto, este esen\u021bial de \u00een\u021beles c\u0103 <strong>rezultatele loteriei nu pot fi prezise cu exactitate.<\/strong> Fiecare extragere SuperEnalotto este complet aleatorie \u0219i independent\u0103 de rezultatele anterioare. De\u0219i studiul numerelor fierbin\u021bi \u0219i reci, al tabelelor de frecven\u021b\u0103 \u0219i al modelelor istorice poate fi interesant \u0219i \u00ee\u021bi poate ghida strategia de alegere a numerelor, aceste statistici nu garanteaz\u0103 succesul viitor. Loteria folose\u0219te sisteme sofisticate de generare aleatorie a numerelor, care asigur\u0103 c\u0103 fiecare num\u0103r de la 1 la 90 are \u0219anse egale s\u0103 fie extras la fiecare extragere.<\/p>\n<p>Probabilitatea matematic\u0103 r\u0103m\u00e2ne constant\u0103 indiferent de rezultatele anterioare \u2013 acest lucru este cunoscut drept \u201eeroarea juc\u0103torului\u201d, c\u00e2nd oamenii cred \u00een mod eronat c\u0103 rezultatele trecute influen\u021beaz\u0103 viitoarele extrageri. Matematicienii \u0219i statisticienii profesioni\u0219ti subliniaz\u0103 constant c\u0103 jocurile de loterie precum SuperEnalotto sunt jocuri de pur noroc. <strong>Cea mai bun\u0103 abordare este s\u0103 joci responsabil, \u00een limita posibilit\u0103\u021bilor tale \u0219i pentru divertisment, nu ca strategie de investi\u021bie.<\/strong><\/p>\n<h2>Cum s\u0103 Verifici Rezultatele Extragerei SuperEnalotto de Ieri?<img loading=\"lazy\" decoding=\"async\" class=\"alignright wp-image-252767\" src=\"https:\/\/lottomat.com\/wp-content\/uploads\/2025\/10\/SuperEnalotto-winning-numbers-300x300.webp\" alt=\"numerele c\u00e2\u0219tig\u0103toare SuperEnalotto\" width=\"200\" height=\"200\" srcset=\"https:\/\/lottomat.com\/wp-content\/uploads\/2025\/10\/SuperEnalotto-winning-numbers-300x300.webp 300w, https:\/\/lottomat.com\/wp-content\/uploads\/2025\/10\/SuperEnalotto-winning-numbers-150x150.webp 150w, https:\/\/lottomat.com\/wp-content\/uploads\/2025\/10\/SuperEnalotto-winning-numbers-100x100.webp 100w, https:\/\/lottomat.com\/wp-content\/uploads\/2025\/10\/SuperEnalotto-winning-numbers.webp 400w\" sizes=\"auto, (max-width: 200px) 100vw, 200px\" \/><\/h2>\n<p>Verificarea rezultatelor SuperEnalotto de ieri pe site-ul LottoMat este simpl\u0103 \u0219i convenabil\u0103. Platforma noastr\u0103 men\u021bine arhive complete ale tuturor extragerilor recente, f\u0103c\u00e2nd u\u0219or accesibile rezultatele de ieri, de s\u0103pt\u0103m\u00e2na trecut\u0103 sau chiar de luna trecut\u0103. <strong>Indiferent dac\u0103 cau\u021bi cele mai recente rezultate de ast\u0103zi sau ai nevoie s\u0103 verifici numerele din extragerile anterioare, LottoMat \u00ee\u021bi ofer\u0103 informa\u021bii fiabile \u0219i precise despre loteria italian\u0103.<\/strong> Pur \u0219i simplu navigheaz\u0103 c\u0103tre sec\u021biunea noastr\u0103 de rezultate, unde vei g\u0103si o list\u0103 cronologic\u0103 a tuturor extragerilor SuperEnalotto recente. Fiecare intrare con\u021bine cele \u0219ase numere principale c\u00e2\u0219tig\u0103toare, num\u0103rul Jolly \u0219i num\u0103rul SuperStar, dac\u0103 este cazul.<\/p>\n<p>Po\u021bi da click pe orice dat\u0103 pentru a vizualiza informa\u021bii detaliate despre acea extragere, inclusiv \u00eemp\u0103r\u021birea premiilor \u0219i statistici despre c\u00e2\u0219tig\u0103tori. Aminte\u0219te-\u021bi c\u0103 pe LottoMat, <strong>nu conteaz\u0103 dac\u0103 cau\u021bi rezultatele de ast\u0103zi, numerele de ieri sau rezultatele de acum c\u00e2teva s\u0103pt\u0103m\u00e2ni \u2013 vei g\u0103si \u00eentotdeauna rezultate autentice ale loteriei italiene<\/strong> \u00een care po\u021bi avea \u00eencredere deplin\u0103.<\/p>\n<h2>C\u00e2\u021bi Oameni au C\u00e2\u0219tigat la Ultima Extragere SuperEnalotto?<\/h2>\n<p>Fiecare extragere SuperEnalotto produce mai mul\u021bi c\u00e2\u0219tig\u0103tori pe diferite <a href=\"https:\/\/lottomat.com\/ro\/informatie\/superenalotto\/\">niveluri de premii SuperEnalotto<\/a>, nu doar c\u00e2\u0219tig\u0103torul jackpotului. <strong>Tabelul nostru detaliat al \u00eemp\u0103r\u021birii premiilor ofer\u0103 informa\u021bii complete despre num\u0103rul de c\u00e2\u0219tig\u0103tori la fiecare nivel de premii \u0219i sumele corespunz\u0103toare c\u00e2\u0219tigate.<\/strong> Aceste date valoroase \u00eei ajut\u0103 pe juc\u0103tori s\u0103 \u00een\u021beleag\u0103 diferitele moduri de a c\u00e2\u0219tiga la SuperEnalotto, nu doar prin potrivirea tuturor celor \u0219ase numere. De obicei, <strong>mii de juc\u0103tori c\u00e2\u0219tig\u0103 premii la fiecare extragere SuperEnalotto, la toate nivelurile de premii<\/strong>, majoritatea ob\u021bin\u00e2nd sume mai mici pentru potrivirea a 2-3 numere. Aceste informa\u021bii sunt actualizate imediat dup\u0103 fiecare extragere \u0219i asigur\u0103 transparen\u021b\u0103 \u00een privin\u021ba distribu\u021biei premiilor, ajut\u00e2ndu-i pe juc\u0103tori s\u0103 \u00een\u021beleag\u0103 c\u00e2\u0219tigurile poten\u021biale la diferite niveluri de potrivire.<\/p>\n","protected":false},"excerpt":{"rendered":"<p>Aflarea rezultatelor SuperEnalotto pentru fiecare extragere la care particip\u0103 biletele tale va fi cu siguran\u021b\u0103 o adev\u0103rat\u0103 pl\u0103cere, mai ales atunci c\u00e2nd se dovede\u0219te c\u0103 ai ales numerele norocoase. Caut\u0103 rapid \u0219i simplu pe site-ul LottoMat dac\u0103 ai reu\u0219it s\u0103 te al\u0103turi milionarilor, deoarece public\u0103m rezultatele imediat dup\u0103 extragere \u0219i acestea provin din anun\u021bul oficial [&hellip;]<\/p>\n","protected":false},"author":1,"featured_media":0,"parent":7448,"menu_order":5,"comment_status":"closed","ping_status":"closed","template":"superenalotto-results.php","meta":{"_et_pb_use_builder":"","_et_pb_old_content":"","_et_gb_content_width":"","exclude_from_search":false,"footnotes":""},"class_list":["post-238193","page","type-page","status-publish","hentry"],"yoast_head":"<!-- This site is optimized with the Yoast SEO plugin v23.8 - https:\/\/yoast.com\/wordpress\/plugins\/seo\/ -->\n<title>Rezultatele SuperEnalotto &amp; Numerele C\u00e2\u0219tig\u0103toare - Lottomat<\/title>\n<meta name=\"description\" content=\"Verific\u0103 acum cele mai recente rezultatele SuperEnalotto! Vezi numerele c\u00e2\u0219tig\u0103toare de ast\u0103zi \u0219i afl\u0103 dac\u0103 ai c\u00e2\u0219tigat la tragerea loteriei italiene.\" \/>\n<meta name=\"robots\" content=\"index, follow, max-snippet:-1, max-image-preview:large, max-video-preview:-1\" \/>\n<link rel=\"canonical\" href=\"https:\/\/lottomat.com\/ro\/rezultate\/superenalotto\/\" \/>\n<meta property=\"og:locale\" content=\"ro_RO\" \/>\n<meta property=\"og:type\" content=\"article\" \/>\n<meta property=\"og:title\" content=\"Rezultatele SuperEnalotto &amp; Numerele C\u00e2\u0219tig\u0103toare - Lottomat\" \/>\n<meta property=\"og:description\" content=\"Verific\u0103 acum cele mai recente rezultatele SuperEnalotto! Vezi numerele c\u00e2\u0219tig\u0103toare de ast\u0103zi \u0219i afl\u0103 dac\u0103 ai c\u00e2\u0219tigat la tragerea loteriei italiene.\" \/>\n<meta property=\"og:url\" content=\"https:\/\/lottomat.com\/ro\/rezultate\/superenalotto\/\" \/>\n<meta property=\"og:site_name\" content=\"Lottomat\" \/>\n<meta property=\"article:modified_time\" content=\"2026-03-01T21:01:05+00:00\" \/>\n<meta property=\"og:image\" content=\"https:\/\/lottomat.com\/wp-content\/uploads\/2025\/10\/Italian-lottery-numbers.webp\" \/>\n\t<meta property=\"og:image:width\" content=\"400\" \/>\n\t<meta property=\"og:image:height\" content=\"400\" \/>\n\t<meta property=\"og:image:type\" content=\"image\/webp\" \/>\n<meta name=\"twitter:card\" content=\"summary_large_image\" \/>\n<meta name=\"twitter:label1\" content=\"Timp estimat pentru citire\" \/>\n\t<meta name=\"twitter:data1\" content=\"6 minute\" \/>\n<script type=\"application\/ld+json\" class=\"yoast-schema-graph\">{\"@context\":\"https:\/\/schema.org\",\"@graph\":[{\"@type\":\"WebPage\",\"@id\":\"https:\/\/lottomat.com\/ro\/rezultate\/superenalotto\/\",\"url\":\"https:\/\/lottomat.com\/ro\/rezultate\/superenalotto\/\",\"name\":\"Rezultatele SuperEnalotto & Numerele C\u00e2\u0219tig\u0103toare - Lottomat\",\"isPartOf\":{\"@id\":\"https:\/\/lottomat.com\/ro\/#website\"},\"primaryImageOfPage\":{\"@id\":\"https:\/\/lottomat.com\/ro\/rezultate\/superenalotto\/#primaryimage\"},\"image\":{\"@id\":\"https:\/\/lottomat.com\/ro\/rezultate\/superenalotto\/#primaryimage\"},\"thumbnailUrl\":\"https:\/\/lottomat.com\/wp-content\/uploads\/2025\/10\/Italian-lottery-numbers-300x300.webp\",\"datePublished\":\"2025-04-07T19:25:51+00:00\",\"dateModified\":\"2026-03-01T21:01:05+00:00\",\"description\":\"Verific\u0103 acum cele mai recente rezultatele SuperEnalotto! Vezi numerele c\u00e2\u0219tig\u0103toare de ast\u0103zi \u0219i afl\u0103 dac\u0103 ai c\u00e2\u0219tigat la tragerea loteriei italiene.\",\"breadcrumb\":{\"@id\":\"https:\/\/lottomat.com\/ro\/rezultate\/superenalotto\/#breadcrumb\"},\"inLanguage\":\"ro-RO\",\"potentialAction\":[{\"@type\":\"ReadAction\",\"target\":[\"https:\/\/lottomat.com\/ro\/rezultate\/superenalotto\/\"]}]},{\"@type\":\"ImageObject\",\"inLanguage\":\"ro-RO\",\"@id\":\"https:\/\/lottomat.com\/ro\/rezultate\/superenalotto\/#primaryimage\",\"url\":\"https:\/\/lottomat.com\/wp-content\/uploads\/2025\/10\/Italian-lottery-numbers-300x300.webp\",\"contentUrl\":\"https:\/\/lottomat.com\/wp-content\/uploads\/2025\/10\/Italian-lottery-numbers-300x300.webp\"},{\"@type\":\"BreadcrumbList\",\"@id\":\"https:\/\/lottomat.com\/ro\/rezultate\/superenalotto\/#breadcrumb\",\"itemListElement\":[{\"@type\":\"ListItem\",\"position\":1,\"name\":\"Home\",\"item\":\"https:\/\/lottomat.com\/ro\/\"},{\"@type\":\"ListItem\",\"position\":2,\"name\":\"Rezultate la loterie &#038; Numere c\u00e2\u0219tig\u0103toare la loto\",\"item\":\"https:\/\/lottomat.com\/ro\/rezultate\/\"},{\"@type\":\"ListItem\",\"position\":3,\"name\":\"Rezultatele SuperEnalotto &#038; Numerele C\u00e2\u0219tig\u0103toare\"}]},{\"@type\":\"WebSite\",\"@id\":\"https:\/\/lottomat.com\/ro\/#website\",\"url\":\"https:\/\/lottomat.com\/ro\/\",\"name\":\"Lottomat\",\"description\":\"\",\"potentialAction\":[{\"@type\":\"SearchAction\",\"target\":{\"@type\":\"EntryPoint\",\"urlTemplate\":\"https:\/\/lottomat.com\/ro\/?s={search_term_string}\"},\"query-input\":{\"@type\":\"PropertyValueSpecification\",\"valueRequired\":true,\"valueName\":\"search_term_string\"}}],\"inLanguage\":\"ro-RO\"}]}<\/script>\n<!-- \/ Yoast SEO plugin. -->","yoast_head_json":{"title":"Rezultatele SuperEnalotto & Numerele C\u00e2\u0219tig\u0103toare - Lottomat","description":"Verific\u0103 acum cele mai recente rezultatele SuperEnalotto! Vezi numerele c\u00e2\u0219tig\u0103toare de ast\u0103zi \u0219i afl\u0103 dac\u0103 ai c\u00e2\u0219tigat la tragerea loteriei italiene.","robots":{"index":"index","follow":"follow","max-snippet":"max-snippet:-1","max-image-preview":"max-image-preview:large","max-video-preview":"max-video-preview:-1"},"canonical":"https:\/\/lottomat.com\/ro\/rezultate\/superenalotto\/","og_locale":"ro_RO","og_type":"article","og_title":"Rezultatele SuperEnalotto & Numerele C\u00e2\u0219tig\u0103toare - Lottomat","og_description":"Verific\u0103 acum cele mai recente rezultatele SuperEnalotto! Vezi numerele c\u00e2\u0219tig\u0103toare de ast\u0103zi \u0219i afl\u0103 dac\u0103 ai c\u00e2\u0219tigat la tragerea loteriei italiene.","og_url":"https:\/\/lottomat.com\/ro\/rezultate\/superenalotto\/","og_site_name":"Lottomat","article_modified_time":"2026-03-01T21:01:05+00:00","og_image":[{"width":400,"height":400,"url":"https:\/\/lottomat.com\/wp-content\/uploads\/2025\/10\/Italian-lottery-numbers.webp","type":"image\/webp"}],"twitter_card":"summary_large_image","twitter_misc":{"Timp estimat pentru citire":"6 minute"},"schema":{"@context":"https:\/\/schema.org","@graph":[{"@type":"WebPage","@id":"https:\/\/lottomat.com\/ro\/rezultate\/superenalotto\/","url":"https:\/\/lottomat.com\/ro\/rezultate\/superenalotto\/","name":"Rezultatele SuperEnalotto & Numerele C\u00e2\u0219tig\u0103toare - Lottomat","isPartOf":{"@id":"https:\/\/lottomat.com\/ro\/#website"},"primaryImageOfPage":{"@id":"https:\/\/lottomat.com\/ro\/rezultate\/superenalotto\/#primaryimage"},"image":{"@id":"https:\/\/lottomat.com\/ro\/rezultate\/superenalotto\/#primaryimage"},"thumbnailUrl":"https:\/\/lottomat.com\/wp-content\/uploads\/2025\/10\/Italian-lottery-numbers-300x300.webp","datePublished":"2025-04-07T19:25:51+00:00","dateModified":"2026-03-01T21:01:05+00:00","description":"Verific\u0103 acum cele mai recente rezultatele SuperEnalotto! Vezi numerele c\u00e2\u0219tig\u0103toare de ast\u0103zi \u0219i afl\u0103 dac\u0103 ai c\u00e2\u0219tigat la tragerea loteriei italiene.","breadcrumb":{"@id":"https:\/\/lottomat.com\/ro\/rezultate\/superenalotto\/#breadcrumb"},"inLanguage":"ro-RO","potentialAction":[{"@type":"ReadAction","target":["https:\/\/lottomat.com\/ro\/rezultate\/superenalotto\/"]}]},{"@type":"ImageObject","inLanguage":"ro-RO","@id":"https:\/\/lottomat.com\/ro\/rezultate\/superenalotto\/#primaryimage","url":"https:\/\/lottomat.com\/wp-content\/uploads\/2025\/10\/Italian-lottery-numbers-300x300.webp","contentUrl":"https:\/\/lottomat.com\/wp-content\/uploads\/2025\/10\/Italian-lottery-numbers-300x300.webp"},{"@type":"BreadcrumbList","@id":"https:\/\/lottomat.com\/ro\/rezultate\/superenalotto\/#breadcrumb","itemListElement":[{"@type":"ListItem","position":1,"name":"Home","item":"https:\/\/lottomat.com\/ro\/"},{"@type":"ListItem","position":2,"name":"Rezultate la loterie &#038; Numere c\u00e2\u0219tig\u0103toare la loto","item":"https:\/\/lottomat.com\/ro\/rezultate\/"},{"@type":"ListItem","position":3,"name":"Rezultatele SuperEnalotto &#038; Numerele C\u00e2\u0219tig\u0103toare"}]},{"@type":"WebSite","@id":"https:\/\/lottomat.com\/ro\/#website","url":"https:\/\/lottomat.com\/ro\/","name":"Lottomat","description":"","potentialAction":[{"@type":"SearchAction","target":{"@type":"EntryPoint","urlTemplate":"https:\/\/lottomat.com\/ro\/?s={search_term_string}"},"query-input":{"@type":"PropertyValueSpecification","valueRequired":true,"valueName":"search_term_string"}}],"inLanguage":"ro-RO"}]}},"_links":{"self":[{"href":"https:\/\/lottomat.com\/ro\/wp-json\/wp\/v2\/pages\/238193","targetHints":{"allow":["GET"]}}],"collection":[{"href":"https:\/\/lottomat.com\/ro\/wp-json\/wp\/v2\/pages"}],"about":[{"href":"https:\/\/lottomat.com\/ro\/wp-json\/wp\/v2\/types\/page"}],"author":[{"embeddable":true,"href":"https:\/\/lottomat.com\/ro\/wp-json\/wp\/v2\/users\/1"}],"replies":[{"embeddable":true,"href":"https:\/\/lottomat.com\/ro\/wp-json\/wp\/v2\/comments?post=238193"}],"version-history":[{"count":5,"href":"https:\/\/lottomat.com\/ro\/wp-json\/wp\/v2\/pages\/238193\/revisions"}],"predecessor-version":[{"id":272307,"href":"https:\/\/lottomat.com\/ro\/wp-json\/wp\/v2\/pages\/238193\/revisions\/272307"}],"up":[{"embeddable":true,"href":"https:\/\/lottomat.com\/ro\/wp-json\/wp\/v2\/pages\/7448"}],"wp:attachment":[{"href":"https:\/\/lottomat.com\/ro\/wp-json\/wp\/v2\/media?parent=238193"}],"curies":[{"name":"wp","href":"https:\/\/api.w.org\/{rel}","templated":true}]}}