{"id":237848,"date":"2025-04-07T19:24:29","date_gmt":"2025-04-07T19:24:29","guid":{"rendered":"https:\/\/lottomat.net\/rezultatele-loteriei\/rezultatele-mega-millions\/"},"modified":"2026-03-01T19:24:07","modified_gmt":"2026-03-01T19:24:07","slug":"mega-millions","status":"publish","type":"page","link":"https:\/\/lottomat.com\/ro\/rezultate\/mega-millions\/","title":{"rendered":"Rezultatele Mega Millions &#038; Numerele C\u00e2\u0219tig\u0103toare"},"content":{"rendered":"\n\n<div class=\"kk-star-ratings kksr-auto kksr-align-left kksr-valign-top\"\n    data-payload='{&quot;align&quot;:&quot;left&quot;,&quot;id&quot;:&quot;237848&quot;,&quot;slug&quot;:&quot;default&quot;,&quot;valign&quot;:&quot;top&quot;,&quot;ignore&quot;:&quot;&quot;,&quot;reference&quot;:&quot;auto&quot;,&quot;class&quot;:&quot;&quot;,&quot;count&quot;:&quot;0&quot;,&quot;legendonly&quot;:&quot;&quot;,&quot;readonly&quot;:&quot;&quot;,&quot;score&quot;:&quot;0&quot;,&quot;starsonly&quot;:&quot;&quot;,&quot;best&quot;:&quot;5&quot;,&quot;gap&quot;:&quot;5&quot;,&quot;greet&quot;:&quot;Rate this page&quot;,&quot;legend&quot;:&quot;0\\\/5 - (0 votes)&quot;,&quot;size&quot;:&quot;30&quot;,&quot;title&quot;:&quot;Rezultatele Mega Millions \\u0026amp; Numerele C\u00e2\u0219tig\u0103toare&quot;,&quot;width&quot;:&quot;0&quot;,&quot;_legend&quot;:&quot;{score}\\\/{best} - ({count} {votes})&quot;,&quot;font_factor&quot;:&quot;1.25&quot;}'>\n            \n<div class=\"kksr-stars\">\n    \n<div class=\"kksr-stars-inactive\">\n            <div class=\"kksr-star\" data-star=\"1\" style=\"padding-right: 5px\">\n            \n\n<div class=\"kksr-icon\" style=\"width: 30px; height: 30px;\"><\/div>\n        <\/div>\n            <div class=\"kksr-star\" data-star=\"2\" style=\"padding-right: 5px\">\n            \n\n<div class=\"kksr-icon\" style=\"width: 30px; height: 30px;\"><\/div>\n        <\/div>\n            <div class=\"kksr-star\" data-star=\"3\" style=\"padding-right: 5px\">\n            \n\n<div class=\"kksr-icon\" style=\"width: 30px; height: 30px;\"><\/div>\n        <\/div>\n            <div class=\"kksr-star\" data-star=\"4\" style=\"padding-right: 5px\">\n            \n\n<div class=\"kksr-icon\" style=\"width: 30px; height: 30px;\"><\/div>\n        <\/div>\n            <div class=\"kksr-star\" data-star=\"5\" style=\"padding-right: 5px\">\n            \n\n<div class=\"kksr-icon\" style=\"width: 30px; height: 30px;\"><\/div>\n        <\/div>\n    <\/div>\n    \n<div class=\"kksr-stars-active\" style=\"width: 0px;\">\n            <div class=\"kksr-star\" style=\"padding-right: 5px\">\n            \n\n<div class=\"kksr-icon\" style=\"width: 30px; height: 30px;\"><\/div>\n        <\/div>\n            <div class=\"kksr-star\" style=\"padding-right: 5px\">\n            \n\n<div class=\"kksr-icon\" style=\"width: 30px; height: 30px;\"><\/div>\n        <\/div>\n            <div class=\"kksr-star\" style=\"padding-right: 5px\">\n            \n\n<div class=\"kksr-icon\" style=\"width: 30px; height: 30px;\"><\/div>\n        <\/div>\n            <div class=\"kksr-star\" style=\"padding-right: 5px\">\n            \n\n<div class=\"kksr-icon\" style=\"width: 30px; height: 30px;\"><\/div>\n        <\/div>\n            <div class=\"kksr-star\" style=\"padding-right: 5px\">\n            \n\n<div class=\"kksr-icon\" style=\"width: 30px; height: 30px;\"><\/div>\n        <\/div>\n    <\/div>\n<\/div>\n                \n\n<div class=\"kksr-legend\" style=\"font-size: 24px;\">\n            <span class=\"kksr-muted\">Rate this page<\/span>\n    <\/div>\n    <\/div>\n<p>Biletele de loterie Mega Millions sunt cump\u0103rate, numerele c\u00e2\u0219tig\u0103toare Mega Millions sunt alese, iar tu te concentrezi doar pe planuri fericite \u0219i vise care pot deveni realitate dac\u0103 intri \u00een grupul milionarilor. Nu e nimic r\u0103u \u00een asta, cu to\u021bii avem visele noastre. Este foarte probabil ca g\u00e2ndurile fiec\u0103rui juc\u0103tor s\u0103 se \u00eenv\u00e2rt\u0103 \u00een jurul c\u00e2\u0219tigului \u00eenainte de a afla rezultatele tragerii Mega Millions, iar <strong>Mega Millions este un joc care chiar poate oferi foarte mult<\/strong>.<\/p>\n<h2>Este Posibil s\u0103 C\u00e2\u0219tigi cu Numerele Mega Millions?<img loading=\"lazy\" decoding=\"async\" class=\"alignright wp-image-251955\" src=\"https:\/\/lottomat.com\/wp-content\/uploads\/2025\/10\/Mega-Millions-winning-numbers.webp\" alt=\"Numere c\u00e2\u0219tig\u0103toare Mega Millions\" width=\"200\" height=\"200\" srcset=\"https:\/\/lottomat.com\/wp-content\/uploads\/2025\/10\/Mega-Millions-winning-numbers.webp 400w, https:\/\/lottomat.com\/wp-content\/uploads\/2025\/10\/Mega-Millions-winning-numbers-300x300.webp 300w, https:\/\/lottomat.com\/wp-content\/uploads\/2025\/10\/Mega-Millions-winning-numbers-150x150.webp 150w, https:\/\/lottomat.com\/wp-content\/uploads\/2025\/10\/Mega-Millions-winning-numbers-100x100.webp 100w\" sizes=\"auto, (max-width: 200px) 100vw, 200px\" \/><\/h2>\n<p>P\u00e2n\u0103 c\u00e2nd <a href=\"https:\/\/lottomat.com\/ro\/rezultate\/\">verifici rezultatele actuale ale tragerii<\/a>, po\u021bi visa, dar doar extragerea numerelor alese de tine poate transforma acest vis frumos \u00een realitate, de aceea nu are rost s\u0103 a\u0219tep\u021bi \u2013 joac\u0103 \u0219i verific\u0103. Tot ce trebuie s\u0103 faci dup\u0103 tragere este s\u0103 <a href=\"https:\/\/lottomat.com\/ro\/\">vizitezi pagina de rezultate Lottomat<\/a> pentru Mega Millions \u0219i s\u0103 vezi care numere au c\u00e2\u0219tigat la aceast\u0103 tragere; dac\u0103 se potrivesc cu biletul t\u0103u, \u00eenseamn\u0103 c\u0103 e\u0219ti printre c\u00e2\u0219tig\u0103torii <a href=\"https:\/\/lottomat.com\/ro\/informatie\/mega-millions\/\">premiilor \u0219i jackpotului Mega Millions<\/a>. <strong>Tragerea Mega Millions are loc regulat de dou\u0103 ori pe s\u0103pt\u0103m\u00e2n\u0103, \u00een fiecare miercuri \u0219i s\u00e2mb\u0103t\u0103 la 03:00 UTC<\/strong>.<\/p>\n<p>Public\u0103m rezultatele actuale Mega Millions online imediat dup\u0103 \u00eencheierea tragerii \u0219i ele provin din informa\u021biile oficiale ale organizatorului, ceea ce le face 100% verificate \u0219i de \u00eencredere. Singurul lucru de care trebuie s\u0103 \u021bii cont este s\u0103 \u00ee\u021bi ajustezi ora la fusul t\u0103u orar local.<\/p>\n<h2>Cum s\u0103 Verifici Rezultatele Mega Millions de Ast\u0103zi?<\/h2>\n<p><strong>Rezultatele actuale Mega Millions sunt disponibile imediat pe site-ul Lottomat dup\u0103 fiecare tragere<\/strong>. Toate rezultatele publicate provin direct din surse oficiale ale loteriei, garant\u00e2nd acurate\u021be \u0219i fiabilitate. Po\u021bi accesa cele mai recente numere c\u00e2\u0219tig\u0103toare vizit\u00e2nd pagina noastr\u0103 dedicat\u0103 rezultatelor Mega Millions. Rezultatele sunt actualizate \u00een timp real dup\u0103 fiecare extragere, astfel \u00eenc\u00e2t vei avea mereu acces la cele mai noi informa\u021bii. Trebuie doar s\u0103 accesezi sec\u021biunea de rezultate pentru a descoperi dac\u0103 numerele tale te-au f\u0103cut urm\u0103torul c\u00e2\u0219tig\u0103tor Mega Millions.<\/p>\n<h2><img loading=\"lazy\" decoding=\"async\" class=\"alignleft wp-image-251985\" src=\"https:\/\/lottomat.com\/wp-content\/uploads\/2025\/10\/Mega-Millions-results.webp\" alt=\"Rezultatele Mega Millions\" width=\"200\" height=\"200\" srcset=\"https:\/\/lottomat.com\/wp-content\/uploads\/2025\/10\/Mega-Millions-results.webp 400w, https:\/\/lottomat.com\/wp-content\/uploads\/2025\/10\/Mega-Millions-results-300x300.webp 300w, https:\/\/lottomat.com\/wp-content\/uploads\/2025\/10\/Mega-Millions-results-150x150.webp 150w, https:\/\/lottomat.com\/wp-content\/uploads\/2025\/10\/Mega-Millions-results-100x100.webp 100w\" sizes=\"auto, (max-width: 200px) 100vw, 200px\" \/>Cum s\u0103 Verifici Rezultatele Istorice Mega Millions \u0219i Numerele C\u00e2\u0219tig\u0103toare?<\/h2>\n<p>\u0218tim c\u00e2t de importante sunt rezultatele arhivate ale loteriei pentru mul\u021bi dintre noi, deoarece unii dintre voi \u00ee\u0219i construiesc strategia pentru tragerile viitoare pe baza lor. Tot ce trebuie s\u0103 faci pentru a le folosi este s\u0103 mergi la calendarul nostru de rezultate. Acesta este disponibil \u00een partea dreapt\u0103 sus. Dup\u0103 ce faci clic pe o dat\u0103, po\u021bi comuta liber la alte perioade. <strong>Acolo po\u021bi verifica numerele c\u00e2\u0219tig\u0103toare Mega Millions extrase \u00een ultimele s\u0103pt\u0103m\u00e2ni \u0219i s\u0103 vezi c\u00e2t de important\u0103 este diversitatea numerelor de pe bilete<\/strong>.<\/p>\n<h2>Cum s\u0103 Folose\u0219ti Arhiva Numerelor C\u00e2\u0219tig\u0103toare Mega Millions?<\/h2>\n<p>Arhiva istoric\u0103 a rezultatelor Mega Millions serve\u0219te drept instrument valoros pentru juc\u0103torii care doresc s\u0103 analizeze tipare \u0219i s\u0103 \u00ee\u0219i dezvolte strategiile de joc. Analiz\u00e2nd tragerile trecute, po\u021bi identifica tendin\u021be \u00een frecven\u021ba numerelor \u0219i po\u021bi lua decizii mai informate despre selec\u021biile tale. <strong>Arhiva \u00ee\u021bi permite s\u0103 urm\u0103re\u0219ti care numere au ap\u0103rut frecvent \u00eempreun\u0103, ajut\u00e2ndu-te s\u0103 \u00een\u021belegi tiparele jocului de-a lungul timpului<\/strong>. Mul\u021bi juc\u0103tori de succes folosesc aceste date istorice pentru a crea metode sistematice de alegere a numerelor, de\u0219i este important de re\u021binut c\u0103 fiecare tragere este independent\u0103 \u0219i aleatorie. Arhiva ofer\u0103 informa\u021bii despre combina\u021biile de numere care au fost extrase de mai multe ori, oferindu-\u021bi o baz\u0103 pentru crearea propriei metodologii de selec\u021bie. Totu\u0219i, performan\u021ba trecut\u0103 nu garanteaz\u0103 rezultatele viitoare \u00een jocurile de loterie.<\/p>\n<h2>Care Sunt Cele Mai Frecvent Extrase Numere la Mega Millions?<img loading=\"lazy\" decoding=\"async\" class=\"alignright wp-image-252015\" src=\"https:\/\/lottomat.com\/wp-content\/uploads\/2025\/10\/drawing-results.webp\" alt=\"Rezultatele tragerii\" width=\"200\" height=\"200\" srcset=\"https:\/\/lottomat.com\/wp-content\/uploads\/2025\/10\/drawing-results.webp 400w, https:\/\/lottomat.com\/wp-content\/uploads\/2025\/10\/drawing-results-300x300.webp 300w, https:\/\/lottomat.com\/wp-content\/uploads\/2025\/10\/drawing-results-150x150.webp 150w, https:\/\/lottomat.com\/wp-content\/uploads\/2025\/10\/drawing-results-100x100.webp 100w\" sizes=\"auto, (max-width: 200px) 100vw, 200px\" \/><\/h2>\n<p>Am men\u021bionat deja preg\u0103tirea unei strategii bune folosind numere extrase anterior, dar exist\u0103 un sprijin la fel de valoros sub forma statisticilor pentru extragerea anumitor numere. Se pare c\u0103 exist\u0103 numere care sunt extrase mult mai des dec\u00e2t altele. Pe site-ul Lottomat vei g\u0103si toate aceste informa\u021bii pentru fiecare loterie. <strong>Cel mai des extrase numere la Mega Millions sunt: 29, 4, 48 \u0219i 36<\/strong>. Num\u0103rul 48 a fost deja extras de 80 de ori din 2005. <strong>\u00cen ceea ce prive\u0219te Mega Ball, cele mai extrase numere sunt 35, 9, 36 \u0219i 7<\/strong>. \u00ce\u021bi dorim doar cele mai profitabile rezultate Mega Millions!<\/p>\n<h2>Care Sunt Cele Mai Rar Extrase Numere la Mega Millions?<\/h2>\n<p>De\u0219i unele numere apar frecvent la tragerile Mega Millions, altele par s\u0103 fie extrase mai rar, ceea ce juc\u0103torii numesc numere \u201ereci\u201d. <strong>Aceste numere mai pu\u021bin frecvent extrase pot fi la fel de valoroase \u00een crearea unei strategii echilibrate<\/strong>. Unii juc\u0103tori prefer\u0103 s\u0103 includ\u0103 aceste numere rare \u00een selec\u021biile lor, crez\u00e2nd c\u0103 \u201ele-a venit r\u00e2ndul\u201d s\u0103 apar\u0103. <strong>Cele mai rar extrase numere principale din istoria Mega Millions includ 50, 51, 65, 66 \u0219i 67<\/strong>. Aceste numere au fost extrase semnificativ mai pu\u021bine ori comparativ cu cele mai frecvente, unele ap\u0103r\u00e2nd doar de 66-84 de ori de-a lungul istoriei jocului. Printre numerele Mega Ball, anumite numere precum 15 \u0219i cele cu valori mai mari tind s\u0103 apar\u0103 mai rar \u00een tragerile recente.<\/p>\n<p>Cele mai rar extrase numere principale includ mai multe valori mari din intervalul disponibil, de\u0219i numerele specifice se schimb\u0103 \u00een timp pe m\u0103sur\u0103 ce au loc mai multe trageri. <strong>Num\u0103rul 50 se eviden\u021biaz\u0103 ca fiind unul dintre cele mai reci, fiind extras doar de 66 de ori de la \u00eenceputul jocului<\/strong>. Merit\u0103 men\u021bionat c\u0103, \u00eentr-un sistem cu adev\u0103rat aleatoriu, toate numerele au aceea\u0219i probabilitate de a fi extrase la orice tragere, indiferent de frecven\u021ba lor istoric\u0103.<\/p>\n<h2><img loading=\"lazy\" decoding=\"async\" class=\"alignleft wp-image-252045\" src=\"https:\/\/lottomat.com\/wp-content\/uploads\/2025\/10\/Mega-Millions-draw.webp\" alt=\"Tragere Mega Millions\" width=\"200\" height=\"200\" srcset=\"https:\/\/lottomat.com\/wp-content\/uploads\/2025\/10\/Mega-Millions-draw.webp 400w, https:\/\/lottomat.com\/wp-content\/uploads\/2025\/10\/Mega-Millions-draw-300x300.webp 300w, https:\/\/lottomat.com\/wp-content\/uploads\/2025\/10\/Mega-Millions-draw-150x150.webp 150w, https:\/\/lottomat.com\/wp-content\/uploads\/2025\/10\/Mega-Millions-draw-100x100.webp 100w\" sizes=\"auto, (max-width: 200px) 100vw, 200px\" \/>Pot Fi Prezise Rezultatele Mega Millions?<\/h2>\n<p>\u00centrebarea dac\u0103 rezultatele loteriei pot fi prezise este una care i-a fascinat pe juc\u0103tori de genera\u021bii \u00eentregi. <strong>Tragerile Mega Millions sunt realizate folosind metode certificate de generare aleatorie a numerelor, ceea ce face imposibil\u0103 prezicerea lor real\u0103 din punct de vedere matematic<\/strong>. Fiecare bil\u0103 are \u0219anse egale de a fi selectat\u0103 la fiecare tragere, indiferent de momentul c\u00e2nd a fost extras\u0103 ultima dat\u0103. De\u0219i analiza statistic\u0103 a rezultatelor trecute poate dezv\u0103lui tipare \u0219i frecven\u021be interesante, aceste tipare nu pot prezice \u00een mod fiabil rezultatele viitoare.<\/p>\n<p>Natura aleatorie a tragerilor de loterie \u00eenseamn\u0103 c\u0103 orice combina\u021bie de numere are aceea\u0219i probabilitate de c\u00e2\u0219tig ca oricare alta, fie c\u0103 este o secven\u021b\u0103 precum 1-2-3-4-5, fie un amestec aparent aleatoriu de numere. <strong>Cea mai bun\u0103 abordare este s\u0103 <a href=\"https:\/\/lottomat.com\/ro\/joaca\/mega-millions\/\">joci Mega Millions online<\/a> responsabil \u0219i s\u0103 \u00ee\u021bi aminte\u0219ti c\u0103 jocurile de loterie sunt concepute pentru a fi jocuri de noroc, nu de abilitate sau predic\u021bie<\/strong>.<\/p>\n","protected":false},"excerpt":{"rendered":"<p>Biletele de loterie Mega Millions sunt cump\u0103rate, numerele c\u00e2\u0219tig\u0103toare Mega Millions sunt alese, iar tu te concentrezi doar pe planuri fericite \u0219i vise care pot deveni realitate dac\u0103 intri \u00een grupul milionarilor. Nu e nimic r\u0103u \u00een asta, cu to\u021bii avem visele noastre. Este foarte probabil ca g\u00e2ndurile fiec\u0103rui juc\u0103tor s\u0103 se \u00eenv\u00e2rt\u0103 \u00een jurul [&hellip;]<\/p>\n","protected":false},"author":1,"featured_media":0,"parent":7448,"menu_order":2,"comment_status":"closed","ping_status":"closed","template":"megamillion-results.php","meta":{"_et_pb_use_builder":"","_et_pb_old_content":"","_et_gb_content_width":"","exclude_from_search":false,"footnotes":""},"class_list":["post-237848","page","type-page","status-publish","hentry"],"yoast_head":"<!-- This site is optimized with the Yoast SEO plugin v23.8 - https:\/\/yoast.com\/wordpress\/plugins\/seo\/ -->\n<title>Rezultatele Mega Millions &amp; Numerele C\u00e2\u0219tig\u0103toare - Lottomat<\/title>\n<meta name=\"description\" content=\"Verific\u0103 aici cele mai recente rezultate Mega Millions \u0219i numerele c\u00e2\u0219tig\u0103toare. Afl\u0103 ce numere au fost extrase la cea mai recent\u0103 tragere Mega Millions.\" \/>\n<meta name=\"robots\" content=\"index, follow, max-snippet:-1, max-image-preview:large, max-video-preview:-1\" \/>\n<link rel=\"canonical\" href=\"https:\/\/lottomat.com\/ro\/rezultate\/mega-millions\/\" \/>\n<meta property=\"og:locale\" content=\"ro_RO\" \/>\n<meta property=\"og:type\" content=\"article\" \/>\n<meta property=\"og:title\" content=\"Rezultatele Mega Millions &amp; Numerele C\u00e2\u0219tig\u0103toare - Lottomat\" \/>\n<meta property=\"og:description\" content=\"Verific\u0103 aici cele mai recente rezultate Mega Millions \u0219i numerele c\u00e2\u0219tig\u0103toare. Afl\u0103 ce numere au fost extrase la cea mai recent\u0103 tragere Mega Millions.\" \/>\n<meta property=\"og:url\" content=\"https:\/\/lottomat.com\/ro\/rezultate\/mega-millions\/\" \/>\n<meta property=\"og:site_name\" content=\"Lottomat\" \/>\n<meta property=\"article:modified_time\" content=\"2026-03-01T19:24:07+00:00\" \/>\n<meta property=\"og:image\" content=\"https:\/\/lottomat.com\/wp-content\/uploads\/2025\/10\/Mega-Millions-winning-numbers.webp\" \/>\n\t<meta property=\"og:image:width\" content=\"400\" \/>\n\t<meta property=\"og:image:height\" content=\"400\" \/>\n\t<meta property=\"og:image:type\" content=\"image\/webp\" \/>\n<meta name=\"twitter:card\" content=\"summary_large_image\" \/>\n<meta name=\"twitter:label1\" content=\"Timp estimat pentru citire\" \/>\n\t<meta name=\"twitter:data1\" content=\"6 minute\" \/>\n<script type=\"application\/ld+json\" class=\"yoast-schema-graph\">{\"@context\":\"https:\/\/schema.org\",\"@graph\":[{\"@type\":\"WebPage\",\"@id\":\"https:\/\/lottomat.com\/ro\/rezultate\/mega-millions\/\",\"url\":\"https:\/\/lottomat.com\/ro\/rezultate\/mega-millions\/\",\"name\":\"Rezultatele Mega Millions & Numerele C\u00e2\u0219tig\u0103toare - Lottomat\",\"isPartOf\":{\"@id\":\"https:\/\/lottomat.com\/ro\/#website\"},\"primaryImageOfPage\":{\"@id\":\"https:\/\/lottomat.com\/ro\/rezultate\/mega-millions\/#primaryimage\"},\"image\":{\"@id\":\"https:\/\/lottomat.com\/ro\/rezultate\/mega-millions\/#primaryimage\"},\"thumbnailUrl\":\"https:\/\/lottomat.com\/wp-content\/uploads\/2025\/10\/Mega-Millions-winning-numbers.webp\",\"datePublished\":\"2025-04-07T19:24:29+00:00\",\"dateModified\":\"2026-03-01T19:24:07+00:00\",\"description\":\"Verific\u0103 aici cele mai recente rezultate Mega Millions \u0219i numerele c\u00e2\u0219tig\u0103toare. Afl\u0103 ce numere au fost extrase la cea mai recent\u0103 tragere Mega Millions.\",\"breadcrumb\":{\"@id\":\"https:\/\/lottomat.com\/ro\/rezultate\/mega-millions\/#breadcrumb\"},\"inLanguage\":\"ro-RO\",\"potentialAction\":[{\"@type\":\"ReadAction\",\"target\":[\"https:\/\/lottomat.com\/ro\/rezultate\/mega-millions\/\"]}]},{\"@type\":\"ImageObject\",\"inLanguage\":\"ro-RO\",\"@id\":\"https:\/\/lottomat.com\/ro\/rezultate\/mega-millions\/#primaryimage\",\"url\":\"https:\/\/lottomat.com\/wp-content\/uploads\/2025\/10\/Mega-Millions-winning-numbers.webp\",\"contentUrl\":\"https:\/\/lottomat.com\/wp-content\/uploads\/2025\/10\/Mega-Millions-winning-numbers.webp\"},{\"@type\":\"BreadcrumbList\",\"@id\":\"https:\/\/lottomat.com\/ro\/rezultate\/mega-millions\/#breadcrumb\",\"itemListElement\":[{\"@type\":\"ListItem\",\"position\":1,\"name\":\"Home\",\"item\":\"https:\/\/lottomat.com\/ro\/\"},{\"@type\":\"ListItem\",\"position\":2,\"name\":\"Rezultate la loterie &#038; Numere c\u00e2\u0219tig\u0103toare la loto\",\"item\":\"https:\/\/lottomat.com\/ro\/rezultate\/\"},{\"@type\":\"ListItem\",\"position\":3,\"name\":\"Rezultatele Mega Millions &#038; Numerele C\u00e2\u0219tig\u0103toare\"}]},{\"@type\":\"WebSite\",\"@id\":\"https:\/\/lottomat.com\/ro\/#website\",\"url\":\"https:\/\/lottomat.com\/ro\/\",\"name\":\"Lottomat\",\"description\":\"\",\"potentialAction\":[{\"@type\":\"SearchAction\",\"target\":{\"@type\":\"EntryPoint\",\"urlTemplate\":\"https:\/\/lottomat.com\/ro\/?s={search_term_string}\"},\"query-input\":{\"@type\":\"PropertyValueSpecification\",\"valueRequired\":true,\"valueName\":\"search_term_string\"}}],\"inLanguage\":\"ro-RO\"}]}<\/script>\n<!-- \/ Yoast SEO plugin. -->","yoast_head_json":{"title":"Rezultatele Mega Millions & Numerele C\u00e2\u0219tig\u0103toare - Lottomat","description":"Verific\u0103 aici cele mai recente rezultate Mega Millions \u0219i numerele c\u00e2\u0219tig\u0103toare. Afl\u0103 ce numere au fost extrase la cea mai recent\u0103 tragere Mega Millions.","robots":{"index":"index","follow":"follow","max-snippet":"max-snippet:-1","max-image-preview":"max-image-preview:large","max-video-preview":"max-video-preview:-1"},"canonical":"https:\/\/lottomat.com\/ro\/rezultate\/mega-millions\/","og_locale":"ro_RO","og_type":"article","og_title":"Rezultatele Mega Millions & Numerele C\u00e2\u0219tig\u0103toare - Lottomat","og_description":"Verific\u0103 aici cele mai recente rezultate Mega Millions \u0219i numerele c\u00e2\u0219tig\u0103toare. Afl\u0103 ce numere au fost extrase la cea mai recent\u0103 tragere Mega Millions.","og_url":"https:\/\/lottomat.com\/ro\/rezultate\/mega-millions\/","og_site_name":"Lottomat","article_modified_time":"2026-03-01T19:24:07+00:00","og_image":[{"width":400,"height":400,"url":"https:\/\/lottomat.com\/wp-content\/uploads\/2025\/10\/Mega-Millions-winning-numbers.webp","type":"image\/webp"}],"twitter_card":"summary_large_image","twitter_misc":{"Timp estimat pentru citire":"6 minute"},"schema":{"@context":"https:\/\/schema.org","@graph":[{"@type":"WebPage","@id":"https:\/\/lottomat.com\/ro\/rezultate\/mega-millions\/","url":"https:\/\/lottomat.com\/ro\/rezultate\/mega-millions\/","name":"Rezultatele Mega Millions & Numerele C\u00e2\u0219tig\u0103toare - Lottomat","isPartOf":{"@id":"https:\/\/lottomat.com\/ro\/#website"},"primaryImageOfPage":{"@id":"https:\/\/lottomat.com\/ro\/rezultate\/mega-millions\/#primaryimage"},"image":{"@id":"https:\/\/lottomat.com\/ro\/rezultate\/mega-millions\/#primaryimage"},"thumbnailUrl":"https:\/\/lottomat.com\/wp-content\/uploads\/2025\/10\/Mega-Millions-winning-numbers.webp","datePublished":"2025-04-07T19:24:29+00:00","dateModified":"2026-03-01T19:24:07+00:00","description":"Verific\u0103 aici cele mai recente rezultate Mega Millions \u0219i numerele c\u00e2\u0219tig\u0103toare. Afl\u0103 ce numere au fost extrase la cea mai recent\u0103 tragere Mega Millions.","breadcrumb":{"@id":"https:\/\/lottomat.com\/ro\/rezultate\/mega-millions\/#breadcrumb"},"inLanguage":"ro-RO","potentialAction":[{"@type":"ReadAction","target":["https:\/\/lottomat.com\/ro\/rezultate\/mega-millions\/"]}]},{"@type":"ImageObject","inLanguage":"ro-RO","@id":"https:\/\/lottomat.com\/ro\/rezultate\/mega-millions\/#primaryimage","url":"https:\/\/lottomat.com\/wp-content\/uploads\/2025\/10\/Mega-Millions-winning-numbers.webp","contentUrl":"https:\/\/lottomat.com\/wp-content\/uploads\/2025\/10\/Mega-Millions-winning-numbers.webp"},{"@type":"BreadcrumbList","@id":"https:\/\/lottomat.com\/ro\/rezultate\/mega-millions\/#breadcrumb","itemListElement":[{"@type":"ListItem","position":1,"name":"Home","item":"https:\/\/lottomat.com\/ro\/"},{"@type":"ListItem","position":2,"name":"Rezultate la loterie &#038; Numere c\u00e2\u0219tig\u0103toare la loto","item":"https:\/\/lottomat.com\/ro\/rezultate\/"},{"@type":"ListItem","position":3,"name":"Rezultatele Mega Millions &#038; Numerele C\u00e2\u0219tig\u0103toare"}]},{"@type":"WebSite","@id":"https:\/\/lottomat.com\/ro\/#website","url":"https:\/\/lottomat.com\/ro\/","name":"Lottomat","description":"","potentialAction":[{"@type":"SearchAction","target":{"@type":"EntryPoint","urlTemplate":"https:\/\/lottomat.com\/ro\/?s={search_term_string}"},"query-input":{"@type":"PropertyValueSpecification","valueRequired":true,"valueName":"search_term_string"}}],"inLanguage":"ro-RO"}]}},"_links":{"self":[{"href":"https:\/\/lottomat.com\/ro\/wp-json\/wp\/v2\/pages\/237848","targetHints":{"allow":["GET"]}}],"collection":[{"href":"https:\/\/lottomat.com\/ro\/wp-json\/wp\/v2\/pages"}],"about":[{"href":"https:\/\/lottomat.com\/ro\/wp-json\/wp\/v2\/types\/page"}],"author":[{"embeddable":true,"href":"https:\/\/lottomat.com\/ro\/wp-json\/wp\/v2\/users\/1"}],"replies":[{"embeddable":true,"href":"https:\/\/lottomat.com\/ro\/wp-json\/wp\/v2\/comments?post=237848"}],"version-history":[{"count":5,"href":"https:\/\/lottomat.com\/ro\/wp-json\/wp\/v2\/pages\/237848\/revisions"}],"predecessor-version":[{"id":272272,"href":"https:\/\/lottomat.com\/ro\/wp-json\/wp\/v2\/pages\/237848\/revisions\/272272"}],"up":[{"embeddable":true,"href":"https:\/\/lottomat.com\/ro\/wp-json\/wp\/v2\/pages\/7448"}],"wp:attachment":[{"href":"https:\/\/lottomat.com\/ro\/wp-json\/wp\/v2\/media?parent=237848"}],"curies":[{"name":"wp","href":"https:\/\/api.w.org\/{rel}","templated":true}]}}