{"id":237714,"date":"2025-04-07T19:23:03","date_gmt":"2025-04-07T19:23:03","guid":{"rendered":"https:\/\/lottomat.net\/rezultatele-loteriei\/rezultatele-powerball\/"},"modified":"2026-03-01T18:41:42","modified_gmt":"2026-03-01T18:41:42","slug":"powerball","status":"publish","type":"page","link":"https:\/\/lottomat.com\/ro\/rezultate\/powerball\/","title":{"rendered":"Rezultate Powerball &#038; Numere C\u00e2\u0219tig\u0103toare"},"content":{"rendered":"\n\n<div class=\"kk-star-ratings kksr-auto kksr-align-left kksr-valign-top\"\n    data-payload='{&quot;align&quot;:&quot;left&quot;,&quot;id&quot;:&quot;237714&quot;,&quot;slug&quot;:&quot;default&quot;,&quot;valign&quot;:&quot;top&quot;,&quot;ignore&quot;:&quot;&quot;,&quot;reference&quot;:&quot;auto&quot;,&quot;class&quot;:&quot;&quot;,&quot;count&quot;:&quot;0&quot;,&quot;legendonly&quot;:&quot;&quot;,&quot;readonly&quot;:&quot;&quot;,&quot;score&quot;:&quot;0&quot;,&quot;starsonly&quot;:&quot;&quot;,&quot;best&quot;:&quot;5&quot;,&quot;gap&quot;:&quot;5&quot;,&quot;greet&quot;:&quot;Rate this page&quot;,&quot;legend&quot;:&quot;0\\\/5 - (0 votes)&quot;,&quot;size&quot;:&quot;30&quot;,&quot;title&quot;:&quot;Rezultate Powerball \\u0026amp; Numere C\u00e2\u0219tig\u0103toare&quot;,&quot;width&quot;:&quot;0&quot;,&quot;_legend&quot;:&quot;{score}\\\/{best} - ({count} {votes})&quot;,&quot;font_factor&quot;:&quot;1.25&quot;}'>\n            \n<div class=\"kksr-stars\">\n    \n<div class=\"kksr-stars-inactive\">\n            <div class=\"kksr-star\" data-star=\"1\" style=\"padding-right: 5px\">\n            \n\n<div class=\"kksr-icon\" style=\"width: 30px; height: 30px;\"><\/div>\n        <\/div>\n            <div class=\"kksr-star\" data-star=\"2\" style=\"padding-right: 5px\">\n            \n\n<div class=\"kksr-icon\" style=\"width: 30px; height: 30px;\"><\/div>\n        <\/div>\n            <div class=\"kksr-star\" data-star=\"3\" style=\"padding-right: 5px\">\n            \n\n<div class=\"kksr-icon\" style=\"width: 30px; height: 30px;\"><\/div>\n        <\/div>\n            <div class=\"kksr-star\" data-star=\"4\" style=\"padding-right: 5px\">\n            \n\n<div class=\"kksr-icon\" style=\"width: 30px; height: 30px;\"><\/div>\n        <\/div>\n            <div class=\"kksr-star\" data-star=\"5\" style=\"padding-right: 5px\">\n            \n\n<div class=\"kksr-icon\" style=\"width: 30px; height: 30px;\"><\/div>\n        <\/div>\n    <\/div>\n    \n<div class=\"kksr-stars-active\" style=\"width: 0px;\">\n            <div class=\"kksr-star\" style=\"padding-right: 5px\">\n            \n\n<div class=\"kksr-icon\" style=\"width: 30px; height: 30px;\"><\/div>\n        <\/div>\n            <div class=\"kksr-star\" style=\"padding-right: 5px\">\n            \n\n<div class=\"kksr-icon\" style=\"width: 30px; height: 30px;\"><\/div>\n        <\/div>\n            <div class=\"kksr-star\" style=\"padding-right: 5px\">\n            \n\n<div class=\"kksr-icon\" style=\"width: 30px; height: 30px;\"><\/div>\n        <\/div>\n            <div class=\"kksr-star\" style=\"padding-right: 5px\">\n            \n\n<div class=\"kksr-icon\" style=\"width: 30px; height: 30px;\"><\/div>\n        <\/div>\n            <div class=\"kksr-star\" style=\"padding-right: 5px\">\n            \n\n<div class=\"kksr-icon\" style=\"width: 30px; height: 30px;\"><\/div>\n        <\/div>\n    <\/div>\n<\/div>\n                \n\n<div class=\"kksr-legend\" style=\"font-size: 24px;\">\n            <span class=\"kksr-muted\">Rate this page<\/span>\n    <\/div>\n    <\/div>\n<p>Dup\u0103 achizi\u021bionarea biletelor, select\u00e2nd cele cinci numere principale \u0219i un num\u0103r bonus Powerball pe acestea, tot ce \u00ee\u021bi r\u0103m\u00e2ne de f\u0103cut este s\u0103 a\u0219tep\u021bi cu r\u0103bdare rezultatele extragerii, care vor ap\u0103rea cu viteza luminii pe <a href=\"https:\/\/lottomat.com\/ro\/\"><strong>site-ul LottoMat<\/strong><\/a>. Toate informa\u021biile pe care le public\u0103m despre numerele extrase provin direct de la gazda extragerii, astfel \u00eenc\u00e2t po\u021bi fi sigur c\u0103 <strong>rezultatele Powerball (rezultate Powerball) sunt 100% conforme cu extragerea<\/strong>.<\/p>\n<h2><img loading=\"lazy\" decoding=\"async\" class=\"alignleft wp-image-252294\" src=\"https:\/\/lottomat.com\/wp-content\/uploads\/2025\/10\/jackpot-and-prizes-300x300.webp\" alt=\"jackpot \u0219i premii\" width=\"200\" height=\"200\" srcset=\"https:\/\/lottomat.com\/wp-content\/uploads\/2025\/10\/jackpot-and-prizes-300x300.webp 300w, https:\/\/lottomat.com\/wp-content\/uploads\/2025\/10\/jackpot-and-prizes-150x150.webp 150w, https:\/\/lottomat.com\/wp-content\/uploads\/2025\/10\/jackpot-and-prizes-100x100.webp 100w, https:\/\/lottomat.com\/wp-content\/uploads\/2025\/10\/jackpot-and-prizes.webp 400w\" sizes=\"auto, (max-width: 200px) 100vw, 200px\" \/>Cum s\u0103 verifici rezultatele curente Powerball?<\/h2>\n<p>Pe site-ul LottoMat vei g\u0103si mereu <strong>cele mai recente rezultate ale loteriei Powerball<\/strong>, proasp\u0103t afi\u0219ate. Actualiz\u0103m rezultatele Powerball imediat dup\u0103 extragere, acestea provenind din surse oficiale, respectiv de la organizatorul loteriei, \u0219i sunt <strong>sut\u0103 la sut\u0103 de \u00eencredere<\/strong>. Dup\u0103 ce intri pe pagina cu rezultatele Powerball, trebuie doar s\u0103 compari numerele de pe bilet cu cele din tabelul de rezultate. Dac\u0103 biletul t\u0103u are toate cele \u0219ase numere extrase, felicit\u0103ri, <strong>tocmai ai devenit milionar!<\/strong><\/p>\n<p>Dac\u0103 nu, nu trebuie s\u0103 \u00ee\u021bi faci griji, deoarece Powerball are nu mai pu\u021bin de <strong>nou\u0103 niveluri cu c\u00e2\u0219tiguri garantate<\/strong>. Asta \u00eenseamn\u0103 c\u0103 nu este nevoie s\u0103 nimere\u0219ti toate cele \u0219ase numere pentru a c\u00e2\u0219tiga un premiu \u00een bani, dar trebuie s\u0103 <a href=\"https:\/\/lottomat.com\/ro\/joaca\/powerball\/\">cumperi un bilet Powerball online<\/a>!<\/p>\n<h2>Cum s\u0103 verifici rezultatele Powerball de ieri?<img loading=\"lazy\" decoding=\"async\" class=\"alignright wp-image-252354\" src=\"https:\/\/lottomat.com\/wp-content\/uploads\/2025\/10\/Powerball-Numbers-300x300.webp\" alt=\"Numere Powerball\" width=\"200\" height=\"200\" srcset=\"https:\/\/lottomat.com\/wp-content\/uploads\/2025\/10\/Powerball-Numbers-300x300.webp 300w, https:\/\/lottomat.com\/wp-content\/uploads\/2025\/10\/Powerball-Numbers-150x150.webp 150w, https:\/\/lottomat.com\/wp-content\/uploads\/2025\/10\/Powerball-Numbers-100x100.webp 100w, https:\/\/lottomat.com\/wp-content\/uploads\/2025\/10\/Powerball-Numbers.webp 400w\" sizes=\"auto, (max-width: 200px) 100vw, 200px\" \/><\/h2>\n<p>Indiferent dac\u0103 vrei s\u0103 afli rezultatele de ast\u0103zi, numerele de ieri sau extragerile de s\u0103pt\u0103m\u00e2na trecut\u0103, po\u021bi g\u0103si <strong>toate rezultatele Powerball foarte u\u0219or pe LottoMat<\/strong>. Baza noastr\u0103 de date complet\u0103 \u00ee\u021bi permite s\u0103 accesezi rapid \u0219i eficient orice informa\u021bie despre extrageri. Tot ce trebuie s\u0103 faci este s\u0103 mergi la sec\u021biunea rezultate \u0219i s\u0103 selectezi data exact\u0103 pe care vrei s\u0103 o verifici. Aceast\u0103 func\u021bie convenabil\u0103 \u00ee\u021bi garanteaz\u0103 c\u0103 <strong>nu vei rata niciodat\u0103 verificarea biletelor<\/strong>, indiferent c\u00e2nd a avut loc extragerea.<\/p>\n<h2>Cum s\u0103 folose\u0219ti rezultatele arhivate ale extragerilor Powerball?<\/h2>\n<p>Site-ul LottoMat \u00ee\u021bi ofer\u0103 \u0219i <strong>rezultatele arhivate ale extragerilor Powerball<\/strong>. Dac\u0103 vrei s\u0103 le consul\u021bi, tot ce trebuie s\u0103 faci este s\u0103 folose\u0219ti calendarul nostru al rezultatelor. \u00cel vei g\u0103si \u00een partea dreapt\u0103 a numerelor extrase curent. Dup\u0103 ce extinzi lista, po\u021bi consulta extrageri anterioare, care merg \u00eenapoi p\u00e2n\u0103 la <strong>dou\u0103sprezece luni<\/strong>.<\/p>\n<h3><img loading=\"lazy\" decoding=\"async\" class=\"alignleft wp-image-252324\" src=\"https:\/\/lottomat.com\/wp-content\/uploads\/2025\/10\/Powerball-Draw-300x300.webp\" alt=\"Extragere Powerball\" width=\"200\" height=\"200\" srcset=\"https:\/\/lottomat.com\/wp-content\/uploads\/2025\/10\/Powerball-Draw-300x300.webp 300w, https:\/\/lottomat.com\/wp-content\/uploads\/2025\/10\/Powerball-Draw-150x150.webp 150w, https:\/\/lottomat.com\/wp-content\/uploads\/2025\/10\/Powerball-Draw-100x100.webp 100w, https:\/\/lottomat.com\/wp-content\/uploads\/2025\/10\/Powerball-Draw.webp 400w\" sizes=\"auto, (max-width: 200px) 100vw, 200px\" \/>Care sunt avantajele folosirii rezultatelor Powerball arhivate?<\/h3>\n<p>La ce \u00ee\u021bi folosesc rezultatele arhivate ale extragerilor lotto? La c\u00e2teva lucruri, de fapt. \u00cen primul r\u00e2nd, te pot ajuta s\u0103 <strong>\u00ee\u021bi creezi propria strategie de alegere a numerelor<\/strong> atunci c\u00e2nd completezi din nou bilete, astfel \u00eenc\u00e2t jocurile tale ulterioare s\u0103 fie mai reu\u0219ite. De asemenea, po\u021bi <a href=\"https:\/\/lottomat.com\/ro\/rezultate\/\">folosi rezultatele loteriei arhivate<\/a> pentru a verifica ce numere au fost extrase cel mai des \u00een ultima perioad\u0103, care nu au ap\u0103rut de s\u0103pt\u0103m\u00e2ni \u00eentregi \u0219i vei observa c\u00e2t de important este s\u0103 alegi numere diverse din intervale diferite. Se \u0219tie de mult timp c\u0103 nu ar trebui s\u0103 te limitezi \u00een niciun fel atunci c\u00e2nd completezi bilete.<\/p>\n<p>Fiecare num\u0103r din urna disponibil\u0103 conteaz\u0103, dar mul\u021bi juc\u0103tori \u00ee\u0219i stabilesc un set fix de numere bazate pe zile de na\u0219tere sau luni, ceea ce restr\u00e2nge considerabil op\u021biunile \u0219i scade \u0219ansele de c\u00e2\u0219tig la Powerball. Rezultatele arhivate includ \u0219i informa\u021bii despre ultimele jackpoturi reportate, valoarea premiilor \u0219i num\u0103rul c\u00e2\u0219tig\u0103torilor care au nimerit jackpotul Powerball.<\/p>\n<h2>Care sunt cele mai des extrase numere \u00een Powerball?<\/h2>\n<p>Pe site-ul LottoMat vei g\u0103si toate informa\u021biile importante legate de loterii. Nu doar rezultatele, ci \u0219i o list\u0103 de reguli Powerball, informa\u021bii interesante, termeni de utilizare \u0219i o mul\u021bime de sfaturi care \u00ee\u021bi vor u\u0219ura c\u00e2\u0219tigul la loterii. \u021ai-am preg\u0103tit un <strong>ghid mare \u0219i interesant<\/strong>, \u00een care preciz\u0103m ce numere au fost extrase cel mai des \u00een Powerball \u0219i care cel mai rar. Te va ajuta s\u0103 planifici alegerea numerelor pe noile bilete, deoarece statisticile arat\u0103 clar ce numere tind s\u0103 fie extrase mai des dec\u00e2t altele. Folose\u0219te-le \u0219i nu uita c\u0103 num\u0103rul Powerball este extras dintr-un interval separat, astfel \u00eenc\u00e2t acela\u0219i num\u0103r poate fi extras at\u00e2t printre numerele principale, c\u00e2t \u0219i ca bonus Powerball.<\/p>\n<p>Nu mai trebuie s\u0103 cau\u021bi \u0219i s\u0103 notezi rezultate vechi, le ai pe toate la dispozi\u021bie direct. <strong>Cele mai des extrase numere \u00een loteria Powerball sunt: 8, 26, 22, 23 \u0219i 36<\/strong>. Creeaz\u0103-\u021bi propria strategie aleg\u00e2nd numerele care \u201e\u00ee\u021bi vorbesc\u201d, dar folose\u0219te-le \u0219i pe cele pe care \u021bi le suger\u0103m noi, pentru c\u0103 <strong>statisticile nu mint niciodat\u0103<\/strong>.<\/p>\n<h2>Care sunt cele mai rar extrase numere c\u00e2\u0219tig\u0103toare Powerball?<img loading=\"lazy\" decoding=\"async\" class=\"alignright wp-image-252384\" src=\"https:\/\/lottomat.com\/wp-content\/uploads\/2025\/10\/Powerball-Results-300x300.webp\" alt=\"Rezultate Powerball\" width=\"200\" height=\"200\" srcset=\"https:\/\/lottomat.com\/wp-content\/uploads\/2025\/10\/Powerball-Results-300x300.webp 300w, https:\/\/lottomat.com\/wp-content\/uploads\/2025\/10\/Powerball-Results-150x150.webp 150w, https:\/\/lottomat.com\/wp-content\/uploads\/2025\/10\/Powerball-Results-100x100.webp 100w, https:\/\/lottomat.com\/wp-content\/uploads\/2025\/10\/Powerball-Results.webp 400w\" sizes=\"auto, (max-width: 200px) 100vw, 200px\" \/><\/h2>\n<p>S\u0103 \u00een\u021belegi care sunt numerele ce apar mai rar la extragerile Powerball poate fi la fel de valoros ca \u0219i s\u0103 \u0219tii care sunt cele mai des extrase. Analizele statistice arat\u0103 c\u0103 anumite numere au fost <strong>constant subreprezentate \u00een extragerile trecute<\/strong>. Printre cele mai rar extrase se num\u0103r\u0103 15, 51, 37, 47, 12, 4 \u0219i 24. Unii juc\u0103tori cred c\u0103 aceste numere \u201ereci\u201d sunt \u201epe cale s\u0103 revin\u0103\u201d \u0219i le includ \u00een strategia lor de selec\u021bie a numerelor. Chiar dac\u0103 rezultatele trecute nu garanteaz\u0103 rezultate viitoare, analiza acestor tipare te poate ajuta s\u0103 iei decizii mai bine informate atunci c\u00e2nd alegi numerele Powerball pentru extragerile urm\u0103toare.<\/p>\n<h2>C\u00e2\u021bi juc\u0103tori au c\u00e2\u0219tigat \u0219i c\u00e2t \u00een ultima extragere Powerball?<\/h2>\n<p>Fiecare extragere Powerball creeaz\u0103 <strong>mii de c\u00e2\u0219tig\u0103tori la toate nivelurile de premii<\/strong>, f\u0103c\u00e2nd-o una dintre cele mai profitabile loterii din lume. Distribu\u021bia premiilor include, de obicei, un c\u00e2\u0219tig\u0103tor al jackpotului sau mai mul\u021bi c\u00e2\u0219tig\u0103tori care \u00eempart premiul cel mare, c\u00e2\u021biva milionari care au nimerit cele cinci numere principale \u0219i sute de mii de c\u00e2\u0219tig\u0103tori de premii mai mici. Valorile premiilor variaz\u0103 \u00een func\u021bie de num\u0103rul de c\u00e2\u0219tig\u0103tori din fiecare categorie \u0219i de totalul v\u00e2nz\u0103rilor de bilete pentru acea extragere.<\/p>\n<p>Po\u021bi g\u0103si <strong>detalii complete despre num\u0103rul c\u00e2\u0219tig\u0103torilor \u0219i valorile premiilor<\/strong> pentru fiecare nivel imediat dup\u0103 fiecare extragere pe site-ul LottoMat. Aceste informa\u021bii te ajut\u0103 s\u0103 \u00een\u021belegi \u0219ansele \u0219i poten\u021bialele c\u00e2\u0219tiguri pentru diferite combina\u021bii. Dac\u0103 vrei s\u0103 afli mai multe despre premiile pentru urm\u0103toarea extragere, <a href=\"https:\/\/lottomat.com\/ro\/informatie\/powerball\/\">cite\u0219te despre premiile \u0219i jackpotul Powerball<\/a>.<\/p>\n<h2><img loading=\"lazy\" decoding=\"async\" class=\"alignleft wp-image-252414\" src=\"https:\/\/lottomat.com\/wp-content\/uploads\/2025\/10\/Powerball-Winning-Numbers-300x300.webp\" alt=\"Numere c\u00e2\u0219tig\u0103toare Powerball\" width=\"200\" height=\"200\" srcset=\"https:\/\/lottomat.com\/wp-content\/uploads\/2025\/10\/Powerball-Winning-Numbers-300x300.webp 300w, https:\/\/lottomat.com\/wp-content\/uploads\/2025\/10\/Powerball-Winning-Numbers-150x150.webp 150w, https:\/\/lottomat.com\/wp-content\/uploads\/2025\/10\/Powerball-Winning-Numbers-100x100.webp 100w, https:\/\/lottomat.com\/wp-content\/uploads\/2025\/10\/Powerball-Winning-Numbers.webp 400w\" sizes=\"auto, (max-width: 200px) 100vw, 200px\" \/>Cum s\u0103 prezici rezultatele \u0219i numerele c\u00e2\u0219tig\u0103toare Powerball?<\/h2>\n<p>De\u0219i Powerball este un joc de noroc \u0219i <strong>nicio metod\u0103 nu poate garanta numere c\u00e2\u0219tig\u0103toare<\/strong>, mul\u021bi juc\u0103tori folosesc diverse strategii pentru a-\u0219i \u00eembun\u0103t\u0103\u021bi procesul de selec\u021bie. Unii analizeaz\u0103 graficele de frecven\u021b\u0103 pentru a identifica numerele \u201efierbin\u021bi\u201d \u0219i \u201ereci\u201d, \u00een timp ce al\u021bii folosesc sisteme matematice precum \u201ewheeling\u201d sau analiza numerelor delta. Generatoarele de numere aleatorii pot ajuta la eliminarea p\u0103rtinirii umane \u00een alegerea numerelor. \u021aine minte c\u0103 fiecare extragere este independent\u0103 \u0219i fiecare combina\u021bie are \u0219anse egale de a fi extras\u0103.<\/p>\n<p>Cheia este s\u0103 <strong>joci constant cu numerele \u00een care ai \u00eencredere<\/strong>, fie c\u0103 sunt bazate pe analize statistice, pe semnifica\u021bie personal\u0103 sau pe intui\u021bie pur\u0103. Cel mai important, joac\u0103 \u00eentotdeauna responsabil, \u00een limitele bugetului t\u0103u. Acum \u0219tii dac\u0103 este posibil s\u0103 prezici rezultatele Powerball (rezultate Powerball). Un lucru este sigur &#8211;\u00a0 ca s\u0103 c\u00e2\u0219tigi, trebuie s\u0103 joci. A\u0219adar, <a href=\"https:\/\/lottomat.com\/ro\/joaca\/\">cump\u0103r\u0103 un bilet pentru orice loterie<\/a> \u0219i a\u0219teapt\u0103 rezultatele care te vor face fericit.<\/p>\n","protected":false},"excerpt":{"rendered":"<p>Dup\u0103 achizi\u021bionarea biletelor, select\u00e2nd cele cinci numere principale \u0219i un num\u0103r bonus Powerball pe acestea, tot ce \u00ee\u021bi r\u0103m\u00e2ne de f\u0103cut este s\u0103 a\u0219tep\u021bi cu r\u0103bdare rezultatele extragerii, care vor ap\u0103rea cu viteza luminii pe site-ul LottoMat. Toate informa\u021biile pe care le public\u0103m despre numerele extrase provin direct de la gazda extragerii, astfel \u00eenc\u00e2t po\u021bi [&hellip;]<\/p>\n","protected":false},"author":1,"featured_media":0,"parent":7448,"menu_order":1,"comment_status":"closed","ping_status":"closed","template":"powerball-usa-results.php","meta":{"_et_pb_use_builder":"","_et_pb_old_content":"","_et_gb_content_width":"","exclude_from_search":false,"footnotes":""},"class_list":["post-237714","page","type-page","status-publish","hentry"],"yoast_head":"<!-- This site is optimized with the Yoast SEO plugin v23.8 - https:\/\/yoast.com\/wordpress\/plugins\/seo\/ -->\n<title>Rezultate Powerball &amp; Numere C\u00e2\u0219tig\u0103toare \u2013 LottoMat Rom\u00e2nia<\/title>\n<meta name=\"description\" content=\"Verific\u0103 cele mai recente rezultate Powerball \u0219i numere c\u00e2\u0219tig\u0103toare pe LottoMat. Compar\u0103-\u021bi numerele cu rezultatele oficiale.\" \/>\n<meta name=\"robots\" content=\"index, follow, max-snippet:-1, max-image-preview:large, max-video-preview:-1\" \/>\n<link rel=\"canonical\" href=\"https:\/\/lottomat.com\/ro\/rezultate\/powerball\/\" \/>\n<meta property=\"og:locale\" content=\"ro_RO\" \/>\n<meta property=\"og:type\" content=\"article\" \/>\n<meta property=\"og:title\" content=\"Rezultate Powerball &amp; Numere C\u00e2\u0219tig\u0103toare \u2013 LottoMat Rom\u00e2nia\" \/>\n<meta property=\"og:description\" content=\"Verific\u0103 cele mai recente rezultate Powerball \u0219i numere c\u00e2\u0219tig\u0103toare pe LottoMat. Compar\u0103-\u021bi numerele cu rezultatele oficiale.\" \/>\n<meta property=\"og:url\" content=\"https:\/\/lottomat.com\/ro\/rezultate\/powerball\/\" \/>\n<meta property=\"og:site_name\" content=\"Lottomat\" \/>\n<meta property=\"article:modified_time\" content=\"2026-03-01T18:41:42+00:00\" \/>\n<meta property=\"og:image\" content=\"https:\/\/lottomat.com\/wp-content\/uploads\/2025\/10\/jackpot-and-prizes.webp\" \/>\n\t<meta property=\"og:image:width\" content=\"400\" \/>\n\t<meta property=\"og:image:height\" content=\"400\" \/>\n\t<meta property=\"og:image:type\" content=\"image\/webp\" \/>\n<meta name=\"twitter:card\" content=\"summary_large_image\" \/>\n<meta name=\"twitter:label1\" content=\"Timp estimat pentru citire\" \/>\n\t<meta name=\"twitter:data1\" content=\"6 minute\" \/>\n<script type=\"application\/ld+json\" class=\"yoast-schema-graph\">{\"@context\":\"https:\/\/schema.org\",\"@graph\":[{\"@type\":\"WebPage\",\"@id\":\"https:\/\/lottomat.com\/ro\/rezultate\/powerball\/\",\"url\":\"https:\/\/lottomat.com\/ro\/rezultate\/powerball\/\",\"name\":\"Rezultate Powerball & Numere C\u00e2\u0219tig\u0103toare \u2013 LottoMat Rom\u00e2nia\",\"isPartOf\":{\"@id\":\"https:\/\/lottomat.com\/ro\/#website\"},\"primaryImageOfPage\":{\"@id\":\"https:\/\/lottomat.com\/ro\/rezultate\/powerball\/#primaryimage\"},\"image\":{\"@id\":\"https:\/\/lottomat.com\/ro\/rezultate\/powerball\/#primaryimage\"},\"thumbnailUrl\":\"https:\/\/lottomat.com\/wp-content\/uploads\/2025\/10\/jackpot-and-prizes-300x300.webp\",\"datePublished\":\"2025-04-07T19:23:03+00:00\",\"dateModified\":\"2026-03-01T18:41:42+00:00\",\"description\":\"Verific\u0103 cele mai recente rezultate Powerball \u0219i numere c\u00e2\u0219tig\u0103toare pe LottoMat. Compar\u0103-\u021bi numerele cu rezultatele oficiale.\",\"breadcrumb\":{\"@id\":\"https:\/\/lottomat.com\/ro\/rezultate\/powerball\/#breadcrumb\"},\"inLanguage\":\"ro-RO\",\"potentialAction\":[{\"@type\":\"ReadAction\",\"target\":[\"https:\/\/lottomat.com\/ro\/rezultate\/powerball\/\"]}]},{\"@type\":\"ImageObject\",\"inLanguage\":\"ro-RO\",\"@id\":\"https:\/\/lottomat.com\/ro\/rezultate\/powerball\/#primaryimage\",\"url\":\"https:\/\/lottomat.com\/wp-content\/uploads\/2025\/10\/jackpot-and-prizes-300x300.webp\",\"contentUrl\":\"https:\/\/lottomat.com\/wp-content\/uploads\/2025\/10\/jackpot-and-prizes-300x300.webp\"},{\"@type\":\"BreadcrumbList\",\"@id\":\"https:\/\/lottomat.com\/ro\/rezultate\/powerball\/#breadcrumb\",\"itemListElement\":[{\"@type\":\"ListItem\",\"position\":1,\"name\":\"Home\",\"item\":\"https:\/\/lottomat.com\/ro\/\"},{\"@type\":\"ListItem\",\"position\":2,\"name\":\"Rezultate la loterie &#038; Numere c\u00e2\u0219tig\u0103toare la loto\",\"item\":\"https:\/\/lottomat.com\/ro\/rezultate\/\"},{\"@type\":\"ListItem\",\"position\":3,\"name\":\"Rezultate Powerball &#038; Numere C\u00e2\u0219tig\u0103toare\"}]},{\"@type\":\"WebSite\",\"@id\":\"https:\/\/lottomat.com\/ro\/#website\",\"url\":\"https:\/\/lottomat.com\/ro\/\",\"name\":\"Lottomat\",\"description\":\"\",\"potentialAction\":[{\"@type\":\"SearchAction\",\"target\":{\"@type\":\"EntryPoint\",\"urlTemplate\":\"https:\/\/lottomat.com\/ro\/?s={search_term_string}\"},\"query-input\":{\"@type\":\"PropertyValueSpecification\",\"valueRequired\":true,\"valueName\":\"search_term_string\"}}],\"inLanguage\":\"ro-RO\"}]}<\/script>\n<!-- \/ Yoast SEO plugin. -->","yoast_head_json":{"title":"Rezultate Powerball & Numere C\u00e2\u0219tig\u0103toare \u2013 LottoMat Rom\u00e2nia","description":"Verific\u0103 cele mai recente rezultate Powerball \u0219i numere c\u00e2\u0219tig\u0103toare pe LottoMat. Compar\u0103-\u021bi numerele cu rezultatele oficiale.","robots":{"index":"index","follow":"follow","max-snippet":"max-snippet:-1","max-image-preview":"max-image-preview:large","max-video-preview":"max-video-preview:-1"},"canonical":"https:\/\/lottomat.com\/ro\/rezultate\/powerball\/","og_locale":"ro_RO","og_type":"article","og_title":"Rezultate Powerball & Numere C\u00e2\u0219tig\u0103toare \u2013 LottoMat Rom\u00e2nia","og_description":"Verific\u0103 cele mai recente rezultate Powerball \u0219i numere c\u00e2\u0219tig\u0103toare pe LottoMat. Compar\u0103-\u021bi numerele cu rezultatele oficiale.","og_url":"https:\/\/lottomat.com\/ro\/rezultate\/powerball\/","og_site_name":"Lottomat","article_modified_time":"2026-03-01T18:41:42+00:00","og_image":[{"width":400,"height":400,"url":"https:\/\/lottomat.com\/wp-content\/uploads\/2025\/10\/jackpot-and-prizes.webp","type":"image\/webp"}],"twitter_card":"summary_large_image","twitter_misc":{"Timp estimat pentru citire":"6 minute"},"schema":{"@context":"https:\/\/schema.org","@graph":[{"@type":"WebPage","@id":"https:\/\/lottomat.com\/ro\/rezultate\/powerball\/","url":"https:\/\/lottomat.com\/ro\/rezultate\/powerball\/","name":"Rezultate Powerball & Numere C\u00e2\u0219tig\u0103toare \u2013 LottoMat Rom\u00e2nia","isPartOf":{"@id":"https:\/\/lottomat.com\/ro\/#website"},"primaryImageOfPage":{"@id":"https:\/\/lottomat.com\/ro\/rezultate\/powerball\/#primaryimage"},"image":{"@id":"https:\/\/lottomat.com\/ro\/rezultate\/powerball\/#primaryimage"},"thumbnailUrl":"https:\/\/lottomat.com\/wp-content\/uploads\/2025\/10\/jackpot-and-prizes-300x300.webp","datePublished":"2025-04-07T19:23:03+00:00","dateModified":"2026-03-01T18:41:42+00:00","description":"Verific\u0103 cele mai recente rezultate Powerball \u0219i numere c\u00e2\u0219tig\u0103toare pe LottoMat. Compar\u0103-\u021bi numerele cu rezultatele oficiale.","breadcrumb":{"@id":"https:\/\/lottomat.com\/ro\/rezultate\/powerball\/#breadcrumb"},"inLanguage":"ro-RO","potentialAction":[{"@type":"ReadAction","target":["https:\/\/lottomat.com\/ro\/rezultate\/powerball\/"]}]},{"@type":"ImageObject","inLanguage":"ro-RO","@id":"https:\/\/lottomat.com\/ro\/rezultate\/powerball\/#primaryimage","url":"https:\/\/lottomat.com\/wp-content\/uploads\/2025\/10\/jackpot-and-prizes-300x300.webp","contentUrl":"https:\/\/lottomat.com\/wp-content\/uploads\/2025\/10\/jackpot-and-prizes-300x300.webp"},{"@type":"BreadcrumbList","@id":"https:\/\/lottomat.com\/ro\/rezultate\/powerball\/#breadcrumb","itemListElement":[{"@type":"ListItem","position":1,"name":"Home","item":"https:\/\/lottomat.com\/ro\/"},{"@type":"ListItem","position":2,"name":"Rezultate la loterie &#038; Numere c\u00e2\u0219tig\u0103toare la loto","item":"https:\/\/lottomat.com\/ro\/rezultate\/"},{"@type":"ListItem","position":3,"name":"Rezultate Powerball &#038; Numere C\u00e2\u0219tig\u0103toare"}]},{"@type":"WebSite","@id":"https:\/\/lottomat.com\/ro\/#website","url":"https:\/\/lottomat.com\/ro\/","name":"Lottomat","description":"","potentialAction":[{"@type":"SearchAction","target":{"@type":"EntryPoint","urlTemplate":"https:\/\/lottomat.com\/ro\/?s={search_term_string}"},"query-input":{"@type":"PropertyValueSpecification","valueRequired":true,"valueName":"search_term_string"}}],"inLanguage":"ro-RO"}]}},"_links":{"self":[{"href":"https:\/\/lottomat.com\/ro\/wp-json\/wp\/v2\/pages\/237714","targetHints":{"allow":["GET"]}}],"collection":[{"href":"https:\/\/lottomat.com\/ro\/wp-json\/wp\/v2\/pages"}],"about":[{"href":"https:\/\/lottomat.com\/ro\/wp-json\/wp\/v2\/types\/page"}],"author":[{"embeddable":true,"href":"https:\/\/lottomat.com\/ro\/wp-json\/wp\/v2\/users\/1"}],"replies":[{"embeddable":true,"href":"https:\/\/lottomat.com\/ro\/wp-json\/wp\/v2\/comments?post=237714"}],"version-history":[{"count":8,"href":"https:\/\/lottomat.com\/ro\/wp-json\/wp\/v2\/pages\/237714\/revisions"}],"predecessor-version":[{"id":272263,"href":"https:\/\/lottomat.com\/ro\/wp-json\/wp\/v2\/pages\/237714\/revisions\/272263"}],"up":[{"embeddable":true,"href":"https:\/\/lottomat.com\/ro\/wp-json\/wp\/v2\/pages\/7448"}],"wp:attachment":[{"href":"https:\/\/lottomat.com\/ro\/wp-json\/wp\/v2\/media?parent=237714"}],"curies":[{"name":"wp","href":"https:\/\/api.w.org\/{rel}","templated":true}]}}