{"id":232636,"date":"2025-03-27T10:35:32","date_gmt":"2025-03-27T10:35:32","guid":{"rendered":"https:\/\/lottomat.net\/rezultatele-loteriei\/rezultatele-eurojackpot\/"},"modified":"2026-03-01T20:44:11","modified_gmt":"2026-03-01T20:44:11","slug":"eurojackpot","status":"publish","type":"page","link":"https:\/\/lottomat.com\/ro\/rezultate\/eurojackpot\/","title":{"rendered":"Rezultate Eurojackpot &#038; Numere C\u00e2\u0219tig\u0103toare"},"content":{"rendered":"\n\n<div class=\"kk-star-ratings kksr-auto kksr-align-left kksr-valign-top\"\n    data-payload='{&quot;align&quot;:&quot;left&quot;,&quot;id&quot;:&quot;232636&quot;,&quot;slug&quot;:&quot;default&quot;,&quot;valign&quot;:&quot;top&quot;,&quot;ignore&quot;:&quot;&quot;,&quot;reference&quot;:&quot;auto&quot;,&quot;class&quot;:&quot;&quot;,&quot;count&quot;:&quot;0&quot;,&quot;legendonly&quot;:&quot;&quot;,&quot;readonly&quot;:&quot;&quot;,&quot;score&quot;:&quot;0&quot;,&quot;starsonly&quot;:&quot;&quot;,&quot;best&quot;:&quot;5&quot;,&quot;gap&quot;:&quot;5&quot;,&quot;greet&quot;:&quot;Rate this page&quot;,&quot;legend&quot;:&quot;0\\\/5 - (0 votes)&quot;,&quot;size&quot;:&quot;30&quot;,&quot;title&quot;:&quot;Rezultate Eurojackpot \\u0026amp; Numere C\u00e2\u0219tig\u0103toare&quot;,&quot;width&quot;:&quot;0&quot;,&quot;_legend&quot;:&quot;{score}\\\/{best} - ({count} {votes})&quot;,&quot;font_factor&quot;:&quot;1.25&quot;}'>\n            \n<div class=\"kksr-stars\">\n    \n<div class=\"kksr-stars-inactive\">\n            <div class=\"kksr-star\" data-star=\"1\" style=\"padding-right: 5px\">\n            \n\n<div class=\"kksr-icon\" style=\"width: 30px; height: 30px;\"><\/div>\n        <\/div>\n            <div class=\"kksr-star\" data-star=\"2\" style=\"padding-right: 5px\">\n            \n\n<div class=\"kksr-icon\" style=\"width: 30px; height: 30px;\"><\/div>\n        <\/div>\n            <div class=\"kksr-star\" data-star=\"3\" style=\"padding-right: 5px\">\n            \n\n<div class=\"kksr-icon\" style=\"width: 30px; height: 30px;\"><\/div>\n        <\/div>\n            <div class=\"kksr-star\" data-star=\"4\" style=\"padding-right: 5px\">\n            \n\n<div class=\"kksr-icon\" style=\"width: 30px; height: 30px;\"><\/div>\n        <\/div>\n            <div class=\"kksr-star\" data-star=\"5\" style=\"padding-right: 5px\">\n            \n\n<div class=\"kksr-icon\" style=\"width: 30px; height: 30px;\"><\/div>\n        <\/div>\n    <\/div>\n    \n<div class=\"kksr-stars-active\" style=\"width: 0px;\">\n            <div class=\"kksr-star\" style=\"padding-right: 5px\">\n            \n\n<div class=\"kksr-icon\" style=\"width: 30px; height: 30px;\"><\/div>\n        <\/div>\n            <div class=\"kksr-star\" style=\"padding-right: 5px\">\n            \n\n<div class=\"kksr-icon\" style=\"width: 30px; height: 30px;\"><\/div>\n        <\/div>\n            <div class=\"kksr-star\" style=\"padding-right: 5px\">\n            \n\n<div class=\"kksr-icon\" style=\"width: 30px; height: 30px;\"><\/div>\n        <\/div>\n            <div class=\"kksr-star\" style=\"padding-right: 5px\">\n            \n\n<div class=\"kksr-icon\" style=\"width: 30px; height: 30px;\"><\/div>\n        <\/div>\n            <div class=\"kksr-star\" style=\"padding-right: 5px\">\n            \n\n<div class=\"kksr-icon\" style=\"width: 30px; height: 30px;\"><\/div>\n        <\/div>\n    <\/div>\n<\/div>\n                \n\n<div class=\"kksr-legend\" style=\"font-size: 24px;\">\n            <span class=\"kksr-muted\">Rate this page<\/span>\n    <\/div>\n    <\/div>\n<p>Ai cump\u0103rat bilete Eurojackpot \u0219i te \u00eentrebi dac\u0103 ai c\u00e2\u0219tigat? P\u00e2n\u0103 afli numerele extrase, orice este posibil, iar tu po\u021bi vedea <a href=\"https:\/\/lottomat.com\/ro\/rezultate\/\">rezultatele la loterie pe acest site<\/a>. Le public\u0103m ultra-rapid imediat ce primim mesaj de pe site-ul gazdei Eurojackpot, astfel \u00eenc\u00e2t ai garan\u021bia c\u0103 sunt confirmate \u00een mod fiabil \u0219i 100% reale. Analizeaz\u0103 acum rezultate Eurojackpot \u0219i numerele c\u00e2\u0219tig\u0103toare Eurojackpot!<\/p>\n<h2>Cum s\u0103 verifici rezultatele Eurojackpot de ast\u0103zi?<img loading=\"lazy\" decoding=\"async\" class=\"alignright wp-image-257716\" src=\"https:\/\/lottomat.com\/wp-content\/uploads\/2025\/11\/Eurojackpot-online-1.webp\" alt=\"Rezultate Eurojackpot \" width=\"200\" height=\"200\" srcset=\"https:\/\/lottomat.com\/wp-content\/uploads\/2025\/11\/Eurojackpot-online-1.webp 400w, https:\/\/lottomat.com\/wp-content\/uploads\/2025\/11\/Eurojackpot-online-1-300x300.webp 300w, https:\/\/lottomat.com\/wp-content\/uploads\/2025\/11\/Eurojackpot-online-1-150x150.webp 150w, https:\/\/lottomat.com\/wp-content\/uploads\/2025\/11\/Eurojackpot-online-1-100x100.webp 100w\" sizes=\"auto, (max-width: 200px) 100vw, 200px\" \/><\/h2>\n<p>Cel mai simplu mod de a verifica ultimele rezultate Eurojackpot este pe site-ul nostru. Oferim <strong>rezultate 100% sigure ale extragerilor<\/strong>, \u00een care po\u021bi avea deplin\u0103 \u00eencredere. Platforma noastr\u0103 se asigur\u0103 c\u0103 toate numerele c\u00e2\u0219tig\u0103toare Eurojackpot sunt <strong>actualizate imediat dup\u0103 fiecare extragere oficial\u0103<\/strong>. Fie c\u0103 verifici combina\u021biile c\u00e2\u0219tig\u0103toare, structura premiilor sau valoarea jackpotului, aici g\u0103se\u0219ti informa\u021bii exacte \u0219i actualizate. \u00cen\u021belegem c\u00e2t de important este pentru juc\u0103tori s\u0103 primeasc\u0103 rapid rezultate verificate, motiv pentru care punem pe primul loc <strong>viteza \u0219i acurate\u021bea<\/strong> \u00een furnizarea informa\u021biilor despre rezultatele Eurojackpot.<\/p>\n<h2>Cum s\u0103 verifici rezultatele Eurojackpot de ieri?<\/h2>\n<p>Po\u021bi verifica \u0219i rezultatele Eurojackpot de ieri pe <a href=\"https:\/\/lottomat.com\/ro\/\">site-ul nostru Lottomat<\/a>, deoarece prezent\u0103m nu doar rezultatele curente, ci \u0219i <strong>date istorice din extragerile trecute<\/strong>. Baza noastr\u0103 de date cuprinde <strong>rezultatele de ast\u0103zi, extragerile de ieri \u0219i rezultatele din s\u0103pt\u0103m\u00e2ni, luni sau chiar ani anteriori<\/strong>. Acest arhiv complet \u00ee\u021bi permite s\u0103 urm\u0103re\u0219ti modele, s\u0103 analizezi tendin\u021be \u0219i s\u0103 revezi orice extragere care te intereseaz\u0103. Indiferent dac\u0103 ai uitat s\u0103 verifici Tickets ieri sau vrei s\u0103 confirmi numere c\u00e2\u0219tig\u0103toare din trecut, platforma noastr\u0103 \u00ee\u021bi ofer\u0103 acces u\u0219or la toate rezultatele istorice Eurojackpot, cu <strong>acurate\u021be \u0219i fiabilitate deplin\u0103<\/strong>.<\/p>\n<h2>Cum s\u0103 verifici rezultatele Eurojackpot din arhiv\u0103?<\/h2>\n<p>Pentru a vedea rezultatele Eurojackpot arhivate, tot ce trebuie s\u0103 faci este s\u0103 folose\u0219ti calendarul de rezultate de pe site-ul Lottomat. Acesta se afl\u0103 sub data ultimei extrageri. Tot ce ai de f\u0103cut este s\u0103 alegi data care te intereseaz\u0103 cel mai mult \u0219i s\u0103 vezi rezultatele jocului de p\u00e2n\u0103 acum.<\/p>\n<h2><img loading=\"lazy\" decoding=\"async\" class=\"alignleft wp-image-257746\" src=\"https:\/\/lottomat.com\/wp-content\/uploads\/2025\/11\/Eurojackpot-tickets-1.webp\" alt=\"Eurojackpot numerele\" width=\"200\" height=\"200\" srcset=\"https:\/\/lottomat.com\/wp-content\/uploads\/2025\/11\/Eurojackpot-tickets-1.webp 400w, https:\/\/lottomat.com\/wp-content\/uploads\/2025\/11\/Eurojackpot-tickets-1-300x300.webp 300w, https:\/\/lottomat.com\/wp-content\/uploads\/2025\/11\/Eurojackpot-tickets-1-150x150.webp 150w, https:\/\/lottomat.com\/wp-content\/uploads\/2025\/11\/Eurojackpot-tickets-1-100x100.webp 100w\" sizes=\"auto, (max-width: 200px) 100vw, 200px\" \/>Cum s\u0103 folose\u0219ti rezultatele din arhiv\u0103 \u0219i numerele c\u00e2\u0219tig\u0103toare Eurojackpot?<\/h2>\n<p>Ultimele rezultate \u0219i cele din arhiv\u0103 \u00ee\u021bi permit s\u0103 verifici ce numere au fost extrase la extragerile anterioare, c\u00e2t de des apare reportul \u00eentr-o anumit\u0103 loterie, num\u0103rul de c\u00e2\u0219tig\u0103tori \u0219i c\u00e2\u0219tigurile record. Toate acestea te ajut\u0103 s\u0103 \u00ee\u021bi construie\u0219ti o strategie pentru a juca Eurojackpot \u0219i s\u0103 \u00ee\u021bi dezvol\u021bi propria metod\u0103 de selectare a numerelor. Pe de alt\u0103 parte, dac\u0103 vrei s\u0103 alegi numerele mai repede, dar s\u0103 folose\u0219ti totu\u0219i statistici, po\u021bi utiliza sfaturile noastre despre cele mai frecvent \u0219i cel mai rar extrase numere \u00een loteriile Eurojackpot. Toate datele \u0219i informa\u021biile necesare pot fi g\u0103site pe site-ul Lottomat. Nu uita s\u0103 nu te limitezi la loteriile anterioare. De aceea este o idee bun\u0103 s\u0103 alegi din \u00eentregul set de numere disponibile atunci c\u00e2nd plasezi un pariu, deoarece \u00ee\u021bi cre\u0219ti \u0219ansele de a c\u00e2\u0219tiga premiul cel mare.<\/p>\n<h2>Care sunt numerele extrase cel mai frecvent la Eurojackpot?<\/h2>\n<p>Pe baza analizei statistice a extragerilor Eurojackpot de la \u00eenceputul loteriei \u00een 2012, cele mai frecvent extrase numere principale includ <strong>14, 16, 18, 19, 25, 33 \u0219i 40<\/strong>. Aceste numere \u201efierbin\u021bi\u201d au ap\u0103rut mai des dec\u00e2t altele de-a lungul istoriei loteriei. \u00cen ceea ce prive\u0219te Euro Numerele bonus, numerele <strong>5 \u0219i 8 au fost extrase cel mai des: c\u00e2te 83 de ori fiecare<\/strong>. Mul\u021bi juc\u0103tori folosesc aceste statistici ale numerelor fierbin\u021bi pentru a-\u0219i ghida strategia de selec\u021bie. De\u0219i teoretic fiecare num\u0103r are aceea\u0219i \u0219ans\u0103 de a fi extras, unii juc\u0103tori prefer\u0103 s\u0103 aleag\u0103 din aceste numere frecvent c\u00e2\u0219tig\u0103toare \u00een selec\u021biile lor Eurojackpot. Merit\u0103 men\u021bionat c\u0103 <strong>frecven\u021ba din trecut nu garanteaz\u0103 rezultate viitoare<\/strong>, dar aceste statistici pot oferi perspective interesante pentru pasiona\u021bii de loterie.<\/p>\n<h2>Care sunt numerele extrase cel mai rar la Eurojackpot?<\/h2>\n<p>La polul opus, unele numere apar mai rar \u00een extragerile Eurojackpot, primind denumirea de \u201enumere reci\u201d. Cele mai rar extrase numere Eurojackpot sunt: <strong>48, 2, 36, 50 \u0219i o egalitate \u00eentre 24, 27 \u0219i 31<\/strong>. Cele mai rar extrase Euro Numere sunt <strong>9 \u0219i 10<\/strong>. Unii juc\u0103tori cred c\u0103 aceste numere reci ar fi \u201epe cale\u201d s\u0103 apar\u0103, de\u0219i este important de \u00een\u021beles c\u0103 <strong>fiecare extragere este complet aleatorie \u0219i independent\u0103<\/strong>. De\u0219i a\u0219a nu func\u021bioneaz\u0103 loteriile \u2013 fiecare extragere este complet aleatorie \u0219i f\u0103r\u0103 leg\u0103tur\u0103 cu extragerea anterioar\u0103 \u2013 este totu\u0219i interesant s\u0103 afli ce numere au ap\u0103rut cel mai rar. Indiferent dac\u0103 alegi numere fierbin\u021bi, reci sau un amestec al acestora, nu uita c\u0103 <strong>rezultatele loteriei se bazeaz\u0103 \u00een cele din urm\u0103 pe noroc<\/strong>.<\/p>\n<h2>C\u00e2\u021bi oameni au c\u00e2\u0219tigat la ultima extragere Eurojackpot?<img loading=\"lazy\" decoding=\"async\" class=\"alignright wp-image-257777\" src=\"https:\/\/lottomat.com\/wp-content\/uploads\/2025\/11\/play-Eurojackpot-1.webp\" alt=\"extragere Eurojackpot\" width=\"200\" height=\"200\" srcset=\"https:\/\/lottomat.com\/wp-content\/uploads\/2025\/11\/play-Eurojackpot-1.webp 400w, https:\/\/lottomat.com\/wp-content\/uploads\/2025\/11\/play-Eurojackpot-1-300x300.webp 300w, https:\/\/lottomat.com\/wp-content\/uploads\/2025\/11\/play-Eurojackpot-1-150x150.webp 150w, https:\/\/lottomat.com\/wp-content\/uploads\/2025\/11\/play-Eurojackpot-1-100x100.webp 100w\" sizes=\"auto, (max-width: 200px) 100vw, 200px\" \/><\/h2>\n<p>Pe site-ul nostru vei g\u0103si un tabel detaliat cu informa\u021bii complete despre ultima extragere Eurojackpot, inclusiv <strong>num\u0103rul de persoane care au c\u00e2\u0219tigat premii la fiecare categorie<\/strong> \u0219i <strong>valoarea exact\u0103 a fiec\u0103rui premiu \u00een euro<\/strong>. Aceast\u0103 prezentare detaliat\u0103 arat\u0103 c\u00e2\u0219tig\u0103tori \u00een toate cele <strong>dou\u0103sprezece categorii de premii<\/strong>, de la c\u00e2\u0219tig\u0103torul jackpotului p\u00e2n\u0103 la cei care au ob\u021binut combina\u021bia minim\u0103 c\u00e2\u0219tig\u0103toare. Analiz\u00e2nd aceste informa\u021bii, po\u021bi vedea c\u0103 <strong>juc\u0103torii c\u00e2\u0219tig\u0103 cu adev\u0103rat la Eurojackpot \u00een mod regulat<\/strong> la toate nivelurile de premii. Structura premiilor demonstreaz\u0103 atractivitatea loteriei, cu <strong>numeroase modalit\u0103\u021bi de c\u00e2\u0219tig \u0219i premii consistente<\/strong> chiar \u0219i pentru combina\u021biile din categoriile inferioare. Aceast\u0103 transparen\u021b\u0103 \u00eei ajut\u0103 pe juc\u0103tori s\u0103 \u00ee\u0219i \u00een\u021beleag\u0103 \u0219ansele \u0219i s\u0103 vad\u0103 impactul real al extragerilor Eurojackpot asupra c\u00e2\u0219tig\u0103torilor din \u021b\u0103rile participante. E\u0219ti gata s\u0103 intri \u00een jocul cel mai captivant? <a href=\"https:\/\/lottomat.com\/ro\/joaca\/eurojackpot\/\">Joac\u0103 Eurojackpot online<\/a> la Lottomat \u0219i c\u00e2\u0219tig\u0103 sume mari.<\/p>\n<h2>Ce se \u00eent\u00e2mpl\u0103 c\u00e2nd nimeni nu c\u00e2\u0219tig\u0103 jackpotul?<\/h2>\n<p>C\u00e2nd niciun juc\u0103tor nu potrive\u0219te toate cele cinci numere principale plus ambele Euro Numere, valoarea jackpotului <strong>se reporteaz\u0103 la urm\u0103toarea extragere<\/strong>, fenomen numit rollover sau acumulare. Acest proces \u00eenseamn\u0103 c\u0103 <strong>fondul de premiere cre\u0219te continuu<\/strong> p\u00e2n\u0103 c\u00e2nd cineva c\u00e2\u0219tig\u0103 premiul cel mare, f\u0103c\u00e2nd extragerile urm\u0103toare \u0219i mai captivante pentru juc\u0103tori. Mecanismul reportului permite jackpoturilor s\u0103 ating\u0103 sume impresionante, cu <strong>plafonul maxim al jackpotului stabilit la 120 de milioane \u20ac<\/strong>. Odat\u0103 ce aceast\u0103 sum\u0103 maxim\u0103 este atins\u0103, orice fonduri suplimentare care ar fi fost ad\u0103ugate jackpotului sunt distribuite c\u00e2\u0219tig\u0103torilor din urm\u0103toarea categorie de premii. Acest sistem asigur\u0103 acumularea unor premii uria\u0219e \u00een timp, cre\u00e2nd poten\u021bialul unor c\u00e2\u0219tiguri care pot schimba vie\u021bi \u0219i atrag milioane de juc\u0103tori din \u00eentreaga Europ\u0103. Cite\u0219te mai multe despre <a href=\"https:\/\/lottomat.com\/ro\/informatie\/eurojackpot\/\">premiile \u0219i jackpotul Eurojackpot<\/a> pe site-ul nostru.<\/p>\n<h2><img loading=\"lazy\" decoding=\"async\" class=\"alignleft wp-image-257807\" src=\"https:\/\/lottomat.com\/wp-content\/uploads\/2025\/11\/tickets-online.webp\" alt=\"numere Eurojackpot\" width=\"200\" height=\"200\" srcset=\"https:\/\/lottomat.com\/wp-content\/uploads\/2025\/11\/tickets-online.webp 400w, https:\/\/lottomat.com\/wp-content\/uploads\/2025\/11\/tickets-online-300x300.webp 300w, https:\/\/lottomat.com\/wp-content\/uploads\/2025\/11\/tickets-online-150x150.webp 150w, https:\/\/lottomat.com\/wp-content\/uploads\/2025\/11\/tickets-online-100x100.webp 100w\" sizes=\"auto, (max-width: 200px) 100vw, 200px\" \/>Pot fi prezise rezultatele extragerilor Eurojackpot?<\/h2>\n<p><strong>Nu, rezultatele extragerilor Eurojackpot nu pot fi prezise<\/strong> cu nicio certitudine. Loteria folose\u0219te un <strong>sistem complet aleatoriu de extragere<\/strong>, \u00een care fiecare combina\u021bie de numere are exact aceea\u0219i probabilitate matematic\u0103 de a fi selectat\u0103 la fiecare extragere. De\u0219i analiza statistic\u0103 poate ar\u0103ta ce numere au fost extrase mai des sau mai rar \u00een trecut, aceste date istorice <strong>nu influen\u021beaz\u0103 extragerile viitoare<\/strong>. Fiecare extragere Eurojackpot este un <strong>eveniment independent<\/strong>, ceea ce \u00eenseamn\u0103 c\u0103 rezultatele anterioare nu au nicio leg\u0103tur\u0103 cu cele viitoare. Orice sistem sau strategie care pretinde c\u0103 poate prezice numerele loteriei este fundamental gre\u0219it, deoarece <strong>adev\u0103rata aleatorietate nu poate fi prezis\u0103<\/strong> sau influen\u021bat\u0103 prin analiz\u0103 sau modele. Ce mai a\u0219tep\u021bi? Tickets sunt ieftine, iar \u0219ansele sunt mari, a\u0219a c\u0103 preg\u0103te\u0219te-te s\u0103 alegi numerele tale \u0219i vezi ce urmeaz\u0103. <strong>Po\u021bi de asemenea <a href=\"https:\/\/lottomat.com\/ro\/joaca\/\">verifica lista complet\u0103 a loteriilor noastre online<\/a> cu cele mai mari jackpoturi!<\/strong><\/p>\n","protected":false},"excerpt":{"rendered":"<p>Ai cump\u0103rat bilete Eurojackpot \u0219i te \u00eentrebi dac\u0103 ai c\u00e2\u0219tigat? P\u00e2n\u0103 afli numerele extrase, orice este posibil, iar tu po\u021bi vedea rezultatele la loterie pe acest site. Le public\u0103m ultra-rapid imediat ce primim mesaj de pe site-ul gazdei Eurojackpot, astfel \u00eenc\u00e2t ai garan\u021bia c\u0103 sunt confirmate \u00een mod fiabil \u0219i 100% reale. Analizeaz\u0103 acum rezultate [&hellip;]<\/p>\n","protected":false},"author":1,"featured_media":0,"parent":7448,"menu_order":4,"comment_status":"closed","ping_status":"closed","template":"eurojackpot-results.php","meta":{"_et_pb_use_builder":"","_et_pb_old_content":"","_et_gb_content_width":"","exclude_from_search":false,"footnotes":""},"class_list":["post-232636","page","type-page","status-publish","hentry"],"yoast_head":"<!-- This site is optimized with the Yoast SEO plugin v23.8 - https:\/\/yoast.com\/wordpress\/plugins\/seo\/ -->\n<title>Rezultate Eurojackpot - Numere C\u00e2\u0219tig\u0103toare - LottoMat<\/title>\n<meta name=\"description\" content=\"Verific\u0103 cele mai recente rezultate Eurojackpot. Aici po\u021bi s\u0103-\u021bi compari numerele cu numerele c\u00e2\u0219tig\u0103toare Eurojackpot. Nu rata extragerea!\" \/>\n<meta name=\"robots\" content=\"index, follow, max-snippet:-1, max-image-preview:large, max-video-preview:-1\" \/>\n<link rel=\"canonical\" href=\"https:\/\/lottomat.com\/ro\/rezultate\/eurojackpot\/\" \/>\n<meta property=\"og:locale\" content=\"ro_RO\" \/>\n<meta property=\"og:type\" content=\"article\" \/>\n<meta property=\"og:title\" content=\"Rezultate Eurojackpot - Numere C\u00e2\u0219tig\u0103toare - LottoMat\" \/>\n<meta property=\"og:description\" content=\"Verific\u0103 cele mai recente rezultate Eurojackpot. Aici po\u021bi s\u0103-\u021bi compari numerele cu numerele c\u00e2\u0219tig\u0103toare Eurojackpot. Nu rata extragerea!\" \/>\n<meta property=\"og:url\" content=\"https:\/\/lottomat.com\/ro\/rezultate\/eurojackpot\/\" \/>\n<meta property=\"og:site_name\" content=\"Lottomat\" \/>\n<meta property=\"article:modified_time\" content=\"2026-03-01T20:44:11+00:00\" \/>\n<meta property=\"og:image\" content=\"https:\/\/lottomat.com\/wp-content\/uploads\/2025\/11\/Eurojackpot-online-1.webp\" \/>\n\t<meta property=\"og:image:width\" content=\"400\" \/>\n\t<meta property=\"og:image:height\" content=\"400\" \/>\n\t<meta property=\"og:image:type\" content=\"image\/webp\" \/>\n<meta name=\"twitter:card\" content=\"summary_large_image\" \/>\n<meta name=\"twitter:label1\" content=\"Timp estimat pentru citire\" \/>\n\t<meta name=\"twitter:data1\" content=\"6 minute\" \/>\n<script type=\"application\/ld+json\" class=\"yoast-schema-graph\">{\"@context\":\"https:\/\/schema.org\",\"@graph\":[{\"@type\":\"WebPage\",\"@id\":\"https:\/\/lottomat.com\/ro\/rezultate\/eurojackpot\/\",\"url\":\"https:\/\/lottomat.com\/ro\/rezultate\/eurojackpot\/\",\"name\":\"Rezultate Eurojackpot - Numere C\u00e2\u0219tig\u0103toare - LottoMat\",\"isPartOf\":{\"@id\":\"https:\/\/lottomat.com\/ro\/#website\"},\"primaryImageOfPage\":{\"@id\":\"https:\/\/lottomat.com\/ro\/rezultate\/eurojackpot\/#primaryimage\"},\"image\":{\"@id\":\"https:\/\/lottomat.com\/ro\/rezultate\/eurojackpot\/#primaryimage\"},\"thumbnailUrl\":\"https:\/\/lottomat.com\/wp-content\/uploads\/2025\/11\/Eurojackpot-online-1.webp\",\"datePublished\":\"2025-03-27T10:35:32+00:00\",\"dateModified\":\"2026-03-01T20:44:11+00:00\",\"description\":\"Verific\u0103 cele mai recente rezultate Eurojackpot. Aici po\u021bi s\u0103-\u021bi compari numerele cu numerele c\u00e2\u0219tig\u0103toare Eurojackpot. Nu rata extragerea!\",\"breadcrumb\":{\"@id\":\"https:\/\/lottomat.com\/ro\/rezultate\/eurojackpot\/#breadcrumb\"},\"inLanguage\":\"ro-RO\",\"potentialAction\":[{\"@type\":\"ReadAction\",\"target\":[\"https:\/\/lottomat.com\/ro\/rezultate\/eurojackpot\/\"]}]},{\"@type\":\"ImageObject\",\"inLanguage\":\"ro-RO\",\"@id\":\"https:\/\/lottomat.com\/ro\/rezultate\/eurojackpot\/#primaryimage\",\"url\":\"https:\/\/lottomat.com\/wp-content\/uploads\/2025\/11\/Eurojackpot-online-1.webp\",\"contentUrl\":\"https:\/\/lottomat.com\/wp-content\/uploads\/2025\/11\/Eurojackpot-online-1.webp\"},{\"@type\":\"BreadcrumbList\",\"@id\":\"https:\/\/lottomat.com\/ro\/rezultate\/eurojackpot\/#breadcrumb\",\"itemListElement\":[{\"@type\":\"ListItem\",\"position\":1,\"name\":\"Home\",\"item\":\"https:\/\/lottomat.com\/ro\/\"},{\"@type\":\"ListItem\",\"position\":2,\"name\":\"Rezultate la loterie &#038; Numere c\u00e2\u0219tig\u0103toare la loto\",\"item\":\"https:\/\/lottomat.com\/ro\/rezultate\/\"},{\"@type\":\"ListItem\",\"position\":3,\"name\":\"Rezultate Eurojackpot &#038; Numere C\u00e2\u0219tig\u0103toare\"}]},{\"@type\":\"WebSite\",\"@id\":\"https:\/\/lottomat.com\/ro\/#website\",\"url\":\"https:\/\/lottomat.com\/ro\/\",\"name\":\"Lottomat\",\"description\":\"\",\"potentialAction\":[{\"@type\":\"SearchAction\",\"target\":{\"@type\":\"EntryPoint\",\"urlTemplate\":\"https:\/\/lottomat.com\/ro\/?s={search_term_string}\"},\"query-input\":{\"@type\":\"PropertyValueSpecification\",\"valueRequired\":true,\"valueName\":\"search_term_string\"}}],\"inLanguage\":\"ro-RO\"}]}<\/script>\n<!-- \/ Yoast SEO plugin. -->","yoast_head_json":{"title":"Rezultate Eurojackpot - Numere C\u00e2\u0219tig\u0103toare - LottoMat","description":"Verific\u0103 cele mai recente rezultate Eurojackpot. Aici po\u021bi s\u0103-\u021bi compari numerele cu numerele c\u00e2\u0219tig\u0103toare Eurojackpot. Nu rata extragerea!","robots":{"index":"index","follow":"follow","max-snippet":"max-snippet:-1","max-image-preview":"max-image-preview:large","max-video-preview":"max-video-preview:-1"},"canonical":"https:\/\/lottomat.com\/ro\/rezultate\/eurojackpot\/","og_locale":"ro_RO","og_type":"article","og_title":"Rezultate Eurojackpot - Numere C\u00e2\u0219tig\u0103toare - LottoMat","og_description":"Verific\u0103 cele mai recente rezultate Eurojackpot. Aici po\u021bi s\u0103-\u021bi compari numerele cu numerele c\u00e2\u0219tig\u0103toare Eurojackpot. Nu rata extragerea!","og_url":"https:\/\/lottomat.com\/ro\/rezultate\/eurojackpot\/","og_site_name":"Lottomat","article_modified_time":"2026-03-01T20:44:11+00:00","og_image":[{"width":400,"height":400,"url":"https:\/\/lottomat.com\/wp-content\/uploads\/2025\/11\/Eurojackpot-online-1.webp","type":"image\/webp"}],"twitter_card":"summary_large_image","twitter_misc":{"Timp estimat pentru citire":"6 minute"},"schema":{"@context":"https:\/\/schema.org","@graph":[{"@type":"WebPage","@id":"https:\/\/lottomat.com\/ro\/rezultate\/eurojackpot\/","url":"https:\/\/lottomat.com\/ro\/rezultate\/eurojackpot\/","name":"Rezultate Eurojackpot - Numere C\u00e2\u0219tig\u0103toare - LottoMat","isPartOf":{"@id":"https:\/\/lottomat.com\/ro\/#website"},"primaryImageOfPage":{"@id":"https:\/\/lottomat.com\/ro\/rezultate\/eurojackpot\/#primaryimage"},"image":{"@id":"https:\/\/lottomat.com\/ro\/rezultate\/eurojackpot\/#primaryimage"},"thumbnailUrl":"https:\/\/lottomat.com\/wp-content\/uploads\/2025\/11\/Eurojackpot-online-1.webp","datePublished":"2025-03-27T10:35:32+00:00","dateModified":"2026-03-01T20:44:11+00:00","description":"Verific\u0103 cele mai recente rezultate Eurojackpot. Aici po\u021bi s\u0103-\u021bi compari numerele cu numerele c\u00e2\u0219tig\u0103toare Eurojackpot. Nu rata extragerea!","breadcrumb":{"@id":"https:\/\/lottomat.com\/ro\/rezultate\/eurojackpot\/#breadcrumb"},"inLanguage":"ro-RO","potentialAction":[{"@type":"ReadAction","target":["https:\/\/lottomat.com\/ro\/rezultate\/eurojackpot\/"]}]},{"@type":"ImageObject","inLanguage":"ro-RO","@id":"https:\/\/lottomat.com\/ro\/rezultate\/eurojackpot\/#primaryimage","url":"https:\/\/lottomat.com\/wp-content\/uploads\/2025\/11\/Eurojackpot-online-1.webp","contentUrl":"https:\/\/lottomat.com\/wp-content\/uploads\/2025\/11\/Eurojackpot-online-1.webp"},{"@type":"BreadcrumbList","@id":"https:\/\/lottomat.com\/ro\/rezultate\/eurojackpot\/#breadcrumb","itemListElement":[{"@type":"ListItem","position":1,"name":"Home","item":"https:\/\/lottomat.com\/ro\/"},{"@type":"ListItem","position":2,"name":"Rezultate la loterie &#038; Numere c\u00e2\u0219tig\u0103toare la loto","item":"https:\/\/lottomat.com\/ro\/rezultate\/"},{"@type":"ListItem","position":3,"name":"Rezultate Eurojackpot &#038; Numere C\u00e2\u0219tig\u0103toare"}]},{"@type":"WebSite","@id":"https:\/\/lottomat.com\/ro\/#website","url":"https:\/\/lottomat.com\/ro\/","name":"Lottomat","description":"","potentialAction":[{"@type":"SearchAction","target":{"@type":"EntryPoint","urlTemplate":"https:\/\/lottomat.com\/ro\/?s={search_term_string}"},"query-input":{"@type":"PropertyValueSpecification","valueRequired":true,"valueName":"search_term_string"}}],"inLanguage":"ro-RO"}]}},"_links":{"self":[{"href":"https:\/\/lottomat.com\/ro\/wp-json\/wp\/v2\/pages\/232636","targetHints":{"allow":["GET"]}}],"collection":[{"href":"https:\/\/lottomat.com\/ro\/wp-json\/wp\/v2\/pages"}],"about":[{"href":"https:\/\/lottomat.com\/ro\/wp-json\/wp\/v2\/types\/page"}],"author":[{"embeddable":true,"href":"https:\/\/lottomat.com\/ro\/wp-json\/wp\/v2\/users\/1"}],"replies":[{"embeddable":true,"href":"https:\/\/lottomat.com\/ro\/wp-json\/wp\/v2\/comments?post=232636"}],"version-history":[{"count":5,"href":"https:\/\/lottomat.com\/ro\/wp-json\/wp\/v2\/pages\/232636\/revisions"}],"predecessor-version":[{"id":272301,"href":"https:\/\/lottomat.com\/ro\/wp-json\/wp\/v2\/pages\/232636\/revisions\/272301"}],"up":[{"embeddable":true,"href":"https:\/\/lottomat.com\/ro\/wp-json\/wp\/v2\/pages\/7448"}],"wp:attachment":[{"href":"https:\/\/lottomat.com\/ro\/wp-json\/wp\/v2\/media?parent=232636"}],"curies":[{"name":"wp","href":"https:\/\/api.w.org\/{rel}","templated":true}]}}