{"id":10623,"date":"2025-03-26T10:16:37","date_gmt":"2025-03-26T10:16:37","guid":{"rendered":"https:\/\/lottomat.net\/informatii-despre-loterie\/informatii-despre-powerball\/"},"modified":"2026-03-01T18:48:09","modified_gmt":"2026-03-01T18:48:09","slug":"powerball","status":"publish","type":"page","link":"https:\/\/lottomat.com\/ro\/informatie\/powerball\/","title":{"rendered":"Powerball Premii, Reguli &#038; Jackpot"},"content":{"rendered":"\n\n<div class=\"kk-star-ratings kksr-auto kksr-align-left kksr-valign-top\"\n    data-payload='{&quot;align&quot;:&quot;left&quot;,&quot;id&quot;:&quot;10623&quot;,&quot;slug&quot;:&quot;default&quot;,&quot;valign&quot;:&quot;top&quot;,&quot;ignore&quot;:&quot;&quot;,&quot;reference&quot;:&quot;auto&quot;,&quot;class&quot;:&quot;&quot;,&quot;count&quot;:&quot;0&quot;,&quot;legendonly&quot;:&quot;&quot;,&quot;readonly&quot;:&quot;&quot;,&quot;score&quot;:&quot;0&quot;,&quot;starsonly&quot;:&quot;&quot;,&quot;best&quot;:&quot;5&quot;,&quot;gap&quot;:&quot;5&quot;,&quot;greet&quot;:&quot;Rate this page&quot;,&quot;legend&quot;:&quot;0\\\/5 - (0 votes)&quot;,&quot;size&quot;:&quot;30&quot;,&quot;title&quot;:&quot;Powerball Premii, Reguli \\u0026amp; Jackpot&quot;,&quot;width&quot;:&quot;0&quot;,&quot;_legend&quot;:&quot;{score}\\\/{best} - ({count} {votes})&quot;,&quot;font_factor&quot;:&quot;1.25&quot;}'>\n            \n<div class=\"kksr-stars\">\n    \n<div class=\"kksr-stars-inactive\">\n            <div class=\"kksr-star\" data-star=\"1\" style=\"padding-right: 5px\">\n            \n\n<div class=\"kksr-icon\" style=\"width: 30px; height: 30px;\"><\/div>\n        <\/div>\n            <div class=\"kksr-star\" data-star=\"2\" style=\"padding-right: 5px\">\n            \n\n<div class=\"kksr-icon\" style=\"width: 30px; height: 30px;\"><\/div>\n        <\/div>\n            <div class=\"kksr-star\" data-star=\"3\" style=\"padding-right: 5px\">\n            \n\n<div class=\"kksr-icon\" style=\"width: 30px; height: 30px;\"><\/div>\n        <\/div>\n            <div class=\"kksr-star\" data-star=\"4\" style=\"padding-right: 5px\">\n            \n\n<div class=\"kksr-icon\" style=\"width: 30px; height: 30px;\"><\/div>\n        <\/div>\n            <div class=\"kksr-star\" data-star=\"5\" style=\"padding-right: 5px\">\n            \n\n<div class=\"kksr-icon\" style=\"width: 30px; height: 30px;\"><\/div>\n        <\/div>\n    <\/div>\n    \n<div class=\"kksr-stars-active\" style=\"width: 0px;\">\n            <div class=\"kksr-star\" style=\"padding-right: 5px\">\n            \n\n<div class=\"kksr-icon\" style=\"width: 30px; height: 30px;\"><\/div>\n        <\/div>\n            <div class=\"kksr-star\" style=\"padding-right: 5px\">\n            \n\n<div class=\"kksr-icon\" style=\"width: 30px; height: 30px;\"><\/div>\n        <\/div>\n            <div class=\"kksr-star\" style=\"padding-right: 5px\">\n            \n\n<div class=\"kksr-icon\" style=\"width: 30px; height: 30px;\"><\/div>\n        <\/div>\n            <div class=\"kksr-star\" style=\"padding-right: 5px\">\n            \n\n<div class=\"kksr-icon\" style=\"width: 30px; height: 30px;\"><\/div>\n        <\/div>\n            <div class=\"kksr-star\" style=\"padding-right: 5px\">\n            \n\n<div class=\"kksr-icon\" style=\"width: 30px; height: 30px;\"><\/div>\n        <\/div>\n    <\/div>\n<\/div>\n                \n\n<div class=\"kksr-legend\" style=\"font-size: 24px;\">\n            <span class=\"kksr-muted\">Rate this page<\/span>\n    <\/div>\n    <\/div>\n<p>Afl\u0103 mai multe despre premiile Powerball, jackpot \u0219i regulile jocului. Powerball Lotto \u2013 Un joc de noroc sau o loterie este una dintre cele mai populare forme de divertisment prin jocuri de noroc din lume. Cei mai mul\u021bi dintre noi am participat cel pu\u021bin o dat\u0103 la o extragere de loterie. Loteriile sunt jocuri foarte simple \u0219i captivante, cu reguli clare. Absolut nimic complicat nu se afl\u0103 \u00een ele, iar oricine poate \u00eenv\u0103\u021ba regulile oric\u0103rei loterii foarte repede. Dac\u0103 e\u0219ti pasionat de jocuri de numere \u0219i \u00eenc\u0103 mai cau\u021bi o loterie nou\u0103 \u0219i interesant\u0103 pe care s\u0103 o testezi, ar trebui s\u0103 cite\u0219ti \u00een continuare articolul. \u00ce\u021bi vom spune ce este cea mai faimoas\u0103 Powerball lotto din lume, cum func\u021bioneaz\u0103 jocul, \u0219ansele \u0219i riscurile, precum \u0219i c\u00e2t se poate c\u00e2\u0219tiga (premii Powerball \u0219i jackpot).<\/p>\n<h2><img loading=\"lazy\" decoding=\"async\" class=\"alignleft wp-image-252449\" src=\"https:\/\/lottomat.com\/wp-content\/uploads\/2025\/10\/Powerball-jackpot-300x300.webp\" alt=\"Powerball jackpot\" width=\"200\" height=\"200\" srcset=\"https:\/\/lottomat.com\/wp-content\/uploads\/2025\/10\/Powerball-jackpot-300x300.webp 300w, https:\/\/lottomat.com\/wp-content\/uploads\/2025\/10\/Powerball-jackpot-150x150.webp 150w, https:\/\/lottomat.com\/wp-content\/uploads\/2025\/10\/Powerball-jackpot-100x100.webp 100w, https:\/\/lottomat.com\/wp-content\/uploads\/2025\/10\/Powerball-jackpot.webp 400w\" sizes=\"auto, (max-width: 200px) 100vw, 200px\" \/>Ce Este Loteria Powerball?<\/h2>\n<p>Powerball este o loterie american\u0103 care func\u021bioneaz\u0103 din <strong>1988<\/strong>. Obi\u0219nuia s\u0103 fie cunoscut\u0103 sub numele de Lotto America, dar \u00een <strong>1992<\/strong>, numele a fost schimbat \u00een actualul Powerball. Powerball american este una dintre <a href=\"https:\/\/lottomat.com\/ro\/\">cele mai populare loterii din lume<\/a>; are birouri de loterie \u00een SUA \u00een nu mai pu\u021bin de <strong>45 de state<\/strong>, precum \u0219i \u00een Districtul Columbia, Puerto Rico \u0219i Insulele Virgine. Merit\u0103 men\u021bionat faptul c\u0103 loteria a fost un precursor al extragerii din dou\u0103 tobe, ceea ce permitea c\u00e2\u0219tiguri mai mari. Extragerile Powerball lotto au loc \u00een fiecare <strong>luni, miercuri \u0219i s\u00e2mb\u0103t\u0103 la 10:59 PM EST<\/strong>. Studioul Florida Lottery este de obicei locul desf\u0103\u0219ur\u0103rii extragerii. Dac\u0103 nu locuie\u0219ti sau nu te afli \u00een Statele Unite \u0219i nu ai cum s\u0103 <a href=\"https:\/\/lottomat.com\/ro\/joaca\/powerball\/\">cumperi un bilet Powerball lotto online<\/a>, tot ce trebuie s\u0103 faci este s\u0103 folose\u0219ti <strong>site-ul LottoMat<\/strong>. Aici po\u021bi juca Powerball lotto pe Internet, po\u021bi citi articole interesante \u0219i po\u021bi <a href=\"https:\/\/lottomat.com\/ro\/rezultate\/powerball\/\">verifica cele mai recente rezultate ale extragerilor Powerball<\/a>.<\/p>\n<h2>Care Sunt Regulile de Joc ale Loteriei Powerball?<\/h2>\n<p>De la crearea loteriei, regulile s-au schimbat de mai multe ori; de obicei, au fost modernizate pentru a permite juc\u0103torilor s\u0103 c\u00e2\u0219tige premii Powerball mari. Ini\u021bial, trebuia s\u0103 selectezi \u0219apte dintr-un set de 40. Apoi, a fost ad\u0103ugat un al doilea num\u0103r bonus dintr-un set mai mic. Dimensiunea setului s-a schimbat de mai multe ori p\u00e2n\u0103 c\u00e2nd s-a stabilit definitiv s\u0103 fie selectate <strong>cinci numere din 69 \u0219i unul din 26<\/strong> a\u0219a-numite Powerballs. Aceste reguli sunt valabile \u0219i ast\u0103zi. Un num\u0103r din extragerea principal\u0103 poate fi identic cu cel secundar.<\/p>\n<h2>Care Sunt Riscurile \u0219i \u0218ansele de a C\u00e2\u0219tiga Premii Powerball?<\/h2>\n<p>Pe scurt, ele sunt mari. Probabilitatea de a c\u00e2\u0219tiga premiul de primul nivel este de <strong>1:292 milioane<\/strong>. \u0218ansele de a c\u00e2\u0219tiga premiul de al doilea nivel sunt doar <strong>1:11,5 milioane<\/strong>, ceea ce reprezint\u0103 un decalaj uria\u0219, iar \u0219ansele cresc incredibil de mult. Spre compara\u021bie, \u0219ansele de a c\u00e2\u0219tiga la Lotto polonez sunt 1:14 milioane pentru premiul principal. \u00cen Powerball lotto, <strong>1 din fiecare 25 de bilete trimise c\u00e2\u0219tig\u0103<\/strong>. Deci riscul nu este mic, dar nici c\u00e2\u0219tigurile nu sunt mici; de fapt, sunt printre cele mai mari din lume. De aceea, \u00een ciuda unei probabilit\u0103\u021bi at\u00e2t de sc\u0103zute, num\u0103rul persoanelor interesate de Powerball nu scade, ci cre\u0219te ne\u00eentrerupt \u00een fiecare an. Pariul minim Powerball este de <strong>5 dolari<\/strong>, ceea ce este foarte atractiv pentru majoritatea juc\u0103torilor, mai ales av\u00e2nd \u00een vedere c\u00e2\u0219tigurile mari.<\/p>\n<h2><img loading=\"lazy\" decoding=\"async\" class=\"alignright wp-image-252479\" src=\"https:\/\/lottomat.com\/wp-content\/uploads\/2025\/10\/Powerball-prizes-300x300.webp\" alt=\"Powerball premii\" width=\"200\" height=\"200\" srcset=\"https:\/\/lottomat.com\/wp-content\/uploads\/2025\/10\/Powerball-prizes-300x300.webp 300w, https:\/\/lottomat.com\/wp-content\/uploads\/2025\/10\/Powerball-prizes-150x150.webp 150w, https:\/\/lottomat.com\/wp-content\/uploads\/2025\/10\/Powerball-prizes-100x100.webp 100w, https:\/\/lottomat.com\/wp-content\/uploads\/2025\/10\/Powerball-prizes.webp 400w\" sizes=\"auto, (max-width: 200px) 100vw, 200px\" \/><\/h2>\n<h2>Care Sunt Premiile Powerball \u2013 C\u00e2t se Poate C\u00e2\u0219tiga?<\/h2>\n<p>S\u0103 spui c\u0103 Powerball ofer\u0103 c\u00e2\u0219tiguri foarte mari e ca \u0219i cum n-ai spune nimic. Vorbim despre sume uria\u0219e; e greu s\u0103-\u021bi imaginezi ce ai putea face cu un premiu at\u00e2t de mare. Dac\u0103 c\u00e2\u0219tigi, copiii t\u0103i, nepo\u021bii, str\u0103nepo\u021bii \u0219i str\u0103-str\u0103nepo\u021bii nu vor mai trebui s\u0103 munceasc\u0103 niciodat\u0103. Cel mai mic c\u00e2\u0219tig garantat la Powerball este de <strong>20 de milioane de dolari<\/strong>. Ca s\u0103 nu mai vorbim c\u0103 media c\u00e2\u0219tigurilor este de aproximativ 110-120 milioane de dolari. Premiile de nivelul al doilea par mai pu\u021bin atractive. Este un \u201emodest\u201d <strong>un milion de dolari<\/strong>. Totu\u0219i, este suficient s\u0103 alegi cinci numere corecte pentru a deveni un fericit c\u00e2\u0219tig\u0103tor. Totul se schimb\u0103 \u00eens\u0103 c\u00e2nd are loc un rollover. Oh, da! Un jackpot rollover la Powerball este o adev\u0103rat\u0103 nebunie.<\/p>\n<h2>Cum Sunt Rollovers la Powerball?<\/h2>\n<p>Ceea ce diferen\u021biaz\u0103 \u00een primul r\u00e2nd Powerball de, de exemplu, loteria polonez\u0103 Lotto sunt rollovers masive, care \u00ee\u021bi fac inima s\u0103 bat\u0103 mai repede, iar jackpoturile care vin odat\u0103 cu ele sunt uluitor de mari. Cum s\u0103 nu creasc\u0103 emo\u021biile c\u00e2nd Powerball <strong>nu are nicio limit\u0103 superioar\u0103 pentru rollover<\/strong>? Asta \u00eenseamn\u0103 c\u0103, dac\u0103 juc\u0103torii au noroc \u0219i de mai multe ori nimeni nu c\u00e2\u0219tig\u0103 premiul principal, fondul se acumuleaz\u0103 p\u00e2n\u0103 c\u00e2nd sunt extrase numerele corecte. Un jackpot rollover la loto este de obicei \u00eemp\u0103r\u021bit \u00eentre mai mul\u021bi juc\u0103tori, ceea ce \u00eenseamn\u0103 c\u0103 premiul este \u00eemp\u0103r\u021bit propor\u021bional \u00eentre ei. Dar s-a \u00eent\u00e2mplat de mai multe ori \u00een istoria Powerball ca doar o singur\u0103 persoan\u0103 s\u0103 aleag\u0103 numerele extrase \u0219i s\u0103 c\u00e2\u0219tige \u00eentregul jackpot doar pentru ea.<\/p>\n<h2>Care a Fost C\u00e2\u0219tigul Record \u00een Loteria Powerball?<img loading=\"lazy\" decoding=\"async\" class=\"alignleft wp-image-252509\" src=\"https:\/\/lottomat.com\/wp-content\/uploads\/2025\/10\/Powerball-rules-300x300.webp\" alt=\"Powerball reguli\" width=\"200\" height=\"200\" srcset=\"https:\/\/lottomat.com\/wp-content\/uploads\/2025\/10\/Powerball-rules-300x300.webp 300w, https:\/\/lottomat.com\/wp-content\/uploads\/2025\/10\/Powerball-rules-150x150.webp 150w, https:\/\/lottomat.com\/wp-content\/uploads\/2025\/10\/Powerball-rules-100x100.webp 100w, https:\/\/lottomat.com\/wp-content\/uploads\/2025\/10\/Powerball-rules.webp 400w\" sizes=\"auto, (max-width: 200px) 100vw, 200px\" \/><\/h2>\n<p>Jackpotul record din istoria Powerball a fost c\u00e2\u0219tigat pe <strong>7 noiembrie 2022<\/strong>, ating\u00e2nd incredibila sum\u0103 de <strong>2,04 miliarde de dolari<\/strong> cu o valoare cash de <strong>997,6 milioane de dolari<\/strong>. Acesta r\u0103m\u00e2ne cel mai mare jackpot de loterie c\u00e2\u0219tigat vreodat\u0103 \u00een lume. Biletul c\u00e2\u0219tig\u0103tor a fost v\u00e2ndut \u00een California \u0219i a fost revendicat de un singur c\u00e2\u0219tig\u0103tor. Al doilea cel mai mare jackpot Powerball a fost de <strong>1,787 miliarde de dolari<\/strong>, c\u00e2\u0219tigat \u00een septembrie 2025 prin bilete v\u00e2ndute \u00een Missouri \u0219i Texas.<\/p>\n<h2>Cine Poate Juca Powerball \u0219i C\u00e2\u0219tiga Premii Powerball?<\/h2>\n<p>Toat\u0103 lumea are \u0219ansa de a juca at\u00e2ta timp c\u00e2t este adult\u0103. Nu cu mult timp \u00een urm\u0103, Powerball era disponibil doar americanilor sau oricui pe teritoriul Statelor Unite care putea folosi un birou de loterie. Acum, totul este diferit. \u0218i toate acestea datorit\u0103 loteriilor online \u0219i <a href=\"https:\/\/lottomat.com\/ro\/\"><strong>site-ului LottoMat<\/strong><\/a>. Nu conteaz\u0103 dac\u0103 locuie\u0219ti \u00een Africa, Asia sau Europa. Sau dac\u0103 stai la birou, e\u0219ti \u00eentins \u00een pat, alergi sau te relaxezi \u00een curte. Po\u021bi juca Powerball \u0219i c\u00e2\u0219tiga jackpotul Powerball oriunde. Loteriile online au devenit incredibil de populare; majoritatea juc\u0103torilor folosesc acest tip de solu\u021bie deoarece este convenabil. Tot ce \u00ee\u021bi trebuie este <strong>acces la Internet<\/strong>. Acesta le ofer\u0103 juc\u0103torilor mult\u0103 libertate \u00een \u00eentreaga lume.<\/p>\n<h2>Cum s\u0103 Joci Powerball pe Internet?<\/h2>\n<p>Tot ce trebuie s\u0103 faci este s\u0103 te conectezi la <strong>site-ul LottoMat<\/strong> \u0219i s\u0103 completezi un bilet cu numerele tale preferate. At\u00e2t. Apoi a\u0219tep\u021bi extragerea \u0219i verifici rezultatele Powerball. Acestea sunt de asemenea u\u0219or de g\u0103sit pe site-ul nostru. A juca Powerball pe Internet este incredibil de simplu \u0219i ofer\u0103 foarte mult\u0103 emo\u021bie.<\/p>\n<h2>C\u00e2nd au Loc Extragerile Powerball Lotto?<\/h2>\n<p>Extragerile Powerball au loc <strong>de trei ori pe s\u0103pt\u0103m\u00e2n\u0103 \u2013 luni, miercuri \u0219i s\u00e2mb\u0103t\u0103<\/strong>. Cau\u021bi emo\u021bii puternice \u0219i c\u00e2\u0219tiguri fantastice? Joac\u0103 Powerball lotto online \u2013 rapid, convenabil \u0219i f\u0103r\u0103 s\u0103 ie\u0219i din cas\u0103. Mult noroc!<\/p>\n<h2>Tabel Premii Powerball \u0219i \u0218anse de C\u00e2\u0219tig<\/h2>\n","protected":false},"excerpt":{"rendered":"<p>Afl\u0103 mai multe despre premiile Powerball, jackpot \u0219i regulile jocului. Powerball Lotto \u2013 Un joc de noroc sau o loterie este una dintre cele mai populare forme de divertisment prin jocuri de noroc din lume. Cei mai mul\u021bi dintre noi am participat cel pu\u021bin o dat\u0103 la o extragere de loterie. Loteriile sunt jocuri foarte [&hellip;]<\/p>\n","protected":false},"author":1,"featured_media":0,"parent":6914,"menu_order":1,"comment_status":"closed","ping_status":"closed","template":"powerball-usa-info.php","meta":{"_et_pb_use_builder":"","_et_pb_old_content":"","_et_gb_content_width":"","exclude_from_search":false,"footnotes":""},"class_list":["post-10623","page","type-page","status-publish","hentry"],"yoast_head":"<!-- This site is optimized with the Yoast SEO plugin v23.8 - https:\/\/yoast.com\/wordpress\/plugins\/seo\/ -->\n<title>Powerball Premii, Reguli &amp; Jackpot - Lottomat Rom\u00e2nia<\/title>\n<meta name=\"description\" content=\"Verific\u0103 Powerball premii, jackpotul \u0219i regulile Powerball. Afl\u0103 mai multe despre \u0219ansele tale de c\u00e2\u0219tig \u00een aceast\u0103 loterie american\u0103.\" \/>\n<meta name=\"robots\" content=\"index, follow, max-snippet:-1, max-image-preview:large, max-video-preview:-1\" \/>\n<link rel=\"canonical\" href=\"https:\/\/lottomat.com\/ro\/informatie\/powerball\/\" \/>\n<meta property=\"og:locale\" content=\"ro_RO\" \/>\n<meta property=\"og:type\" content=\"article\" \/>\n<meta property=\"og:title\" content=\"Powerball Premii, Reguli &amp; Jackpot - Lottomat Rom\u00e2nia\" \/>\n<meta property=\"og:description\" content=\"Verific\u0103 Powerball premii, jackpotul \u0219i regulile Powerball. Afl\u0103 mai multe despre \u0219ansele tale de c\u00e2\u0219tig \u00een aceast\u0103 loterie american\u0103.\" \/>\n<meta property=\"og:url\" content=\"https:\/\/lottomat.com\/ro\/informatie\/powerball\/\" \/>\n<meta property=\"og:site_name\" content=\"Lottomat\" \/>\n<meta property=\"article:modified_time\" content=\"2026-03-01T18:48:09+00:00\" \/>\n<meta property=\"og:image\" content=\"https:\/\/lottomat.com\/wp-content\/uploads\/2025\/10\/Powerball-jackpot.webp\" \/>\n\t<meta property=\"og:image:width\" content=\"400\" \/>\n\t<meta property=\"og:image:height\" content=\"400\" \/>\n\t<meta property=\"og:image:type\" content=\"image\/webp\" \/>\n<meta name=\"twitter:card\" content=\"summary_large_image\" \/>\n<meta name=\"twitter:label1\" content=\"Timp estimat pentru citire\" \/>\n\t<meta name=\"twitter:data1\" content=\"6 minute\" \/>\n<script type=\"application\/ld+json\" class=\"yoast-schema-graph\">{\"@context\":\"https:\/\/schema.org\",\"@graph\":[{\"@type\":\"WebPage\",\"@id\":\"https:\/\/lottomat.com\/ro\/informatie\/powerball\/\",\"url\":\"https:\/\/lottomat.com\/ro\/informatie\/powerball\/\",\"name\":\"Powerball Premii, Reguli & Jackpot - Lottomat Rom\u00e2nia\",\"isPartOf\":{\"@id\":\"https:\/\/lottomat.com\/ro\/#website\"},\"primaryImageOfPage\":{\"@id\":\"https:\/\/lottomat.com\/ro\/informatie\/powerball\/#primaryimage\"},\"image\":{\"@id\":\"https:\/\/lottomat.com\/ro\/informatie\/powerball\/#primaryimage\"},\"thumbnailUrl\":\"https:\/\/lottomat.com\/wp-content\/uploads\/2025\/10\/Powerball-jackpot-300x300.webp\",\"datePublished\":\"2025-03-26T10:16:37+00:00\",\"dateModified\":\"2026-03-01T18:48:09+00:00\",\"description\":\"Verific\u0103 Powerball premii, jackpotul \u0219i regulile Powerball. Afl\u0103 mai multe despre \u0219ansele tale de c\u00e2\u0219tig \u00een aceast\u0103 loterie american\u0103.\",\"breadcrumb\":{\"@id\":\"https:\/\/lottomat.com\/ro\/informatie\/powerball\/#breadcrumb\"},\"inLanguage\":\"ro-RO\",\"potentialAction\":[{\"@type\":\"ReadAction\",\"target\":[\"https:\/\/lottomat.com\/ro\/informatie\/powerball\/\"]}]},{\"@type\":\"ImageObject\",\"inLanguage\":\"ro-RO\",\"@id\":\"https:\/\/lottomat.com\/ro\/informatie\/powerball\/#primaryimage\",\"url\":\"https:\/\/lottomat.com\/wp-content\/uploads\/2025\/10\/Powerball-jackpot-300x300.webp\",\"contentUrl\":\"https:\/\/lottomat.com\/wp-content\/uploads\/2025\/10\/Powerball-jackpot-300x300.webp\"},{\"@type\":\"BreadcrumbList\",\"@id\":\"https:\/\/lottomat.com\/ro\/informatie\/powerball\/#breadcrumb\",\"itemListElement\":[{\"@type\":\"ListItem\",\"position\":1,\"name\":\"Home\",\"item\":\"https:\/\/lottomat.com\/ro\/\"},{\"@type\":\"ListItem\",\"position\":2,\"name\":\"Reguli Loterie: Premii, Jackpot \u0219i \u0218anse\",\"item\":\"https:\/\/lottomat.com\/ro\/informatie\/\"},{\"@type\":\"ListItem\",\"position\":3,\"name\":\"Powerball Premii, Reguli &#038; Jackpot\"}]},{\"@type\":\"WebSite\",\"@id\":\"https:\/\/lottomat.com\/ro\/#website\",\"url\":\"https:\/\/lottomat.com\/ro\/\",\"name\":\"Lottomat\",\"description\":\"\",\"potentialAction\":[{\"@type\":\"SearchAction\",\"target\":{\"@type\":\"EntryPoint\",\"urlTemplate\":\"https:\/\/lottomat.com\/ro\/?s={search_term_string}\"},\"query-input\":{\"@type\":\"PropertyValueSpecification\",\"valueRequired\":true,\"valueName\":\"search_term_string\"}}],\"inLanguage\":\"ro-RO\"}]}<\/script>\n<!-- \/ Yoast SEO plugin. -->","yoast_head_json":{"title":"Powerball Premii, Reguli & Jackpot - Lottomat Rom\u00e2nia","description":"Verific\u0103 Powerball premii, jackpotul \u0219i regulile Powerball. Afl\u0103 mai multe despre \u0219ansele tale de c\u00e2\u0219tig \u00een aceast\u0103 loterie american\u0103.","robots":{"index":"index","follow":"follow","max-snippet":"max-snippet:-1","max-image-preview":"max-image-preview:large","max-video-preview":"max-video-preview:-1"},"canonical":"https:\/\/lottomat.com\/ro\/informatie\/powerball\/","og_locale":"ro_RO","og_type":"article","og_title":"Powerball Premii, Reguli & Jackpot - Lottomat Rom\u00e2nia","og_description":"Verific\u0103 Powerball premii, jackpotul \u0219i regulile Powerball. Afl\u0103 mai multe despre \u0219ansele tale de c\u00e2\u0219tig \u00een aceast\u0103 loterie american\u0103.","og_url":"https:\/\/lottomat.com\/ro\/informatie\/powerball\/","og_site_name":"Lottomat","article_modified_time":"2026-03-01T18:48:09+00:00","og_image":[{"width":400,"height":400,"url":"https:\/\/lottomat.com\/wp-content\/uploads\/2025\/10\/Powerball-jackpot.webp","type":"image\/webp"}],"twitter_card":"summary_large_image","twitter_misc":{"Timp estimat pentru citire":"6 minute"},"schema":{"@context":"https:\/\/schema.org","@graph":[{"@type":"WebPage","@id":"https:\/\/lottomat.com\/ro\/informatie\/powerball\/","url":"https:\/\/lottomat.com\/ro\/informatie\/powerball\/","name":"Powerball Premii, Reguli & Jackpot - Lottomat Rom\u00e2nia","isPartOf":{"@id":"https:\/\/lottomat.com\/ro\/#website"},"primaryImageOfPage":{"@id":"https:\/\/lottomat.com\/ro\/informatie\/powerball\/#primaryimage"},"image":{"@id":"https:\/\/lottomat.com\/ro\/informatie\/powerball\/#primaryimage"},"thumbnailUrl":"https:\/\/lottomat.com\/wp-content\/uploads\/2025\/10\/Powerball-jackpot-300x300.webp","datePublished":"2025-03-26T10:16:37+00:00","dateModified":"2026-03-01T18:48:09+00:00","description":"Verific\u0103 Powerball premii, jackpotul \u0219i regulile Powerball. Afl\u0103 mai multe despre \u0219ansele tale de c\u00e2\u0219tig \u00een aceast\u0103 loterie american\u0103.","breadcrumb":{"@id":"https:\/\/lottomat.com\/ro\/informatie\/powerball\/#breadcrumb"},"inLanguage":"ro-RO","potentialAction":[{"@type":"ReadAction","target":["https:\/\/lottomat.com\/ro\/informatie\/powerball\/"]}]},{"@type":"ImageObject","inLanguage":"ro-RO","@id":"https:\/\/lottomat.com\/ro\/informatie\/powerball\/#primaryimage","url":"https:\/\/lottomat.com\/wp-content\/uploads\/2025\/10\/Powerball-jackpot-300x300.webp","contentUrl":"https:\/\/lottomat.com\/wp-content\/uploads\/2025\/10\/Powerball-jackpot-300x300.webp"},{"@type":"BreadcrumbList","@id":"https:\/\/lottomat.com\/ro\/informatie\/powerball\/#breadcrumb","itemListElement":[{"@type":"ListItem","position":1,"name":"Home","item":"https:\/\/lottomat.com\/ro\/"},{"@type":"ListItem","position":2,"name":"Reguli Loterie: Premii, Jackpot \u0219i \u0218anse","item":"https:\/\/lottomat.com\/ro\/informatie\/"},{"@type":"ListItem","position":3,"name":"Powerball Premii, Reguli &#038; Jackpot"}]},{"@type":"WebSite","@id":"https:\/\/lottomat.com\/ro\/#website","url":"https:\/\/lottomat.com\/ro\/","name":"Lottomat","description":"","potentialAction":[{"@type":"SearchAction","target":{"@type":"EntryPoint","urlTemplate":"https:\/\/lottomat.com\/ro\/?s={search_term_string}"},"query-input":{"@type":"PropertyValueSpecification","valueRequired":true,"valueName":"search_term_string"}}],"inLanguage":"ro-RO"}]}},"_links":{"self":[{"href":"https:\/\/lottomat.com\/ro\/wp-json\/wp\/v2\/pages\/10623","targetHints":{"allow":["GET"]}}],"collection":[{"href":"https:\/\/lottomat.com\/ro\/wp-json\/wp\/v2\/pages"}],"about":[{"href":"https:\/\/lottomat.com\/ro\/wp-json\/wp\/v2\/types\/page"}],"author":[{"embeddable":true,"href":"https:\/\/lottomat.com\/ro\/wp-json\/wp\/v2\/users\/1"}],"replies":[{"embeddable":true,"href":"https:\/\/lottomat.com\/ro\/wp-json\/wp\/v2\/comments?post=10623"}],"version-history":[{"count":5,"href":"https:\/\/lottomat.com\/ro\/wp-json\/wp\/v2\/pages\/10623\/revisions"}],"predecessor-version":[{"id":272265,"href":"https:\/\/lottomat.com\/ro\/wp-json\/wp\/v2\/pages\/10623\/revisions\/272265"}],"up":[{"embeddable":true,"href":"https:\/\/lottomat.com\/ro\/wp-json\/wp\/v2\/pages\/6914"}],"wp:attachment":[{"href":"https:\/\/lottomat.com\/ro\/wp-json\/wp\/v2\/media?parent=10623"}],"curies":[{"name":"wp","href":"https:\/\/api.w.org\/{rel}","templated":true}]}}