{"id":10564,"date":"2025-03-26T13:41:46","date_gmt":"2025-03-26T13:41:46","guid":{"rendered":"https:\/\/lottomat.net\/informatii-despre-loterie\/informatii-despre-mega-millions\/"},"modified":"2026-03-01T19:32:40","modified_gmt":"2026-03-01T19:32:40","slug":"mega-millions","status":"publish","type":"page","link":"https:\/\/lottomat.com\/ro\/informatie\/mega-millions\/","title":{"rendered":"Mega Millions Premii, Reguli &#038; Jackpot"},"content":{"rendered":"\n\n<div class=\"kk-star-ratings kksr-auto kksr-align-left kksr-valign-top\"\n    data-payload='{&quot;align&quot;:&quot;left&quot;,&quot;id&quot;:&quot;10564&quot;,&quot;slug&quot;:&quot;default&quot;,&quot;valign&quot;:&quot;top&quot;,&quot;ignore&quot;:&quot;&quot;,&quot;reference&quot;:&quot;auto&quot;,&quot;class&quot;:&quot;&quot;,&quot;count&quot;:&quot;0&quot;,&quot;legendonly&quot;:&quot;&quot;,&quot;readonly&quot;:&quot;&quot;,&quot;score&quot;:&quot;0&quot;,&quot;starsonly&quot;:&quot;&quot;,&quot;best&quot;:&quot;5&quot;,&quot;gap&quot;:&quot;5&quot;,&quot;greet&quot;:&quot;Rate this page&quot;,&quot;legend&quot;:&quot;0\\\/5 - (0 votes)&quot;,&quot;size&quot;:&quot;30&quot;,&quot;title&quot;:&quot;Mega Millions Premii, Reguli \\u0026amp; Jackpot&quot;,&quot;width&quot;:&quot;0&quot;,&quot;_legend&quot;:&quot;{score}\\\/{best} - ({count} {votes})&quot;,&quot;font_factor&quot;:&quot;1.25&quot;}'>\n            \n<div class=\"kksr-stars\">\n    \n<div class=\"kksr-stars-inactive\">\n            <div class=\"kksr-star\" data-star=\"1\" style=\"padding-right: 5px\">\n            \n\n<div class=\"kksr-icon\" style=\"width: 30px; height: 30px;\"><\/div>\n        <\/div>\n            <div class=\"kksr-star\" data-star=\"2\" style=\"padding-right: 5px\">\n            \n\n<div class=\"kksr-icon\" style=\"width: 30px; height: 30px;\"><\/div>\n        <\/div>\n            <div class=\"kksr-star\" data-star=\"3\" style=\"padding-right: 5px\">\n            \n\n<div class=\"kksr-icon\" style=\"width: 30px; height: 30px;\"><\/div>\n        <\/div>\n            <div class=\"kksr-star\" data-star=\"4\" style=\"padding-right: 5px\">\n            \n\n<div class=\"kksr-icon\" style=\"width: 30px; height: 30px;\"><\/div>\n        <\/div>\n            <div class=\"kksr-star\" data-star=\"5\" style=\"padding-right: 5px\">\n            \n\n<div class=\"kksr-icon\" style=\"width: 30px; height: 30px;\"><\/div>\n        <\/div>\n    <\/div>\n    \n<div class=\"kksr-stars-active\" style=\"width: 0px;\">\n            <div class=\"kksr-star\" style=\"padding-right: 5px\">\n            \n\n<div class=\"kksr-icon\" style=\"width: 30px; height: 30px;\"><\/div>\n        <\/div>\n            <div class=\"kksr-star\" style=\"padding-right: 5px\">\n            \n\n<div class=\"kksr-icon\" style=\"width: 30px; height: 30px;\"><\/div>\n        <\/div>\n            <div class=\"kksr-star\" style=\"padding-right: 5px\">\n            \n\n<div class=\"kksr-icon\" style=\"width: 30px; height: 30px;\"><\/div>\n        <\/div>\n            <div class=\"kksr-star\" style=\"padding-right: 5px\">\n            \n\n<div class=\"kksr-icon\" style=\"width: 30px; height: 30px;\"><\/div>\n        <\/div>\n            <div class=\"kksr-star\" style=\"padding-right: 5px\">\n            \n\n<div class=\"kksr-icon\" style=\"width: 30px; height: 30px;\"><\/div>\n        <\/div>\n    <\/div>\n<\/div>\n                \n\n<div class=\"kksr-legend\" style=\"font-size: 24px;\">\n            <span class=\"kksr-muted\">Rate this page<\/span>\n    <\/div>\n    <\/div>\n<p><strong>Vrei s\u0103 c\u00e2\u0219tigi premiile \u0219i jackpoturile Mega Millions?<\/strong> Juc\u0103tori din \u00eentreaga lume se \u00eentreab\u0103 mereu cum s\u0103 descifreze sistemul jocurilor de numere, la ce loterie s\u0103 parieze, dac\u0103 s\u0103 joace combina\u021bii sau s\u0103 r\u0103m\u00e2n\u0103 consecven\u021bi doar cu un singur joc. Din p\u0103cate, nu exist\u0103 un r\u0103spuns unic \u0219i universal la aceast\u0103 \u00eentrebare. Fiecare juc\u0103tor experimentat are teoriile, credin\u021bele \u0219i obiceiurile sale. Ce se poate face, \u00een primul r\u00e2nd, este s\u0103 \u00eenve\u021bi c\u00e2t mai multe despre diversele loterii online pentru a lua o decizie informat\u0103 despre ce s\u0103 joci. Tot ce trebuie s\u0103 \u0219tii despre cele mai bune \u0219i populare jocuri de noroc online g\u0103se\u0219ti pe site-ul LottoMat. Tot acolo po\u021bi s\u0103 joci loteria preferat\u0103 sau s\u0103 <a href=\"https:\/\/lottomat.com\/ro\/rezultate\/\">verifici cele mai recente rezultate ale tragerilor<\/a>. \u00cen articolul de mai jos, ne vom concentra pe premiile, regulile \u0219i informa\u021biile esen\u021biale legate de Mega Millions.<\/p>\n<h2>Ce este Loteria Mega Millions?<img loading=\"lazy\" decoding=\"async\" class=\"alignright wp-image-253136\" src=\"https:\/\/lottomat.com\/wp-content\/uploads\/2025\/10\/prizes-and-jackpot.webp\" alt=\"premii \u0219i jackpot\" width=\"200\" height=\"200\" srcset=\"https:\/\/lottomat.com\/wp-content\/uploads\/2025\/10\/prizes-and-jackpot.webp 400w, https:\/\/lottomat.com\/wp-content\/uploads\/2025\/10\/prizes-and-jackpot-300x300.webp 300w, https:\/\/lottomat.com\/wp-content\/uploads\/2025\/10\/prizes-and-jackpot-150x150.webp 150w, https:\/\/lottomat.com\/wp-content\/uploads\/2025\/10\/prizes-and-jackpot-100x100.webp 100w\" sizes=\"auto, (max-width: 200px) 100vw, 200px\" \/><\/h2>\n<p>Mega Millions online, al\u0103turi de jocul Powerball, este cea mai popular\u0103 loterie american\u0103 de tip extragere de numere. \u0218i-a c\u00e2\u0219tigat popularitatea datorit\u0103 regulilor simple \u0219i clare, c\u00e2\u0219tigurilor astronomice \u0219i, mai ales, \u0219anselor incredibile de c\u00e2\u0219tig. Emo\u021bii nemaiv\u0103zute \u00eenso\u021besc fiecare extragere, iar c\u00e2nd exist\u0103 un jackpot Mega Millions, nu doar juc\u0103torii se entuziasmeaz\u0103, ci \u0219i cei care nici m\u0103car nu particip\u0103 la joc.<\/p>\n<p>Biletele pentru aceast\u0103 loterie sunt cump\u0103rate de aproape fiecare american, chiar \u0219i de cei care nu sunt interesa\u021bi \u00een mod normal de jocurile de noroc. Jackpoturile nu st\u00e2rnesc emo\u021bii doar \u00een SUA, ci jocul este popular la nivel mondial. Datorit\u0103 posibilit\u0103\u021bii de a <a href=\"https:\/\/lottomat.com\/ro\/joaca\/mega-millions\/\">juca Mega Millions online<\/a>, orice adult poate participa la aceast\u0103 loterie incredibil\u0103, indiferent de locul \u00een care se afl\u0103.<\/p>\n<h2>Care este Istoria Mega Millions?<\/h2>\n<p>Aceast\u0103 loterie a fost fondat\u0103 \u00een 1996 \u0219i se numea ini\u021bial The Big Game, nume care a fost schimbat \u0219ase ani mai t\u00e2rziu \u00een cel pe care \u00eel cunoa\u0219tem ast\u0103zi: Mega Millions. La \u00eenceput, era disponibil\u0103 doar \u00een \u0219ase state: Georgia, Maryland, Illinois, Massachusetts, Virginia \u0219i Michigan. \u00cen prezent, Mega Millions are birouri de loterie \u00een <strong>45 de state, Districtul Columbia \u0219i Insulele Virgine Americane<\/strong>. O extragere Mega Millions are loc \u00een fiecare <strong>miercuri \u0219i s\u00e2mb\u0103t\u0103 seara, la ora 03:00 UTC<\/strong>, inclusiv \u00een zilele de s\u0103rb\u0103toare observate de Loteria Georgia. Extragerile pentru premiile Mega Millions \u0219i jackpotul principal au loc \u00een statul Georgia, mai exact \u00een Atlanta.<\/p>\n<h2><img loading=\"lazy\" decoding=\"async\" class=\"alignleft wp-image-253166\" src=\"https:\/\/lottomat.com\/wp-content\/uploads\/2025\/10\/Mega-Millions-jackpot.webp\" alt=\"jackpot Mega Millions\" width=\"200\" height=\"200\" srcset=\"https:\/\/lottomat.com\/wp-content\/uploads\/2025\/10\/Mega-Millions-jackpot.webp 400w, https:\/\/lottomat.com\/wp-content\/uploads\/2025\/10\/Mega-Millions-jackpot-300x300.webp 300w, https:\/\/lottomat.com\/wp-content\/uploads\/2025\/10\/Mega-Millions-jackpot-150x150.webp 150w, https:\/\/lottomat.com\/wp-content\/uploads\/2025\/10\/Mega-Millions-jackpot-100x100.webp 100w\" sizes=\"auto, (max-width: 200px) 100vw, 200px\" \/>Care sunt regulile Mega Millions?<\/h2>\n<p>Regulile actuale Mega Millions sunt simple, asem\u0103n\u0103toare cu cele din alte loterii. Pentru a juca, trebuie s\u0103 alegi <strong>cinci numere dintr-un total de 70<\/strong> \u0219i un num\u0103r suplimentar (denumit Mega Ball) dintr-un <strong>set de 24 de bile aurii<\/strong>. Num\u0103rul suplimentar, Mega Ball, este extras dintr-un al doilea set de numere, astfel \u00eenc\u00e2t poate s\u0103 coincid\u0103 cu unul dintre numerele principale extrase.<\/p>\n<h3>Modific\u0103ri importante \u00een 2025<\/h3>\n<ul class=\"list\">\n<li><strong>Pre\u021bul biletului:<\/strong> Acum cost\u0103 5$ per joc (crescut de la 2$)<\/li>\n<li><strong>Multiplicator inclus:<\/strong> Fiecare bilet include automat un multiplicator (2X, 3X, 4X, 5X sau 10X)<\/li>\n<li><strong>Jackpot de start:<\/strong> A crescut de la 20 milioane $ la 50 milioane $<\/li>\n<li><strong>\u0218anse mai bune:<\/strong> \u0218ansele pentru jackpot s-au \u00eembun\u0103t\u0103\u021bit de la 1 din 302.575.350 la 1 din 290.472.336<\/li>\n<li><strong>Setul Mega Ball:<\/strong> A sc\u0103zut de la 25 la 24 de numere<\/li>\n<\/ul>\n<p><strong>Nimerirea tuturor celor \u0219ase numere<\/strong> \u00ee\u021bi aduce premiul principal. <strong>Premiile de nivel secundar variaz\u0103 \u00eentre 2 milioane $ \u0219i 10 milioane $<\/strong> (\u00een func\u021bie de multiplicator), iar juc\u0103torii pot c\u00e2\u0219tiga ghicind cinci numere de baz\u0103 din setul mare. <strong>Diferen\u021be colosale separ\u0103<\/strong> premiile de nivelul \u00eent\u00e2i de cele de nivel secund! Dac\u0103 se dovede\u0219te c\u0103 nimeni nu a ghicit toate numerele dup\u0103 o extragere, are loc un rollover. Jackpotul la un rollover Mega Millions poate atinge sume incredibil de mari. Este, \u00een principal, o idee bun\u0103 s\u0103 cumperi bilete Mega Millions online \u00een timpul unui rollover.<\/p>\n<h2>Care sunt cele mai mari jackpoturi Mega Millions din istorie?<img loading=\"lazy\" decoding=\"async\" class=\"alignright wp-image-253196\" src=\"https:\/\/lottomat.com\/wp-content\/uploads\/2025\/10\/rules-of-playing.webp\" alt=\"reguli de joc\" width=\"200\" height=\"200\" srcset=\"https:\/\/lottomat.com\/wp-content\/uploads\/2025\/10\/rules-of-playing.webp 400w, https:\/\/lottomat.com\/wp-content\/uploads\/2025\/10\/rules-of-playing-300x300.webp 300w, https:\/\/lottomat.com\/wp-content\/uploads\/2025\/10\/rules-of-playing-150x150.webp 150w, https:\/\/lottomat.com\/wp-content\/uploads\/2025\/10\/rules-of-playing-100x100.webp 100w\" sizes=\"auto, (max-width: 200px) 100vw, 200px\" \/><\/h2>\n<p>Cele mai mari cinci jackpoturi Mega Millions c\u00e2\u0219tigate vreodat\u0103 sunt:<\/p>\n<ol class=\"list\">\n<li><strong>1,602 miliarde $<\/strong> (8 august 2023) \u2013 c\u00e2\u0219tigat \u00een Florida<\/li>\n<li><strong>1,537 miliarde $<\/strong> (23 octombrie 2018) \u2013 c\u00e2\u0219tigat \u00een Carolina de Sud<\/li>\n<li><strong>1,35 miliarde $<\/strong> (13 ianuarie 2023) \u2013 c\u00e2\u0219tigat \u00een Maine<\/li>\n<li><strong>1,337 miliarde $<\/strong> (29 iulie 2022) \u2013 c\u00e2\u0219tigat \u00een Illinois<\/li>\n<li><strong>1,22 miliarde $<\/strong> (27 decembrie 2024) \u2013 c\u00e2\u0219tigat \u00een California<\/li>\n<\/ol>\n<p>Aceste jackpoturi record demonstreaz\u0103 poten\u021bialul incredibil al rollover-urilor Mega Millions \u0219i arat\u0103 cum jocul a produs unele dintre cele mai mari premii de loterie din istoria mondial\u0103.<\/p>\n<h2>Care este riscul de a juca Mega Millions?<\/h2>\n<p>Se spune adesea c\u0103 \u201enu exist\u0103 distrac\u021bie f\u0103r\u0103 risc\u201d, \u0219i este adev\u0103rat. \u00cen cazul Mega Millions, acest proverb cap\u0103t\u0103 o semnifica\u021bie special\u0103. Iar riscul este, din p\u0103cate, uria\u0219. \u0218ansele de a c\u00e2\u0219tiga jackpotul Mega Millions \u0219i de a ghici toate cele \u0219ase numere sunt de <strong>1 la 290.472.336<\/strong> (\u00eencep\u00e2nd cu 2025). O probabilitate at\u00e2t de mic\u0103 \u00eei poate descuraja pe mul\u021bi juc\u0103tori, dar Mega Millions are totu\u0219i entuzia\u0219tii s\u0103i fideli. Riscul este, f\u0103r\u0103 \u00eendoial\u0103, mare, dar asumarea lui poate fi extrem de profitabil\u0103. Mega Millions este un joc pentru juc\u0103torii curajo\u0219i, care joac\u0103 hot\u0103r\u00e2t \u0219i urm\u0103resc s\u0103 c\u00e2\u0219tige milioane. Juc\u0103torii care prefer\u0103 s\u0103 fie pruden\u021bi \u0219i s\u0103 \u00ee\u0219i asume riscuri mici nu vor fi probabil interesa\u021bi de Mega Millions. Din fericire, pe <a href=\"https:\/\/lottomat.com\/ro\/\">site-ul LottoMat<\/a>, fiecare poate g\u0103si loteria online care i se potrive\u0219te cel mai bine.<\/p>\n<h2><img loading=\"lazy\" decoding=\"async\" class=\"alignleft wp-image-253226\" src=\"https:\/\/lottomat.com\/wp-content\/uploads\/2025\/10\/Mega-Millions-rules.webp\" alt=\"reguli Mega Millions\" width=\"200\" height=\"200\" srcset=\"https:\/\/lottomat.com\/wp-content\/uploads\/2025\/10\/Mega-Millions-rules.webp 400w, https:\/\/lottomat.com\/wp-content\/uploads\/2025\/10\/Mega-Millions-rules-300x300.webp 300w, https:\/\/lottomat.com\/wp-content\/uploads\/2025\/10\/Mega-Millions-rules-150x150.webp 150w, https:\/\/lottomat.com\/wp-content\/uploads\/2025\/10\/Mega-Millions-rules-100x100.webp 100w\" sizes=\"auto, (max-width: 200px) 100vw, 200px\" \/>Care sunt premiile Mega Millions \u0219i c\u00e2t po\u021bi c\u00e2\u0219tiga?<\/h2>\n<p>Valoarea garantat\u0103 pentru premiul de nivelul \u00eent\u00e2i este acum de <strong>50 milioane $<\/strong> ca jackpot de start, semnificativ mai mare dec\u00e2t pragurile anterioare de 15 milioane $ \u0219i apoi 20 milioane $. Aceast\u0103 schimbare a f\u0103cut jocul \u0219i mai intens \u0219i mai atractiv pentru juc\u0103tori. Mega Millions ofer\u0103 nou\u0103 categorii diferite de premii, de la nimerirea doar a Mega Ball p\u00e2n\u0103 la c\u00e2\u0219tigarea jackpotului complet. Formatul din 2025 include o <strong>func\u021bie de multiplicator integrat\u0103<\/strong>, care poate cre\u0219te premiile non-jackpot de 2, 3, 4, 5 sau 10 ori fa\u021b\u0103 de suma de baz\u0103. Asta \u00eenseamn\u0103 c\u0103 \u0219i c\u00e2\u0219tigurile mai mici pot deveni premii considerabile.<\/p>\n<p>Premiul de nivel secund (cinci numere principale f\u0103r\u0103 Mega Ball) poate varia acum \u00eentre <strong>2 milioane $ \u0219i 10 milioane $<\/strong>, \u00een func\u021bie de multiplicatorul extras. Toate celelalte niveluri de premii beneficiaz\u0103, de asemenea, de aceast\u0103 func\u021bie de multiplicare automat\u0103, ceea ce face ca fiecare bilet s\u0103 fie poten\u021bial mai valoros dec\u00e2t \u00eenainte.<\/p>\n<h2>Cine poate juca Mega Millions \u0219i c\u00e2\u0219tiga premii?<\/h2>\n<p>Dac\u0103 te afli \u00een Statele Unite, po\u021bi cump\u0103ra un bilet la un punct de v\u00e2nzare autorizat. Dac\u0103 e\u0219ti \u00een afara SUA, po\u021bi folosi site-ul LottoMat, care ofer\u0103 posibilitatea de achizi\u021bionare a biletelor. Pe scurt, Mega Millions poate fi jucat de <strong>oricine are acces la Internet \u0219i este adult<\/strong>, adic\u0103 are peste 18 ani. \u00cen prezent, juc\u0103tori din \u00eentreaga lume au privilegiul de a trimite un bilet pentru orice loterie cu un singur click, complet\u00e2nd c\u00e2te bilete doresc \u0219i de oriunde din lume. F\u0103r\u0103 cozi, f\u0103r\u0103 c\u0103utarea unui birou de loterie, lini\u0219tit, f\u0103r\u0103 stres \u0219i f\u0103r\u0103 graba de a alege numere. Pe site-ul LottoMat, ai oportunitatea nu doar s\u0103 joci Mega Millions, dar \u0219i s\u0103 afli despre tragerile la sor\u021bi, cum s\u0103 joci pentru a c\u00e2\u0219tiga \u0219i s\u0103 <a href=\"https:\/\/lottomat.com\/ro\/rezultate\/mega-millions\/\">verifici cele mai recente rezultate Mega Millions<\/a>.<\/p>\n<h2>Care sunt \u0219ansele tale de a c\u00e2\u0219tiga Mega Millions?<img loading=\"lazy\" decoding=\"async\" class=\"alignright wp-image-253256\" src=\"https:\/\/lottomat.com\/wp-content\/uploads\/2025\/10\/Mega-Millions-prizes.webp\" alt=\"Mega Millions premii\" width=\"200\" height=\"200\" srcset=\"https:\/\/lottomat.com\/wp-content\/uploads\/2025\/10\/Mega-Millions-prizes.webp 400w, https:\/\/lottomat.com\/wp-content\/uploads\/2025\/10\/Mega-Millions-prizes-300x300.webp 300w, https:\/\/lottomat.com\/wp-content\/uploads\/2025\/10\/Mega-Millions-prizes-150x150.webp 150w, https:\/\/lottomat.com\/wp-content\/uploads\/2025\/10\/Mega-Millions-prizes-100x100.webp 100w\" sizes=\"auto, (max-width: 200px) 100vw, 200px\" \/><\/h2>\n<p>\u0218ansele generale de a c\u00e2\u0219tiga orice premiu la Mega Millions sunt de <strong>1 la 23<\/strong> (\u00eembun\u0103t\u0103\u021bite de la 1 la 24 \u00een 2025). De\u0219i \u0219ansele pentru jackpot sunt astronomice, exist\u0103 mai multe niveluri de premii care ofer\u0103 probabilit\u0103\u021bi mai bune de a c\u00e2\u0219tiga sume mai mici. <strong>Aminte\u0219te-\u021bi:<\/strong> Fiecare extragere este aleatorie, iar fiecare combina\u021bie de numere are aceea\u0219i \u0219ans\u0103 de a fi selectat\u0103 ca oricare alta. Func\u021bia de multiplicator integrat\u0103 \u00een 2025 garanteaz\u0103 c\u0103 chiar \u0219i premiile non-jackpot pot fi considerabile, cu posibilitatea de a c\u00e2\u0219tiga p\u00e2n\u0103 la <strong>10 ori<\/strong> valoarea de baz\u0103. Cu jackpoturi care dep\u0103\u0219esc \u00een mod regulat sute de milioane \u0219i uneori ating pragul miliardului de dolari, Mega Millions continu\u0103 s\u0103 ofere juc\u0103torilor din \u00eentreaga lume visul \u00eembog\u0103\u021birii instantanee.<\/p>\n<h2>Tabel Premii &amp; \u0218anse Mega Millions<\/h2>\n","protected":false},"excerpt":{"rendered":"<p>Vrei s\u0103 c\u00e2\u0219tigi premiile \u0219i jackpoturile Mega Millions? Juc\u0103tori din \u00eentreaga lume se \u00eentreab\u0103 mereu cum s\u0103 descifreze sistemul jocurilor de numere, la ce loterie s\u0103 parieze, dac\u0103 s\u0103 joace combina\u021bii sau s\u0103 r\u0103m\u00e2n\u0103 consecven\u021bi doar cu un singur joc. Din p\u0103cate, nu exist\u0103 un r\u0103spuns unic \u0219i universal la aceast\u0103 \u00eentrebare. Fiecare juc\u0103tor experimentat [&hellip;]<\/p>\n","protected":false},"author":2,"featured_media":0,"parent":6914,"menu_order":2,"comment_status":"closed","ping_status":"closed","template":"megamillion-info.php","meta":{"_et_pb_use_builder":"","_et_pb_old_content":"","_et_gb_content_width":"","exclude_from_search":false,"footnotes":""},"class_list":["post-10564","page","type-page","status-publish","hentry"],"yoast_head":"<!-- This site is optimized with the Yoast SEO plugin v23.8 - https:\/\/yoast.com\/wordpress\/plugins\/seo\/ -->\n<title>Mega Millions Premii, Reguli &amp; Jackpot - LottoMat Rom\u00e2nia<\/title>\n<meta name=\"description\" content=\"Ai ocazia s\u0103 c\u00e2\u0219tigi Mega Millions premii \u0219i jackpotul. Mega Millions este o loterie incredibil\u0103 \u00een care jackpoturile cresc nebune\u0219te.\" \/>\n<meta name=\"robots\" content=\"index, follow, max-snippet:-1, max-image-preview:large, max-video-preview:-1\" \/>\n<link rel=\"canonical\" href=\"https:\/\/lottomat.com\/ro\/informatie\/mega-millions\/\" \/>\n<meta property=\"og:locale\" content=\"ro_RO\" \/>\n<meta property=\"og:type\" content=\"article\" \/>\n<meta property=\"og:title\" content=\"Mega Millions Premii, Reguli &amp; Jackpot - LottoMat Rom\u00e2nia\" \/>\n<meta property=\"og:description\" content=\"Ai ocazia s\u0103 c\u00e2\u0219tigi Mega Millions premii \u0219i jackpotul. Mega Millions este o loterie incredibil\u0103 \u00een care jackpoturile cresc nebune\u0219te.\" \/>\n<meta property=\"og:url\" content=\"https:\/\/lottomat.com\/ro\/informatie\/mega-millions\/\" \/>\n<meta property=\"og:site_name\" content=\"Lottomat\" \/>\n<meta property=\"article:modified_time\" content=\"2026-03-01T19:32:40+00:00\" \/>\n<meta property=\"og:image\" content=\"https:\/\/lottomat.com\/wp-content\/uploads\/2025\/10\/prizes-and-jackpot.webp\" \/>\n\t<meta property=\"og:image:width\" content=\"400\" \/>\n\t<meta property=\"og:image:height\" content=\"400\" \/>\n\t<meta property=\"og:image:type\" content=\"image\/webp\" \/>\n<meta name=\"twitter:card\" content=\"summary_large_image\" \/>\n<meta name=\"twitter:label1\" content=\"Timp estimat pentru citire\" \/>\n\t<meta name=\"twitter:data1\" content=\"7 minute\" \/>\n<script type=\"application\/ld+json\" class=\"yoast-schema-graph\">{\"@context\":\"https:\/\/schema.org\",\"@graph\":[{\"@type\":\"WebPage\",\"@id\":\"https:\/\/lottomat.com\/ro\/informatie\/mega-millions\/\",\"url\":\"https:\/\/lottomat.com\/ro\/informatie\/mega-millions\/\",\"name\":\"Mega Millions Premii, Reguli & Jackpot - LottoMat Rom\u00e2nia\",\"isPartOf\":{\"@id\":\"https:\/\/lottomat.com\/ro\/#website\"},\"primaryImageOfPage\":{\"@id\":\"https:\/\/lottomat.com\/ro\/informatie\/mega-millions\/#primaryimage\"},\"image\":{\"@id\":\"https:\/\/lottomat.com\/ro\/informatie\/mega-millions\/#primaryimage\"},\"thumbnailUrl\":\"https:\/\/lottomat.com\/wp-content\/uploads\/2025\/10\/prizes-and-jackpot.webp\",\"datePublished\":\"2025-03-26T13:41:46+00:00\",\"dateModified\":\"2026-03-01T19:32:40+00:00\",\"description\":\"Ai ocazia s\u0103 c\u00e2\u0219tigi Mega Millions premii \u0219i jackpotul. Mega Millions este o loterie incredibil\u0103 \u00een care jackpoturile cresc nebune\u0219te.\",\"breadcrumb\":{\"@id\":\"https:\/\/lottomat.com\/ro\/informatie\/mega-millions\/#breadcrumb\"},\"inLanguage\":\"ro-RO\",\"potentialAction\":[{\"@type\":\"ReadAction\",\"target\":[\"https:\/\/lottomat.com\/ro\/informatie\/mega-millions\/\"]}]},{\"@type\":\"ImageObject\",\"inLanguage\":\"ro-RO\",\"@id\":\"https:\/\/lottomat.com\/ro\/informatie\/mega-millions\/#primaryimage\",\"url\":\"https:\/\/lottomat.com\/wp-content\/uploads\/2025\/10\/prizes-and-jackpot.webp\",\"contentUrl\":\"https:\/\/lottomat.com\/wp-content\/uploads\/2025\/10\/prizes-and-jackpot.webp\"},{\"@type\":\"BreadcrumbList\",\"@id\":\"https:\/\/lottomat.com\/ro\/informatie\/mega-millions\/#breadcrumb\",\"itemListElement\":[{\"@type\":\"ListItem\",\"position\":1,\"name\":\"Home\",\"item\":\"https:\/\/lottomat.com\/ro\/\"},{\"@type\":\"ListItem\",\"position\":2,\"name\":\"Reguli Loterie: Premii, Jackpot \u0219i \u0218anse\",\"item\":\"https:\/\/lottomat.com\/ro\/informatie\/\"},{\"@type\":\"ListItem\",\"position\":3,\"name\":\"Mega Millions Premii, Reguli &#038; Jackpot\"}]},{\"@type\":\"WebSite\",\"@id\":\"https:\/\/lottomat.com\/ro\/#website\",\"url\":\"https:\/\/lottomat.com\/ro\/\",\"name\":\"Lottomat\",\"description\":\"\",\"potentialAction\":[{\"@type\":\"SearchAction\",\"target\":{\"@type\":\"EntryPoint\",\"urlTemplate\":\"https:\/\/lottomat.com\/ro\/?s={search_term_string}\"},\"query-input\":{\"@type\":\"PropertyValueSpecification\",\"valueRequired\":true,\"valueName\":\"search_term_string\"}}],\"inLanguage\":\"ro-RO\"}]}<\/script>\n<!-- \/ Yoast SEO plugin. -->","yoast_head_json":{"title":"Mega Millions Premii, Reguli & Jackpot - LottoMat Rom\u00e2nia","description":"Ai ocazia s\u0103 c\u00e2\u0219tigi Mega Millions premii \u0219i jackpotul. Mega Millions este o loterie incredibil\u0103 \u00een care jackpoturile cresc nebune\u0219te.","robots":{"index":"index","follow":"follow","max-snippet":"max-snippet:-1","max-image-preview":"max-image-preview:large","max-video-preview":"max-video-preview:-1"},"canonical":"https:\/\/lottomat.com\/ro\/informatie\/mega-millions\/","og_locale":"ro_RO","og_type":"article","og_title":"Mega Millions Premii, Reguli & Jackpot - LottoMat Rom\u00e2nia","og_description":"Ai ocazia s\u0103 c\u00e2\u0219tigi Mega Millions premii \u0219i jackpotul. Mega Millions este o loterie incredibil\u0103 \u00een care jackpoturile cresc nebune\u0219te.","og_url":"https:\/\/lottomat.com\/ro\/informatie\/mega-millions\/","og_site_name":"Lottomat","article_modified_time":"2026-03-01T19:32:40+00:00","og_image":[{"width":400,"height":400,"url":"https:\/\/lottomat.com\/wp-content\/uploads\/2025\/10\/prizes-and-jackpot.webp","type":"image\/webp"}],"twitter_card":"summary_large_image","twitter_misc":{"Timp estimat pentru citire":"7 minute"},"schema":{"@context":"https:\/\/schema.org","@graph":[{"@type":"WebPage","@id":"https:\/\/lottomat.com\/ro\/informatie\/mega-millions\/","url":"https:\/\/lottomat.com\/ro\/informatie\/mega-millions\/","name":"Mega Millions Premii, Reguli & Jackpot - LottoMat Rom\u00e2nia","isPartOf":{"@id":"https:\/\/lottomat.com\/ro\/#website"},"primaryImageOfPage":{"@id":"https:\/\/lottomat.com\/ro\/informatie\/mega-millions\/#primaryimage"},"image":{"@id":"https:\/\/lottomat.com\/ro\/informatie\/mega-millions\/#primaryimage"},"thumbnailUrl":"https:\/\/lottomat.com\/wp-content\/uploads\/2025\/10\/prizes-and-jackpot.webp","datePublished":"2025-03-26T13:41:46+00:00","dateModified":"2026-03-01T19:32:40+00:00","description":"Ai ocazia s\u0103 c\u00e2\u0219tigi Mega Millions premii \u0219i jackpotul. Mega Millions este o loterie incredibil\u0103 \u00een care jackpoturile cresc nebune\u0219te.","breadcrumb":{"@id":"https:\/\/lottomat.com\/ro\/informatie\/mega-millions\/#breadcrumb"},"inLanguage":"ro-RO","potentialAction":[{"@type":"ReadAction","target":["https:\/\/lottomat.com\/ro\/informatie\/mega-millions\/"]}]},{"@type":"ImageObject","inLanguage":"ro-RO","@id":"https:\/\/lottomat.com\/ro\/informatie\/mega-millions\/#primaryimage","url":"https:\/\/lottomat.com\/wp-content\/uploads\/2025\/10\/prizes-and-jackpot.webp","contentUrl":"https:\/\/lottomat.com\/wp-content\/uploads\/2025\/10\/prizes-and-jackpot.webp"},{"@type":"BreadcrumbList","@id":"https:\/\/lottomat.com\/ro\/informatie\/mega-millions\/#breadcrumb","itemListElement":[{"@type":"ListItem","position":1,"name":"Home","item":"https:\/\/lottomat.com\/ro\/"},{"@type":"ListItem","position":2,"name":"Reguli Loterie: Premii, Jackpot \u0219i \u0218anse","item":"https:\/\/lottomat.com\/ro\/informatie\/"},{"@type":"ListItem","position":3,"name":"Mega Millions Premii, Reguli &#038; Jackpot"}]},{"@type":"WebSite","@id":"https:\/\/lottomat.com\/ro\/#website","url":"https:\/\/lottomat.com\/ro\/","name":"Lottomat","description":"","potentialAction":[{"@type":"SearchAction","target":{"@type":"EntryPoint","urlTemplate":"https:\/\/lottomat.com\/ro\/?s={search_term_string}"},"query-input":{"@type":"PropertyValueSpecification","valueRequired":true,"valueName":"search_term_string"}}],"inLanguage":"ro-RO"}]}},"_links":{"self":[{"href":"https:\/\/lottomat.com\/ro\/wp-json\/wp\/v2\/pages\/10564","targetHints":{"allow":["GET"]}}],"collection":[{"href":"https:\/\/lottomat.com\/ro\/wp-json\/wp\/v2\/pages"}],"about":[{"href":"https:\/\/lottomat.com\/ro\/wp-json\/wp\/v2\/types\/page"}],"author":[{"embeddable":true,"href":"https:\/\/lottomat.com\/ro\/wp-json\/wp\/v2\/users\/2"}],"replies":[{"embeddable":true,"href":"https:\/\/lottomat.com\/ro\/wp-json\/wp\/v2\/comments?post=10564"}],"version-history":[{"count":6,"href":"https:\/\/lottomat.com\/ro\/wp-json\/wp\/v2\/pages\/10564\/revisions"}],"predecessor-version":[{"id":272275,"href":"https:\/\/lottomat.com\/ro\/wp-json\/wp\/v2\/pages\/10564\/revisions\/272275"}],"up":[{"embeddable":true,"href":"https:\/\/lottomat.com\/ro\/wp-json\/wp\/v2\/pages\/6914"}],"wp:attachment":[{"href":"https:\/\/lottomat.com\/ro\/wp-json\/wp\/v2\/media?parent=10564"}],"curies":[{"name":"wp","href":"https:\/\/api.w.org\/{rel}","templated":true}]}}